{"id":24045,"date":"2025-10-20T11:40:56","date_gmt":"2025-10-20T11:40:56","guid":{"rendered":"https:\/\/onderzoekschemicals.com\/?post_type=product&#038;p=24045"},"modified":"2025-11-28T06:39:30","modified_gmt":"2025-11-28T06:39:30","slug":"amt-25-mg-pellets","status":"publish","type":"product","link":"https:\/\/onderzoekschemicals.com\/fi\/shop\/amt\/amt-25-mg-pellets\/","title":{"rendered":"aMT 25 mg -pelletit"},"content":{"rendered":"<h3 data-start=\"5705\" data-end=\"5724\"><strong data-start=\"5709\" data-end=\"5724\">Johdanto<\/strong><\/h3>\n<p data-start=\"5726\" data-end=\"6029\"><strong data-start=\"5726\" data-end=\"5746\">aMT 25 mg -pelletit<\/strong> ovat <strong data-start=\"5752\" data-end=\"5799\">laboratoriolaatuisia tutkimusaineita<\/strong>, kehitetty <strong data-start=\"5817\" data-end=\"5861\">analyyttinen ja tieteellinen tutkimus<\/strong>.<br data-start=\"5862\" data-end=\"5865\" \/>Jokainen pelletti sis\u00e4lt\u00e4\u00e4 <strong data-start=\"5883\" data-end=\"5924\">25 milligrammaa \u03b1-metyylitryptamiinia (aMT)<\/strong> \u2013 tryptamiinianalogia tutkitaan parhaillaan <strong data-start=\"5984\" data-end=\"6026\">kemialliset ja rakenteelliset ominaisuudet<\/strong>aMT 25 mg -pelletit<\/p>\n<p data-start=\"6031\" data-end=\"6229\">Tuotettu <strong data-start=\"6050\" data-end=\"6091\">GLP-standardit (hyv\u00e4 laboratoriok\u00e4yt\u00e4nt\u00f6)<\/strong>n\u00e4m\u00e4 pelletit tarjoavat <strong data-start=\"6113\" data-end=\"6163\">tarkkuus, vakaus ja toistettavuus<\/strong>, ihanteellinen <strong data-start=\"6177\" data-end=\"6226\">kemialliset, analyyttiset ja reseptoritutkimukset<\/strong>.<\/p>\n<blockquote data-start=\"6231\" data-end=\"6369\">\n<p data-start=\"6233\" data-end=\"6369\">\u26a0\ufe0f <strong data-start=\"6236\" data-end=\"6247\">HUOM:<\/strong> T\u00e4m\u00e4 tuote on tarkoitettu ainoastaan <strong data-start=\"6288\" data-end=\"6313\">laboratoriotutkimus<\/strong>Ei sovellu ihmisten tai el\u00e4inten ravinnoksi.<\/p>\n<\/blockquote>\n<hr data-start=\"6371\" data-end=\"6374\" \/>\n<h3 data-start=\"6376\" data-end=\"6407\"><strong data-start=\"6380\" data-end=\"6407\">T\u00e4rkeimm\u00e4t ominaisuudet<\/strong><\/h3>\n<ul data-start=\"6409\" data-end=\"6891\">\n<li data-start=\"6409\" data-end=\"6486\">\n<p data-start=\"6411\" data-end=\"6486\"><strong data-start=\"6411\" data-end=\"6431\">Tarkka annostus:<\/strong> Jokainen pelletti sis\u00e4lt\u00e4\u00e4 <strong data-start=\"6450\" data-end=\"6483\">25 mg \u03b1-metyylitryptamiinia (aMT)<\/strong>.<\/p>\n<\/li>\n<li data-start=\"6487\" data-end=\"6577\">\n<p data-start=\"6489\" data-end=\"6577\"><strong data-start=\"6489\" data-end=\"6509\">Korkea puhtausaste:<\/strong> \u226599% analyysilaatua, testattu laboratorio-olosuhteissa.<\/p>\n<\/li>\n<li data-start=\"6578\" data-end=\"6670\">\n<p data-start=\"6580\" data-end=\"6670\"><strong data-start=\"6580\" data-end=\"6597\">Er\u00e4 testattu:<\/strong> Jokainen tuotantoer\u00e4 tarkastetaan puhtauden ja stabiilisuuden varalta.<\/p>\n<\/li>\n<li data-start=\"6671\" data-end=\"6753\">\n<p data-start=\"6673\" data-end=\"6753\"><strong data-start=\"6673\" data-end=\"6697\">Vakaa pelletin muoto:<\/strong> Pienempi kontaminaatioriski ja helppo k\u00e4sitell\u00e4.<\/p>\n<\/li>\n<li data-start=\"6754\" data-end=\"6822\">\n<p data-start=\"6756\" data-end=\"6822\"><strong data-start=\"6756\" data-end=\"6782\">Laboratoriolaatu:<\/strong> Valmistettu GLP-ohjeiden mukaisesti. aMT 25 mg -pelletit<\/p>\n<\/li>\n<li data-start=\"6823\" data-end=\"6891\">\n<p data-start=\"6825\" data-end=\"6891\"><strong data-start=\"6825\" data-end=\"6848\">Turvallinen pakkaus:<\/strong> Tiivistetty, ilmatiivis ja kosteutta kest\u00e4v\u00e4.<\/p>\n<\/li>\n<\/ul>\n<hr data-start=\"6893\" data-end=\"6896\" \/>\n<h3 data-start=\"6898\" data-end=\"6915\"><strong data-start=\"6902\" data-end=\"6915\">Edut<\/strong><\/h3>\n<ol data-start=\"6917\" data-end=\"7330\">\n<li data-start=\"6917\" data-end=\"7013\">\n<p data-start=\"6920\" data-end=\"7013\"><strong data-start=\"6920\" data-end=\"6955\">Jatkuvat tutkimustulokset:<\/strong> Luotettavaa ja toistettavaa dataa jokaisessa kokeessa.<\/p>\n<\/li>\n<li data-start=\"7014\" data-end=\"7101\">\n<p data-start=\"7017\" data-end=\"7101\"><strong data-start=\"7017\" data-end=\"7042\">Tarkka annostus:<\/strong> 25 mg pelletti\u00e4 kohden varmistaa tasaiset tutkimusolosuhteet.<\/p>\n<\/li>\n<li data-start=\"7102\" data-end=\"7173\">\n<p data-start=\"7105\" data-end=\"7173\"><strong data-start=\"7105\" data-end=\"7127\">Turvallinen k\u00e4sittely:<\/strong> Pellettimuoto v\u00e4hent\u00e4\u00e4 k\u00e4yt\u00f6n aikaisia riskej\u00e4.<\/p>\n<\/li>\n<li data-start=\"7174\" data-end=\"7249\">\n<p data-start=\"7177\" data-end=\"7249\"><strong data-start=\"7177\" data-end=\"7204\">Pitk\u00e4aikainen vakaus:<\/strong> S\u00e4ilyy kemiallisesti stabiilina asianmukaisesti s\u00e4ilytettyn\u00e4.<\/p>\n<\/li>\n<li data-start=\"7250\" data-end=\"7330\">\n<p data-start=\"7253\" data-end=\"7330\"><strong data-start=\"7253\" data-end=\"7281\">Ammattimainen laatu:<\/strong> T\u00e4ytt\u00e4\u00e4 kansainv\u00e4liset laboratoriostandardit.<\/p>\n<\/li>\n<\/ol>\n<hr data-start=\"7332\" data-end=\"7335\" \/>\n<h3 data-start=\"7337\" data-end=\"7376\"><strong data-start=\"7341\" data-end=\"7376\">K\u00e4ytt\u00f6 (vain tutkimusk\u00e4ytt\u00f6\u00f6n)<\/strong><\/h3>\n<ol data-start=\"7378\" data-end=\"7727\">\n<li data-start=\"7378\" data-end=\"7460\">\n<p data-start=\"7381\" data-end=\"7460\"><strong data-start=\"7381\" data-end=\"7411\">K\u00e4yt\u00e4 suojavaatteita<\/strong> kuten k\u00e4sineet, laboratoriotakki ja suojalasit.<\/p>\n<\/li>\n<li data-start=\"7461\" data-end=\"7536\">\n<p data-start=\"7464\" data-end=\"7536\"><strong data-start=\"7464\" data-end=\"7502\">K\u00e4yt\u00e4 kalibroituja instrumentteja<\/strong> tarkkaan mittaamiseen ja punnitsemiseen.<\/p>\n<\/li>\n<li data-start=\"7537\" data-end=\"7609\">\n<p data-start=\"7540\" data-end=\"7609\"><strong data-start=\"7540\" data-end=\"7579\">Ty\u00f6skentele kontrolloidussa ymp\u00e4rist\u00f6ss\u00e4<\/strong> saastumisen est\u00e4miseksi.<\/p>\n<\/li>\n<li data-start=\"7610\" data-end=\"7668\">\n<p data-start=\"7613\" data-end=\"7668\"><strong data-start=\"7613\" data-end=\"7643\">S\u00e4ilyt\u00e4 k\u00e4ytt\u00e4m\u00e4tt\u00f6m\u00e4t pelletit<\/strong> viile\u00e4, kuiva ja pime\u00e4.<\/p>\n<\/li>\n<li data-start=\"7669\" data-end=\"7727\">\n<p data-start=\"7672\" data-end=\"7727\"><strong data-start=\"7672\" data-end=\"7691\">Poista j\u00e4te<\/strong> turvallisuusm\u00e4\u00e4r\u00e4ysten mukaisesti.<\/p>\n<\/li>\n<\/ol>\n<blockquote data-start=\"7729\" data-end=\"7806\">\n<p data-start=\"7731\" data-end=\"7806\">\u2697\ufe0f <strong data-start=\"7734\" data-end=\"7806\">Vain laboratoriotesteihin \u2013 ei ihmisravinnoksi.<\/strong><\/p>\n<\/blockquote>\n<hr data-start=\"7808\" data-end=\"7811\" \/>\n<h3 data-start=\"7813\" data-end=\"7838\"><strong data-start=\"7817\" data-end=\"7838\">S\u00e4ilytysohjeet<\/strong><\/h3>\n<ul data-start=\"7840\" data-end=\"8046\">\n<li data-start=\"7840\" data-end=\"7908\">\n<p data-start=\"7842\" data-end=\"7908\">Tallenna osoitteessa <strong data-start=\"7853\" data-end=\"7864\">15\u201325 \u00b0C<\/strong>, p\u00e4\u00e4ll\u00e4 <strong data-start=\"7873\" data-end=\"7905\">viile\u00e4, kuiva, pime\u00e4 paikka<\/strong>.<\/p>\n<\/li>\n<li data-start=\"7909\" data-end=\"7952\">\n<p data-start=\"7911\" data-end=\"7952\">S\u00e4ilyt\u00e4 pakkaus <strong data-start=\"7930\" data-end=\"7949\">hyvin suljettu<\/strong>.<\/p>\n<\/li>\n<li data-start=\"7953\" data-end=\"8003\">\n<p data-start=\"7955\" data-end=\"8003\">V\u00e4lt\u00e4 kosketusta <strong data-start=\"7975\" data-end=\"8000\">valo, kosteus ja l\u00e4mp\u00f6<\/strong>.<\/p>\n<\/li>\n<li data-start=\"8004\" data-end=\"8046\">\n<p data-start=\"8006\" data-end=\"8046\">Pid\u00e4 poissa luvattomien henkil\u00f6iden ulottuvilta.<\/p>\n<\/li>\n<\/ul>\n<hr data-start=\"8048\" data-end=\"8051\" \/>\n<h3 data-start=\"8053\" data-end=\"8088\"><strong data-start=\"8057\" data-end=\"8088\">Usein kysytyt kysymykset (UKK)<\/strong><\/h3>\n<p data-start=\"8090\" data-end=\"8233\"><strong data-start=\"8090\" data-end=\"8130\">1. Mihin aMT 25mg:\u00e4\u00e4 k\u00e4ytet\u00e4\u00e4n?<\/strong><br data-start=\"8130\" data-end=\"8133\" \/>Sill\u00e4 <strong data-start=\"8138\" data-end=\"8182\">tieteellinen ja analyyttinen tutkimus<\/strong> tryptamiinianalogeihin ja reseptorivuorovaikutuksiin.<\/p>\n<p data-start=\"8235\" data-end=\"8404\"><strong data-start=\"8235\" data-end=\"8282\">2. Sopiiko t\u00e4m\u00e4 tuote nautittavaksi?<\/strong><br data-start=\"8282\" data-end=\"8285\" \/>Ei. <strong data-start=\"8290\" data-end=\"8310\">aMT 25 mg -pelletit<\/strong> ovat <strong data-start=\"8316\" data-end=\"8366\">tarkoitettu vain laboratoriotutkimukseen<\/strong> eik\u00e4 ihmisravinnoksi.<\/p>\n<p data-start=\"8406\" data-end=\"8551\"><strong data-start=\"8406\" data-end=\"8447\">3. Miten s\u00e4ilyt\u00e4n tuotteen oikein?<\/strong><br data-start=\"8447\" data-end=\"8450\" \/>Pid\u00e4 se <strong data-start=\"8468\" data-end=\"8514\">viile\u00e4, kuiva ja pime\u00e4 ymp\u00e4rist\u00f6 (15\u201325 \u00b0C)<\/strong> hyvin suljetussa astiassa.<\/p>\n<hr data-start=\"8553\" data-end=\"8556\" \/>\n<h3 data-start=\"8558\" data-end=\"8575\"><strong data-start=\"8562\" data-end=\"8575\">Johtop\u00e4\u00e4t\u00f6s<\/strong><\/h3>\n<p data-start=\"8577\" data-end=\"8809\"><strong data-start=\"8577\" data-end=\"8597\">aMT 25 mg -pelletit<\/strong> tarjous <strong data-start=\"8605\" data-end=\"8671\">tarkka annostelu, korkea puhtaus ja kemiallinen stabiilius<\/strong>, ihanteellinen ammattimaiseen analyyttiseen tutkimukseen. T\u00e4ydellinen laboratorioille, jotka k\u00e4sittelev\u00e4t <strong data-start=\"8771\" data-end=\"8806\">tryptamiiniin liittyvi\u00e4 tutkimuksia<\/strong>.<\/p>","protected":false},"excerpt":{"rendered":"<h3><span style=\"vertical-align: inherit;\"><span style=\"vertical-align: inherit;\">aMT-ominaisuudet<\/span><\/span><\/h3>\n<p><strong><span style=\"vertical-align: inherit;\"><span style=\"vertical-align: inherit;\">Synonyymi:<\/span><\/span><\/strong><span style=\"vertical-align: inherit;\"><span style=\"vertical-align: inherit;\"> alfa-metyylitryptamiini <\/span><\/span><br \/>\n<strong><span style=\"vertical-align: inherit;\"><span style=\"vertical-align: inherit;\">CAS-numero:<\/span><\/span><\/strong><span style=\"vertical-align: inherit;\"><span style=\"vertical-align: inherit;\"> 299-26-3 <\/span><\/span><br \/>\n<strong><span style=\"vertical-align: inherit;\"><span style=\"vertical-align: inherit;\">Kaava:<\/span><\/span><\/strong><span style=\"vertical-align: inherit;\"><span style=\"vertical-align: inherit;\"> C11H14N2 <\/span><\/span><br \/>\n<strong><span style=\"vertical-align: inherit;\"><span style=\"vertical-align: inherit;\">Moolimassa:<\/span><\/span><\/strong><span style=\"vertical-align: inherit;\"><span style=\"vertical-align: inherit;\"> 174,247 g mol\u22121 <\/span><\/span><br \/>\n<strong><span style=\"vertical-align: inherit;\"><span style=\"vertical-align: inherit;\">Puhtaus:<\/span><\/span><\/strong><span style=\"vertical-align: inherit;\"><span style=\"vertical-align: inherit;\"> &gt;98%<\/span><\/span><\/p>","protected":false},"featured_media":29289,"comment_status":"closed","ping_status":"closed","template":"","meta":[],"product_brand":[],"product_cat":[404,485,324,381],"product_tag":[1100,326],"class_list":{"0":"post-24045","1":"product","2":"type-product","3":"status-publish","4":"has-post-thumbnail","6":"product_cat-amt","7":"product_cat-amt-pellets","8":"product_cat-pellets-for-pellet","9":"product_cat-tryptamines","10":"product_tag-amt-25mg-pellets","11":"product_tag-nl","13":"first","14":"instock","15":"taxable","16":"shipping-taxable","17":"purchasable","18":"product-type-variable"},"_links":{"self":[{"href":"https:\/\/onderzoekschemicals.com\/fi\/wp-json\/wp\/v2\/product\/24045","targetHints":{"allow":["GET"]}}],"collection":[{"href":"https:\/\/onderzoekschemicals.com\/fi\/wp-json\/wp\/v2\/product"}],"about":[{"href":"https:\/\/onderzoekschemicals.com\/fi\/wp-json\/wp\/v2\/types\/product"}],"replies":[{"embeddable":true,"href":"https:\/\/onderzoekschemicals.com\/fi\/wp-json\/wp\/v2\/comments?post=24045"}],"version-history":[{"count":5,"href":"https:\/\/onderzoekschemicals.com\/fi\/wp-json\/wp\/v2\/product\/24045\/revisions"}],"predecessor-version":[{"id":27891,"href":"https:\/\/onderzoekschemicals.com\/fi\/wp-json\/wp\/v2\/product\/24045\/revisions\/27891"}],"wp:featuredmedia":[{"embeddable":true,"href":"https:\/\/onderzoekschemicals.com\/fi\/wp-json\/wp\/v2\/media\/29289"}],"wp:attachment":[{"href":"https:\/\/onderzoekschemicals.com\/fi\/wp-json\/wp\/v2\/media?parent=24045"}],"wp:term":[{"taxonomy":"product_brand","embeddable":true,"href":"https:\/\/onderzoekschemicals.com\/fi\/wp-json\/wp\/v2\/product_brand?post=24045"},{"taxonomy":"product_cat","embeddable":true,"href":"https:\/\/onderzoekschemicals.com\/fi\/wp-json\/wp\/v2\/product_cat?post=24045"},{"taxonomy":"product_tag","embeddable":true,"href":"https:\/\/onderzoekschemicals.com\/fi\/wp-json\/wp\/v2\/product_tag?post=24045"}],"curies":[{"name":"wp","href":"https:\/\/api.w.org\/{rel}","templated":true}]}}