{"id":23878,"date":"2025-04-13T17:40:36","date_gmt":"2025-04-13T17:40:36","guid":{"rendered":"https:\/\/onderzoekschemicals.com\/?post_type=product&#038;p=23878"},"modified":"2025-11-28T07:28:30","modified_gmt":"2025-11-28T07:28:30","slug":"hxe-hydroxetamine","status":"publish","type":"product","link":"https:\/\/onderzoekschemicals.com\/fi\/shop\/arylcyclohexylamine\/hxe-hydroxetamine\/","title":{"rendered":"HXE (hydroksetamiini)"},"content":{"rendered":"<p data-start=\"6163\" data-end=\"6541\"><strong data-start=\"6163\" data-end=\"6186\">HXE (hydroksetamiini)<\/strong>, joka tunnetaan my\u00f6s nimell\u00e4 <strong data-start=\"6203\" data-end=\"6226\">3-hydroksi-2-okso-PCE<\/strong>, on <strong data-start=\"6235\" data-end=\"6293\">dissociatieve onderzoeksstof van analytische kwaliteit<\/strong> joka kuuluu <strong data-start=\"6313\" data-end=\"6342\">aryylisykloheksyyliamiiniluokka<\/strong>. HXE<br data-start=\"6343\" data-end=\"6346\" \/>Se on rakenteellisesti sukua <strong data-start=\"6377\" data-end=\"6386\">O-PCE<\/strong> ja <strong data-start=\"6390\" data-end=\"6402\">ketamiini<\/strong>, maar onderscheidt zich door een <strong data-start=\"6436\" data-end=\"6468\">hydroxygroep op de 3-positie<\/strong>, wat invloed heeft op zijn chemische eigenschappen en bindingsprofiel.<\/p>\n<p data-start=\"6543\" data-end=\"6821\">HXE wordt gebruikt in <strong data-start=\"6565\" data-end=\"6620\">forensisch, analytisch en receptorbindingsonderzoek<\/strong>, met name bij de studie van <strong data-start=\"6649\" data-end=\"6681\">arylcyclohexylamine-analogen<\/strong>.<br data-start=\"6682\" data-end=\"6685\" \/>Tuotettu <strong data-start=\"6704\" data-end=\"6738\">Hyv\u00e4 laboratoriok\u00e4yt\u00e4nt\u00f6 (GLP)<\/strong>, garandeert het een <strong data-start=\"6759\" data-end=\"6782\">puhtaus \u226599%<\/strong> ja johdonmukaisia tutkimustuloksia.<\/p>\n<blockquote data-start=\"6823\" data-end=\"6967\">\n<p data-start=\"6825\" data-end=\"6967\">\u26a0\ufe0f <strong data-start=\"6828\" data-end=\"6839\">HUOM:<\/strong> T\u00e4m\u00e4 tuote on <strong data-start=\"6855\" data-end=\"6905\">tarkoitettu vain laboratoriotutkimukseen<\/strong> ja <strong data-start=\"6909\" data-end=\"6966\">ei sovellu ihmis- tai el\u00e4inravinnoksi<\/strong>.<\/p>\n<\/blockquote>\n<hr data-start=\"6969\" data-end=\"6972\" \/>\n<h3 data-start=\"6974\" data-end=\"7005\"><strong data-start=\"6978\" data-end=\"7005\">T\u00e4rkeimm\u00e4t ominaisuudet<\/strong><\/h3>\n<ul data-start=\"7007\" data-end=\"7510\">\n<li data-start=\"7007\" data-end=\"7108\">\n<p data-start=\"7009\" data-end=\"7108\"><strong data-start=\"7009\" data-end=\"7041\">Korkea analyyttinen puhtaus:<\/strong> \u226599%, getest via chromatografische en spectroscopische methoden.<\/p>\n<\/li>\n<li data-start=\"7109\" data-end=\"7189\">\n<p data-start=\"7111\" data-end=\"7189\"><strong data-start=\"7111\" data-end=\"7144\">Arylcyclohexylamine-derivaat:<\/strong> Structureel verwant aan ketamine en O-PCE.<\/p>\n<\/li>\n<li data-start=\"7190\" data-end=\"7256\">\n<p data-start=\"7192\" data-end=\"7256\"><strong data-start=\"7192\" data-end=\"7213\">Kemiallisesti stabiili:<\/strong> Vastustuskykyinen hajoamiselle asianmukaisesti varastoituna.<\/p>\n<\/li>\n<li data-start=\"7257\" data-end=\"7342\">\n<p data-start=\"7259\" data-end=\"7342\"><strong data-start=\"7259\" data-end=\"7277\">GLP-tuotanto:<\/strong> Tuotettu standardin mukaisesti <strong data-start=\"7299\" data-end=\"7327\">Hyv\u00e4 laboratoriok\u00e4yt\u00e4nt\u00f6<\/strong>-ohjeet.<\/p>\n<\/li>\n<li data-start=\"7343\" data-end=\"7432\">\n<p data-start=\"7345\" data-end=\"7432\"><strong data-start=\"7345\" data-end=\"7362\">Er\u00e4 testattu:<\/strong> Jokainen er\u00e4 tarkastettiin identiteetin, puhtauden ja koostumuksen osalta.<\/p>\n<\/li>\n<li data-start=\"7433\" data-end=\"7510\">\n<p data-start=\"7435\" data-end=\"7510\"><strong data-start=\"7435\" data-end=\"7458\">Turvallinen pakkaus:<\/strong> Ilmatiivis ja sinet\u00f6ity laadun s\u00e4ilytt\u00e4miseksi.<\/p>\n<\/li>\n<\/ul>\n<hr data-start=\"7512\" data-end=\"7515\" \/>\n<h3 data-start=\"7517\" data-end=\"7534\"><strong data-start=\"7521\" data-end=\"7534\">Edut<\/strong><\/h3>\n<ol data-start=\"7536\" data-end=\"7981\">\n<li data-start=\"7536\" data-end=\"7623\">\n<p data-start=\"7539\" data-end=\"7623\"><strong data-start=\"7539\" data-end=\"7576\">Luotettavat tutkimustulokset:<\/strong> Hoge zuiverheid zorgt voor nauwkeurige data.<\/p>\n<\/li>\n<li data-start=\"7624\" data-end=\"7719\">\n<p data-start=\"7627\" data-end=\"7719\"><strong data-start=\"7627\" data-end=\"7647\">Laajasti sovellettavissa:<\/strong> Sopii <strong data-start=\"7662\" data-end=\"7716\">kromatografia, spektroskopia ja reseptoritutkimus<\/strong>.<\/p>\n<\/li>\n<li data-start=\"7720\" data-end=\"7800\">\n<p data-start=\"7723\" data-end=\"7800\"><strong data-start=\"7723\" data-end=\"7750\">Pitk\u00e4aikainen vakaus:<\/strong> Oikein s\u00e4ilytettyn\u00e4 kest\u00e4\u00e4 valoa ja kosteutta.<\/p>\n<\/li>\n<li data-start=\"7801\" data-end=\"7895\">\n<p data-start=\"7804\" data-end=\"7895\"><strong data-start=\"7804\" data-end=\"7833\">Forensische toepassingen:<\/strong> Wordt gebruikt bij <strong data-start=\"7853\" data-end=\"7892\">toxicologisch en chemisch onderzoek<\/strong>.<\/p>\n<\/li>\n<li data-start=\"7896\" data-end=\"7981\">\n<p data-start=\"7899\" data-end=\"7981\"><strong data-start=\"7899\" data-end=\"7927\">Ammattimainen laatu:<\/strong> Ontworpen voor gebruik in geavanceerde laboratoria.<\/p>\n<\/li>\n<\/ol>\n<hr data-start=\"7983\" data-end=\"7986\" \/>\n<h3 data-start=\"7988\" data-end=\"8027\"><strong data-start=\"7992\" data-end=\"8027\">K\u00e4ytt\u00f6 (vain tutkimusk\u00e4ytt\u00f6\u00f6n)<\/strong><\/h3>\n<ol data-start=\"8029\" data-end=\"8437\">\n<li data-start=\"8029\" data-end=\"8116\">\n<p data-start=\"8032\" data-end=\"8116\"><strong data-start=\"8032\" data-end=\"8063\">K\u00e4yt\u00e4 suojavaatetusta:<\/strong> K\u00e4sineet, suojalasit ja laboratoriotakki vaaditaan.<\/p>\n<\/li>\n<li data-start=\"8117\" data-end=\"8205\">\n<p data-start=\"8120\" data-end=\"8205\"><strong data-start=\"8120\" data-end=\"8156\">Ty\u00f6skentele kontrolloidussa ymp\u00e4rist\u00f6ss\u00e4:<\/strong> Bijvoorbeeld in zuurkast of steriele werkbank.<\/p>\n<\/li>\n<li data-start=\"8206\" data-end=\"8265\">\n<p data-start=\"8209\" data-end=\"8265\"><strong data-start=\"8209\" data-end=\"8229\">Mittaa tarkasti:<\/strong> Gebruik gekalibreerde apparatuur.<\/p>\n<\/li>\n<li data-start=\"8266\" data-end=\"8345\">\n<p data-start=\"8269\" data-end=\"8345\"><strong data-start=\"8269\" data-end=\"8296\">Huomaa er\u00e4n tiedot:<\/strong> Registreer batchnummer en onderzoekscondities.<\/p>\n<\/li>\n<li data-start=\"8346\" data-end=\"8437\">\n<p data-start=\"8349\" data-end=\"8437\"><strong data-start=\"8349\" data-end=\"8382\">H\u00e4vit\u00e4 j\u00e4te turvallisesti:<\/strong> Noudata laboratorion turvallisuusohjeita.<\/p>\n<\/li>\n<\/ol>\n<blockquote data-start=\"8439\" data-end=\"8524\">\n<p data-start=\"8441\" data-end=\"8524\">\u2697\ufe0f <strong data-start=\"8444\" data-end=\"8524\">Vain laboratoriotesteihin \u2013 ei ihmisravinnoksi.<\/strong><\/p>\n<\/blockquote>\n<hr data-start=\"8526\" data-end=\"8529\" \/>\n<h3 data-start=\"8531\" data-end=\"8556\"><strong data-start=\"8535\" data-end=\"8556\">S\u00e4ilytysohjeet<\/strong><\/h3>\n<ul data-start=\"8558\" data-end=\"8769\">\n<li data-start=\"8558\" data-end=\"8626\">\n<p data-start=\"8560\" data-end=\"8626\">Tallenna osoitteessa <strong data-start=\"8571\" data-end=\"8580\">2\u20138 \u00b0C<\/strong>, p\u00e4\u00e4ll\u00e4 <strong data-start=\"8589\" data-end=\"8623\">viile\u00e4ss\u00e4, kuivassa ja pime\u00e4ss\u00e4 paikassa<\/strong>.<\/p>\n<\/li>\n<li data-start=\"8627\" data-end=\"8663\">\n<p data-start=\"8629\" data-end=\"8663\">Pid\u00e4 pakkaus tiiviisti suljettuna.<\/p>\n<\/li>\n<li data-start=\"8664\" data-end=\"8709\">\n<p data-start=\"8666\" data-end=\"8709\">Suojaudu vastaan <strong data-start=\"8681\" data-end=\"8706\">valo, kosteus ja l\u00e4mp\u00f6<\/strong>.<\/p>\n<\/li>\n<li data-start=\"8710\" data-end=\"8769\">\n<p data-start=\"8712\" data-end=\"8769\">Vain valtuutetun laboratoriohenkil\u00f6kunnan k\u00e4ytett\u00e4viss\u00e4.<\/p>\n<\/li>\n<\/ul>\n<hr data-start=\"8771\" data-end=\"8774\" \/>\n<h3 data-start=\"8776\" data-end=\"8811\"><strong data-start=\"8780\" data-end=\"8811\">Usein kysytyt kysymykset (UKK)<\/strong><\/h3>\n<p data-start=\"8813\" data-end=\"9027\"><strong data-start=\"8813\" data-end=\"8864\">1. Waarvoor wordt HXE (Hydroxetamine) gebruikt?<\/strong><br data-start=\"8864\" data-end=\"8867\" \/>HXE wordt gebruikt voor <strong data-start=\"8891\" data-end=\"8929\">analyyttinen ja rikostekninen tutkimus<\/strong>, erityisesti <strong data-start=\"8943\" data-end=\"8987\">receptorbindings- en structurele studies<\/strong> van arylcyclohexylamine-verbindingen.<\/p>\n<p data-start=\"9029\" data-end=\"9233\"><strong data-start=\"9029\" data-end=\"9079\">2. Is HXE geschikt voor menselijke consumptie?<\/strong><br data-start=\"9079\" data-end=\"9082\" \/>Ei. <strong data-start=\"9087\" data-end=\"9110\">HXE (hydroksetamiini)<\/strong> on <strong data-start=\"9114\" data-end=\"9169\">tarkoitettu yksinomaan tieteelliseen tutkimukseen<\/strong> ja <strong data-start=\"9173\" data-end=\"9230\">ei sovellu ihmis- tai el\u00e4inravinnoksi<\/strong>.<\/p>\n<p data-start=\"9235\" data-end=\"9410\"><strong data-start=\"9235\" data-end=\"9270\">3. Hoe moet HXE worden bewaard?<\/strong><br data-start=\"9270\" data-end=\"9273\" \/>S\u00e4\u00e4st\u00e4 rahaa <strong data-start=\"9287\" data-end=\"9329\">viile\u00e4ss\u00e4, kuivassa ja pime\u00e4ss\u00e4 paikassa (2\u20138 \u00b0C)<\/strong> a:ssa <strong data-start=\"9337\" data-end=\"9363\">ilmatiivis pakkaus<\/strong> om de stabiliteit en zuiverheid te behouden.<\/p>\n<hr data-start=\"9412\" data-end=\"9415\" \/>\n<h3 data-start=\"9417\" data-end=\"9434\"><strong data-start=\"9421\" data-end=\"9434\">Johtop\u00e4\u00e4t\u00f6s<\/strong><\/h3>\n<p data-start=\"9436\" data-end=\"9714\"><strong data-start=\"9436\" data-end=\"9459\">HXE (hydroksetamiini)<\/strong> on <strong data-start=\"9467\" data-end=\"9511\">korkealaatuista, analyyttist\u00e4 tutkimusmateriaalia<\/strong> erinomaisella <strong data-start=\"9528\" data-end=\"9578\">stabiilius, puhtaus ja toistettavuus<\/strong>.<br data-start=\"9579\" data-end=\"9582\" \/>Se on ihanteellinen valinta laboratorioille, jotka keskittyv\u00e4t <strong data-start=\"9642\" data-end=\"9711\">arylcyclohexylamine-analyse, toxicologie en structureel onderzoek<\/strong>.<\/p>","protected":false},"excerpt":{"rendered":"<h3><span style=\"vertical-align: inherit;\"><span style=\"vertical-align: inherit;\"><span dir=\"auto\" style=\"vertical-align: inherit;\"><span dir=\"auto\" style=\"vertical-align: inherit;\">HXE-ominaisuudet<\/span><\/span><\/span><\/span><\/h3>\n<p><strong><span style=\"vertical-align: inherit;\"><span style=\"vertical-align: inherit;\"><span dir=\"auto\" style=\"vertical-align: inherit;\"><span dir=\"auto\" style=\"vertical-align: inherit;\">Synonyymi: <\/span><\/span><\/span><\/span><\/strong> <b><span style=\"vertical-align: inherit;\"><span style=\"vertical-align: inherit;\"><span dir=\"auto\" style=\"vertical-align: inherit;\"><span dir=\"auto\" style=\"vertical-align: inherit;\">3\u2032-hydroksi-2-okso-PCE<\/span><\/span><\/span><\/span><\/b><span style=\"vertical-align: inherit;\"><span style=\"vertical-align: inherit;\"><span dir=\"auto\" style=\"vertical-align: inherit;\"><span dir=\"auto\" style=\"vertical-align: inherit;\"> , <\/span><\/span><\/span><\/span><b><span style=\"vertical-align: inherit;\"><span style=\"vertical-align: inherit;\"><span dir=\"auto\" style=\"vertical-align: inherit;\"><span dir=\"auto\" style=\"vertical-align: inherit;\">O-desmetyylimetoksetamiini<\/span><\/span><\/span><\/span><\/b><span style=\"vertical-align: inherit;\"><span style=\"vertical-align: inherit;\"><span dir=\"auto\" style=\"vertical-align: inherit;\"><span dir=\"auto\" style=\"vertical-align: inherit;\"> , <\/span><\/span><\/span><\/span><b><span style=\"vertical-align: inherit;\"><span style=\"vertical-align: inherit;\"><span dir=\"auto\" style=\"vertical-align: inherit;\"><span dir=\"auto\" style=\"vertical-align: inherit;\">HXE <\/span><\/span><\/span><\/span><\/b><br \/>\n<strong><span style=\"vertical-align: inherit;\"><span style=\"vertical-align: inherit;\"><span dir=\"auto\" style=\"vertical-align: inherit;\"><span dir=\"auto\" style=\"vertical-align: inherit;\">CAS-numero:<\/span><\/span><\/span><\/span><\/strong><span style=\"vertical-align: inherit;\"><span style=\"vertical-align: inherit;\"><span dir=\"auto\" style=\"vertical-align: inherit;\"><span dir=\"auto\" style=\"vertical-align: inherit;\"> 1620054-73-0 <\/span><\/span><\/span><\/span><br \/>\n<strong><span style=\"vertical-align: inherit;\"><span style=\"vertical-align: inherit;\"><span dir=\"auto\" style=\"vertical-align: inherit;\"><span dir=\"auto\" style=\"vertical-align: inherit;\">Kaava:<\/span><\/span><\/span><\/span><\/strong><span style=\"vertical-align: inherit;\"><span style=\"vertical-align: inherit;\"><span dir=\"auto\" style=\"vertical-align: inherit;\"><span dir=\"auto\" style=\"vertical-align: inherit;\"> C14H19NO2 <\/span><\/span><\/span><\/span><br \/>\n<strong><span style=\"vertical-align: inherit;\"><span style=\"vertical-align: inherit;\"><span dir=\"auto\" style=\"vertical-align: inherit;\"><span dir=\"auto\" style=\"vertical-align: inherit;\">Moolimassa:<\/span><\/span><\/span><\/span><\/strong><span style=\"vertical-align: inherit;\"><span style=\"vertical-align: inherit;\"><span dir=\"auto\" style=\"vertical-align: inherit;\"><span dir=\"auto\" style=\"vertical-align: inherit;\"> 233,311 g mol\u22121 <\/span><\/span><\/span><\/span><br \/>\n<strong><span style=\"vertical-align: inherit;\"><span style=\"vertical-align: inherit;\"><span dir=\"auto\" style=\"vertical-align: inherit;\"><span dir=\"auto\" style=\"vertical-align: inherit;\">Puhtaus:<\/span><\/span><\/span><\/span><\/strong><span style=\"vertical-align: inherit;\"><span style=\"vertical-align: inherit;\"><span dir=\"auto\" style=\"vertical-align: inherit;\"><span dir=\"auto\" style=\"vertical-align: inherit;\"> &gt;99%<\/span><\/span><\/span><\/span><\/p>","protected":false},"featured_media":29354,"comment_status":"closed","ping_status":"closed","template":"","meta":[],"product_brand":[],"product_cat":[71,492],"product_tag":[287,326],"class_list":{"0":"post-23878","1":"product","2":"type-product","3":"status-publish","4":"has-post-thumbnail","6":"product_cat-arylcyclohexylamine","7":"product_cat-hxe","8":"product_tag-hxe","9":"product_tag-nl","11":"first","12":"instock","13":"taxable","14":"shipping-taxable","15":"purchasable","16":"product-type-variable"},"_links":{"self":[{"href":"https:\/\/onderzoekschemicals.com\/fi\/wp-json\/wp\/v2\/product\/23878","targetHints":{"allow":["GET"]}}],"collection":[{"href":"https:\/\/onderzoekschemicals.com\/fi\/wp-json\/wp\/v2\/product"}],"about":[{"href":"https:\/\/onderzoekschemicals.com\/fi\/wp-json\/wp\/v2\/types\/product"}],"replies":[{"embeddable":true,"href":"https:\/\/onderzoekschemicals.com\/fi\/wp-json\/wp\/v2\/comments?post=23878"}],"version-history":[{"count":5,"href":"https:\/\/onderzoekschemicals.com\/fi\/wp-json\/wp\/v2\/product\/23878\/revisions"}],"predecessor-version":[{"id":27929,"href":"https:\/\/onderzoekschemicals.com\/fi\/wp-json\/wp\/v2\/product\/23878\/revisions\/27929"}],"wp:featuredmedia":[{"embeddable":true,"href":"https:\/\/onderzoekschemicals.com\/fi\/wp-json\/wp\/v2\/media\/29354"}],"wp:attachment":[{"href":"https:\/\/onderzoekschemicals.com\/fi\/wp-json\/wp\/v2\/media?parent=23878"}],"wp:term":[{"taxonomy":"product_brand","embeddable":true,"href":"https:\/\/onderzoekschemicals.com\/fi\/wp-json\/wp\/v2\/product_brand?post=23878"},{"taxonomy":"product_cat","embeddable":true,"href":"https:\/\/onderzoekschemicals.com\/fi\/wp-json\/wp\/v2\/product_cat?post=23878"},{"taxonomy":"product_tag","embeddable":true,"href":"https:\/\/onderzoekschemicals.com\/fi\/wp-json\/wp\/v2\/product_tag?post=23878"}],"curies":[{"name":"wp","href":"https:\/\/api.w.org\/{rel}","templated":true}]}}