{"id":23476,"date":"2025-04-13T17:39:49","date_gmt":"2025-04-13T17:39:49","guid":{"rendered":"https:\/\/onderzoekschemicals.com\/?post_type=product&#038;p=23476"},"modified":"2025-10-19T20:43:31","modified_gmt":"2025-10-19T20:43:31","slug":"4-ho-mpt-fumarate","status":"publish","type":"product","link":"https:\/\/onderzoekschemicals.com\/fi\/shop\/4-ho-mpt\/4-ho-mpt-fumarate\/","title":{"rendered":"4-HO-MPT-fumaraatti"},"content":{"rendered":"<h1><strong><span dir=\"auto\" style=\"vertical-align: inherit;\"><span dir=\"auto\" style=\"vertical-align: inherit;\">4-HO-MPT-fumaraatti \u2013 korkealaatuinen tutkimuskemikaali edistyneisiin tutkimuksiin<\/span><\/span><\/strong><\/h1>\n<p data-start=\"4191\" data-end=\"4388\"><strong data-start=\"4191\" data-end=\"4252\">4-HO-MPT-fumaraatti (4-hydroksi-N-metyyli-N-propyylitryptamiini)<\/strong> on <strong data-start=\"4260\" data-end=\"4302\">eritt\u00e4in puhdasta tutkimusyhdistett\u00e4<\/strong>, kehitetty <strong data-start=\"4320\" data-end=\"4385\">neurotieteellinen, farmakologinen ja analyyttinen tutkimus<\/strong>4-ho-mpt-fumaraatti<\/p>\n<p data-start=\"4390\" data-end=\"4735\">Jos <strong data-start=\"4394\" data-end=\"4431\">hydroksyylisubstituoitu analogi<\/strong> kirjoittanut <strong data-start=\"4436\" data-end=\"4443\">MPT<\/strong>, 4-HO-MPT kuuluu <strong data-start=\"4469\" data-end=\"4505\">4-hydroksitryptamiiniluokka (4-H2O)<\/strong> ja on l\u00e4heist\u00e4 sukua yhdisteille, kuten <strong data-start=\"4552\" data-end=\"4576\">4-HO-DMT (psilosiini)<\/strong>On t\u00e4rke\u00e4\u00e4 tutkia <strong data-start=\"4616\" data-end=\"4658\">serotoniinireseptorit (5-HT1A, 5-HT2A)<\/strong> ja <strong data-start=\"4662\" data-end=\"4704\">rakenne-aktiivisuussuhteet (SAR)<\/strong> tryptamiinien perheess\u00e4.<\/p>\n<p data-start=\"4737\" data-end=\"4924\">The <strong data-start=\"4740\" data-end=\"4760\">fumaraattisuolamuoto<\/strong> tarjoukset <strong data-start=\"4767\" data-end=\"4825\">erinomainen stabiilius, liukoisuus ja s\u00e4ilyvyysaika<\/strong>, mik\u00e4 tekee t\u00e4st\u00e4 tuotteesta ihanteellisen pitk\u00e4aikaiseen k\u00e4ytt\u00f6\u00f6n kontrolloiduissa laboratorioymp\u00e4rist\u00f6iss\u00e4.<\/p>\n<blockquote data-start=\"4926\" data-end=\"5077\">\n<p data-start=\"4928\" data-end=\"5077\">\u26a0\ufe0f <strong data-start=\"4931\" data-end=\"4942\">HUOM:<\/strong> T\u00e4m\u00e4 tuote on <strong data-start=\"4958\" data-end=\"5013\">tarkoitettu yksinomaan tieteelliseen tutkimukseen<\/strong> ja <strong data-start=\"5017\" data-end=\"5074\">ei sovellu ihmis- tai el\u00e4inravinnoksi<\/strong>.<\/p>\n<\/blockquote>\n<hr data-start=\"5079\" data-end=\"5082\" \/>\n<h3 data-start=\"5084\" data-end=\"5115\"><strong data-start=\"5088\" data-end=\"5115\">T\u00e4rkeimm\u00e4t ominaisuudet<\/strong><\/h3>\n<ul data-start=\"5116\" data-end=\"5510\">\n<li data-start=\"5116\" data-end=\"5180\">\n<p data-start=\"5118\" data-end=\"5180\"><strong data-start=\"5118\" data-end=\"5144\">Korkea puhtausaste (\u226599%)<\/strong> \u2013 Analysoitu HPLC:ll\u00e4 ja GC-MS:ll\u00e4.<\/p>\n<\/li>\n<li data-start=\"5181\" data-end=\"5254\">\n<p data-start=\"5183\" data-end=\"5254\"><strong data-start=\"5183\" data-end=\"5212\">Stabiili fumaraattisuolamuoto<\/strong> \u2013 Lis\u00e4\u00e4 s\u00e4ilyvyytt\u00e4 ja vakautta.<\/p>\n<\/li>\n<li data-start=\"5255\" data-end=\"5342\">\n<p data-start=\"5257\" data-end=\"5342\"><strong data-start=\"5257\" data-end=\"5296\">Farmakologisen tutkimuksen standardi<\/strong> \u2013 Sopii reseptori- ja SAR-tutkimukseen.<\/p>\n<\/li>\n<li data-start=\"5343\" data-end=\"5421\">\n<p data-start=\"5345\" data-end=\"5421\"><strong data-start=\"5345\" data-end=\"5370\">Tasainen laatu<\/strong> \u2013 Valmistettu GMP:n kaltaisissa olosuhteissa.<\/p>\n<\/li>\n<li data-start=\"5422\" data-end=\"5510\">\n<p data-start=\"5424\" data-end=\"5510\"><strong data-start=\"5424\" data-end=\"5446\">Turvallinen pakkaus<\/strong> \u2013 Ilmatiivis ja valonkest\u00e4v\u00e4 pakattu maksimaalisen suojan takaamiseksi.<\/p>\n<\/li>\n<\/ul>\n<hr data-start=\"5512\" data-end=\"5515\" \/>\n<h3 data-start=\"5517\" data-end=\"5534\"><strong data-start=\"5521\" data-end=\"5534\">Edut<\/strong><\/h3>\n<ul data-start=\"5535\" data-end=\"5830\">\n<li data-start=\"5535\" data-end=\"5615\">\n<p data-start=\"5537\" data-end=\"5615\">Tukee <strong data-start=\"5549\" data-end=\"5612\">serotoniinireseptorien ja tryptamiinianalogien tutkimus<\/strong>.<\/p>\n<\/li>\n<li data-start=\"5616\" data-end=\"5691\">\n<p data-start=\"5618\" data-end=\"5691\"><strong data-start=\"5618\" data-end=\"5663\">Tarkat ja toistettavat tulokset<\/strong> laboratoriotutkimuksessa.<\/p>\n<\/li>\n<li data-start=\"5692\" data-end=\"5758\">\n<p data-start=\"5694\" data-end=\"5758\"><strong data-start=\"5694\" data-end=\"5733\">Parempi stabiilius ja liukoisuus<\/strong> kuin vapaa em\u00e4smuoto.<\/p>\n<\/li>\n<li data-start=\"5759\" data-end=\"5830\">\n<p data-start=\"5761\" data-end=\"5830\">Ihanteellinen <strong data-start=\"5773\" data-end=\"5827\">akateeminen, farmakologinen ja analyyttinen tutkimus<\/strong>.<\/p>\n<\/li>\n<\/ul>\n<hr data-start=\"5832\" data-end=\"5835\" \/>\n<h3 data-start=\"5837\" data-end=\"5852\"><strong data-start=\"5841\" data-end=\"5852\">K\u00e4ytt\u00f6<\/strong><\/h3>\n<ul data-start=\"5853\" data-end=\"6124\">\n<li data-start=\"5853\" data-end=\"5923\">\n<p data-start=\"5855\" data-end=\"5923\">Vain k\u00e4ytett\u00e4v\u00e4ksi <strong data-start=\"5880\" data-end=\"5920\">p\u00e4tev\u00e4 laboratoriohenkil\u00f6kunta<\/strong>.<\/p>\n<\/li>\n<li data-start=\"5924\" data-end=\"6000\">\n<p data-start=\"5926\" data-end=\"6000\">K\u00e4yt\u00e4 sopivia <strong data-start=\"5944\" data-end=\"5968\">suojavarusteet<\/strong> (k\u00e4sineet, suojalasit, laboratoriotakki).<\/p>\n<\/li>\n<li data-start=\"6001\" data-end=\"6065\">\n<p data-start=\"6003\" data-end=\"6065\">S\u00e4\u00e4st\u00e4 rahaa <strong data-start=\"6018\" data-end=\"6052\">viile\u00e4ss\u00e4, kuivassa ja pime\u00e4ss\u00e4 paikassa<\/strong> (15\u201325 \u00b0C).<\/p>\n<\/li>\n<li data-start=\"6066\" data-end=\"6124\">\n<p data-start=\"6068\" data-end=\"6124\">Ei sovellu ihmisten tai el\u00e4inten ravinnoksi.<\/p>\n<\/li>\n<\/ul>\n<hr data-start=\"6126\" data-end=\"6129\" \/>\n<h3 data-start=\"6131\" data-end=\"6166\"><strong data-start=\"6135\" data-end=\"6166\">Usein kysytyt kysymykset (UKK)<\/strong><\/h3>\n<p data-start=\"6168\" data-end=\"6368\"><strong data-start=\"6168\" data-end=\"6217\">1. Mihin 4-HO-MPT-fumaraattia k\u00e4ytet\u00e4\u00e4n?<\/strong><br data-start=\"6217\" data-end=\"6220\" \/>4-HO-MPT-fumaraattia k\u00e4ytet\u00e4\u00e4n <strong data-start=\"6258\" data-end=\"6303\">farmakologinen ja neurokemiallinen tutkimus<\/strong> serotoniinireseptoreihin ja rakenteellisiin tryptamiinianalogeihin.<\/p>\n<p data-start=\"6370\" data-end=\"6550\"><strong data-start=\"6370\" data-end=\"6428\">2. Onko 4-HO-MPT-fumaraatti turvallinen ihmisille?<\/strong><br data-start=\"6428\" data-end=\"6431\" \/>Ei. T\u00e4m\u00e4 tuote on <strong data-start=\"6451\" data-end=\"6500\">tarkoitettu vain tutkimustarkoituksiin<\/strong> eik\u00e4 hyv\u00e4ksytty ihmisravinnoksi.<\/p>\n<p data-start=\"6552\" data-end=\"6723\"><strong data-start=\"6552\" data-end=\"6601\">3. Miten 4-HO-MPT-fumaraattia tulisi s\u00e4ilytt\u00e4\u00e4?<\/strong><br data-start=\"6601\" data-end=\"6604\" \/>S\u00e4ilyt\u00e4 <strong data-start=\"6619\" data-end=\"6649\">hyvin suljettu pakkaus<\/strong> huoneenl\u00e4mm\u00f6ss\u00e4 (15\u201325 \u00b0C), suojassa kosteudelta, l\u00e4mm\u00f6lt\u00e4 ja valolta.<\/p>","protected":false},"excerpt":{"rendered":"<h3><span style=\"vertical-align: inherit;\"><span style=\"vertical-align: inherit;\"><span dir=\"auto\" style=\"vertical-align: inherit;\"><span dir=\"auto\" style=\"vertical-align: inherit;\">4-HO-MPT-fumaraatin ominaisuudet<\/span><\/span><\/span><\/span><\/h3>\n<p><strong><span style=\"vertical-align: inherit;\"><span style=\"vertical-align: inherit;\"><span dir=\"auto\" style=\"vertical-align: inherit;\"><span dir=\"auto\" style=\"vertical-align: inherit;\">Synonyymi:<\/span><\/span><\/span><\/span><\/strong><span style=\"vertical-align: inherit;\"><span style=\"vertical-align: inherit;\"><span dir=\"auto\" style=\"vertical-align: inherit;\"><span dir=\"auto\" style=\"vertical-align: inherit;\"> 4-hydroksi-N-metyyli-N-propyylitryptamiinifumaraatti <\/span><\/span><\/span><\/span><br \/>\n<strong><span style=\"vertical-align: inherit;\"><span style=\"vertical-align: inherit;\"><span dir=\"auto\" style=\"vertical-align: inherit;\"><span dir=\"auto\" style=\"vertical-align: inherit;\">CAS-numero:<\/span><\/span><\/span><\/span><\/strong><span style=\"vertical-align: inherit;\"><span style=\"vertical-align: inherit;\"><span dir=\"auto\" style=\"vertical-align: inherit;\"><span dir=\"auto\" style=\"vertical-align: inherit;\"> 763035-03-6 <\/span><\/span><\/span><\/span><br \/>\n<strong><span style=\"vertical-align: inherit;\"><span style=\"vertical-align: inherit;\"><span dir=\"auto\" style=\"vertical-align: inherit;\"><span dir=\"auto\" style=\"vertical-align: inherit;\">Kaava:<\/span><\/span><\/span><\/span><\/strong><span style=\"vertical-align: inherit;\"><span style=\"vertical-align: inherit;\"><span dir=\"auto\" style=\"vertical-align: inherit;\"><span dir=\"auto\" style=\"vertical-align: inherit;\"> 3-(2-(metyyli(propyyli)amino)etyyli)-1H-indoli-4-olifumaraatti <\/span><\/span><\/span><\/span><br \/>\n<strong><span style=\"vertical-align: inherit;\"><span style=\"vertical-align: inherit;\"><span dir=\"auto\" style=\"vertical-align: inherit;\"><span dir=\"auto\" style=\"vertical-align: inherit;\">Moolimassa:<\/span><\/span><\/span><\/span><\/strong><span style=\"vertical-align: inherit;\"><span style=\"vertical-align: inherit;\"><span dir=\"auto\" style=\"vertical-align: inherit;\"><span dir=\"auto\" style=\"vertical-align: inherit;\"> 348,4 g\/mol <\/span><\/span><\/span><\/span><br \/>\n<strong><span style=\"vertical-align: inherit;\"><span style=\"vertical-align: inherit;\"><span dir=\"auto\" style=\"vertical-align: inherit;\"><span dir=\"auto\" style=\"vertical-align: inherit;\">Puhtaus:<\/span><\/span><\/span><\/span><\/strong><span style=\"vertical-align: inherit;\"><span style=\"vertical-align: inherit;\"><span dir=\"auto\" style=\"vertical-align: inherit;\"><span dir=\"auto\" style=\"vertical-align: inherit;\"> &gt;97%<\/span><\/span><\/span><\/span><\/p>","protected":false},"featured_media":20355,"comment_status":"closed","ping_status":"closed","template":"","meta":[],"product_brand":[],"product_cat":[544,381],"product_tag":[326],"class_list":{"0":"post-23476","1":"product","2":"type-product","3":"status-publish","4":"has-post-thumbnail","6":"product_cat-4-ho-mpt","7":"product_cat-tryptamines","8":"product_tag-nl","10":"first","11":"instock","12":"taxable","13":"shipping-taxable","14":"purchasable","15":"product-type-variable"},"_links":{"self":[{"href":"https:\/\/onderzoekschemicals.com\/fi\/wp-json\/wp\/v2\/product\/23476","targetHints":{"allow":["GET"]}}],"collection":[{"href":"https:\/\/onderzoekschemicals.com\/fi\/wp-json\/wp\/v2\/product"}],"about":[{"href":"https:\/\/onderzoekschemicals.com\/fi\/wp-json\/wp\/v2\/types\/product"}],"replies":[{"embeddable":true,"href":"https:\/\/onderzoekschemicals.com\/fi\/wp-json\/wp\/v2\/comments?post=23476"}],"version-history":[{"count":4,"href":"https:\/\/onderzoekschemicals.com\/fi\/wp-json\/wp\/v2\/product\/23476\/revisions"}],"predecessor-version":[{"id":28038,"href":"https:\/\/onderzoekschemicals.com\/fi\/wp-json\/wp\/v2\/product\/23476\/revisions\/28038"}],"wp:featuredmedia":[{"embeddable":true,"href":"https:\/\/onderzoekschemicals.com\/fi\/wp-json\/wp\/v2\/media\/20355"}],"wp:attachment":[{"href":"https:\/\/onderzoekschemicals.com\/fi\/wp-json\/wp\/v2\/media?parent=23476"}],"wp:term":[{"taxonomy":"product_brand","embeddable":true,"href":"https:\/\/onderzoekschemicals.com\/fi\/wp-json\/wp\/v2\/product_brand?post=23476"},{"taxonomy":"product_cat","embeddable":true,"href":"https:\/\/onderzoekschemicals.com\/fi\/wp-json\/wp\/v2\/product_cat?post=23476"},{"taxonomy":"product_tag","embeddable":true,"href":"https:\/\/onderzoekschemicals.com\/fi\/wp-json\/wp\/v2\/product_tag?post=23476"}],"curies":[{"name":"wp","href":"https:\/\/api.w.org\/{rel}","templated":true}]}}