{"id":23140,"date":"2025-04-13T17:39:14","date_gmt":"2025-04-13T17:39:14","guid":{"rendered":"https:\/\/onderzoekschemicals.com\/?post_type=product&#038;p=23140"},"modified":"2025-11-28T21:06:22","modified_gmt":"2025-11-28T21:06:22","slug":"3-mmc-kopen-2","status":"publish","type":"product","link":"https:\/\/onderzoekschemicals.com\/fi\/shop\/verboden\/3-mmc-kopen-2\/","title":{"rendered":"3-MMC (3-metyylimetkatinoni)"},"content":{"rendered":"<h3><strong><span dir=\"auto\" style=\"vertical-align: inherit;\"><span dir=\"auto\" style=\"vertical-align: inherit;\">3-MMC (3-metyylimetkatinoni) \u2013 Tuotekuvaus, k\u00e4ytt\u00f6, sivuvaikutukset ja usein kysytyt kysymykset<\/span><\/span><\/strong><\/h3>\n<p data-start=\"7198\" data-end=\"7512\"><strong data-start=\"7198\" data-end=\"7207\">3-MMC<\/strong>, tai <strong data-start=\"7212\" data-end=\"7237\">3-metyylimetkatinoni<\/strong>, on <strong data-start=\"7246\" data-end=\"7281\">synteettinen katinoniyhdiste<\/strong> alkaen <strong data-start=\"7289\" data-end=\"7316\">\u03b2-ketoamfetamiiniperhe<\/strong>, liittyv\u00e4 <strong data-start=\"7330\" data-end=\"7352\">mefedroni (4-MMC)<\/strong>. <span class=\"___SBox_epc1q-ko_ ___SText_zko9t-ko_\" data-ui-name=\"Link.Text\">osta 3 mmc:t\u00e4<\/span><br data-start=\"7353\" data-end=\"7356\" \/>Asiaa tutkitaan sis\u00e4ll\u00e4 <strong data-start=\"7384\" data-end=\"7411\">oikeustoksikologia<\/strong> ja <strong data-start=\"7415\" data-end=\"7437\">analyyttinen kemia<\/strong> osana tutkimusta, joka koskee <strong data-start=\"7471\" data-end=\"7509\">uudet psykoaktiiviset aineet (NPS)<\/strong>.<\/p>\n<p data-start=\"7514\" data-end=\"7604\">3-MMC:ll\u00e4 on <strong data-start=\"7526\" data-end=\"7554\">ei l\u00e4\u00e4ketieteellist\u00e4 sovellusta<\/strong> ja on monissa maissa <strong data-start=\"7576\" data-end=\"7603\">s\u00e4\u00e4nnelty tai kielletty<\/strong>.<\/p>\n<hr data-start=\"7606\" data-end=\"7609\" \/>\n<h2 data-start=\"7611\" data-end=\"7658\"><strong data-start=\"7614\" data-end=\"7658\">Kemiallinen ja farmakologinen tausta<\/strong><\/h2>\n<p data-start=\"7660\" data-end=\"7685\"><strong data-start=\"7660\" data-end=\"7685\">T\u00e4rke\u00e4\u00e4 tietoa:<\/strong><\/p>\n<ul data-start=\"7686\" data-end=\"7959\">\n<li data-start=\"7686\" data-end=\"7750\">\n<p data-start=\"7688\" data-end=\"7750\"><strong data-start=\"7688\" data-end=\"7703\">IUPAC-nimi:<\/strong> 2-(metyyliamino)-1-(3-metyylifenyyli)propan-1-oni<\/p>\n<\/li>\n<li data-start=\"7751\" data-end=\"7784\">\n<p data-start=\"7753\" data-end=\"7784\"><strong data-start=\"7753\" data-end=\"7773\">Molekyylikaava:<\/strong> C11H15NO<\/p>\n<\/li>\n<li data-start=\"7785\" data-end=\"7821\">\n<p data-start=\"7787\" data-end=\"7821\"><strong data-start=\"7787\" data-end=\"7805\">Molekyylimassa:<\/strong> \u00b1177,25 g\/mol<\/p>\n<\/li>\n<li data-start=\"7822\" data-end=\"7871\">\n<p data-start=\"7824\" data-end=\"7871\"><strong data-start=\"7824\" data-end=\"7845\">Kemiallinen luokka:<\/strong> Synteettiset katinonit<\/p>\n<\/li>\n<li data-start=\"7872\" data-end=\"7959\">\n<p data-start=\"7874\" data-end=\"7959\"><strong data-start=\"7874\" data-end=\"7894\">Reseptorin toiminta:<\/strong> Ep\u00e4suora sympatomimeetti (vaikuttaa monoamiinikuljettajiin).<\/p>\n<\/li>\n<\/ul>\n<p data-start=\"7961\" data-end=\"8076\">The <strong data-start=\"7964\" data-end=\"7995\">metyyliryhm\u00e4 3-asemassa<\/strong> erottaa 3-MMC:n 4-MMC:st\u00e4 ja vaikuttaa <strong data-start=\"8042\" data-end=\"8075\">farmakologiset ominaisuudet<\/strong>. <a href=\"https:\/\/onderzoekschemicals.com\/fi\/shop\/lysergamides\/1cp-lsd\/\">1 kpl lsd<\/a><\/p>\n<hr data-start=\"8078\" data-end=\"8081\" \/>\n<h2 data-start=\"8083\" data-end=\"8110\"><strong data-start=\"8086\" data-end=\"8110\">Tutkimustarkoitukset<\/strong><\/h2>\n<p data-start=\"8112\" data-end=\"8138\">3-MMC:t\u00e4 k\u00e4ytet\u00e4\u00e4n:<\/p>\n<ul data-start=\"8139\" data-end=\"8417\">\n<li data-start=\"8139\" data-end=\"8199\">\n<p data-start=\"8141\" data-end=\"8199\"><strong data-start=\"8141\" data-end=\"8177\">Analyyttisten menetelmien kehitt\u00e4minen<\/strong> GC-MS:n ja LC-MS:n avulla. <span class=\"___SBox_epc1q-ko_ ___SText_zko9t-ko_\" data-ui-name=\"Link.Text\">osta 3 mmc:t\u00e4<\/span><\/p>\n<\/li>\n<li data-start=\"8200\" data-end=\"8273\">\n<p data-start=\"8202\" data-end=\"8273\"><strong data-start=\"8202\" data-end=\"8226\">Oikeusl\u00e4\u00e4ketieteellinen havaitseminen<\/strong> biologisissa ja ei-biologisissa n\u00e4ytteiss\u00e4.<\/p>\n<\/li>\n<li data-start=\"8274\" data-end=\"8339\">\n<p data-start=\"8276\" data-end=\"8339\"><strong data-start=\"8276\" data-end=\"8314\">Rakenteellinen vertaileva tutkimus<\/strong> muiden katinonien kanssa.<\/p>\n<\/li>\n<li data-start=\"8340\" data-end=\"8417\">\n<p data-start=\"8342\" data-end=\"8417\"><strong data-start=\"8342\" data-end=\"8371\">Kansanterveystutkimus<\/strong> uusien stimulanttien trendeihin.<\/p>\n<\/li>\n<\/ul>\n<hr data-start=\"8419\" data-end=\"8422\" \/>\n<h2 data-start=\"8424\" data-end=\"8468\"><strong data-start=\"8427\" data-end=\"8468\">Turvallisuus- ja lakiasiat<\/strong><\/h2>\n<p data-start=\"8470\" data-end=\"8487\"><strong data-start=\"8470\" data-end=\"8485\">Turvallisuus:<\/strong><\/p>\n<ul data-start=\"8488\" data-end=\"8718\">\n<li data-start=\"8488\" data-end=\"8554\">\n<p data-start=\"8490\" data-end=\"8554\">K\u00e4sittele vain <strong data-start=\"8511\" data-end=\"8551\">p\u00e4tev\u00e4 laboratoriohenkil\u00f6kunta<\/strong>.<\/p>\n<\/li>\n<li data-start=\"8555\" data-end=\"8628\">\n<p data-start=\"8557\" data-end=\"8628\">K\u00e4ytt\u00f6 <strong data-start=\"8565\" data-end=\"8625\">k\u00e4sineet, suojalasit ja suojavaatetus<\/strong>.<\/p>\n<\/li>\n<li data-start=\"8629\" data-end=\"8669\">\n<p data-start=\"8631\" data-end=\"8669\">V\u00e4lt\u00e4 suoraa kosketusta tai hengitt\u00e4mist\u00e4.<\/p>\n<\/li>\n<li data-start=\"8670\" data-end=\"8718\">\n<p data-start=\"8672\" data-end=\"8718\">Seuraa kaikkia <strong data-start=\"8682\" data-end=\"8715\">j\u00e4te- ja varastointim\u00e4\u00e4r\u00e4ykset<\/strong>.<\/p>\n<\/li>\n<\/ul>\n<p data-start=\"8720\" data-end=\"8895\"><strong data-start=\"8720\" data-end=\"8742\">Oikeudellinen asema:<\/strong><br data-start=\"8742\" data-end=\"8745\" \/>3-MMC on saatavilla monissa maissa <strong data-start=\"8769\" data-end=\"8796\">kielletty tai s\u00e4\u00e4nnelty<\/strong> alla <strong data-start=\"8806\" data-end=\"8818\">Oopiumilaki<\/strong> tai <strong data-start=\"8822\" data-end=\"8843\">analoginen lains\u00e4\u00e4d\u00e4nt\u00f6<\/strong>. <a href=\"https:\/\/onderzoekschemicals.com\/fi\/shop\/pellets-for-pellet\/o-dsmt-50mg-pellets\/\">o-dsmt<\/a><br data-start=\"8844\" data-end=\"8847\" \/>K\u00e4ytt\u00f6 tai hallussapito ilman lupaa on lain mukaan rangaistavaa.<\/p>\n<hr data-start=\"8897\" data-end=\"8900\" \/>\n<h2 data-start=\"8902\" data-end=\"8936\"><strong data-start=\"8905\" data-end=\"8936\">Usein kysytyt kysymykset (UKK)<\/strong><\/h2>\n<h3 data-start=\"8938\" data-end=\"8981\"><strong data-start=\"8942\" data-end=\"8981\">1. Mihin 3-MMC:t\u00e4 tutkitaan?<\/strong><\/h3>\n<p data-start=\"8982\" data-end=\"9058\">Sill\u00e4 <strong data-start=\"8987\" data-end=\"9025\">analyyttinen ja rikostekninen tutkimus<\/strong> katinonien ja NPS-aineiden havaitsemiseen.<\/p>\n<h3 data-start=\"9060\" data-end=\"9087\"><strong data-start=\"9064\" data-end=\"9087\">2. Onko 3-MMC laillinen?<\/strong><\/h3>\n<p data-start=\"9088\" data-end=\"9150\">Ei, useimmissa maissa 3-MMC on <strong data-start=\"9122\" data-end=\"9149\">s\u00e4\u00e4nnelty tai kielletty<\/strong>.<\/p>\n<h3 data-start=\"9152\" data-end=\"9203\"><strong data-start=\"9156\" data-end=\"9203\">3. Miten 3-MMC:t\u00e4 tulisi k\u00e4sitell\u00e4 turvallisesti?<\/strong><\/h3>\n<p data-start=\"9204\" data-end=\"9308\">Vain <strong data-start=\"9211\" data-end=\"9241\">ammattitutkijat<\/strong> voi k\u00e4sitell\u00e4 t\u00e4t\u00e4 ainetta <strong data-start=\"9271\" data-end=\"9307\">asianmukaiset turvatoimenpiteet<\/strong>.<\/p>\n<hr data-start=\"9310\" data-end=\"9313\" \/>\n<h2 data-start=\"9315\" data-end=\"9331\"><strong data-start=\"9318\" data-end=\"9331\">Johtop\u00e4\u00e4t\u00f6s<\/strong><\/h2>\n<p data-start=\"9333\" data-end=\"9603\"><em data-start=\"9333\" data-end=\"9364\">3-MMC (3-metyylimetkatinoni)<\/em> on t\u00e4rke\u00e4 tutkimuskohde sis\u00e4ll\u00e4 <strong data-start=\"9403\" data-end=\"9425\">oikeuskemia<\/strong> ja <strong data-start=\"9429\" data-end=\"9456\">toksikologinen tutkimus<\/strong>.<br data-start=\"9457\" data-end=\"9460\" \/>Se auttaa tiedemiehi\u00e4 <strong data-start=\"9485\" data-end=\"9516\">uusia stimuloivia aineita<\/strong> tunnistaa ja ymm\u00e4rt\u00e4\u00e4, edellytt\u00e4en <strong data-start=\"9556\" data-end=\"9591\">turvallinen ja laillisesti vastuullinen<\/strong> tutkittu.<\/p>","protected":false},"excerpt":{"rendered":"<h2><span dir=\"auto\" style=\"vertical-align: inherit;\"><span dir=\"auto\" style=\"vertical-align: inherit;\">3-MMC-ominaisuudet<\/span><\/span><\/h2>\n<p><strong><span dir=\"auto\" style=\"vertical-align: inherit;\"><span dir=\"auto\" style=\"vertical-align: inherit;\">Synonyymi<\/span><\/span><\/strong><span dir=\"auto\" style=\"vertical-align: inherit;\"><span dir=\"auto\" style=\"vertical-align: inherit;\"> : 2-(metyyliamino)-1-(3-metyylifenyyli)-1-propanoni, monohydrokloridi <\/span><\/span><br \/>\n<strong><span dir=\"auto\" style=\"vertical-align: inherit;\"><span dir=\"auto\" style=\"vertical-align: inherit;\">CAS-numero<\/span><\/span><\/strong><span dir=\"auto\" style=\"vertical-align: inherit;\"><span dir=\"auto\" style=\"vertical-align: inherit;\"> : 1246816-62-5 <\/span><\/span><br \/>\n<strong><span dir=\"auto\" style=\"vertical-align: inherit;\"><span dir=\"auto\" style=\"vertical-align: inherit;\">Kaava<\/span><\/span><\/strong><span dir=\"auto\" style=\"vertical-align: inherit;\"><span dir=\"auto\" style=\"vertical-align: inherit;\"> C11h15NO \u2022 HCl <\/span><\/span><br \/>\n<strong><span dir=\"auto\" style=\"vertical-align: inherit;\"><span dir=\"auto\" style=\"vertical-align: inherit;\">Moolimassa<\/span><\/span><\/strong><span dir=\"auto\" style=\"vertical-align: inherit;\"><span dir=\"auto\" style=\"vertical-align: inherit;\"> : 213.7 <\/span><\/span><br \/>\n<strong><span dir=\"auto\" style=\"vertical-align: inherit;\"><span dir=\"auto\" style=\"vertical-align: inherit;\">Puhtaus<\/span><\/span><\/strong><span dir=\"auto\" style=\"vertical-align: inherit;\"><span dir=\"auto\" style=\"vertical-align: inherit;\"> : \u226599%<\/span><\/span><\/p>","protected":false},"featured_media":29227,"comment_status":"closed","ping_status":"closed","template":"","meta":[],"product_brand":[],"product_cat":[488],"product_tag":[1147,930,326],"class_list":{"0":"post-23140","1":"product","2":"type-product","3":"status-publish","4":"has-post-thumbnail","6":"product_cat-verboden","7":"product_tag-3-mmc","8":"product_tag-3-mmc-kopen","9":"product_tag-nl","11":"first","12":"instock","13":"taxable","14":"shipping-taxable","15":"purchasable","16":"product-type-variable"},"_links":{"self":[{"href":"https:\/\/onderzoekschemicals.com\/fi\/wp-json\/wp\/v2\/product\/23140","targetHints":{"allow":["GET"]}}],"collection":[{"href":"https:\/\/onderzoekschemicals.com\/fi\/wp-json\/wp\/v2\/product"}],"about":[{"href":"https:\/\/onderzoekschemicals.com\/fi\/wp-json\/wp\/v2\/types\/product"}],"replies":[{"embeddable":true,"href":"https:\/\/onderzoekschemicals.com\/fi\/wp-json\/wp\/v2\/comments?post=23140"}],"version-history":[{"count":5,"href":"https:\/\/onderzoekschemicals.com\/fi\/wp-json\/wp\/v2\/product\/23140\/revisions"}],"predecessor-version":[{"id":28056,"href":"https:\/\/onderzoekschemicals.com\/fi\/wp-json\/wp\/v2\/product\/23140\/revisions\/28056"}],"wp:featuredmedia":[{"embeddable":true,"href":"https:\/\/onderzoekschemicals.com\/fi\/wp-json\/wp\/v2\/media\/29227"}],"wp:attachment":[{"href":"https:\/\/onderzoekschemicals.com\/fi\/wp-json\/wp\/v2\/media?parent=23140"}],"wp:term":[{"taxonomy":"product_brand","embeddable":true,"href":"https:\/\/onderzoekschemicals.com\/fi\/wp-json\/wp\/v2\/product_brand?post=23140"},{"taxonomy":"product_cat","embeddable":true,"href":"https:\/\/onderzoekschemicals.com\/fi\/wp-json\/wp\/v2\/product_cat?post=23140"},{"taxonomy":"product_tag","embeddable":true,"href":"https:\/\/onderzoekschemicals.com\/fi\/wp-json\/wp\/v2\/product_tag?post=23140"}],"curies":[{"name":"wp","href":"https:\/\/api.w.org\/{rel}","templated":true}]}}