{"id":27220,"date":"2025-08-14T11:24:18","date_gmt":"2025-08-14T11:24:18","guid":{"rendered":"https:\/\/onderzoekschemicals.com\/?page_id=27220"},"modified":"2025-10-11T17:55:59","modified_gmt":"2025-10-11T17:55:59","slug":"bestellen-en-levering-2","status":"publish","type":"page","link":"https:\/\/onderzoekschemicals.com\/fi\/bestellen-en-levering-2\/","title":{"rendered":"Tilaaminen ja toimitus"},"content":{"rendered":"<p><strong>Tilaustiedot<\/strong><br>Kun olet tehnyt tilauksen verkkosivustomme kautta, saat v\u00e4litt\u00f6m\u00e4sti vahvistuss\u00e4hk\u00f6postin. T\u00e4m\u00e4 saattaa p\u00e4\u00e4ty\u00e4 roskapostikansioosi, joten tarkista se, jos et n\u00e4e vahvistusta postilaatikossasi. Vahvistuss\u00e4hk\u00f6posti sis\u00e4lt\u00e4\u00e4 tilausnumerosi, jonka avulla voit seurata tilauksesi tilaa. Kun tilauksesi on l\u00e4hetetty, saat seurantanumeron s\u00e4hk\u00f6postitse. Huomaathan, ett\u00e4 t\u00e4m\u00e4 prosessi voi kest\u00e4\u00e4 hieman kauemmin viikonloppuisin. Jos et ole saanut seurantanumeroa yhden arkip\u00e4iv\u00e4n kuluessa, ota yhteytt\u00e4 asiakaspalveluumme WhatsAppin kautta numeroon +31 6 6 800 800.<\/p>\n\n\n\n<p><strong>Toimitustavat<\/strong><br>Tarjoamme useita toimitusvaihtoehtoja, kuten pakettil\u00e4hetyksen ja postilokero-ostokset.<\/p>\n\n\n\n<p><strong>Pakettiposti<\/strong><\/p>\n\n\n\n<ol class=\"wp-block-list\">\n<li>Ei omavastuuta: onderzoekschemicals.com on vastuussa, jos pakettiasi ei toimiteta seurantatietojen mukaisesti.<\/li>\n\n\n\n<li>Toimitus noutopisteeseen: Voit valita tilauksesi toimituksen noutopisteeseen.<\/li>\n\n\n\n<li>Seuranta: Aina saatavilla.<\/li>\n\n\n\n<li>Maanantaitoimitus: Pakettipostia toimitetaan my\u00f6s maanantaisin.<\/li>\n\n\n\n<li>Ennen klo 19.30 tehdyt tilaukset l\u00e4hetet\u00e4\u00e4n samana arkip\u00e4iv\u00e4n\u00e4.<\/li>\n<\/ol>\n\n\n\n<p>Huomioithan: Sinun on oltava kotona vastaanottamassa l\u00e4hetyst\u00e4si. Jos et ole kotona, voit noutaa pakettisi l\u00e4himm\u00e4st\u00e4 noutopisteest\u00e4. Takaamme toimituksen noutopisteeseen; sen j\u00e4lkeen olet itse vastuussa tilauksesi noutamisesta.<\/p>\n\n\n\n<p><strong>Postilaatikkoposti<\/strong><\/p>\n\n\n\n<ol class=\"wp-block-list\">\n<li>Omalla vastuullasi: onderzoekschemicals.com ei ole vastuussa postilaatikkopostin ongelmista.<\/li>\n\n\n\n<li>Ei vaihtoehtoja noutopisteille.<\/li>\n\n\n\n<li>Rajoitettu seuranta: Ensimm\u00e4inen skannaus suoritetaan aina oikein, joten voit olla varma, ett\u00e4 olemme l\u00e4hett\u00e4neet kirjeen.<\/li>\n\n\n\n<li>Ei toimituksia sunnuntaisin ja maanantaisin.<\/li>\n\n\n\n<li>Ennen klo 17.00 tehdyt tilaukset l\u00e4hetet\u00e4\u00e4n samana arkip\u00e4iv\u00e4n\u00e4.<\/li>\n<\/ol>\n\n\n\n<p>Etu: Sinun ei tarvitse olla kotona vastaanottaaksesi l\u00e4hetyst\u00e4si.<\/p>\n\n\n\n<p><strong>Toimitustiedot<\/strong><\/p>\n\n\n\n<ul class=\"wp-block-list\">\n<li><strong>Pakettiposti:<\/strong>&nbsp;Pakettipostilla l\u00e4hetett\u00e4v\u00e4t tilaukset l\u00e4hetet\u00e4\u00e4n joka arkip\u00e4iv\u00e4 klo 19.30.<\/li>\n\n\n\n<li><strong>Postilaatikkoposti:<\/strong>&nbsp;Postilaatikon kautta l\u00e4hetetyt tilaukset l\u00e4hetet\u00e4\u00e4n joka arkip\u00e4iv\u00e4 klo 17.<\/li>\n<\/ul>\n\n\n\n<p><strong>Hinnat<\/strong><\/p>\n\n\n\n<ul class=\"wp-block-list\">\n<li>Toimitus pakettipostilla: 6,95 \u20ac<\/li>\n\n\n\n<li>Toimitus kirjeenvaihtoon: 3,95 \u20ac<\/li>\n<\/ul>\n\n\n\n<p><strong>Huomaamaton pakkaus<\/strong><br>Kaikki tilaukset pakataan huomaamattomasti. Ainoat ulkopuolella olevat tiedot ovat osoitteesi ja palautusosoitteemme. Palautusosoite on postilokeron numero (saatavilla asiakaspalvelusta), ei onderzoekschemicals.com-logo.<br><\/p>\n\n\n\n<p><strong>Toimitamme tilauksia vain seuraaviin maihin:<br><em>(vain mantereella, ei saaria)<\/em><\/strong><\/p>\n\n\n\n<ul class=\"wp-block-list\">\n<li>Alankomaat<\/li>\n\n\n\n<li>Belgia<\/li>\n\n\n\n<li>Bulgaria<\/li>\n\n\n\n<li>Viro<\/li>\n\n\n\n<li>Ranska<\/li>\n\n\n\n<li>Kreikka<\/li>\n\n\n\n<li>Unkari<\/li>\n\n\n\n<li>Irlanti<\/li>\n\n\n\n<li>Italia<\/li>\n\n\n\n<li>Kroatia<\/li>\n\n\n\n<li>Latvia<\/li>\n\n\n\n<li>Liettua<\/li>\n\n\n\n<li>Luxemburg<\/li>\n\n\n\n<li>It\u00e4valta<\/li>\n\n\n\n<li>Puola<\/li>\n\n\n\n<li>Portugali<\/li>\n\n\n\n<li>Romania<\/li>\n\n\n\n<li>Slovenia<\/li>\n\n\n\n<li>Slovakia<\/li>\n\n\n\n<li>T\u0161ekin tasavalta<\/li>\n\n\n\n<li>Kiina<\/li>\n\n\n\n<li>Tanska<\/li>\n\n\n\n<li>Saksa&nbsp;<em>(Pian sallittu: 1D-LSD \/ NB-5-MeO-DALT Oksalaatti \/ NB-5-MeO-MiPT Oksalaatti)<\/em><\/li>\n\n\n\n<li>Suomi<\/li>\n\n\n\n<li>Iso-Britannia<\/li>\n\n\n\n<li>Norja<\/li>\n\n\n\n<li>Espanja<\/li>\n\n\n\n<li>Yhdysvallat<\/li>\n\n\n\n<li>Etel\u00e4-Korea<\/li>\n\n\n\n<li>Ruotsi<\/li>\n\n\n\n<li>Sveitsi<\/li>\n<\/ul>\n\n\n\n<p><strong>Vastuuvapauslauseke<\/strong><\/p>\n\n\n\n<p>Chemicalshoppers.com-sivuston asiakkaana olet vastuussa oikean toimitusosoitteen antamisesta sallittujen maiden sis\u00e4ll\u00e4. Olet vastuussa siit\u00e4, ett\u00e4 tarkistat omassa maassasi, onko tilaamasi tuote sallittu.<\/p>\n\n\n\n<p><strong>Palautukset<\/strong><br>Voit palauttaa tuotteesi\/tuotteesi k\u00e4ytt\u00e4m\u00e4ll\u00e4 jokaisen l\u00e4hetyksen mukana tulevaa postilaatikkoa. Voit palauttaa avaamattomat tuotteet kahden viikon kuluessa niiden vastaanottamisesta saadaksesi t\u00e4yden hyvityksen tai vaihdon.<\/p>\n\n\n\n<p><strong>Pakkaus<\/strong><br>Pakkaamme tuotteet eriv\u00e4risiin ja -sis\u00e4lt\u00f6isiin pusseihin:<\/p>\n\n\n\n<ul class=\"wp-block-list\">\n<li>Hopeinen laukku: 1 tuote<\/li>\n\n\n\n<li>Kultainen laukku: 2 tuotetta<\/li>\n\n\n\n<li>Violetti laukku: 5 tuotetta<\/li>\n\n\n\n<li>Sininen laukku: 10 tuotetta<\/li>\n\n\n\n<li>Musta laukku: 25 tuotetta<\/li>\n<\/ul>\n\n\n\n<p><strong>Maksutavat<\/strong><br>iDEALilla on t\u00e4ll\u00e4 hetkell\u00e4 ongelmia, mutta voit silti maksaa pankkisiirrolla. Siirr\u00e4 ostosumma tilillemme ja lis\u00e4\u00e4 tilausnumerosi ensimm\u00e4iset numerot kuvaukseen.<\/p>","protected":false},"excerpt":{"rendered":"<p>TilaustiedotKun olet tehnyt tilauksen verkkosivustomme kautta, saat v\u00e4litt\u00f6m\u00e4sti vahvistuss\u00e4hk\u00f6postin. T\u00e4m\u00e4 saattaa olla roskapostikansiossasi.<\/p>","protected":false},"author":1,"featured_media":0,"parent":0,"menu_order":0,"comment_status":"closed","ping_status":"closed","template":"","meta":{"footnotes":""},"class_list":["post-27220","page","type-page","status-publish","hentry"],"_links":{"self":[{"href":"https:\/\/onderzoekschemicals.com\/fi\/wp-json\/wp\/v2\/pages\/27220","targetHints":{"allow":["GET"]}}],"collection":[{"href":"https:\/\/onderzoekschemicals.com\/fi\/wp-json\/wp\/v2\/pages"}],"about":[{"href":"https:\/\/onderzoekschemicals.com\/fi\/wp-json\/wp\/v2\/types\/page"}],"author":[{"embeddable":true,"href":"https:\/\/onderzoekschemicals.com\/fi\/wp-json\/wp\/v2\/users\/1"}],"replies":[{"embeddable":true,"href":"https:\/\/onderzoekschemicals.com\/fi\/wp-json\/wp\/v2\/comments?post=27220"}],"version-history":[{"count":2,"href":"https:\/\/onderzoekschemicals.com\/fi\/wp-json\/wp\/v2\/pages\/27220\/revisions"}],"predecessor-version":[{"id":27725,"href":"https:\/\/onderzoekschemicals.com\/fi\/wp-json\/wp\/v2\/pages\/27220\/revisions\/27725"}],"wp:attachment":[{"href":"https:\/\/onderzoekschemicals.com\/fi\/wp-json\/wp\/v2\/media?parent=27220"}],"curies":[{"name":"wp","href":"https:\/\/api.w.org\/{rel}","templated":true}]}}