{"id":27863,"date":"2025-10-20T13:38:36","date_gmt":"2025-10-20T13:38:36","guid":{"rendered":"https:\/\/onderzoekschemicals.com\/?post_type=product&#038;p=27863"},"modified":"2025-10-21T05:49:10","modified_gmt":"2025-10-21T05:49:10","slug":"fluorexetamine-fxe","status":"publish","type":"product","link":"https:\/\/onderzoekschemicals.com\/et\/shop\/okategoriserad\/fluorexetamine-fxe\/","title":{"rendered":"Fluoroksetamiin (FXE)"},"content":{"rendered":"<h1>Osta fluoreksetamiini (FXE) veebist<br \/>\n\u00dcldine teave Fluoroksetamiini kohta<\/h1>\n<p>Osta fluoroksetamiini (FXE) veebist. Fluoroksetamiin (vesinikkloriid) on teaduslik anal\u00fc\u00fctiline standard, mis on klassifitseeritud ar\u00fc\u00fclts\u00fckloheks\u00fc\u00fclamiinina. See toode on m\u00f5eldud uurimist\u00f6\u00f6ks ja m\u00f5\u00f5detavateks rakendusteks.<\/p>\n<p>Fluoroksetamiin on dissotsiatiivse toimega spordiuuringute kemikaal. Spordiuuringute kemikaal, mida tuntakse fluoroksetamiinina (3-fluoro-2-okso-PCE, FXE), on veebis m\u00fc\u00fcgil umbes alates 2017. aastast.<\/p>\n<p>Kuigi see on juba m\u00f5nda aega olemas olnud, on see \u00fcldiselt j\u00e4\u00e4nud haruldaseks. Fluoroksetamiin on ar\u00fc\u00fclts\u00fckloheks\u00fc\u00fclamiinide perekonna uurimiskemikaal ja selle omadused v\u00f5ivad olla v\u00e4ga dissotsiatiivsed. Siiski on see veebis saadaval alates 2017. aastast ja selle kasutamine on j\u00e4\u00e4nud suhteliselt tundmatuks.<\/p>\n<p>See muutus 2022. aasta aprillis, kui kemikaali algoritmiline tuvastamine Redditis vallandas h\u00e4ire. Sellest ajast alates on fluoroksetamiini kohta esitatud teated enam kui kahekordistunud, v\u00f5rreldes 2022. aasta aprilli haripunktiga. Selle \u00fchendi f\u00fcsioloogilisi ja toksikoloogilisi omadusi pole uuritud. Selle kemikaali kasutamine peaks olema nii\u00f6elda teaduslikel ja m\u00f5\u00f5detavatel eesm\u00e4rkidel. Hoiatus: see toode ei ole m\u00f5eldud spetsiaalselt inimestele ega veterinaarseks kasutamiseks.<\/p>\n<h3>Fluoroksetamiini keemiline koostis<\/h3>\n<p>Fluoroksetamiin (3\u2032-fluoro-2-okso-PCE, FXE) on ar\u00fc\u00fclts\u00fckloheks\u00fc\u00fclamiinide perekonnast p\u00e4rit disainkemikaal, millel on dissotsiatiivne toime. Seda on veebis m\u00fc\u00fcdud umbes alates 2017. aastast, kuid selle kasutamine on j\u00e4\u00e4nud suhteliselt haruldaseks.<\/p>\n<p>Valem on C14H18FNO ja molaarmass on 235,302 g-mol-1.<\/p>\n<p>&nbsp;<\/p>\n<h3>Fluoreksetamiini farmakoloogia<\/h3>\n<p>Fluoksetiin avaldab oma toimet serotoniini tagasihaarde p\u00e4rssimisega pres\u00fcnaptilistes serotoniini neuronites, blokeerides pres\u00fcnaptilises terminalis asuvat tagasihaarde transportervalku. Fluoksetiinil on ka kerge toime 5HT2A ja 5HT2C retseptoritele.<\/p>\n<p>Fluoksetiin imendub organismi p\u00e4rast suukaudset manustamist, seondub suures osas valkudega ja sellel on suur transpordimaht. Fluoksetiini poolv\u00e4\u00e4rtusaeg on ligikaudu 1 kuni 4 p\u00e4eva, samas kui selle metaboliidi norfluoksetiini poolv\u00e4\u00e4rtusaeg on 7 kuni 15 p\u00e4eva. Fluoksetiinil on mittelineaarne farmakokineetiline profiil.<\/p>\n<p>&nbsp;<\/p>\n<h3>Osta kvaliteetset fluoroksetamiini<\/h3>\n<p>ChemsXpressil on pikaajaline kogemus uurimiskemikaalide disaini valdkonnas, mis tagab nende uurimiskemikaalide k\u00f5rgeima kvaliteedi. Keemiauuringute meeskond m\u00fc\u00fcb fluoroksetamiini. Uurimiskemikaalid, sealhulgas fluoroksetamiin, vastavad k\u00f5igile ohutusn\u00f5uetele. Uurimiskemikaale jaotatakse ja hoitakse hoolikalt jahedas ja kuivas kohas.<\/p>\n<p>K\u00f5iki tooteid kontrollitakse regulaarselt kvaliteedi, puhtuse ja ohutuse osas. Hoidke fluoroksetamiini alati toatemperatuuril ning lastele ja lemmikloomadele k\u00e4ttesaamatus kohas. Meie fluoroksetamiin ei ole m\u00f5eldud isiklikuks kasutamiseks. See on m\u00f5eldud ainult teaduslikuks otstarbeks.<\/p>\n<p>Selle kemikaali uurimisel ei tohi seda segada alkoholi ega uurimiskemikaalidega!<\/p>\n<p>K\u00f5ikidel meie toodetel on \u00f5iglane hind!<\/p>\n<p>&nbsp;<\/p>\n<h3>Fluoroksetamiini laboris testitud ja tulemused on olemas.<\/h3>\n<p>Remakes p\u00fc\u00fcdleb klientide \u00fcldise rahulolu poole. Mitmed uuringud on n\u00e4idanud, et kliendid k\u00fcsivad enne s\u00fcnteetiliste uurimiskemikaalide ostmist v\u00f5imalikult palju teavet. Lisaks avaldame iga uurimis\u00fchendi k\u00f5ik laboritulemused PDF-failina.<\/p>\n<p>Meie fluoroksetamiinikristall annab toimeaineid j\u00e4rjepidevalt ja on koheselt k\u00f5igile n\u00e4htav.<\/p>\n<p>Me levitame iga keemilise uuringu laboritulemusi PDF-dokumendina.<\/p>\n<p>&nbsp;<\/p>\n<h3>Tellige turvaliselt Fluorexetamine&#039;ist.<\/h3>\n<p>Panacea Chemsi uurimiskemikaalid on suurep\u00e4rase kvaliteediga ja m\u00f5istliku hinnaga. Seega, kui tellite uurimiskemikaalid ChemsXpressist, garanteerime kiire ja turvalise kohaletoimetamise teie koju, kuna uurimiskemikaalid on Panacea Chemsist alati m\u00fc\u00fcgil.<\/p>\n<p>S\u00fcnteetiliste uurimis\u00fchendite tellimine Bitcoini v\u00f5i panga\u00fclekandega on ChemsXpressis lihtne.<\/p>\n<p>Uurimiskemikaalipulbri teele paneme samal t\u00f6\u00f6p\u00e4eval, kui makse on laekunud enne kella 15.00 CEST.<\/p>\n<p>Me ei paku kaupa alla 18-aastastele isikutele!<\/p>\n<p>Teadusuuringute eesm\u00e4rgil m\u00fc\u00fcdavate kemikaalide m\u00fc\u00fck on lubatud ainult teadusuuringute eesm\u00e4rgil.<\/p>\n<p>Uurimiskemikaalide diskreetne saatmine.<\/p>\n<p>ChemsXpress pakendab teie tellimuse turvaliselt, et tagada sujuv transport. Lisaks pakime selle ideaalselt n\u00e4htamatult, nii et v\u00e4ljastpoolt pole midagi n\u00e4ha sellest, mis sees v\u00f5ib olla.<\/p>\n<p>&nbsp;<\/p>\n<h3>Ettevaatusabin\u00f5ud<\/h3>\n<ul>\n<li>Ostke sobivad isikukaitsevahendid, n\u00e4iteks kaitseprillid ja -kindad. Puhastage ja hooldage neid korralikult. J\u00e4rgige uurimiskemikaalide k\u00e4itlemisel ohutusn\u00f5udeid ja v\u00e4ltige otseteid.<\/li>\n<li>Kui uuringust p\u00e4rit kemikaal satub silma, loputage silmi hoolikalt ja eemaldage vajadusel kontaktl\u00e4\u00e4tsed.<\/li>\n<li>Nende kemikaalide kasutamise ajal proovige maski kanda, et need hingamise ajal teie sisse ei satuks.<\/li>\n<li>Nagu toetatud meetodid n\u00e4itavad, peate ohtlikke materjale ohutult k\u00e4itlema, ladustama ja utiliseerima. \u00c4rge kunagi valage neid kanalisatsiooni ega kanalitesse.<\/li>\n<li>Hoidke uurimist\u00f6\u00f6ks m\u00f5eldud kemikaale \u00f5igesti, nagu nende nimetused n\u00e4itavad. Tuleohtlikke kemikaale tuleks hoida suurep\u00e4rases, kuivas kanepis, eemal intensiivsest kuumusest ja p\u00e4evavalgusest. M\u00f5ningaid s\u00fcnteetilisi aineid, n\u00e4iteks happeid, tuleks hoida eraldi.<\/li>\n<li>rc-s pakutav ChemsXpress on m\u00f5eldud ainult teaduslikuks otstarbeks; inimtoiduks tarvitamine on rangelt keelatud.<\/li>\n<\/ul>","protected":false},"excerpt":{"rendered":"<p><strong>UPAC-nimi:\u00a0<\/strong>2-(et\u00fc\u00fclamino)-2-(3-fluorofen\u00fc\u00fcl)ts\u00fckloheksaan-1-oon<\/p>\n<p><strong>Teine nimi:\u00a0<\/strong>FXE<\/p>\n<p><strong>Vorm:\u00a0<\/strong>kristall<\/p>\n<p><strong>NMR-anal\u00fc\u00fcs:\u00a0<\/strong>C14H18FNO<\/p>","protected":false},"featured_media":27870,"comment_status":"open","ping_status":"closed","template":"","meta":[],"product_brand":[],"product_cat":[1085],"product_tag":[],"class_list":{"0":"post-27863","1":"product","2":"type-product","3":"status-publish","4":"has-post-thumbnail","6":"product_cat-okategoriserad","8":"first","9":"instock","10":"taxable","11":"shipping-taxable","12":"purchasable","13":"product-type-variable"},"_links":{"self":[{"href":"https:\/\/onderzoekschemicals.com\/et\/wp-json\/wp\/v2\/product\/27863","targetHints":{"allow":["GET"]}}],"collection":[{"href":"https:\/\/onderzoekschemicals.com\/et\/wp-json\/wp\/v2\/product"}],"about":[{"href":"https:\/\/onderzoekschemicals.com\/et\/wp-json\/wp\/v2\/types\/product"}],"replies":[{"embeddable":true,"href":"https:\/\/onderzoekschemicals.com\/et\/wp-json\/wp\/v2\/comments?post=27863"}],"version-history":[{"count":1,"href":"https:\/\/onderzoekschemicals.com\/et\/wp-json\/wp\/v2\/product\/27863\/revisions"}],"predecessor-version":[{"id":27871,"href":"https:\/\/onderzoekschemicals.com\/et\/wp-json\/wp\/v2\/product\/27863\/revisions\/27871"}],"wp:featuredmedia":[{"embeddable":true,"href":"https:\/\/onderzoekschemicals.com\/et\/wp-json\/wp\/v2\/media\/27870"}],"wp:attachment":[{"href":"https:\/\/onderzoekschemicals.com\/et\/wp-json\/wp\/v2\/media?parent=27863"}],"wp:term":[{"taxonomy":"product_brand","embeddable":true,"href":"https:\/\/onderzoekschemicals.com\/et\/wp-json\/wp\/v2\/product_brand?post=27863"},{"taxonomy":"product_cat","embeddable":true,"href":"https:\/\/onderzoekschemicals.com\/et\/wp-json\/wp\/v2\/product_cat?post=27863"},{"taxonomy":"product_tag","embeddable":true,"href":"https:\/\/onderzoekschemicals.com\/et\/wp-json\/wp\/v2\/product_tag?post=27863"}],"curies":[{"name":"t\u00f6\u00f6leht","href":"https:\/\/api.w.org\/{rel}","templated":true}]}}