{"id":24610,"date":"2025-10-20T17:42:16","date_gmt":"2025-10-20T17:42:16","guid":{"rendered":"https:\/\/onderzoekschemicals.com\/?post_type=product&#038;p=24610"},"modified":"2025-11-28T04:35:14","modified_gmt":"2025-11-28T04:35:14","slug":"4-mpd-kopen","status":"publish","type":"product","link":"https:\/\/onderzoekschemicals.com\/et\/shop\/4-mpd\/4-mpd-kopen\/","title":{"rendered":"4-MPD (4-met\u00fc\u00fclpentedroon)"},"content":{"rendered":"<h3 data-start=\"3968\" data-end=\"3989\"><strong data-start=\"3972\" data-end=\"3987\"><span dir=\"auto\" style=\"vertical-align: inherit;\"><span dir=\"auto\" style=\"vertical-align: inherit;\">Sissejuhatus<\/span><\/span><\/strong><\/h3>\n<p data-start=\"3990\" data-end=\"4309\"><strong data-start=\"3990\" data-end=\"4020\"><span dir=\"auto\" style=\"vertical-align: inherit;\"><span dir=\"auto\" style=\"vertical-align: inherit;\">4-MPD (4-met\u00fc\u00fclpentedroon)<\/span><\/span><\/strong><span dir=\"auto\" style=\"vertical-align: inherit;\"><span dir=\"auto\" style=\"vertical-align: inherit;\"> on <\/span><\/span><strong data-start=\"4028\" data-end=\"4053\"><span dir=\"auto\" style=\"vertical-align: inherit;\"><span dir=\"auto\" style=\"vertical-align: inherit;\">s\u00fcnteetiline katinoon<\/span><\/span><\/strong><span dir=\"auto\" style=\"vertical-align: inherit;\"><span dir=\"auto\" style=\"vertical-align: inherit;\"> ja metamfetamiini \u03b2-keto analoog, mis kuulub asendatud katinoonide klassi. Struktuurilt sarnane selliste ainetega nagu 4-MMC (mefedroon) ja 4-MEC, on 4-MPD <\/span><\/span><strong data-start=\"4227\" data-end=\"4264\"><span dir=\"auto\" style=\"vertical-align: inherit;\"><span dir=\"auto\" style=\"vertical-align: inherit;\">v\u00e4\u00e4rtuslik anal\u00fc\u00fctiline standard<\/span><\/span><\/strong><span dir=\"auto\" style=\"vertical-align: inherit;\"><span dir=\"auto\" style=\"vertical-align: inherit;\"> kohtuekspertiisi ja farmakoloogia uuringutes. Osta 4-MPD-d<\/span><\/span><\/p>\n<p data-start=\"4311\" data-end=\"4693\"><span dir=\"auto\" style=\"vertical-align: inherit;\"><span dir=\"auto\" style=\"vertical-align: inherit;\">Uurimiskeskkondades <\/span><\/span><strong data-start=\"4345\" data-end=\"4354\"><span dir=\"auto\" style=\"vertical-align: inherit;\"><span dir=\"auto\" style=\"vertical-align: inherit;\">4-MPD<\/span><\/span><\/strong><span dir=\"auto\" style=\"vertical-align: inherit;\"><span dir=\"auto\" style=\"vertical-align: inherit;\"> kasutatakse \u00f5ppimiseks <\/span><\/span><strong data-start=\"4367\" data-end=\"4403\"><span dir=\"auto\" style=\"vertical-align: inherit;\"><span dir=\"auto\" style=\"vertical-align: inherit;\">monoamiini transporteri interaktsioonid<\/span><\/span><\/strong><span dir=\"auto\" style=\"vertical-align: inherit;\"><span dir=\"auto\" style=\"vertical-align: inherit;\"> , <\/span><\/span><strong data-start=\"4405\" data-end=\"4444\"><span dir=\"auto\" style=\"vertical-align: inherit;\"><span dir=\"auto\" style=\"vertical-align: inherit;\">struktuuri-aktiivsuse seosed (SAR-id)<\/span><\/span><\/strong><span dir=\"auto\" style=\"vertical-align: inherit;\"><span dir=\"auto\" style=\"vertical-align: inherit;\"> ja <\/span><\/span><strong data-start=\"4448\" data-end=\"4478\"><span dir=\"auto\" style=\"vertical-align: inherit;\"><span dir=\"auto\" style=\"vertical-align: inherit;\">metaboolsed omadused<\/span><\/span><\/strong><span dir=\"auto\" style=\"vertical-align: inherit;\"><span dir=\"auto\" style=\"vertical-align: inherit;\"> v\u00f5i s\u00fcnteetilised stimulandid. See toode on <\/span><\/span><strong data-start=\"4552\" data-end=\"4582\"><span dir=\"auto\" style=\"vertical-align: inherit;\"><span dir=\"auto\" style=\"vertical-align: inherit;\">k\u00f5rge puhtusastmega uurimiskemikaal<\/span><\/span><\/strong><span dir=\"auto\" style=\"vertical-align: inherit;\"><span dir=\"auto\" style=\"vertical-align: inherit;\"> m\u00f5eldud ainult laboratoorseks anal\u00fc\u00fcsiks ja keemiliseks v\u00f5rdluseks \u2013 <\/span><\/span><strong data-start=\"4655\" data-end=\"4690\"><span dir=\"auto\" style=\"vertical-align: inherit;\"><span dir=\"auto\" style=\"vertical-align: inherit;\">mitte inimtoiduks<\/span><\/span><\/strong><span dir=\"auto\" style=\"vertical-align: inherit;\"><span dir=\"auto\" style=\"vertical-align: inherit;\"> .<\/span><\/span><\/p>\n<hr data-start=\"4695\" data-end=\"4698\" \/>\n<h3 data-start=\"4700\" data-end=\"4731\"><strong data-start=\"4704\" data-end=\"4731\"><span dir=\"auto\" style=\"vertical-align: inherit;\"><span dir=\"auto\" style=\"vertical-align: inherit;\">Peamised omadused<\/span><\/span><\/strong><\/h3>\n<ul data-start=\"4733\" data-end=\"5135\">\n<li data-start=\"4733\" data-end=\"4775\">\n<p data-start=\"4735\" data-end=\"4775\"><strong data-start=\"4735\" data-end=\"4754\"><span dir=\"auto\" style=\"vertical-align: inherit;\"><span dir=\"auto\" style=\"vertical-align: inherit;\">Keemiline nimetus:<\/span><\/span><\/strong><span dir=\"auto\" style=\"vertical-align: inherit;\"><span dir=\"auto\" style=\"vertical-align: inherit;\"> 4-met\u00fc\u00fclpentedroon<\/span><\/span><\/p>\n<\/li>\n<li data-start=\"4776\" data-end=\"4840\">\n<p data-start=\"4778\" data-end=\"4840\"><strong data-start=\"4778\" data-end=\"4793\"><span dir=\"auto\" style=\"vertical-align: inherit;\"><span dir=\"auto\" style=\"vertical-align: inherit;\">IUPAC-nimetus:<\/span><\/span><\/strong><span dir=\"auto\" style=\"vertical-align: inherit;\"><span dir=\"auto\" style=\"vertical-align: inherit;\"> 2-(met\u00fc\u00fclamino)-1-(4-met\u00fc\u00fclfen\u00fc\u00fcl)pentaan-1-oon<\/span><\/span><\/p>\n<\/li>\n<li data-start=\"4841\" data-end=\"4874\">\n<p data-start=\"4843\" data-end=\"4874\"><strong data-start=\"4843\" data-end=\"4863\"><span dir=\"auto\" style=\"vertical-align: inherit;\"><span dir=\"auto\" style=\"vertical-align: inherit;\">Molekulaarne valem:<\/span><\/span><\/strong><span dir=\"auto\" style=\"vertical-align: inherit;\"><span dir=\"auto\" style=\"vertical-align: inherit;\"> C\u2081\u2083H\u2081\u2089NO<\/span><\/span><\/p>\n<\/li>\n<li data-start=\"4875\" data-end=\"4912\">\n<p data-start=\"4877\" data-end=\"4912\"><strong data-start=\"4877\" data-end=\"4897\"><span dir=\"auto\" style=\"vertical-align: inherit;\"><span dir=\"auto\" style=\"vertical-align: inherit;\">Molekulaarmass:<\/span><\/span><\/strong><span dir=\"auto\" style=\"vertical-align: inherit;\"><span dir=\"auto\" style=\"vertical-align: inherit;\"> 205,29 g\/mol<\/span><\/span><\/p>\n<\/li>\n<li data-start=\"4913\" data-end=\"4950\">\n<p data-start=\"4915\" data-end=\"4950\"><strong data-start=\"4915\" data-end=\"4924\"><span dir=\"auto\" style=\"vertical-align: inherit;\"><span dir=\"auto\" style=\"vertical-align: inherit;\">Vorm:<\/span><\/span><\/strong><span dir=\"auto\" style=\"vertical-align: inherit;\"><span dir=\"auto\" style=\"vertical-align: inherit;\"> Peen kristalliline pulber<\/span><\/span><\/p>\n<\/li>\n<li data-start=\"4951\" data-end=\"5003\">\n<p data-start=\"4953\" data-end=\"5003\"><strong data-start=\"4953\" data-end=\"4968\"><span dir=\"auto\" style=\"vertical-align: inherit;\"><span dir=\"auto\" style=\"vertical-align: inherit;\">Puhtus:<\/span><\/span><\/strong><span dir=\"auto\" style=\"vertical-align: inherit;\"><span dir=\"auto\" style=\"vertical-align: inherit;\"> \u2265 98% (kinnitatud GC\/MS ja NMR abil)<\/span><\/span><\/p>\n<\/li>\n<li data-start=\"5004\" data-end=\"5077\">\n<p data-start=\"5006\" data-end=\"5077\"><strong data-start=\"5006\" data-end=\"5018\"><span dir=\"auto\" style=\"vertical-align: inherit;\"><span dir=\"auto\" style=\"vertical-align: inherit;\">Kasutamine:<\/span><\/span><\/strong><span dir=\"auto\" style=\"vertical-align: inherit;\"><span dir=\"auto\" style=\"vertical-align: inherit;\"> Ainult anal\u00fc\u00fctiliseks, kohtumeditsiinilise ja keemiliseks uurimiseks<\/span><\/span><\/p>\n<\/li>\n<li data-start=\"5078\" data-end=\"5135\">\n<p data-start=\"5080\" data-end=\"5135\"><strong data-start=\"5080\" data-end=\"5095\"><span dir=\"auto\" style=\"vertical-align: inherit;\"><span dir=\"auto\" style=\"vertical-align: inherit;\">S\u00fcnon\u00fc\u00fcmid:<\/span><\/span><\/strong><span dir=\"auto\" style=\"vertical-align: inherit;\"><span dir=\"auto\" style=\"vertical-align: inherit;\"> 4-MPD, 4-Me-PD, 4-met\u00fc\u00fcl-\u03b1-pentedroon<\/span><\/span><\/p>\n<\/li>\n<\/ul>\n<hr data-start=\"5137\" data-end=\"5140\" \/>\n<h3 data-start=\"5142\" data-end=\"5159\"><strong data-start=\"5146\" data-end=\"5159\"><span dir=\"auto\" style=\"vertical-align: inherit;\"><span dir=\"auto\" style=\"vertical-align: inherit;\">Eelised<\/span><\/span><\/strong><\/h3>\n<ul data-start=\"5161\" data-end=\"5729\">\n<li data-start=\"5161\" data-end=\"5274\">\n<p data-start=\"5163\" data-end=\"5274\"><strong data-start=\"5163\" data-end=\"5193\"><span dir=\"auto\" style=\"vertical-align: inherit;\"><span dir=\"auto\" style=\"vertical-align: inherit;\">Anal\u00fc\u00fctiline v\u00f5rdlusaine<\/span><\/span><\/strong><span dir=\"auto\" style=\"vertical-align: inherit;\"><span dir=\"auto\" style=\"vertical-align: inherit;\"> \u2013 Sobib kalibreerimiseks, kvaliteedikontrolliks ja toksikoloogiliseks v\u00f5rdlemiseks.<\/span><\/span><\/p>\n<\/li>\n<li data-start=\"5275\" data-end=\"5397\">\n<p data-start=\"5277\" data-end=\"5397\"><strong data-start=\"5277\" data-end=\"5305\"><span dir=\"auto\" style=\"vertical-align: inherit;\"><span dir=\"auto\" style=\"vertical-align: inherit;\">Farmakoloogilised uuringud<\/span><\/span><\/strong><span dir=\"auto\" style=\"vertical-align: inherit;\"><span dir=\"auto\" style=\"vertical-align: inherit;\"> \u2013 Kasutatakse stimulantide analoogide ja neurotransporterite aktiivsuse uurimiseks.<\/span><\/span><\/p>\n<\/li>\n<li data-start=\"5398\" data-end=\"5511\">\n<p data-start=\"5400\" data-end=\"5511\"><strong data-start=\"5400\" data-end=\"5425\"><span dir=\"auto\" style=\"vertical-align: inherit;\"><span dir=\"auto\" style=\"vertical-align: inherit;\">V\u00f5rdlev anal\u00fc\u00fcs<\/span><\/span><\/strong><span dir=\"auto\" style=\"vertical-align: inherit;\"><span dir=\"auto\" style=\"vertical-align: inherit;\"> \u2013 Toetab SAR-uuringuid seotud katinoonide, n\u00e4iteks 3-MMC, 4-MMC ja 4-MEC, vahel. Osta 4mpd<\/span><\/span><\/p>\n<\/li>\n<li data-start=\"5512\" data-end=\"5614\">\n<p data-start=\"5514\" data-end=\"5614\"><strong data-start=\"5514\" data-end=\"5534\"><span dir=\"auto\" style=\"vertical-align: inherit;\"><span dir=\"auto\" style=\"vertical-align: inherit;\">K\u00f5rge stabiilsus<\/span><\/span><\/strong><span dir=\"auto\" style=\"vertical-align: inherit;\"><span dir=\"auto\" style=\"vertical-align: inherit;\"> \u2013 Kristalliline vorm pakub suurep\u00e4rast s\u00e4ilivusaega ja reprodutseeritavust.<\/span><\/span><\/p>\n<\/li>\n<li data-start=\"5615\" data-end=\"5729\">\n<p data-start=\"5617\" data-end=\"5729\"><strong data-start=\"5617\" data-end=\"5646\"><span dir=\"auto\" style=\"vertical-align: inherit;\"><span dir=\"auto\" style=\"vertical-align: inherit;\">Sertifitseeritud kvaliteet<\/span><\/span><\/strong><span dir=\"auto\" style=\"vertical-align: inherit;\"><span dir=\"auto\" style=\"vertical-align: inherit;\"> \u2013 Toodetud kontrollitud laboritingimustes; autentsussertifikaat saadaval.<\/span><\/span><\/p>\n<\/li>\n<\/ul>\n<hr data-start=\"5731\" data-end=\"5734\" \/>\n<h3 data-start=\"5736\" data-end=\"5788\"><strong data-start=\"5740\" data-end=\"5786\"><span dir=\"auto\" style=\"vertical-align: inherit;\"><span dir=\"auto\" style=\"vertical-align: inherit;\">Kasutamine (ainult uurimist\u00f6\u00f6 eesm\u00e4rgil)<\/span><\/span><\/strong><\/h3>\n<blockquote data-start=\"5790\" data-end=\"5944\">\n<p data-start=\"5792\" data-end=\"5944\">\u26a0\ufe0f <strong data-start=\"5795\" data-end=\"5806\"><span dir=\"auto\" style=\"vertical-align: inherit;\"><span dir=\"auto\" style=\"vertical-align: inherit;\">Palun arvestage:<\/span><\/span><\/strong><span dir=\"auto\" style=\"vertical-align: inherit;\"><span dir=\"auto\" style=\"vertical-align: inherit;\"> 4-MPD on m\u00f5eldud ainult <\/span><\/span><strong data-start=\"5841\" data-end=\"5882\"><span dir=\"auto\" style=\"vertical-align: inherit;\"><span dir=\"auto\" style=\"vertical-align: inherit;\">laboratoorsed ja anal\u00fc\u00fctilised uuringud<\/span><\/span><\/strong><span dir=\"auto\" style=\"vertical-align: inherit;\"><span dir=\"auto\" style=\"vertical-align: inherit;\"> ja <\/span><\/span><strong data-start=\"5886\" data-end=\"5943\"><span dir=\"auto\" style=\"vertical-align: inherit;\"><span dir=\"auto\" style=\"vertical-align: inherit;\">ei sobi inimeste ega loomade toiduks<\/span><\/span><\/strong><span dir=\"auto\" style=\"vertical-align: inherit;\"><span dir=\"auto\" style=\"vertical-align: inherit;\"> .<\/span><\/span><\/p>\n<\/blockquote>\n<ol data-start=\"5946\" data-end=\"6422\">\n<li data-start=\"5946\" data-end=\"6069\">\n<p data-start=\"5949\" data-end=\"6069\"><strong data-start=\"5949\" data-end=\"5963\"><span dir=\"auto\" style=\"vertical-align: inherit;\"><span dir=\"auto\" style=\"vertical-align: inherit;\">K\u00e4itlemine \u2013<\/span><\/span><\/strong><span dir=\"auto\" style=\"vertical-align: inherit;\"><span dir=\"auto\" style=\"vertical-align: inherit;\"> Kandke kindaid, kaitseprille ja laborikitlit; t\u00f6\u00f6tage t\u00f5mbekappi all v\u00f5i h\u00e4sti ventileeritavas kohas.<\/span><\/span><\/p>\n<\/li>\n<li data-start=\"6070\" data-end=\"6145\">\n<p data-start=\"6073\" data-end=\"6145\"><strong data-start=\"6073\" data-end=\"6085\"><span dir=\"auto\" style=\"vertical-align: inherit;\"><span dir=\"auto\" style=\"vertical-align: inherit;\">M\u00f5\u00f5tmised<\/span><\/span><\/strong><span dir=\"auto\" style=\"vertical-align: inherit;\"><span dir=\"auto\" style=\"vertical-align: inherit;\"> \u2013 T\u00e4pse doseerimise tagamiseks kasutage anal\u00fc\u00fctilisi kaalusid.<\/span><\/span><\/p>\n<\/li>\n<li data-start=\"6146\" data-end=\"6234\">\n<p data-start=\"6149\" data-end=\"6234\"><strong data-start=\"6149\" data-end=\"6159\"><span dir=\"auto\" style=\"vertical-align: inherit;\"><span dir=\"auto\" style=\"vertical-align: inherit;\">Ladustamine<\/span><\/span><\/strong><span dir=\"auto\" style=\"vertical-align: inherit;\"><span dir=\"auto\" style=\"vertical-align: inherit;\"> \u2013 Hoida jahedas, kuivas ja pimedas kohas; pikaajaline s\u00e4ilitamine on soovitatav temperatuuril 2\u20138 \u00b0C.<\/span><\/span><\/p>\n<\/li>\n<li data-start=\"6235\" data-end=\"6310\">\n<p data-start=\"6238\" data-end=\"6310\"><strong data-start=\"6238\" data-end=\"6249\"><span dir=\"auto\" style=\"vertical-align: inherit;\"><span dir=\"auto\" style=\"vertical-align: inherit;\">Anal\u00fc\u00fcs<\/span><\/span><\/strong><span dir=\"auto\" style=\"vertical-align: inherit;\"><span dir=\"auto\" style=\"vertical-align: inherit;\"> \u2013 Sobib GC\/MS, LC-MS, HPLC, FTIR ja NMR uuringuteks.<\/span><\/span><\/p>\n<\/li>\n<li data-start=\"6311\" data-end=\"6422\">\n<p data-start=\"6314\" data-end=\"6422\"><strong data-start=\"6314\" data-end=\"6330\"><span dir=\"auto\" style=\"vertical-align: inherit;\"><span dir=\"auto\" style=\"vertical-align: inherit;\">Dokumentatsioon<\/span><\/span><\/strong><span dir=\"auto\" style=\"vertical-align: inherit;\"><span dir=\"auto\" style=\"vertical-align: inherit;\"> \u2013 Registreerige partiinumbrid, puhtus ja testitulemused vastavuse ja j\u00e4lgitavuse tagamiseks.<\/span><\/span><\/p>\n<\/li>\n<\/ol>\n<hr data-start=\"6424\" data-end=\"6427\" \/>\n<h3 data-start=\"6429\" data-end=\"6464\"><strong data-start=\"6433\" data-end=\"6462\"><span dir=\"auto\" style=\"vertical-align: inherit;\"><span dir=\"auto\" style=\"vertical-align: inherit;\">Korduma kippuvad k\u00fcsimused (KKK)<\/span><\/span><\/strong><\/h3>\n<p data-start=\"6466\" data-end=\"6693\"><strong data-start=\"6466\" data-end=\"6486\"><span dir=\"auto\" style=\"vertical-align: inherit;\"><span dir=\"auto\" style=\"vertical-align: inherit;\">1. Mis on 4-MPD?<\/span><\/span><\/strong><br data-start=\"6486\" data-end=\"6489\" \/><span dir=\"auto\" style=\"vertical-align: inherit;\"><span dir=\"auto\" style=\"vertical-align: inherit;\"> 4-MPD (4-met\u00fc\u00fclpentedroon) on s\u00fcnteetiline <\/span><\/span><strong data-start=\"6536\" data-end=\"6564\"><span dir=\"auto\" style=\"vertical-align: inherit;\"><span dir=\"auto\" style=\"vertical-align: inherit;\">asendatud katinoon<\/span><\/span><\/strong><span dir=\"auto\" style=\"vertical-align: inherit;\"><span dir=\"auto\" style=\"vertical-align: inherit;\"> kuulub samasse perekonda kui mefedroon (4-MMC). Seda kasutatakse ainult keemiliseks ja kohtumeditsiiniliseks testimiseks.<\/span><\/span><\/p>\n<p data-start=\"6695\" data-end=\"6941\"><strong data-start=\"6695\" data-end=\"6730\"><span dir=\"auto\" style=\"vertical-align: inherit;\"><span dir=\"auto\" style=\"vertical-align: inherit;\">2. Kas 4-MPD ostmine on seaduslik?<\/span><\/span><\/strong><br data-start=\"6730\" data-end=\"6733\" \/><span dir=\"auto\" style=\"vertical-align: inherit;\"><span dir=\"auto\" style=\"vertical-align: inherit;\"> See <\/span><\/span><strong data-start=\"6736\" data-end=\"6760\"><span dir=\"auto\" style=\"vertical-align: inherit;\"><span dir=\"auto\" style=\"vertical-align: inherit;\">4-MPD seaduslikkus<\/span><\/span><\/strong><span dir=\"auto\" style=\"vertical-align: inherit;\"><span dir=\"auto\" style=\"vertical-align: inherit;\"> varieerub riigiti. M\u00f5nes riigis on see klassifitseeritud uurimiskemikaaliks, teistes kontrollitavaks aineks. Enne ostmist kontrollige alati kohalikke eeskirju.<\/span><\/span><\/p>\n<p data-start=\"6943\" data-end=\"7138\"><strong data-start=\"6943\" data-end=\"6993\"><span dir=\"auto\" style=\"vertical-align: inherit;\"><span dir=\"auto\" style=\"vertical-align: inherit;\">3. Milleks 4-MPD-d uurimist\u00f6\u00f6s kasutatakse?<\/span><\/span><\/strong><br data-start=\"6993\" data-end=\"6996\" \/><span dir=\"auto\" style=\"vertical-align: inherit;\"><span dir=\"auto\" style=\"vertical-align: inherit;\"> Seda kasutatakse <\/span><\/span><strong data-start=\"7020\" data-end=\"7047\"><span dir=\"auto\" style=\"vertical-align: inherit;\"><span dir=\"auto\" style=\"vertical-align: inherit;\">toksikoloogiaalased uuringud<\/span><\/span><\/strong><span dir=\"auto\" style=\"vertical-align: inherit;\"><span dir=\"auto\" style=\"vertical-align: inherit;\"> , <\/span><\/span><strong data-start=\"7049\" data-end=\"7064\"><span dir=\"auto\" style=\"vertical-align: inherit;\"><span dir=\"auto\" style=\"vertical-align: inherit;\">SAR-uuringud<\/span><\/span><\/strong><span dir=\"auto\" style=\"vertical-align: inherit;\"><span dir=\"auto\" style=\"vertical-align: inherit;\"> ja <\/span><\/span><strong data-start=\"7069\" data-end=\"7106\"><span dir=\"auto\" style=\"vertical-align: inherit;\"><span dir=\"auto\" style=\"vertical-align: inherit;\">stimulantide analoogide anal\u00fc\u00fcs<\/span><\/span><\/strong><span dir=\"auto\" style=\"vertical-align: inherit;\"><span dir=\"auto\" style=\"vertical-align: inherit;\"> kohtukeemias. <\/span><\/span><a href=\"https:\/\/onderzoekschemicals.com\/et\/shop\/okategoriserad\/4mmc-kopen\/\"><span dir=\"auto\" style=\"vertical-align: inherit;\"><span dir=\"auto\" style=\"vertical-align: inherit;\">Osta 4mmc, osta <\/span><\/span><\/a><a href=\"https:\/\/onderzoekschemicals.com\/et\/shop\/okategoriserad\/benzocaine-powder\/\"><span dir=\"auto\" style=\"vertical-align: inherit;\"><span dir=\"auto\" style=\"vertical-align: inherit;\">bensokaiini pulber, <\/span><\/span><\/a><a href=\"https:\/\/onderzoekschemicals.com\/et\/shop\/okategoriserad\/fentanyl-kopen\/\"><span dir=\"auto\" style=\"vertical-align: inherit;\"><span dir=\"auto\" style=\"vertical-align: inherit;\">osta fentan\u00fc\u00fcli.<\/span><\/span><\/a><\/p>","protected":false},"excerpt":{"rendered":"<h2><span dir=\"auto\" style=\"vertical-align: inherit;\"><span dir=\"auto\" style=\"vertical-align: inherit;\"><span dir=\"auto\" style=\"vertical-align: inherit;\"><span dir=\"auto\" style=\"vertical-align: inherit;\">4-MPD omadused<\/span><\/span><\/span><\/span><\/h2>\n<p><strong><span dir=\"auto\" style=\"vertical-align: inherit;\"><span dir=\"auto\" style=\"vertical-align: inherit;\"><span dir=\"auto\" style=\"vertical-align: inherit;\"><span dir=\"auto\" style=\"vertical-align: inherit;\">S\u00fcnon\u00fc\u00fcm:<\/span><\/span><\/span><\/span><\/strong><span dir=\"auto\" style=\"vertical-align: inherit;\"><span dir=\"auto\" style=\"vertical-align: inherit;\"><span dir=\"auto\" style=\"vertical-align: inherit;\"><span dir=\"auto\" style=\"vertical-align: inherit;\"> 4-met\u00fc\u00fclpentedroon <\/span><\/span><\/span><\/span><strong><br \/>\n<span dir=\"auto\" style=\"vertical-align: inherit;\"><span dir=\"auto\" style=\"vertical-align: inherit;\"><span dir=\"auto\" style=\"vertical-align: inherit;\"><span dir=\"auto\" style=\"vertical-align: inherit;\">CAS-number<\/span><\/span><\/span><\/span><\/strong><span dir=\"auto\" style=\"vertical-align: inherit;\"><span dir=\"auto\" style=\"vertical-align: inherit;\"><span dir=\"auto\" style=\"vertical-align: inherit;\"><span dir=\"auto\" style=\"vertical-align: inherit;\"> : 1373918-61-6 <\/span><\/span><\/span><\/span><br \/>\n<strong><span dir=\"auto\" style=\"vertical-align: inherit;\"><span dir=\"auto\" style=\"vertical-align: inherit;\"><span dir=\"auto\" style=\"vertical-align: inherit;\"><span dir=\"auto\" style=\"vertical-align: inherit;\">Valem<\/span><\/span><\/span><\/span><\/strong><span dir=\"auto\" style=\"vertical-align: inherit;\"><span dir=\"auto\" style=\"vertical-align: inherit;\"><span dir=\"auto\" style=\"vertical-align: inherit;\"><span dir=\"auto\" style=\"vertical-align: inherit;\"> : <\/span><\/span><\/span><\/span><span title=\"S\u00fcsinik\"><span dir=\"auto\" style=\"vertical-align: inherit;\"><span dir=\"auto\" style=\"vertical-align: inherit;\"><span dir=\"auto\" style=\"vertical-align: inherit;\"><span dir=\"auto\" style=\"vertical-align: inherit;\">C <\/span><\/span><\/span><\/span><\/span><sub><span dir=\"auto\" style=\"vertical-align: inherit;\"><span dir=\"auto\" style=\"vertical-align: inherit;\"><span dir=\"auto\" style=\"vertical-align: inherit;\"><span dir=\"auto\" style=\"vertical-align: inherit;\">13 <\/span><\/span><\/span><\/span><\/sub><span title=\"Vesinik\"><span dir=\"auto\" style=\"vertical-align: inherit;\"><span dir=\"auto\" style=\"vertical-align: inherit;\"><span dir=\"auto\" style=\"vertical-align: inherit;\"><span dir=\"auto\" style=\"vertical-align: inherit;\">H <\/span><\/span><\/span><\/span><\/span><sub><span dir=\"auto\" style=\"vertical-align: inherit;\"><span dir=\"auto\" style=\"vertical-align: inherit;\"><span dir=\"auto\" style=\"vertical-align: inherit;\"><span dir=\"auto\" style=\"vertical-align: inherit;\">19 <\/span><\/span><\/span><\/span><\/sub><span title=\"L\u00e4mmastik\"><span dir=\"auto\" style=\"vertical-align: inherit;\"><span dir=\"auto\" style=\"vertical-align: inherit;\"><span dir=\"auto\" style=\"vertical-align: inherit;\"><span dir=\"auto\" style=\"vertical-align: inherit;\">N <\/span><\/span><\/span><\/span><\/span><span title=\"Hapnik\"><span dir=\"auto\" style=\"vertical-align: inherit;\"><span dir=\"auto\" style=\"vertical-align: inherit;\"><span dir=\"auto\" style=\"vertical-align: inherit;\"><span dir=\"auto\" style=\"vertical-align: inherit;\">O <\/span><\/span><\/span><\/span><\/span><br \/>\n<strong><span dir=\"auto\" style=\"vertical-align: inherit;\"><span dir=\"auto\" style=\"vertical-align: inherit;\"><span dir=\"auto\" style=\"vertical-align: inherit;\"><span dir=\"auto\" style=\"vertical-align: inherit;\">Mooli mass<\/span><\/span><\/span><\/span><\/strong><span dir=\"auto\" style=\"vertical-align: inherit;\"><span dir=\"auto\" style=\"vertical-align: inherit;\"><span dir=\"auto\" style=\"vertical-align: inherit;\"><span dir=\"auto\" style=\"vertical-align: inherit;\"> : 205.301 <\/span><\/span><\/span><\/span><br \/>\n<strong><span dir=\"auto\" style=\"vertical-align: inherit;\"><span dir=\"auto\" style=\"vertical-align: inherit;\"><span dir=\"auto\" style=\"vertical-align: inherit;\"><span dir=\"auto\" style=\"vertical-align: inherit;\">Puhtus<\/span><\/span><\/span><\/span><\/strong><span dir=\"auto\" style=\"vertical-align: inherit;\"><span dir=\"auto\" style=\"vertical-align: inherit;\"><span dir=\"auto\" style=\"vertical-align: inherit;\"><span dir=\"auto\" style=\"vertical-align: inherit;\"> : \u226598%<\/span><\/span><\/span><\/span><\/p>","protected":false},"featured_media":29268,"comment_status":"closed","ping_status":"closed","template":"","meta":[],"product_brand":[],"product_cat":[374,322,79],"product_tag":[666,630,326],"class_list":{"0":"post-24610","1":"product","2":"type-product","3":"status-publish","4":"has-post-thumbnail","6":"product_cat-4-mpd","7":"product_cat-bijna-verboden","8":"product_cat-cathinonen","9":"product_tag-4-mpd","10":"product_tag-4-mpd-kopen","11":"product_tag-nl","13":"first","14":"instock","15":"taxable","16":"shipping-taxable","17":"purchasable","18":"product-type-variable"},"_links":{"self":[{"href":"https:\/\/onderzoekschemicals.com\/et\/wp-json\/wp\/v2\/product\/24610","targetHints":{"allow":["GET"]}}],"collection":[{"href":"https:\/\/onderzoekschemicals.com\/et\/wp-json\/wp\/v2\/product"}],"about":[{"href":"https:\/\/onderzoekschemicals.com\/et\/wp-json\/wp\/v2\/types\/product"}],"replies":[{"embeddable":true,"href":"https:\/\/onderzoekschemicals.com\/et\/wp-json\/wp\/v2\/comments?post=24610"}],"version-history":[{"count":6,"href":"https:\/\/onderzoekschemicals.com\/et\/wp-json\/wp\/v2\/product\/24610\/revisions"}],"predecessor-version":[{"id":28661,"href":"https:\/\/onderzoekschemicals.com\/et\/wp-json\/wp\/v2\/product\/24610\/revisions\/28661"}],"wp:featuredmedia":[{"embeddable":true,"href":"https:\/\/onderzoekschemicals.com\/et\/wp-json\/wp\/v2\/media\/29268"}],"wp:attachment":[{"href":"https:\/\/onderzoekschemicals.com\/et\/wp-json\/wp\/v2\/media?parent=24610"}],"wp:term":[{"taxonomy":"product_brand","embeddable":true,"href":"https:\/\/onderzoekschemicals.com\/et\/wp-json\/wp\/v2\/product_brand?post=24610"},{"taxonomy":"product_cat","embeddable":true,"href":"https:\/\/onderzoekschemicals.com\/et\/wp-json\/wp\/v2\/product_cat?post=24610"},{"taxonomy":"product_tag","embeddable":true,"href":"https:\/\/onderzoekschemicals.com\/et\/wp-json\/wp\/v2\/product_tag?post=24610"}],"curies":[{"name":"t\u00f6\u00f6leht","href":"https:\/\/api.w.org\/{rel}","templated":true}]}}