{"id":24451,"date":"2025-10-20T17:41:45","date_gmt":"2025-10-20T17:41:45","guid":{"rendered":"https:\/\/onderzoekschemicals.com\/?post_type=product&#038;p=24451"},"modified":"2025-10-21T16:13:08","modified_gmt":"2025-10-21T16:13:08","slug":"dmxe-psychonaut","status":"publish","type":"product","link":"https:\/\/onderzoekschemicals.com\/et\/shop\/arylcyclohexylamine\/dmxe-psychonaut\/","title":{"rendered":"D-MEX DMXE 40mg graanulid"},"content":{"rendered":"<h3 data-start=\"4075\" data-end=\"4096\"><strong data-start=\"4079\" data-end=\"4094\">Sissejuhatus<\/strong><\/h3>\n<p data-start=\"4097\" data-end=\"4511\"><strong data-start=\"4097\" data-end=\"4124\">D-MEX DMXE 40mg graanulid<\/strong> sisaldama <strong data-start=\"4134\" data-end=\"4175\">t\u00e4pselt kaalutud 40 mg graanulid<\/strong> <strong data-start=\"4176\" data-end=\"4208\">DMXE (3D-metoks\u00fc-2\u2032-okso-PCE)<\/strong> - \u00dcks <strong data-start=\"4215\" data-end=\"4262\">dissotsiatiivne ar\u00fc\u00fclts\u00fckloheks\u00fc\u00fclamiini \u00fchend<\/strong> sees <strong data-start=\"4273\" data-end=\"4308\">NMDA retseptori antagonistide klass<\/strong>.dmxe ps\u00fchhonaut<br data-start=\"4309\" data-end=\"4312\" \/>Struktuuriliselt on see <strong data-start=\"4327\" data-end=\"4380\">DMXE (tuntud ka kui deoks\u00fcmetoks\u00fcetamiin v\u00f5i D-MEX)<\/strong> seotud <strong data-start=\"4393\" data-end=\"4400\">MXE<\/strong> ja <strong data-start=\"4404\" data-end=\"4411\">DXE<\/strong>, muutes selle v\u00e4\u00e4rtuslikuks aineks <strong data-start=\"4455\" data-end=\"4508\">neurokeemilised, kohtuekspertiisi ja anal\u00fc\u00fctilised uuringud<\/strong>.<\/p>\n<p data-start=\"4513\" data-end=\"4764\">Iga pellet on toodetud koos <strong data-start=\"4552\" data-end=\"4588\">laboratoorne puhtus \u2265 98%<\/strong> ja pakitud \u00fchte <strong data-start=\"4607\" data-end=\"4641\">kaitsev blisterpakend<\/strong> stabiilsuse ja t\u00e4psuse tagamiseks. <strong data-start=\"4681\" data-end=\"4695\">40 mg annus<\/strong> on ideaalne <strong data-start=\"4711\" data-end=\"4761\">kromatograafilised ja spektroskoopilised anal\u00fc\u00fcsid<\/strong>.<\/p>\n<blockquote data-start=\"4766\" data-end=\"4912\">\n<p data-start=\"4768\" data-end=\"4912\">\u26a0\ufe0f <strong data-start=\"4771\" data-end=\"4782\">NB!<\/strong> See toode on ette n\u00e4htud ainult <strong data-start=\"4823\" data-end=\"4858\">teadus- ja anal\u00fc\u00fctiline kasutamine<\/strong> \u2014 <strong data-start=\"4861\" data-end=\"4909\">mitte inimtoiduks ega loomade toiduks<\/strong>.<\/p>\n<\/blockquote>\n<hr data-start=\"4914\" data-end=\"4917\" \/>\n<h3 data-start=\"4919\" data-end=\"4950\"><strong data-start=\"4923\" data-end=\"4950\">Peamised omadused<\/strong><\/h3>\n<div class=\"_tableContainer_1rjym_1\">\n<div class=\"group _tableWrapper_1rjym_13 flex w-fit flex-col-reverse\" tabindex=\"-1\">\n<table class=\"w-fit min-w-(--thread-content-width)\" data-start=\"4952\" data-end=\"5502\">\n<thead data-start=\"4952\" data-end=\"4978\">\n<tr data-start=\"4952\" data-end=\"4978\">\n<th data-start=\"4952\" data-end=\"4962\" data-col-size=\"sm\">Funktsioon<\/th>\n<th data-start=\"4962\" data-end=\"4978\" data-col-size=\"md\">Kirjeldus<\/th>\n<\/tr>\n<\/thead>\n<tbody data-start=\"5007\" data-end=\"5502\">\n<tr data-start=\"5007\" data-end=\"5053\">\n<td data-start=\"5007\" data-end=\"5028\" data-col-size=\"sm\"><strong data-start=\"5009\" data-end=\"5027\">Keemiline nimetus<\/strong><\/td>\n<td data-start=\"5028\" data-end=\"5053\" data-col-size=\"md\">3D-metoks\u00fc-2\u2032-okso-PCE<\/td>\n<\/tr>\n<tr data-start=\"5054\" data-end=\"5095\">\n<td data-start=\"5054\" data-end=\"5079\" data-col-size=\"sm\"><strong data-start=\"5056\" data-end=\"5078\">\u00dcldnimetus<\/strong><\/td>\n<td data-start=\"5079\" data-end=\"5095\" data-col-size=\"md\">DMXE \/ D-MEX<\/td>\n<\/tr>\n<tr data-start=\"5096\" data-end=\"5133\">\n<td data-start=\"5096\" data-end=\"5120\" data-col-size=\"sm\"><strong data-start=\"5098\" data-end=\"5119\">Keemiline valem<\/strong><\/td>\n<td data-start=\"5120\" data-end=\"5133\" data-col-size=\"md\">C\u2081\u2084H\u2081\u2089NO\u2082<\/td>\n<\/tr>\n<tr data-start=\"5134\" data-end=\"5172\">\n<td data-start=\"5134\" data-end=\"5156\" data-col-size=\"sm\"><strong data-start=\"5136\" data-end=\"5155\">Molekulaarmass<\/strong><\/td>\n<td data-start=\"5156\" data-end=\"5172\" data-col-size=\"md\">233,31 g\/mol<\/td>\n<\/tr>\n<tr data-start=\"5173\" data-end=\"5207\">\n<td data-start=\"5173\" data-end=\"5188\" data-col-size=\"sm\"><strong data-start=\"5175\" data-end=\"5187\">Annustamine<\/strong><\/td>\n<td data-start=\"5188\" data-end=\"5207\" data-col-size=\"md\">40 mg pelleti kohta<\/td>\n<\/tr>\n<tr data-start=\"5208\" data-end=\"5255\">\n<td data-start=\"5208\" data-end=\"5219\" data-col-size=\"sm\"><strong data-start=\"5210\" data-end=\"5218\">Vorm<\/strong><\/td>\n<td data-start=\"5219\" data-end=\"5255\" data-col-size=\"md\">Tahke pellet (blisterpakend)<\/td>\n<\/tr>\n<tr data-start=\"5256\" data-end=\"5307\">\n<td data-start=\"5256\" data-end=\"5273\" data-col-size=\"sm\"><strong data-start=\"5258\" data-end=\"5272\">Puhtus<\/strong><\/td>\n<td data-start=\"5273\" data-end=\"5307\" data-col-size=\"md\">\u2265 98% (testitud HPLC ja NMR abil)<\/td>\n<\/tr>\n<tr data-start=\"5308\" data-end=\"5372\">\n<td data-start=\"5308\" data-end=\"5331\" data-col-size=\"sm\"><strong data-start=\"5310\" data-end=\"5330\">Keemiline klass<\/strong><\/td>\n<td data-start=\"5331\" data-end=\"5372\" data-col-size=\"md\">Ar\u00fc\u00fclts\u00fckloheks\u00fc\u00fclamiini\/NMDA antagonist<\/td>\n<\/tr>\n<tr data-start=\"5373\" data-end=\"5452\">\n<td data-start=\"5373\" data-end=\"5387\" data-col-size=\"sm\"><strong data-start=\"5375\" data-end=\"5386\">Kasutus<\/strong><\/td>\n<td data-start=\"5387\" data-end=\"5452\" data-col-size=\"md\">Ainult anal\u00fc\u00fctiliseks, kohtuekspertiisi ja neurokeemilisteks uuringuteks<\/td>\n<\/tr>\n<tr data-start=\"5453\" data-end=\"5502\">\n<td data-start=\"5453\" data-end=\"5470\" data-col-size=\"sm\"><strong data-start=\"5455\" data-end=\"5469\">Pakend<\/strong><\/td>\n<td data-start=\"5470\" data-end=\"5502\" data-col-size=\"md\">Blisterriba koos tihendiga<\/td>\n<\/tr>\n<\/tbody>\n<\/table>\n<\/div>\n<\/div>\n<hr data-start=\"5504\" data-end=\"5507\" \/>\n<h3 data-start=\"5509\" data-end=\"5526\"><strong data-start=\"5513\" data-end=\"5526\">Eelised<\/strong><\/h3>\n<ul data-start=\"5528\" data-end=\"5976\">\n<li data-start=\"5528\" data-end=\"5620\">\n<p data-start=\"5530\" data-end=\"5620\"><strong data-start=\"5530\" data-end=\"5549\">K\u00f5rge puhtusastmega<\/strong> \u2013 \u2265 98% laborikvaliteet usaldusv\u00e4\u00e4rsete uurimistulemuste tagamiseks.<\/p>\n<\/li>\n<li data-start=\"5621\" data-end=\"5700\">\n<p data-start=\"5623\" data-end=\"5700\"><strong data-start=\"5623\" data-end=\"5647\">T\u00e4pne annustamine<\/strong> \u2013 40 mg pelleti kohta tagab j\u00e4rjepideva m\u00f5\u00f5tmise.<\/p>\n<\/li>\n<li data-start=\"5701\" data-end=\"5787\">\n<p data-start=\"5703\" data-end=\"5787\"><strong data-start=\"5703\" data-end=\"5728\">Kaitsev pakend<\/strong> \u2013 Blisterpakend hoiab \u00e4ra saastumise ja lagunemise.<\/p>\n<\/li>\n<li data-start=\"5788\" data-end=\"5881\">\n<p data-start=\"5790\" data-end=\"5881\"><strong data-start=\"5790\" data-end=\"5820\">Laialdaselt uurimist\u00f6\u00f6dele kohaldatav<\/strong> \u2013 Sobib GC\/MS, LC-MS, FTIR, HPLC ja spektroskoopia jaoks.<\/p>\n<\/li>\n<li data-start=\"5882\" data-end=\"5976\">\n<p data-start=\"5884\" data-end=\"5976\"><strong data-start=\"5884\" data-end=\"5912\">Kontrollitud tootmine<\/strong> \u2013 T\u00e4ielikult j\u00e4lgitav tootmine laboritingimustes.<\/p>\n<\/li>\n<\/ul>\n<hr data-start=\"5978\" data-end=\"5981\" \/>\n<h3 data-start=\"5983\" data-end=\"6035\"><strong data-start=\"5987\" data-end=\"6033\">Kasutamine (ainult uurimist\u00f6\u00f6 eesm\u00e4rgil)<\/strong><\/h3>\n<ol data-start=\"6037\" data-end=\"6479\">\n<li data-start=\"6037\" data-end=\"6148\">\n<p data-start=\"6040\" data-end=\"6148\"><strong data-start=\"6040\" data-end=\"6055\">K\u00e4itlemine:<\/strong> Kandke kindaid, kaitseprille ja laborikitlit; t\u00f6\u00f6tage kontrollitud tingimustes.<\/p>\n<\/li>\n<li data-start=\"6149\" data-end=\"6232\">\n<p data-start=\"6152\" data-end=\"6232\"><strong data-start=\"6152\" data-end=\"6165\">M\u00f5\u00f5dud:<\/strong> Iga pellet sisaldab 40 mg; ainult laborikasutuseks.<\/p>\n<\/li>\n<li data-start=\"6233\" data-end=\"6311\">\n<p data-start=\"6236\" data-end=\"6311\"><strong data-start=\"6236\" data-end=\"6247\">S\u00e4ilitamine:<\/strong> Hoida originaalpakendis jahedas (2\u20138 \u00b0C), kuivas ja pimedas.<\/p>\n<\/li>\n<li data-start=\"6312\" data-end=\"6403\">\n<p data-start=\"6315\" data-end=\"6403\"><strong data-start=\"6315\" data-end=\"6327\">Anal\u00fc\u00fcs:<\/strong> Sobib kromatograafiaks, spektroskoopiaks ja kohtuekspertiisiks.<\/p>\n<\/li>\n<li data-start=\"6404\" data-end=\"6479\">\n<p data-start=\"6407\" data-end=\"6479\"><strong data-start=\"6407\" data-end=\"6424\">Dokumentatsioon:<\/strong> N\u00f5uetele vastavuse tagamiseks registreerige partiinumbrid ja testi tulemused. dmxe psychonaut<\/p>\n<\/li>\n<\/ol>\n<hr data-start=\"6481\" data-end=\"6484\" \/>\n<h3 data-start=\"6486\" data-end=\"6521\"><strong data-start=\"6490\" data-end=\"6519\">Korduma kippuvad k\u00fcsimused (KKK)<\/strong><\/h3>\n<p data-start=\"6523\" data-end=\"6721\"><strong data-start=\"6523\" data-end=\"6550\">1. Mis on DMXE (D-MEX)?<\/strong><br data-start=\"6550\" data-end=\"6553\" \/><strong data-start=\"6553\" data-end=\"6585\">DMXE (3D-metoks\u00fc-2\u2032-okso-PCE)<\/strong>, tuntud ka kui <strong data-start=\"6602\" data-end=\"6611\">D-MEX<\/strong>, on a <strong data-start=\"6620\" data-end=\"6648\">dissotsiatiivne seos<\/strong> mida kasutatakse NMDA retseptori sidumise laboratoorsetes uuringutes.<\/p>\n<p data-start=\"6723\" data-end=\"6869\"><strong data-start=\"6723\" data-end=\"6771\">2. Mis on D-MEX DMXE 40mg graanulites?<\/strong><br data-start=\"6771\" data-end=\"6774\" \/>Iga pellet sisaldab <strong data-start=\"6792\" data-end=\"6824\">40 mg DMXE-d (puhtus \u2265 98%)<\/strong>, toodetud laboritingimustes. <a href=\"https:\/\/onderzoekschemicals.com\/et\/shop\/okategoriserad\/4mmc-kopen\/\">osta 4mmc<\/a><a href=\"https:\/\/onderzoekschemicals.com\/et\/shop\/okategoriserad\/benzocaine-powder\/\">bensokaiini pulber<\/a><\/p>\n<p data-start=\"6871\" data-end=\"7079\"><strong data-start=\"6871\" data-end=\"6909\">3. Kas DMXE ostmine on seaduslik?<\/strong><br data-start=\"6909\" data-end=\"6912\" \/>See <strong data-start=\"6915\" data-end=\"6938\">DMXE seaduslikkus<\/strong> varieerub riigiti. M\u00f5nes riigis peetakse seda kontrollitavaks aineks. Enne kasutamist kontrollige alati kohalikke eeskirju. <strong data-start=\"7062\" data-end=\"7076\">DMXE ostab<\/strong>.<\/p>\n<div class=\"markdown-table-wrapper\"><\/div>","protected":false},"excerpt":{"rendered":"<p>Sissejuhatus D-MEX DMXE 40mg graanulid sisaldavad t\u00e4pselt kaalutud 40 mg DMXE (3D-metoks\u00fc-2\u2032-okso-PCE) graanuleid \u2013 dissotsiatiivset ar\u00fc\u00fclts\u00fckloheks\u00fc\u00fclamiin\u00fchendit NMDA retseptori antagonistide klassis.<\/p>","protected":false},"featured_media":21436,"comment_status":"closed","ping_status":"closed","template":"","meta":[],"product_brand":[82],"product_cat":[71,406,429,324,398],"product_tag":[295,296,326],"class_list":{"0":"post-24451","1":"product","2":"type-product","3":"status-publish","4":"has-post-thumbnail","6":"product_brand-research-chemical","7":"product_cat-arylcyclohexylamine","8":"product_cat-dmxe","9":"product_cat-dmxe-pellets","10":"product_cat-pellets-for-pellet","11":"product_cat-verkoop","12":"product_tag-dmxe","13":"product_tag-dmxe-psychonaut","14":"product_tag-nl","16":"first","17":"instock","18":"sale","19":"taxable","20":"shipping-taxable","21":"purchasable","22":"product-type-variable"},"_links":{"self":[{"href":"https:\/\/onderzoekschemicals.com\/et\/wp-json\/wp\/v2\/product\/24451","targetHints":{"allow":["GET"]}}],"collection":[{"href":"https:\/\/onderzoekschemicals.com\/et\/wp-json\/wp\/v2\/product"}],"about":[{"href":"https:\/\/onderzoekschemicals.com\/et\/wp-json\/wp\/v2\/types\/product"}],"replies":[{"embeddable":true,"href":"https:\/\/onderzoekschemicals.com\/et\/wp-json\/wp\/v2\/comments?post=24451"}],"version-history":[{"count":6,"href":"https:\/\/onderzoekschemicals.com\/et\/wp-json\/wp\/v2\/product\/24451\/revisions"}],"predecessor-version":[{"id":27786,"href":"https:\/\/onderzoekschemicals.com\/et\/wp-json\/wp\/v2\/product\/24451\/revisions\/27786"}],"wp:featuredmedia":[{"embeddable":true,"href":"https:\/\/onderzoekschemicals.com\/et\/wp-json\/wp\/v2\/media\/21436"}],"wp:attachment":[{"href":"https:\/\/onderzoekschemicals.com\/et\/wp-json\/wp\/v2\/media?parent=24451"}],"wp:term":[{"taxonomy":"product_brand","embeddable":true,"href":"https:\/\/onderzoekschemicals.com\/et\/wp-json\/wp\/v2\/product_brand?post=24451"},{"taxonomy":"product_cat","embeddable":true,"href":"https:\/\/onderzoekschemicals.com\/et\/wp-json\/wp\/v2\/product_cat?post=24451"},{"taxonomy":"product_tag","embeddable":true,"href":"https:\/\/onderzoekschemicals.com\/et\/wp-json\/wp\/v2\/product_tag?post=24451"}],"curies":[{"name":"t\u00f6\u00f6leht","href":"https:\/\/api.w.org\/{rel}","templated":true}]}}