{"id":24439,"date":"2025-10-20T17:41:44","date_gmt":"2025-10-20T17:41:44","guid":{"rendered":"https:\/\/onderzoekschemicals.com\/?post_type=product&#038;p=24439"},"modified":"2025-10-21T16:15:03","modified_gmt":"2025-10-21T16:15:03","slug":"1p-osta-lsd-2","status":"publish","type":"product","link":"https:\/\/onderzoekschemicals.com\/et\/pood\/ettevotetelt-ettevotetele\/1p-osta-lsd-2\/","title":{"rendered":"1P-LSD kott 1 imav paber"},"content":{"rendered":"<h3 data-start=\"4209\" data-end=\"4230\"><strong data-start=\"4213\" data-end=\"4228\">Sissejuhatus<\/strong><\/h3>\n<p data-start=\"4231\" data-end=\"4639\"><strong data-start=\"4231\" data-end=\"4259\">1P-LSD kott (1 blotter)<\/strong> sisaldab <strong data-start=\"4266\" data-end=\"4302\">\u00fcks t\u00e4pselt kaalutud blotter<\/strong> immutatud <strong data-start=\"4321\" data-end=\"4371\">1P-LSD (1-propion\u00fc\u00fcll\u00fcserghappe diet\u00fc\u00fclamiid)<\/strong> - \u00dcks <strong data-start=\"4378\" data-end=\"4404\">l\u00fcsergamiidi \u00fchend<\/strong> mis on struktuurilt seotud <strong data-start=\"4436\" data-end=\"4446\">LSD-25<\/strong>1 penni eest osta LSD-d<br data-start=\"4447\" data-end=\"4450\" \/>Sees <strong data-start=\"4457\" data-end=\"4498\">anal\u00fc\u00fctilised ja neurokeemilised uuringud<\/strong> 1P-LSD-d kasutatakse j\u00e4rgmiselt: <strong data-start=\"4525\" data-end=\"4543\">v\u00f5rdlusaine<\/strong> uuringutes <strong data-start=\"4561\" data-end=\"4580\">retseptori sidumine<\/strong>, <strong data-start=\"4582\" data-end=\"4597\">ainevahetus<\/strong> ja <strong data-start=\"4601\" data-end=\"4636\">kromatograafiline identifitseerimine<\/strong>.<\/p>\n<p data-start=\"4641\" data-end=\"4856\">Iga blotter on toodetud all <strong data-start=\"4679\" data-end=\"4724\">kontrollitud laboritingimused<\/strong>, kohe <strong data-start=\"4734\" data-end=\"4758\">puhtus \u2265 98%<\/strong>, kinnitatud <strong data-start=\"4775\" data-end=\"4799\">HPLC ja NMR anal\u00fc\u00fcs<\/strong>ja pakitud a <strong data-start=\"4819\" data-end=\"4853\">valgus- ja niiskuskindel kott<\/strong>.<\/p>\n<blockquote data-start=\"4858\" data-end=\"4999\">\n<p data-start=\"4860\" data-end=\"4999\">\u26a0\ufe0f <strong data-start=\"4863\" data-end=\"4874\">NB!<\/strong> 1P-LSD on ette n\u00e4htud ainult <strong data-start=\"4910\" data-end=\"4945\">teadus- ja anal\u00fc\u00fctiline kasutamine<\/strong> \u2014 <strong data-start=\"4948\" data-end=\"4996\">mitte inimtoiduks ega loomade toiduks<\/strong>.<\/p>\n<\/blockquote>\n<hr data-start=\"5001\" data-end=\"5004\" \/>\n<h3 data-start=\"5006\" data-end=\"5037\"><strong data-start=\"5010\" data-end=\"5037\">Peamised omadused<\/strong><\/h3>\n<div class=\"_tableContainer_1rjym_1\">\n<div class=\"group _tableWrapper_1rjym_13 flex w-fit flex-col-reverse\" tabindex=\"-1\">\n<table class=\"w-fit min-w-(--thread-content-width)\" data-start=\"5039\" data-end=\"5602\">\n<thead data-start=\"5039\" data-end=\"5065\">\n<tr data-start=\"5039\" data-end=\"5065\">\n<th data-start=\"5039\" data-end=\"5049\" data-col-size=\"sm\">Funktsioon<\/th>\n<th data-start=\"5049\" data-end=\"5065\" data-col-size=\"md\">Kirjeldus<\/th>\n<\/tr>\n<\/thead>\n<tbody data-start=\"5094\" data-end=\"5602\">\n<tr data-start=\"5094\" data-end=\"5156\">\n<td data-start=\"5094\" data-end=\"5115\" data-col-size=\"sm\"><strong data-start=\"5096\" data-end=\"5114\">Keemiline nimetus<\/strong><\/td>\n<td data-start=\"5115\" data-end=\"5156\" data-col-size=\"md\">1-propion\u00fc\u00fcll\u00fcserghappe diet\u00fc\u00fclamiid<\/td>\n<\/tr>\n<tr data-start=\"5157\" data-end=\"5192\">\n<td data-start=\"5157\" data-end=\"5182\" data-col-size=\"sm\"><strong data-start=\"5159\" data-end=\"5181\">\u00dcldnimetus<\/strong><\/td>\n<td data-start=\"5182\" data-end=\"5192\" data-col-size=\"md\">1P-LSD<\/td>\n<\/tr>\n<tr data-start=\"5193\" data-end=\"5231\">\n<td data-start=\"5193\" data-end=\"5217\" data-col-size=\"sm\"><strong data-start=\"5195\" data-end=\"5216\">Keemiline valem<\/strong><\/td>\n<td data-start=\"5217\" data-end=\"5231\" data-col-size=\"md\">C\u2082\u2083H\u2082\u2089N\u2083O\u2082<\/td>\n<\/tr>\n<tr data-start=\"5232\" data-end=\"5270\">\n<td data-start=\"5232\" data-end=\"5254\" data-col-size=\"sm\"><strong data-start=\"5234\" data-end=\"5253\">Molekulaarmass<\/strong><\/td>\n<td data-start=\"5254\" data-end=\"5270\" data-col-size=\"md\">379,50 g\/mol<\/td>\n<\/tr>\n<tr data-start=\"5271\" data-end=\"5302\">\n<td data-start=\"5271\" data-end=\"5282\" data-col-size=\"sm\"><strong data-start=\"5273\" data-end=\"5281\">Vorm<\/strong><\/td>\n<td data-start=\"5282\" data-end=\"5302\" data-col-size=\"md\">Sulepaber (1 tk)<\/td>\n<\/tr>\n<tr data-start=\"5303\" data-end=\"5347\">\n<td data-start=\"5303\" data-end=\"5318\" data-col-size=\"sm\"><strong data-start=\"5305\" data-end=\"5317\">Annustamine<\/strong><\/td>\n<td data-start=\"5318\" data-end=\"5347\" data-col-size=\"md\">1 imamispaber (tavaliselt 100 \u00b5g)<\/td>\n<\/tr>\n<tr data-start=\"5348\" data-end=\"5399\">\n<td data-start=\"5348\" data-end=\"5365\" data-col-size=\"sm\"><strong data-start=\"5350\" data-end=\"5364\">Puhtus<\/strong><\/td>\n<td data-start=\"5365\" data-end=\"5399\" data-col-size=\"md\">\u2265 98% (testitud HPLC ja NMR abil)<\/td>\n<\/tr>\n<tr data-start=\"5400\" data-end=\"5458\">\n<td data-start=\"5400\" data-end=\"5423\" data-col-size=\"sm\"><strong data-start=\"5402\" data-end=\"5422\">Keemiline klass<\/strong><\/td>\n<td data-start=\"5423\" data-end=\"5458\" data-col-size=\"md\">L\u00fcsergamiid\/ergoliini derivaat<\/td>\n<\/tr>\n<tr data-start=\"5459\" data-end=\"5538\">\n<td data-start=\"5459\" data-end=\"5473\" data-col-size=\"sm\"><strong data-start=\"5461\" data-end=\"5472\">Kasutus<\/strong><\/td>\n<td data-start=\"5473\" data-end=\"5538\" data-col-size=\"md\">Ainult anal\u00fc\u00fctiliseks, kohtuekspertiisi ja neurokeemilisteks uuringuteks<\/td>\n<\/tr>\n<tr data-start=\"5539\" data-end=\"5602\">\n<td data-start=\"5539\" data-end=\"5556\" data-col-size=\"sm\"><strong data-start=\"5541\" data-end=\"5555\">Pakend<\/strong><\/td>\n<td data-start=\"5556\" data-end=\"5602\" data-col-size=\"md\">Valgus- ja niiskuskindel fooliumpakend<\/td>\n<\/tr>\n<\/tbody>\n<\/table>\n<\/div>\n<\/div>\n<hr data-start=\"5604\" data-end=\"5607\" \/>\n<h3 data-start=\"5609\" data-end=\"5626\"><strong data-start=\"5613\" data-end=\"5626\">Eelised<\/strong><\/h3>\n<ul data-start=\"5628\" data-end=\"6044\">\n<li data-start=\"5628\" data-end=\"5720\">\n<p data-start=\"5630\" data-end=\"5720\"><strong data-start=\"5630\" data-end=\"5649\">K\u00f5rge puhtusastmega<\/strong> \u2013 \u2265 98% laborikvaliteet usaldusv\u00e4\u00e4rsete uurimistulemuste tagamiseks.<\/p>\n<\/li>\n<li data-start=\"5721\" data-end=\"5794\">\n<p data-start=\"5723\" data-end=\"5794\"><strong data-start=\"5723\" data-end=\"5747\">T\u00e4pne annustamine<\/strong> \u2013 Iga blotter sisaldab t\u00e4pselt m\u00f5\u00f5detud 1P-LSD-d.<\/p>\n<\/li>\n<li data-start=\"5795\" data-end=\"5880\">\n<p data-start=\"5797\" data-end=\"5880\"><strong data-start=\"5797\" data-end=\"5822\">Kaitsev pakend<\/strong> \u2013 Valguskindel ja niiskuskindel pika s\u00e4ilivusaja tagamiseks.<\/p>\n<\/li>\n<li data-start=\"5881\" data-end=\"5965\">\n<p data-start=\"5883\" data-end=\"5965\"><strong data-start=\"5883\" data-end=\"5907\">T\u00e4ielikult j\u00e4lgitav<\/strong> \u2013 Tootmine kontrollitud laboritingimustes.<\/p>\n<\/li>\n<li data-start=\"5966\" data-end=\"6044\">\n<p data-start=\"5968\" data-end=\"6044\"><strong data-start=\"5968\" data-end=\"5998\">Laialdaselt uurimist\u00f6\u00f6dele kohaldatav<\/strong> Sobib GC\/MS, LC-MS, FTIR ja HPLC jaoks. Osta 1p LSD-d.<\/p>\n<\/li>\n<\/ul>\n<hr data-start=\"6046\" data-end=\"6049\" \/>\n<h3 data-start=\"6051\" data-end=\"6103\"><strong data-start=\"6055\" data-end=\"6101\">Kasutamine (ainult uurimist\u00f6\u00f6 eesm\u00e4rgil)<\/strong><\/h3>\n<ol data-start=\"6105\" data-end=\"6490\">\n<li data-start=\"6105\" data-end=\"6198\">\n<p data-start=\"6108\" data-end=\"6198\"><strong data-start=\"6108\" data-end=\"6123\">K\u00e4itlemine:<\/strong> Kandke kindaid, kaitseprille ja laborikitlit; v\u00e4ltige otsest kokkupuudet.<\/p>\n<\/li>\n<li data-start=\"6199\" data-end=\"6274\">\n<p data-start=\"6202\" data-end=\"6274\"><strong data-start=\"6202\" data-end=\"6215\">M\u00f5\u00f5dud:<\/strong> Anal\u00fc\u00fcsiks registreerige annus, partii number ja puhtus.<\/p>\n<\/li>\n<li data-start=\"6275\" data-end=\"6329\">\n<p data-start=\"6278\" data-end=\"6329\"><strong data-start=\"6278\" data-end=\"6289\">S\u00e4ilitamine:<\/strong> Hoida jahedas (2\u20138 \u00b0C), kuivas ja pimedas.<\/p>\n<\/li>\n<li data-start=\"6330\" data-end=\"6413\">\n<p data-start=\"6333\" data-end=\"6413\"><strong data-start=\"6333\" data-end=\"6345\">Anal\u00fc\u00fcs:<\/strong> Sobib kromatograafiaks, spektroskoopiaks ja retseptorite uurimiseks.<\/p>\n<\/li>\n<li data-start=\"6414\" data-end=\"6490\">\n<p data-start=\"6417\" data-end=\"6490\"><strong data-start=\"6417\" data-end=\"6434\">Dokumentatsioon:<\/strong> Uurimistulemuste registreerimine korratavuse tagamiseks.<\/p>\n<\/li>\n<\/ol>\n<hr data-start=\"6492\" data-end=\"6495\" \/>\n<h3 data-start=\"6497\" data-end=\"6532\"><strong data-start=\"6501\" data-end=\"6530\">Korduma kippuvad k\u00fcsimused (KKK)<\/strong><\/h3>\n<p data-start=\"6534\" data-end=\"6725\"><strong data-start=\"6534\" data-end=\"6555\">1. Mis on 1P-LSD?<\/strong><br data-start=\"6555\" data-end=\"6558\" \/><strong data-start=\"6558\" data-end=\"6568\">1P-LSD<\/strong> on <strong data-start=\"6576\" data-end=\"6602\">l\u00fcsergamiidi \u00fchend<\/strong> mis on struktuurilt seotud LSD-25-ga ja mida kasutatakse retseptoritega seondumise ja neurokeemiliste protsesside uurimiseks.<\/p>\n<p data-start=\"6727\" data-end=\"6884\"><strong data-start=\"6727\" data-end=\"6777\">2. Mis on 1P-LSD kotikeses (1 blotter)?<\/strong><br data-start=\"6777\" data-end=\"6780\" \/>Kott sisaldab <strong data-start=\"6796\" data-end=\"6841\">\u00fcks blotter 1P-LSD-ga (puhtus \u2265 98%)<\/strong> anal\u00fc\u00fctilise ja kohtuekspertiisi jaoks.<\/p>\n<p data-start=\"6886\" data-end=\"7100\"><strong data-start=\"6886\" data-end=\"6926\">3. Kas 1P-LSD ostmine on seaduslik?<\/strong><br data-start=\"6926\" data-end=\"6929\" \/>See <strong data-start=\"6932\" data-end=\"6957\">1P-LSD seaduslikkus<\/strong> varieerub riigiti. M\u00f5nes riigis peetakse seda kontrollitavaks aineks. Enne kasutamist kontrollige alati kohalikke eeskirju. <strong data-start=\"7081\" data-end=\"7097\">1P-LSD ost<\/strong>.<\/p>\n<div class=\"markdown-table-wrapper\"><\/div>","protected":false},"excerpt":{"rendered":"<h2><strong><span dir=\"auto\" style=\"vertical-align: inherit;\"><span dir=\"auto\" style=\"vertical-align: inherit;\">1P-LSD kott 1 blotteriga<\/span><\/span><\/strong><\/h2>\n<ul>\n<li><strong><span dir=\"auto\" style=\"vertical-align: inherit;\"><span dir=\"auto\" style=\"vertical-align: inherit;\">Jaem\u00fc\u00fcgipakend<\/span><\/span><br \/>\n<\/strong><\/li>\n<li><strong><span dir=\"auto\" style=\"vertical-align: inherit;\"><span dir=\"auto\" style=\"vertical-align: inherit;\">Imavate paberite arv kotis: 1<\/span><\/span><\/strong><\/li>\n<li><strong><span dir=\"auto\" style=\"vertical-align: inherit;\"><span dir=\"auto\" style=\"vertical-align: inherit;\">Hinnad ei sisalda 21% k\u00e4ibemaksu<\/span><\/span><\/strong><\/li>\n<li><strong><span dir=\"auto\" style=\"vertical-align: inherit;\"><span dir=\"auto\" style=\"vertical-align: inherit;\">Soovituslik jaehind: 10,00 \u20ac koos k\u00e4ibemaksuga<\/span><\/span><\/strong><\/li>\n<\/ul>","protected":false},"featured_media":21565,"comment_status":"closed","ping_status":"closed","template":"","meta":[],"product_brand":[],"product_cat":[555],"product_tag":[929,926,590,326],"class_list":{"0":"post-24439","1":"product","2":"type-product","3":"status-publish","4":"has-post-thumbnail","6":"product_cat-b2b","7":"product_tag-1p-lsd","8":"product_tag-1p-lsd-kopen","9":"product_tag-microdose-1p-lsd","10":"product_tag-nl","12":"first","13":"instock","14":"taxable","15":"shipping-taxable","16":"purchasable","17":"product-type-variable"},"_links":{"self":[{"href":"https:\/\/onderzoekschemicals.com\/et\/wp-json\/wp\/v2\/product\/24439","targetHints":{"allow":["GET"]}}],"collection":[{"href":"https:\/\/onderzoekschemicals.com\/et\/wp-json\/wp\/v2\/product"}],"about":[{"href":"https:\/\/onderzoekschemicals.com\/et\/wp-json\/wp\/v2\/types\/product"}],"replies":[{"embeddable":true,"href":"https:\/\/onderzoekschemicals.com\/et\/wp-json\/wp\/v2\/comments?post=24439"}],"version-history":[{"count":5,"href":"https:\/\/onderzoekschemicals.com\/et\/wp-json\/wp\/v2\/product\/24439\/revisions"}],"predecessor-version":[{"id":27790,"href":"https:\/\/onderzoekschemicals.com\/et\/wp-json\/wp\/v2\/product\/24439\/revisions\/27790"}],"wp:featuredmedia":[{"embeddable":true,"href":"https:\/\/onderzoekschemicals.com\/et\/wp-json\/wp\/v2\/media\/21565"}],"wp:attachment":[{"href":"https:\/\/onderzoekschemicals.com\/et\/wp-json\/wp\/v2\/media?parent=24439"}],"wp:term":[{"taxonomy":"product_brand","embeddable":true,"href":"https:\/\/onderzoekschemicals.com\/et\/wp-json\/wp\/v2\/product_brand?post=24439"},{"taxonomy":"product_cat","embeddable":true,"href":"https:\/\/onderzoekschemicals.com\/et\/wp-json\/wp\/v2\/product_cat?post=24439"},{"taxonomy":"product_tag","embeddable":true,"href":"https:\/\/onderzoekschemicals.com\/et\/wp-json\/wp\/v2\/product_tag?post=24439"}],"curies":[{"name":"t\u00f6\u00f6leht","href":"https:\/\/api.w.org\/{rel}","templated":true}]}}