{"id":24344,"date":"2025-04-13T17:41:31","date_gmt":"2025-04-13T17:41:31","guid":{"rendered":"https:\/\/onderzoekschemicals.com\/?post_type=product&#038;p=24344"},"modified":"2025-11-28T06:46:51","modified_gmt":"2025-11-28T06:46:51","slug":"2-fa-2-fluoroamfetamine","status":"publish","type":"product","link":"https:\/\/onderzoekschemicals.com\/et\/shop\/2-fa\/2-fa-2-fluoroamfetamine\/","title":{"rendered":"2-FA (2-fluoromfetamiin)"},"content":{"rendered":"<h3 data-start=\"4212\" data-end=\"4233\"><strong data-start=\"4216\" data-end=\"4231\"><span dir=\"auto\" style=\"vertical-align: inherit;\"><span dir=\"auto\" style=\"vertical-align: inherit;\">Sissejuhatus<\/span><\/span><\/strong><\/h3>\n<p data-start=\"4234\" data-end=\"4470\"><strong data-start=\"4234\" data-end=\"4262\"><span dir=\"auto\" style=\"vertical-align: inherit;\"><span dir=\"auto\" style=\"vertical-align: inherit;\">2-FA (2-fluoromfetamiin)<\/span><\/span><\/strong><span dir=\"auto\" style=\"vertical-align: inherit;\"><span dir=\"auto\" style=\"vertical-align: inherit;\"> on <\/span><\/span><strong data-start=\"4270\" data-end=\"4307\"><span dir=\"auto\" style=\"vertical-align: inherit;\"><span dir=\"auto\" style=\"vertical-align: inherit;\">fluoritud amfetamiini\u00fchend<\/span><\/span><\/strong><span dir=\"auto\" style=\"vertical-align: inherit;\"><span dir=\"auto\" style=\"vertical-align: inherit;\"> sellest <\/span><\/span><strong data-start=\"4315\" data-end=\"4338\"><span dir=\"auto\" style=\"vertical-align: inherit;\"><span dir=\"auto\" style=\"vertical-align: inherit;\">fenet\u00fc\u00fclamiini klass<\/span><\/span><\/strong><span dir=\"auto\" style=\"vertical-align: inherit;\"><span dir=\"auto\" style=\"vertical-align: inherit;\"> Struktuuriliselt on see <\/span><\/span><strong data-start=\"4369\" data-end=\"4406\"><span dir=\"auto\" style=\"vertical-align: inherit;\"><span dir=\"auto\" style=\"vertical-align: inherit;\">orto-fluoro analoog v\u00f5i amfetamiin<\/span><\/span><\/strong><span dir=\"auto\" style=\"vertical-align: inherit;\"><span dir=\"auto\" style=\"vertical-align: inherit;\"> , kus vesinikuaatom on asendatud fluori aatomiga. 2-FA<\/span><\/span><\/p>\n<p data-start=\"4472\" data-end=\"4745\"><span dir=\"auto\" style=\"vertical-align: inherit;\"><span dir=\"auto\" style=\"vertical-align: inherit;\">Sisse <\/span><\/span><strong data-start=\"4479\" data-end=\"4520\"><span dir=\"auto\" style=\"vertical-align: inherit;\"><span dir=\"auto\" style=\"vertical-align: inherit;\">anal\u00fc\u00fctilised ja neurokeemilised uuringud,<\/span><\/span><\/strong><span dir=\"auto\" style=\"vertical-align: inherit;\"><span dir=\"auto\" style=\"vertical-align: inherit;\"> 2-FA-d kasutatakse selleks, et <\/span><span dir=\"auto\" style=\"vertical-align: inherit;\">uuring <\/span><\/span><strong data-start=\"4544\" data-end=\"4578\"><span dir=\"auto\" style=\"vertical-align: inherit;\"><span dir=\"auto\" style=\"vertical-align: inherit;\">monoamiini vabanemine ja tagasihaare. See on v\u00e4\u00e4rtuslik uuringute jaoks <\/span><\/span><\/strong><strong data-start=\"4631\" data-end=\"4674\"><span dir=\"auto\" style=\"vertical-align: inherit;\"><span dir=\"auto\" style=\"vertical-align: inherit;\">dopamiini ja norepinefriini transporterid<\/span><\/span><\/strong><span dir=\"auto\" style=\"vertical-align: inherit;\"><span dir=\"auto\" style=\"vertical-align: inherit;\"> , <\/span><\/span><strong data-start=\"4676\" data-end=\"4695\"><span dir=\"auto\" style=\"vertical-align: inherit;\"><span dir=\"auto\" style=\"vertical-align: inherit;\">retseptori sidumine<\/span><\/span><\/strong><span dir=\"auto\" style=\"vertical-align: inherit;\"><span dir=\"auto\" style=\"vertical-align: inherit;\"> ja <\/span><\/span><strong data-start=\"4700\" data-end=\"4742\"><span dir=\"auto\" style=\"vertical-align: inherit;\"><span dir=\"auto\" style=\"vertical-align: inherit;\">struktuuri-aktiivsuse seosed (SAR)<\/span><\/span><\/strong><span dir=\"auto\" style=\"vertical-align: inherit;\"><span dir=\"auto\" style=\"vertical-align: inherit;\"> .<\/span><\/span><\/p>\n<p data-start=\"4747\" data-end=\"4979\"><span dir=\"auto\" style=\"vertical-align: inherit;\"><span dir=\"auto\" style=\"vertical-align: inherit;\">Iga partii on toodetud vastavalt <\/span><\/span><strong data-start=\"4783\" data-end=\"4823\"><span dir=\"auto\" style=\"vertical-align: inherit;\"><span dir=\"auto\" style=\"vertical-align: inherit;\">kontrollitud laboritingimused<\/span><\/span><\/strong><span dir=\"auto\" style=\"vertical-align: inherit;\"><span dir=\"auto\" style=\"vertical-align: inherit;\"> ja testitud <\/span><\/span><strong data-start=\"4841\" data-end=\"4865\"><span dir=\"auto\" style=\"vertical-align: inherit;\"><span dir=\"auto\" style=\"vertical-align: inherit;\">\u2265 98% puhtus<\/span><\/span><\/strong><span dir=\"auto\" style=\"vertical-align: inherit;\"><span dir=\"auto\" style=\"vertical-align: inherit;\"> k\u00f5rval <\/span><\/span><strong data-start=\"4870\" data-end=\"4885\"><span dir=\"auto\" style=\"vertical-align: inherit;\"><span dir=\"auto\" style=\"vertical-align: inherit;\">HPLC ja NMR<\/span><\/span><\/strong><span dir=\"auto\" style=\"vertical-align: inherit;\"><span dir=\"auto\" style=\"vertical-align: inherit;\"> 2-FA tarnitakse <\/span><\/span><strong data-start=\"4910\" data-end=\"4950\"><span dir=\"auto\" style=\"vertical-align: inherit;\"><span dir=\"auto\" style=\"vertical-align: inherit;\">kristalliline vesinikkloriid (HCl) vorm<\/span><\/span><\/strong><span dir=\"auto\" style=\"vertical-align: inherit;\"><span dir=\"auto\" style=\"vertical-align: inherit;\"> maksimaalse stabiilsuse saavutamiseks.<\/span><\/span><\/p>\n<blockquote data-start=\"4981\" data-end=\"5127\">\n<p data-start=\"4983\" data-end=\"5127\">\u26a0\ufe0f <strong data-start=\"4986\" data-end=\"4997\"><span dir=\"auto\" style=\"vertical-align: inherit;\"><span dir=\"auto\" style=\"vertical-align: inherit;\">Palun arvestage:<\/span><\/span><\/strong><span dir=\"auto\" style=\"vertical-align: inherit;\"><span dir=\"auto\" style=\"vertical-align: inherit;\"> See toode on m\u00f5eldud <\/span><\/span><strong data-start=\"5038\" data-end=\"5073\"><span dir=\"auto\" style=\"vertical-align: inherit;\"><span dir=\"auto\" style=\"vertical-align: inherit;\">teadus- ja anal\u00fc\u00fctiline kasutamine<\/span><\/span><\/strong><span dir=\"auto\" style=\"vertical-align: inherit;\"><span dir=\"auto\" style=\"vertical-align: inherit;\"> ainult \u2014 <\/span><\/span><strong data-start=\"5076\" data-end=\"5124\"><span dir=\"auto\" style=\"vertical-align: inherit;\"><span dir=\"auto\" style=\"vertical-align: inherit;\">mitte inimtoiduks ega loomade toiduks<\/span><\/span><\/strong><span dir=\"auto\" style=\"vertical-align: inherit;\"><span dir=\"auto\" style=\"vertical-align: inherit;\"> .<\/span><\/span><\/p>\n<\/blockquote>\n<hr data-start=\"5129\" data-end=\"5132\" \/>\n<h3 data-start=\"5134\" data-end=\"5165\"><strong data-start=\"5138\" data-end=\"5165\"><span dir=\"auto\" style=\"vertical-align: inherit;\"><span dir=\"auto\" style=\"vertical-align: inherit;\">Peamised omadused<\/span><\/span><\/strong><\/h3>\n<div class=\"_tableContainer_1rjym_1\">\n<div class=\"group _tableWrapper_1rjym_13 flex w-fit flex-col-reverse\" tabindex=\"-1\">\n<table class=\"w-fit min-w-(--thread-content-width)\" data-start=\"5167\" data-end=\"5761\">\n<thead data-start=\"5167\" data-end=\"5193\">\n<tr data-start=\"5167\" data-end=\"5193\">\n<th data-start=\"5167\" data-end=\"5177\" data-col-size=\"sm\"><span dir=\"auto\" style=\"vertical-align: inherit;\"><span dir=\"auto\" style=\"vertical-align: inherit;\">Funktsioon<\/span><\/span><\/th>\n<th data-start=\"5177\" data-end=\"5193\" data-col-size=\"md\"><span dir=\"auto\" style=\"vertical-align: inherit;\"><span dir=\"auto\" style=\"vertical-align: inherit;\">Kirjeldus<\/span><\/span><\/th>\n<\/tr>\n<\/thead>\n<tbody data-start=\"5222\" data-end=\"5761\">\n<tr data-start=\"5222\" data-end=\"5278\">\n<td data-start=\"5222\" data-end=\"5243\" data-col-size=\"sm\"><strong data-start=\"5224\" data-end=\"5242\"><span dir=\"auto\" style=\"vertical-align: inherit;\"><span dir=\"auto\" style=\"vertical-align: inherit;\">Keemiline nimetus<\/span><\/span><\/strong><\/td>\n<td data-start=\"5243\" data-end=\"5278\" data-col-size=\"md\"><span dir=\"auto\" style=\"vertical-align: inherit;\"><span dir=\"auto\" style=\"vertical-align: inherit;\">2-fluoromfetamiinvesinikkloriid<\/span><\/span><\/td>\n<\/tr>\n<tr data-start=\"5279\" data-end=\"5312\">\n<td data-start=\"5279\" data-end=\"5304\" data-col-size=\"sm\"><strong data-start=\"5281\" data-end=\"5303\"><span dir=\"auto\" style=\"vertical-align: inherit;\"><span dir=\"auto\" style=\"vertical-align: inherit;\">\u00dcldnimetus<\/span><\/span><\/strong><\/td>\n<td data-start=\"5304\" data-end=\"5312\" data-col-size=\"md\"><span dir=\"auto\" style=\"vertical-align: inherit;\"><span dir=\"auto\" style=\"vertical-align: inherit;\">2-FA<\/span><\/span><\/td>\n<\/tr>\n<tr data-start=\"5313\" data-end=\"5352\">\n<td data-start=\"5313\" data-end=\"5337\" data-col-size=\"sm\"><strong data-start=\"5315\" data-end=\"5336\"><span dir=\"auto\" style=\"vertical-align: inherit;\"><span dir=\"auto\" style=\"vertical-align: inherit;\">Keemiline valem<\/span><\/span><\/strong><\/td>\n<td data-start=\"5337\" data-end=\"5352\" data-col-size=\"md\"><span dir=\"auto\" style=\"vertical-align: inherit;\"><span dir=\"auto\" style=\"vertical-align: inherit;\">C\u2089H\u2081\u2082FN\u00b7HCl<\/span><\/span><\/td>\n<\/tr>\n<tr data-start=\"5353\" data-end=\"5391\">\n<td data-start=\"5353\" data-end=\"5375\" data-col-size=\"sm\"><strong data-start=\"5355\" data-end=\"5374\"><span dir=\"auto\" style=\"vertical-align: inherit;\"><span dir=\"auto\" style=\"vertical-align: inherit;\">Molekulaarmass<\/span><\/span><\/strong><\/td>\n<td data-start=\"5375\" data-end=\"5391\" data-col-size=\"md\"><span dir=\"auto\" style=\"vertical-align: inherit;\"><span dir=\"auto\" style=\"vertical-align: inherit;\">189,65 g\/mol<\/span><\/span><\/td>\n<\/tr>\n<tr data-start=\"5392\" data-end=\"5436\">\n<td data-start=\"5392\" data-end=\"5403\" data-col-size=\"sm\"><strong data-start=\"5394\" data-end=\"5402\"><span dir=\"auto\" style=\"vertical-align: inherit;\"><span dir=\"auto\" style=\"vertical-align: inherit;\">Vorm<\/span><\/span><\/strong><\/td>\n<td data-start=\"5403\" data-end=\"5436\" data-col-size=\"md\"><span dir=\"auto\" style=\"vertical-align: inherit;\"><span dir=\"auto\" style=\"vertical-align: inherit;\">Kristalliline vesinikkloriidsool<\/span><\/span><\/td>\n<\/tr>\n<tr data-start=\"5437\" data-end=\"5488\">\n<td data-start=\"5437\" data-end=\"5454\" data-col-size=\"sm\"><strong data-start=\"5439\" data-end=\"5453\"><span dir=\"auto\" style=\"vertical-align: inherit;\"><span dir=\"auto\" style=\"vertical-align: inherit;\">Puhtus<\/span><\/span><\/strong><\/td>\n<td data-start=\"5454\" data-end=\"5488\" data-col-size=\"md\"><span dir=\"auto\" style=\"vertical-align: inherit;\"><span dir=\"auto\" style=\"vertical-align: inherit;\">\u2265 98% (testitud HPLC ja NMR abil)<\/span><\/span><\/td>\n<\/tr>\n<tr data-start=\"5489\" data-end=\"5555\">\n<td data-start=\"5489\" data-end=\"5512\" data-col-size=\"sm\"><strong data-start=\"5491\" data-end=\"5511\"><span dir=\"auto\" style=\"vertical-align: inherit;\"><span dir=\"auto\" style=\"vertical-align: inherit;\">Keemiline klass<\/span><\/span><\/strong><\/td>\n<td data-start=\"5512\" data-end=\"5555\" data-col-size=\"md\"><span dir=\"auto\" style=\"vertical-align: inherit;\"><span dir=\"auto\" style=\"vertical-align: inherit;\">Fluoramfetamiin \/ fen\u00fc\u00fclet\u00fc\u00fclamiini analoog<\/span><\/span><\/td>\n<\/tr>\n<tr data-start=\"5556\" data-end=\"5635\">\n<td data-start=\"5556\" data-end=\"5570\" data-col-size=\"sm\"><strong data-start=\"5558\" data-end=\"5569\"><span dir=\"auto\" style=\"vertical-align: inherit;\"><span dir=\"auto\" style=\"vertical-align: inherit;\">Kasutus<\/span><\/span><\/strong><\/td>\n<td data-start=\"5570\" data-end=\"5635\" data-col-size=\"md\"><span dir=\"auto\" style=\"vertical-align: inherit;\"><span dir=\"auto\" style=\"vertical-align: inherit;\">Ainult anal\u00fc\u00fctiliseks, kohtuekspertiisi ja neurokeemilisteks uuringuteks<\/span><\/span><\/td>\n<\/tr>\n<tr data-start=\"5636\" data-end=\"5703\">\n<td data-start=\"5636\" data-end=\"5653\" data-col-size=\"sm\"><strong data-start=\"5638\" data-end=\"5652\"><span dir=\"auto\" style=\"vertical-align: inherit;\"><span dir=\"auto\" style=\"vertical-align: inherit;\">Pakend<\/span><\/span><\/strong><\/td>\n<td data-start=\"5653\" data-end=\"5703\" data-col-size=\"md\"><span dir=\"auto\" style=\"vertical-align: inherit;\"><span dir=\"auto\" style=\"vertical-align: inherit;\">Korduvsuletav, niiskuskindel laborikott<\/span><\/span><\/td>\n<\/tr>\n<tr data-start=\"5704\" data-end=\"5761\">\n<td data-start=\"5704\" data-end=\"5722\" data-col-size=\"sm\"><strong data-start=\"5706\" data-end=\"5721\"><span dir=\"auto\" style=\"vertical-align: inherit;\"><span dir=\"auto\" style=\"vertical-align: inherit;\">Kogus<\/span><\/span><\/strong><\/td>\n<td data-start=\"5722\" data-end=\"5761\" data-col-size=\"md\"><span dir=\"auto\" style=\"vertical-align: inherit;\"><span dir=\"auto\" style=\"vertical-align: inherit;\">1 gramm koti kohta (s\u00f5ltub partiist)<\/span><\/span><\/td>\n<\/tr>\n<\/tbody>\n<\/table>\n<\/div>\n<\/div>\n<hr data-start=\"5763\" data-end=\"5766\" \/>\n<h3 data-start=\"5768\" data-end=\"5785\"><strong data-start=\"5772\" data-end=\"5785\"><span dir=\"auto\" style=\"vertical-align: inherit;\"><span dir=\"auto\" style=\"vertical-align: inherit;\">Eelised<\/span><\/span><\/strong><\/h3>\n<ul data-start=\"5787\" data-end=\"6194\">\n<li data-start=\"5787\" data-end=\"5879\">\n<p data-start=\"5789\" data-end=\"5879\"><strong data-start=\"5789\" data-end=\"5808\"><span dir=\"auto\" style=\"vertical-align: inherit;\"><span dir=\"auto\" style=\"vertical-align: inherit;\">K\u00f5rge puhtusastmega<\/span><\/span><\/strong><span dir=\"auto\" style=\"vertical-align: inherit;\"><span dir=\"auto\" style=\"vertical-align: inherit;\"> \u2013 \u2265 98% laborikvaliteet usaldusv\u00e4\u00e4rsete uurimistulemuste tagamiseks.<\/span><\/span><\/p>\n<\/li>\n<li data-start=\"5880\" data-end=\"5958\">\n<p data-start=\"5882\" data-end=\"5958\"><strong data-start=\"5882\" data-end=\"5903\"><span dir=\"auto\" style=\"vertical-align: inherit;\"><span dir=\"auto\" style=\"vertical-align: inherit;\">Stabiilne soolavorm<\/span><\/span><\/strong><span dir=\"auto\" style=\"vertical-align: inherit;\"><span dir=\"auto\" style=\"vertical-align: inherit;\"> \u2013 HCl vorm suurendab lahustuvust ja stabiilsust.<\/span><\/span><\/p>\n<\/li>\n<li data-start=\"5959\" data-end=\"6037\">\n<p data-start=\"5961\" data-end=\"6037\"><strong data-start=\"5961\" data-end=\"5991\"><span dir=\"auto\" style=\"vertical-align: inherit;\"><span dir=\"auto\" style=\"vertical-align: inherit;\">Lai uurimist\u00f6\u00f6 rakendatavus<\/span><\/span><\/strong><span dir=\"auto\" style=\"vertical-align: inherit;\"><span dir=\"auto\" style=\"vertical-align: inherit;\"> \u2013 Sobib GC\/MS, LC-MS, FTIR ja HPLC jaoks.<\/span><\/span><\/p>\n<\/li>\n<li data-start=\"6038\" data-end=\"6104\">\n<p data-start=\"6040\" data-end=\"6104\"><strong data-start=\"6040\" data-end=\"6065\"><span dir=\"auto\" style=\"vertical-align: inherit;\"><span dir=\"auto\" style=\"vertical-align: inherit;\">J\u00e4lgitav tootmine<\/span><\/span><\/strong><span dir=\"auto\" style=\"vertical-align: inherit;\"><span dir=\"auto\" style=\"vertical-align: inherit;\"> \u2013 Iga partii on testitud ja kontrollitud.<\/span><\/span><\/p>\n<\/li>\n<li data-start=\"6105\" data-end=\"6194\">\n<p data-start=\"6107\" data-end=\"6194\"><strong data-start=\"6107\" data-end=\"6146\"><span dir=\"auto\" style=\"vertical-align: inherit;\"><span dir=\"auto\" style=\"vertical-align: inherit;\">Ideaalne neurokeemilisteks uuringuteks<\/span><\/span><\/strong><span dir=\"auto\" style=\"vertical-align: inherit;\"><span dir=\"auto\" style=\"vertical-align: inherit;\"> \u2013 V\u00e4\u00e4rtuslik SAR-i ja transporterite anal\u00fc\u00fcside jaoks.<\/span><\/span><\/p>\n<\/li>\n<\/ul>\n<hr data-start=\"6196\" data-end=\"6199\" \/>\n<h3 data-start=\"6201\" data-end=\"6253\"><strong data-start=\"6205\" data-end=\"6251\"><span dir=\"auto\" style=\"vertical-align: inherit;\"><span dir=\"auto\" style=\"vertical-align: inherit;\">Kasutamine (ainult uurimist\u00f6\u00f6 eesm\u00e4rgil)<\/span><\/span><\/strong><\/h3>\n<ol data-start=\"6255\" data-end=\"6573\">\n<li data-start=\"6255\" data-end=\"6324\">\n<p data-start=\"6258\" data-end=\"6324\"><strong data-start=\"6258\" data-end=\"6273\"><span dir=\"auto\" style=\"vertical-align: inherit;\"><span dir=\"auto\" style=\"vertical-align: inherit;\">K\u00e4itlemine:<\/span><\/span><\/strong><span dir=\"auto\" style=\"vertical-align: inherit;\"><span dir=\"auto\" style=\"vertical-align: inherit;\"> Kandke kindaid, kaitseprille ja laborikitlit.<\/span><\/span><\/p>\n<\/li>\n<li data-start=\"6325\" data-end=\"6384\">\n<p data-start=\"6328\" data-end=\"6384\"><strong data-start=\"6328\" data-end=\"6341\"><span dir=\"auto\" style=\"vertical-align: inherit;\"><span dir=\"auto\" style=\"vertical-align: inherit;\">M\u00f5\u00f5dud:<\/span><\/span><\/strong><span dir=\"auto\" style=\"vertical-align: inherit;\"><span dir=\"auto\" style=\"vertical-align: inherit;\"> Kasutage kalibreeritud laborikaalusid.<\/span><\/span><\/p>\n<\/li>\n<li data-start=\"6385\" data-end=\"6439\">\n<p data-start=\"6388\" data-end=\"6439\"><strong data-start=\"6388\" data-end=\"6399\"><span dir=\"auto\" style=\"vertical-align: inherit;\"><span dir=\"auto\" style=\"vertical-align: inherit;\">S\u00e4ilitamine:<\/span><\/span><\/strong><span dir=\"auto\" style=\"vertical-align: inherit;\"><span dir=\"auto\" style=\"vertical-align: inherit;\"> Hoida jahedas (2\u20138 \u00b0C), kuivas ja pimedas.<\/span><\/span><\/p>\n<\/li>\n<li data-start=\"6440\" data-end=\"6514\">\n<p data-start=\"6443\" data-end=\"6514\"><strong data-start=\"6443\" data-end=\"6455\"><span dir=\"auto\" style=\"vertical-align: inherit;\"><span dir=\"auto\" style=\"vertical-align: inherit;\">Anal\u00fc\u00fcs:<\/span><\/span><\/strong><span dir=\"auto\" style=\"vertical-align: inherit;\"><span dir=\"auto\" style=\"vertical-align: inherit;\"> Sobib kromatograafiaks ja neurokeemilisteks uuringuteks.<\/span><\/span><\/p>\n<\/li>\n<li data-start=\"6515\" data-end=\"6573\">\n<p data-start=\"6518\" data-end=\"6573\"><strong data-start=\"6518\" data-end=\"6535\"><span dir=\"auto\" style=\"vertical-align: inherit;\"><span dir=\"auto\" style=\"vertical-align: inherit;\">Dokumentatsioon:<\/span><\/span><\/strong><span dir=\"auto\" style=\"vertical-align: inherit;\"><span dir=\"auto\" style=\"vertical-align: inherit;\"> Registreerige partii number ja katseandmed.<\/span><\/span><\/p>\n<\/li>\n<\/ol>\n<hr data-start=\"6575\" data-end=\"6578\" \/>\n<h3 data-start=\"6580\" data-end=\"6615\"><strong data-start=\"6584\" data-end=\"6613\"><span dir=\"auto\" style=\"vertical-align: inherit;\"><span dir=\"auto\" style=\"vertical-align: inherit;\">Korduma kippuvad k\u00fcsimused (KKK)<\/span><\/span><\/strong><\/h3>\n<p data-start=\"6617\" data-end=\"6775\"><strong data-start=\"6617\" data-end=\"6656\"><span dir=\"auto\" style=\"vertical-align: inherit;\"><span dir=\"auto\" style=\"vertical-align: inherit;\">1. Mis on 2-FA (2-fluoromfetamiin)? <\/span><\/span><\/strong><br data-start=\"6656\" data-end=\"6659\" \/><strong data-start=\"6659\" data-end=\"6667\"><span dir=\"auto\" style=\"vertical-align: inherit;\"><span dir=\"auto\" style=\"vertical-align: inherit;\">2-FA<\/span><\/span><\/strong><span dir=\"auto\" style=\"vertical-align: inherit;\"><span dir=\"auto\" style=\"vertical-align: inherit;\"> on <\/span><\/span><strong data-start=\"6675\" data-end=\"6710\"><span dir=\"auto\" style=\"vertical-align: inherit;\"><span dir=\"auto\" style=\"vertical-align: inherit;\">fluoritud amfetamiini analoog<\/span><\/span><\/strong><span dir=\"auto\" style=\"vertical-align: inherit;\"><span dir=\"auto\" style=\"vertical-align: inherit;\"> Kasutatakse anal\u00fc\u00fctilistes ja neurokeemilistes uuringutes.<\/span><\/span><\/p>\n<p data-start=\"6777\" data-end=\"6901\"><strong data-start=\"6777\" data-end=\"6814\"><span dir=\"auto\" style=\"vertical-align: inherit;\"><span dir=\"auto\" style=\"vertical-align: inherit;\">2. Milline on 2-FA puhtusaste?<\/span><\/span><\/strong><br data-start=\"6814\" data-end=\"6817\" \/><span dir=\"auto\" style=\"vertical-align: inherit;\"><span dir=\"auto\" style=\"vertical-align: inherit;\"> Igal partiil on <\/span><\/span><strong data-start=\"6838\" data-end=\"6862\"><span dir=\"auto\" style=\"vertical-align: inherit;\"><span dir=\"auto\" style=\"vertical-align: inherit;\">puhtus \u2265 98%<\/span><\/span><\/strong><span dir=\"auto\" style=\"vertical-align: inherit;\"><span dir=\"auto\" style=\"vertical-align: inherit;\"> , kinnitatud HPLC ja NMR anal\u00fc\u00fcsiga.<\/span><\/span><\/p>\n<p data-start=\"6903\" data-end=\"7056\"><strong data-start=\"6903\" data-end=\"6941\"><span dir=\"auto\" style=\"vertical-align: inherit;\"><span dir=\"auto\" style=\"vertical-align: inherit;\">3. Kas 2-FA ostmine on seaduslik?<\/span><\/span><\/strong><br data-start=\"6941\" data-end=\"6944\" \/><span dir=\"auto\" style=\"vertical-align: inherit;\"><span dir=\"auto\" style=\"vertical-align: inherit;\"> See <\/span><\/span><strong data-start=\"6947\" data-end=\"6970\"><span dir=\"auto\" style=\"vertical-align: inherit;\"><span dir=\"auto\" style=\"vertical-align: inherit;\">2-FA seaduslikkus<\/span><\/span><\/strong><span dir=\"auto\" style=\"vertical-align: inherit;\"><span dir=\"auto\" style=\"vertical-align: inherit;\"> erineb riigiti. Enne kontrollige alati kohalikke eeskirju <\/span><\/span><strong data-start=\"7039\" data-end=\"7053\"><span dir=\"auto\" style=\"vertical-align: inherit;\"><span dir=\"auto\" style=\"vertical-align: inherit;\">2-FA ostmine<\/span><\/span><\/strong><span dir=\"auto\" style=\"vertical-align: inherit;\"><span dir=\"auto\" style=\"vertical-align: inherit;\"> .<\/span><\/span><\/p>","protected":false},"excerpt":{"rendered":"<h2><span dir=\"auto\" style=\"vertical-align: inherit;\"><span dir=\"auto\" style=\"vertical-align: inherit;\"><span dir=\"auto\" style=\"vertical-align: inherit;\"><span dir=\"auto\" style=\"vertical-align: inherit;\">2-FA omadused<\/span><\/span><\/span><\/span><\/h2>\n<p><strong><span dir=\"auto\" style=\"vertical-align: inherit;\"><span dir=\"auto\" style=\"vertical-align: inherit;\"><span dir=\"auto\" style=\"vertical-align: inherit;\"><span dir=\"auto\" style=\"vertical-align: inherit;\">S\u00fcnon\u00fc\u00fcm<\/span><\/span><\/span><\/span><\/strong><span dir=\"auto\" style=\"vertical-align: inherit;\"><span dir=\"auto\" style=\"vertical-align: inherit;\"><span dir=\"auto\" style=\"vertical-align: inherit;\"><span dir=\"auto\" style=\"vertical-align: inherit;\"> 2-fluoromfetamiin <\/span><\/span><\/span><\/span><br \/>\n<strong><span dir=\"auto\" style=\"vertical-align: inherit;\"><span dir=\"auto\" style=\"vertical-align: inherit;\"><span dir=\"auto\" style=\"vertical-align: inherit;\"><span dir=\"auto\" style=\"vertical-align: inherit;\">CAS-number<\/span><\/span><\/span><\/span><\/strong><span dir=\"auto\" style=\"vertical-align: inherit;\"><span dir=\"auto\" style=\"vertical-align: inherit;\"><span dir=\"auto\" style=\"vertical-align: inherit;\"><span dir=\"auto\" style=\"vertical-align: inherit;\"> : 1626-69-3 <\/span><\/span><\/span><\/span><br \/>\n<strong><span dir=\"auto\" style=\"vertical-align: inherit;\"><span dir=\"auto\" style=\"vertical-align: inherit;\"><span dir=\"auto\" style=\"vertical-align: inherit;\"><span dir=\"auto\" style=\"vertical-align: inherit;\">Valem<\/span><\/span><\/span><\/span><\/strong><span dir=\"auto\" style=\"vertical-align: inherit;\"><span dir=\"auto\" style=\"vertical-align: inherit;\"><span dir=\"auto\" style=\"vertical-align: inherit;\"><span dir=\"auto\" style=\"vertical-align: inherit;\"> C9H12FN \u2022 HCl <\/span><\/span><\/span><\/span><br \/>\n<strong><span dir=\"auto\" style=\"vertical-align: inherit;\"><span dir=\"auto\" style=\"vertical-align: inherit;\"><span dir=\"auto\" style=\"vertical-align: inherit;\"><span dir=\"auto\" style=\"vertical-align: inherit;\">Molaarmass<\/span><\/span><\/span><\/span><\/strong><span dir=\"auto\" style=\"vertical-align: inherit;\"><span dir=\"auto\" style=\"vertical-align: inherit;\"><span dir=\"auto\" style=\"vertical-align: inherit;\"><span dir=\"auto\" style=\"vertical-align: inherit;\"> 189,7 g\/mol <\/span><\/span><\/span><\/span><br \/>\n<strong><span dir=\"auto\" style=\"vertical-align: inherit;\"><span dir=\"auto\" style=\"vertical-align: inherit;\"><span dir=\"auto\" style=\"vertical-align: inherit;\"><span dir=\"auto\" style=\"vertical-align: inherit;\">Puhtus<\/span><\/span><\/span><\/span><\/strong><span dir=\"auto\" style=\"vertical-align: inherit;\"><span dir=\"auto\" style=\"vertical-align: inherit;\"><span dir=\"auto\" style=\"vertical-align: inherit;\"><span dir=\"auto\" style=\"vertical-align: inherit;\"> : \u226598%<\/span><\/span><\/span><\/span><\/p>","protected":false},"featured_media":29188,"comment_status":"closed","ping_status":"closed","template":"","meta":[],"product_brand":[82],"product_cat":[470,322,333],"product_tag":[931,932,821,326],"class_list":{"0":"post-24344","1":"product","2":"type-product","3":"status-publish","4":"has-post-thumbnail","6":"product_brand-research-chemical","7":"product_cat-2-fa","8":"product_cat-bijna-verboden","9":"product_cat-gefluoreerden","10":"product_tag-2-fa-kopen","11":"product_tag-2-fa-research-chemical","12":"product_tag-2-fa","13":"product_tag-nl","15":"first","16":"instock","17":"taxable","18":"shipping-taxable","19":"purchasable","20":"product-type-variable"},"_links":{"self":[{"href":"https:\/\/onderzoekschemicals.com\/et\/wp-json\/wp\/v2\/product\/24344","targetHints":{"allow":["GET"]}}],"collection":[{"href":"https:\/\/onderzoekschemicals.com\/et\/wp-json\/wp\/v2\/product"}],"about":[{"href":"https:\/\/onderzoekschemicals.com\/et\/wp-json\/wp\/v2\/types\/product"}],"replies":[{"embeddable":true,"href":"https:\/\/onderzoekschemicals.com\/et\/wp-json\/wp\/v2\/comments?post=24344"}],"version-history":[{"count":7,"href":"https:\/\/onderzoekschemicals.com\/et\/wp-json\/wp\/v2\/product\/24344\/revisions"}],"predecessor-version":[{"id":28686,"href":"https:\/\/onderzoekschemicals.com\/et\/wp-json\/wp\/v2\/product\/24344\/revisions\/28686"}],"wp:featuredmedia":[{"embeddable":true,"href":"https:\/\/onderzoekschemicals.com\/et\/wp-json\/wp\/v2\/media\/29188"}],"wp:attachment":[{"href":"https:\/\/onderzoekschemicals.com\/et\/wp-json\/wp\/v2\/media?parent=24344"}],"wp:term":[{"taxonomy":"product_brand","embeddable":true,"href":"https:\/\/onderzoekschemicals.com\/et\/wp-json\/wp\/v2\/product_brand?post=24344"},{"taxonomy":"product_cat","embeddable":true,"href":"https:\/\/onderzoekschemicals.com\/et\/wp-json\/wp\/v2\/product_cat?post=24344"},{"taxonomy":"product_tag","embeddable":true,"href":"https:\/\/onderzoekschemicals.com\/et\/wp-json\/wp\/v2\/product_tag?post=24344"}],"curies":[{"name":"t\u00f6\u00f6leht","href":"https:\/\/api.w.org\/{rel}","templated":true}]}}