{"id":24334,"date":"2025-04-13T17:41:30","date_gmt":"2025-04-13T17:41:30","guid":{"rendered":"https:\/\/onderzoekschemicals.com\/?post_type=product&#038;p=24334"},"modified":"2025-10-12T14:01:08","modified_gmt":"2025-10-12T14:01:08","slug":"benzo-fury-100mg-blister","status":"publish","type":"product","link":"https:\/\/onderzoekschemicals.com\/et\/shop\/b2b\/benzo-fury-100mg-blister\/","title":{"rendered":"RC+ Benzo Fury 100mg blisterpakend"},"content":{"rendered":"<h3 data-start=\"4226\" data-end=\"4247\"><strong data-start=\"4230\" data-end=\"4245\">Sissejuhatus<\/strong><\/h3>\n<p data-start=\"4248\" data-end=\"4639\"><strong data-start=\"4248\" data-end=\"4280\">RC+ Benzo Fury 100mg blisterpakend<\/strong> sisaldab <strong data-start=\"4287\" data-end=\"4341\">100 milligrammi 6-APB-d (6-(2-aminoprop\u00fc\u00fcl)bensofuraani)<\/strong> - \u00dcks <strong data-start=\"4348\" data-end=\"4373\">bensofuraani\u00fchend<\/strong> mis on struktuurilt seotud <strong data-start=\"4405\" data-end=\"4412\">MDA<\/strong> ja teised <strong data-start=\"4423\" data-end=\"4449\">fenet\u00fc\u00fclamiini analoogid<\/strong>. benso raev<br data-start=\"4450\" data-end=\"4453\" \/>6-APB-d kasutatakse <strong data-start=\"4477\" data-end=\"4515\">kohtuekspertiisi ja anal\u00fc\u00fctilised uuringud<\/strong> kuni <strong data-start=\"4519\" data-end=\"4555\">monoamiini transporteri interaktsioonid<\/strong>, <strong data-start=\"4557\" data-end=\"4576\">retseptori sidumine<\/strong> ja <strong data-start=\"4580\" data-end=\"4622\">struktuuri-aktiivsuse seosed (SAR)<\/strong> \u00f5ppima.<\/p>\n<p data-start=\"4641\" data-end=\"4868\">Iga pellet on <strong data-start=\"4656\" data-end=\"4694\">T\u00e4pne kaalumine t\u00e4psusega 100 mg \u00b12 mg<\/strong> ja testitud a-l <strong data-start=\"4712\" data-end=\"4736\">puhtus \u2265 98%<\/strong> kaudu <strong data-start=\"4741\" data-end=\"4756\">HPLC ja NMR<\/strong>See <strong data-start=\"4761\" data-end=\"4782\">blisterpakend<\/strong> kaitseb valguse ja niiskuse eest, s\u00e4ilitades seel\u00e4bi kvaliteedi.<\/p>\n<blockquote data-start=\"4870\" data-end=\"5019\">\n<p data-start=\"4872\" data-end=\"5019\">\u26a0\ufe0f <strong data-start=\"4875\" data-end=\"4886\">NB!<\/strong> RC+ Benzo Fury on m\u00f5eldud ainult <strong data-start=\"4930\" data-end=\"4965\">teadus- ja anal\u00fc\u00fctiline kasutamine<\/strong> \u2014 <strong data-start=\"4968\" data-end=\"5016\">mitte inimtoiduks ega loomade toiduks<\/strong>.<\/p>\n<\/blockquote>\n<hr data-start=\"5021\" data-end=\"5024\" \/>\n<h3 data-start=\"5026\" data-end=\"5057\"><strong data-start=\"5030\" data-end=\"5057\">Peamised omadused<\/strong><\/h3>\n<div class=\"_tableContainer_1rjym_1\">\n<div class=\"group _tableWrapper_1rjym_13 flex w-fit flex-col-reverse\" tabindex=\"-1\">\n<table class=\"w-fit min-w-(--thread-content-width)\" data-start=\"5059\" data-end=\"5734\">\n<thead data-start=\"5059\" data-end=\"5085\">\n<tr data-start=\"5059\" data-end=\"5085\">\n<th data-start=\"5059\" data-end=\"5069\" data-col-size=\"sm\">Funktsioon<\/th>\n<th data-start=\"5069\" data-end=\"5085\" data-col-size=\"md\">Kirjeldus<\/th>\n<\/tr>\n<\/thead>\n<tbody data-start=\"5114\" data-end=\"5734\">\n<tr data-start=\"5114\" data-end=\"5181\">\n<td data-start=\"5114\" data-end=\"5135\" data-col-size=\"sm\"><strong data-start=\"5116\" data-end=\"5134\">Keemiline nimetus<\/strong><\/td>\n<td data-start=\"5135\" data-end=\"5181\" data-col-size=\"md\">6-(2-aminoprop\u00fc\u00fcl)bensofuraanvesinikkloriid<\/td>\n<\/tr>\n<tr data-start=\"5182\" data-end=\"5229\">\n<td data-start=\"5182\" data-end=\"5207\" data-col-size=\"sm\"><strong data-start=\"5184\" data-end=\"5206\">\u00dcldnimetus<\/strong><\/td>\n<td data-start=\"5207\" data-end=\"5229\" data-col-size=\"md\">6-APB \/ Benzo Fury<\/td>\n<\/tr>\n<tr data-start=\"5230\" data-end=\"5280\">\n<td data-start=\"5230\" data-end=\"5248\" data-col-size=\"sm\"><strong data-start=\"5232\" data-end=\"5247\">Toote nimi<\/strong><\/td>\n<td data-start=\"5248\" data-end=\"5280\" data-col-size=\"md\">RC+ Benzo Fury 100mg blisterpakend<\/td>\n<\/tr>\n<tr data-start=\"5281\" data-end=\"5321\">\n<td data-start=\"5281\" data-end=\"5305\" data-col-size=\"sm\"><strong data-start=\"5283\" data-end=\"5304\">Keemiline valem<\/strong><\/td>\n<td data-start=\"5305\" data-end=\"5321\" data-col-size=\"md\">C\u2081\u2081H\u2081\u2083NO\u00b7HCl<\/td>\n<\/tr>\n<tr data-start=\"5322\" data-end=\"5360\">\n<td data-start=\"5322\" data-end=\"5344\" data-col-size=\"sm\"><strong data-start=\"5324\" data-end=\"5343\">Molekulaarmass<\/strong><\/td>\n<td data-start=\"5344\" data-end=\"5360\" data-col-size=\"md\">211,69 g\/mol<\/td>\n<\/tr>\n<tr data-start=\"5361\" data-end=\"5396\">\n<td data-start=\"5361\" data-end=\"5376\" data-col-size=\"sm\"><strong data-start=\"5363\" data-end=\"5375\">Annustamine<\/strong><\/td>\n<td data-start=\"5376\" data-end=\"5396\" data-col-size=\"md\">100 mg pelleti kohta<\/td>\n<\/tr>\n<tr data-start=\"5397\" data-end=\"5444\">\n<td data-start=\"5397\" data-end=\"5408\" data-col-size=\"sm\"><strong data-start=\"5399\" data-end=\"5407\">Vorm<\/strong><\/td>\n<td data-start=\"5408\" data-end=\"5444\" data-col-size=\"md\">Tahke pellet (blisterpakend)<\/td>\n<\/tr>\n<tr data-start=\"5445\" data-end=\"5496\">\n<td data-start=\"5445\" data-end=\"5462\" data-col-size=\"sm\"><strong data-start=\"5447\" data-end=\"5461\">Puhtus<\/strong><\/td>\n<td data-start=\"5462\" data-end=\"5496\" data-col-size=\"md\">\u2265 98% (testitud HPLC ja NMR abil)<\/td>\n<\/tr>\n<tr data-start=\"5497\" data-end=\"5559\">\n<td data-start=\"5497\" data-end=\"5520\" data-col-size=\"sm\"><strong data-start=\"5499\" data-end=\"5519\">Keemiline klass<\/strong><\/td>\n<td data-start=\"5520\" data-end=\"5559\" data-col-size=\"md\">Bensofuraani \/ fenet\u00fc\u00fclamiini analoog<\/td>\n<\/tr>\n<tr data-start=\"5560\" data-end=\"5639\">\n<td data-start=\"5560\" data-end=\"5574\" data-col-size=\"sm\"><strong data-start=\"5562\" data-end=\"5573\">Kasutus<\/strong><\/td>\n<td data-start=\"5574\" data-end=\"5639\" data-col-size=\"md\">Ainult anal\u00fc\u00fctiliseks, kohtuekspertiisi ja neurokeemilisteks uuringuteks<\/td>\n<\/tr>\n<tr data-start=\"5640\" data-end=\"5684\">\n<td data-start=\"5640\" data-end=\"5657\" data-col-size=\"sm\"><strong data-start=\"5642\" data-end=\"5656\">Pakend<\/strong><\/td>\n<td data-start=\"5657\" data-end=\"5684\" data-col-size=\"md\">Suletud blisterriba<\/td>\n<\/tr>\n<tr data-start=\"5685\" data-end=\"5734\">\n<td data-start=\"5685\" data-end=\"5703\" data-col-size=\"sm\"><strong data-start=\"5687\" data-end=\"5702\">Kogus<\/strong><\/td>\n<td data-start=\"5703\" data-end=\"5734\" data-col-size=\"md\">1 blister 100 mg pelletitega<\/td>\n<\/tr>\n<\/tbody>\n<\/table>\n<\/div>\n<\/div>\n<hr data-start=\"5736\" data-end=\"5739\" \/>\n<h3 data-start=\"5741\" data-end=\"5758\"><strong data-start=\"5745\" data-end=\"5758\">Eelised<\/strong><\/h3>\n<ul data-start=\"5760\" data-end=\"6165\">\n<li data-start=\"5760\" data-end=\"5852\">\n<p data-start=\"5762\" data-end=\"5852\"><strong data-start=\"5762\" data-end=\"5781\">K\u00f5rge puhtusastmega<\/strong> \u2013 \u2265 98% laborikvaliteet usaldusv\u00e4\u00e4rsete uurimistulemuste tagamiseks.<\/p>\n<\/li>\n<li data-start=\"5853\" data-end=\"5934\">\n<p data-start=\"5855\" data-end=\"5934\"><strong data-start=\"5855\" data-end=\"5886\">Standardiseeritud annus<\/strong> \u2013 100 mg pelleti kohta j\u00e4rjepideva anal\u00fc\u00fcsi tagamiseks.<\/p>\n<\/li>\n<li data-start=\"5935\" data-end=\"6018\">\n<p data-start=\"5937\" data-end=\"6018\"><strong data-start=\"5937\" data-end=\"5959\">Ohutu pakend<\/strong> \u2013 Blisterpakend hoiab \u00e4ra lagunemise ja saastumise.<\/p>\n<\/li>\n<li data-start=\"6019\" data-end=\"6097\">\n<p data-start=\"6021\" data-end=\"6097\"><strong data-start=\"6021\" data-end=\"6051\">Laialdaselt uurimist\u00f6\u00f6dele kohaldatav<\/strong> \u2013 Sobib HPLC, GC\/MS, FTIR ja LC-MS jaoks.<\/p>\n<\/li>\n<li data-start=\"6098\" data-end=\"6165\">\n<p data-start=\"6100\" data-end=\"6165\"><strong data-start=\"6100\" data-end=\"6127\">Kontrollitud kvaliteet<\/strong> \u2013 Iga partii on testitud ja j\u00e4lgitav.<\/p>\n<\/li>\n<\/ul>\n<hr data-start=\"6167\" data-end=\"6170\" \/>\n<h3 data-start=\"6172\" data-end=\"6224\"><strong data-start=\"6176\" data-end=\"6222\">Kasutamine (ainult uurimist\u00f6\u00f6 eesm\u00e4rgil)<\/strong><\/h3>\n<ol data-start=\"6226\" data-end=\"6580\">\n<li data-start=\"6226\" data-end=\"6295\">\n<p data-start=\"6229\" data-end=\"6295\"><strong data-start=\"6229\" data-end=\"6244\">K\u00e4itlemine:<\/strong> Kandke kindaid, kaitseprille ja laborikitlit.<\/p>\n<\/li>\n<li data-start=\"6296\" data-end=\"6366\">\n<p data-start=\"6299\" data-end=\"6366\"><strong data-start=\"6299\" data-end=\"6312\">M\u00f5\u00f5dud:<\/strong> Iga pellet sisaldab 100 mg \u00b1 2 mg; registreerige partii andmed.<\/p>\n<\/li>\n<li data-start=\"6367\" data-end=\"6446\">\n<p data-start=\"6370\" data-end=\"6446\"><strong data-start=\"6370\" data-end=\"6381\">S\u00e4ilitamine:<\/strong> Hoida originaalblisterpakendis jahedas (2\u20138 \u00b0C) ja pimedas. bensof\u00fc\u00fcr<\/p>\n<\/li>\n<li data-start=\"6447\" data-end=\"6511\">\n<p data-start=\"6450\" data-end=\"6511\"><strong data-start=\"6450\" data-end=\"6462\">Anal\u00fc\u00fcs:<\/strong> Sobib kromatograafia ja spektroskoopia jaoks.<\/p>\n<\/li>\n<li data-start=\"6512\" data-end=\"6580\">\n<p data-start=\"6515\" data-end=\"6580\"><strong data-start=\"6515\" data-end=\"6532\">Dokumentatsioon:<\/strong> Testitulemuste ja anal\u00fc\u00fcsimeetodite registreerimine.<\/p>\n<\/li>\n<\/ol>\n<hr data-start=\"6582\" data-end=\"6585\" \/>\n<h3 data-start=\"6587\" data-end=\"6622\"><strong data-start=\"6591\" data-end=\"6620\">Korduma kippuvad k\u00fcsimused (KKK)<\/strong><\/h3>\n<p data-start=\"6624\" data-end=\"6791\"><strong data-start=\"6624\" data-end=\"6661\">1. Mis on RC+ Benzo Fury (6-APB)?<\/strong><br data-start=\"6661\" data-end=\"6664\" \/><strong data-start=\"6664\" data-end=\"6682\">RC+ Benzo Fury<\/strong> sisaldab <strong data-start=\"6689\" data-end=\"6698\">6-APB<\/strong>, An <strong data-start=\"6704\" data-end=\"6727\">bensofuraani analoog<\/strong> MDA-st, mida kasutatakse anal\u00fc\u00fctilistes ja neurokeemilistes uuringutes.<\/p>\n<p data-start=\"6793\" data-end=\"6908\"><strong data-start=\"6793\" data-end=\"6826\">2. Kui puhas on toode?<\/strong><br data-start=\"6826\" data-end=\"6829\" \/>Iga pellet sisaldab <strong data-start=\"6847\" data-end=\"6881\">100 mg 6-APB-d (puhtus \u2265 98%)<\/strong>, testitud HPLC ja NMR abil.<\/p>\n<p data-start=\"6910\" data-end=\"7084\"><strong data-start=\"6910\" data-end=\"6958\">3. Kas RC+ Benzo Fury ostmine on seaduslik?<\/strong><br data-start=\"6958\" data-end=\"6961\" \/>See <strong data-start=\"6964\" data-end=\"6988\">6-APB seaduslikkus<\/strong> varieerub riigiti. Enne kasutamist kontrollige alati kohalikke eeskirju. <strong data-start=\"7057\" data-end=\"7081\">RC+ Benzo Fury ostud<\/strong>.<\/p>","protected":false},"excerpt":{"rendered":"<p><strong><span dir=\"auto\" style=\"vertical-align: inherit;\"><span dir=\"auto\" style=\"vertical-align: inherit;\">S\u00fcnon\u00fc\u00fcm<\/span><\/span><\/strong><span dir=\"auto\" style=\"vertical-align: inherit;\"><span dir=\"auto\" style=\"vertical-align: inherit;\"> : 6-(2-aminoprop\u00fc\u00fcl)bensofuraan <\/span><\/span><br \/>\n<strong><span dir=\"auto\" style=\"vertical-align: inherit;\"><span dir=\"auto\" style=\"vertical-align: inherit;\">CAS-number:<\/span><\/span><\/strong><span dir=\"auto\" style=\"vertical-align: inherit;\"><span dir=\"auto\" style=\"vertical-align: inherit;\"> 286834-85-3 <\/span><\/span><br \/>\n<strong><span dir=\"auto\" style=\"vertical-align: inherit;\"><span dir=\"auto\" style=\"vertical-align: inherit;\">Valem<\/span><\/span><\/strong><span dir=\"auto\" style=\"vertical-align: inherit;\"><span dir=\"auto\" style=\"vertical-align: inherit;\"> : <\/span><\/span><span title=\"S\u00fcsinik\"><span dir=\"auto\" style=\"vertical-align: inherit;\"><span dir=\"auto\" style=\"vertical-align: inherit;\">C <\/span><\/span><\/span><sub><span dir=\"auto\" style=\"vertical-align: inherit;\"><span dir=\"auto\" style=\"vertical-align: inherit;\">11 <\/span><\/span><\/sub><span title=\"Vesinik\"><span dir=\"auto\" style=\"vertical-align: inherit;\"><span dir=\"auto\" style=\"vertical-align: inherit;\">H <\/span><\/span><\/span><sub><span dir=\"auto\" style=\"vertical-align: inherit;\"><span dir=\"auto\" style=\"vertical-align: inherit;\">13 <\/span><\/span><\/sub><span title=\"L\u00e4mmastik\"><span dir=\"auto\" style=\"vertical-align: inherit;\"><span dir=\"auto\" style=\"vertical-align: inherit;\">N <\/span><\/span><\/span><span title=\"Hapnik\"><span dir=\"auto\" style=\"vertical-align: inherit;\"><span dir=\"auto\" style=\"vertical-align: inherit;\">O <\/span><\/span><\/span><br \/>\n<strong><span dir=\"auto\" style=\"vertical-align: inherit;\"><span dir=\"auto\" style=\"vertical-align: inherit;\">Molaarmass<\/span><\/span><\/strong><span dir=\"auto\" style=\"vertical-align: inherit;\"><span dir=\"auto\" style=\"vertical-align: inherit;\"> : <\/span><\/span><span class=\"nowrap\"><span dir=\"auto\" style=\"vertical-align: inherit;\"><span dir=\"auto\" style=\"vertical-align: inherit;\">175.231<\/span><\/span><\/span><span dir=\"auto\" style=\"vertical-align: inherit;\"><span dir=\"auto\" style=\"vertical-align: inherit;\"> \u00a0g\/mol <\/span><\/span><br \/>\n<strong><span dir=\"auto\" style=\"vertical-align: inherit;\"><span dir=\"auto\" style=\"vertical-align: inherit;\">Puhtus<\/span><\/span><\/strong><span dir=\"auto\" style=\"vertical-align: inherit;\"><span dir=\"auto\" style=\"vertical-align: inherit;\"> : &gt;98%<\/span><\/span><\/p>","protected":false},"featured_media":21434,"comment_status":"closed","ping_status":"closed","template":"","meta":[],"product_brand":[82],"product_cat":[555],"product_tag":[117,126,130,850,118,120,119,121,851,326,122],"class_list":{"0":"post-24334","1":"product","2":"type-product","3":"status-publish","4":"has-post-thumbnail","6":"product_brand-research-chemical","7":"product_cat-b2b","8":"product_tag-6-apb-benzo-fury","9":"product_tag-6-apb-kopen","10":"product_tag-6-apb-ervaring","11":"product_tag-6apb","12":"product_tag-benzo-fury","13":"product_tag-benzo-fury-bestellen-nederland","14":"product_tag-benzo-fury-drugs","15":"product_tag-benzo-fury-kopen","16":"product_tag-benzos-drugs","17":"product_tag-nl","18":"product_tag-wat-is-benzo-fury","20":"first","21":"instock","22":"taxable","23":"shipping-taxable","24":"purchasable","25":"product-type-variable"},"_links":{"self":[{"href":"https:\/\/onderzoekschemicals.com\/et\/wp-json\/wp\/v2\/product\/24334","targetHints":{"allow":["GET"]}}],"collection":[{"href":"https:\/\/onderzoekschemicals.com\/et\/wp-json\/wp\/v2\/product"}],"about":[{"href":"https:\/\/onderzoekschemicals.com\/et\/wp-json\/wp\/v2\/types\/product"}],"replies":[{"embeddable":true,"href":"https:\/\/onderzoekschemicals.com\/et\/wp-json\/wp\/v2\/comments?post=24334"}],"version-history":[{"count":4,"href":"https:\/\/onderzoekschemicals.com\/et\/wp-json\/wp\/v2\/product\/24334\/revisions"}],"predecessor-version":[{"id":27807,"href":"https:\/\/onderzoekschemicals.com\/et\/wp-json\/wp\/v2\/product\/24334\/revisions\/27807"}],"wp:featuredmedia":[{"embeddable":true,"href":"https:\/\/onderzoekschemicals.com\/et\/wp-json\/wp\/v2\/media\/21434"}],"wp:attachment":[{"href":"https:\/\/onderzoekschemicals.com\/et\/wp-json\/wp\/v2\/media?parent=24334"}],"wp:term":[{"taxonomy":"product_brand","embeddable":true,"href":"https:\/\/onderzoekschemicals.com\/et\/wp-json\/wp\/v2\/product_brand?post=24334"},{"taxonomy":"product_cat","embeddable":true,"href":"https:\/\/onderzoekschemicals.com\/et\/wp-json\/wp\/v2\/product_cat?post=24334"},{"taxonomy":"product_tag","embeddable":true,"href":"https:\/\/onderzoekschemicals.com\/et\/wp-json\/wp\/v2\/product_tag?post=24334"}],"curies":[{"name":"t\u00f6\u00f6leht","href":"https:\/\/api.w.org\/{rel}","templated":true}]}}