{"id":24271,"date":"2025-04-13T17:41:22","date_gmt":"2025-04-13T17:41:22","guid":{"rendered":"https:\/\/onderzoekschemicals.com\/?post_type=product&#038;p=24271"},"modified":"2025-11-28T06:53:32","modified_gmt":"2025-11-28T06:53:32","slug":"bromonordiasepaam-25-mg-pelletid","status":"publish","type":"product","link":"https:\/\/onderzoekschemicals.com\/et\/pood\/bensodiasepiinid\/bromonordiasepaam-25-mg-pelletid\/","title":{"rendered":"Bromonordiasepaam 2,5 MG graanulid"},"content":{"rendered":"<h3 data-start=\"3959\" data-end=\"3980\"><strong data-start=\"3963\" data-end=\"3978\">Sissejuhatus<\/strong><\/h3>\n<p data-start=\"3981\" data-end=\"4362\"><strong data-start=\"3981\" data-end=\"4015\">Bromonordiasepaam 2,5 mg graanulid<\/strong> sisaldama <strong data-start=\"4025\" data-end=\"4059\">2,5 milligrammi bromonordiasepaami<\/strong>, An <strong data-start=\"4065\" data-end=\"4106\">pika toimeajaga bensodiasepiini\u00fchend<\/strong> mis on struktuurilt seotud <strong data-start=\"4138\" data-end=\"4153\">Nordiazepam<\/strong> ja <strong data-start=\"4157\" data-end=\"4169\">Diasepaam<\/strong>bromonordiasepaam<br data-start=\"4170\" data-end=\"4173\" \/>Seda kasutatakse <strong data-start=\"4195\" data-end=\"4233\">kohtuekspertiisi ja anal\u00fc\u00fctilised uuringud<\/strong> Ebameeldiv <strong data-start=\"4239\" data-end=\"4265\">GABA-A retseptori seondumine<\/strong>, <strong data-start=\"4267\" data-end=\"4282\">ainevahetus<\/strong> ja <strong data-start=\"4286\" data-end=\"4328\">struktuuri-aktiivsuse seosed (SAR)<\/strong> bensodiasepiinide klassi sees.<\/p>\n<p data-start=\"4364\" data-end=\"4583\">Iga pellet on <strong data-start=\"4379\" data-end=\"4407\">laboris valmistatud<\/strong> ja testitud a-l <strong data-start=\"4425\" data-end=\"4449\">puhtus \u2265 98%<\/strong> kaudu <strong data-start=\"4454\" data-end=\"4469\">HPLC ja NMR<\/strong>.<br data-start=\"4470\" data-end=\"4473\" \/>See <strong data-start=\"4476\" data-end=\"4517\">standardiseeritud annus 2,5 mg<\/strong> tagab reprodutseeritavad ja usaldusv\u00e4\u00e4rsed uurimistulemused.<\/p>\n<blockquote data-start=\"4585\" data-end=\"4736\">\n<p data-start=\"4587\" data-end=\"4736\">\u26a0\ufe0f <strong data-start=\"4590\" data-end=\"4601\">NB!<\/strong> Bromonordiasepaam on ette n\u00e4htud ainult <strong data-start=\"4647\" data-end=\"4682\">teadus- ja anal\u00fc\u00fctiline kasutamine<\/strong> \u2014 <strong data-start=\"4685\" data-end=\"4734\">mitte inimeste ega loomade toiduks.<\/strong><\/p>\n<\/blockquote>\n<hr data-start=\"4738\" data-end=\"4741\" \/>\n<h3 data-start=\"4743\" data-end=\"4774\"><strong data-start=\"4747\" data-end=\"4774\">Peamised omadused<\/strong><\/h3>\n<div class=\"_tableContainer_1rjym_1\">\n<div class=\"group _tableWrapper_1rjym_13 flex w-fit flex-col-reverse\" tabindex=\"-1\">\n<table class=\"w-fit min-w-(--thread-content-width)\" data-start=\"4776\" data-end=\"5322\">\n<thead data-start=\"4776\" data-end=\"4802\">\n<tr data-start=\"4776\" data-end=\"4802\">\n<th data-start=\"4776\" data-end=\"4786\" data-col-size=\"sm\">Funktsioon<\/th>\n<th data-start=\"4786\" data-end=\"4802\" data-col-size=\"md\">Kirjeldus<\/th>\n<\/tr>\n<\/thead>\n<tbody data-start=\"4831\" data-end=\"5322\">\n<tr data-start=\"4831\" data-end=\"4872\">\n<td data-start=\"4831\" data-end=\"4852\" data-col-size=\"sm\"><strong data-start=\"4833\" data-end=\"4851\">Keemiline nimetus<\/strong><\/td>\n<td data-start=\"4852\" data-end=\"4872\" data-col-size=\"md\">Bromonordiasepaam<\/td>\n<\/tr>\n<tr data-start=\"4873\" data-end=\"4914\">\n<td data-start=\"4873\" data-end=\"4897\" data-col-size=\"sm\"><strong data-start=\"4875\" data-end=\"4896\">Keemiline valem<\/strong><\/td>\n<td data-start=\"4897\" data-end=\"4914\" data-col-size=\"md\">C\u2081\u2085H\u2081\u2080BrClN\u2082O<\/td>\n<\/tr>\n<tr data-start=\"4915\" data-end=\"4953\">\n<td data-start=\"4915\" data-end=\"4937\" data-col-size=\"sm\"><strong data-start=\"4917\" data-end=\"4936\">Molekulaarmass<\/strong><\/td>\n<td data-start=\"4937\" data-end=\"4953\" data-col-size=\"md\">365,61 g\/mol<\/td>\n<\/tr>\n<tr data-start=\"4954\" data-end=\"4989\">\n<td data-start=\"4954\" data-end=\"4969\" data-col-size=\"sm\"><strong data-start=\"4956\" data-end=\"4968\">Annustamine<\/strong><\/td>\n<td data-start=\"4969\" data-end=\"4989\" data-col-size=\"md\">2,5 mg pelleti kohta<\/td>\n<\/tr>\n<tr data-start=\"4990\" data-end=\"5037\">\n<td data-start=\"4990\" data-end=\"5001\" data-col-size=\"sm\"><strong data-start=\"4992\" data-end=\"5000\">Vorm<\/strong><\/td>\n<td data-start=\"5001\" data-end=\"5037\" data-col-size=\"md\">Tahke pellet (blisterpakend)<\/td>\n<\/tr>\n<tr data-start=\"5038\" data-end=\"5089\">\n<td data-start=\"5038\" data-end=\"5055\" data-col-size=\"sm\"><strong data-start=\"5040\" data-end=\"5054\">Puhtus<\/strong><\/td>\n<td data-start=\"5055\" data-end=\"5089\" data-col-size=\"md\">\u2265 98% (testitud HPLC ja NMR abil)<\/td>\n<\/tr>\n<tr data-start=\"5090\" data-end=\"5140\">\n<td data-start=\"5090\" data-end=\"5113\" data-col-size=\"sm\"><strong data-start=\"5092\" data-end=\"5112\">Keemiline klass<\/strong><\/td>\n<td data-start=\"5113\" data-end=\"5140\" data-col-size=\"md\">Bensodiasepiini derivaat<\/td>\n<\/tr>\n<tr data-start=\"5141\" data-end=\"5221\">\n<td data-start=\"5141\" data-end=\"5155\" data-col-size=\"sm\"><strong data-start=\"5143\" data-end=\"5154\">Kasutus<\/strong><\/td>\n<td data-start=\"5155\" data-end=\"5221\" data-col-size=\"md\">Ainult anal\u00fc\u00fctiliseks, kohtuekspertiisi ja farmakoloogiliseks uurimist\u00f6\u00f6ks<\/td>\n<\/tr>\n<tr data-start=\"5222\" data-end=\"5271\">\n<td data-start=\"5222\" data-end=\"5239\" data-col-size=\"sm\"><strong data-start=\"5224\" data-end=\"5238\">Pakend<\/strong><\/td>\n<td data-start=\"5239\" data-end=\"5271\" data-col-size=\"md\">Blisterriba koos tihendiga<\/td>\n<\/tr>\n<tr data-start=\"5272\" data-end=\"5322\">\n<td data-start=\"5272\" data-end=\"5290\" data-col-size=\"sm\"><strong data-start=\"5274\" data-end=\"5289\">Kogus<\/strong><\/td>\n<td data-start=\"5290\" data-end=\"5322\" data-col-size=\"md\">Mitu graanulit blisterpakendis<\/td>\n<\/tr>\n<\/tbody>\n<\/table>\n<\/div>\n<\/div>\n<hr data-start=\"5324\" data-end=\"5327\" \/>\n<h3 data-start=\"5329\" data-end=\"5346\"><strong data-start=\"5333\" data-end=\"5346\">Eelised<\/strong><\/h3>\n<ul data-start=\"5348\" data-end=\"5732\">\n<li data-start=\"5348\" data-end=\"5432\">\n<p data-start=\"5350\" data-end=\"5432\"><strong data-start=\"5350\" data-end=\"5377\">K\u00f5rge puhtusaste (\u2265 98%)<\/strong> \u2013 Usaldusv\u00e4\u00e4rsete tulemuste saamiseks laborikvaliteediga. bromonordiasepaam<\/p>\n<\/li>\n<li data-start=\"5433\" data-end=\"5515\">\n<p data-start=\"5435\" data-end=\"5515\"><strong data-start=\"5435\" data-end=\"5474\">Standardiseeritud annus (2,5 mg)<\/strong> \u2013 Tagab m\u00f5\u00f5tmiste reprodutseeritavuse.<\/p>\n<\/li>\n<li data-start=\"5516\" data-end=\"5583\">\n<p data-start=\"5518\" data-end=\"5583\"><strong data-start=\"5518\" data-end=\"5541\">Stabiilne tahke vorm<\/strong> \u2013 Lihtne k\u00e4sitseda ja hoiustada.<\/p>\n<\/li>\n<li data-start=\"5584\" data-end=\"5664\">\n<p data-start=\"5586\" data-end=\"5664\"><strong data-start=\"5586\" data-end=\"5616\">Laialdaselt uurimist\u00f6\u00f6dele kohaldatav<\/strong> \u2013 Sobib GC\/MS, LC-MS ja HPLC anal\u00fc\u00fcsiks.<\/p>\n<\/li>\n<li data-start=\"5665\" data-end=\"5732\">\n<p data-start=\"5667\" data-end=\"5732\"><strong data-start=\"5667\" data-end=\"5692\">J\u00e4lgitav kvaliteet<\/strong> \u2013 Iga partii on testitud ja registreeritud.<\/p>\n<\/li>\n<\/ul>\n<hr data-start=\"5734\" data-end=\"5737\" \/>\n<h3 data-start=\"5739\" data-end=\"5791\"><strong data-start=\"5743\" data-end=\"5789\">Kasutamine (ainult uurimist\u00f6\u00f6 eesm\u00e4rgil)<\/strong><\/h3>\n<ol data-start=\"5793\" data-end=\"6126\">\n<li data-start=\"5793\" data-end=\"5862\">\n<p data-start=\"5796\" data-end=\"5862\"><strong data-start=\"5796\" data-end=\"5811\">K\u00e4itlemine:<\/strong> Kandke kindaid, kaitseprille ja laborikitlit.<\/p>\n<\/li>\n<li data-start=\"5863\" data-end=\"5937\">\n<p data-start=\"5866\" data-end=\"5937\"><strong data-start=\"5866\" data-end=\"5879\">M\u00f5\u00f5dud:<\/strong> Iga pellet sisaldab 2,5 mg \u00b10,1 mg; registreerige partii andmed.<\/p>\n<\/li>\n<li data-start=\"5938\" data-end=\"5992\">\n<p data-start=\"5941\" data-end=\"5992\"><strong data-start=\"5941\" data-end=\"5952\">S\u00e4ilitamine:<\/strong> Hoida jahedas (2\u20138 \u00b0C), kuivas ja pimedas.<\/p>\n<\/li>\n<li data-start=\"5993\" data-end=\"6061\">\n<p data-start=\"5996\" data-end=\"6061\"><strong data-start=\"5996\" data-end=\"6008\">Anal\u00fc\u00fcs:<\/strong> Sobib kromatograafiaks ja retseptorite uurimiseks.<\/p>\n<\/li>\n<li data-start=\"6062\" data-end=\"6126\">\n<p data-start=\"6065\" data-end=\"6126\"><strong data-start=\"6065\" data-end=\"6082\">Dokumentatsioon:<\/strong> Tulemuste ja anal\u00fc\u00fcsimeetodite registreerimine.<\/p>\n<\/li>\n<\/ol>\n<hr data-start=\"6128\" data-end=\"6131\" \/>\n<h3 data-start=\"6133\" data-end=\"6168\"><strong data-start=\"6137\" data-end=\"6166\">Korduma kippuvad k\u00fcsimused (KKK)<\/strong><\/h3>\n<p data-start=\"6170\" data-end=\"6308\"><strong data-start=\"6170\" data-end=\"6201\">1. Mis on bromonordiasepaam?<\/strong><br data-start=\"6201\" data-end=\"6204\" \/>A <strong data-start=\"6208\" data-end=\"6234\">bensodiasepiini analoog<\/strong> kasutatakse GABA-A retseptorite interaktsioonide ja metabolismi uurimiseks.<\/p>\n<p data-start=\"6310\" data-end=\"6439\"><strong data-start=\"6310\" data-end=\"6343\">2. Kui puhas on toode?<\/strong><br data-start=\"6343\" data-end=\"6346\" \/>Iga pellet sisaldab <strong data-start=\"6364\" data-end=\"6409\">2,5 mg bromonordiasepaami (puhtus \u2265 98%)<\/strong>, kinnitatud HPLC ja NMR abil.<\/p>\n<p data-start=\"6441\" data-end=\"6630\"><strong data-start=\"6441\" data-end=\"6491\">3. Kas bromonordiazepami ostmine on seaduslik?<\/strong><br data-start=\"6491\" data-end=\"6494\" \/>See <strong data-start=\"6497\" data-end=\"6532\">Bromonordiasepaami seaduslikkus<\/strong> varieerub riigiti. Enne kasutamist kontrollige alati kohalikke eeskirju. <strong data-start=\"6601\" data-end=\"6627\">Osta bromonordiasepaami<\/strong>. <a href=\"https:\/\/onderzoekschemicals.com\/et\/pood\/kategooriatesse\/osta-4mmc\/\">osta 4mmc<\/a><\/p>","protected":false},"excerpt":{"rendered":"<p>Sissejuhatus Bromonordiasepaam 2,5 mg graanulid sisaldavad 2,5 milligrammi bromonordiasepaami, mis on pika toimeajaga bensodiasepiini\u00fchend, mis on struktuurilt sarnane Nordiazepami ja Diazepamiga. bromonordiasepaam<\/p>","protected":false},"featured_media":29442,"comment_status":"closed","ping_status":"closed","template":"","meta":[],"product_brand":[],"product_cat":[76,385,390,324],"product_tag":[185,326],"class_list":{"0":"post-24271","1":"product","2":"type-product","3":"status-publish","4":"has-post-thumbnail","6":"product_cat-benzodiazepinen","7":"product_cat-bromonordiazepam","8":"product_cat-bromonordiazepam-pellets","9":"product_cat-pellets-for-pellet","10":"product_tag-bromonordiazepam","11":"product_tag-nl","13":"first","14":"instock","15":"taxable","16":"shipping-taxable","17":"purchasable","18":"product-type-variable"},"_links":{"self":[{"href":"https:\/\/onderzoekschemicals.com\/et\/wp-json\/wp\/v2\/product\/24271","targetHints":{"allow":["GET"]}}],"collection":[{"href":"https:\/\/onderzoekschemicals.com\/et\/wp-json\/wp\/v2\/product"}],"about":[{"href":"https:\/\/onderzoekschemicals.com\/et\/wp-json\/wp\/v2\/types\/product"}],"replies":[{"embeddable":true,"href":"https:\/\/onderzoekschemicals.com\/et\/wp-json\/wp\/v2\/comments?post=24271"}],"version-history":[{"count":4,"href":"https:\/\/onderzoekschemicals.com\/et\/wp-json\/wp\/v2\/product\/24271\/revisions"}],"predecessor-version":[{"id":27816,"href":"https:\/\/onderzoekschemicals.com\/et\/wp-json\/wp\/v2\/product\/24271\/revisions\/27816"}],"wp:featuredmedia":[{"embeddable":true,"href":"https:\/\/onderzoekschemicals.com\/et\/wp-json\/wp\/v2\/media\/29442"}],"wp:attachment":[{"href":"https:\/\/onderzoekschemicals.com\/et\/wp-json\/wp\/v2\/media?parent=24271"}],"wp:term":[{"taxonomy":"product_brand","embeddable":true,"href":"https:\/\/onderzoekschemicals.com\/et\/wp-json\/wp\/v2\/product_brand?post=24271"},{"taxonomy":"product_cat","embeddable":true,"href":"https:\/\/onderzoekschemicals.com\/et\/wp-json\/wp\/v2\/product_cat?post=24271"},{"taxonomy":"product_tag","embeddable":true,"href":"https:\/\/onderzoekschemicals.com\/et\/wp-json\/wp\/v2\/product_tag?post=24271"}],"curies":[{"name":"t\u00f6\u00f6leht","href":"https:\/\/api.w.org\/{rel}","templated":true}]}}