{"id":24259,"date":"2025-04-13T17:41:21","date_gmt":"2025-04-13T17:41:21","guid":{"rendered":"https:\/\/onderzoekschemicals.com\/?post_type=product&#038;p=24259"},"modified":"2025-10-12T19:21:12","modified_gmt":"2025-10-12T19:21:12","slug":"newphoria-kopen","status":"publish","type":"product","link":"https:\/\/onderzoekschemicals.com\/et\/shop\/b2b\/newphoria-kopen\/","title":{"rendered":"RC+ Newphoria kott 3 graanulit"},"content":{"rendered":"<h2 data-start=\"4850\" data-end=\"4876\"><strong data-start=\"4853\" data-end=\"4876\">Toote kirjeldus<\/strong><\/h2>\n<p data-start=\"4878\" data-end=\"5143\"><strong data-start=\"4878\" data-end=\"4911\">RC+ Newphoria kott 3 graanulit<\/strong> on <strong data-start=\"4919\" data-end=\"4956\">kvaliteetne uurimismaterjal<\/strong>, mis on v\u00e4lja t\u00f6\u00f6tatud anal\u00fc\u00fctiliste, toksikoloogiliste ja kohtumeditsiiniliste laborite jaoks. See toode p\u00e4rineb <strong data-start=\"5049\" data-end=\"5062\">RC+ seeria<\/strong> tagab \u00fchtlase puhtuse, suurep\u00e4rase stabiilsuse ja t\u00e4pse doseerimise.<\/p>\n<p data-start=\"5145\" data-end=\"5318\">Iga pakend sisaldab <strong data-start=\"5167\" data-end=\"5202\">kolm standardiseeritud pelletit<\/strong>, mis on toodetud kontrollitud tingimustes, et tagada usaldusv\u00e4\u00e4rsed ja korratavad uurimistulemused.<\/p>\n<p data-start=\"5320\" data-end=\"5451\">\u26a0\ufe0f <strong data-start=\"5323\" data-end=\"5338\">T\u00e4htis:<\/strong> See toode on <strong data-start=\"5354\" data-end=\"5403\">m\u00f5eldud ainult teaduslikuks otstarbeks<\/strong> ja <strong data-start=\"5407\" data-end=\"5450\">mitte inimestele ega loomadele m\u00f5eldud<\/strong>.<\/p>\n<hr data-start=\"5453\" data-end=\"5456\" \/>\n<h2 data-start=\"5458\" data-end=\"5488\"><strong data-start=\"5461\" data-end=\"5488\">Peamised omadused<\/strong><\/h2>\n<ul data-start=\"5490\" data-end=\"5884\">\n<li data-start=\"5490\" data-end=\"5569\">\n<p data-start=\"5492\" data-end=\"5569\"><strong data-start=\"5492\" data-end=\"5511\">K\u00f5rge puhtusastmega<\/strong> t\u00e4psete ja usaldusv\u00e4\u00e4rsete laboritulemuste saamiseks.<\/p>\n<\/li>\n<li data-start=\"5570\" data-end=\"5635\">\n<p data-start=\"5572\" data-end=\"5635\"><strong data-start=\"5572\" data-end=\"5599\">J\u00e4rjepidev koostis<\/strong> \u2013 iga pellet on t\u00e4pselt doseeritud.<\/p>\n<\/li>\n<li data-start=\"5636\" data-end=\"5712\">\n<p data-start=\"5638\" data-end=\"5712\"><strong data-start=\"5638\" data-end=\"5664\">Stabiilne ja usaldusv\u00e4\u00e4rne<\/strong> \u2013 sobib pikaajaliseks s\u00e4ilitamiseks ja anal\u00fc\u00fcsimiseks.<\/p>\n<\/li>\n<li data-start=\"5713\" data-end=\"5792\">\n<p data-start=\"5715\" data-end=\"5792\"><strong data-start=\"5715\" data-end=\"5737\">Ohutu pakend<\/strong> \u2013 \u00f5hukindel ja suletud maksimaalse kaitse tagamiseks.<\/p>\n<\/li>\n<li data-start=\"5793\" data-end=\"5884\">\n<p data-start=\"5795\" data-end=\"5884\"><strong data-start=\"5795\" data-end=\"5821\">Koosk\u00f5las EL-i m\u00e4\u00e4rustega<\/strong> \u2013 toodetud vastavalt kehtivatele ohutusn\u00f5uetele.<\/p>\n<\/li>\n<\/ul>\n<hr data-start=\"5886\" data-end=\"5889\" \/>\n<h2 data-start=\"5891\" data-end=\"5925\"><strong data-start=\"5894\" data-end=\"5925\">Teadlaste eelised<\/strong><\/h2>\n<ul data-start=\"5927\" data-end=\"6277\">\n<li data-start=\"5927\" data-end=\"6005\">\n<p data-start=\"5929\" data-end=\"6005\">Sobib <strong data-start=\"5943\" data-end=\"5967\">anal\u00fc\u00fctiline uuring<\/strong> LC-MS, GC-MS v\u00f5i NMR seadmetega.<\/p>\n<\/li>\n<li data-start=\"6006\" data-end=\"6066\">\n<p data-start=\"6008\" data-end=\"6066\">Toetab <strong data-start=\"6020\" data-end=\"6063\">kohtuekspertiisi ja toksikoloogia valideerimine<\/strong>.<\/p>\n<\/li>\n<li data-start=\"6067\" data-end=\"6144\">\n<p data-start=\"6069\" data-end=\"6144\">Aitab kaasa <strong data-start=\"6079\" data-end=\"6117\">struktuuriv\u00f5rdlusuuringud<\/strong> uutest \u00fchendustest.<\/p>\n<\/li>\n<li data-start=\"6145\" data-end=\"6204\">\n<p data-start=\"6147\" data-end=\"6204\">Garantiid <strong data-start=\"6158\" data-end=\"6201\">usaldusv\u00e4\u00e4rsed ja reprodutseeritavad tulemused<\/strong>.<\/p>\n<\/li>\n<li data-start=\"6205\" data-end=\"6277\">\n<p data-start=\"6207\" data-end=\"6277\">Sobib <strong data-start=\"6221\" data-end=\"6274\">akadeemilised ja institutsionaalsed uurimisprojektid<\/strong>.<\/p>\n<\/li>\n<\/ul>\n<hr data-start=\"6279\" data-end=\"6282\" \/>\n<h2 data-start=\"6284\" data-end=\"6318\"><strong data-start=\"6287\" data-end=\"6318\">Kasutamine (uurimiskontekst)<\/strong><\/h2>\n<ol data-start=\"6320\" data-end=\"6588\">\n<li data-start=\"6320\" data-end=\"6378\">\n<p data-start=\"6323\" data-end=\"6378\">T\u00f6\u00f6tage kontrollitud laboritingimustes.<\/p>\n<\/li>\n<li data-start=\"6379\" data-end=\"6439\">\n<p data-start=\"6382\" data-end=\"6439\">Kandke kindaid, kaitseprille ja laborikitlit.<\/p>\n<\/li>\n<li data-start=\"6440\" data-end=\"6486\">\n<p data-start=\"6443\" data-end=\"6486\">M\u00f5\u00f5tmiste jaoks kasutage kalibreeritud seadmeid.<\/p>\n<\/li>\n<li data-start=\"6487\" data-end=\"6538\">\n<p data-start=\"6490\" data-end=\"6538\">Hoida jahedas, kuivas ja suletuna (alla 25 \u00b0C).<\/p>\n<\/li>\n<li data-start=\"6539\" data-end=\"6588\">\n<p data-start=\"6542\" data-end=\"6588\">J\u00e4\u00e4gid utiliseerida vastavalt kohalikele eeskirjadele.<\/p>\n<\/li>\n<\/ol>\n<blockquote data-start=\"6590\" data-end=\"6683\">\n<p data-start=\"6592\" data-end=\"6683\"><strong data-start=\"6592\" data-end=\"6603\">NB!<\/strong> <em data-start=\"6604\" data-end=\"6635\">RC+ Newphoria kott 3 graanulit<\/em> on <strong data-start=\"6639\" data-end=\"6682\">ei ole ette n\u00e4htud inimtoiduks<\/strong>.<\/p>\n<\/blockquote>\n<hr data-start=\"6685\" data-end=\"6688\" \/>\n<h2 data-start=\"6690\" data-end=\"6724\"><strong data-start=\"6693\" data-end=\"6724\">Korduma kippuvad k\u00fcsimused (KKK)<\/strong><\/h2>\n<h3 data-start=\"6726\" data-end=\"6775\"><strong data-start=\"6730\" data-end=\"6775\">1. Milleks RC+ Newphoriat kasutatakse?<\/strong><\/h3>\n<p data-start=\"6776\" data-end=\"6872\">RC+ Newphoriat kasutatakse j\u00e4rgmistel eesm\u00e4rkidel: <strong data-start=\"6810\" data-end=\"6848\">anal\u00fc\u00fctiline ja kohtuekspertiisi<\/strong> akrediteeritud laborites.<\/p>\n<hr data-start=\"6874\" data-end=\"6877\" \/>\n<h3 data-start=\"6879\" data-end=\"6922\"><strong data-start=\"6883\" data-end=\"6922\">2. Mitu graanulit sisaldab \u00fcks kott?<\/strong><\/h3>\n<p data-start=\"6923\" data-end=\"6993\">Iga kott sisaldab <strong data-start=\"6939\" data-end=\"6952\">3 pelletit<\/strong> v\u00f5rdse puhtuse ja koostisega.<\/p>\n<hr data-start=\"6995\" data-end=\"6998\" \/>\n<h3 data-start=\"7000\" data-end=\"7070\"><strong data-start=\"7004\" data-end=\"7070\">3. Kas ma saan eraisikuna osta RC+ Newphoria pelleteid 3-osalistes kotis?<\/strong><\/h3>\n<p data-start=\"7071\" data-end=\"7173\">Ei, ainult <strong data-start=\"7083\" data-end=\"7117\">tunnustatud teadusasutused<\/strong> vastava loaga v\u00f5ib seda toodet osta.<\/p>\n<hr data-start=\"7175\" data-end=\"7178\" \/>\n<h2 data-start=\"7180\" data-end=\"7208\"><strong data-start=\"7183\" data-end=\"7208\">Ohutusteave<\/strong><\/h2>\n<ul data-start=\"7210\" data-end=\"7383\">\n<li data-start=\"7210\" data-end=\"7257\">\n<p data-start=\"7212\" data-end=\"7257\">Kasutada ainult laborikeskkonnas.<\/p>\n<\/li>\n<li data-start=\"7258\" data-end=\"7295\">\n<p data-start=\"7260\" data-end=\"7295\">V\u00e4ltida kokkupuudet naha ja silmadega.<\/p>\n<\/li>\n<li data-start=\"7296\" data-end=\"7327\">\n<p data-start=\"7298\" data-end=\"7327\">Mitte sisse hingata ega alla neelata.<\/p>\n<\/li>\n<li data-start=\"7328\" data-end=\"7383\">\n<p data-start=\"7330\" data-end=\"7383\">Hoida lukustatuna ja volitamata isikutele k\u00e4ttesaamatus kohas.<\/p>\n<\/li>\n<\/ul>","protected":false},"excerpt":{"rendered":"<p><strong><span dir=\"auto\" style=\"vertical-align: inherit;\"><span dir=\"auto\" style=\"vertical-align: inherit;\">CAS-number<\/span><\/span><\/strong><span dir=\"auto\" style=\"vertical-align: inherit;\"><span dir=\"auto\" style=\"vertical-align: inherit;\"> : 1780004-19-4 <\/span><\/span><br \/>\n<strong><span dir=\"auto\" style=\"vertical-align: inherit;\"><span dir=\"auto\" style=\"vertical-align: inherit;\">Valem<\/span><\/span><\/strong><span dir=\"auto\" style=\"vertical-align: inherit;\"><span dir=\"auto\" style=\"vertical-align: inherit;\"> C11H16FN <\/span><\/span><br \/>\n<strong><span dir=\"auto\" style=\"vertical-align: inherit;\"><span dir=\"auto\" style=\"vertical-align: inherit;\">Molaarmass<\/span><\/span><\/strong><span dir=\"auto\" style=\"vertical-align: inherit;\"><span dir=\"auto\" style=\"vertical-align: inherit;\"> 181,25 g\/mol <\/span><\/span><br \/>\n<strong><span dir=\"auto\" style=\"vertical-align: inherit;\"><span dir=\"auto\" style=\"vertical-align: inherit;\">Puhtus<\/span><\/span><\/strong><span dir=\"auto\" style=\"vertical-align: inherit;\"><span dir=\"auto\" style=\"vertical-align: inherit;\"> : \u226598%<\/span><\/span><\/p>","protected":false},"featured_media":21344,"comment_status":"closed","ping_status":"closed","template":"","meta":[],"product_brand":[82],"product_cat":[555],"product_tag":[843,840,844,841,845,846,842,866,865,839,326],"class_list":{"0":"post-24259","1":"product","2":"type-product","3":"status-publish","4":"has-post-thumbnail","6":"product_brand-research-chemical","7":"product_cat-b2b","8":"product_tag-100mg-newphoria-review","9":"product_tag-2-fea-3-fea-research-chemical","10":"product_tag-2-fea-stimulant-effect","11":"product_tag-2-3-fea-ervaring","12":"product_tag-3-fea-comparison","13":"product_tag-fluorinated-amphetamines","14":"product_tag-newphoria-35mg-pellets","15":"product_tag-newphoria-drug","16":"product_tag-newphoria-kopen","17":"product_tag-newphoria-pellets","18":"product_tag-nl","20":"first","21":"instock","22":"taxable","23":"shipping-taxable","24":"purchasable","25":"product-type-variable"},"_links":{"self":[{"href":"https:\/\/onderzoekschemicals.com\/et\/wp-json\/wp\/v2\/product\/24259","targetHints":{"allow":["GET"]}}],"collection":[{"href":"https:\/\/onderzoekschemicals.com\/et\/wp-json\/wp\/v2\/product"}],"about":[{"href":"https:\/\/onderzoekschemicals.com\/et\/wp-json\/wp\/v2\/types\/product"}],"replies":[{"embeddable":true,"href":"https:\/\/onderzoekschemicals.com\/et\/wp-json\/wp\/v2\/comments?post=24259"}],"version-history":[{"count":4,"href":"https:\/\/onderzoekschemicals.com\/et\/wp-json\/wp\/v2\/product\/24259\/revisions"}],"predecessor-version":[{"id":27820,"href":"https:\/\/onderzoekschemicals.com\/et\/wp-json\/wp\/v2\/product\/24259\/revisions\/27820"}],"wp:featuredmedia":[{"embeddable":true,"href":"https:\/\/onderzoekschemicals.com\/et\/wp-json\/wp\/v2\/media\/21344"}],"wp:attachment":[{"href":"https:\/\/onderzoekschemicals.com\/et\/wp-json\/wp\/v2\/media?parent=24259"}],"wp:term":[{"taxonomy":"product_brand","embeddable":true,"href":"https:\/\/onderzoekschemicals.com\/et\/wp-json\/wp\/v2\/product_brand?post=24259"},{"taxonomy":"product_cat","embeddable":true,"href":"https:\/\/onderzoekschemicals.com\/et\/wp-json\/wp\/v2\/product_cat?post=24259"},{"taxonomy":"product_tag","embeddable":true,"href":"https:\/\/onderzoekschemicals.com\/et\/wp-json\/wp\/v2\/product_tag?post=24259"}],"curies":[{"name":"t\u00f6\u00f6leht","href":"https:\/\/api.w.org\/{rel}","templated":true}]}}