{"id":24225,"date":"2025-04-13T17:41:17","date_gmt":"2025-04-13T17:41:17","guid":{"rendered":"https:\/\/onderzoekschemicals.com\/?post_type=product&#038;p=24225"},"modified":"2025-09-19T16:27:54","modified_gmt":"2025-09-19T16:27:54","slug":"3-cmc-hcl","status":"publish","type":"product","link":"https:\/\/onderzoekschemicals.com\/et\/shop\/okategoriserad\/3-cmc-hcl\/","title":{"rendered":"3-CMC HCl kotike 1g"},"content":{"rendered":"<h2 class=\"ds-markdown-paragraph\"><strong>3 CMC HCl (1 gramm) \u2013 teaduslikuks anal\u00fc\u00fcsiks m\u00f5eldud uurimiskeemia<\/strong><\/h2>\n<p class=\"ds-markdown-paragraph\"><strong>Toote nimi:<\/strong> RC+ 3 CMC HCl (3-klorometkatinoonvesinikkloriid)<br \/>\n<strong>Kategooria:<\/strong>\u00a0Research Chemicals (stimulantide katinoonide klass)<br \/>\n<strong>Rakendus:<\/strong>\u00a0Neurokeemilised uuringud ja dopamiinergilised uuringud<\/p>\n<hr \/>\n<h3><strong>Toote omadused:<\/strong><\/h3>\n<p class=\"ds-markdown-paragraph\">\ud83d\udd2c\u00a0<strong>K\u00f5rge puhtusastmega kvaliteet<\/strong>\u00a0(puhtus &gt;97%)<br \/>\n\u2696\u00a0<strong>1 grammi t\u00e4psusega kaalutud<\/strong>\u00a0(anal\u00fc\u00fctiline standard)<br \/>\n\ud83d\udce6\u00a0<strong>Vaakumpakend<\/strong>\u00a0oks\u00fcdeerumise vastu<br \/>\n\ud83d\udcca\u00a0<strong>Kvaliteet kontrollitud<\/strong> (HPLC, GC\/MS).<a title=\"1V-LSD 150 MCG blotterid\" href=\"https:\/\/onderzoekschemicals.com\/et\/shop\/lysergamides\/1v-lsd-150-mcg-blotters\/\" target=\"_blank\" rel=\"noopener\">1V-LSD 150 MCG blotterid<\/a><\/p>\n<h3><strong>Teaduslik olulisus:<\/strong><\/h3>\n<p class=\"ds-markdown-paragraph\">3-CMC HCl on oluline j\u00e4rgmiste uuringute jaoks:<\/p>\n<ul>\n<li>\n<p class=\"ds-markdown-paragraph\">Dopamiini transporteri (DAT) interaktsioonid<\/p>\n<\/li>\n<li>\n<p class=\"ds-markdown-paragraph\">Stimuleeriva toime mehhanismid<\/p>\n<\/li>\n<li>\n<p class=\"ds-markdown-paragraph\">Katinoonide struktuuri ja aktiivsuse seosed<\/p>\n<\/li>\n<\/ul>\n<p class=\"ds-markdown-paragraph\"><strong>Kriitiline m\u00e4rkus:<\/strong><\/p>\n<ul>\n<li>\n<p class=\"ds-markdown-paragraph\">Ainult in vitro uuringuteks<\/p>\n<\/li>\n<li>\n<p class=\"ds-markdown-paragraph\">Mitte biotestiks (inimese\/looma)<\/p>\n<\/li>\n<li>\n<p class=\"ds-markdown-paragraph\">Tarbijarakendusi pole.<a title=\"2C-EF 2 mg kapslid\" href=\"https:\/\/onderzoekschemicals.com\/et\/shop\/fenethylamine\/2c-ef-2mg-capsules\/\" target=\"_blank\" rel=\"noopener\">2C-EF 2 mg kapslid<\/a><\/p>\n<\/li>\n<\/ul>\n<hr \/>\n<h3><strong>Laboratoorne ohutus:<\/strong><\/h3>\n<p class=\"ds-markdown-paragraph\">\u26a0\u00a0<strong>Ranged protokollid:<\/strong><\/p>\n<ul>\n<li>\n<p class=\"ds-markdown-paragraph\">T\u00f6\u00f6tamine t\u00f5mbekapi all<\/p>\n<\/li>\n<li>\n<p class=\"ds-markdown-paragraph\">T\u00e4ielik isikukaitsevahend: laborikittel, FFP2 mask, nitriilkindad<\/p>\n<\/li>\n<li>\n<p class=\"ds-markdown-paragraph\">K\u00fclmhoidla (+2\u00b0C kuni +8\u00b0C)<\/p>\n<\/li>\n<\/ul>\n<p class=\"ds-markdown-paragraph\">\u26a0\u00a0<strong>\u00d5iguslik staatus:<\/strong><\/p>\n<ul>\n<li>\n<p class=\"ds-markdown-paragraph\">Paljudes EL riikides (sealhulgas Hollandis) keelatud.<\/p>\n<\/li>\n<li>\n<p class=\"ds-markdown-paragraph\">NPS-i (uudsete ps\u00fchhoaktiivsete ainete) klassifikatsioon<\/p>\n<\/li>\n<li>\n<p class=\"ds-markdown-paragraph\">T\u00e4ielik vastutus lasub uurijal.<a title=\"6-CL-ADBA\" href=\"https:\/\/onderzoekschemicals.com\/et\/shop\/bijna-verboden\/6-cl-adba\/\" target=\"_blank\" rel=\"noopener\">6-CL-ADBA<\/a><\/p>\n<\/li>\n<\/ul>\n<hr \/>\n<h3><strong>Uuringu eelised:<\/strong><\/h3>\n<p class=\"ds-markdown-paragraph\">\u2705\u00a0<strong>Standardiseeritud puhtus<\/strong>\u00a0\u2013 Partiip\u00f5hised anal\u00fc\u00fcsid<br \/>\n\u2705\u00a0<strong>V\u00e4ike uurimismaht<\/strong>\u00a0\u2013 Ideaalne pilootuuringuteks<br \/>\n\u2705\u00a0<strong>Teaduslik dokumentatsioon<\/strong>\u00a0\u2013 Anal\u00fc\u00fctilised aruanded on saadaval<br \/>\n\u2705\u00a0<strong>Ohutu transport<\/strong>\u00a0\u2013 Sertifitseeritud laborisaadetised<\/p>","protected":false},"excerpt":{"rendered":"<p>3 CMC HCl (1 gramm) \u2013 teaduskeemia uurimiskeemia jaoks Toote nimetus: RC+ 3 CMC HCl (3-klorometkatinoonvesinikkloriid) Kategooria: uurimiskemikaalid (stimulant katinoon<\/p>","protected":false},"featured_media":21302,"comment_status":"closed","ping_status":"closed","template":"","meta":[],"product_brand":[82],"product_cat":[1085],"product_tag":[874,592,86,875,878,326,877,876],"class_list":{"0":"post-24225","1":"product","2":"type-product","3":"status-publish","4":"has-post-thumbnail","6":"product_brand-research-chemical","7":"product_cat-okategoriserad","8":"product_tag-3-cmc","9":"product_tag-3-cmc-kopen","10":"product_tag-3-mmc-effecten","11":"product_tag-cmc-seizoen-3","12":"product_tag-hoe-gebruik-je-3-cmc","13":"product_tag-nl","14":"product_tag-wat-doet-3-cmc","15":"product_tag-wat-is-3-cmc","17":"first","18":"outofstock","19":"taxable","20":"shipping-taxable","21":"purchasable","22":"product-type-simple"},"_links":{"self":[{"href":"https:\/\/onderzoekschemicals.com\/et\/wp-json\/wp\/v2\/product\/24225","targetHints":{"allow":["GET"]}}],"collection":[{"href":"https:\/\/onderzoekschemicals.com\/et\/wp-json\/wp\/v2\/product"}],"about":[{"href":"https:\/\/onderzoekschemicals.com\/et\/wp-json\/wp\/v2\/types\/product"}],"replies":[{"embeddable":true,"href":"https:\/\/onderzoekschemicals.com\/et\/wp-json\/wp\/v2\/comments?post=24225"}],"version-history":[{"count":3,"href":"https:\/\/onderzoekschemicals.com\/et\/wp-json\/wp\/v2\/product\/24225\/revisions"}],"predecessor-version":[{"id":27829,"href":"https:\/\/onderzoekschemicals.com\/et\/wp-json\/wp\/v2\/product\/24225\/revisions\/27829"}],"wp:featuredmedia":[{"embeddable":true,"href":"https:\/\/onderzoekschemicals.com\/et\/wp-json\/wp\/v2\/media\/21302"}],"wp:attachment":[{"href":"https:\/\/onderzoekschemicals.com\/et\/wp-json\/wp\/v2\/media?parent=24225"}],"wp:term":[{"taxonomy":"product_brand","embeddable":true,"href":"https:\/\/onderzoekschemicals.com\/et\/wp-json\/wp\/v2\/product_brand?post=24225"},{"taxonomy":"product_cat","embeddable":true,"href":"https:\/\/onderzoekschemicals.com\/et\/wp-json\/wp\/v2\/product_cat?post=24225"},{"taxonomy":"product_tag","embeddable":true,"href":"https:\/\/onderzoekschemicals.com\/et\/wp-json\/wp\/v2\/product_tag?post=24225"}],"curies":[{"name":"t\u00f6\u00f6leht","href":"https:\/\/api.w.org\/{rel}","templated":true}]}}