{"id":24200,"date":"2025-04-13T17:41:14","date_gmt":"2025-04-13T17:41:14","guid":{"rendered":"https:\/\/onderzoekschemicals.com\/?post_type=product&#038;p=24200"},"modified":"2025-10-12T20:05:31","modified_gmt":"2025-10-12T20:05:31","slug":"1p-lsd-zakje-3-blotters","status":"publish","type":"product","link":"https:\/\/onderzoekschemicals.com\/et\/shop\/b2b\/1p-lsd-zakje-3-blotters\/","title":{"rendered":"1P-LSD kott 3 blotterit"},"content":{"rendered":"<h2 data-start=\"3787\" data-end=\"3813\"><strong data-start=\"3790\" data-end=\"3813\">Toote kirjeldus<\/strong><\/h2>\n<p data-start=\"3815\" data-end=\"4065\"><strong data-start=\"3815\" data-end=\"3866\">1P-LSD (1-propion\u00fc\u00fcl-l\u00fcserghappe diet\u00fc\u00fclamiid)<\/strong> on <strong data-start=\"3874\" data-end=\"3917\">l\u00fcsergamiidide klassi kuuluv uurimisaine<\/strong>, mis on seotud LSD-ga.<br data-start=\"3935\" data-end=\"3938\" \/>Seda kasutatakse <strong data-start=\"3962\" data-end=\"4015\">anal\u00fc\u00fctilised, kohtuekspertiisi ja neurokeemilised uuringud<\/strong> Ebameeldiv <strong data-start=\"4021\" data-end=\"4062\">struktuurilised ja metaboolsed omadused<\/strong>telli lsd<\/p>\n<p data-start=\"4067\" data-end=\"4231\">Iga <strong data-start=\"4071\" data-end=\"4087\">1P-LSD kott<\/strong> sisaldab <strong data-start=\"4094\" data-end=\"4132\">3 hoolikalt valmistatud m\u00e4rkmikku<\/strong>, toodetud kontrollitud tingimustes <strong data-start=\"4186\" data-end=\"4216\">puhtus ja j\u00e4rjepidevus<\/strong> garanteerima.<\/p>\n<p data-start=\"4233\" data-end=\"4369\">\u26a0\ufe0f <strong data-start=\"4236\" data-end=\"4247\">NB!<\/strong> See toode on <strong data-start=\"4263\" data-end=\"4312\">m\u00f5eldud ainult teaduslikuks otstarbeks<\/strong> ja <strong data-start=\"4316\" data-end=\"4368\">ei sobi inimestele ega loomadele kasutamiseks<\/strong>.<\/p>\n<hr data-start=\"4371\" data-end=\"4374\" \/>\n<h2 data-start=\"4376\" data-end=\"4406\"><strong data-start=\"4379\" data-end=\"4406\">Peamised omadused<\/strong><\/h2>\n<ul data-start=\"4408\" data-end=\"4757\">\n<li data-start=\"4408\" data-end=\"4482\">\n<p data-start=\"4410\" data-end=\"4482\"><strong data-start=\"4410\" data-end=\"4430\">K\u00f5rge puhtusaste:<\/strong> Sobib anal\u00fc\u00fctiliseks ja kohtuekspertiisiks.<\/p>\n<\/li>\n<li data-start=\"4483\" data-end=\"4553\">\n<p data-start=\"4485\" data-end=\"4553\"><strong data-start=\"4485\" data-end=\"4517\">Standardiseeritud blotterid:<\/strong> J\u00e4rjepidev annus blottipaberi kohta.<\/p>\n<\/li>\n<li data-start=\"4554\" data-end=\"4612\">\n<p data-start=\"4556\" data-end=\"4612\"><strong data-start=\"4556\" data-end=\"4577\">Keemiliselt stabiilne:<\/strong> Sobib pikaajaliseks ladustamiseks.<\/p>\n<\/li>\n<li data-start=\"4613\" data-end=\"4671\">\n<p data-start=\"4615\" data-end=\"4671\"><strong data-start=\"4615\" data-end=\"4638\">Ohutu pakend:<\/strong> \u00d5hukindel ja suletud kott.<\/p>\n<\/li>\n<li data-start=\"4672\" data-end=\"4757\">\n<p data-start=\"4674\" data-end=\"4757\"><strong data-start=\"4674\" data-end=\"4701\">Koosk\u00f5las EL-i m\u00e4\u00e4rustega:<\/strong> Valmistatud vastavalt Euroopa ohutusn\u00f5uetele.<\/p>\n<\/li>\n<\/ul>\n<hr data-start=\"4759\" data-end=\"4762\" \/>\n<h2 data-start=\"4764\" data-end=\"4795\"><strong data-start=\"4767\" data-end=\"4795\">Teadusuuringute eelised<\/strong><\/h2>\n<ul data-start=\"4797\" data-end=\"5044\">\n<li data-start=\"4797\" data-end=\"4865\">\n<p data-start=\"4799\" data-end=\"4865\">Toetab <strong data-start=\"4811\" data-end=\"4862\">anal\u00fc\u00fctiliste ja kohtuekspertiisi meetodite v\u00e4ljat\u00f6\u00f6tamine<\/strong>.<\/p>\n<\/li>\n<li data-start=\"4866\" data-end=\"4923\">\n<p data-start=\"4868\" data-end=\"4923\">Sobib <strong data-start=\"4882\" data-end=\"4920\">neurokeemilised ja retseptoriuuringud<\/strong>.<\/p>\n<\/li>\n<li data-start=\"4924\" data-end=\"4992\">\n<p data-start=\"4926\" data-end=\"4992\">Aitab kaasa <strong data-start=\"4936\" data-end=\"4972\">struktuuriliste v\u00f5rdlusuuringute<\/strong> l\u00fcsergamiididest.<\/p>\n<\/li>\n<li data-start=\"4993\" data-end=\"5044\">\n<p data-start=\"4995\" data-end=\"5044\">Pakkumised <strong data-start=\"5001\" data-end=\"5041\">reprodutseeritavad uurimistulemused<\/strong>telli lsd<\/p>\n<\/li>\n<\/ul>\n<hr data-start=\"5046\" data-end=\"5049\" \/>\n<h2 data-start=\"5051\" data-end=\"5085\"><strong data-start=\"5054\" data-end=\"5085\">Kasutamine (uurimiskontekst)<\/strong><\/h2>\n<ol data-start=\"5087\" data-end=\"5304\">\n<li data-start=\"5087\" data-end=\"5132\">\n<p data-start=\"5090\" data-end=\"5132\">Kasutada ainult akrediteeritud laborites.<\/p>\n<\/li>\n<li data-start=\"5133\" data-end=\"5193\">\n<p data-start=\"5136\" data-end=\"5193\">Kandke kindaid, kaitseprille ja laborikitlit.<\/p>\n<\/li>\n<li data-start=\"5194\" data-end=\"5241\">\n<p data-start=\"5197\" data-end=\"5241\">Hoida jahedas, kuivas ja pimedas kohas (alla 25 \u00b0C).<\/p>\n<\/li>\n<li data-start=\"5242\" data-end=\"5304\">\n<p data-start=\"5245\" data-end=\"5304\">J\u00e4\u00e4gid utiliseerida vastavalt kohalikele ohutusn\u00f5uetele.<\/p>\n<\/li>\n<\/ol>\n<blockquote data-start=\"5306\" data-end=\"5399\">\n<p data-start=\"5308\" data-end=\"5399\"><strong data-start=\"5308\" data-end=\"5319\">NB!<\/strong> <em data-start=\"5320\" data-end=\"5345\">1P-LSD kott 3 blotterit<\/em> on <strong data-start=\"5349\" data-end=\"5398\">m\u00f5eldud ainult teaduslikuks otstarbeks<\/strong>.<\/p>\n<\/blockquote>\n<hr data-start=\"5401\" data-end=\"5404\" \/>\n<h2 data-start=\"5406\" data-end=\"5440\"><strong data-start=\"5409\" data-end=\"5440\">Korduma kippuvad k\u00fcsimused (KKK)<\/strong><\/h2>\n<p data-start=\"5442\" data-end=\"5578\"><strong data-start=\"5442\" data-end=\"5480\">1. Milleks 1P-LSD-d kasutatakse?<\/strong><br data-start=\"5480\" data-end=\"5483\" \/>1P-LSD-d kasutatakse <strong data-start=\"5510\" data-end=\"5548\">anal\u00fc\u00fctiline ja kohtuekspertiisi<\/strong> l\u00fcsergamiidi \u00fchendite suhtes.<\/p>\n<p data-start=\"5580\" data-end=\"5695\"><strong data-start=\"5580\" data-end=\"5620\">2. Mitu kuivatuspaberit \u00fcks kotike sisaldab?<\/strong><br data-start=\"5620\" data-end=\"5623\" \/>Iga kott sisaldab <strong data-start=\"5639\" data-end=\"5653\">3 blotterit<\/strong> standardiseeritud koostisega.<\/p>\n<p data-start=\"5697\" data-end=\"5822\"><strong data-start=\"5697\" data-end=\"5740\">3. Kas ma saan eraisikuna osta 1P-LSD-d?<\/strong><br data-start=\"5740\" data-end=\"5743\" \/>Ei, see toode on saadaval ainult <strong data-start=\"5787\" data-end=\"5821\">tunnustatud teadusasutused<\/strong>.<\/p>","protected":false},"excerpt":{"rendered":"<p>Productbeschrijving 1P-LSD (1-Propionyl-Lysergic Acid Diethylamide) is een onderzoeksstof uit de lysergamideklasse, verwant aan LSD.Het wordt gebruikt voor analytisch, forensisch en<\/p>","protected":false},"featured_media":21263,"comment_status":"closed","ping_status":"closed","template":"","meta":[],"product_brand":[],"product_cat":[555],"product_tag":[774,326],"class_list":{"0":"post-24200","1":"product","2":"type-product","3":"status-publish","4":"has-post-thumbnail","6":"product_cat-b2b","7":"product_tag-lsd-bestellen","8":"product_tag-nl","10":"first","11":"instock","12":"taxable","13":"shipping-taxable","14":"purchasable","15":"product-type-variable"},"_links":{"self":[{"href":"https:\/\/onderzoekschemicals.com\/et\/wp-json\/wp\/v2\/product\/24200","targetHints":{"allow":["GET"]}}],"collection":[{"href":"https:\/\/onderzoekschemicals.com\/et\/wp-json\/wp\/v2\/product"}],"about":[{"href":"https:\/\/onderzoekschemicals.com\/et\/wp-json\/wp\/v2\/types\/product"}],"replies":[{"embeddable":true,"href":"https:\/\/onderzoekschemicals.com\/et\/wp-json\/wp\/v2\/comments?post=24200"}],"version-history":[{"count":4,"href":"https:\/\/onderzoekschemicals.com\/et\/wp-json\/wp\/v2\/product\/24200\/revisions"}],"predecessor-version":[{"id":27833,"href":"https:\/\/onderzoekschemicals.com\/et\/wp-json\/wp\/v2\/product\/24200\/revisions\/27833"}],"wp:featuredmedia":[{"embeddable":true,"href":"https:\/\/onderzoekschemicals.com\/et\/wp-json\/wp\/v2\/media\/21263"}],"wp:attachment":[{"href":"https:\/\/onderzoekschemicals.com\/et\/wp-json\/wp\/v2\/media?parent=24200"}],"wp:term":[{"taxonomy":"product_brand","embeddable":true,"href":"https:\/\/onderzoekschemicals.com\/et\/wp-json\/wp\/v2\/product_brand?post=24200"},{"taxonomy":"product_cat","embeddable":true,"href":"https:\/\/onderzoekschemicals.com\/et\/wp-json\/wp\/v2\/product_cat?post=24200"},{"taxonomy":"product_tag","embeddable":true,"href":"https:\/\/onderzoekschemicals.com\/et\/wp-json\/wp\/v2\/product_tag?post=24200"}],"curies":[{"name":"t\u00f6\u00f6leht","href":"https:\/\/api.w.org\/{rel}","templated":true}]}}