{"id":24192,"date":"2025-04-13T17:41:13","date_gmt":"2025-04-13T17:41:13","guid":{"rendered":"https:\/\/onderzoekschemicals.com\/?post_type=product&#038;p=24192"},"modified":"2025-10-12T20:43:01","modified_gmt":"2025-10-12T20:43:01","slug":"3-fpm-kopen","status":"publish","type":"product","link":"https:\/\/onderzoekschemicals.com\/et\/shop\/b2b\/3-fpm-kopen\/","title":{"rendered":"RC+ Fluor 3-FPM 50mg karp"},"content":{"rendered":"<h3 data-start=\"4920\" data-end=\"4939\"><strong data-start=\"4924\" data-end=\"4939\">Sissejuhatus<\/strong><\/h3>\n<p data-start=\"4940\" data-end=\"5222\">See <strong data-start=\"4943\" data-end=\"4971\">RC+ Fluor 3-FPM 50mg karp<\/strong> on <strong data-start=\"4979\" data-end=\"5009\">k\u00f5rge puhtusastmega uurimisaine<\/strong> alates <strong data-start=\"5017\" data-end=\"5054\">fenet\u00fc\u00fclamiini ja stimulantide klass<\/strong>Keemiliselt tuntud kui <strong data-start=\"5076\" data-end=\"5099\">3-fluorofeenmetrasiin<\/strong>, kas see on <strong data-start=\"5112\" data-end=\"5153\">Fenmetrasiini fluoritud variant<\/strong>, v\u00e4lja t\u00f6\u00f6tatud <strong data-start=\"5171\" data-end=\"5219\">neurokeemilised ja ps\u00fchhostimulantide uuringud<\/strong>. 3 jalga minutis osta<\/p>\n<p data-start=\"5224\" data-end=\"5556\">T\u00e4nu struktuurile on m\u00f5ju <strong data-start=\"5263\" data-end=\"5302\">dopamiini ja noradrenaliini tagasihaarde<\/strong> on p\u00f5hjalikult uuritud. See teeb sellest v\u00e4\u00e4rtusliku materjali <strong data-start=\"5375\" data-end=\"5449\">k\u00e4itumuslik neuroteadus, farmakoloogilised uuringud ja anal\u00fc\u00fctiline keemia<\/strong>Iga 50 mg tablett on maksimaalse efektiivsuse saavutamiseks hoolikalt valmistatud. <strong data-start=\"5509\" data-end=\"5555\">t\u00e4psus, puhtus ja j\u00e4rjepidevus<\/strong>.<\/p>\n<hr data-start=\"5558\" data-end=\"5561\" \/>\n<h3 data-start=\"5563\" data-end=\"5594\"><strong data-start=\"5567\" data-end=\"5594\">Peamised omadused<\/strong><\/h3>\n<ul data-start=\"5595\" data-end=\"6109\">\n<li data-start=\"5595\" data-end=\"5680\">\n<p data-start=\"5597\" data-end=\"5680\"><strong data-start=\"5597\" data-end=\"5623\">Anal\u00fc\u00fctiline kvaliteet:<\/strong> Sisaldab <strong data-start=\"5630\" data-end=\"5666\">50 mg 3-fluorofeenmetraasiini (3-FPM)<\/strong> tableti kohta.<\/p>\n<\/li>\n<li data-start=\"5681\" data-end=\"5763\">\n<p data-start=\"5683\" data-end=\"5763\"><strong data-start=\"5683\" data-end=\"5708\">Teadusliku puhtuse tase:<\/strong> Testitud <strong data-start=\"5719\" data-end=\"5760\">keemiline konsistents ja stabiilsus<\/strong>.<\/p>\n<\/li>\n<li data-start=\"5764\" data-end=\"5889\">\n<p data-start=\"5766\" data-end=\"5889\"><strong data-start=\"5766\" data-end=\"5799\">Professionaalne RC+ pakend:<\/strong> Kohaletoimetamine <strong data-start=\"5812\" data-end=\"5849\">niiskuskindlad, suletud karbid<\/strong> selgete laborisiltidega.<\/p>\n<\/li>\n<li data-start=\"5890\" data-end=\"5982\">\n<p data-start=\"5892\" data-end=\"5982\"><strong data-start=\"5892\" data-end=\"5924\">J\u00e4lgitava partii teave:<\/strong> Iga partii sisaldab <strong data-start=\"5942\" data-end=\"5979\">partiinumbrid ja anal\u00fc\u00fcsisertifikaadid<\/strong>.<\/p>\n<\/li>\n<li data-start=\"5983\" data-end=\"6109\">\n<p data-start=\"5985\" data-end=\"6109\"><strong data-start=\"5985\" data-end=\"6021\">Usaldusv\u00e4\u00e4rne reprodutseeritavus:<\/strong> M\u00f5eldud <strong data-start=\"6037\" data-end=\"6061\">j\u00e4rjepidevad tulemused<\/strong> kontrollitud laboritingimustes.<\/p>\n<\/li>\n<\/ul>\n<hr data-start=\"6111\" data-end=\"6114\" \/>\n<h3 data-start=\"6116\" data-end=\"6133\"><strong data-start=\"6120\" data-end=\"6133\">Eelised<\/strong><\/h3>\n<ul data-start=\"6134\" data-end=\"6559\">\n<li data-start=\"6134\" data-end=\"6209\">\n<p data-start=\"6136\" data-end=\"6209\">Sobib <strong data-start=\"6150\" data-end=\"6177\">neurokeemiline uuring<\/strong> stimuleerivale tegevusele.<\/p>\n<\/li>\n<li data-start=\"6210\" data-end=\"6299\">\n<p data-start=\"6212\" data-end=\"6299\">Toetab <strong data-start=\"6224\" data-end=\"6250\">v\u00f5rdlevad anal\u00fc\u00fcsid<\/strong> fenmetraasiini ja sarnaste \u00fchenditega.<\/p>\n<\/li>\n<li data-start=\"6300\" data-end=\"6380\">\n<p data-start=\"6302\" data-end=\"6380\">Kohaldatav <strong data-start=\"6316\" data-end=\"6351\">k\u00e4itumuslikud ja kognitiivsed uuringud<\/strong> stimuleerivate mehhanismide suhtes.<\/p>\n<\/li>\n<li data-start=\"6381\" data-end=\"6455\">\n<p data-start=\"6383\" data-end=\"6455\">Pakkumised <strong data-start=\"6389\" data-end=\"6431\">stabiilsed farmakoloogilised omadused<\/strong> korduvaks testimiseks.<\/p>\n<\/li>\n<li data-start=\"6456\" data-end=\"6559\">\n<p data-start=\"6458\" data-end=\"6559\">Ideaalne <strong data-start=\"6470\" data-end=\"6520\">akadeemiline, kohtuekspertiisi ja anal\u00fc\u00fctiline uurimist\u00f6\u00f6<\/strong> suunatud <strong data-start=\"6532\" data-end=\"6556\">dopamiinergilised s\u00fcsteemid<\/strong>. 3 jalga minutis osta<\/p>\n<\/li>\n<\/ul>\n<hr data-start=\"6561\" data-end=\"6564\" \/>\n<h3 data-start=\"6566\" data-end=\"6581\"><strong data-start=\"6570\" data-end=\"6581\">Kasutus<\/strong><\/h3>\n<p data-start=\"6582\" data-end=\"6706\">See <strong data-start=\"6585\" data-end=\"6613\">RC+ Fluor 3-FPM 50mg karp<\/strong> on m\u00f5eldud ainult <strong data-start=\"6642\" data-end=\"6680\">uurimis- ja anal\u00fc\u00fcsirakendused<\/strong>.<br data-start=\"6681\" data-end=\"6684\" \/>Teadlased peaksid:<\/p>\n<ul data-start=\"6707\" data-end=\"6979\">\n<li data-start=\"6707\" data-end=\"6784\">\n<p data-start=\"6709\" data-end=\"6784\">Kandke kaitseriietust (<strong data-start=\"6741\" data-end=\"6780\">kindad, kaitseprillid, laborikittel<\/strong>).<\/p>\n<\/li>\n<li data-start=\"6785\" data-end=\"6857\">\n<p data-start=\"6787\" data-end=\"6857\">S\u00e4ilitamiseks all <strong data-start=\"6804\" data-end=\"6812\">25\u00b0C<\/strong> peal <strong data-start=\"6820\" data-end=\"6854\">jahedas, kuivas ja pimedas kohas<\/strong>.<\/p>\n<\/li>\n<li data-start=\"6858\" data-end=\"6913\">\n<p data-start=\"6860\" data-end=\"6913\">V\u00f5tke \u00fchendust <strong data-start=\"6872\" data-end=\"6897\">valgus, \u00f5hk ja niiskus<\/strong> v\u00e4ltima.<\/p>\n<\/li>\n<li data-start=\"6914\" data-end=\"6979\">\n<p data-start=\"6916\" data-end=\"6979\"><strong data-start=\"6916\" data-end=\"6950\">Kalibreeritud m\u00f5\u00f5teriistad<\/strong> anal\u00fc\u00fcsiks kasutamiseks.<\/p>\n<\/li>\n<\/ul>\n<hr data-start=\"6981\" data-end=\"6984\" \/>\n<h3 data-start=\"6986\" data-end=\"7015\"><strong data-start=\"6990\" data-end=\"7015\">Ohutusteave<\/strong><\/h3>\n<ul data-start=\"7016\" data-end=\"7225\">\n<li data-start=\"7016\" data-end=\"7056\">\n<p data-start=\"7018\" data-end=\"7056\">Ainult <strong data-start=\"7030\" data-end=\"7053\">laborikasutus<\/strong>.<\/p>\n<\/li>\n<li data-start=\"7057\" data-end=\"7110\">\n<p data-start=\"7059\" data-end=\"7110\"><strong data-start=\"7059\" data-end=\"7107\">Mitte inimtoiduks ega loomade toiduks<\/strong>.<\/p>\n<\/li>\n<li data-start=\"7111\" data-end=\"7167\">\n<p data-start=\"7113\" data-end=\"7167\">J\u00e4rgige alati <strong data-start=\"7128\" data-end=\"7164\">standardsed ohutusjuhised<\/strong>.<\/p>\n<\/li>\n<li data-start=\"7168\" data-end=\"7225\">\n<p data-start=\"7170\" data-end=\"7225\">K\u00e4eulatusest v\u00e4ljas <strong data-start=\"7188\" data-end=\"7215\">lapsed ja volitamata isikud<\/strong> hoidma.<\/p>\n<\/li>\n<\/ul>\n<hr data-start=\"7227\" data-end=\"7230\" \/>\n<h3 data-start=\"7232\" data-end=\"7265\"><strong data-start=\"7236\" data-end=\"7265\">Korduma kippuvad k\u00fcsimused (KKK)<\/strong><\/h3>\n<p data-start=\"7267\" data-end=\"7465\"><strong data-start=\"7267\" data-end=\"7323\">1. Milleks RC+ Fluor 3-FPM 50mg Boxi kasutatakse?<\/strong><br data-start=\"7323\" data-end=\"7326\" \/>Seda kasutatakse <strong data-start=\"7350\" data-end=\"7380\">teaduslik uurimist\u00f6\u00f6<\/strong> stimulantide m\u00f5just dopamiini ja noradrenaliini transporteritele.<\/p>\n<p data-start=\"7467\" data-end=\"7660\"><strong data-start=\"7467\" data-end=\"7523\">2. Mis vahe on 3-FPM-il ja fenmetrasiinil?<\/strong><br data-start=\"7523\" data-end=\"7526\" \/>3-FPM sisaldab <strong data-start=\"7542\" data-end=\"7568\">fluori aatomi asendamine<\/strong>, mis tagab <strong data-start=\"7585\" data-end=\"7629\">muutunud farmakoloogilised omadused<\/strong> v\u00f5rreldes fenmetrasiiniga.<\/p>\n<p data-start=\"7662\" data-end=\"7834\"><strong data-start=\"7662\" data-end=\"7697\">3. Kuidas seda s\u00e4ilitada?<\/strong><br data-start=\"7697\" data-end=\"7700\" \/>S\u00e4\u00e4sta a <strong data-start=\"7714\" data-end=\"7748\">jahedas, kuivas ja pimedas kohas<\/strong>, eelistatavalt <strong data-start=\"7769\" data-end=\"7804\">originaalpakendis<\/strong> puhtuse s\u00e4ilitamiseks.<\/p>\n<hr data-start=\"7836\" data-end=\"7839\" \/>\n<h3 data-start=\"7841\" data-end=\"7858\"><strong data-start=\"7845\" data-end=\"7858\">Kokkuv\u00f5te<\/strong><\/h3>\n<p data-start=\"7859\" data-end=\"8185\">See <strong data-start=\"7862\" data-end=\"7890\">RC+ Fluor 3-FPM 50mg karp<\/strong> on <strong data-start=\"7898\" data-end=\"7952\">usaldusv\u00e4\u00e4rne valik laboritele ja teadlastele<\/strong> kes on mures <strong data-start=\"7978\" data-end=\"8042\">farmakoloogia ja neuroteaduse uuringute stimuleerimine<\/strong>T\u00e4nu <strong data-start=\"8055\" data-end=\"8122\">k\u00f5rge puhtusaste, t\u00e4pne doseerimine ja ohutu RC+ pakend<\/strong> pakub seda <strong data-start=\"8133\" data-end=\"8184\">j\u00e4rjepidevad ja reprodutseeritavad uurimistulemused<\/strong>.<\/p>","protected":false},"excerpt":{"rendered":"<p>Sissejuhatus: RC+ Fluor 3-FPM 50mg Box on fenet\u00fc\u00fclamiini ja stimulantide klassi kuuluv k\u00f5rge puhtusastmega uurimiskemikaal. Keemiliselt tuntud kui 3-fluorofeenmetrasiin,<\/p>","protected":false},"featured_media":20535,"comment_status":"closed","ping_status":"closed","template":"","meta":[],"product_brand":[82],"product_cat":[555],"product_tag":[881,606,601,605,326],"class_list":{"0":"post-24192","1":"product","2":"type-product","3":"status-publish","4":"has-post-thumbnail","6":"product_brand-research-chemical","7":"product_cat-b2b","8":"product_tag-3-fpm-kopen","9":"product_tag-3-fluorophenmetrazine","10":"product_tag-3-fpm","11":"product_tag-3fpm","12":"product_tag-nl","14":"first","15":"instock","16":"taxable","17":"shipping-taxable","18":"purchasable","19":"product-type-variable"},"_links":{"self":[{"href":"https:\/\/onderzoekschemicals.com\/et\/wp-json\/wp\/v2\/product\/24192","targetHints":{"allow":["GET"]}}],"collection":[{"href":"https:\/\/onderzoekschemicals.com\/et\/wp-json\/wp\/v2\/product"}],"about":[{"href":"https:\/\/onderzoekschemicals.com\/et\/wp-json\/wp\/v2\/types\/product"}],"replies":[{"embeddable":true,"href":"https:\/\/onderzoekschemicals.com\/et\/wp-json\/wp\/v2\/comments?post=24192"}],"version-history":[{"count":4,"href":"https:\/\/onderzoekschemicals.com\/et\/wp-json\/wp\/v2\/product\/24192\/revisions"}],"predecessor-version":[{"id":27845,"href":"https:\/\/onderzoekschemicals.com\/et\/wp-json\/wp\/v2\/product\/24192\/revisions\/27845"}],"wp:featuredmedia":[{"embeddable":true,"href":"https:\/\/onderzoekschemicals.com\/et\/wp-json\/wp\/v2\/media\/20535"}],"wp:attachment":[{"href":"https:\/\/onderzoekschemicals.com\/et\/wp-json\/wp\/v2\/media?parent=24192"}],"wp:term":[{"taxonomy":"product_brand","embeddable":true,"href":"https:\/\/onderzoekschemicals.com\/et\/wp-json\/wp\/v2\/product_brand?post=24192"},{"taxonomy":"product_cat","embeddable":true,"href":"https:\/\/onderzoekschemicals.com\/et\/wp-json\/wp\/v2\/product_cat?post=24192"},{"taxonomy":"product_tag","embeddable":true,"href":"https:\/\/onderzoekschemicals.com\/et\/wp-json\/wp\/v2\/product_tag?post=24192"}],"curies":[{"name":"t\u00f6\u00f6leht","href":"https:\/\/api.w.org\/{rel}","templated":true}]}}