{"id":24183,"date":"2025-04-13T17:41:13","date_gmt":"2025-04-13T17:41:13","guid":{"rendered":"https:\/\/onderzoekschemicals.com\/?post_type=product&#038;p=24183"},"modified":"2025-10-12T20:23:41","modified_gmt":"2025-10-12T20:23:41","slug":"pagoclone-werking","status":"publish","type":"product","link":"https:\/\/onderzoekschemicals.com\/et\/shop\/b2b\/pagoclone-werking\/","title":{"rendered":"RC+ Pagoclone 10mg karp"},"content":{"rendered":"<h2 data-start=\"3680\" data-end=\"3706\"><strong data-start=\"3683\" data-end=\"3706\">Toote kirjeldus<\/strong><\/h2>\n<p data-start=\"3708\" data-end=\"4018\"><strong data-start=\"3708\" data-end=\"3734\">RC+ Pagoclone 10mg karp<\/strong> sisaldab <strong data-start=\"3741\" data-end=\"3766\">k\u00f5rge puhtusastmega Pagokloon<\/strong>, An <strong data-start=\"3772\" data-end=\"3801\">ts\u00fcklop\u00fcrrolooni \u00fchend<\/strong> mida kasutatakse <strong data-start=\"3826\" data-end=\"3880\">anal\u00fc\u00fctiline, farmakoloogiline ja kohtuekspertiisi uuring<\/strong>Pagoklooni operatsioon.<br data-start=\"3881\" data-end=\"3884\" \/>Pagoklooni on uuritud kui <strong data-start=\"3912\" data-end=\"3947\">GABA-A retseptori osaline agonist<\/strong>, mis muudab selle asjakohaseks <strong data-start=\"3977\" data-end=\"4015\">neurokeemilised ja retseptoriuuringud<\/strong>.<\/p>\n<p data-start=\"4020\" data-end=\"4165\">Igas kastis on <strong data-start=\"4035\" data-end=\"4076\">10 mg teadusliku puhtusega graanulid<\/strong>, hoolikalt koostatud <strong data-start=\"4107\" data-end=\"4164\">reprodutseeritavad ja usaldusv\u00e4\u00e4rsed laboritulemused<\/strong>.<\/p>\n<p data-start=\"4167\" data-end=\"4303\">\u26a0\ufe0f <strong data-start=\"4170\" data-end=\"4181\">NB!<\/strong> See toode on <strong data-start=\"4197\" data-end=\"4246\">m\u00f5eldud ainult teaduslikuks otstarbeks<\/strong> ja <strong data-start=\"4250\" data-end=\"4302\">ei sobi inimestele ega loomadele kasutamiseks<\/strong>.<\/p>\n<hr data-start=\"4305\" data-end=\"4308\" \/>\n<h2 data-start=\"4310\" data-end=\"4340\"><strong data-start=\"4313\" data-end=\"4340\">Peamised omadused<\/strong><\/h2>\n<ul data-start=\"4342\" data-end=\"4736\">\n<li data-start=\"4342\" data-end=\"4420\">\n<p data-start=\"4344\" data-end=\"4420\"><strong data-start=\"4344\" data-end=\"4364\">K\u00f5rge puhtusaste:<\/strong> Sobib anal\u00fc\u00fctiliseks ja farmakoloogiliseks uurimist\u00f6\u00f6ks.<\/p>\n<\/li>\n<li data-start=\"4421\" data-end=\"4502\">\n<p data-start=\"4423\" data-end=\"4502\"><strong data-start=\"4423\" data-end=\"4455\">Standardiseeritud annus:<\/strong> J\u00e4rjepidevate tulemuste saavutamiseks 10 mg pelleti kohta.<\/p>\n<\/li>\n<li data-start=\"4503\" data-end=\"4578\">\n<p data-start=\"4505\" data-end=\"4578\"><strong data-start=\"4505\" data-end=\"4530\">Stabiilne koostis:<\/strong> N\u00f5uetekohase ladustamise korral vastupidav lagunemisele.<\/p>\n<\/li>\n<li data-start=\"4579\" data-end=\"4650\">\n<p data-start=\"4581\" data-end=\"4650\"><strong data-start=\"4581\" data-end=\"4604\">Ohutu pakend:<\/strong> \u00d5hukindel ja saastumise eest suletud.<\/p>\n<\/li>\n<li data-start=\"4651\" data-end=\"4736\">\n<p data-start=\"4653\" data-end=\"4736\"><strong data-start=\"4653\" data-end=\"4680\">Koosk\u00f5las EL-i m\u00e4\u00e4rustega:<\/strong> Toodetud vastavalt Euroopa ohutusjuhistele. Pagoclone&#039;i operatsioon.<\/p>\n<\/li>\n<\/ul>\n<hr data-start=\"4738\" data-end=\"4741\" \/>\n<h2 data-start=\"4743\" data-end=\"4777\"><strong data-start=\"4746\" data-end=\"4777\">Teadlaste eelised<\/strong><\/h2>\n<ul data-start=\"4779\" data-end=\"4998\">\n<li data-start=\"4779\" data-end=\"4838\">\n<p data-start=\"4781\" data-end=\"4838\">Sobib <strong data-start=\"4795\" data-end=\"4835\">retseptori ja neurokeemilised uuringud<\/strong>.<\/p>\n<\/li>\n<li data-start=\"4839\" data-end=\"4888\">\n<p data-start=\"4841\" data-end=\"4888\">Toetab <strong data-start=\"4853\" data-end=\"4885\">LC-MS, GC-MS ja NMR anal\u00fc\u00fcsid<\/strong>.<\/p>\n<\/li>\n<li data-start=\"4889\" data-end=\"4941\">\n<p data-start=\"4891\" data-end=\"4941\">Pakkumised <strong data-start=\"4897\" data-end=\"4919\">v\u00f5rdlusproovid<\/strong> k\u00f5rge kvaliteediga.<\/p>\n<\/li>\n<li data-start=\"4942\" data-end=\"4998\">\n<p data-start=\"4944\" data-end=\"4998\">Pakub <strong data-start=\"4955\" data-end=\"4995\">reprodutseeritavad uurimistulemused<\/strong>.<\/p>\n<\/li>\n<\/ul>\n<hr data-start=\"5000\" data-end=\"5003\" \/>\n<h2 data-start=\"5005\" data-end=\"5039\"><strong data-start=\"5008\" data-end=\"5039\">Kasutamine (uurimiskontekst)<\/strong><\/h2>\n<ol data-start=\"5041\" data-end=\"5236\">\n<li data-start=\"5041\" data-end=\"5086\">\n<p data-start=\"5044\" data-end=\"5086\">Kasutada ainult akrediteeritud laborites.<\/p>\n<\/li>\n<li data-start=\"5087\" data-end=\"5138\">\n<p data-start=\"5090\" data-end=\"5138\">Kandke kindaid, kaitseprille ja laborikitlit.<\/p>\n<\/li>\n<li data-start=\"5139\" data-end=\"5186\">\n<p data-start=\"5142\" data-end=\"5186\">Hoida jahedas, kuivas ja pimedas kohas (alla 25 \u00b0C).<\/p>\n<\/li>\n<li data-start=\"5187\" data-end=\"5236\">\n<p data-start=\"5190\" data-end=\"5236\">J\u00e4\u00e4gid utiliseerida vastavalt kohalikele eeskirjadele.<\/p>\n<\/li>\n<\/ol>\n<blockquote data-start=\"5238\" data-end=\"5330\">\n<p data-start=\"5240\" data-end=\"5330\"><strong data-start=\"5240\" data-end=\"5251\">NB!<\/strong> <em data-start=\"5252\" data-end=\"5276\">RC+ Pagoclone 10mg karp<\/em> on <strong data-start=\"5280\" data-end=\"5329\">m\u00f5eldud ainult teaduslikuks otstarbeks<\/strong>.<\/p>\n<\/blockquote>\n<hr data-start=\"5332\" data-end=\"5335\" \/>\n<h2 data-start=\"5337\" data-end=\"5371\"><strong data-start=\"5340\" data-end=\"5371\">Korduma kippuvad k\u00fcsimused (KKK)<\/strong><\/h2>\n<p data-start=\"5373\" data-end=\"5563\"><strong data-start=\"5373\" data-end=\"5418\">1. Milleks RC+ Pagoclone&#039;i kasutatakse?<\/strong><br data-start=\"5418\" data-end=\"5421\" \/>RC+ Pagoclone&#039;i kasutatakse <strong data-start=\"5455\" data-end=\"5509\">anal\u00fc\u00fctiline, farmakoloogiline ja kohtuekspertiisi uuring<\/strong> GABA retseptorite ja ts\u00fcklop\u00fcrrolooni \u00fchendite suhtes.<\/p>\n<p data-start=\"5565\" data-end=\"5659\"><strong data-start=\"5565\" data-end=\"5594\">2. Kui palju \u00fcks karp sisaldab?<\/strong><br data-start=\"5594\" data-end=\"5597\" \/>Igas kastis on <strong data-start=\"5612\" data-end=\"5630\">10 mg Pagokloni<\/strong> laborikvaliteediga.<\/p>\n<p data-start=\"5661\" data-end=\"5796\"><strong data-start=\"5661\" data-end=\"5711\">3. Kas ma saan RC+ Pagoclone&#039;i osta eraisikuna?<\/strong><br data-start=\"5711\" data-end=\"5714\" \/>Ei, see toode on saadaval ainult <strong data-start=\"5759\" data-end=\"5793\">tunnustatud teadusasutused<\/strong>.<\/p>","protected":false},"excerpt":{"rendered":"<p>Tootekirjeldus RC+ Pagoclone 10mg karp sisaldab k\u00f5rge puhtusastmega Pagoclone&#039;i, ts\u00fcklop\u00fcrrolooni \u00fchendit, mida kasutatakse anal\u00fc\u00fctilistes, farmakoloogilistes ja kohtuekspertiisi uuringutes. Pagoclone<\/p>","protected":false},"featured_media":21118,"comment_status":"closed","ping_status":"closed","template":"","meta":[],"product_brand":[82],"product_cat":[555],"product_tag":[326,665,748,749,747,750,751,752],"class_list":{"0":"post-24183","1":"product","2":"type-product","3":"status-publish","4":"has-post-thumbnail","6":"product_brand-research-chemical","7":"product_cat-b2b","8":"product_tag-nl","9":"product_tag-pagoclone","10":"product_tag-pagoclone-dosage","11":"product_tag-pagoclone-effects","12":"product_tag-pagoclone-ervaringen","13":"product_tag-pagoclone-experience","14":"product_tag-pagoclone-reddit","15":"product_tag-pagoclone-werking","17":"first","18":"instock","19":"taxable","20":"shipping-taxable","21":"purchasable","22":"product-type-variable"},"_links":{"self":[{"href":"https:\/\/onderzoekschemicals.com\/et\/wp-json\/wp\/v2\/product\/24183","targetHints":{"allow":["GET"]}}],"collection":[{"href":"https:\/\/onderzoekschemicals.com\/et\/wp-json\/wp\/v2\/product"}],"about":[{"href":"https:\/\/onderzoekschemicals.com\/et\/wp-json\/wp\/v2\/types\/product"}],"replies":[{"embeddable":true,"href":"https:\/\/onderzoekschemicals.com\/et\/wp-json\/wp\/v2\/comments?post=24183"}],"version-history":[{"count":4,"href":"https:\/\/onderzoekschemicals.com\/et\/wp-json\/wp\/v2\/product\/24183\/revisions"}],"predecessor-version":[{"id":27838,"href":"https:\/\/onderzoekschemicals.com\/et\/wp-json\/wp\/v2\/product\/24183\/revisions\/27838"}],"wp:featuredmedia":[{"embeddable":true,"href":"https:\/\/onderzoekschemicals.com\/et\/wp-json\/wp\/v2\/media\/21118"}],"wp:attachment":[{"href":"https:\/\/onderzoekschemicals.com\/et\/wp-json\/wp\/v2\/media?parent=24183"}],"wp:term":[{"taxonomy":"product_brand","embeddable":true,"href":"https:\/\/onderzoekschemicals.com\/et\/wp-json\/wp\/v2\/product_brand?post=24183"},{"taxonomy":"product_cat","embeddable":true,"href":"https:\/\/onderzoekschemicals.com\/et\/wp-json\/wp\/v2\/product_cat?post=24183"},{"taxonomy":"product_tag","embeddable":true,"href":"https:\/\/onderzoekschemicals.com\/et\/wp-json\/wp\/v2\/product_tag?post=24183"}],"curies":[{"name":"t\u00f6\u00f6leht","href":"https:\/\/api.w.org\/{rel}","templated":true}]}}