{"id":24181,"date":"2025-04-13T17:41:13","date_gmt":"2025-04-13T17:41:13","guid":{"rendered":"https:\/\/onderzoekschemicals.com\/?post_type=product&#038;p=24181"},"modified":"2025-10-12T20:21:20","modified_gmt":"2025-10-12T20:21:20","slug":"flubromazepam-halfwaardetijd","status":"publish","type":"product","link":"https:\/\/onderzoekschemicals.com\/et\/shop\/b2b\/flubromazepam-halfwaardetijd\/","title":{"rendered":"Flubromazepam 10 mg karp"},"content":{"rendered":"<h2 data-start=\"3803\" data-end=\"3829\"><strong data-start=\"3806\" data-end=\"3829\">Toote kirjeldus<\/strong><\/h2>\n<p data-start=\"3831\" data-end=\"4136\"><strong data-start=\"3831\" data-end=\"3858\">Flubromazepam 10 mg karp<\/strong> on <strong data-start=\"3866\" data-end=\"3920\">uurimispuhtusega bensodiasepiini\u00fchend<\/strong>, mis on loodud <strong data-start=\"3937\" data-end=\"3991\">kohtuekspertiisi, farmakoloogilised ja anal\u00fc\u00fctilised uuringud<\/strong>Flubromasepaami poolv\u00e4\u00e4rtusaeg\u00a0<br data-start=\"3992\" data-end=\"3995\" \/>Seda kasutatakse sageli kui <strong data-start=\"4023\" data-end=\"4046\">v\u00f5rdlusstandard<\/strong> bensodiasepiini analoogide identifitseerimiseks ja anal\u00fc\u00fcsimiseks laboritingimustes.<\/p>\n<p data-start=\"4138\" data-end=\"4287\">Igas kastis on <strong data-start=\"4153\" data-end=\"4175\">10 mg flubromasepaami<\/strong>, hoolikalt koostatud <strong data-start=\"4206\" data-end=\"4257\">j\u00e4rjepidevus, puhtus ja reprodutseeritavus<\/strong> anal\u00fc\u00fctilistes rakendustes.<\/p>\n<p data-start=\"4289\" data-end=\"4425\">\u26a0\ufe0f <strong data-start=\"4292\" data-end=\"4303\">NB!<\/strong> See toode on <strong data-start=\"4319\" data-end=\"4368\">m\u00f5eldud ainult teaduslikuks otstarbeks<\/strong> ja <strong data-start=\"4372\" data-end=\"4424\">ei sobi inimestele ega loomadele kasutamiseks<\/strong>.<\/p>\n<hr data-start=\"4427\" data-end=\"4430\" \/>\n<h2 data-start=\"4432\" data-end=\"4462\"><strong data-start=\"4435\" data-end=\"4462\">Peamised omadused<\/strong><\/h2>\n<ul data-start=\"4464\" data-end=\"4832\">\n<li data-start=\"4464\" data-end=\"4529\">\n<p data-start=\"4466\" data-end=\"4529\"><strong data-start=\"4466\" data-end=\"4486\">K\u00f5rge puhtusaste:<\/strong> Valmistatud vastavalt laboristandarditele.<\/p>\n<\/li>\n<li data-start=\"4530\" data-end=\"4601\">\n<p data-start=\"4532\" data-end=\"4601\"><strong data-start=\"4532\" data-end=\"4557\">T\u00e4pne annustamine:<\/strong> Usaldusv\u00e4\u00e4rsete tulemuste saavutamiseks 10 mg karbi kohta.<\/p>\n<\/li>\n<li data-start=\"4602\" data-end=\"4675\">\n<p data-start=\"4604\" data-end=\"4675\"><strong data-start=\"4604\" data-end=\"4629\">Stabiilne koostis:<\/strong> N\u00f5uetekohase ladustamise korral vastupidav lagunemisele.<\/p>\n<\/li>\n<li data-start=\"4676\" data-end=\"4746\">\n<p data-start=\"4678\" data-end=\"4746\"><strong data-start=\"4678\" data-end=\"4701\">Ohutu pakend:<\/strong> Suletud ja saastumise eest kaitstud.<\/p>\n<\/li>\n<li data-start=\"4747\" data-end=\"4832\">\n<p data-start=\"4749\" data-end=\"4832\"><strong data-start=\"4749\" data-end=\"4776\">Koosk\u00f5las EL-i m\u00e4\u00e4rustega:<\/strong> Valmistatud vastavalt Euroopa ohutusn\u00f5uetele.<\/p>\n<\/li>\n<\/ul>\n<hr data-start=\"4834\" data-end=\"4837\" \/>\n<h2 data-start=\"4839\" data-end=\"4873\"><strong data-start=\"4842\" data-end=\"4873\">Teadlaste eelised<\/strong><\/h2>\n<ul data-start=\"4875\" data-end=\"5146\">\n<li data-start=\"4875\" data-end=\"4935\">\n<p data-start=\"4877\" data-end=\"4935\">Sobib <strong data-start=\"4891\" data-end=\"4932\">kohtuekspertiisi ja toksikoloogiaalased uuringud<\/strong>.<\/p>\n<\/li>\n<li data-start=\"4936\" data-end=\"5009\">\n<p data-start=\"4938\" data-end=\"5009\">Toetab <strong data-start=\"4950\" data-end=\"4986\">anal\u00fc\u00fctiliste meetodite v\u00e4ljat\u00f6\u00f6tamine<\/strong> (LC-MS, GC-MS, NMR). Flubromasepaami poolv\u00e4\u00e4rtusaeg<\/p>\n<\/li>\n<li data-start=\"5010\" data-end=\"5074\">\n<p data-start=\"5012\" data-end=\"5074\">Pakkumised <strong data-start=\"5018\" data-end=\"5040\">v\u00f5rdlusproovid<\/strong> v\u00f5rdlemiseks ja valideerimiseks.<\/p>\n<\/li>\n<li data-start=\"5075\" data-end=\"5146\">\n<p data-start=\"5077\" data-end=\"5146\">Pakub <strong data-start=\"5088\" data-end=\"5143\">t\u00e4psed ja reprodutseeritavad uurimistulemused<\/strong>.<\/p>\n<\/li>\n<\/ul>\n<hr data-start=\"5148\" data-end=\"5151\" \/>\n<h2 data-start=\"5153\" data-end=\"5187\"><strong data-start=\"5156\" data-end=\"5187\">Kasutamine (uurimiskontekst)<\/strong><\/h2>\n<ol data-start=\"5189\" data-end=\"5406\">\n<li data-start=\"5189\" data-end=\"5234\">\n<p data-start=\"5192\" data-end=\"5234\">Kasutada ainult akrediteeritud laborites.<\/p>\n<\/li>\n<li data-start=\"5235\" data-end=\"5295\">\n<p data-start=\"5238\" data-end=\"5295\">Kandke kindaid, kaitseprille ja laborikitlit.<\/p>\n<\/li>\n<li data-start=\"5296\" data-end=\"5343\">\n<p data-start=\"5299\" data-end=\"5343\">Hoida jahedas, kuivas ja pimedas kohas (alla 25 \u00b0C).<\/p>\n<\/li>\n<li data-start=\"5344\" data-end=\"5406\">\n<p data-start=\"5347\" data-end=\"5406\">J\u00e4\u00e4gid utiliseerida vastavalt kohalikele ohutusn\u00f5uetele.<\/p>\n<\/li>\n<\/ol>\n<blockquote data-start=\"5408\" data-end=\"5501\">\n<p data-start=\"5410\" data-end=\"5501\"><strong data-start=\"5410\" data-end=\"5421\">NB!<\/strong> <em data-start=\"5422\" data-end=\"5447\">Flubromazepam 10 mg karp<\/em> on <strong data-start=\"5451\" data-end=\"5500\">m\u00f5eldud ainult teaduslikuks otstarbeks<\/strong>.<\/p>\n<\/blockquote>\n<hr data-start=\"5503\" data-end=\"5506\" \/>\n<h2 data-start=\"5508\" data-end=\"5542\"><strong data-start=\"5511\" data-end=\"5542\">Korduma kippuvad k\u00fcsimused (KKK)<\/strong><\/h2>\n<p data-start=\"5544\" data-end=\"5670\"><strong data-start=\"5544\" data-end=\"5589\">1. Milleks flubromazepami kasutatakse?<\/strong><br data-start=\"5589\" data-end=\"5592\" \/>Sest <strong data-start=\"5597\" data-end=\"5635\">anal\u00fc\u00fctiline ja kohtuekspertiisi<\/strong> bensodiasepiinide \u00fchendite suhtes.<\/p>\n<p data-start=\"5672\" data-end=\"5770\"><strong data-start=\"5672\" data-end=\"5701\">2. Kui palju \u00fcks karp sisaldab?<\/strong><br data-start=\"5701\" data-end=\"5704\" \/>Igas kastis on <strong data-start=\"5719\" data-end=\"5741\">10 mg flubromasepaami<\/strong> laborikvaliteediga.<\/p>\n<p data-start=\"5772\" data-end=\"5906\"><strong data-start=\"5772\" data-end=\"5822\">3. Kas ma saan Flubromazepami osta eraisikuna?<\/strong><br data-start=\"5822\" data-end=\"5825\" \/>Ei, see toode on saadaval ainult <strong data-start=\"5869\" data-end=\"5903\">tunnustatud teadusasutused<\/strong>.<\/p>","protected":false},"excerpt":{"rendered":"<p>Productbeschrijving Flubromazepam 10 MG Box is een benzodiazepine-verbinding van onderzoekszuiverheid, ontworpen voor forensisch, farmacologisch en analytisch onderzoek. Flubromazepam halfwaardetijd\u00a0Het wordt<\/p>","protected":false},"featured_media":21246,"comment_status":"closed","ping_status":"closed","template":"","meta":[],"product_brand":[82],"product_cat":[555],"product_tag":[139,140,142,141,143,326],"class_list":{"0":"post-24181","1":"product","2":"type-product","3":"status-publish","4":"has-post-thumbnail","6":"product_brand-research-chemical","7":"product_cat-b2b","8":"product_tag-flubromazepam-effects","9":"product_tag-flubromazepam-ervaring","10":"product_tag-flubromazepam-halfwaardetijd","11":"product_tag-flubromazepam-werking","12":"product_tag-how-to-test-flubromazepam-pellets","13":"product_tag-nl","15":"first","16":"instock","17":"taxable","18":"shipping-taxable","19":"purchasable","20":"product-type-variable"},"_links":{"self":[{"href":"https:\/\/onderzoekschemicals.com\/et\/wp-json\/wp\/v2\/product\/24181","targetHints":{"allow":["GET"]}}],"collection":[{"href":"https:\/\/onderzoekschemicals.com\/et\/wp-json\/wp\/v2\/product"}],"about":[{"href":"https:\/\/onderzoekschemicals.com\/et\/wp-json\/wp\/v2\/types\/product"}],"replies":[{"embeddable":true,"href":"https:\/\/onderzoekschemicals.com\/et\/wp-json\/wp\/v2\/comments?post=24181"}],"version-history":[{"count":4,"href":"https:\/\/onderzoekschemicals.com\/et\/wp-json\/wp\/v2\/product\/24181\/revisions"}],"predecessor-version":[{"id":27837,"href":"https:\/\/onderzoekschemicals.com\/et\/wp-json\/wp\/v2\/product\/24181\/revisions\/27837"}],"wp:featuredmedia":[{"embeddable":true,"href":"https:\/\/onderzoekschemicals.com\/et\/wp-json\/wp\/v2\/media\/21246"}],"wp:attachment":[{"href":"https:\/\/onderzoekschemicals.com\/et\/wp-json\/wp\/v2\/media?parent=24181"}],"wp:term":[{"taxonomy":"product_brand","embeddable":true,"href":"https:\/\/onderzoekschemicals.com\/et\/wp-json\/wp\/v2\/product_brand?post=24181"},{"taxonomy":"product_cat","embeddable":true,"href":"https:\/\/onderzoekschemicals.com\/et\/wp-json\/wp\/v2\/product_cat?post=24181"},{"taxonomy":"product_tag","embeddable":true,"href":"https:\/\/onderzoekschemicals.com\/et\/wp-json\/wp\/v2\/product_tag?post=24181"}],"curies":[{"name":"t\u00f6\u00f6leht","href":"https:\/\/api.w.org\/{rel}","templated":true}]}}