{"id":24175,"date":"2025-04-13T17:41:13","date_gmt":"2025-04-13T17:41:13","guid":{"rendered":"https:\/\/onderzoekschemicals.com\/?post_type=product&#038;p=24175"},"modified":"2025-10-12T20:08:27","modified_gmt":"2025-10-12T20:08:27","slug":"norflurazepam-werking","status":"publish","type":"product","link":"https:\/\/onderzoekschemicals.com\/et\/shop\/b2b\/norflurazepam-werking\/","title":{"rendered":"RC+ norfluraasepaam 5mg karp"},"content":{"rendered":"<h2 data-start=\"3808\" data-end=\"3834\"><strong data-start=\"3811\" data-end=\"3834\">Toote kirjeldus<\/strong><\/h2>\n<p data-start=\"3836\" data-end=\"4137\"><strong data-start=\"3836\" data-end=\"3865\">RC+ norfluraasepaam 5mg karp<\/strong> sisaldab <strong data-start=\"3872\" data-end=\"3901\">k\u00f5rge puhtusastmega norfluraasepaam<\/strong>, An <strong data-start=\"3907\" data-end=\"3936\">bensodiasepiini\u00fchend<\/strong> mida kasutatakse <strong data-start=\"3960\" data-end=\"4013\">kohtuekspertiisi, toksikoloogia ja anal\u00fc\u00fctilised uuringud<\/strong>Norflurasepaami toimed<br data-start=\"4014\" data-end=\"4017\" \/>Igas kastis on <strong data-start=\"4032\" data-end=\"4047\">5 mg graanulid<\/strong>, hoolikalt valmistatud <strong data-start=\"4077\" data-end=\"4134\">t\u00e4psed ja reprodutseeritavad laboritulemused<\/strong>.<\/p>\n<p data-start=\"4139\" data-end=\"4296\">Osana <strong data-start=\"4160\" data-end=\"4183\">RC+ uurimisseeria<\/strong> See toode on toodetud range kvaliteedikontrolli all, et <strong data-start=\"4251\" data-end=\"4281\">puhtus ja j\u00e4rjepidevus<\/strong> garanteerima.<\/p>\n<p data-start=\"4298\" data-end=\"4434\">\u26a0\ufe0f <strong data-start=\"4301\" data-end=\"4312\">NB!<\/strong> See toode on <strong data-start=\"4328\" data-end=\"4377\">m\u00f5eldud ainult teaduslikuks otstarbeks<\/strong> ja <strong data-start=\"4381\" data-end=\"4433\">ei sobi inimestele ega loomadele kasutamiseks<\/strong>.<\/p>\n<hr data-start=\"4436\" data-end=\"4439\" \/>\n<h2 data-start=\"4441\" data-end=\"4471\"><strong data-start=\"4444\" data-end=\"4471\">Peamised omadused<\/strong><\/h2>\n<ul data-start=\"4473\" data-end=\"4866\">\n<li data-start=\"4473\" data-end=\"4557\">\n<p data-start=\"4475\" data-end=\"4557\"><strong data-start=\"4475\" data-end=\"4495\">K\u00f5rge puhtusaste:<\/strong> Laboratoorse kvaliteediga, sobib edasij\u00f5udnutele uuringutele.<\/p>\n<\/li>\n<li data-start=\"4558\" data-end=\"4636\">\n<p data-start=\"4560\" data-end=\"4636\"><strong data-start=\"4560\" data-end=\"4592\">Standardiseeritud annus:<\/strong> T\u00e4pse anal\u00fc\u00fcsi jaoks 5 mg pelleti kohta.<\/p>\n<\/li>\n<li data-start=\"4637\" data-end=\"4708\">\n<p data-start=\"4639\" data-end=\"4708\"><strong data-start=\"4639\" data-end=\"4660\">Keemiliselt stabiilne:<\/strong> N\u00f5uetekohase ladustamise korral vastupidav lagunemisele.<\/p>\n<\/li>\n<li data-start=\"4709\" data-end=\"4780\">\n<p data-start=\"4711\" data-end=\"4780\"><strong data-start=\"4711\" data-end=\"4734\">Ohutu pakend:<\/strong> \u00d5hukindel ja saastumise eest suletud.<\/p>\n<\/li>\n<li data-start=\"4781\" data-end=\"4866\">\n<p data-start=\"4783\" data-end=\"4866\"><strong data-start=\"4783\" data-end=\"4810\">Koosk\u00f5las EL-i m\u00e4\u00e4rustega:<\/strong> Valmistatud vastavalt Euroopa ohutusn\u00f5uetele.<\/p>\n<\/li>\n<\/ul>\n<hr data-start=\"4868\" data-end=\"4871\" \/>\n<h2 data-start=\"4873\" data-end=\"4907\"><strong data-start=\"4876\" data-end=\"4907\">Teadlaste eelised<\/strong><\/h2>\n<ul data-start=\"4909\" data-end=\"5174\">\n<li data-start=\"4909\" data-end=\"4969\">\n<p data-start=\"4911\" data-end=\"4969\">Sobib <strong data-start=\"4925\" data-end=\"4966\">kohtuekspertiisi ja toksikoloogiaalased uuringud<\/strong>.<\/p>\n<\/li>\n<li data-start=\"4970\" data-end=\"5018\">\n<p data-start=\"4972\" data-end=\"5018\">Toetab <strong data-start=\"4984\" data-end=\"5015\">LC-MS, GC-MS ja NMR anal\u00fc\u00fcs<\/strong>.<\/p>\n<\/li>\n<li data-start=\"5019\" data-end=\"5101\">\n<p data-start=\"5021\" data-end=\"5101\">Aitab kaasa <strong data-start=\"5031\" data-end=\"5078\">struktuurilised ja kvantitatiivsed v\u00f5rdlused<\/strong> bensodiasepiinide kohta.<\/p>\n<\/li>\n<li data-start=\"5102\" data-end=\"5174\">\n<p data-start=\"5104\" data-end=\"5174\">Pakkumised <strong data-start=\"5110\" data-end=\"5144\">usaldusv\u00e4\u00e4rsed v\u00f5rdlusproovid<\/strong> laboratoorseteks testideks. Norflurasepaami toimed<\/p>\n<\/li>\n<\/ul>\n<hr data-start=\"5176\" data-end=\"5179\" \/>\n<h2 data-start=\"5181\" data-end=\"5215\"><strong data-start=\"5184\" data-end=\"5215\">Kasutamine (uurimiskontekst)<\/strong><\/h2>\n<ol data-start=\"5217\" data-end=\"5425\">\n<li data-start=\"5217\" data-end=\"5262\">\n<p data-start=\"5220\" data-end=\"5262\">Kasutada ainult akrediteeritud laborites.<\/p>\n<\/li>\n<li data-start=\"5263\" data-end=\"5314\">\n<p data-start=\"5266\" data-end=\"5314\">Kandke kindaid, kaitseprille ja laborikitlit.<\/p>\n<\/li>\n<li data-start=\"5315\" data-end=\"5362\">\n<p data-start=\"5318\" data-end=\"5362\">Hoida jahedas, kuivas ja pimedas kohas (alla 25 \u00b0C).<\/p>\n<\/li>\n<li data-start=\"5363\" data-end=\"5425\">\n<p data-start=\"5366\" data-end=\"5425\">J\u00e4\u00e4gid utiliseerida vastavalt kohalikele ohutusn\u00f5uetele.<\/p>\n<\/li>\n<\/ol>\n<blockquote data-start=\"5427\" data-end=\"5522\">\n<p data-start=\"5429\" data-end=\"5522\"><strong data-start=\"5429\" data-end=\"5440\">NB!<\/strong> <em data-start=\"5441\" data-end=\"5468\">RC+ norfluraasepaam 5mg karp<\/em> on <strong data-start=\"5472\" data-end=\"5521\">m\u00f5eldud ainult teaduslikuks otstarbeks<\/strong>.<\/p>\n<\/blockquote>\n<hr data-start=\"5524\" data-end=\"5527\" \/>\n<h2 data-start=\"5529\" data-end=\"5563\"><strong data-start=\"5532\" data-end=\"5563\">Korduma kippuvad k\u00fcsimused (KKK)<\/strong><\/h2>\n<p data-start=\"5565\" data-end=\"5709\"><strong data-start=\"5565\" data-end=\"5614\">1. Milleks RC+ norfluraasepaami kasutatakse?<\/strong><br data-start=\"5614\" data-end=\"5617\" \/>Seda kasutatakse <strong data-start=\"5641\" data-end=\"5679\">anal\u00fc\u00fctiline ja kohtuekspertiisi<\/strong> bensodiasepiini analoogide suhtes.<\/p>\n<p data-start=\"5711\" data-end=\"5815\"><strong data-start=\"5711\" data-end=\"5740\">2. Kui palju \u00fcks karp sisaldab?<\/strong><br data-start=\"5740\" data-end=\"5743\" \/>Igas kastis on <strong data-start=\"5758\" data-end=\"5773\">5 mg graanulid<\/strong> standardiseeritud koostisega.<\/p>\n<p data-start=\"5817\" data-end=\"5953\"><strong data-start=\"5817\" data-end=\"5871\">3. Kas ma saan RC+ Norflurazepami osta eraisikuna?<\/strong><br data-start=\"5871\" data-end=\"5874\" \/>Ei, see toode on saadaval ainult <strong data-start=\"5918\" data-end=\"5952\">tunnustatud teadusasutused<\/strong>.<\/p>","protected":false},"excerpt":{"rendered":"<p>Productbeschrijving RC+ Norflurazepam 5mg Box bevat hoogzuivere Norflurazepam, een benzodiazepine-verbinding die wordt gebruikt bij forensisch, toxicologisch en analytisch onderzoek. Norflurazepam<\/p>","protected":false},"featured_media":20939,"comment_status":"closed","ping_status":"closed","template":"","meta":[],"product_brand":[82],"product_cat":[555],"product_tag":[326,132,137,135,134,136,133],"class_list":{"0":"post-24175","1":"product","2":"type-product","3":"status-publish","4":"has-post-thumbnail","6":"product_brand-research-chemical","7":"product_cat-b2b","8":"product_tag-nl","9":"product_tag-norflurazepam","10":"product_tag-norflurazepam-dosering","11":"product_tag-norflurazepam-ervaring","12":"product_tag-norflurazepam-ervaringen","13":"product_tag-norflurazepam-psychonaut","14":"product_tag-norflurazepam-werking","16":"first","17":"instock","18":"taxable","19":"shipping-taxable","20":"purchasable","21":"product-type-variable"},"_links":{"self":[{"href":"https:\/\/onderzoekschemicals.com\/et\/wp-json\/wp\/v2\/product\/24175","targetHints":{"allow":["GET"]}}],"collection":[{"href":"https:\/\/onderzoekschemicals.com\/et\/wp-json\/wp\/v2\/product"}],"about":[{"href":"https:\/\/onderzoekschemicals.com\/et\/wp-json\/wp\/v2\/types\/product"}],"replies":[{"embeddable":true,"href":"https:\/\/onderzoekschemicals.com\/et\/wp-json\/wp\/v2\/comments?post=24175"}],"version-history":[{"count":4,"href":"https:\/\/onderzoekschemicals.com\/et\/wp-json\/wp\/v2\/product\/24175\/revisions"}],"predecessor-version":[{"id":27834,"href":"https:\/\/onderzoekschemicals.com\/et\/wp-json\/wp\/v2\/product\/24175\/revisions\/27834"}],"wp:featuredmedia":[{"embeddable":true,"href":"https:\/\/onderzoekschemicals.com\/et\/wp-json\/wp\/v2\/media\/20939"}],"wp:attachment":[{"href":"https:\/\/onderzoekschemicals.com\/et\/wp-json\/wp\/v2\/media?parent=24175"}],"wp:term":[{"taxonomy":"product_brand","embeddable":true,"href":"https:\/\/onderzoekschemicals.com\/et\/wp-json\/wp\/v2\/product_brand?post=24175"},{"taxonomy":"product_cat","embeddable":true,"href":"https:\/\/onderzoekschemicals.com\/et\/wp-json\/wp\/v2\/product_cat?post=24175"},{"taxonomy":"product_tag","embeddable":true,"href":"https:\/\/onderzoekschemicals.com\/et\/wp-json\/wp\/v2\/product_tag?post=24175"}],"curies":[{"name":"t\u00f6\u00f6leht","href":"https:\/\/api.w.org\/{rel}","templated":true}]}}