{"id":24154,"date":"2025-04-13T17:41:09","date_gmt":"2025-04-13T17:41:09","guid":{"rendered":"https:\/\/onderzoekschemicals.com\/?post_type=product&#038;p=24154"},"modified":"2025-10-12T20:57:52","modified_gmt":"2025-10-12T20:57:52","slug":"green-mandala","status":"publish","type":"product","link":"https:\/\/onderzoekschemicals.com\/et\/shop\/b2b\/green-mandala\/","title":{"rendered":"Roheline mandala"},"content":{"rendered":"<h3 data-start=\"4598\" data-end=\"4617\"><strong data-start=\"4602\" data-end=\"4617\">Sissejuhatus<\/strong><\/h3>\n<p data-start=\"4618\" data-end=\"4961\">See <strong data-start=\"4621\" data-end=\"4638\">Roheline mandala<\/strong> s\u00fcmboliseerib <strong data-start=\"4652\" data-end=\"4687\">uuenemine, tervenemine ja tasakaal<\/strong>ja viib rohelise rahustava j\u00f5u abil harmooniasse keha, vaimu ja hinge. Mandalad, mis p\u00e4rinevad iidsetest aegadest <strong data-start=\"4802\" data-end=\"4848\">Hindu ja budistlikud traditsioonid<\/strong>, on sajandeid kasutatud spirituaalsete vahenditena energia koondamiseks ja tasakaalu taastamiseks. Osta 4 fma<\/p>\n<p data-start=\"4963\" data-end=\"5283\">Roheline, looduse ja elu v\u00e4rv, s\u00fcmboliseerib <strong data-start=\"5018\" data-end=\"5060\">kasv, kaastunne ja emotsionaalne taastumine<\/strong>Koos mandala p\u00fcha geomeetriaga moodustab see v\u00f5imsa s\u00fcmboli <strong data-start=\"5151\" data-end=\"5198\">sisemine rahu, uuenemine ja teadvelolek<\/strong>See <strong data-start=\"5203\" data-end=\"5220\">Roheline mandala<\/strong> muudab iga ruumi <strong data-start=\"5250\" data-end=\"5282\">rahu ja vaikuse oaas<\/strong>.<\/p>\n<hr data-start=\"5285\" data-end=\"5288\" \/>\n<h3 data-start=\"5290\" data-end=\"5321\"><strong data-start=\"5294\" data-end=\"5321\">Peamised omadused<\/strong><\/h3>\n<ul data-start=\"5322\" data-end=\"5849\">\n<li data-start=\"5322\" data-end=\"5424\">\n<p data-start=\"5324\" data-end=\"5424\"><strong data-start=\"5324\" data-end=\"5351\">Rahustav roheline palett:<\/strong> Loodud rikkalike roheliste toonidega, mis soodustavad rahu, tasakaalu ja tervenemist.<\/p>\n<\/li>\n<li data-start=\"5425\" data-end=\"5551\">\n<p data-start=\"5427\" data-end=\"5551\"><strong data-start=\"5427\" data-end=\"5450\">S\u00fcmboolne kujundus:<\/strong> Esindab <strong data-start=\"5471\" data-end=\"5495\">S\u00fcdamet\u0161akra (Anahata)<\/strong> \u2013 armastuse, kaastunde ja \u00fchtsuse keskus.<\/p>\n<\/li>\n<li data-start=\"5552\" data-end=\"5658\">\n<p data-start=\"5554\" data-end=\"5658\"><strong data-start=\"5554\" data-end=\"5573\">K\u00f5rge kvaliteet:<\/strong> Saadaval kui <strong data-start=\"5591\" data-end=\"5623\">l\u00f5uend, plakat v\u00f5i gobel\u00e4\u00e4n<\/strong> erksate ja kauap\u00fcsivate v\u00e4rvidega.<\/p>\n<\/li>\n<li data-start=\"5659\" data-end=\"5761\">\n<p data-start=\"5661\" data-end=\"5761\"><strong data-start=\"5661\" data-end=\"5685\">Keerukas geomeetria:<\/strong> P\u00f5hineb traditsioonilisel mandalakunstil, mis s\u00fcmboliseerib \u00fchtsust ja harmooniat.<\/p>\n<\/li>\n<li data-start=\"5762\" data-end=\"5849\">\n<p data-start=\"5764\" data-end=\"5849\"><strong data-start=\"5764\" data-end=\"5786\">Mitmek\u00fclgne disain:<\/strong> Sobib ideaalselt m\u00f5lemasse <strong data-start=\"5809\" data-end=\"5846\">moodsad ja spirituaalsed interj\u00f6\u00f6rid<\/strong>.<\/p>\n<\/li>\n<\/ul>\n<hr data-start=\"5851\" data-end=\"5854\" \/>\n<h3 data-start=\"5856\" data-end=\"5873\"><strong data-start=\"5860\" data-end=\"5873\">Eelised<\/strong><\/h3>\n<ul data-start=\"5874\" data-end=\"6332\">\n<li data-start=\"5874\" data-end=\"5993\">\n<p data-start=\"5876\" data-end=\"5993\"><strong data-start=\"5876\" data-end=\"5909\">Edendab tervenemist ja tasakaalu:<\/strong> Roheline aitab <strong data-start=\"5922\" data-end=\"5960\">emotsionaalse tasakaalu taastamiseks<\/strong> ja luua sisemist rahu.<\/p>\n<\/li>\n<li data-start=\"5994\" data-end=\"6073\">\n<p data-start=\"5996\" data-end=\"6073\"><strong data-start=\"5996\" data-end=\"6026\">Toetab s\u00fcdamet\u0161akrat:<\/strong> Tugevdatud <strong data-start=\"6037\" data-end=\"6070\">armastus, empaatia ja kaastunne<\/strong>.<\/p>\n<\/li>\n<li data-start=\"6074\" data-end=\"6153\">\n<p data-start=\"6076\" data-end=\"6153\"><strong data-start=\"6076\" data-end=\"6103\">Stimuleerib t\u00e4helepanelikkust:<\/strong> Ideaalne <strong data-start=\"6116\" data-end=\"6150\">jooga, meditatsioon v\u00f5i l\u00f5\u00f5gastus<\/strong>.<\/p>\n<\/li>\n<li data-start=\"6154\" data-end=\"6243\">\n<p data-start=\"6156\" data-end=\"6243\"><strong data-start=\"6156\" data-end=\"6178\">V\u00e4hendab stressi:<\/strong> Looduslikud v\u00e4rvid tekitavad rahu ja vaikuse tunde.<\/p>\n<\/li>\n<li data-start=\"6244\" data-end=\"6332\">\n<p data-start=\"6246\" data-end=\"6332\"><strong data-start=\"6246\" data-end=\"6270\">T\u00e4iustatud interj\u00f6\u00f6r:<\/strong> Annab igale toale <strong data-start=\"6293\" data-end=\"6329\">rahulik ja stiilne v\u00e4limus<\/strong>.<\/p>\n<\/li>\n<\/ul>\n<hr data-start=\"6334\" data-end=\"6337\" \/>\n<h3 data-start=\"6339\" data-end=\"6354\"><strong data-start=\"6343\" data-end=\"6354\">Kasutus<\/strong><\/h3>\n<ol data-start=\"6355\" data-end=\"6774\">\n<li data-start=\"6355\" data-end=\"6461\">\n<p data-start=\"6358\" data-end=\"6461\"><strong data-start=\"6358\" data-end=\"6380\">Seina kaunistuseks:<\/strong> Riputage <strong data-start=\"6389\" data-end=\"6406\">Roheline mandala<\/strong> magamistubades, joogastuudiotes v\u00f5i l\u00f5\u00f5gastusaladel.<\/p>\n<\/li>\n<li data-start=\"6462\" data-end=\"6581\">\n<p data-start=\"6465\" data-end=\"6581\"><strong data-start=\"6465\" data-end=\"6484\">Meditatsiooni jaoks:<\/strong> Keskendu oma pilk mandala keskele ja hinga s\u00fcgavalt, visualiseerides rohelist energiat.<\/p>\n<\/li>\n<li data-start=\"6582\" data-end=\"6679\">\n<p data-start=\"6585\" data-end=\"6679\"><strong data-start=\"6585\" data-end=\"6602\">Jooga ajal:<\/strong> Kasuta mandalat fookuspunktina, et parandada keskendumist ja maandamist.<\/p>\n<\/li>\n<li data-start=\"6680\" data-end=\"6774\">\n<p data-start=\"6683\" data-end=\"6774\"><strong data-start=\"6683\" data-end=\"6698\">Kingituseks:<\/strong> T\u00e4hendusrikas kingitus, mis <strong data-start=\"6729\" data-end=\"6758\">armastus, kasv ja harmoonia<\/strong> s\u00fcmboliseerib. Osta 4 FMA-d<\/p>\n<\/li>\n<\/ol>\n<hr data-start=\"6776\" data-end=\"6779\" \/>\n<h3 data-start=\"6781\" data-end=\"6814\"><strong data-start=\"6785\" data-end=\"6814\">Korduma kippuvad k\u00fcsimused (KKK)<\/strong><\/h3>\n<p data-start=\"6816\" data-end=\"6992\"><strong data-start=\"6816\" data-end=\"6857\">1. Mida s\u00fcmboliseerib roheline mandala?<\/strong><br data-start=\"6857\" data-end=\"6860\" \/>See <strong data-start=\"6863\" data-end=\"6880\">Roheline mandala<\/strong> t\u00e4histab <strong data-start=\"6892\" data-end=\"6930\">tervenemine, kaastunne, kasv ja tasakaal<\/strong>ning aitab v\u00f5imendada looduse ja s\u00fcdame energiat.<\/p>\n<p data-start=\"6994\" data-end=\"7166\"><strong data-start=\"6994\" data-end=\"7053\">2. Kas rohelist mandalat saab meditatsiooniks kasutada?<\/strong><br data-start=\"7053\" data-end=\"7056\" \/>Jah, see on v\u00f5imas t\u00f6\u00f6riist selleks, <strong data-start=\"7096\" data-end=\"7128\">t\u00e4helepanelikkus ja t\u0161akrate tasakaal<\/strong>, keskendudes peamiselt <strong data-start=\"7151\" data-end=\"7165\">S\u00fcdamet\u0161akra<\/strong>.<\/p>\n<p data-start=\"7168\" data-end=\"7355\"><strong data-start=\"7168\" data-end=\"7228\">3. Kas roheline mandala sobib sisekujunduseks?<\/strong><br data-start=\"7228\" data-end=\"7231\" \/>Kindlasti. Rahulikud rohelised toonid ja s\u00fcmmeetrilised kujundid muudavad selle ideaalseks <strong data-start=\"7310\" data-end=\"7354\">kodud, joogastuudiod ja tervisekeskused<\/strong>.<\/p>\n<hr data-start=\"7357\" data-end=\"7360\" \/>\n<h3 data-start=\"7362\" data-end=\"7379\"><strong data-start=\"7366\" data-end=\"7379\">Kokkuv\u00f5te<\/strong><\/h3>\n<p data-start=\"7380\" data-end=\"7678\">See <strong data-start=\"7383\" data-end=\"7400\">Roheline mandala<\/strong> on enamat kui kunstiteos \u2013 see on <strong data-start=\"7440\" data-end=\"7489\">rahu, armastuse ja vaimse kasvu s\u00fcmbol<\/strong>Oma loomulike roheliste toonide ja p\u00fcha geomeetriaga toob ta <strong data-start=\"7555\" data-end=\"7581\">rahu, tasakaal ja tervenemine<\/strong> igas toas. Ideaalne k\u00f5igile, kes <strong data-start=\"7624\" data-end=\"7651\">harmoonia ja t\u00e4helepanelikkus<\/strong> tahab oma ellu tuua.<\/p>\n<p><a href=\"https:\/\/onderzoekschemicals.com\/et\/shop\/lysergamides\/1cp-lsd-150-mcg\/\"><span dir=\"auto\" style=\"vertical-align: inherit;\"><span dir=\"auto\" style=\"vertical-align: inherit;\">1cP-LSD 150 MCG kunstipaberit <\/span><\/span><\/a><a href=\"https:\/\/onderzoekschemicals.com\/et\/shop\/pellets\/o-dsmt-50mg-pellets\/\"><span dir=\"auto\" style=\"vertical-align: inherit;\"><span dir=\"auto\" style=\"vertical-align: inherit;\">O-DSMT 50 mg graanulid <\/span><\/span><\/a><a href=\"https:\/\/onderzoekschemicals.com\/et\/shop\/lysergamides\/1v-lsd-150-mcg-blotters\/\"><span dir=\"auto\" style=\"vertical-align: inherit;\"><span dir=\"auto\" style=\"vertical-align: inherit;\">1V-LSD 150 MCG blotterid <\/span><\/span><\/a><a href=\"https:\/\/onderzoekschemicals.com\/et\/shop\/cathinonen\/2-cmc-kopen\/\"><span dir=\"auto\" style=\"vertical-align: inherit;\"><span dir=\"auto\" style=\"vertical-align: inherit;\">2-CMC 250 mg graanulid <\/span><\/span><\/a><a href=\"https:\/\/onderzoekschemicals.com\/et\/shop\/fenethylamine\/2c-ef-2mg-capsules\/\"><span dir=\"auto\" style=\"vertical-align: inherit;\"><span dir=\"auto\" style=\"vertical-align: inherit;\">2C-EF 2 mg kapslid<\/span><\/span><\/a><\/p>","protected":false},"excerpt":{"rendered":"<p>Introductie De Green Mandala symboliseert vernieuwing, genezing en balans, en brengt lichaam, geest en ziel in harmonie door de rustgevende<\/p>","protected":false},"featured_media":20763,"comment_status":"closed","ping_status":"closed","template":"","meta":[],"product_brand":[],"product_cat":[555],"product_tag":[629,644,326],"class_list":{"0":"post-24154","1":"product","2":"type-product","3":"status-publish","4":"has-post-thumbnail","6":"product_cat-b2b","7":"product_tag-4-fma-kopen","8":"product_tag-4-fma","9":"product_tag-nl","11":"first","12":"instock","13":"taxable","14":"shipping-taxable","15":"purchasable","16":"product-type-variable"},"_links":{"self":[{"href":"https:\/\/onderzoekschemicals.com\/et\/wp-json\/wp\/v2\/product\/24154","targetHints":{"allow":["GET"]}}],"collection":[{"href":"https:\/\/onderzoekschemicals.com\/et\/wp-json\/wp\/v2\/product"}],"about":[{"href":"https:\/\/onderzoekschemicals.com\/et\/wp-json\/wp\/v2\/types\/product"}],"replies":[{"embeddable":true,"href":"https:\/\/onderzoekschemicals.com\/et\/wp-json\/wp\/v2\/comments?post=24154"}],"version-history":[{"count":4,"href":"https:\/\/onderzoekschemicals.com\/et\/wp-json\/wp\/v2\/product\/24154\/revisions"}],"predecessor-version":[{"id":27848,"href":"https:\/\/onderzoekschemicals.com\/et\/wp-json\/wp\/v2\/product\/24154\/revisions\/27848"}],"wp:featuredmedia":[{"embeddable":true,"href":"https:\/\/onderzoekschemicals.com\/et\/wp-json\/wp\/v2\/media\/20763"}],"wp:attachment":[{"href":"https:\/\/onderzoekschemicals.com\/et\/wp-json\/wp\/v2\/media?parent=24154"}],"wp:term":[{"taxonomy":"product_brand","embeddable":true,"href":"https:\/\/onderzoekschemicals.com\/et\/wp-json\/wp\/v2\/product_brand?post=24154"},{"taxonomy":"product_cat","embeddable":true,"href":"https:\/\/onderzoekschemicals.com\/et\/wp-json\/wp\/v2\/product_cat?post=24154"},{"taxonomy":"product_tag","embeddable":true,"href":"https:\/\/onderzoekschemicals.com\/et\/wp-json\/wp\/v2\/product_tag?post=24154"}],"curies":[{"name":"t\u00f6\u00f6leht","href":"https:\/\/api.w.org\/{rel}","templated":true}]}}