{"id":24144,"date":"2025-04-13T17:41:08","date_gmt":"2025-04-13T17:41:08","guid":{"rendered":"https:\/\/onderzoekschemicals.com\/?post_type=product&#038;p=24144"},"modified":"2025-10-12T21:09:18","modified_gmt":"2025-10-12T21:09:18","slug":"chem-mist-noopept-spray","status":"publish","type":"product","link":"https:\/\/onderzoekschemicals.com\/et\/shop\/b2b\/chem-mist-noopept-spray\/","title":{"rendered":"Keemiline udu NOOPEPT sprei"},"content":{"rendered":"<h3 data-start=\"4655\" data-end=\"4674\"><strong data-start=\"4659\" data-end=\"4674\">Sissejuhatus<\/strong><\/h3>\n<p data-start=\"4675\" data-end=\"5006\">See <strong data-start=\"4678\" data-end=\"4705\">Keemiline udu NOOPEPT sprei<\/strong> pakkumised <strong data-start=\"4712\" data-end=\"4779\">k\u00f5rge puhtusastmega NOOPEPT (N-fen\u00fc\u00fclatset\u00fc\u00fcl-L-prop\u00fc\u00fclgl\u00fctsiini et\u00fc\u00fclester)<\/strong> \u00fches <strong data-start=\"4787\" data-end=\"4821\">t\u00e4pselt formuleeritud sprei<\/strong>, mis on v\u00e4lja t\u00f6\u00f6tatud teadusuuringute eesm\u00e4rgil. NOOPEPT on <strong data-start=\"4876\" data-end=\"4899\">nootroopne \u00fchend<\/strong> mida sageli uuritakse selle v\u00f5imaliku m\u00f5ju t\u00f5ttu <strong data-start=\"4959\" data-end=\"5003\">m\u00e4lu, \u00f5ppimisv\u00f5ime ja neuroprotektsioon<\/strong>Noopept Chem-mist sprei<\/p>\n<p data-start=\"5008\" data-end=\"5235\">Selle sprei t\u00f6\u00f6tas v\u00e4lja Chem-mist ettev\u00f5tte jaoks <strong data-start=\"5053\" data-end=\"5078\">laboriuuringud<\/strong> ja garantiid <strong data-start=\"5093\" data-end=\"5133\">pidev doseerimine, k\u00f5rge stabiilsus<\/strong> ja <strong data-start=\"5137\" data-end=\"5164\">praktiline kasutusmugavus<\/strong>, ideaalne uuringuteks <strong data-start=\"5191\" data-end=\"5234\">Neuroplastilisus ja kognitiivne funktsioon<\/strong>.<\/p>\n<hr data-start=\"5237\" data-end=\"5240\" \/>\n<h3 data-start=\"5242\" data-end=\"5273\"><strong data-start=\"5246\" data-end=\"5273\">Peamised omadused<\/strong><\/h3>\n<ul data-start=\"5274\" data-end=\"5811\">\n<li data-start=\"5274\" data-end=\"5362\">\n<p data-start=\"5276\" data-end=\"5362\"><strong data-start=\"5276\" data-end=\"5299\">K\u00f5rge puhtusastmega NOOPEPT:<\/strong> Iga pihusti sisaldab <strong data-start=\"5317\" data-end=\"5333\">10 mg NOOPEPT<\/strong> stabiilses lahuses.<\/p>\n<\/li>\n<li data-start=\"5363\" data-end=\"5492\">\n<p data-start=\"5365\" data-end=\"5492\"><strong data-start=\"5365\" data-end=\"5383\">Kiire salvestus:<\/strong> Optimeeritud <strong data-start=\"5405\" data-end=\"5471\">efektiivne manustamine ja usaldusv\u00e4\u00e4rne biosaadavus<\/strong> uurimist\u00f6\u00f6 ajal.<\/p>\n<\/li>\n<li data-start=\"5493\" data-end=\"5588\">\n<p data-start=\"5495\" data-end=\"5588\"><strong data-start=\"5495\" data-end=\"5520\">T\u00e4pne annustamine:<\/strong> Pihusti pakub <strong data-start=\"5541\" data-end=\"5585\">kontrollitavad ja korratavad tulemused<\/strong>.<\/p>\n<\/li>\n<li data-start=\"5589\" data-end=\"5711\">\n<p data-start=\"5591\" data-end=\"5711\"><strong data-start=\"5591\" data-end=\"5622\">Uurimist\u00f6\u00f6 taseme kvaliteet:<\/strong> Toodetud all <strong data-start=\"5642\" data-end=\"5680\">ranged laboritingimused<\/strong> puhtuse tagamiseks.<\/p>\n<\/li>\n<li data-start=\"5712\" data-end=\"5811\">\n<p data-start=\"5714\" data-end=\"5811\"><strong data-start=\"5714\" data-end=\"5736\">Kompaktne ja mugav:<\/strong> 10 ml pihustuspudel, ideaalne t\u00e4pseks kasutamiseks uurimiskeskkondades. NOOPEPT keemiline pihusti.<\/p>\n<\/li>\n<\/ul>\n<hr data-start=\"5813\" data-end=\"5816\" \/>\n<h3 data-start=\"5818\" data-end=\"5835\"><strong data-start=\"5822\" data-end=\"5835\">Eelised<\/strong><\/h3>\n<ul data-start=\"5836\" data-end=\"6403\">\n<li data-start=\"5836\" data-end=\"5972\">\n<p data-start=\"5838\" data-end=\"5972\"><strong data-start=\"5838\" data-end=\"5874\">Toetab kognitiivseid uuringuid:<\/strong> Uuritakse selle m\u00f5ju <strong data-start=\"5913\" data-end=\"5969\">m\u00e4lu, neuroprotektsioon ja s\u00fcnaptiline plastilisus<\/strong>.<\/p>\n<\/li>\n<li data-start=\"5973\" data-end=\"6080\">\n<p data-start=\"5975\" data-end=\"6080\"><strong data-start=\"5975\" data-end=\"6002\">Usaldusv\u00e4\u00e4rne rakendus:<\/strong> Vedel koostis teeb <strong data-start=\"6030\" data-end=\"6068\">t\u00e4pne ja j\u00e4rjepidev administreerimine<\/strong> v\u00f5imalik.<\/p>\n<\/li>\n<li data-start=\"6081\" data-end=\"6209\">\n<p data-start=\"6083\" data-end=\"6209\"><strong data-start=\"6083\" data-end=\"6136\">Sobib k\u00e4itumuslikeks ja neurokeemilisteks uuringuteks:<\/strong> Aitab uurimist\u00f6\u00f6ga <strong data-start=\"6162\" data-end=\"6206\">\u00f5ppeprotsessid, t\u00e4helepanu ja ajutegevus<\/strong>.<\/p>\n<\/li>\n<li data-start=\"6210\" data-end=\"6311\">\n<p data-start=\"6212\" data-end=\"6311\"><strong data-start=\"6212\" data-end=\"6236\">T\u00f5hus kohaletoimetamine:<\/strong> Pihusti pakub <strong data-start=\"6257\" data-end=\"6279\">\u00fchtlane jaotus<\/strong> ja minimeerib k\u00f5rvalekaldeid.<\/p>\n<\/li>\n<li data-start=\"6312\" data-end=\"6403\">\n<p data-start=\"6314\" data-end=\"6403\"><strong data-start=\"6314\" data-end=\"6341\">Pikaajaline stabiilsus:<\/strong> Valem j\u00e4\u00e4b alles <strong data-start=\"6357\" data-end=\"6380\">stabiilne ja efektiivne<\/strong> kui seda \u00f5igesti s\u00e4ilitada.<\/p>\n<\/li>\n<\/ul>\n<hr data-start=\"6405\" data-end=\"6408\" \/>\n<h3 data-start=\"6410\" data-end=\"6425\"><strong data-start=\"6414\" data-end=\"6425\">Kasutus<\/strong><\/h3>\n<ol data-start=\"6426\" data-end=\"6688\">\n<li data-start=\"6426\" data-end=\"6463\">\n<p data-start=\"6429\" data-end=\"6463\"><strong data-start=\"6429\" data-end=\"6461\">Enne kasutamist loksutage \u00f5rnalt.<\/strong><\/p>\n<\/li>\n<li data-start=\"6464\" data-end=\"6536\">\n<p data-start=\"6467\" data-end=\"6536\"><strong data-start=\"6467\" data-end=\"6480\">\u00dcks pihustamine<\/strong> manustab 10 mg NOOPEPTi annuse (vastavalt juhistele).<\/p>\n<\/li>\n<li data-start=\"6537\" data-end=\"6610\">\n<p data-start=\"6540\" data-end=\"6610\"><strong data-start=\"6540\" data-end=\"6571\">Pange t\u00e4hele annust ja aega<\/strong> t\u00e4psete uurimisandmete saamiseks.<\/p>\n<\/li>\n<li data-start=\"6611\" data-end=\"6688\">\n<p data-start=\"6614\" data-end=\"6688\">S\u00e4\u00e4sta a <strong data-start=\"6629\" data-end=\"6652\">jahedas ja kuivas kohas<\/strong>, otsese p\u00e4ikesevalguse eest kaitstult.<\/p>\n<\/li>\n<\/ol>\n<blockquote data-start=\"6690\" data-end=\"6796\">\n<p data-start=\"6692\" data-end=\"6796\">\u26a0\ufe0f <strong data-start=\"6695\" data-end=\"6741\">Ainult laboratoorseteks testideks.<\/strong> Ei sobi inimeste ega loomade toiduks.<\/p>\n<\/blockquote>\n<hr data-start=\"6798\" data-end=\"6801\" \/>\n<h3 data-start=\"6803\" data-end=\"6836\"><strong data-start=\"6807\" data-end=\"6836\">Korduma kippuvad k\u00fcsimused (KKK)<\/strong><\/h3>\n<p data-start=\"6838\" data-end=\"7019\"><strong data-start=\"6838\" data-end=\"6893\">1. Milleks Chem-mist NOOPEPT spreid kasutatakse?<\/strong><br data-start=\"6893\" data-end=\"6896\" \/>Seda pihustust kasutatakse <strong data-start=\"6925\" data-end=\"6972\">teaduslikud ja neurokeemilised uuringud<\/strong> kognitiivsetele funktsioonidele ja neuroplastilisusele.<\/p>\n<p data-start=\"7021\" data-end=\"7162\"><strong data-start=\"7021\" data-end=\"7061\">2. Kui palju NOOPEPT&#039;i iga sprei sisaldab?<\/strong><br data-start=\"7061\" data-end=\"7064\" \/>Iga pihustamine annab <strong data-start=\"7092\" data-end=\"7122\">T\u00e4pne annus 10 mg<\/strong>, kontrollitud laborianal\u00fc\u00fcsiga.<\/p>\n<p data-start=\"7164\" data-end=\"7304\"><strong data-start=\"7164\" data-end=\"7204\">3. Kuidas tuleks spreid s\u00e4ilitada?<\/strong><br data-start=\"7204\" data-end=\"7207\" \/>Hoidke pudelit <strong data-start=\"7229\" data-end=\"7263\">jahedas, pimedas ja kuivas kohas<\/strong> (alla 25 \u00b0C) stabiilsuse s\u00e4ilitamiseks.<\/p>\n<hr data-start=\"7306\" data-end=\"7309\" \/>\n<h3 data-start=\"7311\" data-end=\"7328\"><strong data-start=\"7315\" data-end=\"7328\">Kokkuv\u00f5te<\/strong><\/h3>\n<p data-start=\"7329\" data-end=\"7632\">See <strong data-start=\"7332\" data-end=\"7359\">Keemiline udu NOOPEPT sprei<\/strong> kombainid <strong data-start=\"7371\" data-end=\"7404\">t\u00e4psus, puhtus ja mugavus<\/strong> kognitiivse v\u00f5imekuse ja ajufunktsioonide t\u00e4iustatud uuringute jaoks. T\u00e4nu <strong data-start=\"7489\" data-end=\"7554\">t\u00e4pne doseerimine, kiire imendumine ja pikaajaline stabiilsus<\/strong> See toode on suurep\u00e4rane valik professionaalsetesse uurimiskeskkondadesse.<\/p>","protected":false},"excerpt":{"rendered":"<p>Introductie De Chem-mist NOOPEPT Spray biedt hoogzuiver NOOPEPT (N-phenylacetyl-L-prolylglycine ethyl ester) in een nauwkeurig geformuleerde spray, ontwikkeld voor onderzoeksdoeleinden. NOOPEPT<\/p>","protected":false},"featured_media":21202,"comment_status":"closed","ping_status":"closed","template":"","meta":[],"product_brand":[],"product_cat":[555],"product_tag":[326],"class_list":{"0":"post-24144","1":"product","2":"type-product","3":"status-publish","4":"has-post-thumbnail","6":"product_cat-b2b","7":"product_tag-nl","9":"first","10":"instock","11":"taxable","12":"shipping-taxable","13":"purchasable","14":"product-type-variable"},"_links":{"self":[{"href":"https:\/\/onderzoekschemicals.com\/et\/wp-json\/wp\/v2\/product\/24144","targetHints":{"allow":["GET"]}}],"collection":[{"href":"https:\/\/onderzoekschemicals.com\/et\/wp-json\/wp\/v2\/product"}],"about":[{"href":"https:\/\/onderzoekschemicals.com\/et\/wp-json\/wp\/v2\/types\/product"}],"replies":[{"embeddable":true,"href":"https:\/\/onderzoekschemicals.com\/et\/wp-json\/wp\/v2\/comments?post=24144"}],"version-history":[{"count":3,"href":"https:\/\/onderzoekschemicals.com\/et\/wp-json\/wp\/v2\/product\/24144\/revisions"}],"predecessor-version":[{"id":27852,"href":"https:\/\/onderzoekschemicals.com\/et\/wp-json\/wp\/v2\/product\/24144\/revisions\/27852"}],"wp:featuredmedia":[{"embeddable":true,"href":"https:\/\/onderzoekschemicals.com\/et\/wp-json\/wp\/v2\/media\/21202"}],"wp:attachment":[{"href":"https:\/\/onderzoekschemicals.com\/et\/wp-json\/wp\/v2\/media?parent=24144"}],"wp:term":[{"taxonomy":"product_brand","embeddable":true,"href":"https:\/\/onderzoekschemicals.com\/et\/wp-json\/wp\/v2\/product_brand?post=24144"},{"taxonomy":"product_cat","embeddable":true,"href":"https:\/\/onderzoekschemicals.com\/et\/wp-json\/wp\/v2\/product_cat?post=24144"},{"taxonomy":"product_tag","embeddable":true,"href":"https:\/\/onderzoekschemicals.com\/et\/wp-json\/wp\/v2\/product_tag?post=24144"}],"curies":[{"name":"t\u00f6\u00f6leht","href":"https:\/\/api.w.org\/{rel}","templated":true}]}}