{"id":24142,"date":"2025-04-13T17:41:08","date_gmt":"2025-04-13T17:41:08","guid":{"rendered":"https:\/\/onderzoekschemicals.com\/?post_type=product&#038;p=24142"},"modified":"2025-10-13T10:33:18","modified_gmt":"2025-10-13T10:33:18","slug":"chem-mist-1cp-lsd-spray","status":"publish","type":"product","link":"https:\/\/onderzoekschemicals.com\/et\/shop\/b2b\/chem-mist-1cp-lsd-spray\/","title":{"rendered":"Keemiline udu 1cP-LSD pihusti"},"content":{"rendered":"<h3 data-start=\"3361\" data-end=\"3382\"><strong data-start=\"3365\" data-end=\"3380\">Sissejuhatus<\/strong><\/h3>\n<p data-start=\"3383\" data-end=\"3872\">Chem-mist 1cP-LSD sprei on <strong data-start=\"3414\" data-end=\"3451\">professionaalne uurimislahendus<\/strong> et <strong data-start=\"3456\" data-end=\"3490\">1-ts\u00fcklopropion\u00fc\u00fcl-LSD (1cP-LSD)<\/strong> sisaldub stabiliseeritud vesispreis. M\u00f5eldud kasutamiseks <strong data-start=\"3551\" data-end=\"3594\">kontrollitud laborirakendused<\/strong>, teeb selle <strong data-start=\"3606\" data-end=\"3649\">t\u00e4pne ja korratav doseerimine<\/strong> V\u00f5imalik teaduslikes ja anal\u00fc\u00fctilistes katsetes. Pihustusvorm pakub \u00fchtlast mikrodoseerimist, suurep\u00e4rast stabiilsust ja v\u00e4hendab saastumisohtu.<br data-start=\"3817\" data-end=\"3820\" \/><em data-start=\"3820\" data-end=\"3872\">(Ei ole ette n\u00e4htud inimestele ega loomadele.) Chem-mist 1cP-LSD sprei<\/em><\/p>\n<hr data-start=\"3874\" data-end=\"3877\" \/>\n<h3 data-start=\"3879\" data-end=\"3916\"><strong data-start=\"3883\" data-end=\"3914\">Peamised omadused<\/strong><\/h3>\n<ul data-start=\"3917\" data-end=\"4332\">\n<li data-start=\"3917\" data-end=\"4004\">\n<p data-start=\"3919\" data-end=\"4004\"><strong data-start=\"3919\" data-end=\"3945\">K\u00f5rge puhtusaste (\u226597%)<\/strong> \u2013 Usaldusv\u00e4\u00e4rsete tulemuste saamiseks teadusliku kvaliteediga<\/p>\n<\/li>\n<li data-start=\"4005\" data-end=\"4080\">\n<p data-start=\"4007\" data-end=\"4080\"><strong data-start=\"4007\" data-end=\"4036\">J\u00e4rjepidev mikrodoseerimine<\/strong> \u2013 Iga pihustamine annab kindla koguse<\/p>\n<\/li>\n<li data-start=\"4081\" data-end=\"4177\">\n<p data-start=\"4083\" data-end=\"4177\"><strong data-start=\"4083\" data-end=\"4110\">Stabiliseeritud valem<\/strong> \u2013 Sisaldab puhveraineid ja s\u00e4ilitusaineid pika s\u00e4ilivusaja tagamiseks<\/p>\n<\/li>\n<li data-start=\"4178\" data-end=\"4248\">\n<p data-start=\"4180\" data-end=\"4248\"><strong data-start=\"4180\" data-end=\"4201\">Ohutu ja kompaktne<\/strong> \u2013 V\u00e4hendab lekke v\u00f5i kokkupuute ohtu<\/p>\n<\/li>\n<li data-start=\"4249\" data-end=\"4332\">\n<p data-start=\"4251\" data-end=\"4332\"><strong data-start=\"4251\" data-end=\"4278\">Selgelt m\u00e4rgistatud<\/strong> \u2013 \u201eAinult uurimist\u00f6\u00f6ks\u201d vastavalt ohutusstandarditele<\/p>\n<\/li>\n<\/ul>\n<hr data-start=\"4334\" data-end=\"4337\" \/>\n<h3 data-start=\"4339\" data-end=\"4358\"><strong data-start=\"4343\" data-end=\"4356\">Eelised<\/strong><\/h3>\n<p data-start=\"4359\" data-end=\"4697\">\u2705 <strong data-start=\"4361\" data-end=\"4382\">T\u00e4pne annus<\/strong> \u2013 Usaldusv\u00e4\u00e4rne reprodutseeritavus m\u00f5\u00f5tmiste vahel<br data-start=\"4432\" data-end=\"4435\" \/>\u2705 <strong data-start=\"4437\" data-end=\"4458\">T\u00f5hus kasutamine<\/strong> \u2013 Valmis otse laboris kasutamiseks<br data-start=\"4498\" data-end=\"4501\" \/>\u2705 <strong data-start=\"4503\" data-end=\"4523\">Puhas ja ohutu<\/strong> \u2013 Suletud s\u00fcsteem piirab saastumist<br data-start=\"4561\" data-end=\"4564\" \/>\u2705 <strong data-start=\"4566\" data-end=\"4594\">Usaldusv\u00e4\u00e4rne j\u00e4rjepidevus<\/strong> \u2013 Igal pihustusel on \u00fchtlane v\u00e4ljund<br data-start=\"4633\" data-end=\"4636\" \/>\u2705 <strong data-start=\"4638\" data-end=\"4660\">Pikk s\u00e4ilivusaeg<\/strong> \u2013 \u00d5igesti hoiustades p\u00fcsib stabiilne<\/p>\n<hr data-start=\"4699\" data-end=\"4702\" \/>\n<h3 data-start=\"4704\" data-end=\"4756\"><strong data-start=\"4708\" data-end=\"4754\">Kasutamine (ainult uurimist\u00f6\u00f6 eesm\u00e4rgil)<\/strong><\/h3>\n<blockquote data-start=\"4757\" data-end=\"4873\">\n<p data-start=\"4759\" data-end=\"4873\">\u26a0\ufe0f <strong data-start=\"4762\" data-end=\"4777\">T\u00e4htis:<\/strong> Kasutamiseks ainult labori- v\u00f5i uurimiskeskkondades koos isikukaitsevahendite ja ohutusmeetmetega.<\/p>\n<\/blockquote>\n<ol data-start=\"4875\" data-end=\"5135\">\n<li data-start=\"4875\" data-end=\"4932\">\n<p data-start=\"4878\" data-end=\"4932\">Enne esmakasutust loksutage \u00f5rnalt ja eelt\u00e4itke otsik.<\/p>\n<\/li>\n<li data-start=\"4933\" data-end=\"4988\">\n<p data-start=\"4936\" data-end=\"4988\">Pihustage kindlal kaugusel vastavalt uurimisprotokollile.<\/p>\n<\/li>\n<li data-start=\"4989\" data-end=\"5059\">\n<p data-start=\"4992\" data-end=\"5059\">Sulgege korralikult ja hoidke p\u00fcstises asendis. <strong data-start=\"5031\" data-end=\"5056\">jahedas, pimedas kohas<\/strong>.<\/p>\n<\/li>\n<li data-start=\"5060\" data-end=\"5135\">\n<p data-start=\"5063\" data-end=\"5135\">V\u00e4ltida kokkupuudet naha v\u00f5i silmadega; tutvuda ohutuskaardiga (SDS).<\/p>\n<\/li>\n<\/ol>\n<hr data-start=\"5137\" data-end=\"5140\" \/>\n<h3 data-start=\"5142\" data-end=\"5177\"><strong data-start=\"5146\" data-end=\"5175\">Korduma kippuvad k\u00fcsimused (KKK)<\/strong><\/h3>\n<p data-start=\"5179\" data-end=\"5423\"><strong data-start=\"5179\" data-end=\"5201\">1. Mis on 1cP-LSD?<\/strong><br data-start=\"5201\" data-end=\"5204\" \/>1cP-LSD (1-ts\u00fcklopropion\u00fc\u00fcl-LSD) on l\u00fcsergamiidi analoog, mida kasutatakse uuringutes. M\u00f5nedes bioloogilistes s\u00fcsteemides saab seda muuta LSD-ks, mis muudab selle kasulikuks farmakoloogilistes v\u00f5rdlusuuringutes.<\/p>\n<p data-start=\"5425\" data-end=\"5614\"><strong data-start=\"5425\" data-end=\"5491\">2. Kas Chem-mist 1cP-LSD sprei sobib inimestele?<\/strong><br data-start=\"5491\" data-end=\"5494\" \/>Ei \u2013 see toode on <strong data-start=\"5515\" data-end=\"5565\">m\u00f5eldud ainult laboriuuringuteks<\/strong>, mitte inimeste ega loomade toiduks.<\/p>\n<p data-start=\"5616\" data-end=\"5787\"><strong data-start=\"5616\" data-end=\"5652\">3. Kuidas ma peaksin spreid s\u00e4ilitama?<\/strong><br data-start=\"5652\" data-end=\"5655\" \/>Hoida tihedalt suletuna, p\u00fcstises asendis ning valguse, kuumuse ja niiskuse eest kaitstult. \u00d5igesti s\u00e4ilitades p\u00fcsib sprei pikka aega stabiilsena.<\/p>","protected":false},"excerpt":{"rendered":"<p>Introductie Chem-mist 1cP-LSD Spray is een professionele onderzoeksoplossing die 1-cyclopropionyl-LSD (1cP-LSD) bevat in een gestabiliseerde waterige spray. Ontworpen voor gecontroleerde<\/p>","protected":false},"featured_media":20819,"comment_status":"closed","ping_status":"closed","template":"","meta":[],"product_brand":[],"product_cat":[555],"product_tag":[326],"class_list":{"0":"post-24142","1":"product","2":"type-product","3":"status-publish","4":"has-post-thumbnail","6":"product_cat-b2b","7":"product_tag-nl","9":"first","10":"instock","11":"taxable","12":"shipping-taxable","13":"purchasable","14":"product-type-variable"},"_links":{"self":[{"href":"https:\/\/onderzoekschemicals.com\/et\/wp-json\/wp\/v2\/product\/24142","targetHints":{"allow":["GET"]}}],"collection":[{"href":"https:\/\/onderzoekschemicals.com\/et\/wp-json\/wp\/v2\/product"}],"about":[{"href":"https:\/\/onderzoekschemicals.com\/et\/wp-json\/wp\/v2\/types\/product"}],"replies":[{"embeddable":true,"href":"https:\/\/onderzoekschemicals.com\/et\/wp-json\/wp\/v2\/comments?post=24142"}],"version-history":[{"count":3,"href":"https:\/\/onderzoekschemicals.com\/et\/wp-json\/wp\/v2\/product\/24142\/revisions"}],"predecessor-version":[{"id":27860,"href":"https:\/\/onderzoekschemicals.com\/et\/wp-json\/wp\/v2\/product\/24142\/revisions\/27860"}],"wp:featuredmedia":[{"embeddable":true,"href":"https:\/\/onderzoekschemicals.com\/et\/wp-json\/wp\/v2\/media\/20819"}],"wp:attachment":[{"href":"https:\/\/onderzoekschemicals.com\/et\/wp-json\/wp\/v2\/media?parent=24142"}],"wp:term":[{"taxonomy":"product_brand","embeddable":true,"href":"https:\/\/onderzoekschemicals.com\/et\/wp-json\/wp\/v2\/product_brand?post=24142"},{"taxonomy":"product_cat","embeddable":true,"href":"https:\/\/onderzoekschemicals.com\/et\/wp-json\/wp\/v2\/product_cat?post=24142"},{"taxonomy":"product_tag","embeddable":true,"href":"https:\/\/onderzoekschemicals.com\/et\/wp-json\/wp\/v2\/product_tag?post=24142"}],"curies":[{"name":"t\u00f6\u00f6leht","href":"https:\/\/api.w.org\/{rel}","templated":true}]}}