{"id":24140,"date":"2025-04-13T17:41:08","date_gmt":"2025-04-13T17:41:08","guid":{"rendered":"https:\/\/onderzoekschemicals.com\/?post_type=product&#038;p=24140"},"modified":"2025-10-13T10:29:52","modified_gmt":"2025-10-13T10:29:52","slug":"chem-mist-4f-mph-10-spray","status":"publish","type":"product","link":"https:\/\/onderzoekschemicals.com\/et\/shop\/b2b\/chem-mist-4f-mph-10-spray\/","title":{"rendered":"Keemiline udu 4F-MPH 10% pihusti"},"content":{"rendered":"<h3 data-start=\"688\" data-end=\"712\"><strong data-start=\"692\" data-end=\"712\">Toote \u00fclevaade<\/strong><\/h3>\n<p data-start=\"713\" data-end=\"1201\">Chem-mist 4F-MPH 10% pihusti on <strong data-start=\"747\" data-end=\"793\">t\u00e4ppisvalemiga uurimislahendus<\/strong> kohta <strong data-start=\"798\" data-end=\"833\">4-fluoromet\u00fc\u00fclfenidaat (4F-MPH)<\/strong> kontsentratsioonis 10%. M\u00f5eldud <strong data-start=\"878\" data-end=\"925\">teaduslikel ja anal\u00fc\u00fctilistel eesm\u00e4rkidel<\/strong>, see pakub <strong data-start=\"941\" data-end=\"983\">kontrollitud ja \u00fchtlane doseerimine<\/strong> h\u00f5lpsasti kasutatava pihusti abil \u2013 ideaalne laboritele, mis viivad l\u00e4bi farmakoloogilisi, retseptori- v\u00f5i imendumisuuringuid. 4f mph<br data-start=\"1106\" data-end=\"1109\" \/><em data-start=\"1109\" data-end=\"1201\">(Ainult teaduslikul eesm\u00e4rgil \u2013 ei ole ette n\u00e4htud kasutamiseks inimestel ega loomadel.)<\/em><\/p>\n<hr data-start=\"1203\" data-end=\"1206\" \/>\n<h3 data-start=\"1208\" data-end=\"1239\"><strong data-start=\"1212\" data-end=\"1239\">Peamised omadused<\/strong><\/h3>\n<ul data-start=\"1240\" data-end=\"1675\">\n<li data-start=\"1240\" data-end=\"1319\">\n<p data-start=\"1242\" data-end=\"1319\"><strong data-start=\"1242\" data-end=\"1269\">10% 4F-MPH kontsentratsioon<\/strong> t\u00e4psete ja kontrollitud katsete jaoks<\/p>\n<\/li>\n<li data-start=\"1320\" data-end=\"1382\">\n<p data-start=\"1322\" data-end=\"1382\"><strong data-start=\"1322\" data-end=\"1350\">Ligikaudu 14 mg pihustuse kohta<\/strong> (rohkem kui 70 pihustust pudeli kohta)<\/p>\n<\/li>\n<li data-start=\"1383\" data-end=\"1456\">\n<p data-start=\"1385\" data-end=\"1456\"><strong data-start=\"1385\" data-end=\"1417\">\u201eV\u00e4rske fookus\u201d piparm\u00fcndi aroom<\/strong> mugavaks laborikasutuseks<\/p>\n<\/li>\n<li data-start=\"1457\" data-end=\"1525\">\n<p data-start=\"1459\" data-end=\"1525\"><strong data-start=\"1459\" data-end=\"1486\">Stabiliseeritud valem<\/strong> E1520, NaCl ja puhverkomponentidega<\/p>\n<\/li>\n<li data-start=\"1526\" data-end=\"1591\">\n<p data-start=\"1528\" data-end=\"1591\"><strong data-start=\"1528\" data-end=\"1554\">K\u00f5rge puhtusastmega (&gt;98%)<\/strong>, kinnitatud tarnija testimisega<\/p>\n<\/li>\n<li data-start=\"1592\" data-end=\"1675\">\n<p data-start=\"1594\" data-end=\"1675\"><strong data-start=\"1594\" data-end=\"1627\">Ainult teaduslikuks kasutamiseks<\/strong> \u2013 selgelt m\u00e4rgistatud vastavalt eeskirjadele<\/p>\n<\/li>\n<\/ul>\n<hr data-start=\"1677\" data-end=\"1680\" \/>\n<h3 data-start=\"1682\" data-end=\"1699\"><strong data-start=\"1686\" data-end=\"1699\">Eelised<\/strong><\/h3>\n<p data-start=\"1700\" data-end=\"2020\">\u2705 <strong data-start=\"1702\" data-end=\"1723\">T\u00e4pne annus<\/strong> \u2013 \u00dchtlane pihustusmaht reprodutseeritavate tulemuste saavutamiseks<br data-start=\"1786\" data-end=\"1789\" \/>\u2705 <strong data-start=\"1791\" data-end=\"1819\">Ohutu ja puhas kasutamine<\/strong> \u2013 Puudub kokkupuude pulbriga v\u00f5i saastumise oht<br data-start=\"1868\" data-end=\"1871\" \/>\u2705 <strong data-start=\"1873\" data-end=\"1899\">Parem stabiilsus<\/strong> \u2013 Pikk s\u00e4ilivusaeg (kuni 2 aastat) \u00f5ige ladustamise korral<br data-start=\"1953\" data-end=\"1956\" \/>\u2705 <strong data-start=\"1958\" data-end=\"1975\">Kasutusvalmis<\/strong> \u2013 V\u00e4hendab ettevalmistusaega laboris<\/p>\n<hr data-start=\"2022\" data-end=\"2025\" \/>\n<h3 data-start=\"2027\" data-end=\"2072\"><strong data-start=\"2031\" data-end=\"2072\">Kasutamine (ainult uurimisotstarbel)<\/strong><\/h3>\n<blockquote data-start=\"2073\" data-end=\"2198\">\n<p data-start=\"2075\" data-end=\"2198\">\u26a0\ufe0f Ainult laborikasutuseks. Mitte sisse hingata ega alla neelata. Kandke alati isikukaitsevahendeid (IKV).<\/p>\n<\/blockquote>\n<ol data-start=\"2200\" data-end=\"2403\">\n<li data-start=\"2200\" data-end=\"2263\">\n<p data-start=\"2203\" data-end=\"2263\">Enne esmakordset kasutamist loksutage \u00f5rnalt ja eelsoojendage sprei.<\/p>\n<\/li>\n<li data-start=\"2264\" data-end=\"2331\">\n<p data-start=\"2267\" data-end=\"2331\">Pihustage katseprotokolli kohaselt fikseeritud kauguselt. 4f mph (4,6 km\/h).<\/p>\n<\/li>\n<li data-start=\"2332\" data-end=\"2403\">\n<p data-start=\"2335\" data-end=\"2403\">Sulgege korralikult ja hoidke p\u00fcstises asendis. <strong data-start=\"2375\" data-end=\"2400\">jahedas, pimedas kohas<\/strong>.<\/p>\n<\/li>\n<\/ol>\n<hr data-start=\"2405\" data-end=\"2408\" \/>\n<h3 data-start=\"2410\" data-end=\"2443\"><strong data-start=\"2414\" data-end=\"2443\">Korduma kippuvad k\u00fcsimused (KKK)<\/strong><\/h3>\n<p data-start=\"2445\" data-end=\"2533\"><strong data-start=\"2445\" data-end=\"2484\">1. Kui palju 4F-MPH-d sisaldab iga pihustus?<\/strong><br data-start=\"2484\" data-end=\"2487\" \/>Iga pihusti annab umbes <strong data-start=\"2514\" data-end=\"2523\">14 mg<\/strong> 4F-MPH.<\/p>\n<p data-start=\"2535\" data-end=\"2719\"><strong data-start=\"2535\" data-end=\"2589\">2. Kas see toode sobib inimestele?<\/strong><br data-start=\"2589\" data-end=\"2592\" \/>Ei \u2013 see toode on <strong data-start=\"2613\" data-end=\"2660\">ainult teaduslikuks uurimist\u00f6\u00f6ks<\/strong> ja ei ole ette n\u00e4htud inimeste ega loomade toiduks.<\/p>\n<p data-start=\"2721\" data-end=\"2856\"><strong data-start=\"2721\" data-end=\"2764\">3. Kuidas tuleks spreid s\u00e4ilitada?<\/strong><br data-start=\"2764\" data-end=\"2767\" \/>Hoida tihedalt suletuna, p\u00fcstises asendis ja otsese p\u00e4ikesevalguse eest kaitstult, <strong data-start=\"2830\" data-end=\"2853\">jahedas ja kuivas kohas<\/strong>.<\/p>","protected":false},"excerpt":{"rendered":"<p>Productoverzicht Chem-mist 4F-MPH 10% Spray is een precisie-geformuleerde onderzoeksoplossing met 4-fluoromethylfenidaat (4F-MPH) in een concentratie van 10%. Ontworpen voor wetenschappelijke<\/p>","protected":false},"featured_media":20679,"comment_status":"closed","ping_status":"closed","template":"","meta":[],"product_brand":[],"product_cat":[555],"product_tag":[571,326],"class_list":{"0":"post-24140","1":"product","2":"type-product","3":"status-publish","4":"has-post-thumbnail","6":"product_cat-b2b","7":"product_tag-4f-mph","8":"product_tag-nl","10":"first","11":"instock","12":"taxable","13":"shipping-taxable","14":"purchasable","15":"product-type-variable"},"_links":{"self":[{"href":"https:\/\/onderzoekschemicals.com\/et\/wp-json\/wp\/v2\/product\/24140","targetHints":{"allow":["GET"]}}],"collection":[{"href":"https:\/\/onderzoekschemicals.com\/et\/wp-json\/wp\/v2\/product"}],"about":[{"href":"https:\/\/onderzoekschemicals.com\/et\/wp-json\/wp\/v2\/types\/product"}],"replies":[{"embeddable":true,"href":"https:\/\/onderzoekschemicals.com\/et\/wp-json\/wp\/v2\/comments?post=24140"}],"version-history":[{"count":4,"href":"https:\/\/onderzoekschemicals.com\/et\/wp-json\/wp\/v2\/product\/24140\/revisions"}],"predecessor-version":[{"id":27857,"href":"https:\/\/onderzoekschemicals.com\/et\/wp-json\/wp\/v2\/product\/24140\/revisions\/27857"}],"wp:featuredmedia":[{"embeddable":true,"href":"https:\/\/onderzoekschemicals.com\/et\/wp-json\/wp\/v2\/media\/20679"}],"wp:attachment":[{"href":"https:\/\/onderzoekschemicals.com\/et\/wp-json\/wp\/v2\/media?parent=24140"}],"wp:term":[{"taxonomy":"product_brand","embeddable":true,"href":"https:\/\/onderzoekschemicals.com\/et\/wp-json\/wp\/v2\/product_brand?post=24140"},{"taxonomy":"product_cat","embeddable":true,"href":"https:\/\/onderzoekschemicals.com\/et\/wp-json\/wp\/v2\/product_cat?post=24140"},{"taxonomy":"product_tag","embeddable":true,"href":"https:\/\/onderzoekschemicals.com\/et\/wp-json\/wp\/v2\/product_tag?post=24140"}],"curies":[{"name":"t\u00f6\u00f6leht","href":"https:\/\/api.w.org\/{rel}","templated":true}]}}