{"id":24138,"date":"2025-04-13T17:41:08","date_gmt":"2025-04-13T17:41:08","guid":{"rendered":"https:\/\/onderzoekschemicals.com\/?post_type=product&#038;p=24138"},"modified":"2025-10-13T10:25:12","modified_gmt":"2025-10-13T10:25:12","slug":"chem-mist-2f-dck-30-spray","status":"publish","type":"product","link":"https:\/\/onderzoekschemicals.com\/et\/shop\/b2b\/chem-mist-2f-dck-30-spray\/","title":{"rendered":"Keemiline udu 2F-DCK 30% pihustus"},"content":{"rendered":"<p data-start=\"4763\" data-end=\"5327\">2F-DCK 30% sprei (Vanilla Sky) on t\u00e4ppisvalemiga uurimiskemikaalide lahus, mis on loodud laboratoorseks ja teaduslikuks kasutamiseks. Sprei annab 2-fluorodeskloroketamiini (2F-DCK) kontsentratsioonis 30 % stabiliseeritud vesilahuselises spreibaasis, mis v\u00f5imaldab kontrollitud doseerimist nina kaudu. See uuenduslik manustamiss\u00fcsteem lihtsustab k\u00e4sitsemist, parandab annuse j\u00e4rjepidevust ja optimeerib imendumisprofiile kontrollitud eksperimentaalsetes keskkondades. (Ei ole ette n\u00e4htud inimestele) Chem-mist 2F-DCK 30% sprei<\/p>\n<hr data-start=\"5329\" data-end=\"5332\" \/>\n<h3 data-start=\"5334\" data-end=\"5367\">Peamised omadused<\/h3>\n<ul data-start=\"5368\" data-end=\"6003\">\n<li data-start=\"5368\" data-end=\"5469\">\n<p data-start=\"5370\" data-end=\"5469\"><strong data-start=\"5370\" data-end=\"5398\">K\u00f5rge kontsentratsioon (30 %)<\/strong>Annab v\u00f5imsa annuse 2F-DCK-d kompaktses pihustusvormis.<\/p>\n<\/li>\n<li data-start=\"5470\" data-end=\"5546\">\n<p data-start=\"5472\" data-end=\"5546\"><strong data-start=\"5472\" data-end=\"5504\">Vanilje maitse (\u201cVanilla Sky\u201d)<\/strong>Mahe l\u00f5hn kibeduse varjamiseks.<\/p>\n<\/li>\n<li data-start=\"5547\" data-end=\"5636\">\n<p data-start=\"5549\" data-end=\"5636\"><strong data-start=\"5549\" data-end=\"5580\">Rohkem kui 70 pihustust pudeli kohta<\/strong>Iga s\u00fcstal annab ligikaudu 42 mg 2F-DCK-d \u00fche annuse kohta.<\/p>\n<\/li>\n<li data-start=\"5637\" data-end=\"5776\">\n<p data-start=\"5639\" data-end=\"5776\"><strong data-start=\"5639\" data-end=\"5674\">Stabilisaatoritega formuleeritud<\/strong>Sisaldab lisaaineid nagu E1520, NaCl ja puhvervorme (E150, E339) pH ja stabiilsuse s\u00e4ilitamiseks.<\/p>\n<\/li>\n<li data-start=\"5777\" data-end=\"5928\">\n<p data-start=\"5779\" data-end=\"5928\"><strong data-start=\"5779\" data-end=\"5813\">Pakendatud teaduslikuks kasutamiseks<\/strong>M\u00fc\u00fcgil ja m\u00e4rgistatud ainult teaduslikuks kasutamiseks koos hoiatuste ja s\u00e4ilitusjuhistega.<\/p>\n<\/li>\n<li data-start=\"5929\" data-end=\"6003\">\n<p data-start=\"5931\" data-end=\"6003\"><strong data-start=\"5931\" data-end=\"5958\">K\u00f5rge puhtusastmega (&gt;98 %)<\/strong>Vastavalt tarnija spetsifikatsioonidele. Chem-mist 2F-DCK 30% pihusti<\/p>\n<\/li>\n<\/ul>\n<hr data-start=\"6005\" data-end=\"6008\" \/>\n<h3 data-start=\"6010\" data-end=\"6064\">Kasu (teadus-\/laboratoorseks kasutamiseks)<\/h3>\n<ol data-start=\"6065\" data-end=\"6906\">\n<li data-start=\"6065\" data-end=\"6242\">\n<p data-start=\"6068\" data-end=\"6242\"><strong data-start=\"6068\" data-end=\"6097\">T\u00e4pne annuse kontroll<\/strong><br data-start=\"6097\" data-end=\"6100\" \/>Pihustusformaat v\u00f5imaldab korratavat mikrodoseerimist, v\u00e4hendades pipeteerimise v\u00f5i kaalumisega seotud varieeruvust.<\/p>\n<\/li>\n<li data-start=\"6244\" data-end=\"6429\">\n<p data-start=\"6247\" data-end=\"6429\"><strong data-start=\"6247\" data-end=\"6279\">Paranenud imendumiskineetika<\/strong><br data-start=\"6279\" data-end=\"6282\" \/>Nina limaskesta kaudu imendumine on \u00fcldiselt kiirem kui suukaudne manustamine ja see v\u00f5ib v\u00f5rdlusuuringutes v\u00f5imaldada kiiremat toime algust.<\/p>\n<\/li>\n<li data-start=\"6431\" data-end=\"6604\">\n<p data-start=\"6434\" data-end=\"6604\"><strong data-start=\"6434\" data-end=\"6469\">Lihtne kasutada ja hoiustada<\/strong><br data-start=\"6469\" data-end=\"6472\" \/>Suletud pihusti v\u00e4hendab mahavalgumise, saastumise v\u00f5i oks\u00fcdeerumise ohtu v\u00f5rreldes lahtiste pulbrite v\u00f5i lahtiste vedelikega.<\/p>\n<\/li>\n<li data-start=\"6606\" data-end=\"6777\">\n<p data-start=\"6609\" data-end=\"6777\"><strong data-start=\"6609\" data-end=\"6651\">J\u00e4rjepidev proovi ettevalmistamine<\/strong><br data-start=\"6651\" data-end=\"6654\" \/>Iga k\u00e4ivitus on standardiseeritud, mis toetab m\u00f5\u00f5tmiste vahelist j\u00e4rjepidevust ja eksperimentaalset reprodutseeritavust.<\/p>\n<\/li>\n<li data-start=\"6779\" data-end=\"6906\">\n<p data-start=\"6782\" data-end=\"6906\"><strong data-start=\"6782\" data-end=\"6804\">V\u00e4hem j\u00e4\u00e4tmeid<\/strong><br data-start=\"6804\" data-end=\"6807\" \/>Tavaliselt j\u00e4\u00e4b v\u00e4hem j\u00e4\u00e4ke v\u00f5rreldes v\u00e4hem kontrollitud pealekandmismeetoditega.<\/p>\n<\/li>\n<\/ol>\n<hr data-start=\"6908\" data-end=\"6911\" \/>\n<h3 data-start=\"6913\" data-end=\"6970\">Kasutamine (ainult uurimist\u00f6\u00f6 eesm\u00e4rgil)<\/h3>\n<blockquote data-start=\"6971\" data-end=\"7261\">\n<p data-start=\"6973\" data-end=\"7261\"><strong data-start=\"6973\" data-end=\"7012\">Oluline ohutushoiatus<\/strong>See toode on <strong data-start=\"7029\" data-end=\"7037\">mitte<\/strong> M\u00f5eldud inimtoiduks. Kasutada ainult kontrollitud laborikeskkonnas, koos t\u00e4ielike isikukaitsevahenditega (IKV), v\u00e4ljat\u00f5mbes\u00fcsteemidega ja vastavalt oma asutuse ohutusprotokollidele.<\/p>\n<\/blockquote>\n<ol data-start=\"7263\" data-end=\"8267\">\n<li data-start=\"7263\" data-end=\"7515\">\n<p data-start=\"7266\" data-end=\"7296\"><strong data-start=\"7266\" data-end=\"7294\">Ettevalmistavad kontrollid<\/strong><\/p>\n<ul data-start=\"7300\" data-end=\"7515\">\n<li data-start=\"7300\" data-end=\"7365\">\n<p data-start=\"7302\" data-end=\"7365\">Kontrollige, kas pihusti t\u00f6\u00f6tab (v\u00f5ib olla vajalik eelsoojendada).<\/p>\n<\/li>\n<li data-start=\"7369\" data-end=\"7411\">\n<p data-start=\"7371\" data-end=\"7411\">Kontrollige otsikut ummistuste suhtes.<\/p>\n<\/li>\n<li data-start=\"7415\" data-end=\"7515\">\n<p data-start=\"7417\" data-end=\"7515\">Veenduge, et \u00fcmbritseva \u00f5hu temperatuur vastaks s\u00e4ilitusjuhistele (eelistatavalt jahe ja pime).<\/p>\n<\/li>\n<\/ul>\n<\/li>\n<li data-start=\"7517\" data-end=\"7798\">\n<p data-start=\"7520\" data-end=\"7534\"><strong data-start=\"7520\" data-end=\"7532\">Annustamine<\/strong><\/p>\n<ul data-start=\"7538\" data-end=\"7798\">\n<li data-start=\"7538\" data-end=\"7683\">\n<p data-start=\"7540\" data-end=\"7683\">Asetage otsik pinnast v\u00f5i sihtkohast (in vitro v\u00f5i ex vivo nina limaskest) reprodutseeritavale fikseeritud kaugusele (nt 1\u20132 cm).<\/p>\n<\/li>\n<li data-start=\"7687\" data-end=\"7762\">\n<p data-start=\"7689\" data-end=\"7762\">Vajutage pihustit \u00fcks kord (v\u00f5i mitu korda, olenevalt teie protokollist).<\/p>\n<\/li>\n<li data-start=\"7766\" data-end=\"7798\">\n<p data-start=\"7768\" data-end=\"7798\">Pange t\u00e4hele k\u00e4ivituste arvu.<\/p>\n<\/li>\n<\/ul>\n<\/li>\n<li data-start=\"7800\" data-end=\"8009\">\n<p data-start=\"7803\" data-end=\"7820\"><strong data-start=\"7803\" data-end=\"7818\">P\u00e4rast annuse manustamist<\/strong><\/p>\n<ul data-start=\"7824\" data-end=\"8009\">\n<li data-start=\"7824\" data-end=\"7852\">\n<p data-start=\"7826\" data-end=\"7852\">Pange kork kohe tagasi.<\/p>\n<\/li>\n<li data-start=\"7856\" data-end=\"7914\">\n<p data-start=\"7858\" data-end=\"7914\">Hoida p\u00fcstises asendis jahedas, kuivas ja pimedas kohas.<\/p>\n<\/li>\n<li data-start=\"7918\" data-end=\"8009\">\n<p data-start=\"7920\" data-end=\"8009\">Soovitatava korral loputage otsikut sobiva lahustiga (nt deioniseeritud veega).<\/p>\n<\/li>\n<\/ul>\n<\/li>\n<li data-start=\"8011\" data-end=\"8267\">\n<p data-start=\"8014\" data-end=\"8042\"><strong data-start=\"8014\" data-end=\"8040\">Ohutusmeetmed<\/strong><\/p>\n<ul data-start=\"8046\" data-end=\"8267\">\n<li data-start=\"8046\" data-end=\"8091\">\n<p data-start=\"8048\" data-end=\"8091\">V\u00e4ltida otsest sissehingamist v\u00f5i kokkupuudet nahaga.<\/p>\n<\/li>\n<li data-start=\"8095\" data-end=\"8194\">\n<p data-start=\"8097\" data-end=\"8194\">Naha v\u00f5i silmadega kokkupuutel: loputada veega ja tutvuda ohutuskaardiga (SDS).<\/p>\n<\/li>\n<li data-start=\"8198\" data-end=\"8267\">\n<p data-start=\"8200\" data-end=\"8267\">J\u00e4\u00e4gid k\u00f5rvaldada vastavalt keemiliste j\u00e4\u00e4tmete eeskirjadele.<\/p>\n<\/li>\n<\/ul>\n<\/li>\n<\/ol>\n<hr data-start=\"8269\" data-end=\"8272\" \/>\n<h3 data-start=\"8274\" data-end=\"8305\">Korduma kippuvad k\u00fcsimused (KKK)<\/h3>\n<p data-start=\"8307\" data-end=\"8569\"><strong data-start=\"8307\" data-end=\"8392\">1. Kas Chem-mist 2F-DCK 30% sprei on m\u00f5eldud inimestele v\u00f5i loomadele manustamiseks?<\/strong><br data-start=\"8392\" data-end=\"8395\" \/>Ei. See on rangelt m\u00f5eldud <strong data-start=\"8419\" data-end=\"8450\">ainult uurimisotstarbel<\/strong>Tarnija ja m\u00e4rgistus r\u00f5hutavad, et tegemist ei ole meditsiinitootega ega sobi inimestele.<\/p>\n<p data-start=\"8571\" data-end=\"8726\"><strong data-start=\"8571\" data-end=\"8614\">2. Mitu mg sisaldab \u00fcks pihusti?<\/strong><br data-start=\"8614\" data-end=\"8617\" \/>Tarnija s\u00f5nul annab \u00fcks vajutus umbes <strong data-start=\"8671\" data-end=\"8680\">42 mg<\/strong> 2F-DCK 30 % kontsentratsiooniga ravimvormis.<\/p>\n<p data-start=\"8728\" data-end=\"8963\"><strong data-start=\"8728\" data-end=\"8797\">3. Kuidas tuleks spreid s\u00e4ilitada ja milline on selle s\u00e4ilivusaeg?<\/strong><br data-start=\"8797\" data-end=\"8800\" \/>S\u00e4\u00e4sta a <strong data-start=\"8814\" data-end=\"8839\">jahedas, pimedas kohas<\/strong>, h\u00e4sti suletud. Nendes tingimustes p\u00fcsib see stabiilsena v\u00e4hemalt <strong data-start=\"8922\" data-end=\"8932\">2 aastat<\/strong>, vastavalt tarnija v\u00e4idetele.<\/p>","protected":false},"excerpt":{"rendered":"<p>2F-DCK 30% Spray (Vanilla Sky) is een precisie-geformuleerde onderzoekschemische oplossing, ontworpen voor laboratorium- en wetenschappelijk gebruik. De spray levert 2-fluorodeschloroketamine<\/p>","protected":false},"featured_media":20720,"comment_status":"closed","ping_status":"closed","template":"","meta":[],"product_brand":[],"product_cat":[555],"product_tag":[1096,326],"class_list":{"0":"post-24138","1":"product","2":"type-product","3":"status-publish","4":"has-post-thumbnail","6":"product_cat-b2b","7":"product_tag-chem-mist-2f-dck-30-spray","8":"product_tag-nl","10":"first","11":"instock","12":"taxable","13":"shipping-taxable","14":"purchasable","15":"product-type-variable"},"_links":{"self":[{"href":"https:\/\/onderzoekschemicals.com\/et\/wp-json\/wp\/v2\/product\/24138","targetHints":{"allow":["GET"]}}],"collection":[{"href":"https:\/\/onderzoekschemicals.com\/et\/wp-json\/wp\/v2\/product"}],"about":[{"href":"https:\/\/onderzoekschemicals.com\/et\/wp-json\/wp\/v2\/types\/product"}],"replies":[{"embeddable":true,"href":"https:\/\/onderzoekschemicals.com\/et\/wp-json\/wp\/v2\/comments?post=24138"}],"version-history":[{"count":3,"href":"https:\/\/onderzoekschemicals.com\/et\/wp-json\/wp\/v2\/product\/24138\/revisions"}],"predecessor-version":[{"id":27856,"href":"https:\/\/onderzoekschemicals.com\/et\/wp-json\/wp\/v2\/product\/24138\/revisions\/27856"}],"wp:featuredmedia":[{"embeddable":true,"href":"https:\/\/onderzoekschemicals.com\/et\/wp-json\/wp\/v2\/media\/20720"}],"wp:attachment":[{"href":"https:\/\/onderzoekschemicals.com\/et\/wp-json\/wp\/v2\/media?parent=24138"}],"wp:term":[{"taxonomy":"product_brand","embeddable":true,"href":"https:\/\/onderzoekschemicals.com\/et\/wp-json\/wp\/v2\/product_brand?post=24138"},{"taxonomy":"product_cat","embeddable":true,"href":"https:\/\/onderzoekschemicals.com\/et\/wp-json\/wp\/v2\/product_cat?post=24138"},{"taxonomy":"product_tag","embeddable":true,"href":"https:\/\/onderzoekschemicals.com\/et\/wp-json\/wp\/v2\/product_tag?post=24138"}],"curies":[{"name":"t\u00f6\u00f6leht","href":"https:\/\/api.w.org\/{rel}","templated":true}]}}