{"id":24119,"date":"2025-04-13T17:41:04","date_gmt":"2025-04-13T17:41:04","guid":{"rendered":"https:\/\/onderzoekschemicals.com\/?post_type=product&#038;p=24119"},"modified":"2025-10-14T08:34:47","modified_gmt":"2025-10-14T08:34:47","slug":"rc-metocin-blister","status":"publish","type":"product","link":"https:\/\/onderzoekschemicals.com\/et\/shop\/b2b\/rc-metocin-blister\/","title":{"rendered":"RC+ Metocini blisterpakend"},"content":{"rendered":"<h3 data-start=\"5633\" data-end=\"5654\"><strong data-start=\"5637\" data-end=\"5652\">Sissejuhatus<\/strong><\/h3>\n<p data-start=\"5655\" data-end=\"6097\">See <strong data-start=\"5658\" data-end=\"5681\">RC+ Metocini blisterpakend<\/strong> on professionaalne uurimiskemikaalide preparaat, mis on loodud laboratoorseteks ja anal\u00fc\u00fctilisteks rakendusteks. See sisaldab <strong data-start=\"5803\" data-end=\"5878\">4-h\u00fcdroks\u00fc-N-met\u00fc\u00fcl-N-et\u00fc\u00fcltr\u00fcptamiin (4-HO-MET, tuntud ka kui metotsiin)<\/strong> eraldi suletud pelletites. Need on pakendatud blisterpakendisse (tavaliselt 10 pelletit), et toetada annuse taastamist, saastumise kontrolli ja j\u00e4lgitavat k\u00e4itlemist. metocin<\/p>\n<p data-start=\"6099\" data-end=\"6290\">4-HO-MET on tr\u00fcptamiini\u00fchend, mis on seotud psilotsiiniga ja mida uuritakse serotoniini retseptorite ja ps\u00fchhoaktiivsete ainete farmakoloogias.<\/p>\n<p data-start=\"6292\" data-end=\"6497\">See toode on ette n\u00e4htud ainult kasutamiseks <strong data-start=\"6332\" data-end=\"6346\">laborikasutus<\/strong> \u2014 n\u00e4iteks retseptori sidumise, anal\u00fc\u00fctilise kalibreerimise v\u00f5i struktuuri-aktiivsuse uuringute puhul \u2014 ja on <strong data-start=\"6444\" data-end=\"6496\">ei sobi inimestele ega loomadele kasutamiseks<\/strong>.<\/p>\n<hr data-start=\"6499\" data-end=\"6502\" \/>\n<h3 data-start=\"6504\" data-end=\"6537\"><strong data-start=\"6508\" data-end=\"6535\">Peamised omadused<\/strong><\/h3>\n<ul data-start=\"6538\" data-end=\"7152\">\n<li data-start=\"6538\" data-end=\"6592\">\n<p data-start=\"6540\" data-end=\"6592\"><strong data-start=\"6540\" data-end=\"6557\">Toimeaine:<\/strong> 4-HO-MET (metotsiin) graanulite kujul<\/p>\n<\/li>\n<li data-start=\"6593\" data-end=\"6712\">\n<p data-start=\"6595\" data-end=\"6712\"><strong data-start=\"6595\" data-end=\"6619\">Annus graanuli kohta:<\/strong> Teave <strong data-start=\"6629\" data-end=\"6638\">21 mg<\/strong> (nagu tarnijad on \u00f6elnud)<\/p>\n<\/li>\n<li data-start=\"6713\" data-end=\"6839\">\n<p data-start=\"6715\" data-end=\"6839\"><strong data-start=\"6715\" data-end=\"6743\">K\u00f5rge puhtusastmega (\u2265 98 %)<\/strong>M\u00e4rgistatud kui k\u00f5rge puhtusastmega uurimismaterjal<\/p>\n<\/li>\n<li data-start=\"6840\" data-end=\"6931\">\n<p data-start=\"6842\" data-end=\"6931\"><strong data-start=\"6842\" data-end=\"6864\">Blisterpakend:<\/strong> Iga pellet on saastumise v\u00e4hendamiseks eraldi suletud<\/p>\n<\/li>\n<li data-start=\"6932\" data-end=\"7070\">\n<p data-start=\"6934\" data-end=\"7070\"><strong data-start=\"6934\" data-end=\"6966\">Partii ja seeria j\u00e4lgitavus:<\/strong> Iga blister sisaldab kvaliteedikontrolli identifitseerimiskoode.<\/p>\n<\/li>\n<li data-start=\"7071\" data-end=\"7152\">\n<p data-start=\"7073\" data-end=\"7152\"><strong data-start=\"7073\" data-end=\"7097\">Kompaktne ja kaitstud:<\/strong> Pakend kaitseb valguse, niiskuse ja lagunemise eest<\/p>\n<\/li>\n<\/ul>\n<hr data-start=\"7154\" data-end=\"7157\" \/>\n<h3 data-start=\"7159\" data-end=\"7178\"><strong data-start=\"7163\" data-end=\"7176\">Eelised<\/strong><\/h3>\n<p data-start=\"7179\" data-end=\"7723\">\u2705 <strong data-start=\"7181\" data-end=\"7210\">Reprodutseeritav annus:<\/strong> Iga pellet sisaldab \u00fchtlast, m\u00f5\u00f5detud kogust 4-HO-MET-i, v\u00e4hendades katsete varieeruvust.<br data-start=\"7319\" data-end=\"7322\" \/>\u2705 <strong data-start=\"7324\" data-end=\"7351\">Parem stabiilsus:<\/strong> Blisterpakend kaitseb proovimaterjali keskkonnategurite eest.<br data-start=\"7423\" data-end=\"7426\" \/>\u2705 <strong data-start=\"7428\" data-end=\"7462\">V\u00e4hendatud saastumisoht:<\/strong> \u00dcksikute graanulite tihendamine piirab ristsaastumist.<br data-start=\"7517\" data-end=\"7520\" \/>\u2705 <strong data-start=\"7522\" data-end=\"7548\">Ajas\u00e4\u00e4stlik vorming:<\/strong> Otseselt kasutatav ilma keeruka proovi ettevalmistamise v\u00f5i kaalumiseta.<br data-start=\"7610\" data-end=\"7613\" \/>\u2705 <strong data-start=\"7615\" data-end=\"7657\">Parem dokumentatsioon ja j\u00e4lgitavus:<\/strong> Partiikoodid ja graanulite ID h\u00f5lbustavad haldamist ja auditeid.<\/p>\n<hr data-start=\"7725\" data-end=\"7728\" \/>\n<h3 data-start=\"7730\" data-end=\"7790\"><strong data-start=\"7734\" data-end=\"7788\">Kasutamine (ainult uurimist\u00f6\u00f6ks\/anal\u00fc\u00fcsiks)<\/strong><\/h3>\n<blockquote data-start=\"7791\" data-end=\"7973\">\n<p data-start=\"7793\" data-end=\"7973\">\u26a0\ufe0f <strong data-start=\"7796\" data-end=\"7810\">M\u00e4rkus:<\/strong> See toode on <strong data-start=\"7826\" data-end=\"7869\">MITTE inimestele ega loomadele m\u00f5eldud<\/strong>Kasutada ainult kontrollitud laboritingimustes koos sobivate ohutusvahenditega.<\/p>\n<\/blockquote>\n<ol data-start=\"7975\" data-end=\"9041\">\n<li data-start=\"7975\" data-end=\"8186\">\n<p data-start=\"7978\" data-end=\"8016\"><strong data-start=\"7978\" data-end=\"8014\">Kontrollige blisterit ja graanuleid<\/strong><\/p>\n<ul data-start=\"8020\" data-end=\"8186\">\n<li data-start=\"8020\" data-end=\"8069\">\n<p data-start=\"8022\" data-end=\"8069\">Kontrollige, et blisterpakend oleks terve.<\/p>\n<\/li>\n<li data-start=\"8073\" data-end=\"8118\">\n<p data-start=\"8075\" data-end=\"8118\">V\u00f5rrelge partii numbrit dokumentidega.<\/p>\n<\/li>\n<li data-start=\"8122\" data-end=\"8186\">\n<p data-start=\"8124\" data-end=\"8186\">Kontrollige, et graanulid oleksid kahjustamata ja v\u00e4rvimuutusteta.<\/p>\n<\/li>\n<\/ul>\n<\/li>\n<li data-start=\"8188\" data-end=\"8357\">\n<p data-start=\"8191\" data-end=\"8212\"><strong data-start=\"8191\" data-end=\"8210\">Pelletite ekstraheerimine<\/strong><\/p>\n<ul data-start=\"8216\" data-end=\"8357\">\n<li data-start=\"8216\" data-end=\"8309\">\n<p data-start=\"8218\" data-end=\"8309\">Pigistage steriilsete instrumentide v\u00f5i kinnaste abil \u00f5rnalt \u00fcks pellet blisterpakendist v\u00e4lja.<\/p>\n<\/li>\n<li data-start=\"8313\" data-end=\"8357\">\n<p data-start=\"8315\" data-end=\"8357\">V\u00e4ltida otsest kokkupuudet pinnaga.<\/p>\n<\/li>\n<\/ul>\n<\/li>\n<li data-start=\"8359\" data-end=\"8559\">\n<p data-start=\"8362\" data-end=\"8391\"><strong data-start=\"8362\" data-end=\"8389\">Lahenda \/ Valmista ette<\/strong><\/p>\n<ul data-start=\"8395\" data-end=\"8559\">\n<li data-start=\"8395\" data-end=\"8486\">\n<p data-start=\"8397\" data-end=\"8486\">Lahustage v\u00f5i suspendeerige pellet sobivas lahustis (nt puhverlahus, etanool, vesi).<\/p>\n<\/li>\n<li data-start=\"8490\" data-end=\"8559\">\n<p data-start=\"8492\" data-end=\"8559\">Sega \u00f5rnalt, kuni see on t\u00e4ielikult lahustunud ja \u00fchtlaselt jaotunud.<\/p>\n<\/li>\n<\/ul>\n<\/li>\n<li data-start=\"8561\" data-end=\"8795\">\n<p data-start=\"8564\" data-end=\"8594\"><strong data-start=\"8564\" data-end=\"8592\">Eksperimentaalne rakendus<\/strong><\/p>\n<ul data-start=\"8598\" data-end=\"8795\">\n<li data-start=\"8598\" data-end=\"8716\">\n<p data-start=\"8600\" data-end=\"8716\">Kasutage valmistatud lahust kromatograafias, seondumistestides, retseptoriuuringutes v\u00f5i muudes lubatud meetodites.<\/p>\n<\/li>\n<li data-start=\"8720\" data-end=\"8795\">\n<p data-start=\"8722\" data-end=\"8795\">Salvesta pelleti ID, kontsentratsioon, lahustunud maht ja k\u00f5ik olulised parameetrid.<\/p>\n<\/li>\n<\/ul>\n<\/li>\n<li data-start=\"8797\" data-end=\"9041\">\n<p data-start=\"8800\" data-end=\"8827\"><strong data-start=\"8800\" data-end=\"8825\">Ladustamine ja eemaldamine<\/strong><\/p>\n<ul data-start=\"8831\" data-end=\"9041\">\n<li data-start=\"8831\" data-end=\"8882\">\n<p data-start=\"8833\" data-end=\"8882\">Pange kasutamata pelletid tagasi blistrisse.<\/p>\n<\/li>\n<li data-start=\"8886\" data-end=\"8949\">\n<p data-start=\"8888\" data-end=\"8949\">Hoida p\u00fcstises asendis <strong data-start=\"8910\" data-end=\"8937\">jahe, pime ja kuiv<\/strong> keskkond.<\/p>\n<\/li>\n<li data-start=\"8953\" data-end=\"9041\">\n<p data-start=\"8955\" data-end=\"9041\">Kasutatud graanulid, lahustid ja pakendid utiliseerida vastavalt keemiliste j\u00e4\u00e4tmete eeskirjadele.<\/p>\n<\/li>\n<\/ul>\n<\/li>\n<\/ol>\n<hr data-start=\"9043\" data-end=\"9046\" \/>\n<h3 data-start=\"9048\" data-end=\"9083\"><strong data-start=\"9052\" data-end=\"9081\">Korduma kippuvad k\u00fcsimused (KKK)<\/strong><\/h3>\n<p data-start=\"9085\" data-end=\"9354\"><strong data-start=\"9085\" data-end=\"9118\">1. Mis on 4-HO-MET (metotsiin)?<\/strong><br data-start=\"9118\" data-end=\"9121\" \/>4-HO-MET (4-h\u00fcdroks\u00fc-N-met\u00fc\u00fcl-N-et\u00fc\u00fcltr\u00fcptamiin), tuntud ka kui metotsiin, on psilotsiiniga seotud ps\u00fchhoaktiivne tr\u00fcptamiini analoog, mida kasutatakse serotoniini retseptorite farmakoloogilises uuringus.<\/p>\n<p data-start=\"9356\" data-end=\"9535\"><strong data-start=\"9356\" data-end=\"9413\">2. Mitu mg sisaldab iga Metocini blistris olev pellet?<\/strong><br data-start=\"9413\" data-end=\"9416\" \/>Tarnija teabe kohaselt sisaldab iga pellet umbes <strong data-start=\"9474\" data-end=\"9483\">21 mg<\/strong> 4-HO-MET.<\/p>\n<p data-start=\"9537\" data-end=\"9741\"><strong data-start=\"9537\" data-end=\"9619\">3. Kas RC+ Metocin Blisterit saab kasutada inimestel v\u00f5i loomadel?<\/strong><br data-start=\"9619\" data-end=\"9622\" \/>Ei. Toode on m\u00e4rgistatud kui <strong data-start=\"9655\" data-end=\"9680\">ainult uurimist\u00f6\u00f6ks<\/strong>ja on <strong data-start=\"9688\" data-end=\"9704\">pole ette n\u00e4htud<\/strong> kasutamiseks inimestel v\u00f5i loomadel.<\/p>\n<p>&nbsp;<\/p>","protected":false},"excerpt":{"rendered":"<p><span style=\"vertical-align: inherit;\"><span style=\"vertical-align: inherit;\"><span dir=\"auto\" style=\"vertical-align: inherit;\"><span dir=\"auto\" style=\"vertical-align: inherit;\"><span dir=\"auto\" style=\"vertical-align: inherit;\"><span dir=\"auto\" style=\"vertical-align: inherit;\">CASi number: 77872-41-4 <\/span><\/span><\/span><\/span><\/span><\/span><br \/>\n<span style=\"vertical-align: inherit;\"><span style=\"vertical-align: inherit;\"><span dir=\"auto\" style=\"vertical-align: inherit;\"><span dir=\"auto\" style=\"vertical-align: inherit;\"><span dir=\"auto\" style=\"vertical-align: inherit;\"><span dir=\"auto\" style=\"vertical-align: inherit;\">Valem: C13H18N2O <\/span><\/span><\/span><\/span><\/span><\/span><br \/>\n<span style=\"vertical-align: inherit;\"><span style=\"vertical-align: inherit;\"><span dir=\"auto\" style=\"vertical-align: inherit;\"><span dir=\"auto\" style=\"vertical-align: inherit;\"><span dir=\"auto\" style=\"vertical-align: inherit;\"><span dir=\"auto\" style=\"vertical-align: inherit;\">Molaarmass: 218,3 g\/mol <\/span><\/span><\/span><\/span><\/span><\/span><br \/>\n<span style=\"vertical-align: inherit;\"><span style=\"vertical-align: inherit;\"><span dir=\"auto\" style=\"vertical-align: inherit;\"><span dir=\"auto\" style=\"vertical-align: inherit;\"><span dir=\"auto\" style=\"vertical-align: inherit;\"><span dir=\"auto\" style=\"vertical-align: inherit;\">Puhtus: \u226598%<\/span><\/span><\/span><\/span><\/span><\/span><\/p>","protected":false},"featured_media":21164,"comment_status":"closed","ping_status":"closed","template":"","meta":[],"product_brand":[],"product_cat":[555],"product_tag":[636,635,326],"class_list":{"0":"post-24119","1":"product","2":"type-product","3":"status-publish","4":"has-post-thumbnail","6":"product_cat-b2b","7":"product_tag-metocin","8":"product_tag-metocin-kopen","9":"product_tag-nl","11":"first","12":"instock","13":"taxable","14":"shipping-taxable","15":"purchasable","16":"product-type-variable"},"_links":{"self":[{"href":"https:\/\/onderzoekschemicals.com\/et\/wp-json\/wp\/v2\/product\/24119","targetHints":{"allow":["GET"]}}],"collection":[{"href":"https:\/\/onderzoekschemicals.com\/et\/wp-json\/wp\/v2\/product"}],"about":[{"href":"https:\/\/onderzoekschemicals.com\/et\/wp-json\/wp\/v2\/types\/product"}],"replies":[{"embeddable":true,"href":"https:\/\/onderzoekschemicals.com\/et\/wp-json\/wp\/v2\/comments?post=24119"}],"version-history":[{"count":5,"href":"https:\/\/onderzoekschemicals.com\/et\/wp-json\/wp\/v2\/product\/24119\/revisions"}],"predecessor-version":[{"id":26511,"href":"https:\/\/onderzoekschemicals.com\/et\/wp-json\/wp\/v2\/product\/24119\/revisions\/26511"}],"wp:featuredmedia":[{"embeddable":true,"href":"https:\/\/onderzoekschemicals.com\/et\/wp-json\/wp\/v2\/media\/21164"}],"wp:attachment":[{"href":"https:\/\/onderzoekschemicals.com\/et\/wp-json\/wp\/v2\/media?parent=24119"}],"wp:term":[{"taxonomy":"product_brand","embeddable":true,"href":"https:\/\/onderzoekschemicals.com\/et\/wp-json\/wp\/v2\/product_brand?post=24119"},{"taxonomy":"product_cat","embeddable":true,"href":"https:\/\/onderzoekschemicals.com\/et\/wp-json\/wp\/v2\/product_cat?post=24119"},{"taxonomy":"product_tag","embeddable":true,"href":"https:\/\/onderzoekschemicals.com\/et\/wp-json\/wp\/v2\/product_tag?post=24119"}],"curies":[{"name":"t\u00f6\u00f6leht","href":"https:\/\/api.w.org\/{rel}","templated":true}]}}