{"id":24111,"date":"2025-04-13T17:41:04","date_gmt":"2025-04-13T17:41:04","guid":{"rendered":"https:\/\/onderzoekschemicals.com\/?post_type=product&#038;p=24111"},"modified":"2025-10-14T07:59:11","modified_gmt":"2025-10-14T07:59:11","slug":"2-fea-3-fea","status":"publish","type":"product","link":"https:\/\/onderzoekschemicals.com\/et\/shop\/b2b\/2-fea-3-fea\/","title":{"rendered":"RC+ Newphoria villid"},"content":{"rendered":"<h3 data-start=\"5056\" data-end=\"5077\"><strong data-start=\"5060\" data-end=\"5075\">Sissejuhatus<\/strong><\/h3>\n<p data-start=\"5078\" data-end=\"5387\">See <strong data-start=\"5081\" data-end=\"5106\">RC+ Newphoria villid<\/strong> on k\u00f5rge kvaliteediga <strong data-start=\"5127\" data-end=\"5152\">uurimisformulatsioon<\/strong>, mis on spetsiaalselt v\u00e4lja t\u00f6\u00f6tatud professionaalseteks labori- ja anal\u00fc\u00fctilisteks uuringuteks. Iga blister sisaldab <strong data-start=\"5251\" data-end=\"5288\">10 eraldi suletud pelletit<\/strong>, mis on loodud <strong data-start=\"5305\" data-end=\"5384\">t\u00e4pne doseerimine, j\u00e4rjepidevad tulemused ja saastevaba k\u00e4sitsemine<\/strong>2 fea 3 fea<\/p>\n<p data-start=\"5389\" data-end=\"5687\">Kontrollitud kombinatsiooniga <strong data-start=\"5427\" data-end=\"5477\">2-FEA ja 3-FEA (fluoroetamfetamiini isomeerid)<\/strong> Kas see toode sobib ideaalselt <strong data-start=\"5505\" data-end=\"5567\">farmakoloogilised, retseptori- ja anal\u00fc\u00fctilised keemilised uuringud<\/strong>Blisterpakend garanteerib <strong data-start=\"5601\" data-end=\"5651\">stabiilsus, j\u00e4lgitavus ja ohutu ladustamine<\/strong> laboritingimustes.<\/p>\n<p data-start=\"5689\" data-end=\"5804\"><em data-start=\"5689\" data-end=\"5804\">(See toode on m\u00f5eldud ainult teaduslikuks kasutamiseks. Ei sobi kasutamiseks inimestele ega loomadele.)<\/em><\/p>\n<hr data-start=\"5806\" data-end=\"5809\" \/>\n<h3 data-start=\"5811\" data-end=\"5844\"><strong data-start=\"5815\" data-end=\"5842\">Peamised omadused<\/strong><\/h3>\n<ul data-start=\"5845\" data-end=\"6426\">\n<li data-start=\"5845\" data-end=\"5952\">\n<p data-start=\"5847\" data-end=\"5952\"><strong data-start=\"5847\" data-end=\"5873\">2\/3-FEA koostis:<\/strong> Sisaldab v\u00f5rdleva uurimist\u00f6\u00f6 jaoks kontrollitud 2-FEA ja 3-FEA segu.<\/p>\n<\/li>\n<li data-start=\"5953\" data-end=\"6043\">\n<p data-start=\"5955\" data-end=\"6043\"><strong data-start=\"5955\" data-end=\"5982\">K\u00f5rge puhtusaste (\u226598%):<\/strong> Laboratoorne kvaliteet, kinnitatud tarnija anal\u00fc\u00fcsiga.<\/p>\n<\/li>\n<li data-start=\"6044\" data-end=\"6149\">\n<p data-start=\"6046\" data-end=\"6149\"><strong data-start=\"6046\" data-end=\"6084\">10 eraldi suletud graanulit:<\/strong> Iga pellet on maksimaalse terviklikkuse tagamiseks eraldi pakendatud.<\/p>\n<\/li>\n<li data-start=\"6150\" data-end=\"6238\">\n<p data-start=\"6152\" data-end=\"6238\"><strong data-start=\"6152\" data-end=\"6174\">Blisterpakend:<\/strong> Lihtne k\u00e4sitseda ja kaitseb keskkonnategurite eest.<\/p>\n<\/li>\n<li data-start=\"6239\" data-end=\"6341\">\n<p data-start=\"6241\" data-end=\"6341\"><strong data-start=\"6241\" data-end=\"6273\">Partii ja seeria j\u00e4lgitavus:<\/strong> Igal pakendil on dokumenteerimiseks unikaalne identifitseerimisnumber.<\/p>\n<\/li>\n<li data-start=\"6342\" data-end=\"6426\">\n<p data-start=\"6344\" data-end=\"6426\"><strong data-start=\"6344\" data-end=\"6375\">\u00dchtlane kuju ja kaal:<\/strong> Tagab uurimistulemuste reprodutseeritavuse.<\/p>\n<\/li>\n<\/ul>\n<hr data-start=\"6428\" data-end=\"6431\" \/>\n<h3 data-start=\"6433\" data-end=\"6481\"><strong data-start=\"6437\" data-end=\"6479\">Kasu (laboratoorsete uuringute jaoks)<\/strong><\/h3>\n<p data-start=\"6482\" data-end=\"6577\">\u2705 <strong data-start=\"6484\" data-end=\"6514\">T\u00e4psus ja t\u00f6\u00f6kindlus<\/strong> \u2013 Iga pellet annab t\u00e4pse annuse j\u00e4rjepidevate andmete saamiseks.<\/p>\n<p data-start=\"6579\" data-end=\"6668\">\u2705 <strong data-start=\"6581\" data-end=\"6606\">T\u00e4iustatud ohutus<\/strong> \u2013 Individuaalne pakendamine hoiab \u00e4ra saastumise ja lagunemise.<\/p>\n<p data-start=\"6670\" data-end=\"6764\">\u2705 <strong data-start=\"6672\" data-end=\"6698\">Kiiremad t\u00f6\u00f6protsessid<\/strong> \u2013 Kasutusvalmis, kaalumist ega t\u00e4iendavat ettevalmistust pole vaja.<\/p>\n<p data-start=\"6766\" data-end=\"6851\">\u2705 <strong data-start=\"6768\" data-end=\"6790\">Pikk s\u00e4ilivusaeg<\/strong> \u2013 Kaitsev pakend s\u00e4ilitab puhtuse ja stabiilsuse.<\/p>\n<p data-start=\"6853\" data-end=\"6959\">\u2705 <strong data-start=\"6855\" data-end=\"6882\">Lihtne dokumentatsioon<\/strong> \u2013 Partiikoodid v\u00f5imaldavad lihtsat j\u00e4lgitavust ja kvaliteedikontrolli.<\/p>\n<hr data-start=\"6961\" data-end=\"6964\" \/>\n<h3 data-start=\"6966\" data-end=\"7018\"><strong data-start=\"6970\" data-end=\"7016\">Kasutamine (ainult uurimist\u00f6\u00f6 eesm\u00e4rgil)<\/strong><\/h3>\n<blockquote data-start=\"7019\" data-end=\"7204\">\n<p data-start=\"7021\" data-end=\"7204\">\u26a0\ufe0f <strong data-start=\"7024\" data-end=\"7039\">T\u00e4htis:<\/strong> RC+ Newphoria Blister on ette n\u00e4htud ainult teaduslikuks ja anal\u00fc\u00fctiliseks uurimist\u00f6\u00f6ks. Kandke alati isikukaitsevahendeid ja j\u00e4rgige labori ohutusjuhiseid.<\/p>\n<\/blockquote>\n<ol data-start=\"7206\" data-end=\"7975\">\n<li data-start=\"7206\" data-end=\"7322\">\n<p data-start=\"7209\" data-end=\"7224\"><strong data-start=\"7209\" data-end=\"7222\">Kontroll<\/strong><\/p>\n<ul data-start=\"7228\" data-end=\"7322\">\n<li data-start=\"7228\" data-end=\"7276\">\n<p data-start=\"7230\" data-end=\"7276\">Kontrollige pakendit ja partiinumbrit.<\/p>\n<\/li>\n<li data-start=\"7280\" data-end=\"7322\">\n<p data-start=\"7282\" data-end=\"7322\">Veenduge, et graanulid oleksid kahjustamata.<\/p>\n<\/li>\n<\/ul>\n<\/li>\n<li data-start=\"7324\" data-end=\"7463\">\n<p data-start=\"7327\" data-end=\"7351\"><strong data-start=\"7327\" data-end=\"7349\">Pelletite eemaldamine<\/strong><\/p>\n<ul data-start=\"7355\" data-end=\"7463\">\n<li data-start=\"7355\" data-end=\"7428\">\n<p data-start=\"7357\" data-end=\"7428\">Pigistage steriilsete vahenditega ettevaatlikult \u00fcks pellet blistrist v\u00e4lja.<\/p>\n<\/li>\n<li data-start=\"7432\" data-end=\"7463\">\n<p data-start=\"7434\" data-end=\"7463\">V\u00e4ltida otsest kokkupuudet nahaga.<\/p>\n<\/li>\n<\/ul>\n<\/li>\n<li data-start=\"7465\" data-end=\"7640\">\n<p data-start=\"7468\" data-end=\"7494\"><strong data-start=\"7468\" data-end=\"7492\">Proovi ettevalmistamine<\/strong><\/p>\n<ul data-start=\"7498\" data-end=\"7640\">\n<li data-start=\"7498\" data-end=\"7594\">\n<p data-start=\"7500\" data-end=\"7594\">Lahustage pellet sobivas lahustis (nt etanool, destilleeritud vesi v\u00f5i puhverlahus).<\/p>\n<\/li>\n<li data-start=\"7598\" data-end=\"7640\">\n<p data-start=\"7600\" data-end=\"7640\">Sega \u00f5rnalt, kuni see on t\u00e4ielikult lahustunud.<\/p>\n<\/li>\n<\/ul>\n<\/li>\n<li data-start=\"7642\" data-end=\"7797\">\n<p data-start=\"7645\" data-end=\"7674\"><strong data-start=\"7645\" data-end=\"7672\">Kasutamine katsetes<\/strong><\/p>\n<ul data-start=\"7678\" data-end=\"7797\">\n<li data-start=\"7678\" data-end=\"7743\">\n<p data-start=\"7680\" data-end=\"7743\">Kasutamine anal\u00fc\u00fctilistes, retseptor- v\u00f5i farmakoloogilistes uuringutes.<\/p>\n<\/li>\n<li data-start=\"7747\" data-end=\"7797\">\n<p data-start=\"7749\" data-end=\"7797\">Kirjutage \u00fcles pelleti ID, kontsentratsioon ja lahustunud maht.<\/p>\n<\/li>\n<\/ul>\n<\/li>\n<li data-start=\"7799\" data-end=\"7975\">\n<p data-start=\"7802\" data-end=\"7829\"><strong data-start=\"7802\" data-end=\"7827\">Ladustamine ja eemaldamine<\/strong><\/p>\n<ul data-start=\"7833\" data-end=\"7975\">\n<li data-start=\"7833\" data-end=\"7908\">\n<p data-start=\"7835\" data-end=\"7908\">Hoidke kasutamata graanuleid <strong data-start=\"7869\" data-end=\"7896\">jahe, pime ja kuiv<\/strong> keskkond.<\/p>\n<\/li>\n<li data-start=\"7912\" data-end=\"7975\">\n<p data-start=\"7914\" data-end=\"7975\">J\u00e4\u00e4tmed tuleb k\u00f5rvaldada vastavalt kemikaaliohutuse eeskirjadele. 2 fea 3 fea<\/p>\n<\/li>\n<\/ul>\n<\/li>\n<\/ol>\n<hr data-start=\"7977\" data-end=\"7980\" \/>\n<h3 data-start=\"7982\" data-end=\"8017\"><strong data-start=\"7986\" data-end=\"8015\">Korduma kippuvad k\u00fcsimused (KKK)<\/strong><\/h3>\n<p data-start=\"8019\" data-end=\"8189\"><strong data-start=\"8019\" data-end=\"8058\">1. Mida RC+ Newphoria Blister sisaldab?<\/strong><br data-start=\"8058\" data-end=\"8061\" \/>Iga blister sisaldab <strong data-start=\"8080\" data-end=\"8104\">10 uurimisgraanulit<\/strong> koos kombinatsiooniga <strong data-start=\"8128\" data-end=\"8146\">2-FEA ja 3-FEA<\/strong>, ainult laborikatseteks.<\/p>\n<p data-start=\"8191\" data-end=\"8345\"><strong data-start=\"8191\" data-end=\"8239\">2. Milline on \u00fchendite puhtusaste?<\/strong><br data-start=\"8239\" data-end=\"8242\" \/>Tarnija garanteerib, et <strong data-start=\"8272\" data-end=\"8295\">puhtus \u226598%<\/strong>, mis tagab usaldusv\u00e4\u00e4rsuse ja j\u00e4rjepidevuse.<\/p>\n<p data-start=\"8347\" data-end=\"8559\"><strong data-start=\"8347\" data-end=\"8431\">3. Kas RC+ Newphoria Blisterit saab kasutada inimestel v\u00f5i loomadel?<\/strong><br data-start=\"8431\" data-end=\"8434\" \/>Ei \u2013 see toode on <strong data-start=\"8455\" data-end=\"8504\">m\u00f5eldud ainult teaduslikuks otstarbeks<\/strong> ja <strong data-start=\"8508\" data-end=\"8556\">mitte inimtoiduks ega loomade toiduks<\/strong>.<\/p>","protected":false},"excerpt":{"rendered":"<p><strong>CAS-number<\/strong>: 1780004-19-4<br \/>\n<strong>Valem<\/strong>C11H16FN<br \/>\n<strong>Molaarmass<\/strong>181,25 g\/mol<br \/>\n<strong>Puhtus<\/strong>: \u226598%<\/p>","protected":false},"featured_media":21160,"comment_status":"closed","ping_status":"closed","template":"","meta":[],"product_brand":[82],"product_cat":[555],"product_tag":[757,755,753,756,326],"class_list":{"0":"post-24111","1":"product","2":"type-product","3":"status-publish","4":"has-post-thumbnail","6":"product_brand-research-chemical","7":"product_cat-b2b","8":"product_tag-2-3-fea-ervaringen","9":"product_tag-2-fea-3-fea","10":"product_tag-2-3-fea-pellets","11":"product_tag-2-3-fea","12":"product_tag-nl","14":"first","15":"instock","16":"taxable","17":"shipping-taxable","18":"purchasable","19":"product-type-variable"},"_links":{"self":[{"href":"https:\/\/onderzoekschemicals.com\/et\/wp-json\/wp\/v2\/product\/24111","targetHints":{"allow":["GET"]}}],"collection":[{"href":"https:\/\/onderzoekschemicals.com\/et\/wp-json\/wp\/v2\/product"}],"about":[{"href":"https:\/\/onderzoekschemicals.com\/et\/wp-json\/wp\/v2\/types\/product"}],"replies":[{"embeddable":true,"href":"https:\/\/onderzoekschemicals.com\/et\/wp-json\/wp\/v2\/comments?post=24111"}],"version-history":[{"count":4,"href":"https:\/\/onderzoekschemicals.com\/et\/wp-json\/wp\/v2\/product\/24111\/revisions"}],"predecessor-version":[{"id":27876,"href":"https:\/\/onderzoekschemicals.com\/et\/wp-json\/wp\/v2\/product\/24111\/revisions\/27876"}],"wp:featuredmedia":[{"embeddable":true,"href":"https:\/\/onderzoekschemicals.com\/et\/wp-json\/wp\/v2\/media\/21160"}],"wp:attachment":[{"href":"https:\/\/onderzoekschemicals.com\/et\/wp-json\/wp\/v2\/media?parent=24111"}],"wp:term":[{"taxonomy":"product_brand","embeddable":true,"href":"https:\/\/onderzoekschemicals.com\/et\/wp-json\/wp\/v2\/product_brand?post=24111"},{"taxonomy":"product_cat","embeddable":true,"href":"https:\/\/onderzoekschemicals.com\/et\/wp-json\/wp\/v2\/product_cat?post=24111"},{"taxonomy":"product_tag","embeddable":true,"href":"https:\/\/onderzoekschemicals.com\/et\/wp-json\/wp\/v2\/product_tag?post=24111"}],"curies":[{"name":"t\u00f6\u00f6leht","href":"https:\/\/api.w.org\/{rel}","templated":true}]}}