{"id":24107,"date":"2025-04-13T17:41:04","date_gmt":"2025-04-13T17:41:04","guid":{"rendered":"https:\/\/onderzoekschemicals.com\/?post_type=product&#038;p=24107"},"modified":"2025-10-14T07:55:35","modified_gmt":"2025-10-14T07:55:35","slug":"rc-maxtc-blister","status":"publish","type":"product","link":"https:\/\/onderzoekschemicals.com\/et\/shop\/b2b\/rc-maxtc-blister\/","title":{"rendered":"RC+ MaXTC blisterpakend"},"content":{"rendered":"<h3 data-start=\"5023\" data-end=\"5044\"><strong data-start=\"5027\" data-end=\"5042\">Sissejuhatus<\/strong><\/h3>\n<p data-start=\"5045\" data-end=\"5340\">See <strong data-start=\"5048\" data-end=\"5069\">RC+ MaXTC blisterpakend<\/strong> on <strong data-start=\"5077\" data-end=\"5115\">kvaliteetne uurimisformulatsioon<\/strong> V\u00e4lja t\u00f6\u00f6tatud t\u00e4iustatud anal\u00fc\u00fctiliste ja teaduslike rakenduste jaoks. Iga blister sisaldab eraldi suletud graanuleid, mis on m\u00f5eldud <strong data-start=\"5258\" data-end=\"5337\">t\u00e4pne doseerimine, parem stabiilsus ja saastumisevaba k\u00e4sitsemine<\/strong>.<\/p>\n<p data-start=\"5342\" data-end=\"5536\">Kombinatsioon <strong data-start=\"5360\" data-end=\"5391\">5-MAPB, 4-FMA ja 5-MeO-MiPT<\/strong> muudab selle toote eriti sobivaks uurimiseks <strong data-start=\"5449\" data-end=\"5533\">farmakoloogilised koostoimed, retseptoritega seondumise ja molekulaarsed v\u00f5rdlusuuringud<\/strong>.<\/p>\n<p data-start=\"5538\" data-end=\"5653\">Blisterpakend tagab t\u00f6\u00f6kindluse, j\u00e4lgitavuse ja mugavuse professionaalsetes laborites kasutamiseks.<\/p>\n<p data-start=\"5655\" data-end=\"5766\"><em data-start=\"5655\" data-end=\"5766\">(See toode on m\u00f5eldud ainult teaduslikuks kasutamiseks. Mitte inimtoiduks ega loomade toiduks.)<\/em><\/p>\n<hr data-start=\"5768\" data-end=\"5771\" \/>\n<h3 data-start=\"5773\" data-end=\"5806\"><strong data-start=\"5777\" data-end=\"5804\">Peamised omadused<\/strong><\/h3>\n<ul data-start=\"5807\" data-end=\"6395\">\n<li data-start=\"5807\" data-end=\"5928\">\n<p data-start=\"5809\" data-end=\"5928\"><strong data-start=\"5809\" data-end=\"5832\">Mitmekomponentne segu:<\/strong> Iga pellet sisaldab t\u00e4pselt tasakaalustatud kombinatsiooni 5-MAPB-st, 4-FMA-st ja 5-MeO-MiPT-st.<\/p>\n<\/li>\n<li data-start=\"5929\" data-end=\"6034\">\n<p data-start=\"5931\" data-end=\"6034\"><strong data-start=\"5931\" data-end=\"5955\">T\u00e4pne koostis:<\/strong> V\u00e4lja t\u00f6\u00f6tatud kontrollitud katsete jaoks, millel on \u00fchtlane koostis.<\/p>\n<\/li>\n<li data-start=\"6035\" data-end=\"6137\">\n<p data-start=\"6037\" data-end=\"6137\"><strong data-start=\"6037\" data-end=\"6059\">Blisterpakend:<\/strong> Iga pellet on optimaalse stabiilsuse ja ohutuse tagamiseks eraldi suletud.<\/p>\n<\/li>\n<li data-start=\"6138\" data-end=\"6236\">\n<p data-start=\"6140\" data-end=\"6236\"><strong data-start=\"6140\" data-end=\"6158\">Kasutusmugavus:<\/strong> Lihtne eemaldada t\u00e4pseks doseerimiseks ja proovi ettevalmistamiseks.<\/p>\n<\/li>\n<li data-start=\"6237\" data-end=\"6334\">\n<p data-start=\"6239\" data-end=\"6334\"><strong data-start=\"6239\" data-end=\"6258\">Partii numeratsioon:<\/strong> Varustatud unikaalse partiikoodiga kvaliteedi tagamiseks ja j\u00e4lgitavuse tagamiseks.<\/p>\n<\/li>\n<li data-start=\"6335\" data-end=\"6395\">\n<p data-start=\"6337\" data-end=\"6395\"><strong data-start=\"6337\" data-end=\"6348\">Sisu:<\/strong> Iga blister sisaldab <strong data-start=\"6368\" data-end=\"6392\">10 uurimisgraanulit<\/strong>.<\/p>\n<\/li>\n<\/ul>\n<hr data-start=\"6397\" data-end=\"6400\" \/>\n<h3 data-start=\"6402\" data-end=\"6421\"><strong data-start=\"6406\" data-end=\"6419\">Eelised<\/strong><\/h3>\n<p data-start=\"6422\" data-end=\"6518\">\u2705 <strong data-start=\"6424\" data-end=\"6450\">J\u00e4rjepidevad tulemused<\/strong> \u2013 Iga pellet annab usaldusv\u00e4\u00e4rseid ja reprodutseeritavaid uurimisandmeid.<\/p>\n<p data-start=\"6520\" data-end=\"6618\">\u2705 <strong data-start=\"6522\" data-end=\"6544\">Parem stabiilsus<\/strong> \u2013 \u00d5hu- ja niiskuskindel pakend hoiab \u00e4ra \u00fchendite lagunemise.<\/p>\n<p data-start=\"6620\" data-end=\"6702\">\u2705 <strong data-start=\"6622\" data-end=\"6644\">Kiirem t\u00f6\u00f6protsess<\/strong> \u2013 Eelnevalt m\u00f5\u00f5detud graanulid s\u00e4\u00e4stavad ettevalmistusaega.<\/p>\n<p data-start=\"6704\" data-end=\"6780\">\u2705 <strong data-start=\"6706\" data-end=\"6729\">Ohutum kasutada<\/strong> \u2013 \u00dcksikud \u00f5\u00f5nsused piiravad saastumisohtu.<\/p>\n<p data-start=\"6782\" data-end=\"6896\">\u2705 <strong data-start=\"6784\" data-end=\"6823\">Ideaalne v\u00f5rdleva uurimist\u00f6\u00f6 jaoks<\/strong> \u2013 Toetab uuringuid \u00fchendite s\u00fcnergia v\u00f5i interaktsiooni kohta.<\/p>\n<hr data-start=\"6898\" data-end=\"6901\" \/>\n<h3 data-start=\"6903\" data-end=\"6966\"><strong data-start=\"6907\" data-end=\"6964\">Kasutusjuhend (ainult teaduslikuks otstarbeks)<\/strong><\/h3>\n<blockquote data-start=\"6967\" data-end=\"7143\">\n<p data-start=\"6969\" data-end=\"7143\">\u26a0\ufe0f <strong data-start=\"6972\" data-end=\"6987\">T\u00e4htis:<\/strong> RC+ MaXTC Blister ei ole m\u00f5eldud inimestele ega loomadele. Kandke alati kindaid ja isikukaitsevahendeid ning t\u00f6\u00f6tage vastavalt labori ohutusjuhistele.<\/p>\n<\/blockquote>\n<ol data-start=\"7145\" data-end=\"8004\">\n<li data-start=\"7145\" data-end=\"7268\">\n<p data-start=\"7148\" data-end=\"7163\"><strong data-start=\"7148\" data-end=\"7161\">Kontroll<\/strong><\/p>\n<ul data-start=\"7167\" data-end=\"7268\">\n<li data-start=\"7167\" data-end=\"7212\">\n<p data-start=\"7169\" data-end=\"7212\">Kontrollige blistrit ja partii numbrit.<\/p>\n<\/li>\n<li data-start=\"7216\" data-end=\"7268\">\n<p data-start=\"7218\" data-end=\"7268\">Veenduge, et graanulid on terved ja kahjustamata.<\/p>\n<\/li>\n<\/ul>\n<\/li>\n<li data-start=\"7270\" data-end=\"7408\">\n<p data-start=\"7273\" data-end=\"7297\"><strong data-start=\"7273\" data-end=\"7295\">Pelletite eemaldamine<\/strong><\/p>\n<ul data-start=\"7301\" data-end=\"7408\">\n<li data-start=\"7301\" data-end=\"7373\">\n<p data-start=\"7303\" data-end=\"7373\">L\u00fckake steriilsete t\u00f6\u00f6riistade abil \u00f5rnalt \u00fcks pellet l\u00e4bi fooliumi.<\/p>\n<\/li>\n<li data-start=\"7377\" data-end=\"7408\">\n<p data-start=\"7379\" data-end=\"7408\">V\u00e4ltida otsest kokkupuudet nahaga.<\/p>\n<\/li>\n<\/ul>\n<\/li>\n<li data-start=\"7410\" data-end=\"7600\">\n<p data-start=\"7413\" data-end=\"7439\"><strong data-start=\"7413\" data-end=\"7437\">Proovi ettevalmistamine<\/strong><\/p>\n<ul data-start=\"7443\" data-end=\"7600\">\n<li data-start=\"7443\" data-end=\"7548\">\n<p data-start=\"7445\" data-end=\"7548\">Lahustage pellet sobivas lahustis (nt etanool, destilleeritud vesi v\u00f5i puhverlahus).<\/p>\n<\/li>\n<li data-start=\"7552\" data-end=\"7600\">\n<p data-start=\"7554\" data-end=\"7600\">Segage \u00f5rnalt, kuni saadakse homogeenne lahus.<\/p>\n<\/li>\n<\/ul>\n<\/li>\n<li data-start=\"7602\" data-end=\"7787\">\n<p data-start=\"7605\" data-end=\"7633\"><strong data-start=\"7605\" data-end=\"7631\">Katsete tegemine<\/strong><\/p>\n<ul data-start=\"7637\" data-end=\"7787\">\n<li data-start=\"7637\" data-end=\"7723\">\n<p data-start=\"7639\" data-end=\"7723\">Kasutamine retseptori sidumise testides, in vitro testides v\u00f5i muudes heakskiidetud testides.<\/p>\n<\/li>\n<li data-start=\"7727\" data-end=\"7787\">\n<p data-start=\"7729\" data-end=\"7787\">Salvestage lahustid, kontsentratsioonid ja ajavahemikud.<\/p>\n<\/li>\n<\/ul>\n<\/li>\n<li data-start=\"7789\" data-end=\"8004\">\n<p data-start=\"7792\" data-end=\"7822\"><strong data-start=\"7792\" data-end=\"7820\">Ladustamine ja j\u00e4\u00e4tmek\u00e4itlus<\/strong><\/p>\n<ul data-start=\"7826\" data-end=\"8004\">\n<li data-start=\"7826\" data-end=\"7923\">\n<p data-start=\"7828\" data-end=\"7923\">Hoidke kasutamata pelleteid blistris, p\u00fcstises asendis ja <strong data-start=\"7888\" data-end=\"7920\">jahedas, pimedas ja kuivas kohas<\/strong>.<\/p>\n<\/li>\n<li data-start=\"7927\" data-end=\"8004\">\n<p data-start=\"7929\" data-end=\"8004\">J\u00e4\u00e4gid tuleb utiliseerida vastavalt oma labori keemiliste j\u00e4\u00e4tmete eeskirjale.<\/p>\n<\/li>\n<\/ul>\n<\/li>\n<\/ol>\n<hr data-start=\"8006\" data-end=\"8009\" \/>\n<h3 data-start=\"8011\" data-end=\"8046\"><strong data-start=\"8015\" data-end=\"8044\">Korduma kippuvad k\u00fcsimused (KKK)<\/strong><\/h3>\n<p data-start=\"8048\" data-end=\"8225\"><strong data-start=\"8048\" data-end=\"8098\">1. Milliseid \u00fchendeid RC+ MaXTC Blister sisaldab?<\/strong><br data-start=\"8098\" data-end=\"8101\" \/>Iga pellet sisaldab kombinatsiooni <strong data-start=\"8138\" data-end=\"8148\">5-MAPB<\/strong>, <strong data-start=\"8150\" data-end=\"8159\">4-FMA<\/strong> ja <strong data-start=\"8163\" data-end=\"8177\">5-MeO-MiPT<\/strong> \u2013 m\u00f5eldud ainult teaduslikuks kasutamiseks.<\/p>\n<p data-start=\"8227\" data-end=\"8393\"><strong data-start=\"8227\" data-end=\"8285\">2. Mitu pelletit on \u00fches blisterpakendis?<\/strong><br data-start=\"8285\" data-end=\"8288\" \/>Iga blister sisaldab <strong data-start=\"8307\" data-end=\"8345\">10 eraldi suletud pelletit<\/strong> kontrollitud ja reprodutseeritavate testide jaoks.<\/p>\n<p data-start=\"8395\" data-end=\"8583\"><strong data-start=\"8395\" data-end=\"8455\">3. Kas RC+ MaXTC Blister sobib inimestele?<\/strong><br data-start=\"8455\" data-end=\"8458\" \/>Ei \u2013 see toode on <strong data-start=\"8479\" data-end=\"8520\">ainult uurimisotstarbel<\/strong> ja <strong data-start=\"8524\" data-end=\"8580\">ei ole ette n\u00e4htud inimeste ega loomade toiduks<\/strong>.<\/p>\n<p><a href=\"https:\/\/onderzoekschemicals.com\/et\/shop\/lysergamides\/1cp-lsd-150-mcg\/\"><span dir=\"auto\" style=\"vertical-align: inherit;\"><span dir=\"auto\" style=\"vertical-align: inherit;\">1cP-LSD 150 MCG kunstipaberit <\/span><\/span><\/a><a href=\"https:\/\/onderzoekschemicals.com\/et\/shop\/pellets\/o-dsmt-50mg-pellets\/\"><span dir=\"auto\" style=\"vertical-align: inherit;\"><span dir=\"auto\" style=\"vertical-align: inherit;\">O-DSMT 50 mg graanulid <\/span><\/span><\/a><a href=\"https:\/\/onderzoekschemicals.com\/et\/shop\/lysergamides\/1v-lsd-150-mcg-blotters\/\"><span dir=\"auto\" style=\"vertical-align: inherit;\"><span dir=\"auto\" style=\"vertical-align: inherit;\">1V-LSD 150 MCG blotterid <\/span><\/span><\/a><a href=\"https:\/\/onderzoekschemicals.com\/et\/shop\/bijna-verboden\/6-cl-adba\/\"><span dir=\"auto\" style=\"vertical-align: inherit;\"><span dir=\"auto\" style=\"vertical-align: inherit;\">6-CL-ADBA <\/span><\/span><\/a><a href=\"https:\/\/onderzoekschemicals.com\/et\/shop\/cathinonen\/2-cmc-kopen\/\"><span dir=\"auto\" style=\"vertical-align: inherit;\"><span dir=\"auto\" style=\"vertical-align: inherit;\">2-CMC 250 mg graanulid<\/span><\/span><\/a><\/p>","protected":false},"excerpt":{"rendered":"<p>Introductie De RC+ MaXTC Blister is een hoogwaardige onderzoeksformulering ontwikkeld voor geavanceerde analytische en wetenschappelijke toepassingen. Elke blister bevat individueel<\/p>","protected":false},"featured_media":21157,"comment_status":"closed","ping_status":"closed","template":"","meta":[],"product_brand":[],"product_cat":[555],"product_tag":[629,644,664,326],"class_list":{"0":"post-24107","1":"product","2":"type-product","3":"status-publish","4":"has-post-thumbnail","6":"product_cat-b2b","7":"product_tag-4-fma-kopen","8":"product_tag-4-fma","9":"product_tag-maxtc","10":"product_tag-nl","12":"first","13":"instock","14":"taxable","15":"shipping-taxable","16":"purchasable","17":"product-type-variable"},"_links":{"self":[{"href":"https:\/\/onderzoekschemicals.com\/et\/wp-json\/wp\/v2\/product\/24107","targetHints":{"allow":["GET"]}}],"collection":[{"href":"https:\/\/onderzoekschemicals.com\/et\/wp-json\/wp\/v2\/product"}],"about":[{"href":"https:\/\/onderzoekschemicals.com\/et\/wp-json\/wp\/v2\/types\/product"}],"replies":[{"embeddable":true,"href":"https:\/\/onderzoekschemicals.com\/et\/wp-json\/wp\/v2\/comments?post=24107"}],"version-history":[{"count":4,"href":"https:\/\/onderzoekschemicals.com\/et\/wp-json\/wp\/v2\/product\/24107\/revisions"}],"predecessor-version":[{"id":27874,"href":"https:\/\/onderzoekschemicals.com\/et\/wp-json\/wp\/v2\/product\/24107\/revisions\/27874"}],"wp:featuredmedia":[{"embeddable":true,"href":"https:\/\/onderzoekschemicals.com\/et\/wp-json\/wp\/v2\/media\/21157"}],"wp:attachment":[{"href":"https:\/\/onderzoekschemicals.com\/et\/wp-json\/wp\/v2\/media?parent=24107"}],"wp:term":[{"taxonomy":"product_brand","embeddable":true,"href":"https:\/\/onderzoekschemicals.com\/et\/wp-json\/wp\/v2\/product_brand?post=24107"},{"taxonomy":"product_cat","embeddable":true,"href":"https:\/\/onderzoekschemicals.com\/et\/wp-json\/wp\/v2\/product_cat?post=24107"},{"taxonomy":"product_tag","embeddable":true,"href":"https:\/\/onderzoekschemicals.com\/et\/wp-json\/wp\/v2\/product_tag?post=24107"}],"curies":[{"name":"t\u00f6\u00f6leht","href":"https:\/\/api.w.org\/{rel}","templated":true}]}}