{"id":23860,"date":"2025-04-13T17:40:35","date_gmt":"2025-04-13T17:40:35","guid":{"rendered":"https:\/\/onderzoekschemicals.com\/?post_type=product&#038;p=23860"},"modified":"2025-11-28T07:29:38","modified_gmt":"2025-11-28T07:29:38","slug":"3fmc-kopen","status":"publish","type":"product","link":"https:\/\/onderzoekschemicals.com\/et\/shop\/3-fmc\/3fmc-kopen\/","title":{"rendered":"3-FMC (3-fluorometkatinoon)"},"content":{"rendered":"<p data-start=\"6228\" data-end=\"6589\"><strong data-start=\"6228\" data-end=\"6261\">3-FMC (3-fluorometkatinoon)<\/strong> on <strong data-start=\"6269\" data-end=\"6326\">anal\u00fc\u00fctilise kvaliteediga stimuleeriv uurimismaterjal<\/strong>, mis kuulub <strong data-start=\"6344\" data-end=\"6363\">katinooni klass<\/strong>.<br data-start=\"6364\" data-end=\"6367\" \/>See on struktuurilt seotud <strong data-start=\"6398\" data-end=\"6415\">metakatinoon<\/strong> ja teised <strong data-start=\"6426\" data-end=\"6457\">asendatud amfetamiinid<\/strong>, kohe <strong data-start=\"6467\" data-end=\"6506\">fluori asendus 3. positsioonis<\/strong> fen\u00fc\u00fclts\u00fcklist, mis m\u00f5jutab selle keemilisi ja f\u00fc\u00fcsikalisi omadusi. Osta 3fmc<\/p>\n<p data-start=\"6591\" data-end=\"6914\">Seda \u00fchendust kasutatakse laialdaselt <strong data-start=\"6630\" data-end=\"6678\">kohtuekspertiisi, anal\u00fc\u00fctilised ja keemilised uuringud<\/strong> eest <strong data-start=\"6684\" data-end=\"6716\">kromatograafiline kalibreerimine<\/strong>, <strong data-start=\"6718\" data-end=\"6745\">toksikoloogilised uuringud<\/strong>ja <strong data-start=\"6750\" data-end=\"6774\">struktuurianal\u00fc\u00fcsid<\/strong>.<br data-start=\"6775\" data-end=\"6778\" \/>Toodetud all <strong data-start=\"6797\" data-end=\"6831\">Hea laboritava (GLP)<\/strong>-juhised, see annab <strong data-start=\"6859\" data-end=\"6882\">puhtus \u226599%<\/strong> ja suurep\u00e4rane <strong data-start=\"6898\" data-end=\"6913\">stabiilsus<\/strong>.<\/p>\n<blockquote data-start=\"6916\" data-end=\"7060\">\n<p data-start=\"6918\" data-end=\"7060\">\u26a0\ufe0f <strong data-start=\"6921\" data-end=\"6932\">NB!<\/strong> See toode on <strong data-start=\"6948\" data-end=\"6998\">m\u00f5eldud ainult laboriuuringuteks<\/strong> ja <strong data-start=\"7002\" data-end=\"7059\">ei sobi inimeste ega loomade toiduks<\/strong>.<\/p>\n<\/blockquote>\n<hr data-start=\"7062\" data-end=\"7065\" \/>\n<h3 data-start=\"7067\" data-end=\"7098\"><strong data-start=\"7071\" data-end=\"7098\">Peamised omadused<\/strong><\/h3>\n<ul data-start=\"7100\" data-end=\"7569\">\n<li data-start=\"7100\" data-end=\"7171\">\n<p data-start=\"7102\" data-end=\"7171\"><strong data-start=\"7102\" data-end=\"7134\">K\u00f5rge anal\u00fc\u00fctiline puhtus:<\/strong> \u226599%, kinnitatud HPLC ja GC-MS abil.<\/p>\n<\/li>\n<li data-start=\"7172\" data-end=\"7272\">\n<p data-start=\"7174\" data-end=\"7272\"><strong data-start=\"7174\" data-end=\"7209\">Fluoritud katinooni struktuur:<\/strong> Fluori aatom 3. positsioonis tagab suurema stabiilsuse.<\/p>\n<\/li>\n<li data-start=\"7273\" data-end=\"7344\">\n<p data-start=\"7275\" data-end=\"7344\"><strong data-start=\"7275\" data-end=\"7293\">Hea laboripraktika (GLP) j\u00e4rgi tootmine:<\/strong> Valmistatud rangete laboristandardite j\u00e4rgi.<\/p>\n<\/li>\n<li data-start=\"7345\" data-end=\"7422\">\n<p data-start=\"7347\" data-end=\"7422\"><strong data-start=\"7347\" data-end=\"7364\">Partii testitud:<\/strong> Iga partii identsust ja j\u00e4rjepidevust kontrolliti.<\/p>\n<\/li>\n<li data-start=\"7423\" data-end=\"7489\">\n<p data-start=\"7425\" data-end=\"7489\"><strong data-start=\"7425\" data-end=\"7446\">Keemiliselt stabiilne:<\/strong> N\u00f5uetekohase ladustamise korral lagunemiskindel.<\/p>\n<\/li>\n<li data-start=\"7490\" data-end=\"7569\">\n<p data-start=\"7492\" data-end=\"7569\"><strong data-start=\"7492\" data-end=\"7515\">Ohutu pakend:<\/strong> \u00d5hukindel ja suletud maksimaalse s\u00e4ilivusaja tagamiseks. Osta 3fmc<\/p>\n<\/li>\n<\/ul>\n<hr data-start=\"7571\" data-end=\"7574\" \/>\n<h3 data-start=\"7576\" data-end=\"7593\"><strong data-start=\"7580\" data-end=\"7593\">Eelised<\/strong><\/h3>\n<ol data-start=\"7595\" data-end=\"8051\">\n<li data-start=\"7595\" data-end=\"7686\">\n<p data-start=\"7598\" data-end=\"7686\"><strong data-start=\"7598\" data-end=\"7635\">Usaldusv\u00e4\u00e4rsed uuringutulemused:<\/strong> K\u00f5rge puhtusaste tagab andmete reprodutseeritavuse.<\/p>\n<\/li>\n<li data-start=\"7687\" data-end=\"7788\">\n<p data-start=\"7690\" data-end=\"7788\"><strong data-start=\"7690\" data-end=\"7710\">Laialdaselt rakendatav:<\/strong> Sobib <strong data-start=\"7725\" data-end=\"7785\">kromatograafia, spektroskoopia ja toksikoloogilised uuringud<\/strong>.<\/p>\n<\/li>\n<li data-start=\"7789\" data-end=\"7858\">\n<p data-start=\"7792\" data-end=\"7858\"><strong data-start=\"7792\" data-end=\"7826\">Stabiilne ja kauakestev:<\/strong> Vastupidav valgusele ja niiskusele.<\/p>\n<\/li>\n<li data-start=\"7859\" data-end=\"7958\">\n<p data-start=\"7862\" data-end=\"7958\"><strong data-start=\"7862\" data-end=\"7885\">Kohtuekspertiisi v\u00e4\u00e4rtus:<\/strong> Kasutatakse kui <strong data-start=\"7905\" data-end=\"7928\">v\u00f5rdlusstandard<\/strong> toksikoloogilistes uuringutes.<\/p>\n<\/li>\n<li data-start=\"7959\" data-end=\"8051\">\n<p data-start=\"7962\" data-end=\"8051\"><strong data-start=\"7962\" data-end=\"7990\">Professionaalne kvaliteet:<\/strong> Sobib teadus- ja uurimisasutustele.<\/p>\n<\/li>\n<\/ol>\n<hr data-start=\"8053\" data-end=\"8056\" \/>\n<h3 data-start=\"8058\" data-end=\"8097\"><strong data-start=\"8062\" data-end=\"8097\">Kasutamine (ainult uurimist\u00f6\u00f6ks)<\/strong><\/h3>\n<ol data-start=\"8099\" data-end=\"8538\">\n<li data-start=\"8099\" data-end=\"8186\">\n<p data-start=\"8102\" data-end=\"8186\"><strong data-start=\"8102\" data-end=\"8133\">Kandke kaitseriietust:<\/strong> N\u00f5utavad on kindad, kaitseprillid ja laborikittel.<\/p>\n<\/li>\n<li data-start=\"8187\" data-end=\"8273\">\n<p data-start=\"8190\" data-end=\"8273\"><strong data-start=\"8190\" data-end=\"8229\">Kasutamine kontrollitud keskkonnas:<\/strong> V\u00e4ltida kokkupuudet \u00f5hu v\u00f5i valgusega.<\/p>\n<\/li>\n<li data-start=\"8274\" data-end=\"8355\">\n<p data-start=\"8277\" data-end=\"8355\"><strong data-start=\"8277\" data-end=\"8314\">Kasutage kalibreeritud seadmeid:<\/strong> T\u00e4psete m\u00f5\u00f5tmiste ja kaalumiste jaoks.<\/p>\n<\/li>\n<li data-start=\"8356\" data-end=\"8446\">\n<p data-start=\"8359\" data-end=\"8446\"><strong data-start=\"8359\" data-end=\"8386\">Pange t\u00e4hele partii teavet:<\/strong> Registreerige partii number, puhtus ja uuringuandmed.<\/p>\n<\/li>\n<li data-start=\"8447\" data-end=\"8538\">\n<p data-start=\"8450\" data-end=\"8538\"><strong data-start=\"8450\" data-end=\"8483\">J\u00e4\u00e4tmete ohutu k\u00f5rvaldamine:<\/strong> J\u00e4rgige labori ohutusn\u00f5udeid.<\/p>\n<\/li>\n<\/ol>\n<blockquote data-start=\"8540\" data-end=\"8625\">\n<p data-start=\"8542\" data-end=\"8625\">\u2697\ufe0f <strong data-start=\"8545\" data-end=\"8625\">Ainult laborikatseteks \u2013 mitte inimtoiduks.<\/strong><\/p>\n<\/blockquote>\n<hr data-start=\"8627\" data-end=\"8630\" \/>\n<h3 data-start=\"8632\" data-end=\"8657\"><strong data-start=\"8636\" data-end=\"8657\">S\u00e4ilitamisjuhised<\/strong><\/h3>\n<ul data-start=\"8659\" data-end=\"8844\">\n<li data-start=\"8659\" data-end=\"8701\">\n<p data-start=\"8661\" data-end=\"8701\">Salvesta aadressil <strong data-start=\"8672\" data-end=\"8681\">2\u20138 \u00b0C<\/strong>, kuiv ja pime.<\/p>\n<\/li>\n<li data-start=\"8702\" data-end=\"8738\">\n<p data-start=\"8704\" data-end=\"8738\">Hoida pakend tihedalt suletuna.<\/p>\n<\/li>\n<li data-start=\"8739\" data-end=\"8784\">\n<p data-start=\"8741\" data-end=\"8784\">Kaitse vastu <strong data-start=\"8756\" data-end=\"8781\">valgus, niiskus ja soojus<\/strong>.<\/p>\n<\/li>\n<li data-start=\"8785\" data-end=\"8844\">\n<p data-start=\"8787\" data-end=\"8844\">Ligip\u00e4\u00e4s ainult volitatud laboripersonalile.<\/p>\n<\/li>\n<\/ul>\n<hr data-start=\"8846\" data-end=\"8849\" \/>\n<h3 data-start=\"8851\" data-end=\"8886\"><strong data-start=\"8855\" data-end=\"8886\">Korduma kippuvad k\u00fcsimused (KKK)<\/strong><\/h3>\n<p data-start=\"8888\" data-end=\"9053\"><strong data-start=\"8888\" data-end=\"8925\">1. Milleks 3-FMC-d kasutatakse?<\/strong><br data-start=\"8925\" data-end=\"8928\" \/>Sest <strong data-start=\"8933\" data-end=\"8981\">anal\u00fc\u00fctiline, kohtuekspertiisi ja keemiline uurimist\u00f6\u00f6<\/strong>, mis on eelk\u00f5ige suunatud <strong data-start=\"9003\" data-end=\"9050\">katinooni analoogid ja toksikoloogilised uuringud<\/strong>.<\/p>\n<p data-start=\"9055\" data-end=\"9242\"><strong data-start=\"9055\" data-end=\"9107\">2. Kas 3-FMC sobib inimtoiduks?<\/strong><br data-start=\"9107\" data-end=\"9110\" \/>Ei. <strong data-start=\"9115\" data-end=\"9124\">3-FMC<\/strong> on <strong data-start=\"9128\" data-end=\"9178\">m\u00f5eldud ainult laboriuuringuteks<\/strong> ja <strong data-start=\"9182\" data-end=\"9239\">ei sobi inimeste ega loomade toiduks<\/strong>.<\/p>\n<p data-start=\"9244\" data-end=\"9382\"><strong data-start=\"9244\" data-end=\"9281\">3. Kuidas tuleks 3-FMC-d s\u00e4ilitada?<\/strong><br data-start=\"9281\" data-end=\"9284\" \/>S\u00e4\u00e4sta a <strong data-start=\"9298\" data-end=\"9340\">jahedas, kuivas ja pimedas kohas (2\u20138 \u00b0C)<\/strong>, \u00fches <strong data-start=\"9349\" data-end=\"9379\">h\u00e4sti suletud pakend<\/strong>.<\/p>\n<hr data-start=\"9384\" data-end=\"9387\" \/>\n<h3 data-start=\"9389\" data-end=\"9406\"><strong data-start=\"9393\" data-end=\"9406\">Kokkuv\u00f5te<\/strong><\/h3>\n<p data-start=\"9408\" data-end=\"9652\"><strong data-start=\"9408\" data-end=\"9441\">3-FMC (3-fluorometkatinoon)<\/strong> on <strong data-start=\"9449\" data-end=\"9480\">kvaliteetne uurimismaterjal<\/strong> kohta <strong data-start=\"9485\" data-end=\"9540\">suurep\u00e4rane puhtus, stabiilsus ja konsistents<\/strong>.<br data-start=\"9541\" data-end=\"9544\" \/>See sobib ideaalselt laboritele, mis keskenduvad <strong data-start=\"9595\" data-end=\"9649\">kohtuekspertiisi, kromatograafilised ja keemilised uuringud<\/strong>.<\/p>\n<h1><a style=\"font-size: 16px;\" href=\"https:\/\/onderzoekschemicals.com\/et\/shop\/iboga-ibogaine\/iboga-root-bark\/\"><span dir=\"auto\" style=\"vertical-align: inherit;\"><span dir=\"auto\" style=\"vertical-align: inherit;\">iboga juure koor<\/span><\/span><\/a><a style=\"font-size: 16px;\" href=\"https:\/\/onderzoekschemicals.com\/et\/shop\/iboga-ibogaine\/buy-ibogaine-hcl-online\/\"><span dir=\"auto\" style=\"vertical-align: inherit;\"><span dir=\"auto\" style=\"vertical-align: inherit;\">Osta ibogaine HCl-i veebist<\/span><\/span><\/a><a style=\"font-size: 16px;\" href=\"https:\/\/onderzoekschemicals.com\/et\/shop\/pellets\/o-dsmt-50mg-pellets\/\"><span dir=\"auto\" style=\"vertical-align: inherit;\"><span dir=\"auto\" style=\"vertical-align: inherit;\">o-dsmt <\/span><\/span><\/a><a style=\"font-size: 16px;\" href=\"https:\/\/onderzoekschemicals.com\/et\/shop\/lysergamides\/1vlsd\/\"><span dir=\"auto\" style=\"vertical-align: inherit;\"><span dir=\"auto\" style=\"vertical-align: inherit;\">1vlsd<\/span><\/span><\/a><a style=\"font-size: 16px;\" href=\"https:\/\/onderzoekschemicals.com\/et\/shop\/lysergamides\/1cp-lsd\/\"><span dir=\"auto\" style=\"vertical-align: inherit;\"><span dir=\"auto\" style=\"vertical-align: inherit;\">1 cp lsd<\/span><\/span><\/a><\/h1>","protected":false},"excerpt":{"rendered":"<h2><span style=\"vertical-align: inherit;\"><span style=\"vertical-align: inherit;\"><span dir=\"auto\" style=\"vertical-align: inherit;\"><span dir=\"auto\" style=\"vertical-align: inherit;\">3-FMC omadused<\/span><\/span><\/span><\/span><\/h2>\n<p><strong><span style=\"vertical-align: inherit;\"><span style=\"vertical-align: inherit;\"><span dir=\"auto\" style=\"vertical-align: inherit;\"><span dir=\"auto\" style=\"vertical-align: inherit;\">S\u00fcnon\u00fc\u00fcm:<\/span><\/span><\/span><\/span><\/strong><span style=\"vertical-align: inherit;\"><span style=\"vertical-align: inherit;\"><span dir=\"auto\" style=\"vertical-align: inherit;\"><span dir=\"auto\" style=\"vertical-align: inherit;\"> 3-fluorometkatinoon \/ 1-(3-klorofen\u00fc\u00fcl)-2-(et\u00fc\u00fclamino)propaan-1-oon <\/span><\/span><\/span><\/span><strong><br \/>\n<span style=\"vertical-align: inherit;\"><span style=\"vertical-align: inherit;\"><span dir=\"auto\" style=\"vertical-align: inherit;\"><span dir=\"auto\" style=\"vertical-align: inherit;\">CAS-number<\/span><\/span><\/span><\/span><\/strong><span style=\"vertical-align: inherit;\"><span style=\"vertical-align: inherit;\"><span dir=\"auto\" style=\"vertical-align: inherit;\"><span dir=\"auto\" style=\"vertical-align: inherit;\"> : 1049677-77-1 <\/span><\/span><\/span><\/span><br \/>\n<strong><span style=\"vertical-align: inherit;\"><span style=\"vertical-align: inherit;\"><span dir=\"auto\" style=\"vertical-align: inherit;\"><span dir=\"auto\" style=\"vertical-align: inherit;\">Valem<\/span><\/span><\/span><\/span><\/strong><span style=\"vertical-align: inherit;\"><span style=\"vertical-align: inherit;\"><span dir=\"auto\" style=\"vertical-align: inherit;\"><span dir=\"auto\" style=\"vertical-align: inherit;\"> C10H12FNO \u2022 HCl <\/span><\/span><\/span><\/span><br \/>\n<strong><span style=\"vertical-align: inherit;\"><span style=\"vertical-align: inherit;\"><span dir=\"auto\" style=\"vertical-align: inherit;\"><span dir=\"auto\" style=\"vertical-align: inherit;\">Molaarmass<\/span><\/span><\/span><\/span><\/strong><span style=\"vertical-align: inherit;\"><span style=\"vertical-align: inherit;\"><span dir=\"auto\" style=\"vertical-align: inherit;\"><span dir=\"auto\" style=\"vertical-align: inherit;\"> 181,210 g\/mol <\/span><\/span><\/span><\/span><br \/>\n<strong><span style=\"vertical-align: inherit;\"><span style=\"vertical-align: inherit;\"><span dir=\"auto\" style=\"vertical-align: inherit;\"><span dir=\"auto\" style=\"vertical-align: inherit;\">Puhtus<\/span><\/span><\/span><\/span><\/strong><span style=\"vertical-align: inherit;\"><span style=\"vertical-align: inherit;\"><span dir=\"auto\" style=\"vertical-align: inherit;\"><span dir=\"auto\" style=\"vertical-align: inherit;\"> : \u226599%<\/span><\/span><\/span><\/span><\/p>","protected":false},"featured_media":29213,"comment_status":"closed","ping_status":"closed","template":"","meta":[],"product_brand":[82],"product_cat":[554,322,79],"product_tag":[670,653,576,575,574,326],"class_list":{"0":"post-23860","1":"product","2":"type-product","3":"status-publish","4":"has-post-thumbnail","6":"product_brand-research-chemical","7":"product_cat-3-fmc","8":"product_cat-bijna-verboden","9":"product_cat-cathinonen","10":"product_tag-3-fmc-ervaringen","11":"product_tag-3-fluoromethcathinone","12":"product_tag-3-fmc","13":"product_tag-3fmc","14":"product_tag-3fmc-kopen","15":"product_tag-nl","17":"first","18":"instock","19":"taxable","20":"shipping-taxable","21":"purchasable","22":"product-type-variable"},"_links":{"self":[{"href":"https:\/\/onderzoekschemicals.com\/et\/wp-json\/wp\/v2\/product\/23860","targetHints":{"allow":["GET"]}}],"collection":[{"href":"https:\/\/onderzoekschemicals.com\/et\/wp-json\/wp\/v2\/product"}],"about":[{"href":"https:\/\/onderzoekschemicals.com\/et\/wp-json\/wp\/v2\/types\/product"}],"replies":[{"embeddable":true,"href":"https:\/\/onderzoekschemicals.com\/et\/wp-json\/wp\/v2\/comments?post=23860"}],"version-history":[{"count":6,"href":"https:\/\/onderzoekschemicals.com\/et\/wp-json\/wp\/v2\/product\/23860\/revisions"}],"predecessor-version":[{"id":25319,"href":"https:\/\/onderzoekschemicals.com\/et\/wp-json\/wp\/v2\/product\/23860\/revisions\/25319"}],"wp:featuredmedia":[{"embeddable":true,"href":"https:\/\/onderzoekschemicals.com\/et\/wp-json\/wp\/v2\/media\/29213"}],"wp:attachment":[{"href":"https:\/\/onderzoekschemicals.com\/et\/wp-json\/wp\/v2\/media?parent=23860"}],"wp:term":[{"taxonomy":"product_brand","embeddable":true,"href":"https:\/\/onderzoekschemicals.com\/et\/wp-json\/wp\/v2\/product_brand?post=23860"},{"taxonomy":"product_cat","embeddable":true,"href":"https:\/\/onderzoekschemicals.com\/et\/wp-json\/wp\/v2\/product_cat?post=23860"},{"taxonomy":"product_tag","embeddable":true,"href":"https:\/\/onderzoekschemicals.com\/et\/wp-json\/wp\/v2\/product_tag?post=23860"}],"curies":[{"name":"t\u00f6\u00f6leht","href":"https:\/\/api.w.org\/{rel}","templated":true}]}}