{"id":23751,"date":"2025-04-13T17:40:22","date_gmt":"2025-04-13T17:40:22","guid":{"rendered":"https:\/\/onderzoekschemicals.com\/?post_type=product&#038;p=23751"},"modified":"2025-11-28T07:42:26","modified_gmt":"2025-11-28T07:42:26","slug":"chem-mist-2f-dck-spray-30","status":"publish","type":"product","link":"https:\/\/onderzoekschemicals.com\/et\/shop\/2f-dck-kopen\/chem-mist-2f-dck-spray-30\/","title":{"rendered":"Keemiline udu 2F-DCK pihustus 30%"},"content":{"rendered":"<p data-start=\"4870\" data-end=\"5213\"><strong data-start=\"4870\" data-end=\"4900\">Keemiline udu 2F-DCK pihusti 30%<\/strong> on <strong data-start=\"4908\" data-end=\"4942\">anal\u00fc\u00fctiline v\u00f5rdlusmaterjal<\/strong> et <strong data-start=\"4947\" data-end=\"4985\">2-fluorodeskloroketamiin (2F-DCK)<\/strong> sisaldab \u00fchendust <strong data-start=\"5015\" data-end=\"5045\">ar\u00fc\u00fclts\u00fckloheks\u00fc\u00fclamiini klass<\/strong>Keemiline udu 2F DCK pihusti<br data-start=\"5046\" data-end=\"5049\" \/>Seda kasutatakse <strong data-start=\"5071\" data-end=\"5113\">kohtuekspertiisi ja anal\u00fc\u00fcsilaborid<\/strong> anal\u00fc\u00fctiliste meetodite v\u00e4ljat\u00f6\u00f6tamiseks, kalibreerimiseks ja keemiliste \u00fchendite identifitseerimiseks.<\/p>\n<p data-start=\"5215\" data-end=\"5332\">See toode on <strong data-start=\"5230\" data-end=\"5268\">m\u00f5eldud ainult teaduslikuks otstarbeks<\/strong> ja <strong data-start=\"5272\" data-end=\"5329\">ei sobi inimeste ega loomade toiduks<\/strong>.<\/p>\n<hr data-start=\"5334\" data-end=\"5337\" \/>\n<h3 data-start=\"5339\" data-end=\"5370\"><strong data-start=\"5343\" data-end=\"5370\">Peamised omadused<\/strong><\/h3>\n<ul data-start=\"5372\" data-end=\"5862\">\n<li data-start=\"5372\" data-end=\"5481\">\n<p data-start=\"5374\" data-end=\"5481\"><strong data-start=\"5374\" data-end=\"5394\">K\u00f5rge puhtusaste:<\/strong> Valmistatud range kvaliteedikontrolli all usaldusv\u00e4\u00e4rsete uurimistulemuste saamiseks.<\/p>\n<\/li>\n<li data-start=\"5482\" data-end=\"5577\">\n<p data-start=\"5484\" data-end=\"5577\"><strong data-start=\"5484\" data-end=\"5520\">Standardiseeritud kontsentratsioon:<\/strong> 30% lahendus t\u00e4pseks anal\u00fc\u00fctiliseks kalibreerimiseks.<\/p>\n<\/li>\n<li data-start=\"5578\" data-end=\"5665\">\n<p data-start=\"5580\" data-end=\"5665\"><strong data-start=\"5580\" data-end=\"5613\">Sertifitseeritud dokumentatsioon:<\/strong> Varustatud anal\u00fc\u00fcsisertifikaadi ja partiiandmetega.<\/p>\n<\/li>\n<li data-start=\"5666\" data-end=\"5765\">\n<p data-start=\"5668\" data-end=\"5765\"><strong data-start=\"5668\" data-end=\"5699\">Anal\u00fc\u00fctiline Laialdaselt Rakendatav:<\/strong> Sobib <strong data-start=\"5714\" data-end=\"5723\">GC-MS<\/strong>, <strong data-start=\"5725\" data-end=\"5737\">LC-MS\/MS<\/strong> ja <strong data-start=\"5741\" data-end=\"5749\">HPLC-tehnoloogia<\/strong> rakendused.<\/p>\n<\/li>\n<li data-start=\"5766\" data-end=\"5862\">\n<p data-start=\"5768\" data-end=\"5862\"><strong data-start=\"5768\" data-end=\"5793\">Stabiilne koostis:<\/strong> M\u00f5eldud pikaajaliseks s\u00e4ilitamiseks laboritingimustes. Chem Mist 2F DCK pihusti.<\/p>\n<\/li>\n<\/ul>\n<hr data-start=\"5864\" data-end=\"5867\" \/>\n<h3 data-start=\"5869\" data-end=\"5886\"><strong data-start=\"5873\" data-end=\"5886\">Eelised<\/strong><\/h3>\n<ul data-start=\"5888\" data-end=\"6339\">\n<li data-start=\"5888\" data-end=\"5979\">\n<p data-start=\"5890\" data-end=\"5979\"><strong data-start=\"5890\" data-end=\"5916\">Kohtuekspertiisi kohaldatav:<\/strong> Toetab ar\u00fc\u00fclts\u00fckloheks\u00fc\u00fclamiin\u00fchendite uurimist.<\/p>\n<\/li>\n<li data-start=\"5980\" data-end=\"6069\">\n<p data-start=\"5982\" data-end=\"6069\"><strong data-start=\"5982\" data-end=\"6009\">Usaldusv\u00e4\u00e4rne kalibreerimine:<\/strong> Tagab j\u00e4rjepidevad ja reprodutseeritavad m\u00f5\u00f5tmistulemused.<\/p>\n<\/li>\n<li data-start=\"6070\" data-end=\"6163\">\n<p data-start=\"6072\" data-end=\"6163\"><strong data-start=\"6072\" data-end=\"6117\">Toetab metoodilist arendust:<\/strong> Sobib tuvastus- ja anal\u00fc\u00fcsimeetodite jaoks.<\/p>\n<\/li>\n<li data-start=\"6164\" data-end=\"6246\">\n<p data-start=\"6166\" data-end=\"6246\"><strong data-start=\"6166\" data-end=\"6188\">Hariduslik v\u00e4\u00e4rtus:<\/strong> Saab kasutada akadeemilistes uurimisprojektides.<\/p>\n<\/li>\n<li data-start=\"6247\" data-end=\"6339\">\n<p data-start=\"6249\" data-end=\"6339\"><strong data-start=\"6249\" data-end=\"6276\">Ohutu ja n\u00f5uetele vastav:<\/strong> Valmistatud vastavalt rahvusvahelistele laborijuhistele.<\/p>\n<\/li>\n<\/ul>\n<hr data-start=\"6341\" data-end=\"6344\" \/>\n<h3 data-start=\"6346\" data-end=\"6407\"><strong data-start=\"6350\" data-end=\"6407\">Kasutusjuhend (ainult teaduslikuks otstarbeks)<\/strong><\/h3>\n<ol data-start=\"6409\" data-end=\"6758\">\n<li data-start=\"6409\" data-end=\"6511\">\n<p data-start=\"6412\" data-end=\"6511\"><strong data-start=\"6412\" data-end=\"6426\">K\u00e4itlemine:<\/strong> Kasutada ainult akrediteeritud laborites kvalifitseeritud personali j\u00e4relevalve all.<\/p>\n<\/li>\n<li data-start=\"6512\" data-end=\"6609\">\n<p data-start=\"6515\" data-end=\"6609\"><strong data-start=\"6515\" data-end=\"6530\">Rakendus:<\/strong> Kasutage vastavalt valideeritud protokollidele h\u00e4stiventileeritavas keskkonnas.<\/p>\n<\/li>\n<li data-start=\"6610\" data-end=\"6673\">\n<p data-start=\"6613\" data-end=\"6673\"><strong data-start=\"6613\" data-end=\"6624\">S\u00e4ilitamine:<\/strong> Hoida jahedas, kuivas ja pimedas kohas, h\u00e4sti suletuna.<\/p>\n<\/li>\n<li data-start=\"6674\" data-end=\"6758\">\n<p data-start=\"6677\" data-end=\"6758\"><strong data-start=\"6677\" data-end=\"6688\">J\u00e4\u00e4tmek\u00e4itlus:<\/strong> J\u00e4\u00e4gid k\u00f5rvaldada vastavalt kohalikele keemiliste j\u00e4\u00e4tmete eeskirjadele.<\/p>\n<\/li>\n<\/ol>\n<hr data-start=\"6760\" data-end=\"6763\" \/>\n<h3 data-start=\"6765\" data-end=\"6799\"><strong data-start=\"6769\" data-end=\"6799\">Ohutus ja vastavus<\/strong><\/h3>\n<ul data-start=\"6801\" data-end=\"7239\">\n<li data-start=\"6801\" data-end=\"6896\">\n<p data-start=\"6803\" data-end=\"6896\"><strong data-start=\"6803\" data-end=\"6839\">Ainult laborikasutuseks:<\/strong> Ei sobi inimeste ega loomade toiduks.<\/p>\n<\/li>\n<li data-start=\"6897\" data-end=\"7009\">\n<p data-start=\"6899\" data-end=\"7009\"><strong data-start=\"6899\" data-end=\"6927\">\u00d5iguslikud kaalutlused:<\/strong> 2F-DCK staatus on riigiti erinev; kontrollige alati kohalikke eeskirju.<\/p>\n<\/li>\n<li data-start=\"7010\" data-end=\"7114\">\n<p data-start=\"7012\" data-end=\"7114\"><strong data-start=\"7012\" data-end=\"7040\">Tervis ja ohutus:<\/strong> V\u00e4ltida kokkupuudet nahaga ja sissehingamist; kanda sobivaid kaitsevahendeid.<\/p>\n<\/li>\n<li data-start=\"7115\" data-end=\"7239\">\n<p data-start=\"7117\" data-end=\"7239\"><strong data-start=\"7117\" data-end=\"7134\">Dokumentatsioon:<\/strong> A <strong data-start=\"7139\" data-end=\"7175\">ohutuskaart (MSDS)<\/strong> ja <strong data-start=\"7179\" data-end=\"7207\">anal\u00fc\u00fcsisertifikaat (COA)<\/strong> on saadaval n\u00f5udmisel.<\/p>\n<\/li>\n<\/ul>\n<hr data-start=\"7241\" data-end=\"7244\" \/>\n<h3 data-start=\"7246\" data-end=\"7281\"><strong data-start=\"7250\" data-end=\"7281\">Korduma kippuvad k\u00fcsimused (KKK)<\/strong><\/h3>\n<p data-start=\"7283\" data-end=\"7478\"><strong data-start=\"7283\" data-end=\"7341\">1. Milleks kasutatakse Chem Mist 2F-DCK Spray 30%?<\/strong><br data-start=\"7341\" data-end=\"7344\" \/>Seda kasutatakse kui <strong data-start=\"7367\" data-end=\"7390\">v\u00f5rdluslahus<\/strong> kohtumeditsiinilistes ja anal\u00fc\u00fctilistes laborites meetodite v\u00e4ljat\u00f6\u00f6tamiseks ja identifitseerimiseks.<\/p>\n<p data-start=\"7480\" data-end=\"7641\"><strong data-start=\"7480\" data-end=\"7538\">2. Kas see toode sobib inimtoiduks?<\/strong><br data-start=\"7538\" data-end=\"7541\" \/>Ei. See on <strong data-start=\"7553\" data-end=\"7591\">m\u00f5eldud ainult teaduslikuks otstarbeks<\/strong> ja <strong data-start=\"7595\" data-end=\"7638\">ei ole inimestele heaks kiidetud<\/strong>.<\/p>\n<p data-start=\"7643\" data-end=\"7788\"><strong data-start=\"7643\" data-end=\"7704\">3. Kuidas tuleks Chem Mist 2F-DCK Spray 30% s\u00e4ilitada?<\/strong><br data-start=\"7704\" data-end=\"7707\" \/>Hoida jahedas, kuivas ja pimedas kohas, tihedalt suletuna ja k\u00f5rvalistele isikutele k\u00e4ttesaamatus kohas.<\/p>","protected":false},"excerpt":{"rendered":"<h2><span style=\"vertical-align: inherit;\"><span style=\"vertical-align: inherit;\">Chem-mist 2F-DCK 30% Vanilla Sky omadused<\/span><\/span><\/h2>\n<p><strong><span style=\"vertical-align: inherit;\"><span style=\"vertical-align: inherit;\">S\u00fcnon\u00fc\u00fcm:<\/span><\/span><\/strong><span style=\"vertical-align: inherit;\"><span style=\"vertical-align: inherit;\"> 2-fluorodeskloroketamiinvesinikkloriid <\/span><\/span><br \/>\n<strong><span style=\"vertical-align: inherit;\"><span style=\"vertical-align: inherit;\">CAS-number:<\/span><\/span><\/strong><span style=\"vertical-align: inherit;\"><span style=\"vertical-align: inherit;\"> 111982-49-1 <\/span><\/span><br \/>\n<strong><span style=\"vertical-align: inherit;\"><span style=\"vertical-align: inherit;\">Valem:<\/span><\/span><\/strong><span style=\"vertical-align: inherit;\"><span style=\"vertical-align: inherit;\"> 2-(2-fluorofen\u00fc\u00fcl)-2-(met\u00fc\u00fclamino)ts\u00fckloheksanoon <\/span><\/span><br \/>\n<strong><span style=\"vertical-align: inherit;\"><span style=\"vertical-align: inherit;\">Molaarmass:<\/span><\/span><\/strong><span style=\"vertical-align: inherit;\"><span style=\"vertical-align: inherit;\"> 257,7 g\/mol <\/span><\/span><br \/>\n<strong><span style=\"vertical-align: inherit;\"><span style=\"vertical-align: inherit;\">Puhtus:<\/span><\/span><\/strong><span style=\"vertical-align: inherit;\"><span style=\"vertical-align: inherit;\"> &gt;98%<\/span><\/span><\/p>","protected":false},"featured_media":29305,"comment_status":"closed","ping_status":"closed","template":"","meta":[],"product_brand":[],"product_cat":[474,498,71,471,396],"product_tag":[1115,1116,1117,326,472],"class_list":{"0":"post-23751","1":"product","2":"type-product","3":"status-publish","4":"has-post-thumbnail","6":"product_cat-2f-dck-kopen","7":"product_cat-2f-dck-sprays","8":"product_cat-arylcyclohexylamine","9":"product_cat-chem-mist-sprays","10":"product_cat-liquid-rcs","11":"product_tag-chem-mist-2f-dck-spray","12":"product_tag-chem-mist-2f-dck-spray-30","13":"product_tag-chem-mist-2f-dck-spray-kopen","14":"product_tag-nl","15":"product_tag-spring-is-in-the-air","17":"first","18":"instock","19":"taxable","20":"shipping-taxable","21":"purchasable","22":"product-type-variable"},"_links":{"self":[{"href":"https:\/\/onderzoekschemicals.com\/et\/wp-json\/wp\/v2\/product\/23751","targetHints":{"allow":["GET"]}}],"collection":[{"href":"https:\/\/onderzoekschemicals.com\/et\/wp-json\/wp\/v2\/product"}],"about":[{"href":"https:\/\/onderzoekschemicals.com\/et\/wp-json\/wp\/v2\/types\/product"}],"replies":[{"embeddable":true,"href":"https:\/\/onderzoekschemicals.com\/et\/wp-json\/wp\/v2\/comments?post=23751"}],"version-history":[{"count":6,"href":"https:\/\/onderzoekschemicals.com\/et\/wp-json\/wp\/v2\/product\/23751\/revisions"}],"predecessor-version":[{"id":27959,"href":"https:\/\/onderzoekschemicals.com\/et\/wp-json\/wp\/v2\/product\/23751\/revisions\/27959"}],"wp:featuredmedia":[{"embeddable":true,"href":"https:\/\/onderzoekschemicals.com\/et\/wp-json\/wp\/v2\/media\/29305"}],"wp:attachment":[{"href":"https:\/\/onderzoekschemicals.com\/et\/wp-json\/wp\/v2\/media?parent=23751"}],"wp:term":[{"taxonomy":"product_brand","embeddable":true,"href":"https:\/\/onderzoekschemicals.com\/et\/wp-json\/wp\/v2\/product_brand?post=23751"},{"taxonomy":"product_cat","embeddable":true,"href":"https:\/\/onderzoekschemicals.com\/et\/wp-json\/wp\/v2\/product_cat?post=23751"},{"taxonomy":"product_tag","embeddable":true,"href":"https:\/\/onderzoekschemicals.com\/et\/wp-json\/wp\/v2\/product_tag?post=23751"}],"curies":[{"name":"t\u00f6\u00f6leht","href":"https:\/\/api.w.org\/{rel}","templated":true}]}}