{"id":23635,"date":"2025-04-13T17:40:07","date_gmt":"2025-04-13T17:40:07","guid":{"rendered":"https:\/\/onderzoekschemicals.com\/?post_type=product&#038;p=23635"},"modified":"2025-11-28T07:58:30","modified_gmt":"2025-11-28T07:58:30","slug":"4f-mph-kopen","status":"publish","type":"product","link":"https:\/\/onderzoekschemicals.com\/et\/shop\/4f-mph\/4f-mph-kopen\/","title":{"rendered":"4F-MPH 30 MG graanulid (4-fluoromet\u00fc\u00fclfenidaat)"},"content":{"rendered":"<h3 data-start=\"3944\" data-end=\"3963\"><strong data-start=\"3948\" data-end=\"3963\">Sissejuhatus<\/strong><\/h3>\n<p data-start=\"3964\" data-end=\"4264\"><strong data-start=\"3964\" data-end=\"4000\">4F-MPH (4-fluoromet\u00fc\u00fclfenidaat)<\/strong> 30 MG pelletit on <strong data-start=\"4020\" data-end=\"4066\">k\u00f5rge puhtusastmega uurimis\u00fchendid<\/strong>, v\u00e4lja t\u00f6\u00f6tatud <strong data-start=\"4084\" data-end=\"4137\">neuroteaduslikud ja farmakoloogilised uuringud<\/strong>Seda fluoromet\u00fc\u00fclfenidaadi varianti kasutatakse laialdaselt uuringutes, mis k\u00e4sitlevad <strong data-start=\"4212\" data-end=\"4261\">dopamiinergilised ja noradrenergilised transpordis\u00fcsteemid<\/strong>. 4f mph osta<\/p>\n<p data-start=\"4266\" data-end=\"4517\">Iga pellet sisaldab <strong data-start=\"4284\" data-end=\"4308\">30 mg puhast 4F-MPH-d<\/strong>, hoolikalt m\u00f5\u00f5detuna, et tagada usaldusv\u00e4\u00e4rsed ja reprodutseeritavad uurimistulemused. See toode on ette n\u00e4htud ainult <strong data-start=\"4441\" data-end=\"4473\">kvalifitseeritud teadlased<\/strong> kontrollitud laborikeskkonnas.<\/p>\n<blockquote data-start=\"4519\" data-end=\"4668\">\n<p data-start=\"4521\" data-end=\"4668\">\u26a0\ufe0f <strong data-start=\"4524\" data-end=\"4535\">NB!<\/strong> 4F-MPH 30 MG graanulid on <strong data-start=\"4562\" data-end=\"4617\">m\u00f5eldud ainult teaduslikuks uurimist\u00f6\u00f6ks<\/strong> ja <strong data-start=\"4621\" data-end=\"4665\">ei sobi inimtoiduks<\/strong>.<\/p>\n<\/blockquote>\n<hr data-start=\"4670\" data-end=\"4673\" \/>\n<h3 data-start=\"4675\" data-end=\"4706\"><strong data-start=\"4679\" data-end=\"4706\">Peamised omadused<\/strong><\/h3>\n<ul data-start=\"4707\" data-end=\"5183\">\n<li data-start=\"4707\" data-end=\"4802\">\n<p data-start=\"4709\" data-end=\"4802\"><strong data-start=\"4709\" data-end=\"4735\">K\u00f5rge puhtusaste (\u226599%)<\/strong> \u2013 Laboris testitud optimaalse kvaliteedi ja t\u00f6\u00f6kindluse tagamiseks.<\/p>\n<\/li>\n<li data-start=\"4803\" data-end=\"4910\">\n<p data-start=\"4805\" data-end=\"4910\"><strong data-start=\"4805\" data-end=\"4837\">T\u00e4pne annus (30 mg)<\/strong> \u2013 Iga pelletit m\u00f5\u00f5detakse j\u00e4rjepidevalt, et tulemused oleksid korratavad.<\/p>\n<\/li>\n<li data-start=\"4911\" data-end=\"5000\">\n<p data-start=\"4913\" data-end=\"5000\"><strong data-start=\"4913\" data-end=\"4939\">Parem stabiilsus<\/strong> \u2013 Pelletite vorm hoiab \u00e4ra lagunemise ja pikendab s\u00e4ilivusaega. Osta 4f mph<\/p>\n<\/li>\n<li data-start=\"5001\" data-end=\"5082\">\n<p data-start=\"5003\" data-end=\"5082\"><strong data-start=\"5003\" data-end=\"5037\">Usaldusv\u00e4\u00e4rne kvaliteedikontroll<\/strong> \u2013 Valmistatud GMP-sarnaste standardite j\u00e4rgi.<\/p>\n<\/li>\n<li data-start=\"5083\" data-end=\"5183\">\n<p data-start=\"5085\" data-end=\"5183\"><strong data-start=\"5085\" data-end=\"5107\">Ohutu pakend<\/strong> \u2013 \u00d5hukindel ja niiskuskindel pakendatud toote terviklikkuse s\u00e4ilitamiseks.<\/p>\n<\/li>\n<\/ul>\n<hr data-start=\"5185\" data-end=\"5188\" \/>\n<h3 data-start=\"5190\" data-end=\"5207\"><strong data-start=\"5194\" data-end=\"5207\">Eelised<\/strong><\/h3>\n<ul data-start=\"5208\" data-end=\"5479\">\n<li data-start=\"5208\" data-end=\"5284\">\n<p data-start=\"5210\" data-end=\"5284\">Pakub <strong data-start=\"5221\" data-end=\"5245\">t\u00e4pne doseerimine<\/strong> ja j\u00e4rjepidevad uurimistulemused.<\/p>\n<\/li>\n<li data-start=\"5285\" data-end=\"5349\">\n<p data-start=\"5287\" data-end=\"5349\">Sobib <strong data-start=\"5301\" data-end=\"5346\">neurokeemilised ja farmakoloogilised uuringud<\/strong>.<\/p>\n<\/li>\n<li data-start=\"5350\" data-end=\"5408\">\n<p data-start=\"5352\" data-end=\"5408\"><strong data-start=\"5352\" data-end=\"5376\">Pikem s\u00e4ilivusaeg<\/strong> t\u00e4nu stabiilsele koostisele.<\/p>\n<\/li>\n<li data-start=\"5409\" data-end=\"5479\">\n<p data-start=\"5411\" data-end=\"5479\">Lihtne <strong data-start=\"5424\" data-end=\"5451\">k\u00e4sitseda ja hoiustada<\/strong> ilma kvaliteeti kaotamata.<\/p>\n<\/li>\n<\/ul>\n<hr data-start=\"5481\" data-end=\"5484\" \/>\n<h3 data-start=\"5486\" data-end=\"5501\"><strong data-start=\"5490\" data-end=\"5501\">Kasutus<\/strong><\/h3>\n<ul data-start=\"5502\" data-end=\"5772\">\n<li data-start=\"5502\" data-end=\"5562\">\n<p data-start=\"5504\" data-end=\"5562\">Ainult kasutamiseks <strong data-start=\"5529\" data-end=\"5559\">teaduslik uurimist\u00f6\u00f6<\/strong>.<\/p>\n<\/li>\n<li data-start=\"5563\" data-end=\"5637\">\n<p data-start=\"5565\" data-end=\"5637\">Kandke sobivaid <strong data-start=\"5581\" data-end=\"5605\">kaitsevarustus<\/strong> (kindad, kaitseprillid, laborikittel).<\/p>\n<\/li>\n<li data-start=\"5638\" data-end=\"5713\">\n<p data-start=\"5640\" data-end=\"5713\">S\u00e4\u00e4sta a <strong data-start=\"5655\" data-end=\"5678\">jahedas ja kuivas kohas<\/strong>, valguse ja niiskuse eest kaitstult.<\/p>\n<\/li>\n<li data-start=\"5714\" data-end=\"5772\">\n<p data-start=\"5716\" data-end=\"5772\">Ei sobi inimeste ega loomade toiduks.<\/p>\n<\/li>\n<\/ul>\n<hr data-start=\"5774\" data-end=\"5777\" \/>\n<h3 data-start=\"5779\" data-end=\"5814\"><strong data-start=\"5783\" data-end=\"5814\">Korduma kippuvad k\u00fcsimused (KKK)<\/strong><\/h3>\n<p data-start=\"5816\" data-end=\"6007\"><strong data-start=\"5816\" data-end=\"5854\">1. Milleks 4F-MPH-d kasutatakse?<\/strong><br data-start=\"5854\" data-end=\"5857\" \/>4F-MPH-d kasutatakse <strong data-start=\"5882\" data-end=\"5927\">farmakoloogilised ja neurokeemilised uuringud<\/strong> stimulantidele ja neurotransmitterite s\u00fcsteemidele nagu dopamiin ja noradrenaliin.<\/p>\n<p data-start=\"6009\" data-end=\"6184\"><strong data-start=\"6009\" data-end=\"6062\">2. Kas 4F-MPH 30 MG on inimestele ohutu?<\/strong><br data-start=\"6062\" data-end=\"6065\" \/>Ei. See toode on <strong data-start=\"6085\" data-end=\"6134\">m\u00f5eldud ainult teaduslikuks otstarbeks<\/strong> ja ei ole inimtoiduks heaks kiidetud.<\/p>\n<p data-start=\"6186\" data-end=\"6359\"><strong data-start=\"6186\" data-end=\"6230\">3. Kuidas tuleks 4F-MPH 30 MG-d s\u00e4ilitada?<\/strong><br data-start=\"6230\" data-end=\"6233\" \/>Hoida <strong data-start=\"6248\" data-end=\"6278\">h\u00e4sti suletud pakend<\/strong> mesilane <strong data-start=\"6283\" data-end=\"6313\">toatemperatuuril (15\u201325 \u00b0C)<\/strong>, eemal niiskusest ja otsesest p\u00e4ikesevalgusest.<\/p>","protected":false},"excerpt":{"rendered":"<p><strong><span dir=\"auto\" style=\"vertical-align: inherit;\"><span dir=\"auto\" style=\"vertical-align: inherit;\">AJUTISELT SINISTE PELLETTIDENA (ainus erinevus v\u00e4rvis).<\/span><\/span><\/strong><\/p>","protected":false},"featured_media":29250,"comment_status":"closed","ping_status":"closed","template":"","meta":[],"product_brand":[82],"product_cat":[444,445,322,333,324],"product_tag":[570,571,326],"class_list":{"0":"post-23635","1":"product","2":"type-product","3":"status-publish","4":"has-post-thumbnail","6":"product_brand-research-chemical","7":"product_cat-4f-mph","8":"product_cat-4f-mph-pellets","9":"product_cat-bijna-verboden","10":"product_cat-gefluoreerden","11":"product_cat-pellets-for-pellet","12":"product_tag-4f-mph-kopen","13":"product_tag-4f-mph","14":"product_tag-nl","16":"first","17":"instock","18":"taxable","19":"shipping-taxable","20":"purchasable","21":"product-type-variable"},"_links":{"self":[{"href":"https:\/\/onderzoekschemicals.com\/et\/wp-json\/wp\/v2\/product\/23635","targetHints":{"allow":["GET"]}}],"collection":[{"href":"https:\/\/onderzoekschemicals.com\/et\/wp-json\/wp\/v2\/product"}],"about":[{"href":"https:\/\/onderzoekschemicals.com\/et\/wp-json\/wp\/v2\/types\/product"}],"replies":[{"embeddable":true,"href":"https:\/\/onderzoekschemicals.com\/et\/wp-json\/wp\/v2\/comments?post=23635"}],"version-history":[{"count":6,"href":"https:\/\/onderzoekschemicals.com\/et\/wp-json\/wp\/v2\/product\/23635\/revisions"}],"predecessor-version":[{"id":27993,"href":"https:\/\/onderzoekschemicals.com\/et\/wp-json\/wp\/v2\/product\/23635\/revisions\/27993"}],"wp:featuredmedia":[{"embeddable":true,"href":"https:\/\/onderzoekschemicals.com\/et\/wp-json\/wp\/v2\/media\/29250"}],"wp:attachment":[{"href":"https:\/\/onderzoekschemicals.com\/et\/wp-json\/wp\/v2\/media?parent=23635"}],"wp:term":[{"taxonomy":"product_brand","embeddable":true,"href":"https:\/\/onderzoekschemicals.com\/et\/wp-json\/wp\/v2\/product_brand?post=23635"},{"taxonomy":"product_cat","embeddable":true,"href":"https:\/\/onderzoekschemicals.com\/et\/wp-json\/wp\/v2\/product_cat?post=23635"},{"taxonomy":"product_tag","embeddable":true,"href":"https:\/\/onderzoekschemicals.com\/et\/wp-json\/wp\/v2\/product_tag?post=23635"}],"curies":[{"name":"t\u00f6\u00f6leht","href":"https:\/\/api.w.org\/{rel}","templated":true}]}}