{"id":23547,"date":"2025-04-13T17:39:57","date_gmt":"2025-04-13T17:39:57","guid":{"rendered":"https:\/\/onderzoekschemicals.com\/?post_type=product&#038;p=23547"},"modified":"2025-11-28T10:31:31","modified_gmt":"2025-11-28T10:31:31","slug":"mpt-fumarate","status":"publish","type":"product","link":"https:\/\/onderzoekschemicals.com\/et\/shop\/mpt\/mpt-fumarate\/","title":{"rendered":"MPT fumaraat (N-met\u00fc\u00fcl-N-prop\u00fc\u00fcltr\u00fcptamiin)"},"content":{"rendered":"<h3><strong><span dir=\"auto\" style=\"vertical-align: inherit;\"><span dir=\"auto\" style=\"vertical-align: inherit;\">MPT fumaraat (N-met\u00fc\u00fcl-N-prop\u00fc\u00fcltr\u00fcptamiin) \u2013 toote kirjeldus, kasutamine ja ohutusteave<\/span><\/span><\/strong><\/h3>\n<p data-start=\"3731\" data-end=\"3913\"><strong data-start=\"3731\" data-end=\"3777\">MPT fumaraat (N-met\u00fc\u00fcl-N-prop\u00fc\u00fcltr\u00fcptamiin)<\/strong> on <strong data-start=\"3785\" data-end=\"3827\">k\u00f5rge puhtusastmega uurimis\u00fchend<\/strong>, v\u00e4lja t\u00f6\u00f6tatud <strong data-start=\"3845\" data-end=\"3910\">neuroteaduslikud, farmakoloogilised ja anal\u00fc\u00fctilised uuringud<\/strong>.mpt fumaraat<\/p>\n<p data-start=\"3915\" data-end=\"4145\">MPT kuulub <strong data-start=\"3934\" data-end=\"3955\">tr\u00fcptamiini perekond<\/strong>, mis on tihedalt seotud selliste \u00fchenditega nagu <strong data-start=\"3993\" data-end=\"4000\">DMT<\/strong> ja <strong data-start=\"4004\" data-end=\"4012\">MiPT<\/strong>ja seda kasutatakse <strong data-start=\"4037\" data-end=\"4096\">serotoniini retseptorite (5-HT2A ja 5-HT1A) uuringud<\/strong> ja <strong data-start=\"4100\" data-end=\"4142\">struktuuri-aktiivsuse seosed (SAR)<\/strong>.<\/p>\n<p data-start=\"4147\" data-end=\"4326\">See <strong data-start=\"4150\" data-end=\"4170\">fumaraadi soola vorm<\/strong> n\u00e4eb ette <strong data-start=\"4182\" data-end=\"4245\">parem keemiline stabiilsus, lahustuvus ja s\u00e4ilivusaeg<\/strong>, mis on oluline pikaajaliseks s\u00e4ilitamiseks ja t\u00e4psete laborikatsete tegemiseks.<\/p>\n<blockquote data-start=\"4328\" data-end=\"4479\">\n<p data-start=\"4330\" data-end=\"4479\">\u26a0\ufe0f <strong data-start=\"4333\" data-end=\"4344\">NB!<\/strong> See toode on <strong data-start=\"4360\" data-end=\"4415\">m\u00f5eldud ainult teaduslikuks uurimist\u00f6\u00f6ks<\/strong> ja <strong data-start=\"4419\" data-end=\"4476\">ei sobi inimeste ega loomade toiduks<\/strong>.<\/p>\n<\/blockquote>\n<hr data-start=\"4481\" data-end=\"4484\" \/>\n<h3 data-start=\"4486\" data-end=\"4517\"><strong data-start=\"4490\" data-end=\"4517\">Peamised omadused<\/strong><\/h3>\n<ul data-start=\"4518\" data-end=\"4933\">\n<li data-start=\"4518\" data-end=\"4613\">\n<p data-start=\"4520\" data-end=\"4613\"><strong data-start=\"4520\" data-end=\"4546\">K\u00f5rge puhtusaste (\u226599%)<\/strong> \u2013 Identsuse ja keemilise koostise laboris testitud.<\/p>\n<\/li>\n<li data-start=\"4614\" data-end=\"4693\">\n<p data-start=\"4616\" data-end=\"4693\"><strong data-start=\"4616\" data-end=\"4645\">Stabiilne fumaraadi soolavorm<\/strong> \u2013 Pikendab s\u00e4ilivusaega ja stabiilsust ladustamisel.<\/p>\n<\/li>\n<li data-start=\"4694\" data-end=\"4781\">\n<p data-start=\"4696\" data-end=\"4781\"><strong data-start=\"4696\" data-end=\"4735\">Farmakoloogiliste uuringute standard<\/strong> \u2013 Sobib retseptorite ja SAR-i uuringuteks. mpt fumaraat<\/p>\n<\/li>\n<li data-start=\"4782\" data-end=\"4852\">\n<p data-start=\"4784\" data-end=\"4852\"><strong data-start=\"4784\" data-end=\"4809\">J\u00e4rjepidev kvaliteet<\/strong> \u2013 Valmistatud GMP-sarnaste standardite kohaselt.<\/p>\n<\/li>\n<li data-start=\"4853\" data-end=\"4933\">\n<p data-start=\"4855\" data-end=\"4933\"><strong data-start=\"4855\" data-end=\"4877\">Ohutu pakend<\/strong> \u2013 \u00d5hukindel ja valguskindel maksimaalse kaitse tagamiseks.<\/p>\n<\/li>\n<\/ul>\n<hr data-start=\"4935\" data-end=\"4938\" \/>\n<h3 data-start=\"4940\" data-end=\"4957\"><strong data-start=\"4944\" data-end=\"4957\">Eelised<\/strong><\/h3>\n<ul data-start=\"4958\" data-end=\"5228\">\n<li data-start=\"4958\" data-end=\"5038\">\n<p data-start=\"4960\" data-end=\"5038\">Toetab <strong data-start=\"4972\" data-end=\"5035\">Serotoniini retseptorite ja tr\u00fcptamiini analoogide uuringud<\/strong>.<\/p>\n<\/li>\n<li data-start=\"5039\" data-end=\"5099\">\n<p data-start=\"5041\" data-end=\"5099\"><strong data-start=\"5041\" data-end=\"5096\">Usaldusv\u00e4\u00e4rsed ja reprodutseeritavad uurimistulemused<\/strong>.<\/p>\n<\/li>\n<li data-start=\"5100\" data-end=\"5154\">\n<p data-start=\"5102\" data-end=\"5154\"><strong data-start=\"5102\" data-end=\"5128\">Parem stabiilsus<\/strong> pikaajaliseks ladustamiseks.<\/p>\n<\/li>\n<li data-start=\"5155\" data-end=\"5228\">\n<p data-start=\"5157\" data-end=\"5228\">Sobib <strong data-start=\"5171\" data-end=\"5225\">akadeemiline, farmakoloogiline ja anal\u00fc\u00fctiline uurimist\u00f6\u00f6<\/strong>.<\/p>\n<\/li>\n<\/ul>\n<hr data-start=\"5230\" data-end=\"5233\" \/>\n<h3 data-start=\"5235\" data-end=\"5250\"><strong data-start=\"5239\" data-end=\"5250\">Kasutus<\/strong><\/h3>\n<ul data-start=\"5251\" data-end=\"5522\">\n<li data-start=\"5251\" data-end=\"5321\">\n<p data-start=\"5253\" data-end=\"5321\">Ainult kasutamiseks <strong data-start=\"5278\" data-end=\"5318\">kvalifitseeritud laboripersonal<\/strong>.<\/p>\n<\/li>\n<li data-start=\"5322\" data-end=\"5398\">\n<p data-start=\"5324\" data-end=\"5398\">Kasutage sobivaid <strong data-start=\"5342\" data-end=\"5366\">kaitsevarustus<\/strong> (kindad, kaitseprillid, laborikittel).<\/p>\n<\/li>\n<li data-start=\"5399\" data-end=\"5463\">\n<p data-start=\"5401\" data-end=\"5463\">S\u00e4\u00e4sta a <strong data-start=\"5416\" data-end=\"5450\">jahedas, kuivas ja pimedas kohas<\/strong> (15\u201325 \u00b0C).<\/p>\n<\/li>\n<li data-start=\"5464\" data-end=\"5522\">\n<p data-start=\"5466\" data-end=\"5522\">Ei sobi inimeste ega loomade toiduks.<\/p>\n<\/li>\n<\/ul>\n<hr data-start=\"5524\" data-end=\"5527\" \/>\n<h3 data-start=\"5529\" data-end=\"5564\"><strong data-start=\"5533\" data-end=\"5564\">Korduma kippuvad k\u00fcsimused (KKK)<\/strong><\/h3>\n<p data-start=\"5566\" data-end=\"5742\"><strong data-start=\"5566\" data-end=\"5610\">1. Milleks MPT fumaraati kasutatakse?<\/strong><br data-start=\"5610\" data-end=\"5613\" \/>MPT fumaraati kasutatakse <strong data-start=\"5644\" data-end=\"5689\">farmakoloogilised ja neurokeemilised uuringud<\/strong> tr\u00fcptamiini analoogide ja serotoniini retseptorite suhtes.<\/p>\n<p data-start=\"5744\" data-end=\"5919\"><strong data-start=\"5744\" data-end=\"5797\">2. Kas MPT fumaraat on inimestele ohutu?<\/strong><br data-start=\"5797\" data-end=\"5800\" \/>Ei. See toode on <strong data-start=\"5820\" data-end=\"5869\">m\u00f5eldud ainult teaduslikuks otstarbeks<\/strong> ja ei ole inimtoiduks heaks kiidetud.<\/p>\n<p data-start=\"5921\" data-end=\"6079\"><strong data-start=\"5921\" data-end=\"5965\">3. Kuidas MPT fumaraati s\u00e4ilitada?<\/strong><br data-start=\"5965\" data-end=\"5968\" \/>Hoida <strong data-start=\"5983\" data-end=\"6013\">h\u00e4sti suletud pakend<\/strong> toatemperatuuril (15\u201325 \u00b0C), valguse ja niiskuse eest kaitstult.<\/p>","protected":false},"excerpt":{"rendered":"<h3><span style=\"vertical-align: inherit;\"><span style=\"vertical-align: inherit;\"><span dir=\"auto\" style=\"vertical-align: inherit;\"><span dir=\"auto\" style=\"vertical-align: inherit;\">MPT fumarate properties<\/span><\/span><\/span><\/span><\/h3>\n<p><strong><span style=\"vertical-align: inherit;\"><span style=\"vertical-align: inherit;\"><span dir=\"auto\" style=\"vertical-align: inherit;\"><span dir=\"auto\" style=\"vertical-align: inherit;\">Synonym:<\/span><\/span><\/span><\/span><\/strong><span style=\"vertical-align: inherit;\"><span style=\"vertical-align: inherit;\"><span dir=\"auto\" style=\"vertical-align: inherit;\"><span dir=\"auto\" style=\"vertical-align: inherit;\"> N-methyl-N-propyltryptamine fumarate <\/span><\/span><\/span><\/span><br \/>\n<strong><span style=\"vertical-align: inherit;\"><span style=\"vertical-align: inherit;\"><span dir=\"auto\" style=\"vertical-align: inherit;\"><span dir=\"auto\" style=\"vertical-align: inherit;\">CAS Number:<\/span><\/span><\/span><\/span><\/strong><span style=\"vertical-align: inherit;\"><span style=\"vertical-align: inherit;\"><span dir=\"auto\" style=\"vertical-align: inherit;\"><span dir=\"auto\" style=\"vertical-align: inherit;\"> n\/a <\/span><\/span><\/span><\/span><br \/>\n<strong><span style=\"vertical-align: inherit;\"><span style=\"vertical-align: inherit;\"><span dir=\"auto\" style=\"vertical-align: inherit;\"><span dir=\"auto\" style=\"vertical-align: inherit;\">Formula:<\/span><\/span><\/span><\/span><\/strong><span style=\"vertical-align: inherit;\"><span style=\"vertical-align: inherit;\"><span dir=\"auto\" style=\"vertical-align: inherit;\"><span dir=\"auto\" style=\"vertical-align: inherit;\"> 3-[2-(propyl(methyl)amino)ethyl]-1H-indole fumarate <\/span><\/span><\/span><\/span><br \/>\n<strong><span style=\"vertical-align: inherit;\"><span style=\"vertical-align: inherit;\"><span dir=\"auto\" style=\"vertical-align: inherit;\"><span dir=\"auto\" style=\"vertical-align: inherit;\">Molar Mass:<\/span><\/span><\/span><\/span><\/strong><span style=\"vertical-align: inherit;\"><span style=\"vertical-align: inherit;\"><span dir=\"auto\" style=\"vertical-align: inherit;\"><span dir=\"auto\" style=\"vertical-align: inherit;\"> 332.4 g\/mol <\/span><\/span><\/span><\/span><br \/>\n<strong><span style=\"vertical-align: inherit;\"><span style=\"vertical-align: inherit;\"><span dir=\"auto\" style=\"vertical-align: inherit;\"><span dir=\"auto\" style=\"vertical-align: inherit;\">Purity:<\/span><\/span><\/span><\/span><\/strong><span style=\"vertical-align: inherit;\"><span style=\"vertical-align: inherit;\"><span dir=\"auto\" style=\"vertical-align: inherit;\"><span dir=\"auto\" style=\"vertical-align: inherit;\"> &gt;97%<\/span><\/span><\/span><\/span><\/p>\n","protected":false},"featured_media":29374,"comment_status":"closed","ping_status":"closed","template":"","meta":[],"product_brand":[],"product_cat":[506,398,381],"product_tag":[1158,1159,326],"class_list":{"0":"post-23547","1":"product","2":"type-product","3":"status-publish","4":"has-post-thumbnail","6":"product_cat-mpt","7":"product_cat-verkoop","8":"product_cat-tryptamines","9":"product_tag-mpt-fumarate","10":"product_tag-mpt-fumarate-kopen","11":"product_tag-nl","13":"first","14":"instock","15":"sale","16":"taxable","17":"shipping-taxable","18":"purchasable","19":"product-type-variable"},"_links":{"self":[{"href":"https:\/\/onderzoekschemicals.com\/et\/wp-json\/wp\/v2\/product\/23547","targetHints":{"allow":["GET"]}}],"collection":[{"href":"https:\/\/onderzoekschemicals.com\/et\/wp-json\/wp\/v2\/product"}],"about":[{"href":"https:\/\/onderzoekschemicals.com\/et\/wp-json\/wp\/v2\/types\/product"}],"replies":[{"embeddable":true,"href":"https:\/\/onderzoekschemicals.com\/et\/wp-json\/wp\/v2\/comments?post=23547"}],"version-history":[{"count":5,"href":"https:\/\/onderzoekschemicals.com\/et\/wp-json\/wp\/v2\/product\/23547\/revisions"}],"predecessor-version":[{"id":28020,"href":"https:\/\/onderzoekschemicals.com\/et\/wp-json\/wp\/v2\/product\/23547\/revisions\/28020"}],"wp:featuredmedia":[{"embeddable":true,"href":"https:\/\/onderzoekschemicals.com\/et\/wp-json\/wp\/v2\/media\/29374"}],"wp:attachment":[{"href":"https:\/\/onderzoekschemicals.com\/et\/wp-json\/wp\/v2\/media?parent=23547"}],"wp:term":[{"taxonomy":"product_brand","embeddable":true,"href":"https:\/\/onderzoekschemicals.com\/et\/wp-json\/wp\/v2\/product_brand?post=23547"},{"taxonomy":"product_cat","embeddable":true,"href":"https:\/\/onderzoekschemicals.com\/et\/wp-json\/wp\/v2\/product_cat?post=23547"},{"taxonomy":"product_tag","embeddable":true,"href":"https:\/\/onderzoekschemicals.com\/et\/wp-json\/wp\/v2\/product_tag?post=23547"}],"curies":[{"name":"t\u00f6\u00f6leht","href":"https:\/\/api.w.org\/{rel}","templated":true}]}}