{"id":23304,"date":"2025-04-13T17:39:31","date_gmt":"2025-04-13T17:39:31","guid":{"rendered":"https:\/\/onderzoekschemicals.com\/?post_type=product&#038;p=23304"},"modified":"2025-11-28T11:35:47","modified_gmt":"2025-11-28T11:35:47","slug":"etizolam-kopen","status":"publish","type":"product","link":"https:\/\/onderzoekschemicals.com\/et\/shop\/verboden\/etizolam-kopen\/","title":{"rendered":"Etizolam 1mg blotterid"},"content":{"rendered":"<h1><span dir=\"auto\" style=\"vertical-align: inherit;\"><span dir=\"auto\" style=\"vertical-align: inherit;\">Etizolam Blotters 1mg \u2013 professionaalne uurimismaterjal teaduslikeks rakendusteks<\/span><\/span><\/h1>\n<p data-start=\"3736\" data-end=\"3880\"><strong data-start=\"3736\" data-end=\"3761\">Etizolam 1mg blotterid<\/strong> sisaldama <strong data-start=\"3771\" data-end=\"3807\">1 milligramm Etizolami blottipaberi kohta<\/strong>t\u00e4pselt doseeritud <strong data-start=\"3835\" data-end=\"3877\">farmakoloogilised ja anal\u00fc\u00fctilised uuringud<\/strong>osta etisolaami<\/p>\n<p data-start=\"3882\" data-end=\"4147\">Etisolaam on <strong data-start=\"3898\" data-end=\"3928\">tienodiazepiini \u00fchend<\/strong>, struktuurilt seotud bensodiasepiinidega ja selle m\u00f5ju uuritakse praegu <strong data-start=\"4015\" data-end=\"4036\">GABA-A retseptorid<\/strong>Seda kasutatakse sageli <strong data-start=\"4065\" data-end=\"4098\">neurofarmakoloogilisi uuringuid<\/strong> anksiol\u00fc\u00fctiliste ja rahustavate omadustega.<\/p>\n<p data-start=\"4149\" data-end=\"4377\">Iga blotter on toodetud vastavalt <strong data-start=\"4186\" data-end=\"4224\">ranged laboritingimused<\/strong>, kohta <strong data-start=\"4230\" data-end=\"4265\">k\u00f5rge puhtusastmega etisolaam (\u226599%)<\/strong> peal <strong data-start=\"4269\" data-end=\"4297\">uurimist\u00f6\u00f6d v\u00e4\u00e4rt t\u00f6\u00f6<\/strong>, mis tagab <strong data-start=\"4314\" data-end=\"4374\">\u00fchtlane neeldumine ja j\u00e4rjepidev anal\u00fc\u00fctiline j\u00f5udlus<\/strong>.<\/p>\n<blockquote data-start=\"4379\" data-end=\"4534\">\n<p data-start=\"4381\" data-end=\"4534\">\u26a0\ufe0f <strong data-start=\"4384\" data-end=\"4395\">NB!<\/strong> Need m\u00e4rkmikud on <strong data-start=\"4415\" data-end=\"4470\">m\u00f5eldud ainult teaduslikuks uurimist\u00f6\u00f6ks<\/strong> ja <strong data-start=\"4474\" data-end=\"4531\">ei sobi inimeste ega loomade toiduks<\/strong>.<\/p>\n<\/blockquote>\n<hr data-start=\"4536\" data-end=\"4539\" \/>\n<h3 data-start=\"4541\" data-end=\"4572\"><strong data-start=\"4545\" data-end=\"4572\">Peamised omadused<\/strong><\/h3>\n<ul data-start=\"4573\" data-end=\"5008\">\n<li data-start=\"4573\" data-end=\"4662\">\n<p data-start=\"4575\" data-end=\"4662\"><strong data-start=\"4575\" data-end=\"4617\">T\u00e4pne annus (1 mg blotteri kohta)<\/strong> \u2013 Usaldusv\u00e4\u00e4rsete anal\u00fc\u00fctiliste tulemuste saamiseks.<\/p>\n<\/li>\n<li data-start=\"4663\" data-end=\"4737\">\n<p data-start=\"4665\" data-end=\"4737\"><strong data-start=\"4665\" data-end=\"4691\">K\u00f5rge puhtusaste (\u226599%)<\/strong> \u2013 Kontrollitud HPLC ja GC-MS anal\u00fc\u00fcsi abil.<\/p>\n<\/li>\n<li data-start=\"4738\" data-end=\"4820\">\n<p data-start=\"4740\" data-end=\"4820\"><strong data-start=\"4740\" data-end=\"4762\">\u00dchtlane jaotus<\/strong> \u2013 \u00dchtlane katmine j\u00e4rjepidevate testitulemuste saavutamiseks.<\/p>\n<\/li>\n<li data-start=\"4821\" data-end=\"4918\">\n<p data-start=\"4823\" data-end=\"4918\"><strong data-start=\"4823\" data-end=\"4862\">Farmakoloogiliste uuringute standard<\/strong> \u2013 Sobib retseptorite ja bioanal\u00fc\u00fctiliseks uurimiseks.<\/p>\n<\/li>\n<li data-start=\"4919\" data-end=\"5008\">\n<p data-start=\"4921\" data-end=\"5008\"><strong data-start=\"4921\" data-end=\"4943\">Ohutu pakend<\/strong> \u2013 Pikaajalise s\u00e4ilivusaja tagamiseks valguse ja niiskuse eest kaitstult. Osta etisolaami.<\/p>\n<\/li>\n<\/ul>\n<hr data-start=\"5010\" data-end=\"5013\" \/>\n<h3 data-start=\"5015\" data-end=\"5032\"><strong data-start=\"5019\" data-end=\"5032\">Eelised<\/strong><\/h3>\n<ul data-start=\"5033\" data-end=\"5328\">\n<li data-start=\"5033\" data-end=\"5120\">\n<p data-start=\"5035\" data-end=\"5120\">Toetab <strong data-start=\"5047\" data-end=\"5117\">GABA-A retseptorite ja neurofarmakoloogiliste protsesside uuringud<\/strong>.<\/p>\n<\/li>\n<li data-start=\"5121\" data-end=\"5181\">\n<p data-start=\"5123\" data-end=\"5181\"><strong data-start=\"5123\" data-end=\"5178\">T\u00e4psed ja reprodutseeritavad uurimistulemused<\/strong>.<\/p>\n<\/li>\n<li data-start=\"5182\" data-end=\"5254\">\n<p data-start=\"5184\" data-end=\"5254\"><strong data-start=\"5184\" data-end=\"5226\">Lihtne k\u00e4sitseda ja hoiustada<\/strong> laboratoorseks kasutamiseks.<\/p>\n<\/li>\n<li data-start=\"5255\" data-end=\"5328\">\n<p data-start=\"5257\" data-end=\"5328\">Sobib <strong data-start=\"5271\" data-end=\"5325\">akadeemiline, farmakoloogiline ja anal\u00fc\u00fctiline uurimist\u00f6\u00f6<\/strong>.<\/p>\n<\/li>\n<\/ul>\n<hr data-start=\"5330\" data-end=\"5333\" \/>\n<h3 data-start=\"5335\" data-end=\"5350\"><strong data-start=\"5339\" data-end=\"5350\">Kasutus<\/strong><\/h3>\n<ul data-start=\"5351\" data-end=\"5622\">\n<li data-start=\"5351\" data-end=\"5421\">\n<p data-start=\"5353\" data-end=\"5421\">Ainult kasutamiseks <strong data-start=\"5378\" data-end=\"5418\">kvalifitseeritud laboripersonal<\/strong>.<\/p>\n<\/li>\n<li data-start=\"5422\" data-end=\"5498\">\n<p data-start=\"5424\" data-end=\"5498\">Kasutage sobivaid <strong data-start=\"5442\" data-end=\"5466\">kaitsevarustus<\/strong> (kindad, kaitseprillid, laborikittel).<\/p>\n<\/li>\n<li data-start=\"5499\" data-end=\"5563\">\n<p data-start=\"5501\" data-end=\"5563\">S\u00e4\u00e4sta a <strong data-start=\"5516\" data-end=\"5550\">jahedas, kuivas ja pimedas kohas<\/strong> (15\u201325 \u00b0C).<\/p>\n<\/li>\n<li data-start=\"5564\" data-end=\"5622\">\n<p data-start=\"5566\" data-end=\"5622\">Ei sobi inimeste ega loomade toiduks.<\/p>\n<\/li>\n<\/ul>\n<hr data-start=\"5624\" data-end=\"5627\" \/>\n<h3 data-start=\"5629\" data-end=\"5664\"><strong data-start=\"5633\" data-end=\"5664\">Korduma kippuvad k\u00fcsimused (KKK)<\/strong><\/h3>\n<p data-start=\"5666\" data-end=\"5841\"><strong data-start=\"5666\" data-end=\"5720\">1. Milleks kasutatakse Etizolam 1mg blottereid?<\/strong><br data-start=\"5720\" data-end=\"5723\" \/>Etizolam 1mg blottereid kasutatakse <strong data-start=\"5764\" data-end=\"5806\">anal\u00fc\u00fctilised ja farmakoloogilised uuringud<\/strong> GABA-A retseptori interaktsioonide suhtes.<\/p>\n<p data-start=\"5843\" data-end=\"6029\"><strong data-start=\"5843\" data-end=\"5903\">2. Kas Etizolam Blotters on inimestele ohutu?<\/strong><br data-start=\"5903\" data-end=\"5906\" \/>Ei. Need m\u00e4rkmikud on <strong data-start=\"5930\" data-end=\"5979\">m\u00f5eldud ainult teaduslikuks otstarbeks<\/strong> ja ei ole inimtoiduks heaks kiidetud.<\/p>\n<p data-start=\"6031\" data-end=\"6169\"><strong data-start=\"6031\" data-end=\"6082\">3. Kuidas tuleks Etizolam Blottersi s\u00e4ilitada?<\/strong><br data-start=\"6082\" data-end=\"6085\" \/>Hoida <strong data-start=\"6100\" data-end=\"6135\">valguse- ja niiskuskindel pakend<\/strong> toatemperatuuril (15\u201325 \u00b0C).<\/p>","protected":false},"excerpt":{"rendered":"<h2><strong><span dir=\"auto\" style=\"vertical-align: inherit;\"><span dir=\"auto\" style=\"vertical-align: inherit;\">Etizolam 1mg Blotters<\/span><\/span><\/strong><\/h2>\n<p><span dir=\"auto\" style=\"vertical-align: inherit;\"><span dir=\"auto\" style=\"vertical-align: inherit;\">CAS Number: 40054-69-1 <\/span><\/span><br \/>\n<span dir=\"auto\" style=\"vertical-align: inherit;\"><span dir=\"auto\" style=\"vertical-align: inherit;\">Formula: 4-(2-chlorophenyl)-2-ethyl-9-methyl-6H-thieno[3,2-f][1,2,4]triazolo[4,3-a][1,4]diazepine <\/span><\/span><br \/>\n<span dir=\"auto\" style=\"vertical-align: inherit;\"><span dir=\"auto\" style=\"vertical-align: inherit;\">Molecular mass: 342.8 g\/mol <\/span><\/span><br \/>\n<span dir=\"auto\" style=\"vertical-align: inherit;\"><span dir=\"auto\" style=\"vertical-align: inherit;\">Purity: \u2265 99%<\/span><\/span><\/p>\n","protected":false},"featured_media":29329,"comment_status":"closed","ping_status":"closed","template":"","meta":[],"product_brand":[82],"product_cat":[488],"product_tag":[917,922,1130,326],"class_list":{"0":"post-23304","1":"product","2":"type-product","3":"status-publish","4":"has-post-thumbnail","6":"product_brand-research-chemical","7":"product_cat-verboden","8":"product_tag-etizolam","9":"product_tag-etizolam-blotters","10":"product_tag-etizolam-kopen","11":"product_tag-nl","13":"first","14":"instock","15":"taxable","16":"shipping-taxable","17":"purchasable","18":"product-type-simple"},"_links":{"self":[{"href":"https:\/\/onderzoekschemicals.com\/et\/wp-json\/wp\/v2\/product\/23304","targetHints":{"allow":["GET"]}}],"collection":[{"href":"https:\/\/onderzoekschemicals.com\/et\/wp-json\/wp\/v2\/product"}],"about":[{"href":"https:\/\/onderzoekschemicals.com\/et\/wp-json\/wp\/v2\/types\/product"}],"replies":[{"embeddable":true,"href":"https:\/\/onderzoekschemicals.com\/et\/wp-json\/wp\/v2\/comments?post=23304"}],"version-history":[{"count":6,"href":"https:\/\/onderzoekschemicals.com\/et\/wp-json\/wp\/v2\/product\/23304\/revisions"}],"predecessor-version":[{"id":28043,"href":"https:\/\/onderzoekschemicals.com\/et\/wp-json\/wp\/v2\/product\/23304\/revisions\/28043"}],"wp:featuredmedia":[{"embeddable":true,"href":"https:\/\/onderzoekschemicals.com\/et\/wp-json\/wp\/v2\/media\/29329"}],"wp:attachment":[{"href":"https:\/\/onderzoekschemicals.com\/et\/wp-json\/wp\/v2\/media?parent=23304"}],"wp:term":[{"taxonomy":"product_brand","embeddable":true,"href":"https:\/\/onderzoekschemicals.com\/et\/wp-json\/wp\/v2\/product_brand?post=23304"},{"taxonomy":"product_cat","embeddable":true,"href":"https:\/\/onderzoekschemicals.com\/et\/wp-json\/wp\/v2\/product_cat?post=23304"},{"taxonomy":"product_tag","embeddable":true,"href":"https:\/\/onderzoekschemicals.com\/et\/wp-json\/wp\/v2\/product_tag?post=23304"}],"curies":[{"name":"t\u00f6\u00f6leht","href":"https:\/\/api.w.org\/{rel}","templated":true}]}}