{"id":23248,"date":"2025-04-13T17:39:26","date_gmt":"2025-04-13T17:39:26","guid":{"rendered":"https:\/\/onderzoekschemicals.com\/?post_type=product&#038;p=23248"},"modified":"2025-11-28T14:53:51","modified_gmt":"2025-11-28T14:53:51","slug":"dmxe-deoxymethoxetamine","status":"publish","type":"product","link":"https:\/\/onderzoekschemicals.com\/et\/shop\/arylcyclohexylamine\/dmxe-deoxymethoxetamine\/","title":{"rendered":"DMXE (deoks\u00fcmetoks\u00fcetamiin)"},"content":{"rendered":"<h1><span dir=\"auto\" style=\"vertical-align: inherit;\"><span dir=\"auto\" style=\"vertical-align: inherit;\">DMXE (deoks\u00fcmetoks\u00fcetamiin) \u2013 \u00fcksikasjalik teave uurimisotstarbel<\/span><\/span><\/h1>\n<p data-start=\"6776\" data-end=\"7081\"><strong data-start=\"6776\" data-end=\"6784\"><span dir=\"auto\" style=\"vertical-align: inherit;\"><span dir=\"auto\" style=\"vertical-align: inherit;\">DMXE<\/span><\/span><\/strong><span dir=\"auto\" style=\"vertical-align: inherit;\"><span dir=\"auto\" style=\"vertical-align: inherit;\"> , t\u00e4ielikult <\/span><\/span><strong data-start=\"6793\" data-end=\"6815\"><span dir=\"auto\" style=\"vertical-align: inherit;\"><span dir=\"auto\" style=\"vertical-align: inherit;\">Deoks\u00fcmetoks\u00fcetamiin<\/span><\/span><\/strong><span dir=\"auto\" style=\"vertical-align: inherit;\"><span dir=\"auto\" style=\"vertical-align: inherit;\"> , on a <\/span><\/span><strong data-start=\"6824\" data-end=\"6852\"><span dir=\"auto\" style=\"vertical-align: inherit;\"><span dir=\"auto\" style=\"vertical-align: inherit;\">dissotsiatiivne \u00fchend<\/span><\/span><\/strong><span dir=\"auto\" style=\"vertical-align: inherit;\"><span dir=\"auto\" style=\"vertical-align: inherit;\"> sellest <\/span><\/span><strong data-start=\"6860\" data-end=\"6889\"><span dir=\"auto\" style=\"vertical-align: inherit;\"><span dir=\"auto\" style=\"vertical-align: inherit;\">ar\u00fc\u00fclts\u00fckloheks\u00fc\u00fclamiini klass<\/span><\/span><\/strong><span dir=\"auto\" style=\"vertical-align: inherit;\"><span dir=\"auto\" style=\"vertical-align: inherit;\"> , struktuurilt seotud <\/span><\/span><strong data-start=\"6915\" data-end=\"6927\"><span dir=\"auto\" style=\"vertical-align: inherit;\"><span dir=\"auto\" style=\"vertical-align: inherit;\">Ketamiin<\/span><\/span><\/strong><span dir=\"auto\" style=\"vertical-align: inherit;\"><span dir=\"auto\" style=\"vertical-align: inherit;\"> ja <\/span><\/span><strong data-start=\"6931\" data-end=\"6954\"><span dir=\"auto\" style=\"vertical-align: inherit;\"><span dir=\"auto\" style=\"vertical-align: inherit;\">Metoksetamiin (MXE)<\/span><\/span><\/strong><span dir=\"auto\" style=\"vertical-align: inherit;\"><span dir=\"auto\" style=\"vertical-align: inherit;\"> . <\/span><\/span><span class=\"___SBox_epc1q-ko_ ___SText_zko9t-ko_\" data-ui-name=\"Link.Text\"><span dir=\"auto\" style=\"vertical-align: inherit;\"><span dir=\"auto\" style=\"vertical-align: inherit;\">5-kaart<\/span><\/span><\/span><br data-start=\"6955\" data-end=\"6958\" \/><span dir=\"auto\" style=\"vertical-align: inherit;\"><span dir=\"auto\" style=\"vertical-align: inherit;\"> Sellel on <\/span><\/span><strong data-start=\"6968\" data-end=\"6996\"><span dir=\"auto\" style=\"vertical-align: inherit;\"><span dir=\"auto\" style=\"vertical-align: inherit;\">meditsiinilist kasutust ei ole<\/span><\/span><\/strong><span dir=\"auto\" style=\"vertical-align: inherit;\"><span dir=\"auto\" style=\"vertical-align: inherit;\"> ja seda uuritakse ainult <\/span><\/span><strong data-start=\"7032\" data-end=\"7078\"><span dir=\"auto\" style=\"vertical-align: inherit;\"><span dir=\"auto\" style=\"vertical-align: inherit;\">kohtuekspertiisi ja farmakoloogialaborid<\/span><\/span><\/strong><span dir=\"auto\" style=\"vertical-align: inherit;\"><span dir=\"auto\" style=\"vertical-align: inherit;\"> .<\/span><\/span><\/p>\n<p data-start=\"7083\" data-end=\"7257\"><span dir=\"auto\" style=\"vertical-align: inherit;\"><span dir=\"auto\" style=\"vertical-align: inherit;\">Teadlased keskenduvad sellele, <\/span><\/span><strong data-start=\"7115\" data-end=\"7138\"><span dir=\"auto\" style=\"vertical-align: inherit;\"><span dir=\"auto\" style=\"vertical-align: inherit;\">keemiline struktuur<\/span><\/span><\/strong><span dir=\"auto\" style=\"vertical-align: inherit;\"><span dir=\"auto\" style=\"vertical-align: inherit;\"> , <\/span><\/span><strong data-start=\"7140\" data-end=\"7162\"><span dir=\"auto\" style=\"vertical-align: inherit;\"><span dir=\"auto\" style=\"vertical-align: inherit;\">retseptori interaktsioon<\/span><\/span><\/strong><span dir=\"auto\" style=\"vertical-align: inherit;\"><span dir=\"auto\" style=\"vertical-align: inherit;\"> ja <\/span><\/span><strong data-start=\"7166\" data-end=\"7190\"><span dir=\"auto\" style=\"vertical-align: inherit;\"><span dir=\"auto\" style=\"vertical-align: inherit;\">anal\u00fc\u00fctiline tuvastamine<\/span><\/span><\/strong><span dir=\"auto\" style=\"vertical-align: inherit;\"><span dir=\"auto\" style=\"vertical-align: inherit;\"> v\u00f5i DMXE uudsete ps\u00fchhoaktiivsete ainete (NPS) kontekstis.<\/span><\/span><\/p>\n<hr data-start=\"7259\" data-end=\"7262\" \/>\n<h2 data-start=\"7264\" data-end=\"7311\"><strong data-start=\"7267\" data-end=\"7311\"><span dir=\"auto\" style=\"vertical-align: inherit;\"><span dir=\"auto\" style=\"vertical-align: inherit;\">Keemiline ja farmakoloogiline taust<\/span><\/span><\/strong><\/h2>\n<p data-start=\"7313\" data-end=\"7338\"><strong data-start=\"7313\" data-end=\"7338\"><span dir=\"auto\" style=\"vertical-align: inherit;\"><span dir=\"auto\" style=\"vertical-align: inherit;\">Oluline teave:<\/span><\/span><\/strong><\/p>\n<ul data-start=\"7339\" data-end=\"7591\">\n<li data-start=\"7339\" data-end=\"7404\">\n<p data-start=\"7341\" data-end=\"7404\"><strong data-start=\"7341\" data-end=\"7356\"><span dir=\"auto\" style=\"vertical-align: inherit;\"><span dir=\"auto\" style=\"vertical-align: inherit;\">IUPAC-nimetus:<\/span><\/span><\/strong><span dir=\"auto\" style=\"vertical-align: inherit;\"><span dir=\"auto\" style=\"vertical-align: inherit;\"> 2-(et\u00fc\u00fclamino)-2-(3-metoks\u00fcfen\u00fc\u00fcl)ts\u00fckloheksanoon<\/span><\/span><\/p>\n<\/li>\n<li data-start=\"7405\" data-end=\"7439\">\n<p data-start=\"7407\" data-end=\"7439\"><strong data-start=\"7407\" data-end=\"7427\"><span dir=\"auto\" style=\"vertical-align: inherit;\"><span dir=\"auto\" style=\"vertical-align: inherit;\">Molekulaarne valem:<\/span><\/span><\/strong><span dir=\"auto\" style=\"vertical-align: inherit;\"><span dir=\"auto\" style=\"vertical-align: inherit;\"> C15H23NO2<\/span><\/span><\/p>\n<\/li>\n<li data-start=\"7440\" data-end=\"7476\">\n<p data-start=\"7442\" data-end=\"7476\"><strong data-start=\"7442\" data-end=\"7460\"><span dir=\"auto\" style=\"vertical-align: inherit;\"><span dir=\"auto\" style=\"vertical-align: inherit;\">Molekulaarmass:<\/span><\/span><\/strong><span dir=\"auto\" style=\"vertical-align: inherit;\"><span dir=\"auto\" style=\"vertical-align: inherit;\"> \u00b1249,35 g\/mol<\/span><\/span><\/p>\n<\/li>\n<li data-start=\"7477\" data-end=\"7523\">\n<p data-start=\"7479\" data-end=\"7523\"><strong data-start=\"7479\" data-end=\"7500\"><span dir=\"auto\" style=\"vertical-align: inherit;\"><span dir=\"auto\" style=\"vertical-align: inherit;\">Keemiline klass:<\/span><\/span><\/strong><span dir=\"auto\" style=\"vertical-align: inherit;\"><span dir=\"auto\" style=\"vertical-align: inherit;\"> Ar\u00fc\u00fclts\u00fckloheks\u00fc\u00fclamiinid<\/span><\/span><\/p>\n<\/li>\n<li data-start=\"7524\" data-end=\"7591\">\n<p data-start=\"7526\" data-end=\"7591\"><strong data-start=\"7526\" data-end=\"7546\"><span dir=\"auto\" style=\"vertical-align: inherit;\"><span dir=\"auto\" style=\"vertical-align: inherit;\">Retseptori toime:<\/span><\/span><\/strong><span dir=\"auto\" style=\"vertical-align: inherit;\"><span dir=\"auto\" style=\"vertical-align: inherit;\"> NMDA retseptori antagonist (mittekonkureeriv)<\/span><\/span><\/p>\n<\/li>\n<\/ul>\n<p data-start=\"7593\" data-end=\"7737\"><span dir=\"auto\" style=\"vertical-align: inherit;\"><span dir=\"auto\" style=\"vertical-align: inherit;\">Metoks\u00fcr\u00fchma puudumine muudab DMXE huvitavaks uurimisobjektiks. <\/span><\/span><strong data-start=\"7671\" data-end=\"7709\"><span dir=\"auto\" style=\"vertical-align: inherit;\"><span dir=\"auto\" style=\"vertical-align: inherit;\">struktuurilised v\u00f5rdlevad uuringud<\/span><\/span><\/strong><span dir=\"auto\" style=\"vertical-align: inherit;\"><span dir=\"auto\" style=\"vertical-align: inherit;\"> koos MXE ja teiste analoogidega.<\/span><\/span><\/p>\n<hr data-start=\"7739\" data-end=\"7742\" \/>\n<h2 data-start=\"7744\" data-end=\"7771\"><strong data-start=\"7747\" data-end=\"7771\"><span dir=\"auto\" style=\"vertical-align: inherit;\"><span dir=\"auto\" style=\"vertical-align: inherit;\">Teadusuuringute eesm\u00e4rgid<\/span><\/span><\/strong><\/h2>\n<p data-start=\"7773\" data-end=\"7800\"><span dir=\"auto\" style=\"vertical-align: inherit;\"><span dir=\"auto\" style=\"vertical-align: inherit;\">DMXE-d uuritakse j\u00e4rgmistel p\u00f5hjustel:<\/span><\/span><\/p>\n<ul data-start=\"7801\" data-end=\"8120\">\n<li data-start=\"7801\" data-end=\"7881\">\n<p data-start=\"7803\" data-end=\"7881\"><strong data-start=\"7803\" data-end=\"7831\"><span dir=\"auto\" style=\"vertical-align: inherit;\"><span dir=\"auto\" style=\"vertical-align: inherit;\">Kohtutoksikoloogia:<\/span><\/span><\/strong><span dir=\"auto\" style=\"vertical-align: inherit;\"><span dir=\"auto\" style=\"vertical-align: inherit;\"> Uute dissotsiatiivsete ainete tuvastamine.<\/span><\/span><\/p>\n<\/li>\n<li data-start=\"7882\" data-end=\"7959\">\n<p data-start=\"7884\" data-end=\"7959\"><strong data-start=\"7884\" data-end=\"7907\"><span dir=\"auto\" style=\"vertical-align: inherit;\"><span dir=\"auto\" style=\"vertical-align: inherit;\">Anal\u00fc\u00fctiline keemia:<\/span><\/span><\/strong><span dir=\"auto\" style=\"vertical-align: inherit;\"><span dir=\"auto\" style=\"vertical-align: inherit;\"> kromatograafiliste tuvastusmeetodite valideerimine.<\/span><\/span><\/p>\n<\/li>\n<li data-start=\"7960\" data-end=\"8034\">\n<p data-start=\"7962\" data-end=\"8034\"><strong data-start=\"7962\" data-end=\"7991\"><span dir=\"auto\" style=\"vertical-align: inherit;\"><span dir=\"auto\" style=\"vertical-align: inherit;\">Farmakoloogilised uuringud:<\/span><\/span><\/strong><span dir=\"auto\" style=\"vertical-align: inherit;\"><span dir=\"auto\" style=\"vertical-align: inherit;\"> NMDA retseptorite interaktsioonide uurimine.<\/span><\/span><\/p>\n<\/li>\n<li data-start=\"8035\" data-end=\"8120\">\n<p data-start=\"8037\" data-end=\"8120\"><strong data-start=\"8037\" data-end=\"8067\"><span dir=\"auto\" style=\"vertical-align: inherit;\"><span dir=\"auto\" style=\"vertical-align: inherit;\">Rahvatervise uuringud:<\/span><\/span><\/strong><span dir=\"auto\" style=\"vertical-align: inherit;\"><span dir=\"auto\" style=\"vertical-align: inherit;\"> uute ps\u00fchhoaktiivsete ainete (NPS-ide) seire.<\/span><\/span><\/p>\n<\/li>\n<\/ul>\n<hr data-start=\"8122\" data-end=\"8125\" \/>\n<h2 data-start=\"8127\" data-end=\"8171\"><strong data-start=\"8130\" data-end=\"8171\"><span dir=\"auto\" style=\"vertical-align: inherit;\"><span dir=\"auto\" style=\"vertical-align: inherit;\">Ohutus- ja juriidilised kaalutlused<\/span><\/span><\/strong><\/h2>\n<p data-start=\"8173\" data-end=\"8408\"><strong data-start=\"8173\" data-end=\"8188\"><span dir=\"auto\" style=\"vertical-align: inherit;\"><span dir=\"auto\" style=\"vertical-align: inherit;\">Ohutus:<\/span><\/span><\/strong><br data-start=\"8188\" data-end=\"8191\" \/><span dir=\"auto\" style=\"vertical-align: inherit;\"><span dir=\"auto\" style=\"vertical-align: inherit;\"> DMXE-d peaksid k\u00e4sitsema ainult <\/span><\/span><strong data-start=\"8236\" data-end=\"8262\"><span dir=\"auto\" style=\"vertical-align: inherit;\"><span dir=\"auto\" style=\"vertical-align: inherit;\">koolitatud teadlased<\/span><\/span><\/strong><span dir=\"auto\" style=\"vertical-align: inherit;\"><span dir=\"auto\" style=\"vertical-align: inherit;\"> sisse <\/span><\/span><strong data-start=\"8266\" data-end=\"8290\"><span dir=\"auto\" style=\"vertical-align: inherit;\"><span dir=\"auto\" style=\"vertical-align: inherit;\">litsentseeritud laborid<\/span><\/span><\/strong><span dir=\"auto\" style=\"vertical-align: inherit;\"><span dir=\"auto\" style=\"vertical-align: inherit;\"> . <\/span><\/span><br data-start=\"8291\" data-end=\"8294\" \/><span dir=\"auto\" style=\"vertical-align: inherit;\"><span dir=\"auto\" style=\"vertical-align: inherit;\">Kandke <\/span><\/span><strong data-start=\"8302\" data-end=\"8362\"><span dir=\"auto\" style=\"vertical-align: inherit;\"><span dir=\"auto\" style=\"vertical-align: inherit;\">kaitseriietus, kindad ja kaitseprillid<\/span><\/span><\/strong><span dir=\"auto\" style=\"vertical-align: inherit;\"><span dir=\"auto\" style=\"vertical-align: inherit;\"> ja v\u00e4ltige kokkupuudet aurude v\u00f5i tolmuga.<\/span><\/span><\/p>\n<p data-start=\"8410\" data-end=\"8570\"><strong data-start=\"8410\" data-end=\"8432\"><span dir=\"auto\" style=\"vertical-align: inherit;\"><span dir=\"auto\" style=\"vertical-align: inherit;\">\u00d5iguslik staatus:<\/span><\/span><\/strong><br data-start=\"8432\" data-end=\"8435\" \/><span dir=\"auto\" style=\"vertical-align: inherit;\"><span dir=\"auto\" style=\"vertical-align: inherit;\"> Paljudes riikides on DMXE <\/span><\/span><strong data-start=\"8462\" data-end=\"8495\"><span dir=\"auto\" style=\"vertical-align: inherit;\"><span dir=\"auto\" style=\"vertical-align: inherit;\">kontrollitav v\u00f5i keelatud aine<\/span><\/span><\/strong><span dir=\"auto\" style=\"vertical-align: inherit;\"><span dir=\"auto\" style=\"vertical-align: inherit;\"> Kasutamine, omamine v\u00f5i m\u00fc\u00fck v\u00e4ljaspool teadusuuringute eesm\u00e4rke <\/span><\/span><strong data-start=\"8554\" data-end=\"8567\"><span dir=\"auto\" style=\"vertical-align: inherit;\"><span dir=\"auto\" style=\"vertical-align: inherit;\">seadusega karistatav<\/span><\/span><\/strong><span dir=\"auto\" style=\"vertical-align: inherit;\"><span dir=\"auto\" style=\"vertical-align: inherit;\"> .<\/span><\/span><\/p>\n<hr data-start=\"8572\" data-end=\"8575\" \/>\n<h2 data-start=\"8577\" data-end=\"8611\"><strong data-start=\"8580\" data-end=\"8611\"><span dir=\"auto\" style=\"vertical-align: inherit;\"><span dir=\"auto\" style=\"vertical-align: inherit;\">Korduma kippuvad k\u00fcsimused (KKK)<\/span><\/span><\/strong><\/h2>\n<h3 data-start=\"8613\" data-end=\"8655\"><strong data-start=\"8617\" data-end=\"8655\"><span dir=\"auto\" style=\"vertical-align: inherit;\"><span dir=\"auto\" style=\"vertical-align: inherit;\">1. Milleks DMXE-d uuritakse?<\/span><\/span><\/strong><\/h3>\n<p data-start=\"8656\" data-end=\"8755\"><span dir=\"auto\" style=\"vertical-align: inherit;\"><span dir=\"auto\" style=\"vertical-align: inherit;\">DMXE-d kasutatakse <\/span><\/span><strong data-start=\"8681\" data-end=\"8723\"><span dir=\"auto\" style=\"vertical-align: inherit;\"><span dir=\"auto\" style=\"vertical-align: inherit;\">kohtuekspertiisi ja farmakoloogilised uuringud<\/span><\/span><\/strong><span dir=\"auto\" style=\"vertical-align: inherit;\"><span dir=\"auto\" style=\"vertical-align: inherit;\"> NMDA retseptori antagonistide kohta.<\/span><\/span><\/p>\n<h3 data-start=\"8757\" data-end=\"8783\"><strong data-start=\"8761\" data-end=\"8783\"><span dir=\"auto\" style=\"vertical-align: inherit;\"><span dir=\"auto\" style=\"vertical-align: inherit;\">2. Kas DMXE on seaduslik?<\/span><\/span><\/strong><\/h3>\n<p data-start=\"8784\" data-end=\"8893\"><span dir=\"auto\" style=\"vertical-align: inherit;\"><span dir=\"auto\" style=\"vertical-align: inherit;\">Enamikus riikides kuulub DMXE kas ... alla. <\/span><\/span><strong data-start=\"8823\" data-end=\"8864\"><span dir=\"auto\" style=\"vertical-align: inherit;\"><span dir=\"auto\" style=\"vertical-align: inherit;\">Kontrollitavate ainete seadus<\/span><\/span><\/strong><span dir=\"auto\" style=\"vertical-align: inherit;\"><span dir=\"auto\" style=\"vertical-align: inherit;\"> v\u00f5i <\/span><\/span><strong data-start=\"8871\" data-end=\"8892\"><span dir=\"auto\" style=\"vertical-align: inherit;\"><span dir=\"auto\" style=\"vertical-align: inherit;\">Analoogide seadus<\/span><\/span><\/strong><span dir=\"auto\" style=\"vertical-align: inherit;\"><span dir=\"auto\" style=\"vertical-align: inherit;\"> .<\/span><\/span><\/p>\n<h3 data-start=\"8895\" data-end=\"8945\"><strong data-start=\"8899\" data-end=\"8945\"><span dir=\"auto\" style=\"vertical-align: inherit;\"><span dir=\"auto\" style=\"vertical-align: inherit;\">3. Kuidas tuleks DMXE-d ohutult k\u00e4sitseda?<\/span><\/span><\/strong><\/h3>\n<p data-start=\"8946\" data-end=\"9094\"><span dir=\"auto\" style=\"vertical-align: inherit;\"><span dir=\"auto\" style=\"vertical-align: inherit;\">Ainult <\/span><\/span><strong data-start=\"8953\" data-end=\"8983\"><span dir=\"auto\" style=\"vertical-align: inherit;\"><span dir=\"auto\" style=\"vertical-align: inherit;\">professionaalsed teadlased<\/span><\/span><\/strong><span dir=\"auto\" style=\"vertical-align: inherit;\"><span dir=\"auto\" style=\"vertical-align: inherit;\"> peaks DMXE-ga hakkama saama <\/span><\/span><strong data-start=\"9008\" data-end=\"9043\"><span dir=\"auto\" style=\"vertical-align: inherit;\"><span dir=\"auto\" style=\"vertical-align: inherit;\">sobivaid ohutusmeetmeid<\/span><\/span><\/strong><span dir=\"auto\" style=\"vertical-align: inherit;\"><span dir=\"auto\" style=\"vertical-align: inherit;\"> ja kontrollitud laborikeskkonnas.<\/span><\/span><\/p>","protected":false},"excerpt":{"rendered":"<h3><span dir=\"auto\" style=\"vertical-align: inherit;\"><span dir=\"auto\" style=\"vertical-align: inherit;\">DMXE omadused<\/span><\/span><\/h3>\n<p><strong><span dir=\"auto\" style=\"vertical-align: inherit;\"><span dir=\"auto\" style=\"vertical-align: inherit;\">S\u00fcnon\u00fc\u00fcm:<\/span><\/span><\/strong><span dir=\"auto\" style=\"vertical-align: inherit;\"><span dir=\"auto\" style=\"vertical-align: inherit;\"> Deoks\u00fcmetoks\u00fcetamiin <\/span><\/span><br \/>\n<strong><span dir=\"auto\" style=\"vertical-align: inherit;\"><span dir=\"auto\" style=\"vertical-align: inherit;\">CAS-number:<\/span><\/span><\/strong><span dir=\"auto\" style=\"vertical-align: inherit;\"><span dir=\"auto\" style=\"vertical-align: inherit;\"> 2666932-45-0 <\/span><\/span><br \/>\n<strong><span dir=\"auto\" style=\"vertical-align: inherit;\"><span dir=\"auto\" style=\"vertical-align: inherit;\">Valem: <\/span><\/span><\/strong> <span title=\"S\u00fcsinik\"><span dir=\"auto\" style=\"vertical-align: inherit;\"><span dir=\"auto\" style=\"vertical-align: inherit;\">C <\/span><\/span><\/span><sub><span dir=\"auto\" style=\"vertical-align: inherit;\"><span dir=\"auto\" style=\"vertical-align: inherit;\">15 <\/span><\/span><\/sub><span title=\"Vesinik\"><span dir=\"auto\" style=\"vertical-align: inherit;\"><span dir=\"auto\" style=\"vertical-align: inherit;\">H <\/span><\/span><\/span><sub><span dir=\"auto\" style=\"vertical-align: inherit;\"><span dir=\"auto\" style=\"vertical-align: inherit;\">21 <\/span><\/span><\/sub><span title=\"L\u00e4mmastik\"><span dir=\"auto\" style=\"vertical-align: inherit;\"><span dir=\"auto\" style=\"vertical-align: inherit;\">N <\/span><\/span><\/span><span title=\"Hapnik\"><span dir=\"auto\" style=\"vertical-align: inherit;\"><span dir=\"auto\" style=\"vertical-align: inherit;\">O <\/span><\/span><\/span><br \/>\n<strong><span dir=\"auto\" style=\"vertical-align: inherit;\"><span dir=\"auto\" style=\"vertical-align: inherit;\">Molaarmass:<\/span><\/span><\/strong><span dir=\"auto\" style=\"vertical-align: inherit;\"><span dir=\"auto\" style=\"vertical-align: inherit;\"> 267,8 g\/mol <\/span><\/span><br \/>\n<strong><span dir=\"auto\" style=\"vertical-align: inherit;\"><span dir=\"auto\" style=\"vertical-align: inherit;\">Puhtus:<\/span><\/span><\/strong><span dir=\"auto\" style=\"vertical-align: inherit;\"><span dir=\"auto\" style=\"vertical-align: inherit;\"> &gt;98%<\/span><\/span><\/p>","protected":false},"featured_media":29319,"comment_status":"closed","ping_status":"closed","template":"","meta":[],"product_brand":[82],"product_cat":[71,406,398],"product_tag":[295,297,296,326],"class_list":{"0":"post-23248","1":"product","2":"type-product","3":"status-publish","4":"has-post-thumbnail","6":"product_brand-research-chemical","7":"product_cat-arylcyclohexylamine","8":"product_cat-dmxe","9":"product_cat-verkoop","10":"product_tag-dmxe","11":"product_tag-dmxe-ervaring","12":"product_tag-dmxe-psychonaut","13":"product_tag-nl","15":"first","16":"instock","17":"sale","18":"taxable","19":"shipping-taxable","20":"purchasable","21":"product-type-variable"},"_links":{"self":[{"href":"https:\/\/onderzoekschemicals.com\/et\/wp-json\/wp\/v2\/product\/23248","targetHints":{"allow":["GET"]}}],"collection":[{"href":"https:\/\/onderzoekschemicals.com\/et\/wp-json\/wp\/v2\/product"}],"about":[{"href":"https:\/\/onderzoekschemicals.com\/et\/wp-json\/wp\/v2\/types\/product"}],"replies":[{"embeddable":true,"href":"https:\/\/onderzoekschemicals.com\/et\/wp-json\/wp\/v2\/comments?post=23248"}],"version-history":[{"count":6,"href":"https:\/\/onderzoekschemicals.com\/et\/wp-json\/wp\/v2\/product\/23248\/revisions"}],"predecessor-version":[{"id":28756,"href":"https:\/\/onderzoekschemicals.com\/et\/wp-json\/wp\/v2\/product\/23248\/revisions\/28756"}],"wp:featuredmedia":[{"embeddable":true,"href":"https:\/\/onderzoekschemicals.com\/et\/wp-json\/wp\/v2\/media\/29319"}],"wp:attachment":[{"href":"https:\/\/onderzoekschemicals.com\/et\/wp-json\/wp\/v2\/media?parent=23248"}],"wp:term":[{"taxonomy":"product_brand","embeddable":true,"href":"https:\/\/onderzoekschemicals.com\/et\/wp-json\/wp\/v2\/product_brand?post=23248"},{"taxonomy":"product_cat","embeddable":true,"href":"https:\/\/onderzoekschemicals.com\/et\/wp-json\/wp\/v2\/product_cat?post=23248"},{"taxonomy":"product_tag","embeddable":true,"href":"https:\/\/onderzoekschemicals.com\/et\/wp-json\/wp\/v2\/product_tag?post=23248"}],"curies":[{"name":"t\u00f6\u00f6leht","href":"https:\/\/api.w.org\/{rel}","templated":true}]}}