{"id":23203,"date":"2025-04-13T17:39:19","date_gmt":"2025-04-13T17:39:19","guid":{"rendered":"https:\/\/onderzoekschemicals.com\/?post_type=product&#038;p=23203"},"modified":"2025-11-28T21:00:33","modified_gmt":"2025-11-28T21:00:33","slug":"4f-mph-kopen-3","status":"publish","type":"product","link":"https:\/\/onderzoekschemicals.com\/et\/shop\/4f-mph\/4f-mph-kopen-3\/","title":{"rendered":"4F-MPH (4-fluoromet\u00fc\u00fclfenidaat)"},"content":{"rendered":"<h1><strong><span dir=\"auto\" style=\"vertical-align: inherit;\"><span dir=\"auto\" style=\"vertical-align: inherit;\"><span dir=\"auto\" style=\"vertical-align: inherit;\"><span dir=\"auto\" style=\"vertical-align: inherit;\">4f-mph (4-fluoromet\u00fc\u00fclfenidaat)\u00a0<\/span><\/span><\/span><\/span><\/strong><\/h1>\n<p data-start=\"7161\" data-end=\"7478\"><strong data-start=\"7161\" data-end=\"7171\"><span dir=\"auto\" style=\"vertical-align: inherit;\"><span dir=\"auto\" style=\"vertical-align: inherit;\">4F-MPH<\/span><\/span><\/strong><span dir=\"auto\" style=\"vertical-align: inherit;\"><span dir=\"auto\" style=\"vertical-align: inherit;\"> v\u00f5i <\/span><\/span><strong data-start=\"7176\" data-end=\"7203\"><span dir=\"auto\" style=\"vertical-align: inherit;\"><span dir=\"auto\" style=\"vertical-align: inherit;\">4-fluoromet\u00fc\u00fclfenidaat<\/span><\/span><\/strong><span dir=\"auto\" style=\"vertical-align: inherit;\"><span dir=\"auto\" style=\"vertical-align: inherit;\"> , on a <\/span><\/span><strong data-start=\"7212\" data-end=\"7246\"><span dir=\"auto\" style=\"vertical-align: inherit;\"><span dir=\"auto\" style=\"vertical-align: inherit;\">s\u00fcnteetiline stimulant<\/span><\/span><\/strong><span dir=\"auto\" style=\"vertical-align: inherit;\"><span dir=\"auto\" style=\"vertical-align: inherit;\"> sellest <\/span><\/span><strong data-start=\"7254\" data-end=\"7272\"><span dir=\"auto\" style=\"vertical-align: inherit;\"><span dir=\"auto\" style=\"vertical-align: inherit;\">fenidaadi klass<\/span><\/span><\/strong><span dir=\"auto\" style=\"vertical-align: inherit;\"><span dir=\"auto\" style=\"vertical-align: inherit;\"> , struktuurilt seotud <\/span><\/span><strong data-start=\"7298\" data-end=\"7317\"><span dir=\"auto\" style=\"vertical-align: inherit;\"><span dir=\"auto\" style=\"vertical-align: inherit;\">met\u00fc\u00fclfenidaat<\/span><\/span><\/strong><span dir=\"auto\" style=\"vertical-align: inherit;\"><span dir=\"auto\" style=\"vertical-align: inherit;\"> (Ritaliin). <\/span><\/span><span class=\"___SBox_epc1q-ko_ ___SText_zko9t-ko_\" data-ui-name=\"Link.Text\"><span dir=\"auto\" style=\"vertical-align: inherit;\"><span dir=\"auto\" style=\"vertical-align: inherit;\">4F-MPH, osta 4f mph<\/span><\/span><\/span><br data-start=\"7328\" data-end=\"7331\" \/><span dir=\"auto\" style=\"vertical-align: inherit;\"><span dir=\"auto\" style=\"vertical-align: inherit;\"> uuritakse <\/span><\/span><strong data-start=\"7359\" data-end=\"7405\"><span dir=\"auto\" style=\"vertical-align: inherit;\"><span dir=\"auto\" style=\"vertical-align: inherit;\">kohtuekspertiisi ja farmakoloogialaborid<\/span><\/span><\/strong><span dir=\"auto\" style=\"vertical-align: inherit;\"><span dir=\"auto\" style=\"vertical-align: inherit;\"> osana <\/span><\/span><strong data-start=\"7437\" data-end=\"7475\"><span dir=\"auto\" style=\"vertical-align: inherit;\"><span dir=\"auto\" style=\"vertical-align: inherit;\">uus ps\u00fchhoaktiivne aine (NPS)<\/span><\/span><\/strong><span dir=\"auto\" style=\"vertical-align: inherit;\"><span dir=\"auto\" style=\"vertical-align: inherit;\"> uuringud.<\/span><\/span><\/p>\n<p data-start=\"7480\" data-end=\"7584\"><span dir=\"auto\" style=\"vertical-align: inherit;\"><span dir=\"auto\" style=\"vertical-align: inherit;\">4F-MPH on <\/span><\/span><strong data-start=\"7493\" data-end=\"7534\"><span dir=\"auto\" style=\"vertical-align: inherit;\"><span dir=\"auto\" style=\"vertical-align: inherit;\">puudub heakskiidetud meditsiiniline kasutus ja on <\/span><\/span><\/strong><strong data-start=\"7556\" data-end=\"7583\"><span dir=\"auto\" style=\"vertical-align: inherit;\"><span dir=\"auto\" style=\"vertical-align: inherit;\">reguleeritud v\u00f5i keelatud<\/span><\/span><\/strong><span dir=\"auto\" style=\"vertical-align: inherit;\"><span dir=\"auto\" style=\"vertical-align: inherit;\"> paljudes riikides <\/span><span dir=\"auto\" style=\"vertical-align: inherit;\">.<\/span><\/span><\/p>\n<hr data-start=\"7586\" data-end=\"7589\" \/>\n<h2 data-start=\"7591\" data-end=\"7638\"><strong data-start=\"7594\" data-end=\"7638\"><span dir=\"auto\" style=\"vertical-align: inherit;\"><span dir=\"auto\" style=\"vertical-align: inherit;\">Keemiline ja farmakoloogiline taust<\/span><\/span><\/strong><\/h2>\n<p data-start=\"7640\" data-end=\"7665\"><strong data-start=\"7640\" data-end=\"7665\"><span dir=\"auto\" style=\"vertical-align: inherit;\"><span dir=\"auto\" style=\"vertical-align: inherit;\">Oluline teave:<\/span><\/span><\/strong><\/p>\n<ul data-start=\"7666\" data-end=\"7932\">\n<li data-start=\"7666\" data-end=\"7735\">\n<p data-start=\"7668\" data-end=\"7735\"><strong data-start=\"7668\" data-end=\"7683\"><span dir=\"auto\" style=\"vertical-align: inherit;\"><span dir=\"auto\" style=\"vertical-align: inherit;\">IUPAC-nimetus:<\/span><\/span><\/strong><span dir=\"auto\" style=\"vertical-align: inherit;\"><span dir=\"auto\" style=\"vertical-align: inherit;\"> met\u00fc\u00fcl-2-(piperidiin-2-\u00fc\u00fcl)-2-(4-fluorofen\u00fc\u00fcl)atsetaat<\/span><\/span><\/p>\n<\/li>\n<li data-start=\"7736\" data-end=\"7771\">\n<p data-start=\"7738\" data-end=\"7771\"><strong data-start=\"7738\" data-end=\"7758\"><span dir=\"auto\" style=\"vertical-align: inherit;\"><span dir=\"auto\" style=\"vertical-align: inherit;\">Molekulaarne valem:<\/span><\/span><\/strong><span dir=\"auto\" style=\"vertical-align: inherit;\"><span dir=\"auto\" style=\"vertical-align: inherit;\"> C14H18FNO2<\/span><\/span><\/p>\n<\/li>\n<li data-start=\"7772\" data-end=\"7808\">\n<p data-start=\"7774\" data-end=\"7808\"><strong data-start=\"7774\" data-end=\"7792\"><span dir=\"auto\" style=\"vertical-align: inherit;\"><span dir=\"auto\" style=\"vertical-align: inherit;\">Molekulaarmass:<\/span><\/span><\/strong><span dir=\"auto\" style=\"vertical-align: inherit;\"><span dir=\"auto\" style=\"vertical-align: inherit;\"> \u00b1251,30 g\/mol<\/span><\/span><\/p>\n<\/li>\n<li data-start=\"7809\" data-end=\"7864\">\n<p data-start=\"7811\" data-end=\"7864\"><strong data-start=\"7811\" data-end=\"7832\"><span dir=\"auto\" style=\"vertical-align: inherit;\"><span dir=\"auto\" style=\"vertical-align: inherit;\">Keemiline klass:<\/span><\/span><\/strong><span dir=\"auto\" style=\"vertical-align: inherit;\"><span dir=\"auto\" style=\"vertical-align: inherit;\"> Fenidaadid (piperidiini estrid)<\/span><\/span><\/p>\n<\/li>\n<li data-start=\"7865\" data-end=\"7932\">\n<p data-start=\"7867\" data-end=\"7932\"><strong data-start=\"7867\" data-end=\"7887\"><span dir=\"auto\" style=\"vertical-align: inherit;\"><span dir=\"auto\" style=\"vertical-align: inherit;\">Retseptori toime:<\/span><\/span><\/strong><span dir=\"auto\" style=\"vertical-align: inherit;\"><span dir=\"auto\" style=\"vertical-align: inherit;\"> Dopamiini ja norepinefriini tagasihaarde inhibiitor.<\/span><\/span><\/p>\n<\/li>\n<\/ul>\n<p data-start=\"7934\" data-end=\"8090\"><span dir=\"auto\" style=\"vertical-align: inherit;\"><span dir=\"auto\" style=\"vertical-align: inherit;\">See <\/span><\/span><strong data-start=\"7937\" data-end=\"7973\"><span dir=\"auto\" style=\"vertical-align: inherit;\"><span dir=\"auto\" style=\"vertical-align: inherit;\">fluori asendus 4. positsioonis<\/span><\/span><\/strong><span dir=\"auto\" style=\"vertical-align: inherit;\"><span dir=\"auto\" style=\"vertical-align: inherit;\"> m\u00f5jutab seondumisafiinsust ja lipofiilsust, muutes selle v\u00e4\u00e4rtuslikuks struktuurifarmakoloogiliste uuringute jaoks.<\/span><\/span><\/p>\n<hr data-start=\"8092\" data-end=\"8095\" \/>\n<h2 data-start=\"8097\" data-end=\"8124\"><strong data-start=\"8100\" data-end=\"8124\"><span dir=\"auto\" style=\"vertical-align: inherit;\"><span dir=\"auto\" style=\"vertical-align: inherit;\">Teadusuuringute eesm\u00e4rgid<\/span><\/span><\/strong><\/h2>\n<p data-start=\"8126\" data-end=\"8153\"><span dir=\"auto\" style=\"vertical-align: inherit;\"><span dir=\"auto\" style=\"vertical-align: inherit;\">4F-MPH-d kasutatakse j\u00e4rgmistel juhtudel:<\/span><\/span><\/p>\n<ul data-start=\"8154\" data-end=\"8444\">\n<li data-start=\"8154\" data-end=\"8228\">\n<p data-start=\"8156\" data-end=\"8228\"><strong data-start=\"8156\" data-end=\"8179\"><span dir=\"auto\" style=\"vertical-align: inherit;\"><span dir=\"auto\" style=\"vertical-align: inherit;\">Anal\u00fc\u00fctiline keemia:<\/span><\/span><\/strong><span dir=\"auto\" style=\"vertical-align: inherit;\"><span dir=\"auto\" style=\"vertical-align: inherit;\"> GC-MS ja LC-MS tuvastusmeetodite valideerimine. <\/span><\/span><span class=\"___SBox_epc1q-ko_ ___SText_zko9t-ko_\" data-ui-name=\"Link.Text\"><span dir=\"auto\" style=\"vertical-align: inherit;\"><span dir=\"auto\" style=\"vertical-align: inherit;\">Osta 4f mph<\/span><\/span><\/span><\/p>\n<\/li>\n<li data-start=\"8229\" data-end=\"8300\">\n<p data-start=\"8231\" data-end=\"8300\"><strong data-start=\"8231\" data-end=\"8259\"><span dir=\"auto\" style=\"vertical-align: inherit;\"><span dir=\"auto\" style=\"vertical-align: inherit;\">Kohtutoksikoloogia:<\/span><\/span><\/strong><span dir=\"auto\" style=\"vertical-align: inherit;\"><span dir=\"auto\" style=\"vertical-align: inherit;\"> identifitseerimine bioloogilistes proovides.<\/span><\/span><\/p>\n<\/li>\n<li data-start=\"8301\" data-end=\"8374\">\n<p data-start=\"8303\" data-end=\"8374\"><strong data-start=\"8303\" data-end=\"8337\"><span dir=\"auto\" style=\"vertical-align: inherit;\"><span dir=\"auto\" style=\"vertical-align: inherit;\">Neurofarmakoloogilised uuringud:<\/span><\/span><\/strong><span dir=\"auto\" style=\"vertical-align: inherit;\"><span dir=\"auto\" style=\"vertical-align: inherit;\"> Monoamiini transporterite uurimine.<\/span><\/span><\/p>\n<\/li>\n<li data-start=\"8375\" data-end=\"8444\">\n<p data-start=\"8377\" data-end=\"8444\"><strong data-start=\"8377\" data-end=\"8395\"><span dir=\"auto\" style=\"vertical-align: inherit;\"><span dir=\"auto\" style=\"vertical-align: inherit;\">SAR-uuring:<\/span><\/span><\/strong><span dir=\"auto\" style=\"vertical-align: inherit;\"><span dir=\"auto\" style=\"vertical-align: inherit;\"> Halogeeni asendamise m\u00f5ju aktiivsusele.<\/span><\/span><\/p>\n<\/li>\n<\/ul>\n<hr data-start=\"8446\" data-end=\"8449\" \/>\n<h2 data-start=\"8451\" data-end=\"8495\"><strong data-start=\"8454\" data-end=\"8495\"><span dir=\"auto\" style=\"vertical-align: inherit;\"><span dir=\"auto\" style=\"vertical-align: inherit;\">Ohutus- ja juriidilised kaalutlused<\/span><\/span><\/strong><\/h2>\n<p data-start=\"8497\" data-end=\"8698\"><strong data-start=\"8497\" data-end=\"8512\"><span dir=\"auto\" style=\"vertical-align: inherit;\"><span dir=\"auto\" style=\"vertical-align: inherit;\">Ohutus:<\/span><\/span><\/strong><br data-start=\"8512\" data-end=\"8515\" \/><span dir=\"auto\" style=\"vertical-align: inherit;\"><span dir=\"auto\" style=\"vertical-align: inherit;\"> Ainult k\u00e4sitseda <\/span><\/span><strong data-start=\"8536\" data-end=\"8568\"><span dir=\"auto\" style=\"vertical-align: inherit;\"><span dir=\"auto\" style=\"vertical-align: inherit;\">kvalifitseeritud teadlased<\/span><\/span><\/strong><span dir=\"auto\" style=\"vertical-align: inherit;\"><span dir=\"auto\" style=\"vertical-align: inherit;\"> sisse <\/span><\/span><strong data-start=\"8572\" data-end=\"8596\"><span dir=\"auto\" style=\"vertical-align: inherit;\"><span dir=\"auto\" style=\"vertical-align: inherit;\">litsentseeritud laborid<\/span><\/span><\/strong><span dir=\"auto\" style=\"vertical-align: inherit;\"><span dir=\"auto\" style=\"vertical-align: inherit;\"> . <\/span><\/span><br data-start=\"8597\" data-end=\"8600\" \/><span dir=\"auto\" style=\"vertical-align: inherit;\"><span dir=\"auto\" style=\"vertical-align: inherit;\">Kandke <\/span><\/span><strong data-start=\"8608\" data-end=\"8665\"><span dir=\"auto\" style=\"vertical-align: inherit;\"><span dir=\"auto\" style=\"vertical-align: inherit;\">kaitseriietus, kindad ja kaitseprillid<\/span><\/span><\/strong><span dir=\"auto\" style=\"vertical-align: inherit;\"><span dir=\"auto\" style=\"vertical-align: inherit;\"> ja t\u00f6\u00f6tavad a-s <\/span><\/span><strong data-start=\"8682\" data-end=\"8695\"><span dir=\"auto\" style=\"vertical-align: inherit;\"><span dir=\"auto\" style=\"vertical-align: inherit;\">\u00f5hupuhasti<\/span><\/span><\/strong><span dir=\"auto\" style=\"vertical-align: inherit;\"><span dir=\"auto\" style=\"vertical-align: inherit;\"> .<\/span><\/span><\/p>\n<p data-start=\"8700\" data-end=\"8905\"><strong data-start=\"8700\" data-end=\"8722\"><span dir=\"auto\" style=\"vertical-align: inherit;\"><span dir=\"auto\" style=\"vertical-align: inherit;\">\u00d5iguslik staatus:<\/span><\/span><\/strong><br data-start=\"8722\" data-end=\"8725\" \/><span dir=\"auto\" style=\"vertical-align: inherit;\"><span dir=\"auto\" style=\"vertical-align: inherit;\"> Enamikus riikides on 4F-MPH <\/span><\/span><strong data-start=\"8759\" data-end=\"8792\"><span dir=\"auto\" style=\"vertical-align: inherit;\"><span dir=\"auto\" style=\"vertical-align: inherit;\">kontrollitav v\u00f5i keelatud aine<\/span><\/span><\/strong><span dir=\"auto\" style=\"vertical-align: inherit;\"><span dir=\"auto\" style=\"vertical-align: inherit;\"> all <\/span><\/span><strong data-start=\"8802\" data-end=\"8814\"><span dir=\"auto\" style=\"vertical-align: inherit;\"><span dir=\"auto\" style=\"vertical-align: inherit;\">Oopiumiseadus<\/span><\/span><\/strong><span dir=\"auto\" style=\"vertical-align: inherit;\"><span dir=\"auto\" style=\"vertical-align: inherit;\"> v\u00f5i <\/span><\/span><strong data-start=\"8818\" data-end=\"8839\"><span dir=\"auto\" style=\"vertical-align: inherit;\"><span dir=\"auto\" style=\"vertical-align: inherit;\">analoogide seadusandlus<\/span><\/span><\/strong><span dir=\"auto\" style=\"vertical-align: inherit;\"><span dir=\"auto\" style=\"vertical-align: inherit;\"> . <\/span><\/span><br data-start=\"8840\" data-end=\"8843\" \/><span dir=\"auto\" style=\"vertical-align: inherit;\"><span dir=\"auto\" style=\"vertical-align: inherit;\">Kasutamine v\u00f5i omamine v\u00e4ljaspool teadusuuringute eesm\u00e4rke <\/span><\/span><strong data-start=\"8891\" data-end=\"8904\"><span dir=\"auto\" style=\"vertical-align: inherit;\"><span dir=\"auto\" style=\"vertical-align: inherit;\">karistatav<\/span><\/span><\/strong><span dir=\"auto\" style=\"vertical-align: inherit;\"><span dir=\"auto\" style=\"vertical-align: inherit;\"> .<\/span><\/span><\/p>\n<hr data-start=\"8907\" data-end=\"8910\" \/>\n<h2 data-start=\"8912\" data-end=\"8946\"><strong data-start=\"8915\" data-end=\"8946\"><span dir=\"auto\" style=\"vertical-align: inherit;\"><span dir=\"auto\" style=\"vertical-align: inherit;\">Korduma kippuvad k\u00fcsimused (KKK)<\/span><\/span><\/strong><\/h2>\n<h3 data-start=\"8948\" data-end=\"8992\"><strong data-start=\"8952\" data-end=\"8992\"><span dir=\"auto\" style=\"vertical-align: inherit;\"><span dir=\"auto\" style=\"vertical-align: inherit;\">1. Milleks 4F-MPH-d uuritakse?<\/span><\/span><\/strong><\/h3>\n<p data-start=\"8993\" data-end=\"9089\"><span dir=\"auto\" style=\"vertical-align: inherit;\"><span dir=\"auto\" style=\"vertical-align: inherit;\">Sest <\/span><\/span><strong data-start=\"8998\" data-end=\"9040\"><span dir=\"auto\" style=\"vertical-align: inherit;\"><span dir=\"auto\" style=\"vertical-align: inherit;\">farmakoloogilised ja kohtumeditsiinilised uuringud<\/span><\/span><\/strong><span dir=\"auto\" style=\"vertical-align: inherit;\"><span dir=\"auto\" style=\"vertical-align: inherit;\"> dopamiini ja norepinefriini tagasihaarde inhibiitorite kohta.<\/span><\/span><\/p>\n<h3 data-start=\"9091\" data-end=\"9119\"><strong data-start=\"9095\" data-end=\"9119\"><span dir=\"auto\" style=\"vertical-align: inherit;\"><span dir=\"auto\" style=\"vertical-align: inherit;\">2. Kas 4F-MPH on seaduslik?<\/span><\/span><\/strong><\/h3>\n<p data-start=\"9120\" data-end=\"9183\"><strong data-start=\"9155\" data-end=\"9182\"><span dir=\"auto\" style=\"vertical-align: inherit;\"><span dir=\"auto\" style=\"vertical-align: inherit;\">Ei, 4F-MPH on keelatud v\u00f5i reguleeritud.<\/span><\/span><\/strong><span dir=\"auto\" style=\"vertical-align: inherit;\"><span dir=\"auto\" style=\"vertical-align: inherit;\"> enamikus riikides <\/span><span dir=\"auto\" style=\"vertical-align: inherit;\">. <\/span><\/span><a href=\"https:\/\/onderzoekschemicals.com\/et\/shop\/pellets-for-pellet\/o-dsmt-50mg-pellets\/\"><span dir=\"auto\" style=\"vertical-align: inherit;\"><span dir=\"auto\" style=\"vertical-align: inherit;\">o-dsmt<\/span><\/span><\/a><\/p>\n<h3 data-start=\"9185\" data-end=\"9237\"><strong data-start=\"9189\" data-end=\"9237\"><span dir=\"auto\" style=\"vertical-align: inherit;\"><span dir=\"auto\" style=\"vertical-align: inherit;\">3. Kuidas tuleks 4F-MPH-d ohutult k\u00e4sitseda?<\/span><\/span><\/strong><\/h3>\n<p data-start=\"9238\" data-end=\"9359\"><span dir=\"auto\" style=\"vertical-align: inherit;\"><span dir=\"auto\" style=\"vertical-align: inherit;\">Ainult <\/span><\/span><strong data-start=\"9250\" data-end=\"9280\"><span dir=\"auto\" style=\"vertical-align: inherit;\"><span dir=\"auto\" style=\"vertical-align: inherit;\">professionaalsed teadlased<\/span><\/span><\/strong><span dir=\"auto\" style=\"vertical-align: inherit;\"><span dir=\"auto\" style=\"vertical-align: inherit;\"> , koos sobivate <\/span><\/span><strong data-start=\"9296\" data-end=\"9319\"><span dir=\"auto\" style=\"vertical-align: inherit;\"><span dir=\"auto\" style=\"vertical-align: inherit;\">turvavarustus<\/span><\/span><\/strong><span dir=\"auto\" style=\"vertical-align: inherit;\"><span dir=\"auto\" style=\"vertical-align: inherit;\"> ja kontrollitud tingimustes. <\/span><\/span><a href=\"https:\/\/onderzoekschemicals.com\/et\/shop\/lysergamides\/1cp-lsd\/\"><span dir=\"auto\" style=\"vertical-align: inherit;\"><span dir=\"auto\" style=\"vertical-align: inherit;\">1 cp lsd<\/span><\/span><\/a><\/p>\n<hr data-start=\"9361\" data-end=\"9364\" \/>\n<h2 data-start=\"9366\" data-end=\"9382\"><strong data-start=\"9369\" data-end=\"9382\"><span dir=\"auto\" style=\"vertical-align: inherit;\"><span dir=\"auto\" style=\"vertical-align: inherit;\">Kokkuv\u00f5te<\/span><\/span><\/strong><\/h2>\n<p data-start=\"9384\" data-end=\"9671\"><em data-start=\"9384\" data-end=\"9418\"><span dir=\"auto\" style=\"vertical-align: inherit;\"><span dir=\"auto\" style=\"vertical-align: inherit;\">4F-MPH (4-fluoromet\u00fc\u00fclfenidaat)<\/span><\/span><\/em><span dir=\"auto\" style=\"vertical-align: inherit;\"><span dir=\"auto\" style=\"vertical-align: inherit;\"> on oluline uurimisobjekt <\/span><\/span><strong data-start=\"9460\" data-end=\"9481\"><span dir=\"auto\" style=\"vertical-align: inherit;\"><span dir=\"auto\" style=\"vertical-align: inherit;\">neurofarmakoloogia<\/span><\/span><\/strong><span dir=\"auto\" style=\"vertical-align: inherit;\"><span dir=\"auto\" style=\"vertical-align: inherit;\"> ja <\/span><\/span><strong data-start=\"9485\" data-end=\"9507\"><span dir=\"auto\" style=\"vertical-align: inherit;\"><span dir=\"auto\" style=\"vertical-align: inherit;\">kohtukeemia<\/span><\/span><\/strong><span dir=\"auto\" style=\"vertical-align: inherit;\"><span dir=\"auto\" style=\"vertical-align: inherit;\"> . 4f mph osta<\/span><\/span><br data-start=\"9508\" data-end=\"9511\" \/><span dir=\"auto\" style=\"vertical-align: inherit;\"><span dir=\"auto\" style=\"vertical-align: inherit;\">See pakub \u00fclevaadet <\/span><\/span><strong data-start=\"9532\" data-end=\"9564\"><span dir=\"auto\" style=\"vertical-align: inherit;\"><span dir=\"auto\" style=\"vertical-align: inherit;\">monoamiinergilise retseptori funktsioon<\/span><\/span><\/strong><span dir=\"auto\" style=\"vertical-align: inherit;\"><span dir=\"auto\" style=\"vertical-align: inherit;\"> ja <\/span><\/span><strong data-start=\"9568\" data-end=\"9617\"><span dir=\"auto\" style=\"vertical-align: inherit;\"><span dir=\"auto\" style=\"vertical-align: inherit;\">stimulantide anal\u00fc\u00fctiline tuvastamine<\/span><\/span><\/strong><span dir=\"auto\" style=\"vertical-align: inherit;\"><span dir=\"auto\" style=\"vertical-align: inherit;\"> , eeldusel, et see on testitud <\/span><\/span><strong data-start=\"9624\" data-end=\"9659\"><span dir=\"auto\" style=\"vertical-align: inherit;\"><span dir=\"auto\" style=\"vertical-align: inherit;\">ohutult ja seaduslikult<\/span><\/span><\/strong><span dir=\"auto\" style=\"vertical-align: inherit;\"><span dir=\"auto\" style=\"vertical-align: inherit;\"> .<\/span><\/span><\/p>","protected":false},"excerpt":{"rendered":"<h3><span style=\"vertical-align: inherit;\"><span style=\"vertical-align: inherit;\"><span dir=\"auto\" style=\"vertical-align: inherit;\"><span dir=\"auto\" style=\"vertical-align: inherit;\"><span dir=\"auto\" style=\"vertical-align: inherit;\"><span dir=\"auto\" style=\"vertical-align: inherit;\">4F-MPH omadused<\/span><\/span><\/span><\/span><\/span><\/span><\/h3>\n<p><strong><span style=\"vertical-align: inherit;\"><span style=\"vertical-align: inherit;\"><span dir=\"auto\" style=\"vertical-align: inherit;\"><span dir=\"auto\" style=\"vertical-align: inherit;\"><span dir=\"auto\" style=\"vertical-align: inherit;\"><span dir=\"auto\" style=\"vertical-align: inherit;\">S\u00fcnon\u00fc\u00fcm<\/span><\/span><\/span><\/span><\/span><\/span><\/strong><span style=\"vertical-align: inherit;\"><span style=\"vertical-align: inherit;\"><span dir=\"auto\" style=\"vertical-align: inherit;\"><span dir=\"auto\" style=\"vertical-align: inherit;\"><span dir=\"auto\" style=\"vertical-align: inherit;\"><span dir=\"auto\" style=\"vertical-align: inherit;\"> : 4-fluoromet\u00fc\u00fclfenidaat <\/span><\/span><\/span><\/span><\/span><\/span><br \/>\n<strong><span style=\"vertical-align: inherit;\"><span style=\"vertical-align: inherit;\"><span dir=\"auto\" style=\"vertical-align: inherit;\"><span dir=\"auto\" style=\"vertical-align: inherit;\"><span dir=\"auto\" style=\"vertical-align: inherit;\"><span dir=\"auto\" style=\"vertical-align: inherit;\">CAS-number<\/span><\/span><\/span><\/span><\/span><\/span><\/strong><span style=\"vertical-align: inherit;\"><span style=\"vertical-align: inherit;\"><span dir=\"auto\" style=\"vertical-align: inherit;\"><span dir=\"auto\" style=\"vertical-align: inherit;\"><span dir=\"auto\" style=\"vertical-align: inherit;\"><span dir=\"auto\" style=\"vertical-align: inherit;\"> : 1354631-33-6 <\/span><\/span><\/span><\/span><\/span><\/span><br \/>\n<strong><span style=\"vertical-align: inherit;\"><span style=\"vertical-align: inherit;\"><span dir=\"auto\" style=\"vertical-align: inherit;\"><span dir=\"auto\" style=\"vertical-align: inherit;\"><span dir=\"auto\" style=\"vertical-align: inherit;\"><span dir=\"auto\" style=\"vertical-align: inherit;\">Valem<\/span><\/span><\/span><\/span><\/span><\/span><\/strong><span style=\"vertical-align: inherit;\"><span style=\"vertical-align: inherit;\"><span dir=\"auto\" style=\"vertical-align: inherit;\"><span dir=\"auto\" style=\"vertical-align: inherit;\"><span dir=\"auto\" style=\"vertical-align: inherit;\"><span dir=\"auto\" style=\"vertical-align: inherit;\"> met\u00fc\u00fcl-2-(4-fluorofen\u00fc\u00fcl)-2-(piperidiin-2-\u00fc\u00fcl)atsetaatvesinikkloriid <\/span><\/span><\/span><\/span><\/span><\/span><br \/>\n<strong><span style=\"vertical-align: inherit;\"><span style=\"vertical-align: inherit;\"><span dir=\"auto\" style=\"vertical-align: inherit;\"><span dir=\"auto\" style=\"vertical-align: inherit;\"><span dir=\"auto\" style=\"vertical-align: inherit;\"><span dir=\"auto\" style=\"vertical-align: inherit;\">Molaarmass<\/span><\/span><\/span><\/span><\/span><\/span><\/strong><span style=\"vertical-align: inherit;\"><span style=\"vertical-align: inherit;\"><span dir=\"auto\" style=\"vertical-align: inherit;\"><span dir=\"auto\" style=\"vertical-align: inherit;\"><span dir=\"auto\" style=\"vertical-align: inherit;\"><span dir=\"auto\" style=\"vertical-align: inherit;\"> 287,8 g\/mol <\/span><\/span><\/span><\/span><\/span><\/span><br \/>\n<strong><span style=\"vertical-align: inherit;\"><span style=\"vertical-align: inherit;\"><span dir=\"auto\" style=\"vertical-align: inherit;\"><span dir=\"auto\" style=\"vertical-align: inherit;\"><span dir=\"auto\" style=\"vertical-align: inherit;\"><span dir=\"auto\" style=\"vertical-align: inherit;\">Puhtus<\/span><\/span><\/span><\/span><\/span><\/span><\/strong><span style=\"vertical-align: inherit;\"><span style=\"vertical-align: inherit;\"><span dir=\"auto\" style=\"vertical-align: inherit;\"><span dir=\"auto\" style=\"vertical-align: inherit;\"><span dir=\"auto\" style=\"vertical-align: inherit;\"><span dir=\"auto\" style=\"vertical-align: inherit;\"> : &gt;97%<\/span><\/span><\/span><\/span><\/span><\/span><\/p>","protected":false},"featured_media":29247,"comment_status":"closed","ping_status":"closed","template":"","meta":[],"product_brand":[82],"product_cat":[444,71,322,333],"product_tag":[570,607,326],"class_list":{"0":"post-23203","1":"product","2":"type-product","3":"status-publish","4":"has-post-thumbnail","6":"product_brand-research-chemical","7":"product_cat-4f-mph","8":"product_cat-arylcyclohexylamine","9":"product_cat-bijna-verboden","10":"product_cat-gefluoreerden","11":"product_tag-4f-mph-kopen","12":"product_tag-4f-mph-bestellen","13":"product_tag-nl","15":"first","16":"instock","17":"taxable","18":"shipping-taxable","19":"purchasable","20":"product-type-variable"},"_links":{"self":[{"href":"https:\/\/onderzoekschemicals.com\/et\/wp-json\/wp\/v2\/product\/23203","targetHints":{"allow":["GET"]}}],"collection":[{"href":"https:\/\/onderzoekschemicals.com\/et\/wp-json\/wp\/v2\/product"}],"about":[{"href":"https:\/\/onderzoekschemicals.com\/et\/wp-json\/wp\/v2\/types\/product"}],"replies":[{"embeddable":true,"href":"https:\/\/onderzoekschemicals.com\/et\/wp-json\/wp\/v2\/comments?post=23203"}],"version-history":[{"count":7,"href":"https:\/\/onderzoekschemicals.com\/et\/wp-json\/wp\/v2\/product\/23203\/revisions"}],"predecessor-version":[{"id":28760,"href":"https:\/\/onderzoekschemicals.com\/et\/wp-json\/wp\/v2\/product\/23203\/revisions\/28760"}],"wp:featuredmedia":[{"embeddable":true,"href":"https:\/\/onderzoekschemicals.com\/et\/wp-json\/wp\/v2\/media\/29247"}],"wp:attachment":[{"href":"https:\/\/onderzoekschemicals.com\/et\/wp-json\/wp\/v2\/media?parent=23203"}],"wp:term":[{"taxonomy":"product_brand","embeddable":true,"href":"https:\/\/onderzoekschemicals.com\/et\/wp-json\/wp\/v2\/product_brand?post=23203"},{"taxonomy":"product_cat","embeddable":true,"href":"https:\/\/onderzoekschemicals.com\/et\/wp-json\/wp\/v2\/product_cat?post=23203"},{"taxonomy":"product_tag","embeddable":true,"href":"https:\/\/onderzoekschemicals.com\/et\/wp-json\/wp\/v2\/product_tag?post=23203"}],"curies":[{"name":"t\u00f6\u00f6leht","href":"https:\/\/api.w.org\/{rel}","templated":true}]}}