{"id":27863,"date":"2025-10-20T13:38:36","date_gmt":"2025-10-20T13:38:36","guid":{"rendered":"https:\/\/onderzoekschemicals.com\/?post_type=product&#038;p=27863"},"modified":"2025-10-21T05:49:10","modified_gmt":"2025-10-21T05:49:10","slug":"fluorexetamine-fxe","status":"publish","type":"product","link":"https:\/\/onderzoekschemicals.com\/es\/shop\/okategoriserad\/fluorexetamine-fxe\/","title":{"rendered":"Fluorexetamina (FXE)"},"content":{"rendered":"<h1>Comprar Fluorexetamina (FXE) en l\u00ednea<br \/>\nInformaci\u00f3n general Fluorexetamina<\/h1>\n<p>Compre fluorexetamina (FXE) en l\u00ednea. La fluorexetamina (clorhidrato) es un est\u00e1ndar anal\u00edtico cient\u00edfico clasificado como arilciclohexilamina. Este producto est\u00e1 destinado a la investigaci\u00f3n y aplicaciones medibles.<\/p>\n<p>La fluorexetamina es una sustancia qu\u00edmica de investigaci\u00f3n deportiva con efectos disociativos. Esta sustancia, conocida como fluorexetamina (3-fluoro-2-oxo-PCE, FXE), se vende en l\u00ednea desde aproximadamente 2017.<\/p>\n<p>Aunque existe desde hace tiempo, su uso ha sido generalmente poco com\u00fan. La fluorexetamina es una sustancia qu\u00edmica de investigaci\u00f3n de la familia de las arilciclohexilaminas, y sus propiedades pueden ser altamente disociativas. Sin embargo, est\u00e1 disponible en l\u00ednea desde 2017, y su uso ha permanecido relativamente desconocido.<\/p>\n<p>Esto cambi\u00f3 en abril de 2022, cuando la detecci\u00f3n algor\u00edtmica de la sustancia qu\u00edmica en Reddit activ\u00f3 la alarma. Desde entonces, los informes sobre fluorexetamina se han m\u00e1s que duplicado, desde su pico en abril de 2022. No se han estudiado las propiedades fisiol\u00f3gicas ni toxicol\u00f3gicas de este compuesto. Su uso deber\u00eda ser con fines de investigaci\u00f3n y mensurables, por as\u00ed decirlo. Advertencia: Este producto no est\u00e1 destinado espec\u00edficamente a uso humano ni veterinario.<\/p>\n<h3>Composici\u00f3n qu\u00edmica de la fluorexetamina<\/h3>\n<p>La fluorexetamina (3\u2032-fluoro-2-oxo-PCE, FXE) es una sustancia qu\u00edmica de investigaci\u00f3n de dise\u00f1o de la familia de las arilciclohexilaminas con efectos disociativos. Se vende en l\u00ednea desde aproximadamente 2017, pero su uso se ha mantenido relativamente poco com\u00fan.<\/p>\n<p>La ecuaci\u00f3n es C14H18FNO y la masa molar es 235,302 g-mol-1.<\/p>\n<p>&nbsp;<\/p>\n<h3>Farmacolog\u00eda de la fluorexetamina<\/h3>\n<p>La fluoxetina ejerce su efecto inhibiendo la recaptaci\u00f3n de serotonina en las neuronas serotonin\u00e9rgicas presin\u00e1pticas mediante el bloqueo de la prote\u00edna transportadora de recaptaci\u00f3n ubicada en la terminal presin\u00e1ptica. La fluoxetina tambi\u00e9n tiene un efecto leve sobre los receptores 5HT2A y 5HT2C.<\/p>\n<p>La fluoxetina se consume tras la administraci\u00f3n oral, presenta una alta uni\u00f3n a prote\u00ednas plasm\u00e1ticas y un gran volumen de transporte. Su vida media es de aproximadamente 1 a 4 d\u00edas, mientras que la de su metabolito, la norfluoxetina, es de 7 a 15 d\u00edas. La fluoxetina presenta un perfil farmacocin\u00e9tico no lineal.<\/p>\n<p>&nbsp;<\/p>\n<h3>Compre fluorexetamina de alta calidad<\/h3>\n<p>ChemsXpress cuenta con una larga experiencia en el sector del dise\u00f1o de productos qu\u00edmicos para investigaci\u00f3n, lo que garantiza la m\u00e1xima calidad de estos productos qu\u00edmicos. El equipo de investigaci\u00f3n qu\u00edmica vende fluorexetamina. Los productos qu\u00edmicos para investigaci\u00f3n, incluida la fluorexetamina, cumplen con todos los requisitos de seguridad. Los productos qu\u00edmicos para investigaci\u00f3n se distribuyen y almacenan cuidadosamente en un lugar fresco y seco.<\/p>\n<p>Todos los productos se someten a controles peri\u00f3dicos de calidad, pureza y seguridad. Conserve siempre la Fluorexetamina a temperatura ambiente y fuera del alcance de ni\u00f1os y mascotas. Nuestra Fluorexetamina no est\u00e1 destinada para uso personal. Est\u00e1 destinada \u00fanicamente a fines de investigaci\u00f3n.<\/p>\n<p>\u00a1No debe mezclarse con alcohol ni con productos qu\u00edmicos de investigaci\u00f3n cuando se investiga este producto qu\u00edmico!<\/p>\n<p>\u00a1Todos nuestros productos tienen un precio justo!<\/p>\n<p>&nbsp;<\/p>\n<h3>Fluorexetamina probada en el laboratorio con resultados.<\/h3>\n<p>En Remakes nos esforzamos por lograr la satisfacci\u00f3n total del cliente. Diversos estudios han demostrado que los clientes solicitan la mayor cantidad de informaci\u00f3n posible antes de comprar productos qu\u00edmicos sint\u00e9ticos de investigaci\u00f3n. Adem\u00e1s, publicamos todos los resultados de laboratorio de cada compuesto de investigaci\u00f3n en un archivo PDF.<\/p>\n<p>Nuestro cristal de fluorexetamina libera de manera uniforme los ingredientes activos y es visible al instante para todos.<\/p>\n<p>Distribuimos todos los resultados de laboratorio de cada investigaci\u00f3n qu\u00edmica en un documento PDF.<\/p>\n<p>&nbsp;<\/p>\n<h3>Haga su pedido de forma segura en Fluorexetamine.<\/h3>\n<p>Los productos qu\u00edmicos de investigaci\u00f3n de Panacea Chems son de excelente calidad y tienen precios accesibles. Por lo tanto, al pedir sus productos qu\u00edmicos de investigaci\u00f3n en ChemsXpress, le garantizamos una entrega r\u00e1pida y segura a su domicilio, ya que siempre est\u00e1n disponibles en Panacea Chems.<\/p>\n<p>Solicitar compuestos de investigaci\u00f3n sint\u00e9ticos con Bitcoin o transferencia bancaria es f\u00e1cil en ChemsXpress.<\/p>\n<p>Enviamos el polvo qu\u00edmico de investigaci\u00f3n el mismo d\u00eda h\u00e1bil si el pago se recibe antes de las 3:00 p.m. CEST.<\/p>\n<p>\u00a1No suministramos art\u00edculos a personas menores de 18 a\u00f1os!<\/p>\n<p>Las ventas de productos qu\u00edmicos para fines de investigaci\u00f3n se realizan \u00fanicamente con fines de investigaci\u00f3n.<\/p>\n<p>Env\u00edo discreto de productos qu\u00edmicos de investigaci\u00f3n.<\/p>\n<p>ChemsXpress empaqueta su pedido de forma segura para garantizar un transporte sin contratiempos. Adem\u00e1s, lo empaquetamos de forma totalmente invisible, para que desde el exterior no se vea lo que podr\u00eda contener.<\/p>\n<p>&nbsp;<\/p>\n<h3>Medidas de precauci\u00f3n<\/h3>\n<ul>\n<li>Compre el equipo de protecci\u00f3n personal adecuado, como gafas y guantes de seguridad. L\u00edmpielos y mant\u00e9ngalos adecuadamente. Siga los procedimientos seguros al manipular productos qu\u00edmicos de investigaci\u00f3n y evite atajos.<\/li>\n<li>Si el producto qu\u00edmico del estudio entra en contacto con los ojos, enju\u00e1guelos bien y qu\u00edtese los lentes de contacto si es necesario.<\/li>\n<li>Intente usar una mascarilla mientras utiliza estos productos qu\u00edmicos para que no entren en contacto con usted mientras respira.<\/li>\n<li>Como indican los m\u00e9todos recomendados, debe manipular, almacenar y desechar los materiales peligrosos de forma segura. Nunca los vierta en alcantarillas ni canales.<\/li>\n<li>Almacene los productos qu\u00edmicos para investigaci\u00f3n adecuadamente, tal como lo indican sus nombres. Los productos qu\u00edmicos inflamables deben almacenarse en un recipiente excelente y seco, alejado del calor intenso y la luz solar. Algunas sustancias sint\u00e9ticas, como los \u00e1cidos, deben almacenarse por separado.<\/li>\n<li>ChemsXpress ofrecido en rc es s\u00f3lo para fines de investigaci\u00f3n; el consumo humano est\u00e1 estrictamente prohibido.<\/li>\n<\/ul>","protected":false},"excerpt":{"rendered":"<p><strong>Nombre UPAC:\u00a0<\/strong>2-(etilamino)-2-(3-fluorofenil)ciclohexan-1-ona<\/p>\n<p><strong>Otro nombre:\u00a0<\/strong>FXE<\/p>\n<p><strong>Forma:\u00a0<\/strong>cristal<\/p>\n<p><strong>An\u00e1lisis de RMN:\u00a0<\/strong>C14H18FNO<\/p>","protected":false},"featured_media":27870,"comment_status":"open","ping_status":"closed","template":"","meta":[],"product_brand":[],"product_cat":[1085],"product_tag":[],"class_list":{"0":"post-27863","1":"product","2":"type-product","3":"status-publish","4":"has-post-thumbnail","6":"product_cat-okategoriserad","8":"first","9":"instock","10":"taxable","11":"shipping-taxable","12":"purchasable","13":"product-type-variable"},"_links":{"self":[{"href":"https:\/\/onderzoekschemicals.com\/es\/wp-json\/wp\/v2\/product\/27863","targetHints":{"allow":["GET"]}}],"collection":[{"href":"https:\/\/onderzoekschemicals.com\/es\/wp-json\/wp\/v2\/product"}],"about":[{"href":"https:\/\/onderzoekschemicals.com\/es\/wp-json\/wp\/v2\/types\/product"}],"replies":[{"embeddable":true,"href":"https:\/\/onderzoekschemicals.com\/es\/wp-json\/wp\/v2\/comments?post=27863"}],"version-history":[{"count":1,"href":"https:\/\/onderzoekschemicals.com\/es\/wp-json\/wp\/v2\/product\/27863\/revisions"}],"predecessor-version":[{"id":27871,"href":"https:\/\/onderzoekschemicals.com\/es\/wp-json\/wp\/v2\/product\/27863\/revisions\/27871"}],"wp:featuredmedia":[{"embeddable":true,"href":"https:\/\/onderzoekschemicals.com\/es\/wp-json\/wp\/v2\/media\/27870"}],"wp:attachment":[{"href":"https:\/\/onderzoekschemicals.com\/es\/wp-json\/wp\/v2\/media?parent=27863"}],"wp:term":[{"taxonomy":"product_brand","embeddable":true,"href":"https:\/\/onderzoekschemicals.com\/es\/wp-json\/wp\/v2\/product_brand?post=27863"},{"taxonomy":"product_cat","embeddable":true,"href":"https:\/\/onderzoekschemicals.com\/es\/wp-json\/wp\/v2\/product_cat?post=27863"},{"taxonomy":"product_tag","embeddable":true,"href":"https:\/\/onderzoekschemicals.com\/es\/wp-json\/wp\/v2\/product_tag?post=27863"}],"curies":[{"name":"gracias","href":"https:\/\/api.w.org\/{rel}","templated":true}]}}