{"id":24537,"date":"2025-10-20T17:41:54","date_gmt":"2025-10-20T17:41:54","guid":{"rendered":"https:\/\/onderzoekschemicals.com\/?post_type=product&#038;p=24537"},"modified":"2025-10-21T16:01:53","modified_gmt":"2025-10-21T16:01:53","slug":"2c-e-kopen","status":"publish","type":"product","link":"https:\/\/onderzoekschemicals.com\/es\/shop\/b2b\/2c-e-kopen\/","title":{"rendered":"Bl\u00edster de pastillas 2C-E de 10 mg"},"content":{"rendered":"<h3 data-start=\"3825\" data-end=\"3846\"><strong data-start=\"3829\" data-end=\"3844\">Introducci\u00f3n<\/strong><\/h3>\n<p data-start=\"3847\" data-end=\"4109\"><strong data-start=\"3847\" data-end=\"3889\">Pellets de 2C-E de 10 mg (bl\u00edster)<\/strong> contener una <strong data-start=\"3903\" data-end=\"3943\">Dosis pesada con precisi\u00f3n de 10 mg<\/strong> <strong data-start=\"3944\" data-end=\"3989\">2C-E (2,5-dimetoxi-4-etilfenetilamina)<\/strong> - Un <strong data-start=\"3996\" data-end=\"4026\">fenetilamina sint\u00e9tica<\/strong> desde <strong data-start=\"4034\" data-end=\"4048\">Familia 2C<\/strong>, desarrollado originalmente por <strong data-start=\"4081\" data-end=\"4106\">Dr. Alexander Shulgin<\/strong>. 2c e\u200b<\/p>\n<p data-start=\"4111\" data-end=\"4452\">El 2C-E se utiliza ampliamente en <strong data-start=\"4139\" data-end=\"4179\">investigaci\u00f3n qu\u00edmica y farmacol\u00f3gica<\/strong> para <strong data-start=\"4185\" data-end=\"4234\">Estudios de relaci\u00f3n estructura-actividad (SAR)<\/strong> y <strong data-start=\"4238\" data-end=\"4267\">investigaci\u00f3n sobre la uni\u00f3n a receptores<\/strong>.<br data-start=\"4268\" data-end=\"4271\" \/>Cada pellet se produce seg\u00fan <strong data-start=\"4310\" data-end=\"4356\">est\u00e1ndares de laboratorio (pureza \u2265 98%)<\/strong> y empaquetado en un <strong data-start=\"4375\" data-end=\"4409\">embalaje bl\u00edster protector<\/strong> para m\u00e1xima estabilidad y seguridad.<\/p>\n<blockquote data-start=\"4454\" data-end=\"4603\">\n<p data-start=\"4456\" data-end=\"4603\">\u26a0\ufe0f <strong data-start=\"4459\" data-end=\"4470\">N\u00d3TESE BIEN:<\/strong> 2C-E est\u00e1 destinado exclusivamente a <strong data-start=\"4504\" data-end=\"4545\">investigaci\u00f3n anal\u00edtica y de laboratorio<\/strong> \u2014 <strong data-start=\"4548\" data-end=\"4600\">No apto para uso humano o animal.<\/strong>.<\/p>\n<\/blockquote>\n<hr data-start=\"4605\" data-end=\"4608\" \/>\n<h3 data-start=\"4610\" data-end=\"4641\"><strong data-start=\"4614\" data-end=\"4641\">Caracter\u00edsticas principales<\/strong><\/h3>\n<div class=\"_tableContainer_1rjym_1\">\n<div class=\"group _tableWrapper_1rjym_13 flex w-fit flex-col-reverse\" tabindex=\"-1\">\n<table class=\"w-fit min-w-(--thread-content-width)\" data-start=\"4643\" data-end=\"5125\">\n<thead data-start=\"4643\" data-end=\"4669\">\n<tr data-start=\"4643\" data-end=\"4669\">\n<th data-start=\"4643\" data-end=\"4653\" data-col-size=\"sm\">Caracter\u00edstica<\/th>\n<th data-start=\"4653\" data-end=\"4669\" data-col-size=\"md\">Descripci\u00f3n<\/th>\n<\/tr>\n<\/thead>\n<tbody data-start=\"4698\" data-end=\"5125\">\n<tr data-start=\"4698\" data-end=\"4757\">\n<td data-start=\"4698\" data-end=\"4719\" data-col-size=\"sm\"><strong data-start=\"4700\" data-end=\"4718\">Nombre qu\u00edmico<\/strong><\/td>\n<td data-start=\"4719\" data-end=\"4757\" data-col-size=\"md\">2,5-Dimetoxi-4-etilfenetilamina<\/td>\n<\/tr>\n<tr data-start=\"4758\" data-end=\"4791\">\n<td data-start=\"4758\" data-end=\"4783\" data-col-size=\"sm\"><strong data-start=\"4760\" data-end=\"4782\">Nombre com\u00fan<\/strong><\/td>\n<td data-start=\"4783\" data-end=\"4791\" data-col-size=\"md\">2C-E<\/td>\n<\/tr>\n<tr data-start=\"4792\" data-end=\"4827\">\n<td data-start=\"4792\" data-end=\"4807\" data-col-size=\"sm\"><strong data-start=\"4794\" data-end=\"4806\">Dosificaci\u00f3n<\/strong><\/td>\n<td data-start=\"4807\" data-end=\"4827\" data-col-size=\"md\">10 mg por pellet<\/td>\n<\/tr>\n<tr data-start=\"4828\" data-end=\"4875\">\n<td data-start=\"4828\" data-end=\"4839\" data-col-size=\"sm\"><strong data-start=\"4830\" data-end=\"4838\">Forma<\/strong><\/td>\n<td data-start=\"4839\" data-end=\"4875\" data-col-size=\"md\">Pellet s\u00f3lido (bl\u00edster)<\/td>\n<\/tr>\n<tr data-start=\"4876\" data-end=\"4930\">\n<td data-start=\"4876\" data-end=\"4893\" data-col-size=\"sm\"><strong data-start=\"4878\" data-end=\"4892\">Pureza<\/strong><\/td>\n<td data-start=\"4893\" data-end=\"4930\" data-col-size=\"md\">\u2265 98% (confirmado por HPLC y RMN)<\/td>\n<\/tr>\n<tr data-start=\"4931\" data-end=\"5000\">\n<td data-start=\"4931\" data-end=\"4954\" data-col-size=\"sm\"><strong data-start=\"4933\" data-end=\"4953\">Clase qu\u00edmica<\/strong><\/td>\n<td data-start=\"4954\" data-end=\"5000\" data-col-size=\"md\">Fenetilamina sustituida \/ familia 2C<\/td>\n<\/tr>\n<tr data-start=\"5001\" data-end=\"5050\">\n<td data-start=\"5001\" data-end=\"5018\" data-col-size=\"sm\"><strong data-start=\"5003\" data-end=\"5017\">Embalaje<\/strong><\/td>\n<td data-start=\"5018\" data-end=\"5050\" data-col-size=\"md\">bl\u00edster sellado<\/td>\n<\/tr>\n<tr data-start=\"5051\" data-end=\"5125\">\n<td data-start=\"5051\" data-end=\"5065\" data-col-size=\"sm\"><strong data-start=\"5053\" data-end=\"5064\">Uso<\/strong><\/td>\n<td data-start=\"5065\" data-end=\"5125\" data-col-size=\"md\">Solo para investigaci\u00f3n anal\u00edtica, forense y qu\u00edmica.<\/td>\n<\/tr>\n<\/tbody>\n<\/table>\n<\/div>\n<\/div>\n<hr data-start=\"5127\" data-end=\"5130\" \/>\n<h3 data-start=\"5132\" data-end=\"5149\"><strong data-start=\"5136\" data-end=\"5149\">Ventajas<\/strong><\/h3>\n<ul data-start=\"5151\" data-end=\"5599\">\n<li data-start=\"5151\" data-end=\"5240\">\n<p data-start=\"5153\" data-end=\"5240\"><strong data-start=\"5153\" data-end=\"5177\">Dosis precisa<\/strong> \u2013 Cada pellet contiene exactamente 10 mg para obtener resultados consistentes.<\/p>\n<\/li>\n<li data-start=\"5241\" data-end=\"5339\">\n<p data-start=\"5243\" data-end=\"5339\"><strong data-start=\"5243\" data-end=\"5262\">Alta pureza<\/strong> \u2013 \u2265 98% calidad de laboratorio, probado por cromatograf\u00eda y espectroscopia.<\/p>\n<\/li>\n<li data-start=\"5340\" data-end=\"5430\">\n<p data-start=\"5342\" data-end=\"5430\"><strong data-start=\"5342\" data-end=\"5364\">Embalaje seguro<\/strong> \u2013 El embalaje bl\u00edster evita la contaminaci\u00f3n y mantiene la estabilidad.<\/p>\n<\/li>\n<li data-start=\"5431\" data-end=\"5515\">\n<p data-start=\"5433\" data-end=\"5515\"><strong data-start=\"5433\" data-end=\"5463\">Ampliamente aplicable a la investigaci\u00f3n<\/strong> \u2013 Adecuado para an\u00e1lisis GC\/MS, HPLC, FTIR y RMN.<\/p>\n<\/li>\n<li data-start=\"5516\" data-end=\"5599\">\n<p data-start=\"5518\" data-end=\"5599\"><strong data-start=\"5518\" data-end=\"5538\">Valor de la investigaci\u00f3n<\/strong> \u2013 Valioso para estudios comparativos dentro de la serie 2C.<\/p>\n<\/li>\n<\/ul>\n<hr data-start=\"5601\" data-end=\"5604\" \/>\n<h3 data-start=\"5606\" data-end=\"5658\"><strong data-start=\"5610\" data-end=\"5656\">Uso (solo para fines de investigaci\u00f3n)<\/strong><\/h3>\n<ol data-start=\"5660\" data-end=\"6053\">\n<li data-start=\"5660\" data-end=\"5729\">\n<p data-start=\"5663\" data-end=\"5729\"><strong data-start=\"5663\" data-end=\"5678\">Manejo:<\/strong> Use guantes, gafas de seguridad y bata de laboratorio.<\/p>\n<\/li>\n<li data-start=\"5730\" data-end=\"5825\">\n<p data-start=\"5733\" data-end=\"5825\"><strong data-start=\"5733\" data-end=\"5746\">Medidas:<\/strong> Cada pellet contiene 10 mg; no alterar fuera de las condiciones controladas.<\/p>\n<\/li>\n<li data-start=\"5826\" data-end=\"5911\">\n<p data-start=\"5829\" data-end=\"5911\"><strong data-start=\"5829\" data-end=\"5840\">Almacenamiento:<\/strong> Conservar en un lugar fresco (2\u20138 \u00b0C), seco y oscuro, en su embalaje bl\u00edster original.<\/p>\n<\/li>\n<li data-start=\"5912\" data-end=\"5976\">\n<p data-start=\"5915\" data-end=\"5976\"><strong data-start=\"5915\" data-end=\"5927\">An\u00e1lisis:<\/strong> Adecuado para GC\/MS, LC-MS, HPLC, FTIR y RMN.<\/p>\n<\/li>\n<li data-start=\"5977\" data-end=\"6053\">\n<p data-start=\"5980\" data-end=\"6053\"><strong data-start=\"5980\" data-end=\"5997\">Documentaci\u00f3n:<\/strong> Registre los datos del lote y los resultados de las pruebas para garantizar el cumplimiento.<\/p>\n<\/li>\n<\/ol>\n<hr data-start=\"6055\" data-end=\"6058\" \/>\n<h3 data-start=\"6060\" data-end=\"6095\"><strong data-start=\"6064\" data-end=\"6093\">Preguntas frecuentes (FAQ)<\/strong><\/h3>\n<p data-start=\"6097\" data-end=\"6313\"><strong data-start=\"6097\" data-end=\"6116\">1. \u00bfQu\u00e9 es 2C-E?<\/strong><br data-start=\"6116\" data-end=\"6119\" \/><strong data-start=\"6119\" data-end=\"6164\">2C-E (2,5-dimetoxi-4-etilfenetilamina)<\/strong> es un <strong data-start=\"6172\" data-end=\"6202\">fenetilamina sint\u00e9tica<\/strong> que se utiliza en estudios anal\u00edticos y farmacol\u00f3gicos de la uni\u00f3n al receptor y la actividad estructural.<\/p>\n<p data-start=\"6315\" data-end=\"6473\"><strong data-start=\"6315\" data-end=\"6366\">2. \u00bfPara qu\u00e9 se utilizan los pellets de 2C-E 10 mg?<\/strong><br data-start=\"6366\" data-end=\"6369\" \/>Est\u00e1n destinados a <strong data-start=\"6390\" data-end=\"6431\">fines anal\u00edticos y forenses<\/strong>, como la cromatograf\u00eda y la espectroscopia.<\/p>\n<p data-start=\"6475\" data-end=\"6675\"><strong data-start=\"6475\" data-end=\"6513\">3. \u00bfEs legal comprar 2C-E?<\/strong><br data-start=\"6513\" data-end=\"6516\" \/>El <strong data-start=\"6519\" data-end=\"6542\">legalidad del 2C-E<\/strong> Var\u00eda seg\u00fan el pa\u00eds. En algunos pa\u00edses, se considera una sustancia controlada; por lo tanto, consulte siempre las normativas locales antes de comprarla.<\/p>","protected":false},"excerpt":{"rendered":"<h2><strong><span dir=\"auto\" style=\"vertical-align: inherit;\"><span dir=\"auto\" style=\"vertical-align: inherit;\">Bl\u00edster de pastillas 2C-E de 10 mg<\/span><\/span><\/strong><\/h2>\n<ul>\n<li><strong><span dir=\"auto\" style=\"vertical-align: inherit;\"><span dir=\"auto\" style=\"vertical-align: inherit;\">Embalaje minorista<\/span><\/span><br \/>\n<\/strong><\/li>\n<li><strong><span dir=\"auto\" style=\"vertical-align: inherit;\"><span dir=\"auto\" style=\"vertical-align: inherit;\">N\u00famero de pellets por bl\u00edster: 10<\/span><\/span><\/strong><\/li>\n<li><strong><span dir=\"auto\" style=\"vertical-align: inherit;\"><span dir=\"auto\" style=\"vertical-align: inherit;\">Los precios no incluyen IVA 21%<\/span><\/span><\/strong><\/li>\n<li><strong><span dir=\"auto\" style=\"vertical-align: inherit;\"><span dir=\"auto\" style=\"vertical-align: inherit;\">Precio de venta recomendado: 49,95 \u20ac IVA incluido<\/span><\/span><\/strong><\/li>\n<\/ul>","protected":false},"featured_media":20730,"comment_status":"closed","ping_status":"closed","template":"","meta":[],"product_brand":[82],"product_cat":[555],"product_tag":[799,620,621,816,326,797,798,795,796],"class_list":{"0":"post-24537","1":"product","2":"type-product","3":"status-publish","4":"has-post-thumbnail","6":"product_brand-research-chemical","7":"product_cat-b2b","8":"product_tag-2-ce-pellets","9":"product_tag-2c-e","10":"product_tag-2c-e-kopen","11":"product_tag-2ce-blister","12":"product_tag-nl","13":"product_tag-research-chemicals-bestellen","14":"product_tag-research-chemicals-nederland","15":"product_tag-wat-is-2c-e","16":"product_tag-where-to-buy-2c-e-online","18":"first","19":"instock","20":"taxable","21":"shipping-taxable","22":"purchasable","23":"product-type-variable"},"_links":{"self":[{"href":"https:\/\/onderzoekschemicals.com\/es\/wp-json\/wp\/v2\/product\/24537","targetHints":{"allow":["GET"]}}],"collection":[{"href":"https:\/\/onderzoekschemicals.com\/es\/wp-json\/wp\/v2\/product"}],"about":[{"href":"https:\/\/onderzoekschemicals.com\/es\/wp-json\/wp\/v2\/types\/product"}],"replies":[{"embeddable":true,"href":"https:\/\/onderzoekschemicals.com\/es\/wp-json\/wp\/v2\/comments?post=24537"}],"version-history":[{"count":7,"href":"https:\/\/onderzoekschemicals.com\/es\/wp-json\/wp\/v2\/product\/24537\/revisions"}],"predecessor-version":[{"id":27775,"href":"https:\/\/onderzoekschemicals.com\/es\/wp-json\/wp\/v2\/product\/24537\/revisions\/27775"}],"wp:featuredmedia":[{"embeddable":true,"href":"https:\/\/onderzoekschemicals.com\/es\/wp-json\/wp\/v2\/media\/20730"}],"wp:attachment":[{"href":"https:\/\/onderzoekschemicals.com\/es\/wp-json\/wp\/v2\/media?parent=24537"}],"wp:term":[{"taxonomy":"product_brand","embeddable":true,"href":"https:\/\/onderzoekschemicals.com\/es\/wp-json\/wp\/v2\/product_brand?post=24537"},{"taxonomy":"product_cat","embeddable":true,"href":"https:\/\/onderzoekschemicals.com\/es\/wp-json\/wp\/v2\/product_cat?post=24537"},{"taxonomy":"product_tag","embeddable":true,"href":"https:\/\/onderzoekschemicals.com\/es\/wp-json\/wp\/v2\/product_tag?post=24537"}],"curies":[{"name":"gracias","href":"https:\/\/api.w.org\/{rel}","templated":true}]}}