{"id":24497,"date":"2025-10-20T17:41:49","date_gmt":"2025-10-20T17:41:49","guid":{"rendered":"https:\/\/onderzoekschemicals.com\/?post_type=product&#038;p=24497"},"modified":"2025-10-21T16:12:25","modified_gmt":"2025-10-21T16:12:25","slug":"2-fa-5ml-buisje","status":"publish","type":"product","link":"https:\/\/onderzoekschemicals.com\/es\/shop\/b2b\/2-fa-5ml-buisje\/","title":{"rendered":"Tubo 2-FA de 5 ml"},"content":{"rendered":"<h3 data-start=\"4246\" data-end=\"4267\"><strong data-start=\"4250\" data-end=\"4265\">Introducci\u00f3n<\/strong><\/h3>\n<p data-start=\"4268\" data-end=\"4667\"><strong data-start=\"4268\" data-end=\"4287\">Tubo 2-FA de 5 ml<\/strong> contiene un <strong data-start=\"4298\" data-end=\"4342\">soluci\u00f3n de laboratorio preparada con precisi\u00f3n<\/strong> por <strong data-start=\"4347\" data-end=\"4376\">2-FA (2-fluoroanfetamina)<\/strong> - Un <strong data-start=\"4383\" data-end=\"4418\">an\u00e1logo fluorado de la anfetamina<\/strong> dentro de la <strong data-start=\"4429\" data-end=\"4452\">clase de fenetilamina<\/strong>. 2 fa<br data-start=\"4453\" data-end=\"4456\" \/>Estructuralmente relacionado con <strong data-start=\"4480\" data-end=\"4494\">anfetamina<\/strong> y <strong data-start=\"4498\" data-end=\"4507\">2-FMA<\/strong>, 2-FA se utiliza en <strong data-start=\"4532\" data-end=\"4585\">investigaci\u00f3n anal\u00edtica, forense y neuroqu\u00edmica<\/strong> como <strong data-start=\"4590\" data-end=\"4628\">material de referencia y calibraci\u00f3n<\/strong> en cromatograf\u00eda y espectroscopia.<\/p>\n<p data-start=\"4669\" data-end=\"4888\">La soluci\u00f3n se prepara con <strong data-start=\"4696\" data-end=\"4717\">\u2265 98% 2-FA puro<\/strong>, disuelto en un <strong data-start=\"4735\" data-end=\"4786\">disolvente de investigaci\u00f3n de grado de laboratorio<\/strong>, y empaquetado en un <strong data-start=\"4806\" data-end=\"4844\">Tubo de vidrio \u00e1mbar de 5 ml<\/strong> Para protecci\u00f3n contra la luz y la oxidaci\u00f3n.<\/p>\n<blockquote data-start=\"4890\" data-end=\"5029\">\n<p data-start=\"4892\" data-end=\"5029\">\u26a0\ufe0f <strong data-start=\"4895\" data-end=\"4906\">N\u00d3TESE BIEN:<\/strong> La autenticaci\u00f3n de dos factores (2-FA) solo est\u00e1 destinada a <strong data-start=\"4940\" data-end=\"4975\">investigaci\u00f3n y uso anal\u00edtico<\/strong> \u2014 <strong data-start=\"4978\" data-end=\"5026\">No apto para consumo humano o animal<\/strong>.<\/p>\n<\/blockquote>\n<hr data-start=\"5031\" data-end=\"5034\" \/>\n<h3 data-start=\"5036\" data-end=\"5067\"><strong data-start=\"5040\" data-end=\"5067\">Caracter\u00edsticas principales<\/strong><\/h3>\n<div class=\"_tableContainer_1rjym_1\">\n<div class=\"group _tableWrapper_1rjym_13 flex w-fit flex-col-reverse\" tabindex=\"-1\">\n<table class=\"w-fit min-w-(--thread-content-width)\" data-start=\"5069\" data-end=\"5723\">\n<thead data-start=\"5069\" data-end=\"5095\">\n<tr data-start=\"5069\" data-end=\"5095\">\n<th data-start=\"5069\" data-end=\"5079\" data-col-size=\"sm\">Caracter\u00edstica<\/th>\n<th data-start=\"5079\" data-end=\"5095\" data-col-size=\"md\">Descripci\u00f3n<\/th>\n<\/tr>\n<\/thead>\n<tbody data-start=\"5124\" data-end=\"5723\">\n<tr data-start=\"5124\" data-end=\"5167\">\n<td data-start=\"5124\" data-end=\"5145\" data-col-size=\"sm\"><strong data-start=\"5126\" data-end=\"5144\">Nombre qu\u00edmico<\/strong><\/td>\n<td data-start=\"5145\" data-end=\"5167\" data-col-size=\"md\">2-fluoroanfetamina<\/td>\n<\/tr>\n<tr data-start=\"5168\" data-end=\"5201\">\n<td data-start=\"5168\" data-end=\"5193\" data-col-size=\"sm\"><strong data-start=\"5170\" data-end=\"5192\">Nombre com\u00fan<\/strong><\/td>\n<td data-start=\"5193\" data-end=\"5201\" data-col-size=\"md\">2-FA<\/td>\n<\/tr>\n<tr data-start=\"5202\" data-end=\"5237\">\n<td data-start=\"5202\" data-end=\"5226\" data-col-size=\"sm\"><strong data-start=\"5204\" data-end=\"5225\">F\u00f3rmula qu\u00edmica<\/strong><\/td>\n<td data-start=\"5226\" data-end=\"5237\" data-col-size=\"md\">C\u2089H\u2081\u2082FN<\/td>\n<\/tr>\n<tr data-start=\"5238\" data-end=\"5276\">\n<td data-start=\"5238\" data-end=\"5260\" data-col-size=\"sm\"><strong data-start=\"5240\" data-end=\"5259\">Peso molecular<\/strong><\/td>\n<td data-start=\"5260\" data-end=\"5276\" data-col-size=\"md\">153,20 g\/mol<\/td>\n<\/tr>\n<tr data-start=\"5277\" data-end=\"5338\">\n<td data-start=\"5277\" data-end=\"5288\" data-col-size=\"sm\"><strong data-start=\"5279\" data-end=\"5287\">Forma<\/strong><\/td>\n<td data-start=\"5288\" data-end=\"5338\" data-col-size=\"md\">Soluci\u00f3n l\u00edquida (en disolvente de prueba)<\/td>\n<\/tr>\n<tr data-start=\"5339\" data-end=\"5402\">\n<td data-start=\"5339\" data-end=\"5358\" data-col-size=\"sm\"><strong data-start=\"5341\" data-end=\"5357\">Concentraci\u00f3n<\/strong><\/td>\n<td data-start=\"5358\" data-end=\"5402\" data-col-size=\"md\">Est\u00e1ndar de laboratorio (dependiente del lote)<\/td>\n<\/tr>\n<tr data-start=\"5403\" data-end=\"5450\">\n<td data-start=\"5403\" data-end=\"5416\" data-col-size=\"sm\"><strong data-start=\"5405\" data-end=\"5415\">Volumen<\/strong><\/td>\n<td data-start=\"5416\" data-end=\"5450\" data-col-size=\"md\">Tubo de vidrio \u00e1mbar de 5 ml<\/td>\n<\/tr>\n<tr data-start=\"5451\" data-end=\"5502\">\n<td data-start=\"5451\" data-end=\"5468\" data-col-size=\"sm\"><strong data-start=\"5453\" data-end=\"5467\">Pureza<\/strong><\/td>\n<td data-start=\"5468\" data-end=\"5502\" data-col-size=\"md\">\u2265 98% (probado por HPLC y RMN)<\/td>\n<\/tr>\n<tr data-start=\"5503\" data-end=\"5577\">\n<td data-start=\"5503\" data-end=\"5526\" data-col-size=\"sm\"><strong data-start=\"5505\" data-end=\"5525\">Clase qu\u00edmica<\/strong><\/td>\n<td data-start=\"5526\" data-end=\"5577\" data-col-size=\"md\">An\u00e1logo fluorado de anfetamina\/fenetilamina<\/td>\n<\/tr>\n<tr data-start=\"5578\" data-end=\"5652\">\n<td data-start=\"5578\" data-end=\"5592\" data-col-size=\"sm\"><strong data-start=\"5580\" data-end=\"5591\">Uso<\/strong><\/td>\n<td data-start=\"5592\" data-end=\"5652\" data-col-size=\"md\">Solo para investigaci\u00f3n anal\u00edtica, forense y qu\u00edmica.<\/td>\n<\/tr>\n<tr data-start=\"5653\" data-end=\"5723\">\n<td data-start=\"5653\" data-end=\"5670\" data-col-size=\"sm\"><strong data-start=\"5655\" data-end=\"5669\">Embalaje<\/strong><\/td>\n<td data-start=\"5670\" data-end=\"5723\" data-col-size=\"md\">Vidrio \u00e1mbar con tap\u00f3n herm\u00e9tico de laboratorio.<\/td>\n<\/tr>\n<\/tbody>\n<\/table>\n<\/div>\n<\/div>\n<hr data-start=\"5725\" data-end=\"5728\" \/>\n<h3 data-start=\"5730\" data-end=\"5747\"><strong data-start=\"5734\" data-end=\"5747\">Ventajas<\/strong><\/h3>\n<ul data-start=\"5749\" data-end=\"6197\">\n<li data-start=\"5749\" data-end=\"5842\">\n<p data-start=\"5751\" data-end=\"5842\"><strong data-start=\"5751\" data-end=\"5770\">Alta pureza<\/strong> \u2013 Preparar con \u2265 98% 2-FA puro para obtener resultados de investigaci\u00f3n confiables.<\/p>\n<\/li>\n<li data-start=\"5843\" data-end=\"5941\">\n<p data-start=\"5845\" data-end=\"5941\"><strong data-start=\"5845\" data-end=\"5872\">Soluci\u00f3n lista para usar<\/strong> \u2013 El tama\u00f1o de 5 ml evita errores de dosificaci\u00f3n y simplifica los experimentos.<\/p>\n<\/li>\n<li data-start=\"5942\" data-end=\"6029\">\n<p data-start=\"5944\" data-end=\"6029\"><strong data-start=\"5944\" data-end=\"5964\">Vidrio protector<\/strong> \u2013 El tubo \u00e1mbar evita la degradaci\u00f3n por la luz y la oxidaci\u00f3n.<\/p>\n<\/li>\n<li data-start=\"6030\" data-end=\"6102\">\n<p data-start=\"6032\" data-end=\"6102\"><strong data-start=\"6032\" data-end=\"6052\">Ampliamente aplicable<\/strong> \u2013 Adecuado para GC\/MS, LC-MS, FTIR, UV y HPLC.<\/p>\n<\/li>\n<li data-start=\"6103\" data-end=\"6197\">\n<p data-start=\"6105\" data-end=\"6197\"><strong data-start=\"6105\" data-end=\"6131\">Calidad de lote probada<\/strong> \u2013 Cada lote se comprueba en cuanto a concentraci\u00f3n y pureza.<\/p>\n<\/li>\n<\/ul>\n<hr data-start=\"6199\" data-end=\"6202\" \/>\n<h3 data-start=\"6204\" data-end=\"6256\"><strong data-start=\"6208\" data-end=\"6254\">Uso (solo para fines de investigaci\u00f3n)<\/strong><\/h3>\n<ol data-start=\"6258\" data-end=\"6678\">\n<li data-start=\"6258\" data-end=\"6352\">\n<p data-start=\"6261\" data-end=\"6352\"><strong data-start=\"6261\" data-end=\"6276\">Manejo:<\/strong> Use guantes, gafas de seguridad y bata de laboratorio; trabaje bajo una campana extractora de humos.<\/p>\n<\/li>\n<li data-start=\"6353\" data-end=\"6421\">\n<p data-start=\"6356\" data-end=\"6421\"><strong data-start=\"6356\" data-end=\"6369\">Medidas:<\/strong> Utilice pipetas para la determinaci\u00f3n precisa del volumen.<\/p>\n<\/li>\n<li data-start=\"6422\" data-end=\"6493\">\n<p data-start=\"6425\" data-end=\"6493\"><strong data-start=\"6425\" data-end=\"6436\">Almacenamiento:<\/strong> Conservar en un lugar fresco (2\u20138 \u00b0C), seco y oscuro; bien cerrado.<\/p>\n<\/li>\n<li data-start=\"6494\" data-end=\"6589\">\n<p data-start=\"6497\" data-end=\"6589\"><strong data-start=\"6497\" data-end=\"6509\">An\u00e1lisis:<\/strong> Adecuado para cromatograf\u00eda, espectroscopia y an\u00e1lisis de referencia forense.<\/p>\n<\/li>\n<li data-start=\"6590\" data-end=\"6678\">\n<p data-start=\"6593\" data-end=\"6678\"><strong data-start=\"6593\" data-end=\"6610\">Documentaci\u00f3n:<\/strong> Registrar datos de lotes y certificados de an\u00e1lisis para trazabilidad.<\/p>\n<\/li>\n<\/ol>\n<hr data-start=\"6680\" data-end=\"6683\" \/>\n<h3 data-start=\"6685\" data-end=\"6720\"><strong data-start=\"6689\" data-end=\"6718\">Preguntas frecuentes (FAQ)<\/strong><\/h3>\n<p data-start=\"6722\" data-end=\"6902\"><strong data-start=\"6722\" data-end=\"6741\">1. \u00bfQu\u00e9 es 2-FA?<\/strong><br data-start=\"6741\" data-end=\"6744\" \/><strong data-start=\"6744\" data-end=\"6773\">2-FA (2-fluoroanfetamina)<\/strong> es un <strong data-start=\"6781\" data-end=\"6811\">fenetilamina fluorada<\/strong> que se utiliza para la investigaci\u00f3n sobre transportadores de monoamina y actividad estructural.<\/p>\n<p data-start=\"6904\" data-end=\"7064\"><strong data-start=\"6904\" data-end=\"6945\">2. \u00bfQu\u00e9 hay en el tubo de 5 ml de 2-FA?<\/strong><br data-start=\"6945\" data-end=\"6948\" \/>El tubo contiene <strong data-start=\"6965\" data-end=\"7006\">Soluci\u00f3n de 2-FA de 5 ml (pureza \u2265 98%)<\/strong> en un solvente de investigaci\u00f3n de grado de laboratorio.<\/p>\n<p data-start=\"7066\" data-end=\"7275\"><strong data-start=\"7066\" data-end=\"7104\">3. \u00bfEs legal comprar 2-FA?<\/strong><br data-start=\"7104\" data-end=\"7107\" \/>El <strong data-start=\"7110\" data-end=\"7133\">legalidad de 2-FA<\/strong> Var\u00eda seg\u00fan el pa\u00eds. En algunos pa\u00edses, est\u00e1 regulado por la Ley del Opio. Consulte siempre las leyes locales antes de usarlo. <strong data-start=\"7258\" data-end=\"7272\">Compras 2-FA<\/strong>.<\/p>","protected":false},"excerpt":{"rendered":"<h2><strong><span dir=\"auto\" style=\"vertical-align: inherit;\"><span dir=\"auto\" style=\"vertical-align: inherit;\">Tubo 2-FA de 5 ml<\/span><\/span><\/strong><\/h2>\n<ul>\n<li><strong><span dir=\"auto\" style=\"vertical-align: inherit;\"><span dir=\"auto\" style=\"vertical-align: inherit;\">Embalaje minorista<\/span><\/span><br \/>\n<\/strong><\/li>\n<li><strong><span dir=\"auto\" style=\"vertical-align: inherit;\"><span dir=\"auto\" style=\"vertical-align: inherit;\">Cantidad ml por tubo: 5<\/span><\/span><\/strong><\/li>\n<li><strong><span dir=\"auto\" style=\"vertical-align: inherit;\"><span dir=\"auto\" style=\"vertical-align: inherit;\">Los precios no incluyen IVA 21%<\/span><\/span><\/strong><\/li>\n<li><strong><span dir=\"auto\" style=\"vertical-align: inherit;\"><span dir=\"auto\" style=\"vertical-align: inherit;\">Precio de venta recomendado: 12,95 \u20ac IVA incluido<\/span><\/span><\/strong><\/li>\n<\/ul>","protected":false},"featured_media":24506,"comment_status":"closed","ping_status":"closed","template":"","meta":[],"product_brand":[82],"product_cat":[555],"product_tag":[821,822,823,326],"class_list":{"0":"post-24497","1":"product","2":"type-product","3":"status-publish","4":"has-post-thumbnail","6":"product_brand-research-chemical","7":"product_cat-b2b","8":"product_tag-2-fa","9":"product_tag-2-fa-buisje","10":"product_tag-2-fa-werking","11":"product_tag-nl","13":"first","14":"instock","15":"taxable","16":"shipping-taxable","17":"purchasable","18":"product-type-variable"},"_links":{"self":[{"href":"https:\/\/onderzoekschemicals.com\/es\/wp-json\/wp\/v2\/product\/24497","targetHints":{"allow":["GET"]}}],"collection":[{"href":"https:\/\/onderzoekschemicals.com\/es\/wp-json\/wp\/v2\/product"}],"about":[{"href":"https:\/\/onderzoekschemicals.com\/es\/wp-json\/wp\/v2\/types\/product"}],"replies":[{"embeddable":true,"href":"https:\/\/onderzoekschemicals.com\/es\/wp-json\/wp\/v2\/comments?post=24497"}],"version-history":[{"count":5,"href":"https:\/\/onderzoekschemicals.com\/es\/wp-json\/wp\/v2\/product\/24497\/revisions"}],"predecessor-version":[{"id":27783,"href":"https:\/\/onderzoekschemicals.com\/es\/wp-json\/wp\/v2\/product\/24497\/revisions\/27783"}],"wp:featuredmedia":[{"embeddable":true,"href":"https:\/\/onderzoekschemicals.com\/es\/wp-json\/wp\/v2\/media\/24506"}],"wp:attachment":[{"href":"https:\/\/onderzoekschemicals.com\/es\/wp-json\/wp\/v2\/media?parent=24497"}],"wp:term":[{"taxonomy":"product_brand","embeddable":true,"href":"https:\/\/onderzoekschemicals.com\/es\/wp-json\/wp\/v2\/product_brand?post=24497"},{"taxonomy":"product_cat","embeddable":true,"href":"https:\/\/onderzoekschemicals.com\/es\/wp-json\/wp\/v2\/product_cat?post=24497"},{"taxonomy":"product_tag","embeddable":true,"href":"https:\/\/onderzoekschemicals.com\/es\/wp-json\/wp\/v2\/product_tag?post=24497"}],"curies":[{"name":"gracias","href":"https:\/\/api.w.org\/{rel}","templated":true}]}}