{"id":24451,"date":"2025-10-20T17:41:45","date_gmt":"2025-10-20T17:41:45","guid":{"rendered":"https:\/\/onderzoekschemicals.com\/?post_type=product&#038;p=24451"},"modified":"2025-10-21T16:13:08","modified_gmt":"2025-10-21T16:13:08","slug":"dmxe-psychonaut","status":"publish","type":"product","link":"https:\/\/onderzoekschemicals.com\/es\/shop\/arylcyclohexylamine\/dmxe-psychonaut\/","title":{"rendered":"Pastillas de D-MEX DMXE de 40 mg"},"content":{"rendered":"<h3 data-start=\"4075\" data-end=\"4096\"><strong data-start=\"4079\" data-end=\"4094\">Introducci\u00f3n<\/strong><\/h3>\n<p data-start=\"4097\" data-end=\"4511\"><strong data-start=\"4097\" data-end=\"4124\">Pastillas de D-MEX DMXE de 40 mg<\/strong> contener <strong data-start=\"4134\" data-end=\"4175\">Pellets de 40 mg pesados con precisi\u00f3n<\/strong> <strong data-start=\"4176\" data-end=\"4208\">DMXE (3D-Metoxi-2\u2032-oxo-PCE)<\/strong> - Un <strong data-start=\"4215\" data-end=\"4262\">compuesto de arilciclohexilamina disociativo<\/strong> dentro de la <strong data-start=\"4273\" data-end=\"4308\">Clase antagonista del receptor NMDA<\/strong>. psiconauta dmxe<br data-start=\"4309\" data-end=\"4312\" \/>Estructuralmente es <strong data-start=\"4327\" data-end=\"4380\">DMXE (tambi\u00e9n conocido como desoximetoxetamina o D-MEX)<\/strong> relacionado con <strong data-start=\"4393\" data-end=\"4400\">MXE<\/strong> y <strong data-start=\"4404\" data-end=\"4411\">DXE<\/strong>, lo que la convierte en una sustancia valiosa para <strong data-start=\"4455\" data-end=\"4508\">investigaci\u00f3n neuroqu\u00edmica, forense y anal\u00edtica<\/strong>.<\/p>\n<p data-start=\"4513\" data-end=\"4764\">Cada pellet se produce con un <strong data-start=\"4552\" data-end=\"4588\">pureza de laboratorio de \u2265 98%<\/strong> y empaquetado en un <strong data-start=\"4607\" data-end=\"4641\">embalaje bl\u00edster protector<\/strong> para estabilidad y precisi\u00f3n. El <strong data-start=\"4681\" data-end=\"4695\">Dosis de 40 mg<\/strong> es ideal para <strong data-start=\"4711\" data-end=\"4761\">an\u00e1lisis cromatogr\u00e1ficos y espectrosc\u00f3picos<\/strong>.<\/p>\n<blockquote data-start=\"4766\" data-end=\"4912\">\n<p data-start=\"4768\" data-end=\"4912\">\u26a0\ufe0f <strong data-start=\"4771\" data-end=\"4782\">N\u00d3TESE BIEN:<\/strong> Este producto est\u00e1 destinado \u00fanicamente para su uso <strong data-start=\"4823\" data-end=\"4858\">investigaci\u00f3n y uso anal\u00edtico<\/strong> \u2014 <strong data-start=\"4861\" data-end=\"4909\">No apto para consumo humano o animal<\/strong>.<\/p>\n<\/blockquote>\n<hr data-start=\"4914\" data-end=\"4917\" \/>\n<h3 data-start=\"4919\" data-end=\"4950\"><strong data-start=\"4923\" data-end=\"4950\">Caracter\u00edsticas principales<\/strong><\/h3>\n<div class=\"_tableContainer_1rjym_1\">\n<div class=\"group _tableWrapper_1rjym_13 flex w-fit flex-col-reverse\" tabindex=\"-1\">\n<table class=\"w-fit min-w-(--thread-content-width)\" data-start=\"4952\" data-end=\"5502\">\n<thead data-start=\"4952\" data-end=\"4978\">\n<tr data-start=\"4952\" data-end=\"4978\">\n<th data-start=\"4952\" data-end=\"4962\" data-col-size=\"sm\">Caracter\u00edstica<\/th>\n<th data-start=\"4962\" data-end=\"4978\" data-col-size=\"md\">Descripci\u00f3n<\/th>\n<\/tr>\n<\/thead>\n<tbody data-start=\"5007\" data-end=\"5502\">\n<tr data-start=\"5007\" data-end=\"5053\">\n<td data-start=\"5007\" data-end=\"5028\" data-col-size=\"sm\"><strong data-start=\"5009\" data-end=\"5027\">Nombre qu\u00edmico<\/strong><\/td>\n<td data-start=\"5028\" data-end=\"5053\" data-col-size=\"md\">3D-Metoxi-2\u2032-oxo-PCE<\/td>\n<\/tr>\n<tr data-start=\"5054\" data-end=\"5095\">\n<td data-start=\"5054\" data-end=\"5079\" data-col-size=\"sm\"><strong data-start=\"5056\" data-end=\"5078\">Nombre com\u00fan<\/strong><\/td>\n<td data-start=\"5079\" data-end=\"5095\" data-col-size=\"md\">DMXE \/ D-MEX<\/td>\n<\/tr>\n<tr data-start=\"5096\" data-end=\"5133\">\n<td data-start=\"5096\" data-end=\"5120\" data-col-size=\"sm\"><strong data-start=\"5098\" data-end=\"5119\">F\u00f3rmula qu\u00edmica<\/strong><\/td>\n<td data-start=\"5120\" data-end=\"5133\" data-col-size=\"md\">C\u2081\u2084H\u2081\u2089NO\u2082<\/td>\n<\/tr>\n<tr data-start=\"5134\" data-end=\"5172\">\n<td data-start=\"5134\" data-end=\"5156\" data-col-size=\"sm\"><strong data-start=\"5136\" data-end=\"5155\">Peso molecular<\/strong><\/td>\n<td data-start=\"5156\" data-end=\"5172\" data-col-size=\"md\">233,31 g\/mol<\/td>\n<\/tr>\n<tr data-start=\"5173\" data-end=\"5207\">\n<td data-start=\"5173\" data-end=\"5188\" data-col-size=\"sm\"><strong data-start=\"5175\" data-end=\"5187\">Dosificaci\u00f3n<\/strong><\/td>\n<td data-start=\"5188\" data-end=\"5207\" data-col-size=\"md\">40 mg por pellet<\/td>\n<\/tr>\n<tr data-start=\"5208\" data-end=\"5255\">\n<td data-start=\"5208\" data-end=\"5219\" data-col-size=\"sm\"><strong data-start=\"5210\" data-end=\"5218\">Forma<\/strong><\/td>\n<td data-start=\"5219\" data-end=\"5255\" data-col-size=\"md\">Pellet s\u00f3lido (bl\u00edster)<\/td>\n<\/tr>\n<tr data-start=\"5256\" data-end=\"5307\">\n<td data-start=\"5256\" data-end=\"5273\" data-col-size=\"sm\"><strong data-start=\"5258\" data-end=\"5272\">Pureza<\/strong><\/td>\n<td data-start=\"5273\" data-end=\"5307\" data-col-size=\"md\">\u2265 98% (probado por HPLC y RMN)<\/td>\n<\/tr>\n<tr data-start=\"5308\" data-end=\"5372\">\n<td data-start=\"5308\" data-end=\"5331\" data-col-size=\"sm\"><strong data-start=\"5310\" data-end=\"5330\">Clase qu\u00edmica<\/strong><\/td>\n<td data-start=\"5331\" data-end=\"5372\" data-col-size=\"md\">Antagonista de arilciclohexilamina\/NMDA<\/td>\n<\/tr>\n<tr data-start=\"5373\" data-end=\"5452\">\n<td data-start=\"5373\" data-end=\"5387\" data-col-size=\"sm\"><strong data-start=\"5375\" data-end=\"5386\">Uso<\/strong><\/td>\n<td data-start=\"5387\" data-end=\"5452\" data-col-size=\"md\">Solo para investigaci\u00f3n anal\u00edtica, forense y neuroqu\u00edmica.<\/td>\n<\/tr>\n<tr data-start=\"5453\" data-end=\"5502\">\n<td data-start=\"5453\" data-end=\"5470\" data-col-size=\"sm\"><strong data-start=\"5455\" data-end=\"5469\">Embalaje<\/strong><\/td>\n<td data-start=\"5470\" data-end=\"5502\" data-col-size=\"md\">Tira bl\u00edster con precinto<\/td>\n<\/tr>\n<\/tbody>\n<\/table>\n<\/div>\n<\/div>\n<hr data-start=\"5504\" data-end=\"5507\" \/>\n<h3 data-start=\"5509\" data-end=\"5526\"><strong data-start=\"5513\" data-end=\"5526\">Ventajas<\/strong><\/h3>\n<ul data-start=\"5528\" data-end=\"5976\">\n<li data-start=\"5528\" data-end=\"5620\">\n<p data-start=\"5530\" data-end=\"5620\"><strong data-start=\"5530\" data-end=\"5549\">Alta pureza<\/strong> \u2013 \u2265 98% calidad de laboratorio para resultados de investigaci\u00f3n confiables.<\/p>\n<\/li>\n<li data-start=\"5621\" data-end=\"5700\">\n<p data-start=\"5623\" data-end=\"5700\"><strong data-start=\"5623\" data-end=\"5647\">Dosis precisa<\/strong> \u2013 40 mg por pellet garantizan mediciones consistentes.<\/p>\n<\/li>\n<li data-start=\"5701\" data-end=\"5787\">\n<p data-start=\"5703\" data-end=\"5787\"><strong data-start=\"5703\" data-end=\"5728\">Embalaje protector<\/strong> \u2013 El embalaje bl\u00edster evita la contaminaci\u00f3n y la degradaci\u00f3n.<\/p>\n<\/li>\n<li data-start=\"5788\" data-end=\"5881\">\n<p data-start=\"5790\" data-end=\"5881\"><strong data-start=\"5790\" data-end=\"5820\">Ampliamente aplicable a la investigaci\u00f3n<\/strong> \u2013 Adecuado para GC\/MS, LC-MS, FTIR, HPLC y espectroscopia.<\/p>\n<\/li>\n<li data-start=\"5882\" data-end=\"5976\">\n<p data-start=\"5884\" data-end=\"5976\"><strong data-start=\"5884\" data-end=\"5912\">Producci\u00f3n controlada<\/strong> \u2013 Producci\u00f3n totalmente trazable en condiciones de laboratorio.<\/p>\n<\/li>\n<\/ul>\n<hr data-start=\"5978\" data-end=\"5981\" \/>\n<h3 data-start=\"5983\" data-end=\"6035\"><strong data-start=\"5987\" data-end=\"6033\">Uso (solo para fines de investigaci\u00f3n)<\/strong><\/h3>\n<ol data-start=\"6037\" data-end=\"6479\">\n<li data-start=\"6037\" data-end=\"6148\">\n<p data-start=\"6040\" data-end=\"6148\"><strong data-start=\"6040\" data-end=\"6055\">Manejo:<\/strong> Use guantes, gafas de seguridad y bata de laboratorio; trabaje en condiciones controladas.<\/p>\n<\/li>\n<li data-start=\"6149\" data-end=\"6232\">\n<p data-start=\"6152\" data-end=\"6232\"><strong data-start=\"6152\" data-end=\"6165\">Medidas:<\/strong> Cada pellet contiene 40 mg; solo para uso en laboratorio.<\/p>\n<\/li>\n<li data-start=\"6233\" data-end=\"6311\">\n<p data-start=\"6236\" data-end=\"6311\"><strong data-start=\"6236\" data-end=\"6247\">Almacenamiento:<\/strong> Conservar en un lugar fresco (2\u20138 \u00b0C), seco y oscuro en el embalaje original.<\/p>\n<\/li>\n<li data-start=\"6312\" data-end=\"6403\">\n<p data-start=\"6315\" data-end=\"6403\"><strong data-start=\"6315\" data-end=\"6327\">An\u00e1lisis:<\/strong> Adecuado para cromatograf\u00eda, espectroscopia e identificaci\u00f3n forense.<\/p>\n<\/li>\n<li data-start=\"6404\" data-end=\"6479\">\n<p data-start=\"6407\" data-end=\"6479\"><strong data-start=\"6407\" data-end=\"6424\">Documentaci\u00f3n:<\/strong> Registre los n\u00fameros de lote y los resultados de las pruebas para garantizar el cumplimiento. dmxe psychonaut<\/p>\n<\/li>\n<\/ol>\n<hr data-start=\"6481\" data-end=\"6484\" \/>\n<h3 data-start=\"6486\" data-end=\"6521\"><strong data-start=\"6490\" data-end=\"6519\">Preguntas frecuentes (FAQ)<\/strong><\/h3>\n<p data-start=\"6523\" data-end=\"6721\"><strong data-start=\"6523\" data-end=\"6550\">1. \u00bfQu\u00e9 es DMXE (D-MEX)?<\/strong><br data-start=\"6550\" data-end=\"6553\" \/><strong data-start=\"6553\" data-end=\"6585\">DMXE (3D-Metoxi-2\u2032-oxo-PCE)<\/strong>, tambi\u00e9n conocido como <strong data-start=\"6602\" data-end=\"6611\">D-MEX<\/strong>, es un <strong data-start=\"6620\" data-end=\"6648\">conexi\u00f3n disociativa<\/strong> que se utiliza en estudios de laboratorio de la uni\u00f3n del receptor NMDA.<\/p>\n<p data-start=\"6723\" data-end=\"6869\"><strong data-start=\"6723\" data-end=\"6771\">2. \u00bfQu\u00e9 contienen los pellets D-MEX DMXE 40 mg?<\/strong><br data-start=\"6771\" data-end=\"6774\" \/>Cada pellet contiene <strong data-start=\"6792\" data-end=\"6824\">40 mg de DMXE (pureza \u2265 98%)<\/strong>, producido en condiciones de laboratorio. <a href=\"https:\/\/onderzoekschemicals.com\/es\/shop\/okategoriserad\/4mmc-kopen\/\">comprar 4mmc<\/a><a href=\"https:\/\/onderzoekschemicals.com\/es\/shop\/okategoriserad\/benzocaine-powder\/\">polvo de benzoca\u00edna<\/a><\/p>\n<p data-start=\"6871\" data-end=\"7079\"><strong data-start=\"6871\" data-end=\"6909\">3. \u00bfEs legal comprar DMXE?<\/strong><br data-start=\"6909\" data-end=\"6912\" \/>El <strong data-start=\"6915\" data-end=\"6938\">legalidad de DMXE<\/strong> Var\u00eda seg\u00fan el pa\u00eds. En algunos pa\u00edses se considera una sustancia controlada. Consulte siempre las normativas locales antes de usarla. <strong data-start=\"7062\" data-end=\"7076\">DMXE compra<\/strong>.<\/p>\n<div class=\"markdown-table-wrapper\"><\/div>","protected":false},"excerpt":{"rendered":"<p>Introducci\u00f3n Los pellets de D-MEX DMXE 40 mg contienen pellets pesados con precisi\u00f3n de 40 mg de DMXE (3D-metoxi-2\u2032-oxo-PCE), un compuesto de arilciclohexilamina disociativo dentro de la clase de antagonistas del receptor NMDA.<\/p>","protected":false},"featured_media":21436,"comment_status":"closed","ping_status":"closed","template":"","meta":[],"product_brand":[82],"product_cat":[71,406,429,324,398],"product_tag":[295,296,326],"class_list":{"0":"post-24451","1":"product","2":"type-product","3":"status-publish","4":"has-post-thumbnail","6":"product_brand-research-chemical","7":"product_cat-arylcyclohexylamine","8":"product_cat-dmxe","9":"product_cat-dmxe-pellets","10":"product_cat-pellets-for-pellet","11":"product_cat-verkoop","12":"product_tag-dmxe","13":"product_tag-dmxe-psychonaut","14":"product_tag-nl","16":"first","17":"instock","18":"sale","19":"taxable","20":"shipping-taxable","21":"purchasable","22":"product-type-variable"},"_links":{"self":[{"href":"https:\/\/onderzoekschemicals.com\/es\/wp-json\/wp\/v2\/product\/24451","targetHints":{"allow":["GET"]}}],"collection":[{"href":"https:\/\/onderzoekschemicals.com\/es\/wp-json\/wp\/v2\/product"}],"about":[{"href":"https:\/\/onderzoekschemicals.com\/es\/wp-json\/wp\/v2\/types\/product"}],"replies":[{"embeddable":true,"href":"https:\/\/onderzoekschemicals.com\/es\/wp-json\/wp\/v2\/comments?post=24451"}],"version-history":[{"count":6,"href":"https:\/\/onderzoekschemicals.com\/es\/wp-json\/wp\/v2\/product\/24451\/revisions"}],"predecessor-version":[{"id":27786,"href":"https:\/\/onderzoekschemicals.com\/es\/wp-json\/wp\/v2\/product\/24451\/revisions\/27786"}],"wp:featuredmedia":[{"embeddable":true,"href":"https:\/\/onderzoekschemicals.com\/es\/wp-json\/wp\/v2\/media\/21436"}],"wp:attachment":[{"href":"https:\/\/onderzoekschemicals.com\/es\/wp-json\/wp\/v2\/media?parent=24451"}],"wp:term":[{"taxonomy":"product_brand","embeddable":true,"href":"https:\/\/onderzoekschemicals.com\/es\/wp-json\/wp\/v2\/product_brand?post=24451"},{"taxonomy":"product_cat","embeddable":true,"href":"https:\/\/onderzoekschemicals.com\/es\/wp-json\/wp\/v2\/product_cat?post=24451"},{"taxonomy":"product_tag","embeddable":true,"href":"https:\/\/onderzoekschemicals.com\/es\/wp-json\/wp\/v2\/product_tag?post=24451"}],"curies":[{"name":"gracias","href":"https:\/\/api.w.org\/{rel}","templated":true}]}}