{"id":24271,"date":"2025-04-13T17:41:22","date_gmt":"2025-04-13T17:41:22","guid":{"rendered":"https:\/\/onderzoekschemicals.com\/?post_type=product&#038;p=24271"},"modified":"2025-11-28T06:53:32","modified_gmt":"2025-11-28T06:53:32","slug":"bromonordiazepam-25-mg-comprimidos","status":"publish","type":"product","link":"https:\/\/onderzoekschemicals.com\/es\/comercio\/benzodiazepinas\/bromonordiazepam-25-mg-comprimidos\/","title":{"rendered":"Bromonordiazepam 2,5 mg en gr\u00e1nulos"},"content":{"rendered":"<h3 data-start=\"3959\" data-end=\"3980\"><strong data-start=\"3963\" data-end=\"3978\">Introducci\u00f3n<\/strong><\/h3>\n<p data-start=\"3981\" data-end=\"4362\"><strong data-start=\"3981\" data-end=\"4015\">Bromonordiazepam 2,5 mg en gr\u00e1nulos<\/strong> contener <strong data-start=\"4025\" data-end=\"4059\">2,5 miligramos de bromonordiazepam<\/strong>, Un <strong data-start=\"4065\" data-end=\"4106\">compuesto de benzodiazepina de acci\u00f3n prolongada<\/strong> que est\u00e1 estructuralmente relacionado con <strong data-start=\"4138\" data-end=\"4153\">Nordiazepam<\/strong> y <strong data-start=\"4157\" data-end=\"4169\">Diazepam<\/strong>. bromonordiazepam<br data-start=\"4170\" data-end=\"4173\" \/>Se utiliza en <strong data-start=\"4195\" data-end=\"4233\">investigaci\u00f3n forense y anal\u00edtica<\/strong> Desagradable <strong data-start=\"4239\" data-end=\"4265\">Uni\u00f3n del receptor GABA-A<\/strong>, <strong data-start=\"4267\" data-end=\"4282\">metabolismo<\/strong> y <strong data-start=\"4286\" data-end=\"4328\">relaciones estructura-actividad (SAR)<\/strong> dentro de la clase de las benzodiazepinas.<\/p>\n<p data-start=\"4364\" data-end=\"4583\">Cada pellet es <strong data-start=\"4379\" data-end=\"4407\">formulado en laboratorio<\/strong> y probado en un <strong data-start=\"4425\" data-end=\"4449\">pureza de \u2265 98%<\/strong> a trav\u00e9s de <strong data-start=\"4454\" data-end=\"4469\">HPLC y RMN<\/strong>.<br data-start=\"4470\" data-end=\"4473\" \/>El <strong data-start=\"4476\" data-end=\"4517\">dosis estandarizada de 2,5 mg<\/strong> garantiza resultados de investigaci\u00f3n reproducibles y fiables.<\/p>\n<blockquote data-start=\"4585\" data-end=\"4736\">\n<p data-start=\"4587\" data-end=\"4736\">\u26a0\ufe0f <strong data-start=\"4590\" data-end=\"4601\">N\u00d3TESE BIEN:<\/strong> El bromonordiazepam solo est\u00e1 indicado para <strong data-start=\"4647\" data-end=\"4682\">investigaci\u00f3n y uso anal\u00edtico<\/strong> \u2014 <strong data-start=\"4685\" data-end=\"4734\">No apto para consumo humano o animal.<\/strong><\/p>\n<\/blockquote>\n<hr data-start=\"4738\" data-end=\"4741\" \/>\n<h3 data-start=\"4743\" data-end=\"4774\"><strong data-start=\"4747\" data-end=\"4774\">Caracter\u00edsticas principales<\/strong><\/h3>\n<div class=\"_tableContainer_1rjym_1\">\n<div class=\"group _tableWrapper_1rjym_13 flex w-fit flex-col-reverse\" tabindex=\"-1\">\n<table class=\"w-fit min-w-(--thread-content-width)\" data-start=\"4776\" data-end=\"5322\">\n<thead data-start=\"4776\" data-end=\"4802\">\n<tr data-start=\"4776\" data-end=\"4802\">\n<th data-start=\"4776\" data-end=\"4786\" data-col-size=\"sm\">Caracter\u00edstica<\/th>\n<th data-start=\"4786\" data-end=\"4802\" data-col-size=\"md\">Descripci\u00f3n<\/th>\n<\/tr>\n<\/thead>\n<tbody data-start=\"4831\" data-end=\"5322\">\n<tr data-start=\"4831\" data-end=\"4872\">\n<td data-start=\"4831\" data-end=\"4852\" data-col-size=\"sm\"><strong data-start=\"4833\" data-end=\"4851\">Nombre qu\u00edmico<\/strong><\/td>\n<td data-start=\"4852\" data-end=\"4872\" data-col-size=\"md\">Bromonordiazepam<\/td>\n<\/tr>\n<tr data-start=\"4873\" data-end=\"4914\">\n<td data-start=\"4873\" data-end=\"4897\" data-col-size=\"sm\"><strong data-start=\"4875\" data-end=\"4896\">F\u00f3rmula qu\u00edmica<\/strong><\/td>\n<td data-start=\"4897\" data-end=\"4914\" data-col-size=\"md\">C\u2081\u2085H\u2081\u2080BrClN\u2082O<\/td>\n<\/tr>\n<tr data-start=\"4915\" data-end=\"4953\">\n<td data-start=\"4915\" data-end=\"4937\" data-col-size=\"sm\"><strong data-start=\"4917\" data-end=\"4936\">Peso molecular<\/strong><\/td>\n<td data-start=\"4937\" data-end=\"4953\" data-col-size=\"md\">365,61 g\/mol<\/td>\n<\/tr>\n<tr data-start=\"4954\" data-end=\"4989\">\n<td data-start=\"4954\" data-end=\"4969\" data-col-size=\"sm\"><strong data-start=\"4956\" data-end=\"4968\">Dosificaci\u00f3n<\/strong><\/td>\n<td data-start=\"4969\" data-end=\"4989\" data-col-size=\"md\">2,5 mg por pellet<\/td>\n<\/tr>\n<tr data-start=\"4990\" data-end=\"5037\">\n<td data-start=\"4990\" data-end=\"5001\" data-col-size=\"sm\"><strong data-start=\"4992\" data-end=\"5000\">Forma<\/strong><\/td>\n<td data-start=\"5001\" data-end=\"5037\" data-col-size=\"md\">Pellet s\u00f3lido (bl\u00edster)<\/td>\n<\/tr>\n<tr data-start=\"5038\" data-end=\"5089\">\n<td data-start=\"5038\" data-end=\"5055\" data-col-size=\"sm\"><strong data-start=\"5040\" data-end=\"5054\">Pureza<\/strong><\/td>\n<td data-start=\"5055\" data-end=\"5089\" data-col-size=\"md\">\u2265 98% (probado por HPLC y RMN)<\/td>\n<\/tr>\n<tr data-start=\"5090\" data-end=\"5140\">\n<td data-start=\"5090\" data-end=\"5113\" data-col-size=\"sm\"><strong data-start=\"5092\" data-end=\"5112\">Clase qu\u00edmica<\/strong><\/td>\n<td data-start=\"5113\" data-end=\"5140\" data-col-size=\"md\">derivado de benzodiazepina<\/td>\n<\/tr>\n<tr data-start=\"5141\" data-end=\"5221\">\n<td data-start=\"5141\" data-end=\"5155\" data-col-size=\"sm\"><strong data-start=\"5143\" data-end=\"5154\">Uso<\/strong><\/td>\n<td data-start=\"5155\" data-end=\"5221\" data-col-size=\"md\">S\u00f3lo para investigaci\u00f3n anal\u00edtica, forense y farmacol\u00f3gica<\/td>\n<\/tr>\n<tr data-start=\"5222\" data-end=\"5271\">\n<td data-start=\"5222\" data-end=\"5239\" data-col-size=\"sm\"><strong data-start=\"5224\" data-end=\"5238\">Embalaje<\/strong><\/td>\n<td data-start=\"5239\" data-end=\"5271\" data-col-size=\"md\">Tira bl\u00edster con precinto<\/td>\n<\/tr>\n<tr data-start=\"5272\" data-end=\"5322\">\n<td data-start=\"5272\" data-end=\"5290\" data-col-size=\"sm\"><strong data-start=\"5274\" data-end=\"5289\">Cantidad<\/strong><\/td>\n<td data-start=\"5290\" data-end=\"5322\" data-col-size=\"md\">M\u00faltiples pellets por bl\u00edster<\/td>\n<\/tr>\n<\/tbody>\n<\/table>\n<\/div>\n<\/div>\n<hr data-start=\"5324\" data-end=\"5327\" \/>\n<h3 data-start=\"5329\" data-end=\"5346\"><strong data-start=\"5333\" data-end=\"5346\">Ventajas<\/strong><\/h3>\n<ul data-start=\"5348\" data-end=\"5732\">\n<li data-start=\"5348\" data-end=\"5432\">\n<p data-start=\"5350\" data-end=\"5432\"><strong data-start=\"5350\" data-end=\"5377\">Alta pureza (\u2265 98%)<\/strong> \u2013 Calidad de laboratorio para resultados confiables. bromonordiazepam<\/p>\n<\/li>\n<li data-start=\"5433\" data-end=\"5515\">\n<p data-start=\"5435\" data-end=\"5515\"><strong data-start=\"5435\" data-end=\"5474\">Dosis estandarizada (2,5 mg)<\/strong> \u2013 Garantiza mediciones reproducibles.<\/p>\n<\/li>\n<li data-start=\"5516\" data-end=\"5583\">\n<p data-start=\"5518\" data-end=\"5583\"><strong data-start=\"5518\" data-end=\"5541\">Forma s\u00f3lida estable<\/strong> \u2013 F\u00e1cil de manipular y almacenar.<\/p>\n<\/li>\n<li data-start=\"5584\" data-end=\"5664\">\n<p data-start=\"5586\" data-end=\"5664\"><strong data-start=\"5586\" data-end=\"5616\">Ampliamente aplicable a la investigaci\u00f3n<\/strong> \u2013 Adecuado para an\u00e1lisis GC\/MS, LC-MS y HPLC.<\/p>\n<\/li>\n<li data-start=\"5665\" data-end=\"5732\">\n<p data-start=\"5667\" data-end=\"5732\"><strong data-start=\"5667\" data-end=\"5692\">Calidad trazable<\/strong> \u2013 Cada lote probado y registrado.<\/p>\n<\/li>\n<\/ul>\n<hr data-start=\"5734\" data-end=\"5737\" \/>\n<h3 data-start=\"5739\" data-end=\"5791\"><strong data-start=\"5743\" data-end=\"5789\">Uso (solo para fines de investigaci\u00f3n)<\/strong><\/h3>\n<ol data-start=\"5793\" data-end=\"6126\">\n<li data-start=\"5793\" data-end=\"5862\">\n<p data-start=\"5796\" data-end=\"5862\"><strong data-start=\"5796\" data-end=\"5811\">Manejo:<\/strong> Use guantes, gafas de seguridad y bata de laboratorio.<\/p>\n<\/li>\n<li data-start=\"5863\" data-end=\"5937\">\n<p data-start=\"5866\" data-end=\"5937\"><strong data-start=\"5866\" data-end=\"5879\">Medidas:<\/strong> Cada pellet contiene 2,5 mg \u00b1 0,1 mg; registre la informaci\u00f3n del lote.<\/p>\n<\/li>\n<li data-start=\"5938\" data-end=\"5992\">\n<p data-start=\"5941\" data-end=\"5992\"><strong data-start=\"5941\" data-end=\"5952\">Almacenamiento:<\/strong> Conservar en un lugar fresco (2\u20138 \u00b0C), seco y oscuro.<\/p>\n<\/li>\n<li data-start=\"5993\" data-end=\"6061\">\n<p data-start=\"5996\" data-end=\"6061\"><strong data-start=\"5996\" data-end=\"6008\">An\u00e1lisis:<\/strong> Adecuado para cromatograf\u00eda e investigaci\u00f3n de receptores.<\/p>\n<\/li>\n<li data-start=\"6062\" data-end=\"6126\">\n<p data-start=\"6065\" data-end=\"6126\"><strong data-start=\"6065\" data-end=\"6082\">Documentaci\u00f3n:<\/strong> Registrar resultados y m\u00e9todos de an\u00e1lisis.<\/p>\n<\/li>\n<\/ol>\n<hr data-start=\"6128\" data-end=\"6131\" \/>\n<h3 data-start=\"6133\" data-end=\"6168\"><strong data-start=\"6137\" data-end=\"6166\">Preguntas frecuentes (FAQ)<\/strong><\/h3>\n<p data-start=\"6170\" data-end=\"6308\"><strong data-start=\"6170\" data-end=\"6201\">1. \u00bfQu\u00e9 es el bromonordiazepam?<\/strong><br data-start=\"6201\" data-end=\"6204\" \/>A <strong data-start=\"6208\" data-end=\"6234\">an\u00e1logo de la benzodiazepina<\/strong> Se utiliza para la investigaci\u00f3n de las interacciones y el metabolismo del receptor GABA-A.<\/p>\n<p data-start=\"6310\" data-end=\"6439\"><strong data-start=\"6310\" data-end=\"6343\">2. \u00bfQu\u00e9 tan puro es el producto?<\/strong><br data-start=\"6343\" data-end=\"6346\" \/>Cada pellet contiene <strong data-start=\"6364\" data-end=\"6409\">2,5 mg de bromonordiazepam (pureza \u2265 98%)<\/strong>, confirmado por HPLC y RMN.<\/p>\n<p data-start=\"6441\" data-end=\"6630\"><strong data-start=\"6441\" data-end=\"6491\">3. \u00bfEs legal comprar Bromonordiazepam?<\/strong><br data-start=\"6491\" data-end=\"6494\" \/>El <strong data-start=\"6497\" data-end=\"6532\">Legalidad del bromonordiazepam<\/strong> Var\u00eda seg\u00fan el pa\u00eds. Consulte siempre las normativas locales antes de usar. <strong data-start=\"6601\" data-end=\"6627\">Comprar bromonordiazepam<\/strong>. <a href=\"https:\/\/onderzoekschemicals.com\/es\/comercio\/okategoriserad\/comprar-4mmc\/\">comprar 4mmc<\/a><\/p>","protected":false},"excerpt":{"rendered":"<p>Introductie Bromonordiazepam 2,5mg Pellets bevatten 2,5 milligram Bromonordiazepam, een langwerkende benzodiazepineverbinding die structureel verwant is aan Nordiazepam en Diazepam. bromonordiazepamHet<\/p>","protected":false},"featured_media":29442,"comment_status":"closed","ping_status":"closed","template":"","meta":[],"product_brand":[],"product_cat":[76,385,390,324],"product_tag":[185,326],"class_list":{"0":"post-24271","1":"product","2":"type-product","3":"status-publish","4":"has-post-thumbnail","6":"product_cat-benzodiazepinen","7":"product_cat-bromonordiazepam","8":"product_cat-bromonordiazepam-pellets","9":"product_cat-pellets-for-pellet","10":"product_tag-bromonordiazepam","11":"product_tag-nl","13":"first","14":"instock","15":"taxable","16":"shipping-taxable","17":"purchasable","18":"product-type-variable"},"_links":{"self":[{"href":"https:\/\/onderzoekschemicals.com\/es\/wp-json\/wp\/v2\/product\/24271","targetHints":{"allow":["GET"]}}],"collection":[{"href":"https:\/\/onderzoekschemicals.com\/es\/wp-json\/wp\/v2\/product"}],"about":[{"href":"https:\/\/onderzoekschemicals.com\/es\/wp-json\/wp\/v2\/types\/product"}],"replies":[{"embeddable":true,"href":"https:\/\/onderzoekschemicals.com\/es\/wp-json\/wp\/v2\/comments?post=24271"}],"version-history":[{"count":4,"href":"https:\/\/onderzoekschemicals.com\/es\/wp-json\/wp\/v2\/product\/24271\/revisions"}],"predecessor-version":[{"id":27816,"href":"https:\/\/onderzoekschemicals.com\/es\/wp-json\/wp\/v2\/product\/24271\/revisions\/27816"}],"wp:featuredmedia":[{"embeddable":true,"href":"https:\/\/onderzoekschemicals.com\/es\/wp-json\/wp\/v2\/media\/29442"}],"wp:attachment":[{"href":"https:\/\/onderzoekschemicals.com\/es\/wp-json\/wp\/v2\/media?parent=24271"}],"wp:term":[{"taxonomy":"product_brand","embeddable":true,"href":"https:\/\/onderzoekschemicals.com\/es\/wp-json\/wp\/v2\/product_brand?post=24271"},{"taxonomy":"product_cat","embeddable":true,"href":"https:\/\/onderzoekschemicals.com\/es\/wp-json\/wp\/v2\/product_cat?post=24271"},{"taxonomy":"product_tag","embeddable":true,"href":"https:\/\/onderzoekschemicals.com\/es\/wp-json\/wp\/v2\/product_tag?post=24271"}],"curies":[{"name":"gracias","href":"https:\/\/api.w.org\/{rel}","templated":true}]}}