{"id":24265,"date":"2025-04-13T17:41:21","date_gmt":"2025-04-13T17:41:21","guid":{"rendered":"https:\/\/onderzoekschemicals.com\/?post_type=product&#038;p=24265"},"modified":"2025-10-12T19:33:01","modified_gmt":"2025-10-12T19:33:01","slug":"metocin-4-ho-met","status":"publish","type":"product","link":"https:\/\/onderzoekschemicals.com\/es\/shop\/b2b\/metocin-4-ho-met\/","title":{"rendered":"Bolsa de 3 gr\u00e1nulos de metocina RC+"},"content":{"rendered":"<h2 data-start=\"3774\" data-end=\"3800\"><strong data-start=\"3777\" data-end=\"3800\">Descripci\u00f3n del Producto<\/strong><\/h2>\n<p data-start=\"3802\" data-end=\"4116\"><strong data-start=\"3802\" data-end=\"3833\">Bolsa de 3 gr\u00e1nulos de metocina RC+<\/strong> es un <strong data-start=\"3841\" data-end=\"3878\">material de investigaci\u00f3n de alta calidad<\/strong>, desarrollado para su uso en laboratorios anal\u00edticos, toxicol\u00f3gicos y forenses.<br data-start=\"3962\" data-end=\"3965\" \/>Cada paquete contiene <strong data-start=\"3987\" data-end=\"4025\">tres pastillas cuidadosamente dosificadas<\/strong>, producido bajo un estricto control de calidad para lograr la m\u00e1xima pureza y consistencia. metocin 4-ho-met<\/p>\n<p data-start=\"4118\" data-end=\"4290\"><strong data-start=\"4118\" data-end=\"4129\">Metocina<\/strong>, parte de la <strong data-start=\"4148\" data-end=\"4161\">Serie RC+<\/strong>, apoya la investigaci\u00f3n sobre <strong data-start=\"4190\" data-end=\"4213\">an\u00e1logos de triptamina<\/strong> y sirve como sustancia de referencia confiable para aplicaciones cient\u00edficas.<\/p>\n<p data-start=\"4292\" data-end=\"4428\">\u26a0\ufe0f <strong data-start=\"4295\" data-end=\"4306\">N\u00d3TESE BIEN:<\/strong> Este producto es <strong data-start=\"4322\" data-end=\"4371\">destinado \u00fanicamente a fines de investigaci\u00f3n<\/strong> y <strong data-start=\"4375\" data-end=\"4427\">No apto para uso humano o animal.<\/strong>.<\/p>\n<hr data-start=\"4430\" data-end=\"4433\" \/>\n<h2 data-start=\"4435\" data-end=\"4465\"><strong data-start=\"4438\" data-end=\"4465\">Caracter\u00edsticas principales<\/strong><\/h2>\n<ul data-start=\"4467\" data-end=\"4883\">\n<li data-start=\"4467\" data-end=\"4533\">\n<p data-start=\"4469\" data-end=\"4533\"><strong data-start=\"4469\" data-end=\"4489\">Alta pureza:<\/strong> Cumple con los est\u00e1ndares de calidad de laboratorio.<\/p>\n<\/li>\n<li data-start=\"4534\" data-end=\"4624\">\n<p data-start=\"4536\" data-end=\"4624\"><strong data-start=\"4536\" data-end=\"4568\">Dosis estandarizada:<\/strong> Tres pellets por bolsa con composici\u00f3n consistente.<\/p>\n<\/li>\n<li data-start=\"4625\" data-end=\"4713\">\n<p data-start=\"4627\" data-end=\"4713\"><strong data-start=\"4627\" data-end=\"4654\">Estable y confiable:<\/strong> Dise\u00f1ado para almacenamiento a largo plazo y reproducibilidad.<\/p>\n<\/li>\n<li data-start=\"4714\" data-end=\"4797\">\n<p data-start=\"4716\" data-end=\"4797\"><strong data-start=\"4716\" data-end=\"4739\">Embalaje seguro:<\/strong> Herm\u00e9tico y resistente a la humedad para m\u00e1xima integridad.<\/p>\n<\/li>\n<li data-start=\"4798\" data-end=\"4883\">\n<p data-start=\"4800\" data-end=\"4883\"><strong data-start=\"4800\" data-end=\"4827\">De acuerdo con la normativa de la UE:<\/strong> Producido de acuerdo con las directrices de seguridad europeas. metocina 4-ho-met<\/p>\n<\/li>\n<\/ul>\n<hr data-start=\"4885\" data-end=\"4888\" \/>\n<h2 data-start=\"4890\" data-end=\"4924\"><strong data-start=\"4893\" data-end=\"4924\">Beneficios para los investigadores<\/strong><\/h2>\n<ul data-start=\"4926\" data-end=\"5206\">\n<li data-start=\"4926\" data-end=\"4998\">\n<p data-start=\"4928\" data-end=\"4998\">Adecuado para <strong data-start=\"4942\" data-end=\"4995\">investigaci\u00f3n anal\u00edtica, forense y toxicol\u00f3gica<\/strong>.<\/p>\n<\/li>\n<li data-start=\"4999\" data-end=\"5071\">\n<p data-start=\"5001\" data-end=\"5071\">Soportes <strong data-start=\"5013\" data-end=\"5042\">an\u00e1lisis espectrosc\u00f3picos<\/strong> como LC-MS, GC-MS y RMN.<\/p>\n<\/li>\n<li data-start=\"5072\" data-end=\"5134\">\n<p data-start=\"5074\" data-end=\"5134\">Ayuda con <strong data-start=\"5084\" data-end=\"5114\">identificaci\u00f3n y validaci\u00f3n<\/strong> de conexiones.<\/p>\n<\/li>\n<li data-start=\"5135\" data-end=\"5206\">\n<p data-start=\"5137\" data-end=\"5206\">Ofertas <strong data-start=\"5143\" data-end=\"5177\">muestras de referencia fiables<\/strong> para fines de investigaci\u00f3n.<\/p>\n<\/li>\n<\/ul>\n<hr data-start=\"5208\" data-end=\"5211\" \/>\n<h2 data-start=\"5213\" data-end=\"5247\"><strong data-start=\"5216\" data-end=\"5247\">Uso (Contexto de investigaci\u00f3n)<\/strong><\/h2>\n<ol data-start=\"5249\" data-end=\"5453\">\n<li data-start=\"5249\" data-end=\"5294\">\n<p data-start=\"5252\" data-end=\"5294\">Utilizar \u00fanicamente en laboratorios acreditados.<\/p>\n<\/li>\n<li data-start=\"5295\" data-end=\"5355\">\n<p data-start=\"5298\" data-end=\"5355\">Use guantes, gafas de seguridad y bata de laboratorio.<\/p>\n<\/li>\n<li data-start=\"5356\" data-end=\"5403\">\n<p data-start=\"5359\" data-end=\"5403\">Conservar en un lugar fresco, seco y oscuro (por debajo de 25\u00b0C).<\/p>\n<\/li>\n<li data-start=\"5404\" data-end=\"5453\">\n<p data-start=\"5407\" data-end=\"5453\">Eliminar los residuos de acuerdo con las normativas locales.<\/p>\n<\/li>\n<\/ol>\n<blockquote data-start=\"5455\" data-end=\"5552\">\n<p data-start=\"5457\" data-end=\"5552\"><strong data-start=\"5457\" data-end=\"5468\">N\u00d3TESE BIEN:<\/strong> <em data-start=\"5469\" data-end=\"5498\">Bolsa de 3 gr\u00e1nulos de metocina RC+<\/em> es <strong data-start=\"5502\" data-end=\"5551\">destinado \u00fanicamente a fines de investigaci\u00f3n<\/strong>.<\/p>\n<\/blockquote>\n<hr data-start=\"5554\" data-end=\"5557\" \/>\n<h2 data-start=\"5559\" data-end=\"5593\"><strong data-start=\"5562\" data-end=\"5593\">Preguntas frecuentes (FAQ)<\/strong><\/h2>\n<p data-start=\"5595\" data-end=\"5743\"><strong data-start=\"5595\" data-end=\"5638\">1. \u00bfPara qu\u00e9 se utiliza RC+ Metocin?<\/strong><br data-start=\"5638\" data-end=\"5641\" \/>RC+ Metocin se utiliza para <strong data-start=\"5673\" data-end=\"5714\">investigaci\u00f3n anal\u00edtica y toxicol\u00f3gica<\/strong> a compuestos de triptamina.<\/p>\n<p data-start=\"5745\" data-end=\"5859\"><strong data-start=\"5745\" data-end=\"5784\">2. \u00bfCu\u00e1ntos pellets contiene una bolsa?<\/strong><br data-start=\"5784\" data-end=\"5787\" \/>Cada bolsa contiene <strong data-start=\"5803\" data-end=\"5835\">3 pellets estandarizados<\/strong> de igual pureza.<\/p>\n<p data-start=\"5861\" data-end=\"6014\"><strong data-start=\"5861\" data-end=\"5909\">3. \u00bfPuedo comprar RC+ Metocin como particular?<\/strong><br data-start=\"5909\" data-end=\"5912\" \/>No, solo <strong data-start=\"5924\" data-end=\"5958\">instituciones de investigaci\u00f3n reconocidas<\/strong> Con el permiso correspondiente puede adquirir este producto.<\/p>","protected":false},"excerpt":{"rendered":"<p>N\u00famero CAS: 77872-41-4<br \/>\nF\u00f3rmula: C13H18N2O<br \/>\nMasa molar: 218,3 g\/mol<br \/>\nPureza: \u226598%<\/p>","protected":false},"featured_media":21348,"comment_status":"closed","ping_status":"closed","template":"","meta":[],"product_brand":[82],"product_cat":[555],"product_tag":[858,857,871,636,673,635,870,326],"class_list":{"0":"post-24265","1":"product","2":"type-product","3":"status-publish","4":"has-post-thumbnail","6":"product_brand-research-chemical","7":"product_cat-b2b","8":"product_tag-4-acetoxy-met","9":"product_tag-4-ho-met-psychonaut","10":"product_tag-methylcybin","11":"product_tag-metocin","12":"product_tag-metocin-4-ho-met","13":"product_tag-metocin-kopen","14":"product_tag-metocin-tablet","15":"product_tag-nl","17":"first","18":"instock","19":"taxable","20":"shipping-taxable","21":"purchasable","22":"product-type-variable"},"_links":{"self":[{"href":"https:\/\/onderzoekschemicals.com\/es\/wp-json\/wp\/v2\/product\/24265","targetHints":{"allow":["GET"]}}],"collection":[{"href":"https:\/\/onderzoekschemicals.com\/es\/wp-json\/wp\/v2\/product"}],"about":[{"href":"https:\/\/onderzoekschemicals.com\/es\/wp-json\/wp\/v2\/types\/product"}],"replies":[{"embeddable":true,"href":"https:\/\/onderzoekschemicals.com\/es\/wp-json\/wp\/v2\/comments?post=24265"}],"version-history":[{"count":4,"href":"https:\/\/onderzoekschemicals.com\/es\/wp-json\/wp\/v2\/product\/24265\/revisions"}],"predecessor-version":[{"id":27822,"href":"https:\/\/onderzoekschemicals.com\/es\/wp-json\/wp\/v2\/product\/24265\/revisions\/27822"}],"wp:featuredmedia":[{"embeddable":true,"href":"https:\/\/onderzoekschemicals.com\/es\/wp-json\/wp\/v2\/media\/21348"}],"wp:attachment":[{"href":"https:\/\/onderzoekschemicals.com\/es\/wp-json\/wp\/v2\/media?parent=24265"}],"wp:term":[{"taxonomy":"product_brand","embeddable":true,"href":"https:\/\/onderzoekschemicals.com\/es\/wp-json\/wp\/v2\/product_brand?post=24265"},{"taxonomy":"product_cat","embeddable":true,"href":"https:\/\/onderzoekschemicals.com\/es\/wp-json\/wp\/v2\/product_cat?post=24265"},{"taxonomy":"product_tag","embeddable":true,"href":"https:\/\/onderzoekschemicals.com\/es\/wp-json\/wp\/v2\/product_tag?post=24265"}],"curies":[{"name":"gracias","href":"https:\/\/api.w.org\/{rel}","templated":true}]}}