{"id":24262,"date":"2025-04-13T17:41:21","date_gmt":"2025-04-13T17:41:21","guid":{"rendered":"https:\/\/onderzoekschemicals.com\/?post_type=product&#038;p=24262"},"modified":"2025-10-12T19:22:48","modified_gmt":"2025-10-12T19:22:48","slug":"beta-k-2c-b-zakje-3-pellets","status":"publish","type":"product","link":"https:\/\/onderzoekschemicals.com\/es\/shop\/b2b\/beta-k-2c-b-zakje-3-pellets\/","title":{"rendered":"RC+ Beta-k-2C-B bolsa de 3 pellets"},"content":{"rendered":"<h2 data-start=\"4868\" data-end=\"4894\"><strong data-start=\"4871\" data-end=\"4894\">Descripci\u00f3n del Producto<\/strong><\/h2>\n<p data-start=\"4896\" data-end=\"5173\"><strong data-start=\"4896\" data-end=\"4931\">RC+ Beta-k-2C-B bolsa de 3 pellets<\/strong> es un <strong data-start=\"4939\" data-end=\"4976\">material de investigaci\u00f3n de alta calidad<\/strong>, destinado a la investigaci\u00f3n anal\u00edtica, forense y acad\u00e9mica de laboratorio. Este compuesto forma parte de... <strong data-start=\"5089\" data-end=\"5102\">Serie RC+<\/strong> y apoya la investigaci\u00f3n sobre <strong data-start=\"5137\" data-end=\"5170\">nuevos an\u00e1logos de fenetilamina<\/strong>.<\/p>\n<p data-start=\"5175\" data-end=\"5338\">Cada paquete contiene <strong data-start=\"5197\" data-end=\"5237\">tres perdigones fabricados con precisi\u00f3n<\/strong>, producido bajo condiciones controladas para lograr m\u00e1xima consistencia y reproducibilidad.<\/p>\n<p data-start=\"5340\" data-end=\"5480\">\u26a0\ufe0f <strong data-start=\"5343\" data-end=\"5358\">Importante:<\/strong> Este producto es <strong data-start=\"5374\" data-end=\"5423\">destinado \u00fanicamente a fines de investigaci\u00f3n<\/strong> y <strong data-start=\"5427\" data-end=\"5479\">No apto para uso humano o animal.<\/strong>.<\/p>\n<hr data-start=\"5482\" data-end=\"5485\" \/>\n<h2 data-start=\"5487\" data-end=\"5517\"><strong data-start=\"5490\" data-end=\"5517\">Caracter\u00edsticas principales<\/strong><\/h2>\n<ul data-start=\"5519\" data-end=\"5905\">\n<li data-start=\"5519\" data-end=\"5570\">\n<p data-start=\"5521\" data-end=\"5570\"><strong data-start=\"5521\" data-end=\"5540\">Alta pureza<\/strong> seg\u00fan est\u00e1ndares de laboratorio.<\/p>\n<\/li>\n<li data-start=\"5571\" data-end=\"5643\">\n<p data-start=\"5573\" data-end=\"5643\"><strong data-start=\"5573\" data-end=\"5604\">Dosis estandarizada<\/strong> \u2013 cada pellet est\u00e1 compuesto con precisi\u00f3n.<\/p>\n<\/li>\n<li data-start=\"5644\" data-end=\"5715\">\n<p data-start=\"5646\" data-end=\"5715\"><strong data-start=\"5646\" data-end=\"5670\">Formulaci\u00f3n estable<\/strong> \u2013 resistente a la degradaci\u00f3n durante el almacenamiento.<\/p>\n<\/li>\n<li data-start=\"5716\" data-end=\"5795\">\n<p data-start=\"5718\" data-end=\"5795\"><strong data-start=\"5718\" data-end=\"5740\">Embalaje seguro<\/strong> \u2013 herm\u00e9tico y sellado para m\u00e1xima protecci\u00f3n.<\/p>\n<\/li>\n<li data-start=\"5796\" data-end=\"5905\">\n<p data-start=\"5798\" data-end=\"5905\"><strong data-start=\"5798\" data-end=\"5824\">De acuerdo con la normativa de la UE<\/strong> \u2013 producido de acuerdo con las normas de seguridad para productos qu\u00edmicos de investigaci\u00f3n.<\/p>\n<\/li>\n<\/ul>\n<hr data-start=\"5907\" data-end=\"5910\" \/>\n<h2 data-start=\"5912\" data-end=\"5946\"><strong data-start=\"5915\" data-end=\"5946\">Beneficios para los investigadores<\/strong><\/h2>\n<ul data-start=\"5948\" data-end=\"6258\">\n<li data-start=\"5948\" data-end=\"6025\">\n<p data-start=\"5950\" data-end=\"6025\">Soportes <strong data-start=\"5962\" data-end=\"6003\">investigaci\u00f3n toxicol\u00f3gica y anal\u00edtica<\/strong> a an\u00e1logos 2C-B.<\/p>\n<\/li>\n<li data-start=\"6026\" data-end=\"6087\">\n<p data-start=\"6028\" data-end=\"6087\">Adecuado para <strong data-start=\"6042\" data-end=\"6084\">investigaci\u00f3n forense y farmacol\u00f3gica<\/strong>.<\/p>\n<\/li>\n<li data-start=\"6088\" data-end=\"6139\">\n<p data-start=\"6090\" data-end=\"6139\">Ayuda con <strong data-start=\"6100\" data-end=\"6136\">estudios de comparaci\u00f3n estructural<\/strong>.<\/p>\n<\/li>\n<li data-start=\"6140\" data-end=\"6192\">\n<p data-start=\"6142\" data-end=\"6192\">Ofertas <strong data-start=\"6148\" data-end=\"6189\">muestras de referencia de alta calidad<\/strong>.<\/p>\n<\/li>\n<li data-start=\"6193\" data-end=\"6258\">\n<p data-start=\"6195\" data-end=\"6258\">Adecuado para <strong data-start=\"6209\" data-end=\"6255\">Desarrollo de m\u00e9todos en LC-MS, GC-MS y RMN<\/strong>.<\/p>\n<\/li>\n<\/ul>\n<hr data-start=\"6260\" data-end=\"6263\" \/>\n<h2 data-start=\"6265\" data-end=\"6299\"><strong data-start=\"6268\" data-end=\"6299\">Uso (Contexto de investigaci\u00f3n)<\/strong><\/h2>\n<ol data-start=\"6301\" data-end=\"6567\">\n<li data-start=\"6301\" data-end=\"6346\">\n<p data-start=\"6304\" data-end=\"6346\">Utilizar \u00fanicamente en laboratorios acreditados.<\/p>\n<\/li>\n<li data-start=\"6347\" data-end=\"6407\">\n<p data-start=\"6350\" data-end=\"6407\">Use guantes, gafas de seguridad y bata de laboratorio.<\/p>\n<\/li>\n<li data-start=\"6408\" data-end=\"6469\">\n<p data-start=\"6411\" data-end=\"6469\">Utilice instrumentos de precisi\u00f3n para realizar mediciones exactas.<\/p>\n<\/li>\n<li data-start=\"6470\" data-end=\"6517\">\n<p data-start=\"6473\" data-end=\"6517\">Conservar en un lugar fresco, seco y oscuro (por debajo de 25\u00b0C).<\/p>\n<\/li>\n<li data-start=\"6518\" data-end=\"6567\">\n<p data-start=\"6521\" data-end=\"6567\">Eliminar los residuos de acuerdo con las normativas locales.<\/p>\n<\/li>\n<\/ol>\n<blockquote data-start=\"6569\" data-end=\"6664\">\n<p data-start=\"6571\" data-end=\"6664\"><strong data-start=\"6571\" data-end=\"6582\">N\u00d3TESE BIEN:<\/strong> <em data-start=\"6583\" data-end=\"6616\">RC+ Beta-k-2C-B bolsa de 3 pellets<\/em> es <strong data-start=\"6620\" data-end=\"6663\">no destinado al consumo humano<\/strong>.<\/p>\n<\/blockquote>\n<hr data-start=\"6666\" data-end=\"6669\" \/>\n<h2 data-start=\"6671\" data-end=\"6705\"><strong data-start=\"6674\" data-end=\"6705\">Preguntas frecuentes (FAQ)<\/strong><\/h2>\n<h3 data-start=\"6707\" data-end=\"6758\"><strong data-start=\"6711\" data-end=\"6758\">1. \u00bfPara qu\u00e9 se utiliza RC+ Beta-k-2C-B?<\/strong><\/h3>\n<p data-start=\"6759\" data-end=\"6859\">Esta tela se utiliza para <strong data-start=\"6789\" data-end=\"6830\">investigaci\u00f3n anal\u00edtica y toxicol\u00f3gica<\/strong> a an\u00e1logos de fenetilamina.<\/p>\n<hr data-start=\"6861\" data-end=\"6864\" \/>\n<h3 data-start=\"6866\" data-end=\"6909\"><strong data-start=\"6870\" data-end=\"6909\">2. \u00bfCu\u00e1ntos pellets contiene una bolsa?<\/strong><\/h3>\n<p data-start=\"6910\" data-end=\"7003\">Cada bolsa contiene <strong data-start=\"6926\" data-end=\"6939\">3 pellets<\/strong>, cuidadosamente compilado para obtener resultados de investigaci\u00f3n consistentes.<\/p>\n<hr data-start=\"7005\" data-end=\"7008\" \/>\n<h3 data-start=\"7010\" data-end=\"7082\"><strong data-start=\"7014\" data-end=\"7082\">3. \u00bfPuedo comprar la bolsa de 3 pellets RC+ Beta-k-2C-B como particular?<\/strong><\/h3>\n<p data-start=\"7083\" data-end=\"7187\">No, solo <strong data-start=\"7095\" data-end=\"7129\">instituciones de investigaci\u00f3n reconocidas<\/strong> Con los permisos correspondientes podr\u00e1 adquirir este producto.<\/p>\n<hr data-start=\"7189\" data-end=\"7192\" \/>\n<h2 data-start=\"7194\" data-end=\"7222\"><strong data-start=\"7197\" data-end=\"7222\">Informaci\u00f3n de seguridad<\/strong><\/h2>\n<ul data-start=\"7224\" data-end=\"7402\">\n<li data-start=\"7224\" data-end=\"7276\">\n<p data-start=\"7226\" data-end=\"7276\">Utilizar \u00fanicamente en un entorno de laboratorio.<\/p>\n<\/li>\n<li data-start=\"7277\" data-end=\"7314\">\n<p data-start=\"7279\" data-end=\"7314\">Evitar el contacto con la piel y los ojos.<\/p>\n<\/li>\n<li data-start=\"7315\" data-end=\"7346\">\n<p data-start=\"7317\" data-end=\"7346\">No inhalar ni ingerir.<\/p>\n<\/li>\n<li data-start=\"7347\" data-end=\"7402\">\n<p data-start=\"7349\" data-end=\"7402\">Mantener cerrado y fuera del alcance de personas no autorizadas.<\/p>\n<\/li>\n<\/ul>","protected":false},"excerpt":{"rendered":"<p><strong><span dir=\"auto\" style=\"vertical-align: inherit;\"><span dir=\"auto\" style=\"vertical-align: inherit;\">Sin\u00f3nimo:<\/span><\/span><\/strong><span dir=\"auto\" style=\"vertical-align: inherit;\"><span dir=\"auto\" style=\"vertical-align: inherit;\"> bk-2C-B <\/span><\/span><br \/>\n<strong><span dir=\"auto\" style=\"vertical-align: inherit;\"><span dir=\"auto\" style=\"vertical-align: inherit;\">N\u00famero CAS: <\/span><\/span><\/strong><br \/>\n<strong><span dir=\"auto\" style=\"vertical-align: inherit;\"><span dir=\"auto\" style=\"vertical-align: inherit;\">F\u00f3rmula:<\/span><\/span><\/strong><span dir=\"auto\" style=\"vertical-align: inherit;\"><span dir=\"auto\" style=\"vertical-align: inherit;\"> clorhidrato de 2-amino-1-(4-bromo-2,5-dimetoxifenil)-etanona <\/span><\/span><br \/>\n<strong><span dir=\"auto\" style=\"vertical-align: inherit;\"><span dir=\"auto\" style=\"vertical-align: inherit;\">Masa molar:<\/span><\/span><\/strong><span dir=\"auto\" style=\"vertical-align: inherit;\"><span dir=\"auto\" style=\"vertical-align: inherit;\"> 296,6 g\/mol <\/span><\/span><br \/>\n<strong><span dir=\"auto\" style=\"vertical-align: inherit;\"><span dir=\"auto\" style=\"vertical-align: inherit;\">Pureza:<\/span><\/span><\/strong><span dir=\"auto\" style=\"vertical-align: inherit;\"><span dir=\"auto\" style=\"vertical-align: inherit;\"> &gt;97%<\/span><\/span><\/p>","protected":false},"featured_media":21346,"comment_status":"closed","ping_status":"closed","template":"","meta":[],"product_brand":[82],"product_cat":[555],"product_tag":[869,244,867,326,868],"class_list":{"0":"post-24262","1":"product","2":"type-product","3":"status-publish","4":"has-post-thumbnail","6":"product_brand-research-chemical","7":"product_cat-b2b","8":"product_tag-2c-b-analogon-pellets","9":"product_tag-beta-k-2c-b","10":"product_tag-beta-k-2c-b-onderzoek","11":"product_tag-nl","12":"product_tag-rc-psychedelische-fenethylamine","14":"first","15":"instock","16":"taxable","17":"shipping-taxable","18":"purchasable","19":"product-type-variable"},"_links":{"self":[{"href":"https:\/\/onderzoekschemicals.com\/es\/wp-json\/wp\/v2\/product\/24262","targetHints":{"allow":["GET"]}}],"collection":[{"href":"https:\/\/onderzoekschemicals.com\/es\/wp-json\/wp\/v2\/product"}],"about":[{"href":"https:\/\/onderzoekschemicals.com\/es\/wp-json\/wp\/v2\/types\/product"}],"replies":[{"embeddable":true,"href":"https:\/\/onderzoekschemicals.com\/es\/wp-json\/wp\/v2\/comments?post=24262"}],"version-history":[{"count":4,"href":"https:\/\/onderzoekschemicals.com\/es\/wp-json\/wp\/v2\/product\/24262\/revisions"}],"predecessor-version":[{"id":27821,"href":"https:\/\/onderzoekschemicals.com\/es\/wp-json\/wp\/v2\/product\/24262\/revisions\/27821"}],"wp:featuredmedia":[{"embeddable":true,"href":"https:\/\/onderzoekschemicals.com\/es\/wp-json\/wp\/v2\/media\/21346"}],"wp:attachment":[{"href":"https:\/\/onderzoekschemicals.com\/es\/wp-json\/wp\/v2\/media?parent=24262"}],"wp:term":[{"taxonomy":"product_brand","embeddable":true,"href":"https:\/\/onderzoekschemicals.com\/es\/wp-json\/wp\/v2\/product_brand?post=24262"},{"taxonomy":"product_cat","embeddable":true,"href":"https:\/\/onderzoekschemicals.com\/es\/wp-json\/wp\/v2\/product_cat?post=24262"},{"taxonomy":"product_tag","embeddable":true,"href":"https:\/\/onderzoekschemicals.com\/es\/wp-json\/wp\/v2\/product_tag?post=24262"}],"curies":[{"name":"gracias","href":"https:\/\/api.w.org\/{rel}","templated":true}]}}