{"id":24192,"date":"2025-04-13T17:41:13","date_gmt":"2025-04-13T17:41:13","guid":{"rendered":"https:\/\/onderzoekschemicals.com\/?post_type=product&#038;p=24192"},"modified":"2025-10-12T20:43:01","modified_gmt":"2025-10-12T20:43:01","slug":"3-fpm-kopen","status":"publish","type":"product","link":"https:\/\/onderzoekschemicals.com\/es\/shop\/b2b\/3-fpm-kopen\/","title":{"rendered":"Caja de RC+ Fluor 3-FPM 50 mg"},"content":{"rendered":"<h3 data-start=\"4920\" data-end=\"4939\"><strong data-start=\"4924\" data-end=\"4939\">Introducci\u00f3n<\/strong><\/h3>\n<p data-start=\"4940\" data-end=\"5222\">El <strong data-start=\"4943\" data-end=\"4971\">Caja de RC+ Fluor 3-FPM 50 mg<\/strong> es un <strong data-start=\"4979\" data-end=\"5009\">sustancia de investigaci\u00f3n de alta pureza<\/strong> desde <strong data-start=\"5017\" data-end=\"5054\">clase de estimulantes y fenetilamina<\/strong>Conocido qu\u00edmicamente como <strong data-start=\"5076\" data-end=\"5099\">3-fluorofenmetrazina<\/strong>\u00bfEs esto un? <strong data-start=\"5112\" data-end=\"5153\">variante fluorada de fenmetrazina<\/strong>, desarrollado para <strong data-start=\"5171\" data-end=\"5219\">Investigaci\u00f3n neuroqu\u00edmica y psicoestimulante<\/strong>. 3 pies por minuto comprar<\/p>\n<p data-start=\"5224\" data-end=\"5556\">Gracias a la estructura, el efecto sobre <strong data-start=\"5263\" data-end=\"5302\">recaptaci\u00f3n de dopamina y noradrenalina<\/strong> se estudian extensamente. Esto lo convierte en un material valioso para <strong data-start=\"5375\" data-end=\"5449\">neurociencia del comportamiento, investigaci\u00f3n farmacol\u00f3gica y qu\u00edmica anal\u00edtica<\/strong>Cada tableta de 50 mg est\u00e1 cuidadosamente elaborada para obtener el m\u00e1ximo <strong data-start=\"5509\" data-end=\"5555\">precisi\u00f3n, pureza y consistencia<\/strong>.<\/p>\n<hr data-start=\"5558\" data-end=\"5561\" \/>\n<h3 data-start=\"5563\" data-end=\"5594\"><strong data-start=\"5567\" data-end=\"5594\">Caracter\u00edsticas principales<\/strong><\/h3>\n<ul data-start=\"5595\" data-end=\"6109\">\n<li data-start=\"5595\" data-end=\"5680\">\n<p data-start=\"5597\" data-end=\"5680\"><strong data-start=\"5597\" data-end=\"5623\">Calidad anal\u00edtica:<\/strong> Contiene <strong data-start=\"5630\" data-end=\"5666\">50 mg de 3-fluorofenmetrazina (3-FPM)<\/strong> por tableta.<\/p>\n<\/li>\n<li data-start=\"5681\" data-end=\"5763\">\n<p data-start=\"5683\" data-end=\"5763\"><strong data-start=\"5683\" data-end=\"5708\">Pureza de la investigaci\u00f3n:<\/strong> Probado en <strong data-start=\"5719\" data-end=\"5760\">consistencia qu\u00edmica y estabilidad<\/strong>.<\/p>\n<\/li>\n<li data-start=\"5764\" data-end=\"5889\">\n<p data-start=\"5766\" data-end=\"5889\"><strong data-start=\"5766\" data-end=\"5799\">Embalaje profesional RC+:<\/strong> Entregado en <strong data-start=\"5812\" data-end=\"5849\">cajas selladas a prueba de humedad<\/strong> con etiquetas de laboratorio claras.<\/p>\n<\/li>\n<li data-start=\"5890\" data-end=\"5982\">\n<p data-start=\"5892\" data-end=\"5982\"><strong data-start=\"5892\" data-end=\"5924\">Informaci\u00f3n de lote rastreable:<\/strong> Cada lote contiene <strong data-start=\"5942\" data-end=\"5979\">n\u00fameros de lote y certificados de an\u00e1lisis<\/strong>.<\/p>\n<\/li>\n<li data-start=\"5983\" data-end=\"6109\">\n<p data-start=\"5985\" data-end=\"6109\"><strong data-start=\"5985\" data-end=\"6021\">Reproducibilidad confiable:<\/strong> Dise\u00f1ado para <strong data-start=\"6037\" data-end=\"6061\">resultados consistentes<\/strong> en condiciones controladas de laboratorio.<\/p>\n<\/li>\n<\/ul>\n<hr data-start=\"6111\" data-end=\"6114\" \/>\n<h3 data-start=\"6116\" data-end=\"6133\"><strong data-start=\"6120\" data-end=\"6133\">Ventajas<\/strong><\/h3>\n<ul data-start=\"6134\" data-end=\"6559\">\n<li data-start=\"6134\" data-end=\"6209\">\n<p data-start=\"6136\" data-end=\"6209\">Adecuado para <strong data-start=\"6150\" data-end=\"6177\">examen neuroqu\u00edmico<\/strong> a la actividad estimulante.<\/p>\n<\/li>\n<li data-start=\"6210\" data-end=\"6299\">\n<p data-start=\"6212\" data-end=\"6299\">Soportes <strong data-start=\"6224\" data-end=\"6250\">an\u00e1lisis comparativos<\/strong> con fenmetrazina y compuestos similares.<\/p>\n<\/li>\n<li data-start=\"6300\" data-end=\"6380\">\n<p data-start=\"6302\" data-end=\"6380\">Aplicable en <strong data-start=\"6316\" data-end=\"6351\">investigaci\u00f3n conductual y cognitiva<\/strong> a los mecanismos estimulantes.<\/p>\n<\/li>\n<li data-start=\"6381\" data-end=\"6455\">\n<p data-start=\"6383\" data-end=\"6455\">Ofertas <strong data-start=\"6389\" data-end=\"6431\">propiedades farmacol\u00f3gicas estables<\/strong> para pruebas repetidas.<\/p>\n<\/li>\n<li data-start=\"6456\" data-end=\"6559\">\n<p data-start=\"6458\" data-end=\"6559\">Ideal para <strong data-start=\"6470\" data-end=\"6520\">investigaci\u00f3n acad\u00e9mica, forense y anal\u00edtica<\/strong> dirigido a <strong data-start=\"6532\" data-end=\"6556\">sistemas dopamin\u00e9rgicos<\/strong>. 3 pies por minuto comprar<\/p>\n<\/li>\n<\/ul>\n<hr data-start=\"6561\" data-end=\"6564\" \/>\n<h3 data-start=\"6566\" data-end=\"6581\"><strong data-start=\"6570\" data-end=\"6581\">Uso<\/strong><\/h3>\n<p data-start=\"6582\" data-end=\"6706\">El <strong data-start=\"6585\" data-end=\"6613\">Caja de RC+ Fluor 3-FPM 50 mg<\/strong> est\u00e1 destinado exclusivamente a <strong data-start=\"6642\" data-end=\"6680\">aplicaciones de investigaci\u00f3n y an\u00e1lisis<\/strong>.<br data-start=\"6681\" data-end=\"6684\" \/>Los investigadores deben:<\/p>\n<ul data-start=\"6707\" data-end=\"6979\">\n<li data-start=\"6707\" data-end=\"6784\">\n<p data-start=\"6709\" data-end=\"6784\">Use ropa protectora (<strong data-start=\"6741\" data-end=\"6780\">guantes, gafas protectoras, bata de laboratorio<\/strong>).<\/p>\n<\/li>\n<li data-start=\"6785\" data-end=\"6857\">\n<p data-start=\"6787\" data-end=\"6857\">Para almacenar bajo <strong data-start=\"6804\" data-end=\"6812\">25\u00b0C<\/strong> en un <strong data-start=\"6820\" data-end=\"6854\">lugar fresco, seco y oscuro<\/strong>.<\/p>\n<\/li>\n<li data-start=\"6858\" data-end=\"6913\">\n<p data-start=\"6860\" data-end=\"6913\">Contactar con <strong data-start=\"6872\" data-end=\"6897\">luz, aire y humedad<\/strong> Para evitar.<\/p>\n<\/li>\n<li data-start=\"6914\" data-end=\"6979\">\n<p data-start=\"6916\" data-end=\"6979\"><strong data-start=\"6916\" data-end=\"6950\">Instrumentos de medici\u00f3n calibrados<\/strong> para ser utilizado para el an\u00e1lisis.<\/p>\n<\/li>\n<\/ul>\n<hr data-start=\"6981\" data-end=\"6984\" \/>\n<h3 data-start=\"6986\" data-end=\"7015\"><strong data-start=\"6990\" data-end=\"7015\">Informaci\u00f3n de seguridad<\/strong><\/h3>\n<ul data-start=\"7016\" data-end=\"7225\">\n<li data-start=\"7016\" data-end=\"7056\">\n<p data-start=\"7018\" data-end=\"7056\">S\u00f3lo para <strong data-start=\"7030\" data-end=\"7053\">uso de laboratorio<\/strong>.<\/p>\n<\/li>\n<li data-start=\"7057\" data-end=\"7110\">\n<p data-start=\"7059\" data-end=\"7110\"><strong data-start=\"7059\" data-end=\"7107\">No apto para consumo humano ni animal.<\/strong>.<\/p>\n<\/li>\n<li data-start=\"7111\" data-end=\"7167\">\n<p data-start=\"7113\" data-end=\"7167\">Siga siempre las <strong data-start=\"7128\" data-end=\"7164\">pautas de seguridad est\u00e1ndar<\/strong>.<\/p>\n<\/li>\n<li data-start=\"7168\" data-end=\"7225\">\n<p data-start=\"7170\" data-end=\"7225\">Fuera del alcance de <strong data-start=\"7188\" data-end=\"7215\">ni\u00f1os y personas no autorizadas<\/strong> Para mantener.<\/p>\n<\/li>\n<\/ul>\n<hr data-start=\"7227\" data-end=\"7230\" \/>\n<h3 data-start=\"7232\" data-end=\"7265\"><strong data-start=\"7236\" data-end=\"7265\">Preguntas frecuentes (FAQ)<\/strong><\/h3>\n<p data-start=\"7267\" data-end=\"7465\"><strong data-start=\"7267\" data-end=\"7323\">1. \u00bfPara qu\u00e9 se utiliza RC+ Fluor 3-FPM 50mg Box?<\/strong><br data-start=\"7323\" data-end=\"7326\" \/>Se utiliza para <strong data-start=\"7350\" data-end=\"7380\">investigaci\u00f3n cient\u00edfica<\/strong> sobre el efecto de los estimulantes sobre los transportadores de dopamina y noradrenalina.<\/p>\n<p data-start=\"7467\" data-end=\"7660\"><strong data-start=\"7467\" data-end=\"7523\">2. \u00bfCu\u00e1l es la diferencia entre 3-FPM y fenmetrazina?<\/strong><br data-start=\"7523\" data-end=\"7526\" \/>3-FPM contiene un <strong data-start=\"7542\" data-end=\"7568\">sustituci\u00f3n del \u00e1tomo de fl\u00faor<\/strong>, lo que garantiza <strong data-start=\"7585\" data-end=\"7629\">propiedades farmacol\u00f3gicas alteradas<\/strong> en comparaci\u00f3n con la fenmetrazina.<\/p>\n<p data-start=\"7662\" data-end=\"7834\"><strong data-start=\"7662\" data-end=\"7697\">3. \u00bfC\u00f3mo se debe almacenar?<\/strong><br data-start=\"7697\" data-end=\"7700\" \/>Ahorra en un <strong data-start=\"7714\" data-end=\"7748\">lugar fresco, seco y oscuro<\/strong>, preferiblemente en el <strong data-start=\"7769\" data-end=\"7804\">embalaje original sellado<\/strong> para mantener la pureza.<\/p>\n<hr data-start=\"7836\" data-end=\"7839\" \/>\n<h3 data-start=\"7841\" data-end=\"7858\"><strong data-start=\"7845\" data-end=\"7858\">Conclusi\u00f3n<\/strong><\/h3>\n<p data-start=\"7859\" data-end=\"8185\">El <strong data-start=\"7862\" data-end=\"7890\">Caja de RC+ Fluor 3-FPM 50 mg<\/strong> es un <strong data-start=\"7898\" data-end=\"7952\">Opci\u00f3n confiable para laboratorios e investigadores<\/strong> que se preocupan por <strong data-start=\"7978\" data-end=\"8042\">Estimular la investigaci\u00f3n en farmacolog\u00eda y neurociencia<\/strong>Gracias a la <strong data-start=\"8055\" data-end=\"8122\">Alta pureza, dosificaci\u00f3n precisa y envasado RC+ seguro<\/strong> lo ofrece <strong data-start=\"8133\" data-end=\"8184\">resultados de investigaci\u00f3n consistentes y reproducibles<\/strong>.<\/p>","protected":false},"excerpt":{"rendered":"<p>Introductie De RC+ Fluor 3-FPM 50mg Box is een hoogzuivere onderzoeksstof uit de fenethylamine- en stimulantklasse. Chemisch bekend als 3-Fluorfenmetrazine,<\/p>","protected":false},"featured_media":20535,"comment_status":"closed","ping_status":"closed","template":"","meta":[],"product_brand":[82],"product_cat":[555],"product_tag":[881,606,601,605,326],"class_list":{"0":"post-24192","1":"product","2":"type-product","3":"status-publish","4":"has-post-thumbnail","6":"product_brand-research-chemical","7":"product_cat-b2b","8":"product_tag-3-fpm-kopen","9":"product_tag-3-fluorophenmetrazine","10":"product_tag-3-fpm","11":"product_tag-3fpm","12":"product_tag-nl","14":"first","15":"instock","16":"taxable","17":"shipping-taxable","18":"purchasable","19":"product-type-variable"},"_links":{"self":[{"href":"https:\/\/onderzoekschemicals.com\/es\/wp-json\/wp\/v2\/product\/24192","targetHints":{"allow":["GET"]}}],"collection":[{"href":"https:\/\/onderzoekschemicals.com\/es\/wp-json\/wp\/v2\/product"}],"about":[{"href":"https:\/\/onderzoekschemicals.com\/es\/wp-json\/wp\/v2\/types\/product"}],"replies":[{"embeddable":true,"href":"https:\/\/onderzoekschemicals.com\/es\/wp-json\/wp\/v2\/comments?post=24192"}],"version-history":[{"count":4,"href":"https:\/\/onderzoekschemicals.com\/es\/wp-json\/wp\/v2\/product\/24192\/revisions"}],"predecessor-version":[{"id":27845,"href":"https:\/\/onderzoekschemicals.com\/es\/wp-json\/wp\/v2\/product\/24192\/revisions\/27845"}],"wp:featuredmedia":[{"embeddable":true,"href":"https:\/\/onderzoekschemicals.com\/es\/wp-json\/wp\/v2\/media\/20535"}],"wp:attachment":[{"href":"https:\/\/onderzoekschemicals.com\/es\/wp-json\/wp\/v2\/media?parent=24192"}],"wp:term":[{"taxonomy":"product_brand","embeddable":true,"href":"https:\/\/onderzoekschemicals.com\/es\/wp-json\/wp\/v2\/product_brand?post=24192"},{"taxonomy":"product_cat","embeddable":true,"href":"https:\/\/onderzoekschemicals.com\/es\/wp-json\/wp\/v2\/product_cat?post=24192"},{"taxonomy":"product_tag","embeddable":true,"href":"https:\/\/onderzoekschemicals.com\/es\/wp-json\/wp\/v2\/product_tag?post=24192"}],"curies":[{"name":"gracias","href":"https:\/\/api.w.org\/{rel}","templated":true}]}}