{"id":24138,"date":"2025-04-13T17:41:08","date_gmt":"2025-04-13T17:41:08","guid":{"rendered":"https:\/\/onderzoekschemicals.com\/?post_type=product&#038;p=24138"},"modified":"2025-10-13T10:25:12","modified_gmt":"2025-10-13T10:25:12","slug":"chem-mist-2f-dck-30-spray","status":"publish","type":"product","link":"https:\/\/onderzoekschemicals.com\/es\/shop\/b2b\/chem-mist-2f-dck-30-spray\/","title":{"rendered":"Aerosol Chem-mist 2F-DCK 30%"},"content":{"rendered":"<p data-start=\"4763\" data-end=\"5327\">El aerosol 2F-DCK 30% (Vanilla Sky) es una soluci\u00f3n qu\u00edmica de investigaci\u00f3n formulada con precisi\u00f3n, dise\u00f1ada para uso en laboratorio y cient\u00edfico. Este aerosol libera 2-fluorodescloroketamina (2F-DCK) a una concentraci\u00f3n de 30 % en una base acuosa estabilizada, lo que permite una dosificaci\u00f3n controlada por v\u00eda nasal. Este innovador sistema de administraci\u00f3n simplifica la manipulaci\u00f3n, mejora la consistencia de la dosis y optimiza los perfiles de absorci\u00f3n en entornos experimentales controlados. (No apto para uso humano). Aerosol Chem-mist 2F-DCK 30%<\/p>\n<hr data-start=\"5329\" data-end=\"5332\" \/>\n<h3 data-start=\"5334\" data-end=\"5367\">Caracter\u00edsticas principales<\/h3>\n<ul data-start=\"5368\" data-end=\"6003\">\n<li data-start=\"5368\" data-end=\"5469\">\n<p data-start=\"5370\" data-end=\"5469\"><strong data-start=\"5370\" data-end=\"5398\">Alta concentraci\u00f3n (30 %)<\/strong>: Proporciona una potente dosis de 2F-DCK en forma de aerosol compacto.<\/p>\n<\/li>\n<li data-start=\"5470\" data-end=\"5546\">\n<p data-start=\"5472\" data-end=\"5546\"><strong data-start=\"5472\" data-end=\"5504\">Sabor a vainilla (\u201cVanilla Sky\u201d)<\/strong>:Aroma suave para enmascarar el amargor.<\/p>\n<\/li>\n<li data-start=\"5547\" data-end=\"5636\">\n<p data-start=\"5549\" data-end=\"5636\"><strong data-start=\"5549\" data-end=\"5580\">M\u00e1s de 70 pulverizaciones por botella<\/strong>:Cada jeringa libera aproximadamente 42 mg de 2F-DCK por pulsaci\u00f3n.<\/p>\n<\/li>\n<li data-start=\"5637\" data-end=\"5776\">\n<p data-start=\"5639\" data-end=\"5776\"><strong data-start=\"5639\" data-end=\"5674\">Formulado con estabilizadores<\/strong>:Contiene aditivos como E1520, NaCl y formas tamp\u00f3n (E150, E339) para mantener el pH y la estabilidad.<\/p>\n<\/li>\n<li data-start=\"5777\" data-end=\"5928\">\n<p data-start=\"5779\" data-end=\"5928\"><strong data-start=\"5779\" data-end=\"5813\">Envasado para uso en investigaci\u00f3n<\/strong>:Se vende y etiqueta \u00fanicamente para uso en investigaci\u00f3n cient\u00edfica, con advertencias e instrucciones de almacenamiento.<\/p>\n<\/li>\n<li data-start=\"5929\" data-end=\"6003\">\n<p data-start=\"5931\" data-end=\"6003\"><strong data-start=\"5931\" data-end=\"5958\">Alta pureza (&gt;98 %)<\/strong>Seg\u00fan especificaciones del proveedor. Chem-mist 2F-DCK 30% Spray<\/p>\n<\/li>\n<\/ul>\n<hr data-start=\"6005\" data-end=\"6008\" \/>\n<h3 data-start=\"6010\" data-end=\"6064\">Beneficios (para uso en investigaci\u00f3n y laboratorio)<\/h3>\n<ol data-start=\"6065\" data-end=\"6906\">\n<li data-start=\"6065\" data-end=\"6242\">\n<p data-start=\"6068\" data-end=\"6242\"><strong data-start=\"6068\" data-end=\"6097\">Control preciso de la dosis<\/strong><br data-start=\"6097\" data-end=\"6100\" \/>El formato en aerosol permite una microdosificaci\u00f3n reproducible, reduciendo la variabilidad asociada con el pipeteo o el pesaje.<\/p>\n<\/li>\n<li data-start=\"6244\" data-end=\"6429\">\n<p data-start=\"6247\" data-end=\"6429\"><strong data-start=\"6247\" data-end=\"6279\">Cin\u00e9tica de absorci\u00f3n mejorada<\/strong><br data-start=\"6279\" data-end=\"6282\" \/>La captaci\u00f3n por la mucosa nasal es generalmente m\u00e1s r\u00e1pida que la administraci\u00f3n oral y puede permitir un inicio de acci\u00f3n m\u00e1s inmediato en estudios comparativos.<\/p>\n<\/li>\n<li data-start=\"6431\" data-end=\"6604\">\n<p data-start=\"6434\" data-end=\"6604\"><strong data-start=\"6434\" data-end=\"6469\">F\u00e1cil de usar y almacenar<\/strong><br data-start=\"6469\" data-end=\"6472\" \/>Un aerosol sellado reduce el riesgo de derrames, contaminaci\u00f3n u oxidaci\u00f3n en comparaci\u00f3n con los polvos sueltos o los l\u00edquidos a granel.<\/p>\n<\/li>\n<li data-start=\"6606\" data-end=\"6777\">\n<p data-start=\"6609\" data-end=\"6777\"><strong data-start=\"6609\" data-end=\"6651\">Preparaci\u00f3n de muestras consistente<\/strong><br data-start=\"6651\" data-end=\"6654\" \/>Cada actuaci\u00f3n est\u00e1 estandarizada, lo que favorece la coherencia entre las mediciones y la reproducibilidad experimental.<\/p>\n<\/li>\n<li data-start=\"6779\" data-end=\"6906\">\n<p data-start=\"6782\" data-end=\"6906\"><strong data-start=\"6782\" data-end=\"6804\">Menos desperdicio<\/strong><br data-start=\"6804\" data-end=\"6807\" \/>Generalmente quedan pocos residuos en comparaci\u00f3n con m\u00e9todos de aplicaci\u00f3n menos controlados.<\/p>\n<\/li>\n<\/ol>\n<hr data-start=\"6908\" data-end=\"6911\" \/>\n<h3 data-start=\"6913\" data-end=\"6970\">C\u00f3mo utilizar (solo para fines de investigaci\u00f3n)<\/h3>\n<blockquote data-start=\"6971\" data-end=\"7261\">\n<p data-start=\"6973\" data-end=\"7261\"><strong data-start=\"6973\" data-end=\"7012\">Advertencia de seguridad importante<\/strong>:Este producto es <strong data-start=\"7029\" data-end=\"7037\">no<\/strong> Destinado al consumo humano. \u00daselo \u00fanicamente en entornos de laboratorio controlados, con equipo de protecci\u00f3n individual (EPI) completo, sistemas de extracci\u00f3n y de acuerdo con los protocolos de seguridad de su instituci\u00f3n.<\/p>\n<\/blockquote>\n<ol data-start=\"7263\" data-end=\"8267\">\n<li data-start=\"7263\" data-end=\"7515\">\n<p data-start=\"7266\" data-end=\"7296\"><strong data-start=\"7266\" data-end=\"7294\">Controles preparatorios<\/strong><\/p>\n<ul data-start=\"7300\" data-end=\"7515\">\n<li data-start=\"7300\" data-end=\"7365\">\n<p data-start=\"7302\" data-end=\"7365\">Compruebe que el pulverizador funciona (puede ser necesario realizar una imprimaci\u00f3n).<\/p>\n<\/li>\n<li data-start=\"7369\" data-end=\"7411\">\n<p data-start=\"7371\" data-end=\"7411\">Inspeccione la boquilla para detectar obstrucciones.<\/p>\n<\/li>\n<li data-start=\"7415\" data-end=\"7515\">\n<p data-start=\"7417\" data-end=\"7515\">Aseg\u00farese de que la temperatura ambiente est\u00e9 dentro de las pautas de almacenamiento (preferiblemente fresca y oscura).<\/p>\n<\/li>\n<\/ul>\n<\/li>\n<li data-start=\"7517\" data-end=\"7798\">\n<p data-start=\"7520\" data-end=\"7534\"><strong data-start=\"7520\" data-end=\"7532\">Dosificaci\u00f3n<\/strong><\/p>\n<ul data-start=\"7538\" data-end=\"7798\">\n<li data-start=\"7538\" data-end=\"7683\">\n<p data-start=\"7540\" data-end=\"7683\">Coloque la boquilla a una distancia fija reproducible (por ejemplo, 1\u20132 cm) de la superficie o el objetivo (mucosa nasal in vitro o ex vivo).<\/p>\n<\/li>\n<li data-start=\"7687\" data-end=\"7762\">\n<p data-start=\"7689\" data-end=\"7762\">Presione el spray una vez (o m\u00e1s veces, dependiendo de su protocolo).<\/p>\n<\/li>\n<li data-start=\"7766\" data-end=\"7798\">\n<p data-start=\"7768\" data-end=\"7798\">Tenga en cuenta el n\u00famero de actuaciones.<\/p>\n<\/li>\n<\/ul>\n<\/li>\n<li data-start=\"7800\" data-end=\"8009\">\n<p data-start=\"7803\" data-end=\"7820\"><strong data-start=\"7803\" data-end=\"7818\">Despu\u00e9s de la dosis<\/strong><\/p>\n<ul data-start=\"7824\" data-end=\"8009\">\n<li data-start=\"7824\" data-end=\"7852\">\n<p data-start=\"7826\" data-end=\"7852\">Vuelva a colocar la tapa inmediatamente.<\/p>\n<\/li>\n<li data-start=\"7856\" data-end=\"7914\">\n<p data-start=\"7858\" data-end=\"7914\">Conservar en posici\u00f3n vertical en un lugar fresco, seco y oscuro.<\/p>\n<\/li>\n<li data-start=\"7918\" data-end=\"8009\">\n<p data-start=\"7920\" data-end=\"8009\">Si se recomienda, enjuague la boquilla con un disolvente adecuado (por ejemplo, agua desionizada).<\/p>\n<\/li>\n<\/ul>\n<\/li>\n<li data-start=\"8011\" data-end=\"8267\">\n<p data-start=\"8014\" data-end=\"8042\"><strong data-start=\"8014\" data-end=\"8040\">Medidas de seguridad<\/strong><\/p>\n<ul data-start=\"8046\" data-end=\"8267\">\n<li data-start=\"8046\" data-end=\"8091\">\n<p data-start=\"8048\" data-end=\"8091\">Evitar la inhalaci\u00f3n directa o el contacto con la piel.<\/p>\n<\/li>\n<li data-start=\"8095\" data-end=\"8194\">\n<p data-start=\"8097\" data-end=\"8194\">En caso de contacto con la piel o los ojos: aclarar con agua y consultar la ficha de datos de seguridad (FDS).<\/p>\n<\/li>\n<li data-start=\"8198\" data-end=\"8267\">\n<p data-start=\"8200\" data-end=\"8267\">Eliminar los residuos de acuerdo con la normativa sobre residuos qu\u00edmicos.<\/p>\n<\/li>\n<\/ul>\n<\/li>\n<\/ol>\n<hr data-start=\"8269\" data-end=\"8272\" \/>\n<h3 data-start=\"8274\" data-end=\"8305\">Preguntas frecuentes (FAQ)<\/h3>\n<p data-start=\"8307\" data-end=\"8569\"><strong data-start=\"8307\" data-end=\"8392\">1. \u00bfEl aerosol Chem-mist 2F-DCK 30% est\u00e1 destinado a la administraci\u00f3n a humanos o animales?<\/strong><br data-start=\"8392\" data-end=\"8395\" \/>No. Es estrictamente para <strong data-start=\"8419\" data-end=\"8450\">S\u00f3lo con fines de investigaci\u00f3n<\/strong>El proveedor y el etiquetado enfatizan que no es un producto m\u00e9dico y no es apto para uso humano.<\/p>\n<p data-start=\"8571\" data-end=\"8726\"><strong data-start=\"8571\" data-end=\"8614\">2. \u00bfCu\u00e1ntos mg contiene una pulsaci\u00f3n de spray?<\/strong><br data-start=\"8614\" data-end=\"8617\" \/>Seg\u00fan el proveedor, una actuaci\u00f3n produce aproximadamente <strong data-start=\"8671\" data-end=\"8680\">42 mg<\/strong> Formulaci\u00f3n de 2F-DCK en concentraci\u00f3n 30 %.<\/p>\n<p data-start=\"8728\" data-end=\"8963\"><strong data-start=\"8728\" data-end=\"8797\">3. \u00bfC\u00f3mo se debe conservar el spray y cu\u00e1l es su vida \u00fatil?<\/strong><br data-start=\"8797\" data-end=\"8800\" \/>Ahorra en un <strong data-start=\"8814\" data-end=\"8839\">lugar fresco y oscuro<\/strong>, bien cerrado. En estas condiciones se mantiene estable al menos durante <strong data-start=\"8922\" data-end=\"8932\">2 a\u00f1os<\/strong>, seg\u00fan afirma el proveedor.<\/p>","protected":false},"excerpt":{"rendered":"<p>2F-DCK 30% Spray (Vanilla Sky) is een precisie-geformuleerde onderzoekschemische oplossing, ontworpen voor laboratorium- en wetenschappelijk gebruik. De spray levert 2-fluorodeschloroketamine<\/p>","protected":false},"featured_media":20720,"comment_status":"closed","ping_status":"closed","template":"","meta":[],"product_brand":[],"product_cat":[555],"product_tag":[1096,326],"class_list":{"0":"post-24138","1":"product","2":"type-product","3":"status-publish","4":"has-post-thumbnail","6":"product_cat-b2b","7":"product_tag-chem-mist-2f-dck-30-spray","8":"product_tag-nl","10":"first","11":"instock","12":"taxable","13":"shipping-taxable","14":"purchasable","15":"product-type-variable"},"_links":{"self":[{"href":"https:\/\/onderzoekschemicals.com\/es\/wp-json\/wp\/v2\/product\/24138","targetHints":{"allow":["GET"]}}],"collection":[{"href":"https:\/\/onderzoekschemicals.com\/es\/wp-json\/wp\/v2\/product"}],"about":[{"href":"https:\/\/onderzoekschemicals.com\/es\/wp-json\/wp\/v2\/types\/product"}],"replies":[{"embeddable":true,"href":"https:\/\/onderzoekschemicals.com\/es\/wp-json\/wp\/v2\/comments?post=24138"}],"version-history":[{"count":3,"href":"https:\/\/onderzoekschemicals.com\/es\/wp-json\/wp\/v2\/product\/24138\/revisions"}],"predecessor-version":[{"id":27856,"href":"https:\/\/onderzoekschemicals.com\/es\/wp-json\/wp\/v2\/product\/24138\/revisions\/27856"}],"wp:featuredmedia":[{"embeddable":true,"href":"https:\/\/onderzoekschemicals.com\/es\/wp-json\/wp\/v2\/media\/20720"}],"wp:attachment":[{"href":"https:\/\/onderzoekschemicals.com\/es\/wp-json\/wp\/v2\/media?parent=24138"}],"wp:term":[{"taxonomy":"product_brand","embeddable":true,"href":"https:\/\/onderzoekschemicals.com\/es\/wp-json\/wp\/v2\/product_brand?post=24138"},{"taxonomy":"product_cat","embeddable":true,"href":"https:\/\/onderzoekschemicals.com\/es\/wp-json\/wp\/v2\/product_cat?post=24138"},{"taxonomy":"product_tag","embeddable":true,"href":"https:\/\/onderzoekschemicals.com\/es\/wp-json\/wp\/v2\/product_tag?post=24138"}],"curies":[{"name":"gracias","href":"https:\/\/api.w.org\/{rel}","templated":true}]}}