{"id":24119,"date":"2025-04-13T17:41:04","date_gmt":"2025-04-13T17:41:04","guid":{"rendered":"https:\/\/onderzoekschemicals.com\/?post_type=product&#038;p=24119"},"modified":"2025-10-14T08:34:47","modified_gmt":"2025-10-14T08:34:47","slug":"rc-metocin-blister","status":"publish","type":"product","link":"https:\/\/onderzoekschemicals.com\/es\/shop\/b2b\/rc-metocin-blister\/","title":{"rendered":"Ampolla de metocina RC+"},"content":{"rendered":"<h3 data-start=\"5633\" data-end=\"5654\"><strong data-start=\"5637\" data-end=\"5652\">Introducci\u00f3n<\/strong><\/h3>\n<p data-start=\"5655\" data-end=\"6097\">El <strong data-start=\"5658\" data-end=\"5681\">Ampolla de metocina RC+<\/strong> Es una formulaci\u00f3n qu\u00edmica de investigaci\u00f3n profesional dise\u00f1ada para aplicaciones anal\u00edticas y de laboratorio. Contiene <strong data-start=\"5803\" data-end=\"5878\">4-hidroxi-N-metil-N-etiltriptamina (4-HO-MET, tambi\u00e9n conocida como metocina)<\/strong> En gr\u00e1nulos sellados individualmente. Se envasan en bl\u00edsteres (generalmente de 10 gr\u00e1nulos) para facilitar la recuperaci\u00f3n de la dosis, el control de la contaminaci\u00f3n y la trazabilidad de la manipulaci\u00f3n. Metocina.<\/p>\n<p data-start=\"6099\" data-end=\"6290\">4-HO-MET es un compuesto triptamina, relacionado con la psilocina, que se est\u00e1 investigando en la farmacolog\u00eda de los receptores de serotonina y sustancias psicoactivas.<\/p>\n<p data-start=\"6292\" data-end=\"6497\">Este producto est\u00e1 destinado \u00fanicamente para su uso <strong data-start=\"6332\" data-end=\"6346\">uso de laboratorio<\/strong> \u2014por ejemplo, uni\u00f3n a receptores, calibraci\u00f3n anal\u00edtica o estudios de estructura-actividad\u2014 y es <strong data-start=\"6444\" data-end=\"6496\">No apto para uso humano o animal.<\/strong>.<\/p>\n<hr data-start=\"6499\" data-end=\"6502\" \/>\n<h3 data-start=\"6504\" data-end=\"6537\"><strong data-start=\"6508\" data-end=\"6535\">Caracter\u00edsticas principales<\/strong><\/h3>\n<ul data-start=\"6538\" data-end=\"7152\">\n<li data-start=\"6538\" data-end=\"6592\">\n<p data-start=\"6540\" data-end=\"6592\"><strong data-start=\"6540\" data-end=\"6557\">Ingrediente activo:<\/strong> 4-HO-MET (metocina) en forma de pellet<\/p>\n<\/li>\n<li data-start=\"6593\" data-end=\"6712\">\n<p data-start=\"6595\" data-end=\"6712\"><strong data-start=\"6595\" data-end=\"6619\">Dosis por pellet:<\/strong> Acerca de <strong data-start=\"6629\" data-end=\"6638\">21 mg<\/strong> (seg\u00fan lo indicado por los proveedores)<\/p>\n<\/li>\n<li data-start=\"6713\" data-end=\"6839\">\n<p data-start=\"6715\" data-end=\"6839\"><strong data-start=\"6715\" data-end=\"6743\">Alta pureza (\u2265 98 %)<\/strong>:Etiquetado como material de investigaci\u00f3n de alta pureza<\/p>\n<\/li>\n<li data-start=\"6840\" data-end=\"6931\">\n<p data-start=\"6842\" data-end=\"6931\"><strong data-start=\"6842\" data-end=\"6864\">Embalaje bl\u00edster:<\/strong> Cada pellet est\u00e1 sellado individualmente para reducir la contaminaci\u00f3n.<\/p>\n<\/li>\n<li data-start=\"6932\" data-end=\"7070\">\n<p data-start=\"6934\" data-end=\"7070\"><strong data-start=\"6934\" data-end=\"6966\">Trazabilidad de lotes y lotes:<\/strong> Cada bl\u00edster contiene c\u00f3digos de identificaci\u00f3n para el control de calidad.<\/p>\n<\/li>\n<li data-start=\"7071\" data-end=\"7152\">\n<p data-start=\"7073\" data-end=\"7152\"><strong data-start=\"7073\" data-end=\"7097\">Compacto y protegido:<\/strong> El embalaje protege contra la luz, la humedad y la degradaci\u00f3n.<\/p>\n<\/li>\n<\/ul>\n<hr data-start=\"7154\" data-end=\"7157\" \/>\n<h3 data-start=\"7159\" data-end=\"7178\"><strong data-start=\"7163\" data-end=\"7176\">Ventajas<\/strong><\/h3>\n<p data-start=\"7179\" data-end=\"7723\">\u2705 <strong data-start=\"7181\" data-end=\"7210\">Dosis reproducible:<\/strong> Cada pellet contiene una cantidad consistente y medida de 4-HO-MET, lo que reduce la variaci\u00f3n en los experimentos.<br data-start=\"7319\" data-end=\"7322\" \/>\u2705 <strong data-start=\"7324\" data-end=\"7351\">Estabilidad mejorada:<\/strong> El embalaje bl\u00edster protege el material de muestra de los factores ambientales.<br data-start=\"7423\" data-end=\"7426\" \/>\u2705 <strong data-start=\"7428\" data-end=\"7462\">Riesgo reducido de contaminaci\u00f3n:<\/strong> El sellado individual de los pellets limita la contaminaci\u00f3n cruzada.<br data-start=\"7517\" data-end=\"7520\" \/>\u2705 <strong data-start=\"7522\" data-end=\"7548\">Formato que ahorra tiempo:<\/strong> Se puede utilizar directamente sin necesidad de preparaci\u00f3n ni pesaje de muestras complejos. metocina<br data-start=\"7610\" data-end=\"7613\" \/>\u2705 <strong data-start=\"7615\" data-end=\"7657\">Mejor documentaci\u00f3n y trazabilidad:<\/strong> Los c\u00f3digos de lote y la identificaci\u00f3n de los pellets facilitan la administraci\u00f3n y las auditor\u00edas.<\/p>\n<hr data-start=\"7725\" data-end=\"7728\" \/>\n<h3 data-start=\"7730\" data-end=\"7790\"><strong data-start=\"7734\" data-end=\"7788\">C\u00f3mo utilizar (solo para investigaci\u00f3n y an\u00e1lisis)<\/strong><\/h3>\n<blockquote data-start=\"7791\" data-end=\"7973\">\n<p data-start=\"7793\" data-end=\"7973\">\u26a0\ufe0f <strong data-start=\"7796\" data-end=\"7810\">Observaci\u00f3n:<\/strong> Este producto es <strong data-start=\"7826\" data-end=\"7869\">NO para uso humano o animal.<\/strong>. \u00dasese \u00fanicamente en condiciones de laboratorio controladas y con el equipo de seguridad adecuado.<\/p>\n<\/blockquote>\n<ol data-start=\"7975\" data-end=\"9041\">\n<li data-start=\"7975\" data-end=\"8186\">\n<p data-start=\"7978\" data-end=\"8016\"><strong data-start=\"7978\" data-end=\"8014\">Inspeccione la ampolla y los pellets<\/strong><\/p>\n<ul data-start=\"8020\" data-end=\"8186\">\n<li data-start=\"8020\" data-end=\"8069\">\n<p data-start=\"8022\" data-end=\"8069\">Compruebe que el bl\u00edster est\u00e9 intacto.<\/p>\n<\/li>\n<li data-start=\"8073\" data-end=\"8118\">\n<p data-start=\"8075\" data-end=\"8118\">Compare el n\u00famero de lote con la documentaci\u00f3n.<\/p>\n<\/li>\n<li data-start=\"8122\" data-end=\"8186\">\n<p data-start=\"8124\" data-end=\"8186\">Compruebe que los pellets no presenten da\u00f1os ni decoloraci\u00f3n.<\/p>\n<\/li>\n<\/ul>\n<\/li>\n<li data-start=\"8188\" data-end=\"8357\">\n<p data-start=\"8191\" data-end=\"8212\"><strong data-start=\"8191\" data-end=\"8210\">Extracci\u00f3n de pellets<\/strong><\/p>\n<ul data-start=\"8216\" data-end=\"8357\">\n<li data-start=\"8216\" data-end=\"8309\">\n<p data-start=\"8218\" data-end=\"8309\">Apriete suavemente un pellet del compartimento del bl\u00edster utilizando instrumentos o guantes est\u00e9riles.<\/p>\n<\/li>\n<li data-start=\"8313\" data-end=\"8357\">\n<p data-start=\"8315\" data-end=\"8357\">Evite el contacto directo con la superficie.<\/p>\n<\/li>\n<\/ul>\n<\/li>\n<li data-start=\"8359\" data-end=\"8559\">\n<p data-start=\"8362\" data-end=\"8391\"><strong data-start=\"8362\" data-end=\"8389\">Resolver \/ Preparar<\/strong><\/p>\n<ul data-start=\"8395\" data-end=\"8559\">\n<li data-start=\"8395\" data-end=\"8486\">\n<p data-start=\"8397\" data-end=\"8486\">Disuelva o suspenda el pellet en un disolvente adecuado (por ejemplo, tamp\u00f3n, etanol, agua).<\/p>\n<\/li>\n<li data-start=\"8490\" data-end=\"8559\">\n<p data-start=\"8492\" data-end=\"8559\">Mezclar suavemente hasta que est\u00e9 completamente disuelto y distribuido uniformemente.<\/p>\n<\/li>\n<\/ul>\n<\/li>\n<li data-start=\"8561\" data-end=\"8795\">\n<p data-start=\"8564\" data-end=\"8594\"><strong data-start=\"8564\" data-end=\"8592\">Aplicaci\u00f3n experimental<\/strong><\/p>\n<ul data-start=\"8598\" data-end=\"8795\">\n<li data-start=\"8598\" data-end=\"8716\">\n<p data-start=\"8600\" data-end=\"8716\">Utilice la soluci\u00f3n preparada en cromatograf\u00eda, ensayos de uni\u00f3n, estudios de receptores u otros m\u00e9todos autorizados.<\/p>\n<\/li>\n<li data-start=\"8720\" data-end=\"8795\">\n<p data-start=\"8722\" data-end=\"8795\">Registre la identificaci\u00f3n del pellet, la concentraci\u00f3n, el volumen de disoluci\u00f3n y todos los par\u00e1metros relevantes.<\/p>\n<\/li>\n<\/ul>\n<\/li>\n<li data-start=\"8797\" data-end=\"9041\">\n<p data-start=\"8800\" data-end=\"8827\"><strong data-start=\"8800\" data-end=\"8825\">Almacenamiento y mudanza<\/strong><\/p>\n<ul data-start=\"8831\" data-end=\"9041\">\n<li data-start=\"8831\" data-end=\"8882\">\n<p data-start=\"8833\" data-end=\"8882\">Coloque nuevamente los pellets no utilizados en el bl\u00edster.<\/p>\n<\/li>\n<li data-start=\"8886\" data-end=\"8949\">\n<p data-start=\"8888\" data-end=\"8949\">Gu\u00e1rdelo en posici\u00f3n vertical en un <strong data-start=\"8910\" data-end=\"8937\">fresco, oscuro y seco<\/strong> ambiente.<\/p>\n<\/li>\n<li data-start=\"8953\" data-end=\"9041\">\n<p data-start=\"8955\" data-end=\"9041\">Deseche los pellets, disolventes y embalajes usados de acuerdo con las pol\u00edticas de residuos qu\u00edmicos.<\/p>\n<\/li>\n<\/ul>\n<\/li>\n<\/ol>\n<hr data-start=\"9043\" data-end=\"9046\" \/>\n<h3 data-start=\"9048\" data-end=\"9083\"><strong data-start=\"9052\" data-end=\"9081\">Preguntas frecuentes (FAQ)<\/strong><\/h3>\n<p data-start=\"9085\" data-end=\"9354\"><strong data-start=\"9085\" data-end=\"9118\">1. \u00bfQu\u00e9 es 4-HO-MET (metocina)?<\/strong><br data-start=\"9118\" data-end=\"9121\" \/>4-HO-MET (4-hidroxi-N-metil-N-etiltriptamina), tambi\u00e9n conocida como metocina, es un an\u00e1logo psicoactivo de la triptamina relacionado con la psilocina, utilizado en la investigaci\u00f3n farmacol\u00f3gica de los receptores de serotonina.<\/p>\n<p data-start=\"9356\" data-end=\"9535\"><strong data-start=\"9356\" data-end=\"9413\">2. \u00bfCu\u00e1ntos mg contiene cada pellet del bl\u00edster de Metocin?<\/strong><br data-start=\"9413\" data-end=\"9416\" \/>Seg\u00fan la informaci\u00f3n del proveedor, cada pellet contiene aproximadamente <strong data-start=\"9474\" data-end=\"9483\">21 mg<\/strong> 4-HO-MET.<\/p>\n<p data-start=\"9537\" data-end=\"9741\"><strong data-start=\"9537\" data-end=\"9619\">3. \u00bfPuede usarse RC+ Metocin Blister para uso humano o animal?<\/strong><br data-start=\"9619\" data-end=\"9622\" \/>No. El producto est\u00e1 etiquetado como <strong data-start=\"9655\" data-end=\"9680\">s\u00f3lo para investigaci\u00f3n<\/strong>, y es <strong data-start=\"9688\" data-end=\"9704\">no intencionado<\/strong> para uso en humanos o animales.<\/p>\n<p>&nbsp;<\/p>","protected":false},"excerpt":{"rendered":"<p><span style=\"vertical-align: inherit;\"><span style=\"vertical-align: inherit;\"><span dir=\"auto\" style=\"vertical-align: inherit;\"><span dir=\"auto\" style=\"vertical-align: inherit;\"><span dir=\"auto\" style=\"vertical-align: inherit;\"><span dir=\"auto\" style=\"vertical-align: inherit;\">N\u00famero CAS: 77872-41-4 <\/span><\/span><\/span><\/span><\/span><\/span><br \/>\n<span style=\"vertical-align: inherit;\"><span style=\"vertical-align: inherit;\"><span dir=\"auto\" style=\"vertical-align: inherit;\"><span dir=\"auto\" style=\"vertical-align: inherit;\"><span dir=\"auto\" style=\"vertical-align: inherit;\"><span dir=\"auto\" style=\"vertical-align: inherit;\">F\u00f3rmula: C13H18N2O <\/span><\/span><\/span><\/span><\/span><\/span><br \/>\n<span style=\"vertical-align: inherit;\"><span style=\"vertical-align: inherit;\"><span dir=\"auto\" style=\"vertical-align: inherit;\"><span dir=\"auto\" style=\"vertical-align: inherit;\"><span dir=\"auto\" style=\"vertical-align: inherit;\"><span dir=\"auto\" style=\"vertical-align: inherit;\">Masa molar: 218,3 g\/mol <\/span><\/span><\/span><\/span><\/span><\/span><br \/>\n<span style=\"vertical-align: inherit;\"><span style=\"vertical-align: inherit;\"><span dir=\"auto\" style=\"vertical-align: inherit;\"><span dir=\"auto\" style=\"vertical-align: inherit;\"><span dir=\"auto\" style=\"vertical-align: inherit;\"><span dir=\"auto\" style=\"vertical-align: inherit;\">Pureza: \u226598%<\/span><\/span><\/span><\/span><\/span><\/span><\/p>","protected":false},"featured_media":21164,"comment_status":"closed","ping_status":"closed","template":"","meta":[],"product_brand":[],"product_cat":[555],"product_tag":[636,635,326],"class_list":{"0":"post-24119","1":"product","2":"type-product","3":"status-publish","4":"has-post-thumbnail","6":"product_cat-b2b","7":"product_tag-metocin","8":"product_tag-metocin-kopen","9":"product_tag-nl","11":"first","12":"instock","13":"taxable","14":"shipping-taxable","15":"purchasable","16":"product-type-variable"},"_links":{"self":[{"href":"https:\/\/onderzoekschemicals.com\/es\/wp-json\/wp\/v2\/product\/24119","targetHints":{"allow":["GET"]}}],"collection":[{"href":"https:\/\/onderzoekschemicals.com\/es\/wp-json\/wp\/v2\/product"}],"about":[{"href":"https:\/\/onderzoekschemicals.com\/es\/wp-json\/wp\/v2\/types\/product"}],"replies":[{"embeddable":true,"href":"https:\/\/onderzoekschemicals.com\/es\/wp-json\/wp\/v2\/comments?post=24119"}],"version-history":[{"count":5,"href":"https:\/\/onderzoekschemicals.com\/es\/wp-json\/wp\/v2\/product\/24119\/revisions"}],"predecessor-version":[{"id":26511,"href":"https:\/\/onderzoekschemicals.com\/es\/wp-json\/wp\/v2\/product\/24119\/revisions\/26511"}],"wp:featuredmedia":[{"embeddable":true,"href":"https:\/\/onderzoekschemicals.com\/es\/wp-json\/wp\/v2\/media\/21164"}],"wp:attachment":[{"href":"https:\/\/onderzoekschemicals.com\/es\/wp-json\/wp\/v2\/media?parent=24119"}],"wp:term":[{"taxonomy":"product_brand","embeddable":true,"href":"https:\/\/onderzoekschemicals.com\/es\/wp-json\/wp\/v2\/product_brand?post=24119"},{"taxonomy":"product_cat","embeddable":true,"href":"https:\/\/onderzoekschemicals.com\/es\/wp-json\/wp\/v2\/product_cat?post=24119"},{"taxonomy":"product_tag","embeddable":true,"href":"https:\/\/onderzoekschemicals.com\/es\/wp-json\/wp\/v2\/product_tag?post=24119"}],"curies":[{"name":"gracias","href":"https:\/\/api.w.org\/{rel}","templated":true}]}}