{"id":24111,"date":"2025-04-13T17:41:04","date_gmt":"2025-04-13T17:41:04","guid":{"rendered":"https:\/\/onderzoekschemicals.com\/?post_type=product&#038;p=24111"},"modified":"2025-10-14T07:59:11","modified_gmt":"2025-10-14T07:59:11","slug":"2-fea-3-fea","status":"publish","type":"product","link":"https:\/\/onderzoekschemicals.com\/es\/shop\/b2b\/2-fea-3-fea\/","title":{"rendered":"Ampolla RC+ Newphoria"},"content":{"rendered":"<h3 data-start=\"5056\" data-end=\"5077\"><strong data-start=\"5060\" data-end=\"5075\">Introducci\u00f3n<\/strong><\/h3>\n<p data-start=\"5078\" data-end=\"5387\">El <strong data-start=\"5081\" data-end=\"5106\">Ampolla RC+ Newphoria<\/strong> es de alta calidad <strong data-start=\"5127\" data-end=\"5152\">formulaci\u00f3n de la investigaci\u00f3n<\/strong>Especialmente desarrollado para la investigaci\u00f3n anal\u00edtica y de laboratorio profesional. Cada bl\u00edster contiene <strong data-start=\"5251\" data-end=\"5288\">10 pellets sellados individualmente<\/strong>, dise\u00f1ado para <strong data-start=\"5305\" data-end=\"5384\">Dosificaci\u00f3n precisa, resultados consistentes y manipulaci\u00f3n sin contaminaci\u00f3n<\/strong>. 2 fea 3 fea<\/p>\n<p data-start=\"5389\" data-end=\"5687\">Con una combinaci\u00f3n controlada de <strong data-start=\"5427\" data-end=\"5477\">2-FEA y 3-FEA (is\u00f3meros de fluoroetanfetamina)<\/strong> \u00bfEs este producto ideal para? <strong data-start=\"5505\" data-end=\"5567\">Investigaci\u00f3n farmacol\u00f3gica, de receptores y qu\u00edmica anal\u00edtica<\/strong>El embalaje bl\u00edster garantiza <strong data-start=\"5601\" data-end=\"5651\">estabilidad, trazabilidad y almacenamiento seguro<\/strong> en condiciones de laboratorio.<\/p>\n<p data-start=\"5689\" data-end=\"5804\"><em data-start=\"5689\" data-end=\"5804\">(Este producto es solo para uso en investigaci\u00f3n. No es apto para uso humano o animal).<\/em><\/p>\n<hr data-start=\"5806\" data-end=\"5809\" \/>\n<h3 data-start=\"5811\" data-end=\"5844\"><strong data-start=\"5815\" data-end=\"5842\">Caracter\u00edsticas principales<\/strong><\/h3>\n<ul data-start=\"5845\" data-end=\"6426\">\n<li data-start=\"5845\" data-end=\"5952\">\n<p data-start=\"5847\" data-end=\"5952\"><strong data-start=\"5847\" data-end=\"5873\">Composici\u00f3n 2\/3-FEA:<\/strong> Contiene una mezcla controlada de 2-FEA y 3-FEA para investigaci\u00f3n comparativa.<\/p>\n<\/li>\n<li data-start=\"5953\" data-end=\"6043\">\n<p data-start=\"5955\" data-end=\"6043\"><strong data-start=\"5955\" data-end=\"5982\">Alta pureza (\u226598%):<\/strong> Calidad de laboratorio, confirmada por an\u00e1lisis del proveedor.<\/p>\n<\/li>\n<li data-start=\"6044\" data-end=\"6149\">\n<p data-start=\"6046\" data-end=\"6149\"><strong data-start=\"6046\" data-end=\"6084\">10 Pellets Sellados Individualmente:<\/strong> Cada pellet est\u00e1 envuelto individualmente para garantizar la m\u00e1xima integridad.<\/p>\n<\/li>\n<li data-start=\"6150\" data-end=\"6238\">\n<p data-start=\"6152\" data-end=\"6238\"><strong data-start=\"6152\" data-end=\"6174\">Embalaje bl\u00edster:<\/strong> F\u00e1cil de manipular y protege contra los factores ambientales.<\/p>\n<\/li>\n<li data-start=\"6239\" data-end=\"6341\">\n<p data-start=\"6241\" data-end=\"6341\"><strong data-start=\"6241\" data-end=\"6273\">Trazabilidad de lotes y lotes:<\/strong> Cada paquete contiene un n\u00famero de identificaci\u00f3n \u00fanico para fines de documentaci\u00f3n.<\/p>\n<\/li>\n<li data-start=\"6342\" data-end=\"6426\">\n<p data-start=\"6344\" data-end=\"6426\"><strong data-start=\"6344\" data-end=\"6375\">Forma y peso consistentes:<\/strong> Garantiza resultados de investigaci\u00f3n reproducibles.<\/p>\n<\/li>\n<\/ul>\n<hr data-start=\"6428\" data-end=\"6431\" \/>\n<h3 data-start=\"6433\" data-end=\"6481\"><strong data-start=\"6437\" data-end=\"6479\">Beneficios (para la investigaci\u00f3n de laboratorio)<\/strong><\/h3>\n<p data-start=\"6482\" data-end=\"6577\">\u2705 <strong data-start=\"6484\" data-end=\"6514\">Precisi\u00f3n y confiabilidad<\/strong> \u2013 Cada pastilla proporciona una dosis exacta para obtener datos consistentes.<\/p>\n<p data-start=\"6579\" data-end=\"6668\">\u2705 <strong data-start=\"6581\" data-end=\"6606\">Seguridad mejorada<\/strong> \u2013 El embalaje individual evita la contaminaci\u00f3n y la degradaci\u00f3n.<\/p>\n<p data-start=\"6670\" data-end=\"6764\">\u2705 <strong data-start=\"6672\" data-end=\"6698\">Procesos de trabajo m\u00e1s r\u00e1pidos<\/strong> \u2013 Listo para usar, no requiere pesar ni preparaci\u00f3n adicional.<\/p>\n<p data-start=\"6766\" data-end=\"6851\">\u2705 <strong data-start=\"6768\" data-end=\"6790\">Larga vida \u00fatil<\/strong> \u2013 El embalaje protector mantiene la pureza y la estabilidad.<\/p>\n<p data-start=\"6853\" data-end=\"6959\">\u2705 <strong data-start=\"6855\" data-end=\"6882\">Documentaci\u00f3n sencilla<\/strong> \u2013 Los c\u00f3digos de lote permiten una f\u00e1cil trazabilidad y control de calidad.<\/p>\n<hr data-start=\"6961\" data-end=\"6964\" \/>\n<h3 data-start=\"6966\" data-end=\"7018\"><strong data-start=\"6970\" data-end=\"7016\">Uso (solo para fines de investigaci\u00f3n)<\/strong><\/h3>\n<blockquote data-start=\"7019\" data-end=\"7204\">\n<p data-start=\"7021\" data-end=\"7204\">\u26a0\ufe0f <strong data-start=\"7024\" data-end=\"7039\">Importante:<\/strong> El bl\u00edster RC+ Newphoria est\u00e1 destinado exclusivamente a la investigaci\u00f3n cient\u00edfica y anal\u00edtica. Utilice siempre EPI y siga las normas de seguridad del laboratorio.<\/p>\n<\/blockquote>\n<ol data-start=\"7206\" data-end=\"7975\">\n<li data-start=\"7206\" data-end=\"7322\">\n<p data-start=\"7209\" data-end=\"7224\"><strong data-start=\"7209\" data-end=\"7222\">Inspecci\u00f3n<\/strong><\/p>\n<ul data-start=\"7228\" data-end=\"7322\">\n<li data-start=\"7228\" data-end=\"7276\">\n<p data-start=\"7230\" data-end=\"7276\">Verifique el embalaje y el n\u00famero de lote.<\/p>\n<\/li>\n<li data-start=\"7280\" data-end=\"7322\">\n<p data-start=\"7282\" data-end=\"7322\">Aseg\u00farese de que los pellets no est\u00e9n da\u00f1ados.<\/p>\n<\/li>\n<\/ul>\n<\/li>\n<li data-start=\"7324\" data-end=\"7463\">\n<p data-start=\"7327\" data-end=\"7351\"><strong data-start=\"7327\" data-end=\"7349\">Eliminaci\u00f3n de pellets<\/strong><\/p>\n<ul data-start=\"7355\" data-end=\"7463\">\n<li data-start=\"7355\" data-end=\"7428\">\n<p data-start=\"7357\" data-end=\"7428\">Exprima con cuidado un pellet del bl\u00edster utilizando equipo est\u00e9ril.<\/p>\n<\/li>\n<li data-start=\"7432\" data-end=\"7463\">\n<p data-start=\"7434\" data-end=\"7463\">Evite el contacto directo con la piel.<\/p>\n<\/li>\n<\/ul>\n<\/li>\n<li data-start=\"7465\" data-end=\"7640\">\n<p data-start=\"7468\" data-end=\"7494\"><strong data-start=\"7468\" data-end=\"7492\">Preparaci\u00f3n de muestras<\/strong><\/p>\n<ul data-start=\"7498\" data-end=\"7640\">\n<li data-start=\"7498\" data-end=\"7594\">\n<p data-start=\"7500\" data-end=\"7594\">Disuelva el pellet en un disolvente adecuado (por ejemplo, etanol, agua destilada o tamp\u00f3n).<\/p>\n<\/li>\n<li data-start=\"7598\" data-end=\"7640\">\n<p data-start=\"7600\" data-end=\"7640\">Mezclar suavemente hasta su completa disoluci\u00f3n.<\/p>\n<\/li>\n<\/ul>\n<\/li>\n<li data-start=\"7642\" data-end=\"7797\">\n<p data-start=\"7645\" data-end=\"7674\"><strong data-start=\"7645\" data-end=\"7672\">Uso en experimentos<\/strong><\/p>\n<ul data-start=\"7678\" data-end=\"7797\">\n<li data-start=\"7678\" data-end=\"7743\">\n<p data-start=\"7680\" data-end=\"7743\">Uso en estudios anal\u00edticos, de receptores o farmacol\u00f3gicos.<\/p>\n<\/li>\n<li data-start=\"7747\" data-end=\"7797\">\n<p data-start=\"7749\" data-end=\"7797\">Registre la identificaci\u00f3n del pellet, la concentraci\u00f3n y el volumen de disoluci\u00f3n.<\/p>\n<\/li>\n<\/ul>\n<\/li>\n<li data-start=\"7799\" data-end=\"7975\">\n<p data-start=\"7802\" data-end=\"7829\"><strong data-start=\"7802\" data-end=\"7827\">Almacenamiento y mudanza<\/strong><\/p>\n<ul data-start=\"7833\" data-end=\"7975\">\n<li data-start=\"7833\" data-end=\"7908\">\n<p data-start=\"7835\" data-end=\"7908\">Guarde los pellets no utilizados en un <strong data-start=\"7869\" data-end=\"7896\">fresco, oscuro y seco<\/strong> ambiente.<\/p>\n<\/li>\n<li data-start=\"7912\" data-end=\"7975\">\n<p data-start=\"7914\" data-end=\"7975\">Eliminar los residuos de acuerdo con las normas de seguridad qu\u00edmica. 2 fea 3 fea<\/p>\n<\/li>\n<\/ul>\n<\/li>\n<\/ol>\n<hr data-start=\"7977\" data-end=\"7980\" \/>\n<h3 data-start=\"7982\" data-end=\"8017\"><strong data-start=\"7986\" data-end=\"8015\">Preguntas frecuentes (FAQ)<\/strong><\/h3>\n<p data-start=\"8019\" data-end=\"8189\"><strong data-start=\"8019\" data-end=\"8058\">1. \u00bfQu\u00e9 contiene RC+ Newphoria Blister?<\/strong><br data-start=\"8058\" data-end=\"8061\" \/>Cada bl\u00edster contiene <strong data-start=\"8080\" data-end=\"8104\">10 pellets de investigaci\u00f3n<\/strong> con una combinaci\u00f3n de <strong data-start=\"8128\" data-end=\"8146\">2-FEA y 3-FEA<\/strong>, s\u00f3lo para pruebas de laboratorio.<\/p>\n<p data-start=\"8191\" data-end=\"8345\"><strong data-start=\"8191\" data-end=\"8239\">2. \u00bfCu\u00e1l es la pureza de los compuestos?<\/strong><br data-start=\"8239\" data-end=\"8242\" \/>El proveedor garantiza una <strong data-start=\"8272\" data-end=\"8295\">pureza de \u226598%<\/strong>, lo que garantiza confiabilidad y consistencia.<\/p>\n<p data-start=\"8347\" data-end=\"8559\"><strong data-start=\"8347\" data-end=\"8431\">3. \u00bfPuede utilizarse RC+ Newphoria Blister para uso humano o animal?<\/strong><br data-start=\"8431\" data-end=\"8434\" \/>No, este producto es <strong data-start=\"8455\" data-end=\"8504\">destinado \u00fanicamente a fines de investigaci\u00f3n<\/strong> y <strong data-start=\"8508\" data-end=\"8556\">No apto para consumo humano o animal<\/strong>.<\/p>","protected":false},"excerpt":{"rendered":"<p><strong>N\u00famero CAS<\/strong>: 1780004-19-4<br \/>\n<strong>F\u00f3rmula<\/strong>:C11H16FN<br \/>\n<strong>Masa molar<\/strong>: 181,25 g\/mol<br \/>\n<strong>Pureza<\/strong>: \u226598%<\/p>","protected":false},"featured_media":21160,"comment_status":"closed","ping_status":"closed","template":"","meta":[],"product_brand":[82],"product_cat":[555],"product_tag":[757,755,753,756,326],"class_list":{"0":"post-24111","1":"product","2":"type-product","3":"status-publish","4":"has-post-thumbnail","6":"product_brand-research-chemical","7":"product_cat-b2b","8":"product_tag-2-3-fea-ervaringen","9":"product_tag-2-fea-3-fea","10":"product_tag-2-3-fea-pellets","11":"product_tag-2-3-fea","12":"product_tag-nl","14":"first","15":"instock","16":"taxable","17":"shipping-taxable","18":"purchasable","19":"product-type-variable"},"_links":{"self":[{"href":"https:\/\/onderzoekschemicals.com\/es\/wp-json\/wp\/v2\/product\/24111","targetHints":{"allow":["GET"]}}],"collection":[{"href":"https:\/\/onderzoekschemicals.com\/es\/wp-json\/wp\/v2\/product"}],"about":[{"href":"https:\/\/onderzoekschemicals.com\/es\/wp-json\/wp\/v2\/types\/product"}],"replies":[{"embeddable":true,"href":"https:\/\/onderzoekschemicals.com\/es\/wp-json\/wp\/v2\/comments?post=24111"}],"version-history":[{"count":4,"href":"https:\/\/onderzoekschemicals.com\/es\/wp-json\/wp\/v2\/product\/24111\/revisions"}],"predecessor-version":[{"id":27876,"href":"https:\/\/onderzoekschemicals.com\/es\/wp-json\/wp\/v2\/product\/24111\/revisions\/27876"}],"wp:featuredmedia":[{"embeddable":true,"href":"https:\/\/onderzoekschemicals.com\/es\/wp-json\/wp\/v2\/media\/21160"}],"wp:attachment":[{"href":"https:\/\/onderzoekschemicals.com\/es\/wp-json\/wp\/v2\/media?parent=24111"}],"wp:term":[{"taxonomy":"product_brand","embeddable":true,"href":"https:\/\/onderzoekschemicals.com\/es\/wp-json\/wp\/v2\/product_brand?post=24111"},{"taxonomy":"product_cat","embeddable":true,"href":"https:\/\/onderzoekschemicals.com\/es\/wp-json\/wp\/v2\/product_cat?post=24111"},{"taxonomy":"product_tag","embeddable":true,"href":"https:\/\/onderzoekschemicals.com\/es\/wp-json\/wp\/v2\/product_tag?post=24111"}],"curies":[{"name":"gracias","href":"https:\/\/api.w.org\/{rel}","templated":true}]}}