{"id":23975,"date":"2025-04-13T17:40:48","date_gmt":"2025-04-13T17:40:48","guid":{"rendered":"https:\/\/onderzoekschemicals.com\/?post_type=product&#038;p=23975"},"modified":"2025-11-28T07:11:00","modified_gmt":"2025-11-28T07:11:00","slug":"2-perdigones-mmc","status":"publish","type":"product","link":"https:\/\/onderzoekschemicals.com\/es\/comercio\/comprar-2-mmc\/2-perdigones-mmc\/","title":{"rendered":"Gr\u00e1nulos de 2-MMC de 220 mg"},"content":{"rendered":"<h3 data-start=\"558\" data-end=\"577\"><strong data-start=\"562\" data-end=\"577\">Introducci\u00f3n<\/strong><\/h3>\n<p data-start=\"579\" data-end=\"915\"><strong data-start=\"579\" data-end=\"602\">Gr\u00e1nulos de 2-MMC de 220 mg<\/strong> son <strong data-start=\"608\" data-end=\"655\">sustancias de investigaci\u00f3n de grado de laboratorio<\/strong>, dise\u00f1ado para <strong data-start=\"672\" data-end=\"728\">investigaci\u00f3n cient\u00edfica, anal\u00edtica y forense<\/strong>. Perdigones de 2 mmc<br data-start=\"729\" data-end=\"732\" \/>Cada pellet contiene <strong data-start=\"750\" data-end=\"772\">220 miligramos (mg)<\/strong> <strong data-start=\"773\" data-end=\"805\">2-Metilmetcatinona (2-MMC)<\/strong> \u2013 un compuesto sint\u00e9tico de la <strong data-start=\"843\" data-end=\"861\">clase de catinona<\/strong>, estructuralmente relacionada con otras \u03b2-cetoanfetaminas.<\/p>\n<p data-start=\"917\" data-end=\"1172\">Producido de acuerdo a <strong data-start=\"938\" data-end=\"972\">Buenas Pr\u00e1cticas de Laboratorio (BPL)<\/strong>-est\u00e1ndares, estos pellets proporcionan <strong data-start=\"1001\" data-end=\"1020\">\u226599% pureza<\/strong>, <strong data-start=\"1022\" data-end=\"1047\">estabilidad qu\u00edmica<\/strong> y <strong data-start=\"1051\" data-end=\"1073\">consistencia del lote<\/strong>.<br data-start=\"1074\" data-end=\"1077\" \/>Son ideales para <strong data-start=\"1097\" data-end=\"1169\">Qu\u00edmica anal\u00edtica, an\u00e1lisis estructurales y aplicaciones forenses<\/strong>.<\/p>\n<blockquote data-start=\"1174\" data-end=\"1318\">\n<p data-start=\"1176\" data-end=\"1318\">\u26a0\ufe0f <strong data-start=\"1179\" data-end=\"1190\">N\u00d3TESE BIEN:<\/strong> Este producto es <strong data-start=\"1206\" data-end=\"1256\">destinado \u00fanicamente a investigaci\u00f3n de laboratorio<\/strong> y <strong data-start=\"1260\" data-end=\"1317\">No apto para consumo humano ni animal<\/strong>.<\/p>\n<\/blockquote>\n<hr data-start=\"1320\" data-end=\"1323\" \/>\n<h3 data-start=\"1325\" data-end=\"1356\"><strong data-start=\"1329\" data-end=\"1356\">Caracter\u00edsticas principales<\/strong><\/h3>\n<ul data-start=\"1358\" data-end=\"1960\">\n<li data-start=\"1358\" data-end=\"1470\">\n<p data-start=\"1360\" data-end=\"1470\"><strong data-start=\"1360\" data-end=\"1392\">Alta pureza anal\u00edtica:<\/strong> Pureza \u226599%, probada por m\u00e9todos cromatogr\u00e1ficos y espectrosc\u00f3picos.<\/p>\n<\/li>\n<li data-start=\"1471\" data-end=\"1573\">\n<p data-start=\"1473\" data-end=\"1573\"><strong data-start=\"1473\" data-end=\"1493\">Dosis exacta:<\/strong> Cada pellet contiene <strong data-start=\"1512\" data-end=\"1527\">220 mg de 2-MMC<\/strong>, lo que garantiza resultados reproducibles.<\/p>\n<\/li>\n<li data-start=\"1574\" data-end=\"1668\">\n<p data-start=\"1576\" data-end=\"1668\"><strong data-start=\"1576\" data-end=\"1597\">Qu\u00edmicamente estable:<\/strong> Dise\u00f1ado para una vida \u00fatil prolongada en condiciones de almacenamiento adecuadas.<\/p>\n<\/li>\n<li data-start=\"1669\" data-end=\"1775\">\n<p data-start=\"1671\" data-end=\"1775\"><strong data-start=\"1671\" data-end=\"1705\">Producci\u00f3n certificada GLP:<\/strong> Fabricado bajo estrictas normas <strong data-start=\"1732\" data-end=\"1760\">Buenas pr\u00e1cticas de laboratorio<\/strong>-pautas.<\/p>\n<\/li>\n<li data-start=\"1776\" data-end=\"1865\">\n<p data-start=\"1778\" data-end=\"1865\"><strong data-start=\"1778\" data-end=\"1795\">Lote probado:<\/strong> Se comprob\u00f3 la identidad, estructura y composici\u00f3n de cada lote.<\/p>\n<\/li>\n<li data-start=\"1866\" data-end=\"1960\">\n<p data-start=\"1868\" data-end=\"1960\"><strong data-start=\"1868\" data-end=\"1891\">Embalaje seguro:<\/strong> Contenedores herm\u00e9ticos y resistentes a la humedad para una protecci\u00f3n \u00f3ptima.<\/p>\n<\/li>\n<\/ul>\n<hr data-start=\"1962\" data-end=\"1965\" \/>\n<h3 data-start=\"1967\" data-end=\"1984\"><strong data-start=\"1971\" data-end=\"1984\">Ventajas<\/strong><\/h3>\n<ol data-start=\"1986\" data-end=\"2434\">\n<li data-start=\"1986\" data-end=\"2088\">\n<p data-start=\"1989\" data-end=\"2088\"><strong data-start=\"1989\" data-end=\"2026\">Resultados de investigaci\u00f3n fiables:<\/strong> La alta pureza garantiza datos consistentes y precisos.<\/p>\n<\/li>\n<li data-start=\"2089\" data-end=\"2164\">\n<p data-start=\"2092\" data-end=\"2164\"><strong data-start=\"2092\" data-end=\"2119\">Estabilidad a largo plazo:<\/strong> Resistente a la descomposici\u00f3n si se almacena correctamente.<\/p>\n<\/li>\n<li data-start=\"2165\" data-end=\"2255\">\n<p data-start=\"2168\" data-end=\"2255\"><strong data-start=\"2168\" data-end=\"2190\">Manipulaci\u00f3n segura:<\/strong> La forma de pellet minimiza el riesgo de contaminaci\u00f3n durante su uso.<\/p>\n<\/li>\n<li data-start=\"2256\" data-end=\"2336\">\n<p data-start=\"2259\" data-end=\"2336\"><strong data-start=\"2259\" data-end=\"2283\">Dosis simple:<\/strong> 220 mg por pellet para m\u00e1xima precisi\u00f3n de medici\u00f3n.<\/p>\n<\/li>\n<li data-start=\"2337\" data-end=\"2434\">\n<p data-start=\"2340\" data-end=\"2434\"><strong data-start=\"2340\" data-end=\"2368\">Calidad profesional:<\/strong> Adecuado para <strong data-start=\"2383\" data-end=\"2431\">investigaci\u00f3n anal\u00edtica, qu\u00edmica y forense<\/strong>.<\/p>\n<\/li>\n<\/ol>\n<hr data-start=\"2436\" data-end=\"2439\" \/>\n<h3 data-start=\"2441\" data-end=\"2480\"><strong data-start=\"2445\" data-end=\"2480\">Uso (solo para investigaci\u00f3n)<\/strong><\/h3>\n<ol data-start=\"2482\" data-end=\"2853\">\n<li data-start=\"2482\" data-end=\"2568\">\n<p data-start=\"2485\" data-end=\"2568\"><strong data-start=\"2485\" data-end=\"2515\">Use ropa protectora<\/strong> como guantes, gafas de seguridad y bata de laboratorio.<\/p>\n<\/li>\n<li data-start=\"2569\" data-end=\"2640\">\n<p data-start=\"2572\" data-end=\"2640\"><strong data-start=\"2572\" data-end=\"2614\">Utilice instrumentos de medici\u00f3n calibrados<\/strong> para obtener resultados exactos.<\/p>\n<\/li>\n<li data-start=\"2641\" data-end=\"2706\">\n<p data-start=\"2644\" data-end=\"2706\"><strong data-start=\"2644\" data-end=\"2682\">Registrar informaci\u00f3n de lotes y muestras<\/strong> para trazabilidad.<\/p>\n<\/li>\n<li data-start=\"2707\" data-end=\"2774\">\n<p data-start=\"2710\" data-end=\"2774\"><strong data-start=\"2710\" data-end=\"2728\">Ejecutar pruebas<\/strong> en un entorno de laboratorio controlado.<\/p>\n<\/li>\n<li data-start=\"2775\" data-end=\"2853\">\n<p data-start=\"2778\" data-end=\"2853\"><strong data-start=\"2778\" data-end=\"2804\">Eliminar residuos<\/strong> de acuerdo con las normas de seguridad y medio ambiente aplicables.<\/p>\n<\/li>\n<\/ol>\n<blockquote data-start=\"2855\" data-end=\"2972\">\n<p data-start=\"2857\" data-end=\"2972\">\u2697\ufe0f <strong data-start=\"2860\" data-end=\"2972\">S\u00f3lo para investigaci\u00f3n cient\u00edfica y anal\u00edtica. No para consumo humano ni animal.<\/strong><\/p>\n<\/blockquote>\n<hr data-start=\"2974\" data-end=\"2977\" \/>\n<h3 data-start=\"2979\" data-end=\"3004\"><strong data-start=\"2983\" data-end=\"3004\">Instrucciones de almacenamiento<\/strong><\/h3>\n<ul data-start=\"3006\" data-end=\"3234\">\n<li data-start=\"3006\" data-end=\"3074\">\n<p data-start=\"3008\" data-end=\"3074\">Ahorra en <strong data-start=\"3019\" data-end=\"3028\">2\u20138 \u00b0C<\/strong>, en un <strong data-start=\"3037\" data-end=\"3071\">lugar fresco, seco y oscuro<\/strong>.<\/p>\n<\/li>\n<li data-start=\"3075\" data-end=\"3144\">\n<p data-start=\"3077\" data-end=\"3144\">Conservar el contenedor <strong data-start=\"3095\" data-end=\"3114\">bien cerrado<\/strong> para evitar la contaminaci\u00f3n.<\/p>\n<\/li>\n<li data-start=\"3145\" data-end=\"3191\">\n<p data-start=\"3147\" data-end=\"3191\">Proteger contra <strong data-start=\"3162\" data-end=\"3188\">luz, calor y humedad<\/strong>.<\/p>\n<\/li>\n<li data-start=\"3192\" data-end=\"3234\">\n<p data-start=\"3194\" data-end=\"3234\">Mantener fuera del alcance de personas no autorizadas.<\/p>\n<\/li>\n<\/ul>\n<hr data-start=\"3236\" data-end=\"3239\" \/>\n<h3 data-start=\"3241\" data-end=\"3276\"><strong data-start=\"3245\" data-end=\"3276\">Preguntas frecuentes (FAQ)<\/strong><\/h3>\n<p data-start=\"3278\" data-end=\"3478\"><strong data-start=\"3278\" data-end=\"3321\">1. \u00bfPara qu\u00e9 se utiliza el 2-MMC 220 mg?<\/strong><br data-start=\"3321\" data-end=\"3324\" \/>Los pellets de 2-MMC de 220 mg se utilizan para <strong data-start=\"3365\" data-end=\"3403\">investigaci\u00f3n anal\u00edtica y forense<\/strong>, centrado principalmente en <strong data-start=\"3423\" data-end=\"3475\">Estudios de la estructura qu\u00edmica y derivados de la catinona<\/strong>. Perdigones de 2 mmc<\/p>\n<p data-start=\"3480\" data-end=\"3674\"><strong data-start=\"3480\" data-end=\"3532\">2. \u00bfEl 2-MMC es apto para el consumo humano?<\/strong><br data-start=\"3532\" data-end=\"3535\" \/>No. <strong data-start=\"3540\" data-end=\"3563\">Gr\u00e1nulos de 2-MMC de 220 mg<\/strong> son <strong data-start=\"3569\" data-end=\"3619\">destinado \u00fanicamente a investigaci\u00f3n de laboratorio<\/strong> y <strong data-start=\"3623\" data-end=\"3671\">No apto para consumo humano o animal<\/strong>.<\/p>\n<p data-start=\"3676\" data-end=\"3859\"><strong data-start=\"3676\" data-end=\"3709\">3. \u00bfC\u00f3mo debo almacenar el 2-MMC?<\/strong><br data-start=\"3709\" data-end=\"3712\" \/>Ahorra en <strong data-start=\"3723\" data-end=\"3732\">2\u20138 \u00b0C<\/strong>, en un <strong data-start=\"3741\" data-end=\"3775\">lugar fresco, seco y oscuro<\/strong>, en el envase herm\u00e9tico original para mantener la pureza y la estabilidad.<\/p>\n<hr data-start=\"3861\" data-end=\"3864\" \/>\n<h3 data-start=\"3866\" data-end=\"3898\"><strong data-start=\"3870\" data-end=\"3898\">Especificaciones t\u00e9cnicas<\/strong><\/h3>\n<div class=\"_tableContainer_1rjym_1\">\n<div class=\"group _tableWrapper_1rjym_13 flex w-fit flex-col-reverse\" tabindex=\"-1\">\n<table class=\"w-fit min-w-(--thread-content-width)\" data-start=\"3900\" data-end=\"4436\">\n<thead data-start=\"3900\" data-end=\"3932\">\n<tr data-start=\"3900\" data-end=\"3932\">\n<th data-start=\"3900\" data-end=\"3917\" data-col-size=\"sm\"><strong data-start=\"3902\" data-end=\"3916\">Caracter\u00edstica<\/strong><\/th>\n<th data-start=\"3917\" data-end=\"3932\" data-col-size=\"sm\"><strong data-start=\"3919\" data-end=\"3930\">Detalles<\/strong><\/th>\n<\/tr>\n<\/thead>\n<tbody data-start=\"3967\" data-end=\"4436\">\n<tr data-start=\"3967\" data-end=\"4008\">\n<td data-start=\"3967\" data-end=\"3985\" data-col-size=\"sm\"><strong data-start=\"3969\" data-end=\"3984\">Nombre del producto<\/strong><\/td>\n<td data-start=\"3985\" data-end=\"4008\" data-col-size=\"sm\">Gr\u00e1nulos de 2-MMC de 220 mg<\/td>\n<\/tr>\n<tr data-start=\"4009\" data-end=\"4054\">\n<td data-start=\"4009\" data-end=\"4030\" data-col-size=\"sm\"><strong data-start=\"4011\" data-end=\"4029\">Nombre qu\u00edmico<\/strong><\/td>\n<td data-start=\"4030\" data-end=\"4054\" data-col-size=\"sm\">2-Metilmetcatinona<\/td>\n<\/tr>\n<tr data-start=\"4055\" data-end=\"4091\">\n<td data-start=\"4055\" data-end=\"4079\" data-col-size=\"sm\"><strong data-start=\"4057\" data-end=\"4078\">F\u00f3rmula qu\u00edmica<\/strong><\/td>\n<td data-start=\"4079\" data-end=\"4091\" data-col-size=\"sm\">C11H15NO<\/td>\n<\/tr>\n<tr data-start=\"4092\" data-end=\"4130\">\n<td data-start=\"4092\" data-end=\"4114\" data-col-size=\"sm\"><strong data-start=\"4094\" data-end=\"4113\">Peso molecular<\/strong><\/td>\n<td data-start=\"4114\" data-end=\"4130\" data-col-size=\"sm\">177,24 g\/mol<\/td>\n<\/tr>\n<tr data-start=\"4131\" data-end=\"4166\">\n<td data-start=\"4131\" data-end=\"4157\" data-col-size=\"sm\"><strong data-start=\"4133\" data-end=\"4156\">Dosis por pellet<\/strong><\/td>\n<td data-start=\"4157\" data-end=\"4166\" data-col-size=\"sm\">220 mg<\/td>\n<\/tr>\n<tr data-start=\"4167\" data-end=\"4216\">\n<td data-start=\"4167\" data-end=\"4184\" data-col-size=\"sm\"><strong data-start=\"4169\" data-end=\"4183\">Pureza<\/strong><\/td>\n<td data-start=\"4184\" data-end=\"4216\" data-col-size=\"sm\">\u226599% (Calidad anal\u00edtica)<\/td>\n<\/tr>\n<tr data-start=\"4217\" data-end=\"4272\">\n<td data-start=\"4217\" data-end=\"4240\" data-col-size=\"sm\"><strong data-start=\"4219\" data-end=\"4239\">Clase qu\u00edmica<\/strong><\/td>\n<td data-start=\"4240\" data-end=\"4272\" data-col-size=\"sm\">Catinona \/ \u03b2-cetoanfetamina<\/td>\n<\/tr>\n<tr data-start=\"4273\" data-end=\"4333\">\n<td data-start=\"4273\" data-end=\"4290\" data-col-size=\"sm\"><strong data-start=\"4275\" data-end=\"4289\">Solicitud<\/strong><\/td>\n<td data-start=\"4290\" data-end=\"4333\" data-col-size=\"sm\">Investigaci\u00f3n cient\u00edfica\/anal\u00edtica<\/td>\n<\/tr>\n<tr data-start=\"4334\" data-end=\"4381\">\n<td data-start=\"4334\" data-end=\"4356\" data-col-size=\"sm\"><strong data-start=\"4336\" data-end=\"4355\">Condiciones de almacenamiento<\/strong><\/td>\n<td data-start=\"4356\" data-end=\"4381\" data-col-size=\"sm\">2\u20138 \u00b0C, seco y oscuro<\/td>\n<\/tr>\n<tr data-start=\"4382\" data-end=\"4436\">\n<td data-start=\"4382\" data-end=\"4399\" data-col-size=\"sm\"><strong data-start=\"4384\" data-end=\"4398\">Embalaje<\/strong><\/td>\n<td data-start=\"4399\" data-end=\"4436\" data-col-size=\"sm\">Recipiente herm\u00e9tico y sellado<\/td>\n<\/tr>\n<\/tbody>\n<\/table>\n<\/div>\n<\/div>\n<hr data-start=\"4438\" data-end=\"4441\" \/>\n<h3 data-start=\"4443\" data-end=\"4460\"><strong data-start=\"4447\" data-end=\"4460\">Conclusi\u00f3n<\/strong><\/h3>\n<p data-start=\"4462\" data-end=\"4782\"><strong data-start=\"4462\" data-end=\"4485\">Gr\u00e1nulos de 2-MMC de 220 mg<\/strong> son <strong data-start=\"4491\" data-end=\"4537\">Sustancias de investigaci\u00f3n de la m\u00e1s alta calidad<\/strong>, desarrollado para <strong data-start=\"4555\" data-end=\"4607\">investigaci\u00f3n anal\u00edtica y forense profesional<\/strong>.<br data-start=\"4608\" data-end=\"4611\" \/>Gracias a ellos <strong data-start=\"4623\" data-end=\"4674\">estabilidad, pureza y dosificaci\u00f3n precisa<\/strong> Son ideales para laboratorios que trabajan con <strong data-start=\"4732\" data-end=\"4779\">an\u00e1lisis qu\u00edmicos de compuestos de catinona<\/strong>.<\/p>","protected":false},"excerpt":{"rendered":"<h2><span dir=\"auto\" style=\"vertical-align: inherit;\"><span dir=\"auto\" style=\"vertical-align: inherit;\"><span dir=\"auto\" style=\"vertical-align: inherit;\"><span dir=\"auto\" style=\"vertical-align: inherit;\">Propiedades de 2-MMC<\/span><\/span><\/span><\/span><\/h2>\n<p><strong><span dir=\"auto\" style=\"vertical-align: inherit;\"><span dir=\"auto\" style=\"vertical-align: inherit;\"><span dir=\"auto\" style=\"vertical-align: inherit;\"><span dir=\"auto\" style=\"vertical-align: inherit;\">N\u00famero CAS<\/span><\/span><\/span><\/span><\/strong><span dir=\"auto\" style=\"vertical-align: inherit;\"><span dir=\"auto\" style=\"vertical-align: inherit;\"><span dir=\"auto\" style=\"vertical-align: inherit;\"><span dir=\"auto\" style=\"vertical-align: inherit;\"> : 1246911-71-6 <\/span><\/span><\/span><\/span><br \/>\n<strong><span dir=\"auto\" style=\"vertical-align: inherit;\"><span dir=\"auto\" style=\"vertical-align: inherit;\"><span dir=\"auto\" style=\"vertical-align: inherit;\"><span dir=\"auto\" style=\"vertical-align: inherit;\">F\u00f3rmula<\/span><\/span><\/span><\/span><\/strong><span dir=\"auto\" style=\"vertical-align: inherit;\"><span dir=\"auto\" style=\"vertical-align: inherit;\"><span dir=\"auto\" style=\"vertical-align: inherit;\"><span dir=\"auto\" style=\"vertical-align: inherit;\"> : C11h15NO \u2022 HCl <\/span><\/span><\/span><\/span><br \/>\n<strong><span dir=\"auto\" style=\"vertical-align: inherit;\"><span dir=\"auto\" style=\"vertical-align: inherit;\"><span dir=\"auto\" style=\"vertical-align: inherit;\"><span dir=\"auto\" style=\"vertical-align: inherit;\">Masa molar<\/span><\/span><\/span><\/span><\/strong><span dir=\"auto\" style=\"vertical-align: inherit;\"><span dir=\"auto\" style=\"vertical-align: inherit;\"><span dir=\"auto\" style=\"vertical-align: inherit;\"><span dir=\"auto\" style=\"vertical-align: inherit;\"> : 177.247 <\/span><\/span><\/span><\/span><br \/>\n<strong><span dir=\"auto\" style=\"vertical-align: inherit;\"><span dir=\"auto\" style=\"vertical-align: inherit;\"><span dir=\"auto\" style=\"vertical-align: inherit;\"><span dir=\"auto\" style=\"vertical-align: inherit;\">Pureza<\/span><\/span><\/span><\/span><\/strong><span dir=\"auto\" style=\"vertical-align: inherit;\"><span dir=\"auto\" style=\"vertical-align: inherit;\"><span dir=\"auto\" style=\"vertical-align: inherit;\"><span dir=\"auto\" style=\"vertical-align: inherit;\"> : \u226599%<\/span><\/span><\/span><\/span><\/p>","protected":false},"featured_media":29200,"comment_status":"closed","ping_status":"closed","template":"","meta":[],"product_brand":[82],"product_cat":[372,463,322,79,324],"product_tag":[83,679,652,678,326],"class_list":{"0":"post-23975","1":"product","2":"type-product","3":"status-publish","4":"has-post-thumbnail","6":"product_brand-research-chemical","7":"product_cat-2-mmc-kopen","8":"product_cat-2-mmc-pellets","9":"product_cat-bijna-verboden","10":"product_cat-cathinonen","11":"product_cat-pellets-for-pellet","12":"product_tag-2-mmc-kopen","13":"product_tag-2-mmc-pellets","14":"product_tag-2-mmc-pellets-kopen","15":"product_tag-2mmc-pellets","16":"product_tag-nl","18":"first","19":"instock","20":"taxable","21":"shipping-taxable","22":"purchasable","23":"product-type-variable"},"_links":{"self":[{"href":"https:\/\/onderzoekschemicals.com\/es\/wp-json\/wp\/v2\/product\/23975","targetHints":{"allow":["GET"]}}],"collection":[{"href":"https:\/\/onderzoekschemicals.com\/es\/wp-json\/wp\/v2\/product"}],"about":[{"href":"https:\/\/onderzoekschemicals.com\/es\/wp-json\/wp\/v2\/types\/product"}],"replies":[{"embeddable":true,"href":"https:\/\/onderzoekschemicals.com\/es\/wp-json\/wp\/v2\/comments?post=23975"}],"version-history":[{"count":5,"href":"https:\/\/onderzoekschemicals.com\/es\/wp-json\/wp\/v2\/product\/23975\/revisions"}],"predecessor-version":[{"id":25526,"href":"https:\/\/onderzoekschemicals.com\/es\/wp-json\/wp\/v2\/product\/23975\/revisions\/25526"}],"wp:featuredmedia":[{"embeddable":true,"href":"https:\/\/onderzoekschemicals.com\/es\/wp-json\/wp\/v2\/media\/29200"}],"wp:attachment":[{"href":"https:\/\/onderzoekschemicals.com\/es\/wp-json\/wp\/v2\/media?parent=23975"}],"wp:term":[{"taxonomy":"product_brand","embeddable":true,"href":"https:\/\/onderzoekschemicals.com\/es\/wp-json\/wp\/v2\/product_brand?post=23975"},{"taxonomy":"product_cat","embeddable":true,"href":"https:\/\/onderzoekschemicals.com\/es\/wp-json\/wp\/v2\/product_cat?post=23975"},{"taxonomy":"product_tag","embeddable":true,"href":"https:\/\/onderzoekschemicals.com\/es\/wp-json\/wp\/v2\/product_tag?post=23975"}],"curies":[{"name":"gracias","href":"https:\/\/api.w.org\/{rel}","templated":true}]}}