{"id":23878,"date":"2025-04-13T17:40:36","date_gmt":"2025-04-13T17:40:36","guid":{"rendered":"https:\/\/onderzoekschemicals.com\/?post_type=product&#038;p=23878"},"modified":"2025-11-28T07:28:30","modified_gmt":"2025-11-28T07:28:30","slug":"hxe-hydroxetamine","status":"publish","type":"product","link":"https:\/\/onderzoekschemicals.com\/es\/shop\/arylcyclohexylamine\/hxe-hydroxetamine\/","title":{"rendered":"HXE (Hidroxetamina)"},"content":{"rendered":"<p data-start=\"6163\" data-end=\"6541\"><strong data-start=\"6163\" data-end=\"6186\">HXE (Hidroxetamina)<\/strong>, tambi\u00e9n conocido como <strong data-start=\"6203\" data-end=\"6226\">3-Hidroxi-2-oxo-PCE<\/strong>, es un <strong data-start=\"6235\" data-end=\"6293\">sustancia de investigaci\u00f3n disociativa de calidad anal\u00edtica<\/strong> que pertenece a la <strong data-start=\"6313\" data-end=\"6342\">clase de arilciclohexilamina<\/strong>.HXE<br data-start=\"6343\" data-end=\"6346\" \/>Est\u00e1 estructuralmente relacionado con <strong data-start=\"6377\" data-end=\"6386\">O-PCE<\/strong> y <strong data-start=\"6390\" data-end=\"6402\">ketamina<\/strong>, pero se distingue por una <strong data-start=\"6436\" data-end=\"6468\">grupo hidroxi en la posici\u00f3n 3<\/strong>, lo que afecta sus propiedades qu\u00edmicas y su perfil de uni\u00f3n.<\/p>\n<p data-start=\"6543\" data-end=\"6821\">HXE se utiliza en <strong data-start=\"6565\" data-end=\"6620\">Investigaci\u00f3n forense, anal\u00edtica y de uni\u00f3n a receptores<\/strong>, especialmente en el estudio de <strong data-start=\"6649\" data-end=\"6681\">an\u00e1logos de arilciclohexilamina<\/strong>.<br data-start=\"6682\" data-end=\"6685\" \/>Producido bajo <strong data-start=\"6704\" data-end=\"6738\">Buenas Pr\u00e1cticas de Laboratorio (BPL)<\/strong>, garantiza una <strong data-start=\"6759\" data-end=\"6782\">pureza de \u226599%<\/strong> y resultados de investigaci\u00f3n consistentes.<\/p>\n<blockquote data-start=\"6823\" data-end=\"6967\">\n<p data-start=\"6825\" data-end=\"6967\">\u26a0\ufe0f <strong data-start=\"6828\" data-end=\"6839\">N\u00d3TESE BIEN:<\/strong> Este producto es <strong data-start=\"6855\" data-end=\"6905\">destinado \u00fanicamente a investigaci\u00f3n de laboratorio<\/strong> y <strong data-start=\"6909\" data-end=\"6966\">No apto para consumo humano ni animal<\/strong>.<\/p>\n<\/blockquote>\n<hr data-start=\"6969\" data-end=\"6972\" \/>\n<h3 data-start=\"6974\" data-end=\"7005\"><strong data-start=\"6978\" data-end=\"7005\">Caracter\u00edsticas principales<\/strong><\/h3>\n<ul data-start=\"7007\" data-end=\"7510\">\n<li data-start=\"7007\" data-end=\"7108\">\n<p data-start=\"7009\" data-end=\"7108\"><strong data-start=\"7009\" data-end=\"7041\">Alta pureza anal\u00edtica:<\/strong> \u226599%, probado por m\u00e9todos cromatogr\u00e1ficos y espectrosc\u00f3picos.<\/p>\n<\/li>\n<li data-start=\"7109\" data-end=\"7189\">\n<p data-start=\"7111\" data-end=\"7189\"><strong data-start=\"7111\" data-end=\"7144\">Derivado de arilciclohexilamina:<\/strong> Estructuralmente relacionado con la ketamina y el O-PCE.<\/p>\n<\/li>\n<li data-start=\"7190\" data-end=\"7256\">\n<p data-start=\"7192\" data-end=\"7256\"><strong data-start=\"7192\" data-end=\"7213\">Qu\u00edmicamente estable:<\/strong> Resistente a la descomposici\u00f3n cuando se almacena adecuadamente.<\/p>\n<\/li>\n<li data-start=\"7257\" data-end=\"7342\">\n<p data-start=\"7259\" data-end=\"7342\"><strong data-start=\"7259\" data-end=\"7277\">Producci\u00f3n de GLP:<\/strong> Producido de acuerdo a <strong data-start=\"7299\" data-end=\"7327\">Buenas pr\u00e1cticas de laboratorio<\/strong>-pautas.<\/p>\n<\/li>\n<li data-start=\"7343\" data-end=\"7432\">\n<p data-start=\"7345\" data-end=\"7432\"><strong data-start=\"7345\" data-end=\"7362\">Lote probado:<\/strong> Cada lote se verifica en cuanto a identidad, pureza y consistencia.<\/p>\n<\/li>\n<li data-start=\"7433\" data-end=\"7510\">\n<p data-start=\"7435\" data-end=\"7510\"><strong data-start=\"7435\" data-end=\"7458\">Embalaje seguro:<\/strong> Herm\u00e9tico y sellado para mantener la calidad.<\/p>\n<\/li>\n<\/ul>\n<hr data-start=\"7512\" data-end=\"7515\" \/>\n<h3 data-start=\"7517\" data-end=\"7534\"><strong data-start=\"7521\" data-end=\"7534\">Ventajas<\/strong><\/h3>\n<ol data-start=\"7536\" data-end=\"7981\">\n<li data-start=\"7536\" data-end=\"7623\">\n<p data-start=\"7539\" data-end=\"7623\"><strong data-start=\"7539\" data-end=\"7576\">Resultados de investigaci\u00f3n fiables:<\/strong> La alta pureza garantiza datos precisos.<\/p>\n<\/li>\n<li data-start=\"7624\" data-end=\"7719\">\n<p data-start=\"7627\" data-end=\"7719\"><strong data-start=\"7627\" data-end=\"7647\">Ampliamente aplicable:<\/strong> Adecuado para <strong data-start=\"7662\" data-end=\"7716\">cromatograf\u00eda, espectroscopia e investigaci\u00f3n de receptores<\/strong>.<\/p>\n<\/li>\n<li data-start=\"7720\" data-end=\"7800\">\n<p data-start=\"7723\" data-end=\"7800\"><strong data-start=\"7723\" data-end=\"7750\">Estabilidad a largo plazo:<\/strong> Resistente a la luz y la humedad si se almacena adecuadamente.<\/p>\n<\/li>\n<li data-start=\"7801\" data-end=\"7895\">\n<p data-start=\"7804\" data-end=\"7895\"><strong data-start=\"7804\" data-end=\"7833\">Aplicaciones forenses:<\/strong> Utilizado en <strong data-start=\"7853\" data-end=\"7892\">investigaci\u00f3n toxicol\u00f3gica y qu\u00edmica<\/strong>.<\/p>\n<\/li>\n<li data-start=\"7896\" data-end=\"7981\">\n<p data-start=\"7899\" data-end=\"7981\"><strong data-start=\"7899\" data-end=\"7927\">Calidad profesional:<\/strong> Dise\u00f1ado para su uso en laboratorios avanzados.<\/p>\n<\/li>\n<\/ol>\n<hr data-start=\"7983\" data-end=\"7986\" \/>\n<h3 data-start=\"7988\" data-end=\"8027\"><strong data-start=\"7992\" data-end=\"8027\">Uso (solo para investigaci\u00f3n)<\/strong><\/h3>\n<ol data-start=\"8029\" data-end=\"8437\">\n<li data-start=\"8029\" data-end=\"8116\">\n<p data-start=\"8032\" data-end=\"8116\"><strong data-start=\"8032\" data-end=\"8063\">Use ropa protectora:<\/strong> Se requieren guantes, gafas de seguridad y bata de laboratorio.<\/p>\n<\/li>\n<li data-start=\"8117\" data-end=\"8205\">\n<p data-start=\"8120\" data-end=\"8205\"><strong data-start=\"8120\" data-end=\"8156\">Trabajar en un entorno controlado:<\/strong> Por ejemplo, en una campana extractora de gases o en un banco de trabajo esterilizado.<\/p>\n<\/li>\n<li data-start=\"8206\" data-end=\"8265\">\n<p data-start=\"8209\" data-end=\"8265\"><strong data-start=\"8209\" data-end=\"8229\">Medir con precisi\u00f3n:<\/strong> Utilice equipo calibrado.<\/p>\n<\/li>\n<li data-start=\"8266\" data-end=\"8345\">\n<p data-start=\"8269\" data-end=\"8345\"><strong data-start=\"8269\" data-end=\"8296\">Nota sobre la informaci\u00f3n del lote:<\/strong> Registre el n\u00famero de lote y las condiciones de prueba.<\/p>\n<\/li>\n<li data-start=\"8346\" data-end=\"8437\">\n<p data-start=\"8349\" data-end=\"8437\"><strong data-start=\"8349\" data-end=\"8382\">Deseche los residuos de forma segura:<\/strong> Siga las pautas de seguridad del laboratorio.<\/p>\n<\/li>\n<\/ol>\n<blockquote data-start=\"8439\" data-end=\"8524\">\n<p data-start=\"8441\" data-end=\"8524\">\u2697\ufe0f <strong data-start=\"8444\" data-end=\"8524\">S\u00f3lo para pruebas de laboratorio, no para consumo humano.<\/strong><\/p>\n<\/blockquote>\n<hr data-start=\"8526\" data-end=\"8529\" \/>\n<h3 data-start=\"8531\" data-end=\"8556\"><strong data-start=\"8535\" data-end=\"8556\">Instrucciones de almacenamiento<\/strong><\/h3>\n<ul data-start=\"8558\" data-end=\"8769\">\n<li data-start=\"8558\" data-end=\"8626\">\n<p data-start=\"8560\" data-end=\"8626\">Ahorra en <strong data-start=\"8571\" data-end=\"8580\">2\u20138 \u00b0C<\/strong>, en un <strong data-start=\"8589\" data-end=\"8623\">lugar fresco, seco y oscuro<\/strong>.<\/p>\n<\/li>\n<li data-start=\"8627\" data-end=\"8663\">\n<p data-start=\"8629\" data-end=\"8663\">Mantener el recipiente perfectamente cerrado.<\/p>\n<\/li>\n<li data-start=\"8664\" data-end=\"8709\">\n<p data-start=\"8666\" data-end=\"8709\">Proteger contra <strong data-start=\"8681\" data-end=\"8706\">luz, humedad y calor<\/strong>.<\/p>\n<\/li>\n<li data-start=\"8710\" data-end=\"8769\">\n<p data-start=\"8712\" data-end=\"8769\">Accesible \u00fanicamente a personal autorizado del laboratorio.<\/p>\n<\/li>\n<\/ul>\n<hr data-start=\"8771\" data-end=\"8774\" \/>\n<h3 data-start=\"8776\" data-end=\"8811\"><strong data-start=\"8780\" data-end=\"8811\">Preguntas frecuentes (FAQ)<\/strong><\/h3>\n<p data-start=\"8813\" data-end=\"9027\"><strong data-start=\"8813\" data-end=\"8864\">1. \u00bfPara qu\u00e9 se utiliza la HXE (hidroxetamina)?<\/strong><br data-start=\"8864\" data-end=\"8867\" \/>HXE se utiliza para <strong data-start=\"8891\" data-end=\"8929\">investigaci\u00f3n anal\u00edtica y forense<\/strong>, especialmente en <strong data-start=\"8943\" data-end=\"8987\">estudios estructurales y de uni\u00f3n al receptor<\/strong> de compuestos de arilciclohexilamina.<\/p>\n<p data-start=\"9029\" data-end=\"9233\"><strong data-start=\"9029\" data-end=\"9079\">2. \u00bfEl HXE es apto para el consumo humano?<\/strong><br data-start=\"9079\" data-end=\"9082\" \/>No. <strong data-start=\"9087\" data-end=\"9110\">HXE (Hidroxetamina)<\/strong> es <strong data-start=\"9114\" data-end=\"9169\">destinado \u00fanicamente a la investigaci\u00f3n cient\u00edfica<\/strong> y <strong data-start=\"9173\" data-end=\"9230\">No apto para consumo humano ni animal<\/strong>.<\/p>\n<p data-start=\"9235\" data-end=\"9410\"><strong data-start=\"9235\" data-end=\"9270\">3. \u00bfC\u00f3mo se debe almacenar el HXE?<\/strong><br data-start=\"9270\" data-end=\"9273\" \/>Ahorra en un <strong data-start=\"9287\" data-end=\"9329\">Lugar fresco, seco y oscuro (2\u20138\u00b0C)<\/strong> en un <strong data-start=\"9337\" data-end=\"9363\">embalaje herm\u00e9tico<\/strong> para mantener la estabilidad y la pureza.<\/p>\n<hr data-start=\"9412\" data-end=\"9415\" \/>\n<h3 data-start=\"9417\" data-end=\"9434\"><strong data-start=\"9421\" data-end=\"9434\">Conclusi\u00f3n<\/strong><\/h3>\n<p data-start=\"9436\" data-end=\"9714\"><strong data-start=\"9436\" data-end=\"9459\">HXE (Hidroxetamina)<\/strong> es un <strong data-start=\"9467\" data-end=\"9511\">material de investigaci\u00f3n anal\u00edtico de alta calidad<\/strong> con excelente <strong data-start=\"9528\" data-end=\"9578\">estabilidad, pureza y reproducibilidad<\/strong>.<br data-start=\"9579\" data-end=\"9582\" \/>Es la elecci\u00f3n ideal para laboratorios centrados en <strong data-start=\"9642\" data-end=\"9711\">An\u00e1lisis, toxicolog\u00eda y estudios estructurales de arilciclohexilamina<\/strong>.<\/p>","protected":false},"excerpt":{"rendered":"<h3><span style=\"vertical-align: inherit;\"><span style=\"vertical-align: inherit;\"><span dir=\"auto\" style=\"vertical-align: inherit;\"><span dir=\"auto\" style=\"vertical-align: inherit;\">Propiedades de HXE<\/span><\/span><\/span><\/span><\/h3>\n<p><strong><span style=\"vertical-align: inherit;\"><span style=\"vertical-align: inherit;\"><span dir=\"auto\" style=\"vertical-align: inherit;\"><span dir=\"auto\" style=\"vertical-align: inherit;\">Sin\u00f3nimo: <\/span><\/span><\/span><\/span><\/strong> <b><span style=\"vertical-align: inherit;\"><span style=\"vertical-align: inherit;\"><span dir=\"auto\" style=\"vertical-align: inherit;\"><span dir=\"auto\" style=\"vertical-align: inherit;\">3\u2032-hidroxi-2-oxo-PCE<\/span><\/span><\/span><\/span><\/b><span style=\"vertical-align: inherit;\"><span style=\"vertical-align: inherit;\"><span dir=\"auto\" style=\"vertical-align: inherit;\"><span dir=\"auto\" style=\"vertical-align: inherit;\"> , <\/span><\/span><\/span><\/span><b><span style=\"vertical-align: inherit;\"><span style=\"vertical-align: inherit;\"><span dir=\"auto\" style=\"vertical-align: inherit;\"><span dir=\"auto\" style=\"vertical-align: inherit;\">O-desmetilmetoxetamina<\/span><\/span><\/span><\/span><\/b><span style=\"vertical-align: inherit;\"><span style=\"vertical-align: inherit;\"><span dir=\"auto\" style=\"vertical-align: inherit;\"><span dir=\"auto\" style=\"vertical-align: inherit;\"> , <\/span><\/span><\/span><\/span><b><span style=\"vertical-align: inherit;\"><span style=\"vertical-align: inherit;\"><span dir=\"auto\" style=\"vertical-align: inherit;\"><span dir=\"auto\" style=\"vertical-align: inherit;\">HXE <\/span><\/span><\/span><\/span><\/b><br \/>\n<strong><span style=\"vertical-align: inherit;\"><span style=\"vertical-align: inherit;\"><span dir=\"auto\" style=\"vertical-align: inherit;\"><span dir=\"auto\" style=\"vertical-align: inherit;\">N\u00famero CAS:<\/span><\/span><\/span><\/span><\/strong><span style=\"vertical-align: inherit;\"><span style=\"vertical-align: inherit;\"><span dir=\"auto\" style=\"vertical-align: inherit;\"><span dir=\"auto\" style=\"vertical-align: inherit;\"> 1620054-73-0 <\/span><\/span><\/span><\/span><br \/>\n<strong><span style=\"vertical-align: inherit;\"><span style=\"vertical-align: inherit;\"><span dir=\"auto\" style=\"vertical-align: inherit;\"><span dir=\"auto\" style=\"vertical-align: inherit;\">F\u00f3rmula:<\/span><\/span><\/span><\/span><\/strong><span style=\"vertical-align: inherit;\"><span style=\"vertical-align: inherit;\"><span dir=\"auto\" style=\"vertical-align: inherit;\"><span dir=\"auto\" style=\"vertical-align: inherit;\"> C14H19NO2 <\/span><\/span><\/span><\/span><br \/>\n<strong><span style=\"vertical-align: inherit;\"><span style=\"vertical-align: inherit;\"><span dir=\"auto\" style=\"vertical-align: inherit;\"><span dir=\"auto\" style=\"vertical-align: inherit;\">Masa molar:<\/span><\/span><\/span><\/span><\/strong><span style=\"vertical-align: inherit;\"><span style=\"vertical-align: inherit;\"><span dir=\"auto\" style=\"vertical-align: inherit;\"><span dir=\"auto\" style=\"vertical-align: inherit;\"> 233,311 g mol\u22121 <\/span><\/span><\/span><\/span><br \/>\n<strong><span style=\"vertical-align: inherit;\"><span style=\"vertical-align: inherit;\"><span dir=\"auto\" style=\"vertical-align: inherit;\"><span dir=\"auto\" style=\"vertical-align: inherit;\">Pureza:<\/span><\/span><\/span><\/span><\/strong><span style=\"vertical-align: inherit;\"><span style=\"vertical-align: inherit;\"><span dir=\"auto\" style=\"vertical-align: inherit;\"><span dir=\"auto\" style=\"vertical-align: inherit;\"> &gt;99%<\/span><\/span><\/span><\/span><\/p>","protected":false},"featured_media":29354,"comment_status":"closed","ping_status":"closed","template":"","meta":[],"product_brand":[],"product_cat":[71,492],"product_tag":[287,326],"class_list":{"0":"post-23878","1":"product","2":"type-product","3":"status-publish","4":"has-post-thumbnail","6":"product_cat-arylcyclohexylamine","7":"product_cat-hxe","8":"product_tag-hxe","9":"product_tag-nl","11":"first","12":"instock","13":"taxable","14":"shipping-taxable","15":"purchasable","16":"product-type-variable"},"_links":{"self":[{"href":"https:\/\/onderzoekschemicals.com\/es\/wp-json\/wp\/v2\/product\/23878","targetHints":{"allow":["GET"]}}],"collection":[{"href":"https:\/\/onderzoekschemicals.com\/es\/wp-json\/wp\/v2\/product"}],"about":[{"href":"https:\/\/onderzoekschemicals.com\/es\/wp-json\/wp\/v2\/types\/product"}],"replies":[{"embeddable":true,"href":"https:\/\/onderzoekschemicals.com\/es\/wp-json\/wp\/v2\/comments?post=23878"}],"version-history":[{"count":5,"href":"https:\/\/onderzoekschemicals.com\/es\/wp-json\/wp\/v2\/product\/23878\/revisions"}],"predecessor-version":[{"id":27929,"href":"https:\/\/onderzoekschemicals.com\/es\/wp-json\/wp\/v2\/product\/23878\/revisions\/27929"}],"wp:featuredmedia":[{"embeddable":true,"href":"https:\/\/onderzoekschemicals.com\/es\/wp-json\/wp\/v2\/media\/29354"}],"wp:attachment":[{"href":"https:\/\/onderzoekschemicals.com\/es\/wp-json\/wp\/v2\/media?parent=23878"}],"wp:term":[{"taxonomy":"product_brand","embeddable":true,"href":"https:\/\/onderzoekschemicals.com\/es\/wp-json\/wp\/v2\/product_brand?post=23878"},{"taxonomy":"product_cat","embeddable":true,"href":"https:\/\/onderzoekschemicals.com\/es\/wp-json\/wp\/v2\/product_cat?post=23878"},{"taxonomy":"product_tag","embeddable":true,"href":"https:\/\/onderzoekschemicals.com\/es\/wp-json\/wp\/v2\/product_tag?post=23878"}],"curies":[{"name":"gracias","href":"https:\/\/api.w.org\/{rel}","templated":true}]}}