{"id":23860,"date":"2025-04-13T17:40:35","date_gmt":"2025-04-13T17:40:35","guid":{"rendered":"https:\/\/onderzoekschemicals.com\/?post_type=product&#038;p=23860"},"modified":"2025-11-28T07:29:38","modified_gmt":"2025-11-28T07:29:38","slug":"3fmc-kopen","status":"publish","type":"product","link":"https:\/\/onderzoekschemicals.com\/es\/shop\/3-fmc\/3fmc-kopen\/","title":{"rendered":"3-FMC (3-fluorometcatinona)"},"content":{"rendered":"<p data-start=\"6228\" data-end=\"6589\"><strong data-start=\"6228\" data-end=\"6261\">3-FMC (3-fluorometcatinona)<\/strong> es un <strong data-start=\"6269\" data-end=\"6326\">Material de investigaci\u00f3n estimulante de calidad anal\u00edtica<\/strong>, perteneciente a la <strong data-start=\"6344\" data-end=\"6363\">clase de catinona<\/strong>.<br data-start=\"6364\" data-end=\"6367\" \/>Est\u00e1 estructuralmente relacionado con <strong data-start=\"6398\" data-end=\"6415\">metcatinona<\/strong> y otros <strong data-start=\"6426\" data-end=\"6457\">anfetaminas sustituidas<\/strong>, inmediatamente <strong data-start=\"6467\" data-end=\"6506\">sustituci\u00f3n de fl\u00faor en la posici\u00f3n 3<\/strong> del anillo fenilo, lo que afecta sus propiedades qu\u00edmicas y f\u00edsicas. Comprar 3fmc<\/p>\n<p data-start=\"6591\" data-end=\"6914\">Esta conexi\u00f3n se utiliza ampliamente en <strong data-start=\"6630\" data-end=\"6678\">investigaci\u00f3n forense, anal\u00edtica y qu\u00edmica<\/strong> para <strong data-start=\"6684\" data-end=\"6716\">calibraci\u00f3n cromatogr\u00e1fica<\/strong>, <strong data-start=\"6718\" data-end=\"6745\">investigaci\u00f3n toxicol\u00f3gica<\/strong>, y <strong data-start=\"6750\" data-end=\"6774\">an\u00e1lisis estructurales<\/strong>.<br data-start=\"6775\" data-end=\"6778\" \/>Producido bajo <strong data-start=\"6797\" data-end=\"6831\">Buenas Pr\u00e1cticas de Laboratorio (BPL)<\/strong>-directrices, proporciona una <strong data-start=\"6859\" data-end=\"6882\">pureza de \u226599%<\/strong> y excelente <strong data-start=\"6898\" data-end=\"6913\">estabilidad<\/strong>.<\/p>\n<blockquote data-start=\"6916\" data-end=\"7060\">\n<p data-start=\"6918\" data-end=\"7060\">\u26a0\ufe0f <strong data-start=\"6921\" data-end=\"6932\">N\u00d3TESE BIEN:<\/strong> Este producto es <strong data-start=\"6948\" data-end=\"6998\">destinado \u00fanicamente a investigaci\u00f3n de laboratorio<\/strong> y <strong data-start=\"7002\" data-end=\"7059\">No apto para consumo humano ni animal<\/strong>.<\/p>\n<\/blockquote>\n<hr data-start=\"7062\" data-end=\"7065\" \/>\n<h3 data-start=\"7067\" data-end=\"7098\"><strong data-start=\"7071\" data-end=\"7098\">Caracter\u00edsticas principales<\/strong><\/h3>\n<ul data-start=\"7100\" data-end=\"7569\">\n<li data-start=\"7100\" data-end=\"7171\">\n<p data-start=\"7102\" data-end=\"7171\"><strong data-start=\"7102\" data-end=\"7134\">Alta pureza anal\u00edtica:<\/strong> \u226599%, confirmado por HPLC y GC-MS.<\/p>\n<\/li>\n<li data-start=\"7172\" data-end=\"7272\">\n<p data-start=\"7174\" data-end=\"7272\"><strong data-start=\"7174\" data-end=\"7209\">Estructura de la catinona fluorada:<\/strong> El \u00e1tomo de fl\u00faor en la posici\u00f3n 3 proporciona mayor estabilidad.<\/p>\n<\/li>\n<li data-start=\"7273\" data-end=\"7344\">\n<p data-start=\"7275\" data-end=\"7344\"><strong data-start=\"7275\" data-end=\"7293\">Producci\u00f3n de GLP:<\/strong> Fabricado seg\u00fan estrictos est\u00e1ndares de laboratorio.<\/p>\n<\/li>\n<li data-start=\"7345\" data-end=\"7422\">\n<p data-start=\"7347\" data-end=\"7422\"><strong data-start=\"7347\" data-end=\"7364\">Lote probado:<\/strong> Se comprob\u00f3 la identidad y la consistencia de cada lote.<\/p>\n<\/li>\n<li data-start=\"7423\" data-end=\"7489\">\n<p data-start=\"7425\" data-end=\"7489\"><strong data-start=\"7425\" data-end=\"7446\">Qu\u00edmicamente estable:<\/strong> Resistente a la descomposici\u00f3n cuando se almacena adecuadamente.<\/p>\n<\/li>\n<li data-start=\"7490\" data-end=\"7569\">\n<p data-start=\"7492\" data-end=\"7569\"><strong data-start=\"7492\" data-end=\"7515\">Embalaje seguro:<\/strong> Herm\u00e9tico y sellado para una m\u00e1xima durabilidad. Compre 3fmc.<\/p>\n<\/li>\n<\/ul>\n<hr data-start=\"7571\" data-end=\"7574\" \/>\n<h3 data-start=\"7576\" data-end=\"7593\"><strong data-start=\"7580\" data-end=\"7593\">Ventajas<\/strong><\/h3>\n<ol data-start=\"7595\" data-end=\"8051\">\n<li data-start=\"7595\" data-end=\"7686\">\n<p data-start=\"7598\" data-end=\"7686\"><strong data-start=\"7598\" data-end=\"7635\">Resultados de investigaci\u00f3n fiables:<\/strong> La alta pureza garantiza datos reproducibles.<\/p>\n<\/li>\n<li data-start=\"7687\" data-end=\"7788\">\n<p data-start=\"7690\" data-end=\"7788\"><strong data-start=\"7690\" data-end=\"7710\">Ampliamente aplicable:<\/strong> Adecuado para <strong data-start=\"7725\" data-end=\"7785\">cromatograf\u00eda, espectroscopia e investigaci\u00f3n toxicol\u00f3gica<\/strong>.<\/p>\n<\/li>\n<li data-start=\"7789\" data-end=\"7858\">\n<p data-start=\"7792\" data-end=\"7858\"><strong data-start=\"7792\" data-end=\"7826\">Estable y duradero:<\/strong> Resistente a la luz y la humedad.<\/p>\n<\/li>\n<li data-start=\"7859\" data-end=\"7958\">\n<p data-start=\"7862\" data-end=\"7958\"><strong data-start=\"7862\" data-end=\"7885\">Valor forense:<\/strong> Utilizado como <strong data-start=\"7905\" data-end=\"7928\">est\u00e1ndar de referencia<\/strong> en la investigaci\u00f3n toxicol\u00f3gica.<\/p>\n<\/li>\n<li data-start=\"7959\" data-end=\"8051\">\n<p data-start=\"7962\" data-end=\"8051\"><strong data-start=\"7962\" data-end=\"7990\">Calidad profesional:<\/strong> Adecuado para instituciones cient\u00edficas y de investigaci\u00f3n.<\/p>\n<\/li>\n<\/ol>\n<hr data-start=\"8053\" data-end=\"8056\" \/>\n<h3 data-start=\"8058\" data-end=\"8097\"><strong data-start=\"8062\" data-end=\"8097\">Uso (solo para investigaci\u00f3n)<\/strong><\/h3>\n<ol data-start=\"8099\" data-end=\"8538\">\n<li data-start=\"8099\" data-end=\"8186\">\n<p data-start=\"8102\" data-end=\"8186\"><strong data-start=\"8102\" data-end=\"8133\">Use ropa protectora:<\/strong> Se requieren guantes, gafas de seguridad y bata de laboratorio.<\/p>\n<\/li>\n<li data-start=\"8187\" data-end=\"8273\">\n<p data-start=\"8190\" data-end=\"8273\"><strong data-start=\"8190\" data-end=\"8229\">Uso en entorno controlado:<\/strong> Evitar la exposici\u00f3n al aire o a la luz.<\/p>\n<\/li>\n<li data-start=\"8274\" data-end=\"8355\">\n<p data-start=\"8277\" data-end=\"8355\"><strong data-start=\"8277\" data-end=\"8314\">Utilice equipo calibrado:<\/strong> Para mediciones y pesajes precisos.<\/p>\n<\/li>\n<li data-start=\"8356\" data-end=\"8446\">\n<p data-start=\"8359\" data-end=\"8446\"><strong data-start=\"8359\" data-end=\"8386\">Nota sobre la informaci\u00f3n del lote:<\/strong> Registre el n\u00famero de lote, la pureza y los datos de investigaci\u00f3n.<\/p>\n<\/li>\n<li data-start=\"8447\" data-end=\"8538\">\n<p data-start=\"8450\" data-end=\"8538\"><strong data-start=\"8450\" data-end=\"8483\">Deseche los residuos de forma segura:<\/strong> Siga las pautas de seguridad del laboratorio.<\/p>\n<\/li>\n<\/ol>\n<blockquote data-start=\"8540\" data-end=\"8625\">\n<p data-start=\"8542\" data-end=\"8625\">\u2697\ufe0f <strong data-start=\"8545\" data-end=\"8625\">S\u00f3lo para pruebas de laboratorio, no para consumo humano.<\/strong><\/p>\n<\/blockquote>\n<hr data-start=\"8627\" data-end=\"8630\" \/>\n<h3 data-start=\"8632\" data-end=\"8657\"><strong data-start=\"8636\" data-end=\"8657\">Instrucciones de almacenamiento<\/strong><\/h3>\n<ul data-start=\"8659\" data-end=\"8844\">\n<li data-start=\"8659\" data-end=\"8701\">\n<p data-start=\"8661\" data-end=\"8701\">Ahorra en <strong data-start=\"8672\" data-end=\"8681\">2\u20138 \u00b0C<\/strong>, seco y oscuro.<\/p>\n<\/li>\n<li data-start=\"8702\" data-end=\"8738\">\n<p data-start=\"8704\" data-end=\"8738\">Mantener el recipiente perfectamente cerrado.<\/p>\n<\/li>\n<li data-start=\"8739\" data-end=\"8784\">\n<p data-start=\"8741\" data-end=\"8784\">Proteger contra <strong data-start=\"8756\" data-end=\"8781\">luz, humedad y calor<\/strong>.<\/p>\n<\/li>\n<li data-start=\"8785\" data-end=\"8844\">\n<p data-start=\"8787\" data-end=\"8844\">Accesible \u00fanicamente a personal autorizado del laboratorio.<\/p>\n<\/li>\n<\/ul>\n<hr data-start=\"8846\" data-end=\"8849\" \/>\n<h3 data-start=\"8851\" data-end=\"8886\"><strong data-start=\"8855\" data-end=\"8886\">Preguntas frecuentes (FAQ)<\/strong><\/h3>\n<p data-start=\"8888\" data-end=\"9053\"><strong data-start=\"8888\" data-end=\"8925\">1. \u00bfPara qu\u00e9 se utiliza el 3-FMC?<\/strong><br data-start=\"8925\" data-end=\"8928\" \/>Para <strong data-start=\"8933\" data-end=\"8981\">investigaci\u00f3n anal\u00edtica, forense y qu\u00edmica<\/strong>, especialmente dirigido a <strong data-start=\"9003\" data-end=\"9050\">An\u00e1logos de catinona y estudios toxicol\u00f3gicos<\/strong>.<\/p>\n<p data-start=\"9055\" data-end=\"9242\"><strong data-start=\"9055\" data-end=\"9107\">2. \u00bfEl 3-FMC es apto para el consumo humano?<\/strong><br data-start=\"9107\" data-end=\"9110\" \/>No. <strong data-start=\"9115\" data-end=\"9124\">3-FMC<\/strong> es <strong data-start=\"9128\" data-end=\"9178\">destinado \u00fanicamente a investigaci\u00f3n de laboratorio<\/strong> y <strong data-start=\"9182\" data-end=\"9239\">No apto para consumo humano ni animal<\/strong>.<\/p>\n<p data-start=\"9244\" data-end=\"9382\"><strong data-start=\"9244\" data-end=\"9281\">3. \u00bfC\u00f3mo se debe almacenar el 3-FMC?<\/strong><br data-start=\"9281\" data-end=\"9284\" \/>Ahorra en un <strong data-start=\"9298\" data-end=\"9340\">Lugar fresco, seco y oscuro (2\u20138\u00b0C)<\/strong>, en un <strong data-start=\"9349\" data-end=\"9379\">embalaje bien sellado<\/strong>.<\/p>\n<hr data-start=\"9384\" data-end=\"9387\" \/>\n<h3 data-start=\"9389\" data-end=\"9406\"><strong data-start=\"9393\" data-end=\"9406\">Conclusi\u00f3n<\/strong><\/h3>\n<p data-start=\"9408\" data-end=\"9652\"><strong data-start=\"9408\" data-end=\"9441\">3-FMC (3-fluorometcatinona)<\/strong> es un <strong data-start=\"9449\" data-end=\"9480\">material de investigaci\u00f3n de alta calidad<\/strong> de <strong data-start=\"9485\" data-end=\"9540\">Excelente pureza, estabilidad y consistencia<\/strong>.<br data-start=\"9541\" data-end=\"9544\" \/>Es ideal para laboratorios centrados en <strong data-start=\"9595\" data-end=\"9649\">investigaci\u00f3n forense, cromatogr\u00e1fica y qu\u00edmica<\/strong>.<\/p>\n<h1><a style=\"font-size: 16px;\" href=\"https:\/\/onderzoekschemicals.com\/es\/shop\/iboga-ibogaine\/iboga-root-bark\/\"><span dir=\"auto\" style=\"vertical-align: inherit;\"><span dir=\"auto\" style=\"vertical-align: inherit;\">corteza de ra\u00edz de iboga<\/span><\/span><\/a><a style=\"font-size: 16px;\" href=\"https:\/\/onderzoekschemicals.com\/es\/shop\/iboga-ibogaine\/buy-ibogaine-hcl-online\/\"><span dir=\"auto\" style=\"vertical-align: inherit;\"><span dir=\"auto\" style=\"vertical-align: inherit;\">Comprar iboga\u00edna hcl en l\u00ednea<\/span><\/span><\/a><a style=\"font-size: 16px;\" href=\"https:\/\/onderzoekschemicals.com\/es\/shop\/pellets\/o-dsmt-50mg-pellets\/\"><span dir=\"auto\" style=\"vertical-align: inherit;\"><span dir=\"auto\" style=\"vertical-align: inherit;\">\u200b o-dsmt <\/span><\/span><\/a><a style=\"font-size: 16px;\" href=\"https:\/\/onderzoekschemicals.com\/es\/shop\/lysergamides\/1vlsd\/\"><span dir=\"auto\" style=\"vertical-align: inherit;\"><span dir=\"auto\" style=\"vertical-align: inherit;\">1vlsd<\/span><\/span><\/a><a style=\"font-size: 16px;\" href=\"https:\/\/onderzoekschemicals.com\/es\/shop\/lysergamides\/1cp-lsd\/\"><span dir=\"auto\" style=\"vertical-align: inherit;\"><span dir=\"auto\" style=\"vertical-align: inherit;\">1 cp de LSD<\/span><\/span><\/a><\/h1>","protected":false},"excerpt":{"rendered":"<h2><span style=\"vertical-align: inherit;\"><span style=\"vertical-align: inherit;\"><span dir=\"auto\" style=\"vertical-align: inherit;\"><span dir=\"auto\" style=\"vertical-align: inherit;\">Propiedades 3-FMC<\/span><\/span><\/span><\/span><\/h2>\n<p><strong><span style=\"vertical-align: inherit;\"><span style=\"vertical-align: inherit;\"><span dir=\"auto\" style=\"vertical-align: inherit;\"><span dir=\"auto\" style=\"vertical-align: inherit;\">Sin\u00f3nimo:<\/span><\/span><\/span><\/span><\/strong><span style=\"vertical-align: inherit;\"><span style=\"vertical-align: inherit;\"><span dir=\"auto\" style=\"vertical-align: inherit;\"><span dir=\"auto\" style=\"vertical-align: inherit;\"> 3-fluorometcatinona \/ 1-(3-clorofenil)-2-(etilamino)propan-1-ona <\/span><\/span><\/span><\/span><strong><br \/>\n<span style=\"vertical-align: inherit;\"><span style=\"vertical-align: inherit;\"><span dir=\"auto\" style=\"vertical-align: inherit;\"><span dir=\"auto\" style=\"vertical-align: inherit;\">N\u00famero CAS<\/span><\/span><\/span><\/span><\/strong><span style=\"vertical-align: inherit;\"><span style=\"vertical-align: inherit;\"><span dir=\"auto\" style=\"vertical-align: inherit;\"><span dir=\"auto\" style=\"vertical-align: inherit;\"> : 1049677-77-1 <\/span><\/span><\/span><\/span><br \/>\n<strong><span style=\"vertical-align: inherit;\"><span style=\"vertical-align: inherit;\"><span dir=\"auto\" style=\"vertical-align: inherit;\"><span dir=\"auto\" style=\"vertical-align: inherit;\">F\u00f3rmula<\/span><\/span><\/span><\/span><\/strong><span style=\"vertical-align: inherit;\"><span style=\"vertical-align: inherit;\"><span dir=\"auto\" style=\"vertical-align: inherit;\"><span dir=\"auto\" style=\"vertical-align: inherit;\"> : C10H12FNO \u2022 HCl <\/span><\/span><\/span><\/span><br \/>\n<strong><span style=\"vertical-align: inherit;\"><span style=\"vertical-align: inherit;\"><span dir=\"auto\" style=\"vertical-align: inherit;\"><span dir=\"auto\" style=\"vertical-align: inherit;\">Masa molar<\/span><\/span><\/span><\/span><\/strong><span style=\"vertical-align: inherit;\"><span style=\"vertical-align: inherit;\"><span dir=\"auto\" style=\"vertical-align: inherit;\"><span dir=\"auto\" style=\"vertical-align: inherit;\"> : 181,210 g\/mol <\/span><\/span><\/span><\/span><br \/>\n<strong><span style=\"vertical-align: inherit;\"><span style=\"vertical-align: inherit;\"><span dir=\"auto\" style=\"vertical-align: inherit;\"><span dir=\"auto\" style=\"vertical-align: inherit;\">Pureza<\/span><\/span><\/span><\/span><\/strong><span style=\"vertical-align: inherit;\"><span style=\"vertical-align: inherit;\"><span dir=\"auto\" style=\"vertical-align: inherit;\"><span dir=\"auto\" style=\"vertical-align: inherit;\"> : \u226599%<\/span><\/span><\/span><\/span><\/p>","protected":false},"featured_media":29213,"comment_status":"closed","ping_status":"closed","template":"","meta":[],"product_brand":[82],"product_cat":[554,322,79],"product_tag":[670,653,576,575,574,326],"class_list":{"0":"post-23860","1":"product","2":"type-product","3":"status-publish","4":"has-post-thumbnail","6":"product_brand-research-chemical","7":"product_cat-3-fmc","8":"product_cat-bijna-verboden","9":"product_cat-cathinonen","10":"product_tag-3-fmc-ervaringen","11":"product_tag-3-fluoromethcathinone","12":"product_tag-3-fmc","13":"product_tag-3fmc","14":"product_tag-3fmc-kopen","15":"product_tag-nl","17":"first","18":"instock","19":"taxable","20":"shipping-taxable","21":"purchasable","22":"product-type-variable"},"_links":{"self":[{"href":"https:\/\/onderzoekschemicals.com\/es\/wp-json\/wp\/v2\/product\/23860","targetHints":{"allow":["GET"]}}],"collection":[{"href":"https:\/\/onderzoekschemicals.com\/es\/wp-json\/wp\/v2\/product"}],"about":[{"href":"https:\/\/onderzoekschemicals.com\/es\/wp-json\/wp\/v2\/types\/product"}],"replies":[{"embeddable":true,"href":"https:\/\/onderzoekschemicals.com\/es\/wp-json\/wp\/v2\/comments?post=23860"}],"version-history":[{"count":6,"href":"https:\/\/onderzoekschemicals.com\/es\/wp-json\/wp\/v2\/product\/23860\/revisions"}],"predecessor-version":[{"id":25319,"href":"https:\/\/onderzoekschemicals.com\/es\/wp-json\/wp\/v2\/product\/23860\/revisions\/25319"}],"wp:featuredmedia":[{"embeddable":true,"href":"https:\/\/onderzoekschemicals.com\/es\/wp-json\/wp\/v2\/media\/29213"}],"wp:attachment":[{"href":"https:\/\/onderzoekschemicals.com\/es\/wp-json\/wp\/v2\/media?parent=23860"}],"wp:term":[{"taxonomy":"product_brand","embeddable":true,"href":"https:\/\/onderzoekschemicals.com\/es\/wp-json\/wp\/v2\/product_brand?post=23860"},{"taxonomy":"product_cat","embeddable":true,"href":"https:\/\/onderzoekschemicals.com\/es\/wp-json\/wp\/v2\/product_cat?post=23860"},{"taxonomy":"product_tag","embeddable":true,"href":"https:\/\/onderzoekschemicals.com\/es\/wp-json\/wp\/v2\/product_tag?post=23860"}],"curies":[{"name":"gracias","href":"https:\/\/api.w.org\/{rel}","templated":true}]}}