{"id":23557,"date":"2025-04-13T17:39:57","date_gmt":"2025-04-13T17:39:57","guid":{"rendered":"https:\/\/onderzoekschemicals.com\/?post_type=product&#038;p=23557"},"modified":"2025-10-19T11:11:31","modified_gmt":"2025-10-19T11:11:31","slug":"1p-mipla-l-tartrato-puro","status":"publish","type":"product","link":"https:\/\/onderzoekschemicals.com\/es\/comercio\/1p-mipla\/1p-mipla-l-tartrato-puro\/","title":{"rendered":"1P-MiPLA L-tartrato Puro"},"content":{"rendered":"<p data-start=\"3810\" data-end=\"3994\"><strong data-start=\"3810\" data-end=\"3868\">1P-MiPLA (1-propionil-N-metil-N-isopropillisergamida)<\/strong> es un <strong data-start=\"3876\" data-end=\"3920\">compuesto de investigaci\u00f3n de alta pureza<\/strong>, desarrollado para <strong data-start=\"3938\" data-end=\"3991\">investigaci\u00f3n neurocient\u00edfica y farmacol\u00f3gica<\/strong>. 1p-mipla<\/p>\n<p data-start=\"3996\" data-end=\"4334\">Si <strong data-start=\"4000\" data-end=\"4060\">an\u00e1logo estructural del LSD (dietilamida del \u00e1cido lis\u00e9rgico)<\/strong> y <strong data-start=\"4064\" data-end=\"4073\">MiPLA<\/strong>, 1P-MiPLA contiene un <strong data-start=\"4094\" data-end=\"4112\">grupo propionilo<\/strong> al nitr\u00f3geno ind\u00f3lico. Este peque\u00f1o cambio estructural hace que el compuesto sea particularmente interesante para <strong data-start=\"4217\" data-end=\"4257\">investigaci\u00f3n sobre los receptores de serotonina<\/strong> y <strong data-start=\"4261\" data-end=\"4303\">relaciones estructura-actividad (SAR)<\/strong> dentro de la clase de lisergamida.<\/p>\n<p data-start=\"4336\" data-end=\"4491\">Cada lote se produce bajo estrictas condiciones de laboratorio para <strong data-start=\"4410\" data-end=\"4474\">estabilidad, reproducibilidad y precisi\u00f3n qu\u00edmica<\/strong> Para garantizar.<\/p>\n<blockquote data-start=\"4493\" data-end=\"4644\">\n<p data-start=\"4495\" data-end=\"4644\">\u26a0\ufe0f <strong data-start=\"4498\" data-end=\"4509\">N\u00d3TESE BIEN:<\/strong> Este producto es <strong data-start=\"4525\" data-end=\"4580\">destinado \u00fanicamente a la investigaci\u00f3n cient\u00edfica<\/strong> y <strong data-start=\"4584\" data-end=\"4641\">No apto para consumo humano ni animal<\/strong>.<\/p>\n<\/blockquote>\n<hr data-start=\"4646\" data-end=\"4649\" \/>\n<h3 data-start=\"4651\" data-end=\"4682\"><strong data-start=\"4655\" data-end=\"4682\">Caracter\u00edsticas principales<\/strong><\/h3>\n<ul data-start=\"4683\" data-end=\"5079\">\n<li data-start=\"4683\" data-end=\"4768\">\n<p data-start=\"4685\" data-end=\"4768\"><strong data-start=\"4685\" data-end=\"4711\">Alta pureza (\u226599%)<\/strong> \u2013 Probado en laboratorio para determinar identidad y composici\u00f3n.<\/p>\n<\/li>\n<li data-start=\"4769\" data-end=\"4866\">\n<p data-start=\"4771\" data-end=\"4866\"><strong data-start=\"4771\" data-end=\"4810\">Est\u00e1ndar de investigaci\u00f3n farmacol\u00f3gica<\/strong> \u2013 Adecuado para la investigaci\u00f3n neuroqu\u00edmica y de receptores. 1p-mipla<\/p>\n<\/li>\n<li data-start=\"4867\" data-end=\"4939\">\n<p data-start=\"4869\" data-end=\"4939\"><strong data-start=\"4869\" data-end=\"4893\">Formulaci\u00f3n estable<\/strong> \u2013 Aumenta la durabilidad y confiabilidad.<\/p>\n<\/li>\n<li data-start=\"4940\" data-end=\"5012\">\n<p data-start=\"4942\" data-end=\"5012\"><strong data-start=\"4942\" data-end=\"4967\">Producci\u00f3n similar a GMP<\/strong> \u2013 Calidad y consistencia garantizadas.<\/p>\n<\/li>\n<li data-start=\"5013\" data-end=\"5079\">\n<p data-start=\"5015\" data-end=\"5079\"><strong data-start=\"5015\" data-end=\"5037\">Embalaje seguro<\/strong> \u2013 Embalado herm\u00e9ticamente y a prueba de humedad.<\/p>\n<\/li>\n<\/ul>\n<hr data-start=\"5081\" data-end=\"5084\" \/>\n<h3 data-start=\"5086\" data-end=\"5103\"><strong data-start=\"5090\" data-end=\"5103\">Ventajas<\/strong><\/h3>\n<ul data-start=\"5104\" data-end=\"5376\">\n<li data-start=\"5104\" data-end=\"5185\">\n<p data-start=\"5106\" data-end=\"5185\">Soportes <strong data-start=\"5118\" data-end=\"5182\">Investigaci\u00f3n sobre los receptores de serotonina y los an\u00e1logos de la lisergamida<\/strong>.<\/p>\n<\/li>\n<li data-start=\"5186\" data-end=\"5257\">\n<p data-start=\"5188\" data-end=\"5257\">Prev\u00e9 <strong data-start=\"5199\" data-end=\"5254\">resultados de investigaci\u00f3n fiables y reproducibles<\/strong>.<\/p>\n<\/li>\n<li data-start=\"5258\" data-end=\"5320\">\n<p data-start=\"5260\" data-end=\"5320\"><strong data-start=\"5260\" data-end=\"5286\">Estabilidad mejorada<\/strong> Para un almacenamiento y uso seguro.<\/p>\n<\/li>\n<li data-start=\"5321\" data-end=\"5376\">\n<p data-start=\"5323\" data-end=\"5376\">Ideal para <strong data-start=\"5335\" data-end=\"5373\">investigaci\u00f3n acad\u00e9mica y anal\u00edtica<\/strong>.<\/p>\n<\/li>\n<\/ul>\n<hr data-start=\"5378\" data-end=\"5381\" \/>\n<h3 data-start=\"5383\" data-end=\"5398\"><strong data-start=\"5387\" data-end=\"5398\">Uso<\/strong><\/h3>\n<ul data-start=\"5399\" data-end=\"5670\">\n<li data-start=\"5399\" data-end=\"5469\">\n<p data-start=\"5401\" data-end=\"5469\">Solo para uso de <strong data-start=\"5426\" data-end=\"5466\">personal de laboratorio calificado<\/strong>.<\/p>\n<\/li>\n<li data-start=\"5470\" data-end=\"5546\">\n<p data-start=\"5472\" data-end=\"5546\">Utilice el material adecuado <strong data-start=\"5490\" data-end=\"5514\">equipo de protecci\u00f3n<\/strong> (guantes, gafas protectoras, bata de laboratorio).<\/p>\n<\/li>\n<li data-start=\"5547\" data-end=\"5611\">\n<p data-start=\"5549\" data-end=\"5611\">Ahorra en un <strong data-start=\"5564\" data-end=\"5598\">lugar fresco, seco y oscuro<\/strong> (15\u201325\u00b0C).<\/p>\n<\/li>\n<li data-start=\"5612\" data-end=\"5670\">\n<p data-start=\"5614\" data-end=\"5670\">No apto para consumo humano ni animal.<\/p>\n<\/li>\n<\/ul>\n<hr data-start=\"5672\" data-end=\"5675\" \/>\n<h3 data-start=\"5677\" data-end=\"5712\"><strong data-start=\"5681\" data-end=\"5712\">Preguntas frecuentes (FAQ)<\/strong><\/h3>\n<p data-start=\"5714\" data-end=\"5885\"><strong data-start=\"5714\" data-end=\"5754\">1. \u00bfPara qu\u00e9 se utiliza el 1P-MiPLA?<\/strong><br data-start=\"5754\" data-end=\"5757\" \/>1P-MiPLA se utiliza para <strong data-start=\"5786\" data-end=\"5831\">investigaci\u00f3n farmacol\u00f3gica y neuroqu\u00edmica<\/strong> a los an\u00e1logos de lisergamida y a los receptores de serotonina.<\/p>\n<p data-start=\"5887\" data-end=\"6058\"><strong data-start=\"5887\" data-end=\"5936\">2. \u00bfEs seguro el 1P-MiPLA para uso humano?<\/strong><br data-start=\"5936\" data-end=\"5939\" \/>No. Este producto es <strong data-start=\"5959\" data-end=\"6008\">destinado \u00fanicamente a fines de investigaci\u00f3n<\/strong> y no est\u00e1 aprobado para el consumo humano.<\/p>\n<p data-start=\"6060\" data-end=\"6214\"><strong data-start=\"6060\" data-end=\"6100\">3. \u00bfC\u00f3mo se debe almacenar el 1P-MiPLA?<\/strong><br data-start=\"6100\" data-end=\"6103\" \/>Guardar en un <strong data-start=\"6118\" data-end=\"6148\">embalaje bien sellado<\/strong> a temperatura ambiente (15\u201325\u00b0C), protegido de la luz y la humedad.<\/p>","protected":false},"excerpt":{"rendered":"<h3><span dir=\"auto\" style=\"vertical-align: inherit;\"><span dir=\"auto\" style=\"vertical-align: inherit;\">Propiedades de la tasa de L-tarta de 1P-MiPLA<\/span><\/span><\/h3>\n<p><strong><span style=\"vertical-align: inherit;\"><span style=\"vertical-align: inherit;\"><span dir=\"auto\" style=\"vertical-align: inherit;\"><span dir=\"auto\" style=\"vertical-align: inherit;\">Sin\u00f3nimo:<\/span><\/span><\/span><\/span><\/strong><span style=\"vertical-align: inherit;\"><span style=\"vertical-align: inherit;\"><span dir=\"auto\" style=\"vertical-align: inherit;\"><span dir=\"auto\" style=\"vertical-align: inherit;\"> hemi-L-tartrato de 1-propionil-metilisopropil-sergamida <\/span><\/span><\/span><\/span><br \/>\n<strong><span style=\"vertical-align: inherit;\"><span style=\"vertical-align: inherit;\"><span dir=\"auto\" style=\"vertical-align: inherit;\"><span dir=\"auto\" style=\"vertical-align: inherit;\">N\u00famero CAS:<\/span><\/span><\/span><\/span><\/strong><span style=\"vertical-align: inherit;\"><span style=\"vertical-align: inherit;\"><span dir=\"auto\" style=\"vertical-align: inherit;\"><span dir=\"auto\" style=\"vertical-align: inherit;\"> despu\u00e9s <\/span><\/span><\/span><\/span><br \/>\n<strong><span style=\"vertical-align: inherit;\"><span style=\"vertical-align: inherit;\"><span dir=\"auto\" style=\"vertical-align: inherit;\"><span dir=\"auto\" style=\"vertical-align: inherit;\">F\u00f3rmula:<\/span><\/span><\/span><\/span><\/strong><span style=\"vertical-align: inherit;\"><span style=\"vertical-align: inherit;\"><span dir=\"auto\" style=\"vertical-align: inherit;\"><span dir=\"auto\" style=\"vertical-align: inherit;\"> (8\u03b2)-1-propionil-N-isopropil-N,6-dimetil-9,10-didehidroergolina-8-carboxamida hemi-L-tartrato <\/span><\/span><\/span><\/span><br \/>\n<strong><span style=\"vertical-align: inherit;\"><span style=\"vertical-align: inherit;\"><span dir=\"auto\" style=\"vertical-align: inherit;\"><span dir=\"auto\" style=\"vertical-align: inherit;\">Masa molar:<\/span><\/span><\/span><\/span><\/strong><span style=\"vertical-align: inherit;\"><span style=\"vertical-align: inherit;\"><span dir=\"auto\" style=\"vertical-align: inherit;\"><span dir=\"auto\" style=\"vertical-align: inherit;\"> 454,5 g\/mol <\/span><\/span><\/span><\/span><br \/>\n<strong><span style=\"vertical-align: inherit;\"><span style=\"vertical-align: inherit;\"><span dir=\"auto\" style=\"vertical-align: inherit;\"><span dir=\"auto\" style=\"vertical-align: inherit;\">Pureza:<\/span><\/span><\/span><\/span><\/strong><span style=\"vertical-align: inherit;\"><span style=\"vertical-align: inherit;\"><span dir=\"auto\" style=\"vertical-align: inherit;\"><span dir=\"auto\" style=\"vertical-align: inherit;\"> &gt;97%<\/span><\/span><\/span><\/span><\/p>","protected":false},"featured_media":20451,"comment_status":"closed","ping_status":"closed","template":"","meta":[],"product_brand":[],"product_cat":[546,358],"product_tag":[1154,1155,326],"class_list":{"0":"post-23557","1":"product","2":"type-product","3":"status-publish","4":"has-post-thumbnail","6":"product_cat-1p-mipla","7":"product_cat-lysergamides","8":"product_tag-1p-mipla","9":"product_tag-1p-mipla-kopen","10":"product_tag-nl","12":"first","13":"instock","14":"taxable","15":"shipping-taxable","16":"purchasable","17":"product-type-variable"},"_links":{"self":[{"href":"https:\/\/onderzoekschemicals.com\/es\/wp-json\/wp\/v2\/product\/23557","targetHints":{"allow":["GET"]}}],"collection":[{"href":"https:\/\/onderzoekschemicals.com\/es\/wp-json\/wp\/v2\/product"}],"about":[{"href":"https:\/\/onderzoekschemicals.com\/es\/wp-json\/wp\/v2\/types\/product"}],"replies":[{"embeddable":true,"href":"https:\/\/onderzoekschemicals.com\/es\/wp-json\/wp\/v2\/comments?post=23557"}],"version-history":[{"count":4,"href":"https:\/\/onderzoekschemicals.com\/es\/wp-json\/wp\/v2\/product\/23557\/revisions"}],"predecessor-version":[{"id":28017,"href":"https:\/\/onderzoekschemicals.com\/es\/wp-json\/wp\/v2\/product\/23557\/revisions\/28017"}],"wp:featuredmedia":[{"embeddable":true,"href":"https:\/\/onderzoekschemicals.com\/es\/wp-json\/wp\/v2\/media\/20451"}],"wp:attachment":[{"href":"https:\/\/onderzoekschemicals.com\/es\/wp-json\/wp\/v2\/media?parent=23557"}],"wp:term":[{"taxonomy":"product_brand","embeddable":true,"href":"https:\/\/onderzoekschemicals.com\/es\/wp-json\/wp\/v2\/product_brand?post=23557"},{"taxonomy":"product_cat","embeddable":true,"href":"https:\/\/onderzoekschemicals.com\/es\/wp-json\/wp\/v2\/product_cat?post=23557"},{"taxonomy":"product_tag","embeddable":true,"href":"https:\/\/onderzoekschemicals.com\/es\/wp-json\/wp\/v2\/product_tag?post=23557"}],"curies":[{"name":"gracias","href":"https:\/\/api.w.org\/{rel}","templated":true}]}}