{"id":23476,"date":"2025-04-13T17:39:49","date_gmt":"2025-04-13T17:39:49","guid":{"rendered":"https:\/\/onderzoekschemicals.com\/?post_type=product&#038;p=23476"},"modified":"2025-10-19T20:43:31","modified_gmt":"2025-10-19T20:43:31","slug":"4-ho-mpt-fumarate","status":"publish","type":"product","link":"https:\/\/onderzoekschemicals.com\/es\/shop\/4-ho-mpt\/4-ho-mpt-fumarate\/","title":{"rendered":"fumarato de 4-HO-MPT"},"content":{"rendered":"<h1><strong><span dir=\"auto\" style=\"vertical-align: inherit;\"><span dir=\"auto\" style=\"vertical-align: inherit;\">Fumarato de 4-HO-MPT: producto qu\u00edmico de investigaci\u00f3n de alta calidad para estudios avanzados<\/span><\/span><\/strong><\/h1>\n<p data-start=\"4191\" data-end=\"4388\"><strong data-start=\"4191\" data-end=\"4252\">Fumarato de 4-HO-MPT (4-hidroxi-N-metil-N-propiltriptamina)<\/strong> es un <strong data-start=\"4260\" data-end=\"4302\">compuesto de investigaci\u00f3n de alta pureza<\/strong>, desarrollado para <strong data-start=\"4320\" data-end=\"4385\">investigaci\u00f3n neurocient\u00edfica, farmacol\u00f3gica y anal\u00edtica<\/strong>. fumarato de 4-ho-mpt<\/p>\n<p data-start=\"4390\" data-end=\"4735\">Si <strong data-start=\"4394\" data-end=\"4431\">an\u00e1logo sustituido con hidroxilo<\/strong> por <strong data-start=\"4436\" data-end=\"4443\">MPT<\/strong>, 4-HO-MPT pertenece a la <strong data-start=\"4469\" data-end=\"4505\">Clase de 4-hidroxitriptamina (4-HO)<\/strong> y est\u00e1 estrechamente relacionado con compuestos como <strong data-start=\"4552\" data-end=\"4576\">4-HO-DMT (psilocina)<\/strong>Es importante que la investigaci\u00f3n se centre en <strong data-start=\"4616\" data-end=\"4658\">receptores de serotonina (5-HT1A, 5-HT2A)<\/strong> y <strong data-start=\"4662\" data-end=\"4704\">relaciones estructura-actividad (SAR)<\/strong> dentro de la familia de las triptaminas.<\/p>\n<p data-start=\"4737\" data-end=\"4924\">El <strong data-start=\"4740\" data-end=\"4760\">forma de sal de fumarato<\/strong> ofertas <strong data-start=\"4767\" data-end=\"4825\">Excelente estabilidad, solubilidad y vida \u00fatil<\/strong>, lo que hace que este producto sea ideal para uso a largo plazo en entornos de laboratorio controlados.<\/p>\n<blockquote data-start=\"4926\" data-end=\"5077\">\n<p data-start=\"4928\" data-end=\"5077\">\u26a0\ufe0f <strong data-start=\"4931\" data-end=\"4942\">N\u00d3TESE BIEN:<\/strong> Este producto es <strong data-start=\"4958\" data-end=\"5013\">destinado \u00fanicamente a la investigaci\u00f3n cient\u00edfica<\/strong> y <strong data-start=\"5017\" data-end=\"5074\">No apto para consumo humano ni animal<\/strong>.<\/p>\n<\/blockquote>\n<hr data-start=\"5079\" data-end=\"5082\" \/>\n<h3 data-start=\"5084\" data-end=\"5115\"><strong data-start=\"5088\" data-end=\"5115\">Caracter\u00edsticas principales<\/strong><\/h3>\n<ul data-start=\"5116\" data-end=\"5510\">\n<li data-start=\"5116\" data-end=\"5180\">\n<p data-start=\"5118\" data-end=\"5180\"><strong data-start=\"5118\" data-end=\"5144\">Alta pureza (\u226599%)<\/strong> \u2013 Analizado mediante HPLC y GC-MS.<\/p>\n<\/li>\n<li data-start=\"5181\" data-end=\"5254\">\n<p data-start=\"5183\" data-end=\"5254\"><strong data-start=\"5183\" data-end=\"5212\">Forma de sal de fumarato estable<\/strong> \u2013 Aumenta la vida \u00fatil y la estabilidad.<\/p>\n<\/li>\n<li data-start=\"5255\" data-end=\"5342\">\n<p data-start=\"5257\" data-end=\"5342\"><strong data-start=\"5257\" data-end=\"5296\">Est\u00e1ndar de investigaci\u00f3n farmacol\u00f3gica<\/strong> \u2013 Adecuado para investigaci\u00f3n de receptores y SAR.<\/p>\n<\/li>\n<li data-start=\"5343\" data-end=\"5421\">\n<p data-start=\"5345\" data-end=\"5421\"><strong data-start=\"5345\" data-end=\"5370\">Calidad constante<\/strong> \u2013 Producido en condiciones similares a las GMP.<\/p>\n<\/li>\n<li data-start=\"5422\" data-end=\"5510\">\n<p data-start=\"5424\" data-end=\"5510\"><strong data-start=\"5424\" data-end=\"5446\">Embalaje seguro<\/strong> \u2013 Envasado herm\u00e9tico y a prueba de luz para m\u00e1xima protecci\u00f3n.<\/p>\n<\/li>\n<\/ul>\n<hr data-start=\"5512\" data-end=\"5515\" \/>\n<h3 data-start=\"5517\" data-end=\"5534\"><strong data-start=\"5521\" data-end=\"5534\">Ventajas<\/strong><\/h3>\n<ul data-start=\"5535\" data-end=\"5830\">\n<li data-start=\"5535\" data-end=\"5615\">\n<p data-start=\"5537\" data-end=\"5615\">Soportes <strong data-start=\"5549\" data-end=\"5612\">Investigaci\u00f3n sobre los receptores de serotonina y los an\u00e1logos de triptamina<\/strong>.<\/p>\n<\/li>\n<li data-start=\"5616\" data-end=\"5691\">\n<p data-start=\"5618\" data-end=\"5691\"><strong data-start=\"5618\" data-end=\"5663\">Resultados precisos y reproducibles<\/strong> en la investigaci\u00f3n de laboratorio.<\/p>\n<\/li>\n<li data-start=\"5692\" data-end=\"5758\">\n<p data-start=\"5694\" data-end=\"5758\"><strong data-start=\"5694\" data-end=\"5733\">Mejor estabilidad y solubilidad.<\/strong> que la forma de base libre.<\/p>\n<\/li>\n<li data-start=\"5759\" data-end=\"5830\">\n<p data-start=\"5761\" data-end=\"5830\">Ideal para <strong data-start=\"5773\" data-end=\"5827\">investigaci\u00f3n acad\u00e9mica, farmacol\u00f3gica y anal\u00edtica<\/strong>.<\/p>\n<\/li>\n<\/ul>\n<hr data-start=\"5832\" data-end=\"5835\" \/>\n<h3 data-start=\"5837\" data-end=\"5852\"><strong data-start=\"5841\" data-end=\"5852\">Uso<\/strong><\/h3>\n<ul data-start=\"5853\" data-end=\"6124\">\n<li data-start=\"5853\" data-end=\"5923\">\n<p data-start=\"5855\" data-end=\"5923\">Solo para uso de <strong data-start=\"5880\" data-end=\"5920\">personal de laboratorio calificado<\/strong>.<\/p>\n<\/li>\n<li data-start=\"5924\" data-end=\"6000\">\n<p data-start=\"5926\" data-end=\"6000\">Utilice el material adecuado <strong data-start=\"5944\" data-end=\"5968\">equipo de protecci\u00f3n<\/strong> (guantes, gafas protectoras, bata de laboratorio).<\/p>\n<\/li>\n<li data-start=\"6001\" data-end=\"6065\">\n<p data-start=\"6003\" data-end=\"6065\">Ahorra en un <strong data-start=\"6018\" data-end=\"6052\">lugar fresco, seco y oscuro<\/strong> (15\u201325\u00b0C).<\/p>\n<\/li>\n<li data-start=\"6066\" data-end=\"6124\">\n<p data-start=\"6068\" data-end=\"6124\">No apto para consumo humano ni animal.<\/p>\n<\/li>\n<\/ul>\n<hr data-start=\"6126\" data-end=\"6129\" \/>\n<h3 data-start=\"6131\" data-end=\"6166\"><strong data-start=\"6135\" data-end=\"6166\">Preguntas frecuentes (FAQ)<\/strong><\/h3>\n<p data-start=\"6168\" data-end=\"6368\"><strong data-start=\"6168\" data-end=\"6217\">1. \u00bfPara qu\u00e9 se utiliza el fumarato de 4-HO-MPT?<\/strong><br data-start=\"6217\" data-end=\"6220\" \/>El fumarato de 4-HO-MPT se utiliza para <strong data-start=\"6258\" data-end=\"6303\">investigaci\u00f3n farmacol\u00f3gica y neuroqu\u00edmica<\/strong> a los receptores de serotonina y an\u00e1logos estructurales de triptamina.<\/p>\n<p data-start=\"6370\" data-end=\"6550\"><strong data-start=\"6370\" data-end=\"6428\">2. \u00bfEs seguro el fumarato de 4-HO-MPT para uso humano?<\/strong><br data-start=\"6428\" data-end=\"6431\" \/>No. Este producto es <strong data-start=\"6451\" data-end=\"6500\">destinado \u00fanicamente a fines de investigaci\u00f3n<\/strong> y no est\u00e1 aprobado para el consumo humano.<\/p>\n<p data-start=\"6552\" data-end=\"6723\"><strong data-start=\"6552\" data-end=\"6601\">3. \u00bfC\u00f3mo se debe almacenar el fumarato de 4-HO-MPT?<\/strong><br data-start=\"6601\" data-end=\"6604\" \/>Guardar en un <strong data-start=\"6619\" data-end=\"6649\">embalaje bien sellado<\/strong> a temperatura ambiente (15\u201325\u00b0C), protegido de la humedad, el calor y la luz.<\/p>","protected":false},"excerpt":{"rendered":"<h3><span style=\"vertical-align: inherit;\"><span style=\"vertical-align: inherit;\"><span dir=\"auto\" style=\"vertical-align: inherit;\"><span dir=\"auto\" style=\"vertical-align: inherit;\">Propiedades del fumarato de 4-HO-MPT<\/span><\/span><\/span><\/span><\/h3>\n<p><strong><span style=\"vertical-align: inherit;\"><span style=\"vertical-align: inherit;\"><span dir=\"auto\" style=\"vertical-align: inherit;\"><span dir=\"auto\" style=\"vertical-align: inherit;\">Sin\u00f3nimo:<\/span><\/span><\/span><\/span><\/strong><span style=\"vertical-align: inherit;\"><span style=\"vertical-align: inherit;\"><span dir=\"auto\" style=\"vertical-align: inherit;\"><span dir=\"auto\" style=\"vertical-align: inherit;\"> fumarato de 4-hidroxi-N-metil-N-propiltriptamina <\/span><\/span><\/span><\/span><br \/>\n<strong><span style=\"vertical-align: inherit;\"><span style=\"vertical-align: inherit;\"><span dir=\"auto\" style=\"vertical-align: inherit;\"><span dir=\"auto\" style=\"vertical-align: inherit;\">N\u00famero CAS:<\/span><\/span><\/span><\/span><\/strong><span style=\"vertical-align: inherit;\"><span style=\"vertical-align: inherit;\"><span dir=\"auto\" style=\"vertical-align: inherit;\"><span dir=\"auto\" style=\"vertical-align: inherit;\"> 763035-03-6 <\/span><\/span><\/span><\/span><br \/>\n<strong><span style=\"vertical-align: inherit;\"><span style=\"vertical-align: inherit;\"><span dir=\"auto\" style=\"vertical-align: inherit;\"><span dir=\"auto\" style=\"vertical-align: inherit;\">F\u00f3rmula:<\/span><\/span><\/span><\/span><\/strong><span style=\"vertical-align: inherit;\"><span style=\"vertical-align: inherit;\"><span dir=\"auto\" style=\"vertical-align: inherit;\"><span dir=\"auto\" style=\"vertical-align: inherit;\"> fumarato de 3-(2-(metil(propil)amino)etil)-1H-indol-4-ol <\/span><\/span><\/span><\/span><br \/>\n<strong><span style=\"vertical-align: inherit;\"><span style=\"vertical-align: inherit;\"><span dir=\"auto\" style=\"vertical-align: inherit;\"><span dir=\"auto\" style=\"vertical-align: inherit;\">Masa molar:<\/span><\/span><\/span><\/span><\/strong><span style=\"vertical-align: inherit;\"><span style=\"vertical-align: inherit;\"><span dir=\"auto\" style=\"vertical-align: inherit;\"><span dir=\"auto\" style=\"vertical-align: inherit;\"> 348,4 g\/mol <\/span><\/span><\/span><\/span><br \/>\n<strong><span style=\"vertical-align: inherit;\"><span style=\"vertical-align: inherit;\"><span dir=\"auto\" style=\"vertical-align: inherit;\"><span dir=\"auto\" style=\"vertical-align: inherit;\">Pureza:<\/span><\/span><\/span><\/span><\/strong><span style=\"vertical-align: inherit;\"><span style=\"vertical-align: inherit;\"><span dir=\"auto\" style=\"vertical-align: inherit;\"><span dir=\"auto\" style=\"vertical-align: inherit;\"> &gt;97%<\/span><\/span><\/span><\/span><\/p>","protected":false},"featured_media":20355,"comment_status":"closed","ping_status":"closed","template":"","meta":[],"product_brand":[],"product_cat":[544,381],"product_tag":[326],"class_list":{"0":"post-23476","1":"product","2":"type-product","3":"status-publish","4":"has-post-thumbnail","6":"product_cat-4-ho-mpt","7":"product_cat-tryptamines","8":"product_tag-nl","10":"first","11":"instock","12":"taxable","13":"shipping-taxable","14":"purchasable","15":"product-type-variable"},"_links":{"self":[{"href":"https:\/\/onderzoekschemicals.com\/es\/wp-json\/wp\/v2\/product\/23476","targetHints":{"allow":["GET"]}}],"collection":[{"href":"https:\/\/onderzoekschemicals.com\/es\/wp-json\/wp\/v2\/product"}],"about":[{"href":"https:\/\/onderzoekschemicals.com\/es\/wp-json\/wp\/v2\/types\/product"}],"replies":[{"embeddable":true,"href":"https:\/\/onderzoekschemicals.com\/es\/wp-json\/wp\/v2\/comments?post=23476"}],"version-history":[{"count":4,"href":"https:\/\/onderzoekschemicals.com\/es\/wp-json\/wp\/v2\/product\/23476\/revisions"}],"predecessor-version":[{"id":28038,"href":"https:\/\/onderzoekschemicals.com\/es\/wp-json\/wp\/v2\/product\/23476\/revisions\/28038"}],"wp:featuredmedia":[{"embeddable":true,"href":"https:\/\/onderzoekschemicals.com\/es\/wp-json\/wp\/v2\/media\/20355"}],"wp:attachment":[{"href":"https:\/\/onderzoekschemicals.com\/es\/wp-json\/wp\/v2\/media?parent=23476"}],"wp:term":[{"taxonomy":"product_brand","embeddable":true,"href":"https:\/\/onderzoekschemicals.com\/es\/wp-json\/wp\/v2\/product_brand?post=23476"},{"taxonomy":"product_cat","embeddable":true,"href":"https:\/\/onderzoekschemicals.com\/es\/wp-json\/wp\/v2\/product_cat?post=23476"},{"taxonomy":"product_tag","embeddable":true,"href":"https:\/\/onderzoekschemicals.com\/es\/wp-json\/wp\/v2\/product_tag?post=23476"}],"curies":[{"name":"gracias","href":"https:\/\/api.w.org\/{rel}","templated":true}]}}